{"id":9920,"date":"2022-12-02T14:45:20","date_gmt":"2022-12-02T14:45:20","guid":{"rendered":"https:\/\/hd-multimedia.com\/?post_type=product&#038;p=9920"},"modified":"2025-12-11T20:19:57","modified_gmt":"2025-12-11T20:19:57","slug":"topping-dx1","status":"publish","type":"product","link":"https:\/\/hd-multimedia.com\/sl\/trgovina\/topping-dx1\/","title":{"rendered":"Topping DX1"},"content":{"rendered":"<p>Topping DX1 \u2013 DAC oja\u010devalnik za slu\u0161alke AK4493S XMOS XU208 32bit 384kHz DSD256<\/p>\n<table class=\"carac_tab\">\n<tbody>\n<tr>\n<td class=\"carac\">Vrsta izdelka<\/td>\n<td class=\"valeur\">DAC in oja\u010devalec za slu\u0161alke<\/td>\n<\/tr>\n<tr>\n<td class=\"carac\">DAC \u010dip<\/td>\n<td class=\"valeur\">AKM AK4493S<\/td>\n<\/tr>\n<tr>\n<td class=\"carac\">Vnos<\/td>\n<td class=\"valeur\">1x USB-B<\/td>\n<\/tr>\n<tr>\n<td class=\"carac\">Izhodi<\/td>\n<td class=\"valeur\">1x stereo RCA linijski izhod (fiksna glasnost)<br \/>\n1x 3,5 mm priklju\u010dek za slu\u0161alke<br \/>\n1x Jack 6,35 mm izhod za slu\u0161alke<\/td>\n<\/tr>\n<tr>\n<td class=\"carac\">Podprte stopnje vzor\u010denja<\/td>\n<td class=\"valeur\">PCM do 32 bitov 384 kHz<br \/>\nIzvorni DSD do DSD256<br \/>\nDSD DoP do DSD128<\/td>\n<\/tr>\n<\/tbody>\n<\/table>\n<table class=\"carac_tab\">\n<tbody>\n<tr class=\"head\">\n<th colspan=\"2\">PARAMETRI DAC (USB VHOD @ 44,1 KHZ)<\/th>\n<\/tr>\n<tr>\n<td class=\"carac\">THD+N @ 1kHz, A-Weighted<\/td>\n<td class=\"valeur\">&lt; 0,0002%<\/td>\n<\/tr>\n<tr>\n<td class=\"carac\">THD @ 20Hz-20kHz, 90kBw<\/td>\n<td class=\"valeur\">&lt; 0,0006%<\/td>\n<\/tr>\n<tr>\n<td class=\"carac\">SNR @ 1kHz, A-ute\u017eeno<\/td>\n<td class=\"valeur\">120 dB<\/td>\n<\/tr>\n<tr>\n<td class=\"carac\">Dynamic range @ 1kHz, A-Weighted<\/td>\n<td class=\"valeur\">120 dB<\/td>\n<\/tr>\n<tr>\n<td class=\"carac\">Frequency repsonse<\/td>\n<td class=\"valeur\">20Hz \u2013 20kHz (\u00b10,3dB)<br \/>\n20Hz \u2013 40kHz (\u00b10,7dB)<\/td>\n<\/tr>\n<tr>\n<td class=\"carac\">Output level<\/td>\n<td class=\"valeur\">2,0 Vrms pri 0 dBFS<\/td>\n<\/tr>\n<tr>\n<td class=\"carac\">Preslu\u0161avanje @ 1kHz<\/td>\n<td class=\"valeur\">-112 dB<\/td>\n<\/tr>\n<tr>\n<td class=\"carac\">Channel balance<\/td>\n<td class=\"valeur\">0,3 dB<\/td>\n<\/tr>\n<tr>\n<td class=\"carac\">Output impedance<\/td>\n<td class=\"valeur\">22\u03a9<\/td>\n<\/tr>\n<\/tbody>\n<\/table>","protected":false},"excerpt":{"rendered":"<p>Topping DX1 uporablja najnovej\u0161e \u010dipe AK4493S, pod-podvodno ponudbo AKM-ove tehnologije VELVET Sound. Zagotavlja funkcijo plug-and-play, ki va\u0161 ra\u010dunalnik spremeni v zvo\u010dni vir visoke lo\u010dljivosti, zdru\u017eljiv s sistemi Windows 10, Windows 11, MAC, Linux, iOS in Android. \u010ceprav aplikacije Windows ASIO zahtevajo namestitev gonilnika, strojna oprema USB, ki temelji na gonilnikih po meri XMOS XU208 in Thesycon, zagotavlja stabilnost in zanesljivost brez potrebe po dodatnih napajalnikih. Kljub svoji kompaktni velikosti DX1 zagotavlja mo\u010dan izhod do 280 mW x2, zaradi \u010desar je primeren za razli\u010dne avdio nastavitve. S svojim vmesnikom Line Out s fiksno glasnostjo lahko DX1 slu\u017ei kot \u010disti DAC, idealen za uporabo z oja\u010devalniki za slu\u0161alke, oja\u010devalniki zvo\u010dnikov in drugo avdio opremo.<\/p>\n<p><a href=\"https:\/\/www.tpdz.net\/productinfo\/892870.html\" target=\"_blank\" rel=\"noopener\">Ostale informacije najdete na tej povezavi.<\/a><\/p>","protected":false},"featured_media":14664,"template":"","meta":{"site-sidebar-layout":"default","site-content-layout":"default","ast-site-content-layout":"default","site-content-style":"default","site-sidebar-style":"default","ast-global-header-display":"","ast-banner-title-visibility":"","ast-main-header-display":"","ast-hfb-above-header-display":"","ast-hfb-below-header-display":"","ast-hfb-mobile-header-display":"","site-post-title":"","ast-breadcrumbs-content":"","ast-featured-img":"","footer-sml-layout":"","theme-transparent-header-meta":"default","adv-header-id-meta":"","stick-header-meta":"default","header-above-stick-meta":"","header-main-stick-meta":"","header-below-stick-meta":"","astra-migrate-meta-layouts":"set","ast-page-background-enabled":"default","ast-page-background-meta":{"desktop":{"background-color":"","background-image":"","background-repeat":"repeat","background-position":"center center","background-size":"auto","background-attachment":"scroll","background-type":"","background-media":"","overlay-type":"","overlay-color":"","overlay-opacity":"","overlay-gradient":""},"tablet":{"background-color":"","background-image":"","background-repeat":"repeat","background-position":"center center","background-size":"auto","background-attachment":"scroll","background-type":"","background-media":"","overlay-type":"","overlay-color":"","overlay-opacity":"","overlay-gradient":""},"mobile":{"background-color":"","background-image":"","background-repeat":"repeat","background-position":"center center","background-size":"auto","background-attachment":"scroll","background-type":"","background-media":"","overlay-type":"","overlay-color":"","overlay-opacity":"","overlay-gradient":""}},"ast-content-background-meta":{"desktop":{"background-color":"var(--ast-global-color-5)","background-image":"","background-repeat":"repeat","background-position":"center center","background-size":"auto","background-attachment":"scroll","background-type":"","background-media":"","overlay-type":"","overlay-color":"","overlay-opacity":"","overlay-gradient":""},"tablet":{"background-color":"var(--ast-global-color-5)","background-image":"","background-repeat":"repeat","background-position":"center center","background-size":"auto","background-attachment":"scroll","background-type":"","background-media":"","overlay-type":"","overlay-color":"","overlay-opacity":"","overlay-gradient":""},"mobile":{"background-color":"var(--ast-global-color-5)","background-image":"","background-repeat":"repeat","background-position":"center center","background-size":"auto","background-attachment":"scroll","background-type":"","background-media":"","overlay-type":"","overlay-color":"","overlay-opacity":"","overlay-gradient":""}}},"class_list":["post-9920","product","type-product","status-publish","has-post-thumbnail","hentry","product_cat-pojacala-za-slusalice","product_cat-topping","desktop-align-center","tablet-align-center","mobile-align-center","ast-product-gallery-layout-horizontal","ast-magnify-disabled","ast-product-single-variable","ast-product-tabs-layout-horizontal"],"yoast_head":"<!-- This site is optimized with the Yoast SEO plugin v21.4 - https:\/\/yoast.com\/wordpress\/plugins\/seo\/ -->\n<title>Topping DX1 - hd-multimedia<\/title>\n<meta name=\"description\" content=\"Topping DX1 koristi najnovije \u010dipove AK4493S, pod-subflagship ponudu AKM-ove VELVET Sound tehnologije. Pru\u017ea funkcionalnost &quot;plug-and-play&quot;.\" \/>\n<meta name=\"robots\" content=\"index, follow, max-snippet:-1, max-image-preview:large, max-video-preview:-1\" \/>\n<link rel=\"canonical\" href=\"https:\/\/hd-multimedia.com\/sl\/trgovina\/topping-dx1\/\" \/>\n<meta property=\"og:locale\" content=\"sl_SI\" \/>\n<meta property=\"og:type\" content=\"article\" \/>\n<meta property=\"og:title\" content=\"Topping DX1 - hd-multimedia\" \/>\n<meta property=\"og:description\" content=\"Topping DX1 koristi najnovije \u010dipove AK4493S, pod-subflagship ponudu AKM-ove VELVET Sound tehnologije. Pru\u017ea funkcionalnost &quot;plug-and-play&quot;.\" \/>\n<meta property=\"og:url\" content=\"https:\/\/hd-multimedia.com\/sl\/trgovina\/topping-dx1\/\" \/>\n<meta property=\"og:site_name\" content=\"hd-multimedia\" \/>\n<meta property=\"article:modified_time\" content=\"2025-12-11T20:19:57+00:00\" \/>\n<meta property=\"og:image\" content=\"https:\/\/hd-multimedia.com\/hdm_media\/topping-dx1-headphone-amp-ak4493s-hi-res-dac-support-dsd256-pcm384-decoder-amplifier-hifigo-701247_695x695-1.webp\" \/>\n\t<meta property=\"og:image:width\" content=\"695\" \/>\n\t<meta property=\"og:image:height\" content=\"695\" \/>\n\t<meta property=\"og:image:type\" content=\"image\/webp\" \/>\n<meta name=\"twitter:card\" content=\"summary_large_image\" \/>\n<meta name=\"twitter:label1\" content=\"Est. reading time\" \/>\n\t<meta name=\"twitter:data1\" content=\"1 minuta\" \/>\n<script type=\"application\/ld+json\" class=\"yoast-schema-graph\">{\"@context\":\"https:\/\/schema.org\",\"@graph\":[{\"@type\":\"WebPage\",\"@id\":\"https:\/\/hd-multimedia.com\/trgovina\/topping-dx1\/\",\"url\":\"https:\/\/hd-multimedia.com\/trgovina\/topping-dx1\/\",\"name\":\"Topping DX1 - hd-multimedia\",\"isPartOf\":{\"@id\":\"https:\/\/hd-multimedia.com\/#website\"},\"datePublished\":\"2022-12-02T14:45:20+00:00\",\"dateModified\":\"2025-12-11T20:19:57+00:00\",\"description\":\"Topping DX1 koristi najnovije \u010dipove AK4493S, pod-subflagship ponudu AKM-ove VELVET Sound tehnologije. Pru\u017ea funkcionalnost \\\"plug-and-play\\\".\",\"breadcrumb\":{\"@id\":\"https:\/\/hd-multimedia.com\/trgovina\/topping-dx1\/#breadcrumb\"},\"inLanguage\":\"sl-SI\",\"potentialAction\":[{\"@type\":\"ReadAction\",\"target\":[\"https:\/\/hd-multimedia.com\/trgovina\/topping-dx1\/\"]}]},{\"@type\":\"BreadcrumbList\",\"@id\":\"https:\/\/hd-multimedia.com\/trgovina\/topping-dx1\/#breadcrumb\",\"itemListElement\":[{\"@type\":\"ListItem\",\"position\":1,\"name\":\"Po\u010detna stranica\",\"item\":\"https:\/\/hd-multimedia.com\/\"},{\"@type\":\"ListItem\",\"position\":2,\"name\":\"Trgovina\",\"item\":\"https:\/\/hd-multimedia.com\/trgovina\/\"},{\"@type\":\"ListItem\",\"position\":3,\"name\":\"Topping DX1\"}]},{\"@type\":\"WebSite\",\"@id\":\"https:\/\/hd-multimedia.com\/#website\",\"url\":\"https:\/\/hd-multimedia.com\/\",\"name\":\"hd-multimedia\",\"description\":\"\",\"publisher\":{\"@id\":\"https:\/\/hd-multimedia.com\/#organization\"},\"potentialAction\":[{\"@type\":\"SearchAction\",\"target\":{\"@type\":\"EntryPoint\",\"urlTemplate\":\"https:\/\/hd-multimedia.com\/?s={search_term_string}\"},\"query-input\":\"required name=search_term_string\"}],\"inLanguage\":\"sl-SI\"},{\"@type\":\"Organization\",\"@id\":\"https:\/\/hd-multimedia.com\/#organization\",\"name\":\"hd-multimedia\",\"url\":\"https:\/\/hd-multimedia.com\/\",\"logo\":{\"@type\":\"ImageObject\",\"inLanguage\":\"sl-SI\",\"@id\":\"https:\/\/hd-multimedia.com\/#\/schema\/logo\/image\/\",\"url\":\"https:\/\/hd-multimedia.com\/hdm_media\/HD-curves-ok-196-56px-alpha-1.png\",\"contentUrl\":\"https:\/\/hd-multimedia.com\/hdm_media\/HD-curves-ok-196-56px-alpha-1.png\",\"width\":196,\"height\":53,\"caption\":\"hd-multimedia\"},\"image\":{\"@id\":\"https:\/\/hd-multimedia.com\/#\/schema\/logo\/image\/\"}}]}<\/script>\n<!-- \/ Yoast SEO plugin. -->","yoast_head_json":{"title":"Topping DX1 - hd-multimedia","description":"Topping DX1 koristi najnovije \u010dipove AK4493S, pod-subflagship ponudu AKM-ove VELVET Sound tehnologije. Pru\u017ea funkcionalnost \"plug-and-play\".","robots":{"index":"index","follow":"follow","max-snippet":"max-snippet:-1","max-image-preview":"max-image-preview:large","max-video-preview":"max-video-preview:-1"},"canonical":"https:\/\/hd-multimedia.com\/sl\/trgovina\/topping-dx1\/","og_locale":"sl_SI","og_type":"article","og_title":"Topping DX1 - hd-multimedia","og_description":"Topping DX1 koristi najnovije \u010dipove AK4493S, pod-subflagship ponudu AKM-ove VELVET Sound tehnologije. Pru\u017ea funkcionalnost \"plug-and-play\".","og_url":"https:\/\/hd-multimedia.com\/sl\/trgovina\/topping-dx1\/","og_site_name":"hd-multimedia","article_modified_time":"2025-12-11T20:19:57+00:00","og_image":[{"width":695,"height":695,"url":"https:\/\/hd-multimedia.com\/hdm_media\/topping-dx1-headphone-amp-ak4493s-hi-res-dac-support-dsd256-pcm384-decoder-amplifier-hifigo-701247_695x695-1.webp","type":"image\/webp"}],"twitter_card":"summary_large_image","twitter_misc":{"Est. reading time":"1 minuta"},"schema":{"@context":"https:\/\/schema.org","@graph":[{"@type":"WebPage","@id":"https:\/\/hd-multimedia.com\/trgovina\/topping-dx1\/","url":"https:\/\/hd-multimedia.com\/trgovina\/topping-dx1\/","name":"Topping DX1 - hd-multimedia","isPartOf":{"@id":"https:\/\/hd-multimedia.com\/#website"},"datePublished":"2022-12-02T14:45:20+00:00","dateModified":"2025-12-11T20:19:57+00:00","description":"Topping DX1 koristi najnovije \u010dipove AK4493S, pod-subflagship ponudu AKM-ove VELVET Sound tehnologije. Pru\u017ea funkcionalnost \"plug-and-play\".","breadcrumb":{"@id":"https:\/\/hd-multimedia.com\/trgovina\/topping-dx1\/#breadcrumb"},"inLanguage":"sl-SI","potentialAction":[{"@type":"ReadAction","target":["https:\/\/hd-multimedia.com\/trgovina\/topping-dx1\/"]}]},{"@type":"BreadcrumbList","@id":"https:\/\/hd-multimedia.com\/trgovina\/topping-dx1\/#breadcrumb","itemListElement":[{"@type":"ListItem","position":1,"name":"Po\u010detna stranica","item":"https:\/\/hd-multimedia.com\/"},{"@type":"ListItem","position":2,"name":"Trgovina","item":"https:\/\/hd-multimedia.com\/trgovina\/"},{"@type":"ListItem","position":3,"name":"Topping DX1"}]},{"@type":"WebSite","@id":"https:\/\/hd-multimedia.com\/#website","url":"https:\/\/hd-multimedia.com\/","name":"hd-multimedia","description":"","publisher":{"@id":"https:\/\/hd-multimedia.com\/#organization"},"potentialAction":[{"@type":"SearchAction","target":{"@type":"EntryPoint","urlTemplate":"https:\/\/hd-multimedia.com\/?s={search_term_string}"},"query-input":"required name=search_term_string"}],"inLanguage":"sl-SI"},{"@type":"Organization","@id":"https:\/\/hd-multimedia.com\/#organization","name":"hd-multimedia","url":"https:\/\/hd-multimedia.com\/","logo":{"@type":"ImageObject","inLanguage":"sl-SI","@id":"https:\/\/hd-multimedia.com\/#\/schema\/logo\/image\/","url":"https:\/\/hd-multimedia.com\/hdm_media\/HD-curves-ok-196-56px-alpha-1.png","contentUrl":"https:\/\/hd-multimedia.com\/hdm_media\/HD-curves-ok-196-56px-alpha-1.png","width":196,"height":53,"caption":"hd-multimedia"},"image":{"@id":"https:\/\/hd-multimedia.com\/#\/schema\/logo\/image\/"}}]}},"post_mailing_queue_ids":[],"_links":{"self":[{"href":"https:\/\/hd-multimedia.com\/sl\/wp-json\/wp\/v2\/product\/9920","targetHints":{"allow":["GET"]}}],"collection":[{"href":"https:\/\/hd-multimedia.com\/sl\/wp-json\/wp\/v2\/product"}],"about":[{"href":"https:\/\/hd-multimedia.com\/sl\/wp-json\/wp\/v2\/types\/product"}],"version-history":[{"count":4,"href":"https:\/\/hd-multimedia.com\/sl\/wp-json\/wp\/v2\/product\/9920\/revisions"}],"predecessor-version":[{"id":16439,"href":"https:\/\/hd-multimedia.com\/sl\/wp-json\/wp\/v2\/product\/9920\/revisions\/16439"}],"wp:featuredmedia":[{"embeddable":true,"href":"https:\/\/hd-multimedia.com\/sl\/wp-json\/wp\/v2\/media\/14664"}],"wp:attachment":[{"href":"https:\/\/hd-multimedia.com\/sl\/wp-json\/wp\/v2\/media?parent=9920"}],"curies":[{"name":"wp","href":"https:\/\/api.w.org\/{rel}","templated":true}]}}