{"id":9844,"date":"2022-12-02T14:01:36","date_gmt":"2022-12-02T14:01:36","guid":{"rendered":"https:\/\/hd-multimedia.com\/?post_type=product&#038;p=9844"},"modified":"2025-04-15T11:02:57","modified_gmt":"2025-04-15T11:02:57","slug":"topping-l70","status":"publish","type":"product","link":"https:\/\/hd-multimedia.com\/sl\/trgovina\/topping-l70\/","title":{"rendered":"Topping L70"},"content":{"rendered":"<p>Topping L70 \u2013 uravnote\u017een NFCA oja\u010devalnik za slu\u0161alke. Funkcije predoja\u010devalnika. Mo\u010d: 7500mW\/32 ohm, 1150mW\/300 ohm.<\/p>\n<p><a href=\"https:\/\/www.tpdz.net\/productinfo\/907857.html\" target=\"_blank\" rel=\"noopener\">Ostale informacije najdete na tej povezavi.<\/a><\/p>","protected":false},"excerpt":{"rendered":"<p>Topping L70 ponuja uravnote\u017een oja\u010devalnik za slu\u0161alke in predoja\u010devalnik NFCA, ki zagotavlja odli\u010dno zvo\u010dno zmogljivost in je primeren za \u0161irok spekter scenarijev uporabe. Ne glede na to, ali uporabljate zahtevne slu\u0161alke, zelo ob\u010dutljive slu\u0161alke IEM ali jih zdru\u017eite z oja\u010devalnikom mo\u010di, je L70 idealen zaveznik za jasno, bogato in dinami\u010dno poslu\u0161anje. L70 uporablja isti modul NFCA (Nested Feedback Composite Amplifier) kot A90. Njegova hibridna arhitektura ponuja odli\u010dno zmogljivost pri enosmernem in izmeni\u010dnem toku, izjemno nizek THD+N in neverjetno visok dinami\u010dni razpon 146 dB. Poleg tega ima L70 visoko zmogljivost izhodnega toka ter zelo nizko izhodno impedanco in \u0161um, kar mu omogo\u010da, da poganja veliko ve\u010dino slu\u0161alk na trgu, vklju\u010dno z najzahtevnej\u0161imi modeli. L70 je zdru\u017eljiv z ve\u010dino priklju\u010dkov za slu\u0161alke, saj vklju\u010duje uravnote\u017een 4-pinski XLR, uravnote\u017een 4,4 mm priklju\u010dek in en sam 6,35 mm priklju\u010dek. Vgrajeno uravnote\u017eeno oja\u010devalno vezje je primerno za uravnote\u017eene in enostranske slu\u0161alke. tudi njegova visoka izhodna napetost in tok ter nizka izhodna impedanca mu omogo\u010dajo, da brez te\u017eav poganja ob\u010dutljive slu\u0161alke in slu\u0161alke z visoko impedanco.<\/p>","protected":false},"featured_media":9884,"template":"","meta":{"site-sidebar-layout":"default","site-content-layout":"default","ast-site-content-layout":"default","site-content-style":"default","site-sidebar-style":"default","ast-global-header-display":"","ast-banner-title-visibility":"","ast-main-header-display":"","ast-hfb-above-header-display":"","ast-hfb-below-header-display":"","ast-hfb-mobile-header-display":"","site-post-title":"","ast-breadcrumbs-content":"","ast-featured-img":"","footer-sml-layout":"","theme-transparent-header-meta":"default","adv-header-id-meta":"","stick-header-meta":"default","header-above-stick-meta":"","header-main-stick-meta":"","header-below-stick-meta":"","astra-migrate-meta-layouts":"set","ast-page-background-enabled":"default","ast-page-background-meta":{"desktop":{"background-color":"","background-image":"","background-repeat":"repeat","background-position":"center center","background-size":"auto","background-attachment":"scroll","background-type":"","background-media":"","overlay-type":"","overlay-color":"","overlay-opacity":"","overlay-gradient":""},"tablet":{"background-color":"","background-image":"","background-repeat":"repeat","background-position":"center center","background-size":"auto","background-attachment":"scroll","background-type":"","background-media":"","overlay-type":"","overlay-color":"","overlay-opacity":"","overlay-gradient":""},"mobile":{"background-color":"","background-image":"","background-repeat":"repeat","background-position":"center center","background-size":"auto","background-attachment":"scroll","background-type":"","background-media":"","overlay-type":"","overlay-color":"","overlay-opacity":"","overlay-gradient":""}},"ast-content-background-meta":{"desktop":{"background-color":"var(--ast-global-color-5)","background-image":"","background-repeat":"repeat","background-position":"center center","background-size":"auto","background-attachment":"scroll","background-type":"","background-media":"","overlay-type":"","overlay-color":"","overlay-opacity":"","overlay-gradient":""},"tablet":{"background-color":"var(--ast-global-color-5)","background-image":"","background-repeat":"repeat","background-position":"center center","background-size":"auto","background-attachment":"scroll","background-type":"","background-media":"","overlay-type":"","overlay-color":"","overlay-opacity":"","overlay-gradient":""},"mobile":{"background-color":"var(--ast-global-color-5)","background-image":"","background-repeat":"repeat","background-position":"center center","background-size":"auto","background-attachment":"scroll","background-type":"","background-media":"","overlay-type":"","overlay-color":"","overlay-opacity":"","overlay-gradient":""}}},"class_list":["post-9844","product","type-product","status-publish","has-post-thumbnail","hentry","product_cat-pojacala-za-slusalice","product_cat-topping","desktop-align-center","tablet-align-center","mobile-align-center","ast-product-gallery-layout-horizontal","ast-magnify-disabled","ast-product-single-variable","ast-product-tabs-layout-horizontal"],"yoast_head":"<!-- This site is optimized with the Yoast SEO plugin v21.4 - https:\/\/yoast.com\/wordpress\/plugins\/seo\/ -->\n<title>Topping L70 - hd-multimedia<\/title>\n<meta name=\"description\" content=\"Topping L70 - Balansurano NFCA poja\u010dalo za slu\u0161alice. Funkcije predpoja\u010dala.\u00a0 Isporuka snage: 7500mW\/32 ohm, 1150mW\/300 ohm.\" \/>\n<meta name=\"robots\" content=\"index, follow, max-snippet:-1, max-image-preview:large, max-video-preview:-1\" \/>\n<link rel=\"canonical\" href=\"https:\/\/hd-multimedia.com\/sl\/trgovina\/topping-l70\/\" \/>\n<meta property=\"og:locale\" content=\"sl_SI\" \/>\n<meta property=\"og:type\" content=\"article\" \/>\n<meta property=\"og:title\" content=\"Topping L70 - hd-multimedia\" \/>\n<meta property=\"og:description\" content=\"Topping L70 - Balansurano NFCA poja\u010dalo za slu\u0161alice. Funkcije predpoja\u010dala.\u00a0 Isporuka snage: 7500mW\/32 ohm, 1150mW\/300 ohm.\" \/>\n<meta property=\"og:url\" content=\"https:\/\/hd-multimedia.com\/sl\/trgovina\/topping-l70\/\" \/>\n<meta property=\"og:site_name\" content=\"hd-multimedia\" \/>\n<meta property=\"article:modified_time\" content=\"2025-04-15T11:02:57+00:00\" \/>\n<meta property=\"og:image\" content=\"https:\/\/hd-multimedia.com\/hdm_media\/web_6866279.jpg\" \/>\n\t<meta property=\"og:image:width\" content=\"480\" \/>\n\t<meta property=\"og:image:height\" content=\"480\" \/>\n\t<meta property=\"og:image:type\" content=\"image\/jpeg\" \/>\n<meta name=\"twitter:card\" content=\"summary_large_image\" \/>\n<meta name=\"twitter:label1\" content=\"Est. reading time\" \/>\n\t<meta name=\"twitter:data1\" content=\"1 minuta\" \/>\n<script type=\"application\/ld+json\" class=\"yoast-schema-graph\">{\"@context\":\"https:\/\/schema.org\",\"@graph\":[{\"@type\":\"WebPage\",\"@id\":\"https:\/\/hd-multimedia.com\/trgovina\/topping-l70\/\",\"url\":\"https:\/\/hd-multimedia.com\/trgovina\/topping-l70\/\",\"name\":\"Topping L70 - hd-multimedia\",\"isPartOf\":{\"@id\":\"https:\/\/hd-multimedia.com\/#website\"},\"datePublished\":\"2022-12-02T14:01:36+00:00\",\"dateModified\":\"2025-04-15T11:02:57+00:00\",\"description\":\"Topping L70 - Balansurano NFCA poja\u010dalo za slu\u0161alice. Funkcije predpoja\u010dala.\u00a0 Isporuka snage: 7500mW\/32 ohm, 1150mW\/300 ohm.\",\"breadcrumb\":{\"@id\":\"https:\/\/hd-multimedia.com\/trgovina\/topping-l70\/#breadcrumb\"},\"inLanguage\":\"sl-SI\",\"potentialAction\":[{\"@type\":\"ReadAction\",\"target\":[\"https:\/\/hd-multimedia.com\/trgovina\/topping-l70\/\"]}]},{\"@type\":\"BreadcrumbList\",\"@id\":\"https:\/\/hd-multimedia.com\/trgovina\/topping-l70\/#breadcrumb\",\"itemListElement\":[{\"@type\":\"ListItem\",\"position\":1,\"name\":\"Po\u010detna stranica\",\"item\":\"https:\/\/hd-multimedia.com\/\"},{\"@type\":\"ListItem\",\"position\":2,\"name\":\"Trgovina\",\"item\":\"https:\/\/hd-multimedia.com\/trgovina\/\"},{\"@type\":\"ListItem\",\"position\":3,\"name\":\"Topping L70\"}]},{\"@type\":\"WebSite\",\"@id\":\"https:\/\/hd-multimedia.com\/#website\",\"url\":\"https:\/\/hd-multimedia.com\/\",\"name\":\"hd-multimedia\",\"description\":\"\",\"publisher\":{\"@id\":\"https:\/\/hd-multimedia.com\/#organization\"},\"potentialAction\":[{\"@type\":\"SearchAction\",\"target\":{\"@type\":\"EntryPoint\",\"urlTemplate\":\"https:\/\/hd-multimedia.com\/?s={search_term_string}\"},\"query-input\":\"required name=search_term_string\"}],\"inLanguage\":\"sl-SI\"},{\"@type\":\"Organization\",\"@id\":\"https:\/\/hd-multimedia.com\/#organization\",\"name\":\"hd-multimedia\",\"url\":\"https:\/\/hd-multimedia.com\/\",\"logo\":{\"@type\":\"ImageObject\",\"inLanguage\":\"sl-SI\",\"@id\":\"https:\/\/hd-multimedia.com\/#\/schema\/logo\/image\/\",\"url\":\"https:\/\/hd-multimedia.com\/hdm_media\/HD-curves-ok-196-56px-alpha-1.png\",\"contentUrl\":\"https:\/\/hd-multimedia.com\/hdm_media\/HD-curves-ok-196-56px-alpha-1.png\",\"width\":196,\"height\":53,\"caption\":\"hd-multimedia\"},\"image\":{\"@id\":\"https:\/\/hd-multimedia.com\/#\/schema\/logo\/image\/\"}}]}<\/script>\n<!-- \/ Yoast SEO plugin. -->","yoast_head_json":{"title":"Topping L70 - hd-multimedia","description":"Topping L70 - Balansurano NFCA poja\u010dalo za slu\u0161alice. Funkcije predpoja\u010dala.\u00a0 Isporuka snage: 7500mW\/32 ohm, 1150mW\/300 ohm.","robots":{"index":"index","follow":"follow","max-snippet":"max-snippet:-1","max-image-preview":"max-image-preview:large","max-video-preview":"max-video-preview:-1"},"canonical":"https:\/\/hd-multimedia.com\/sl\/trgovina\/topping-l70\/","og_locale":"sl_SI","og_type":"article","og_title":"Topping L70 - hd-multimedia","og_description":"Topping L70 - Balansurano NFCA poja\u010dalo za slu\u0161alice. Funkcije predpoja\u010dala.\u00a0 Isporuka snage: 7500mW\/32 ohm, 1150mW\/300 ohm.","og_url":"https:\/\/hd-multimedia.com\/sl\/trgovina\/topping-l70\/","og_site_name":"hd-multimedia","article_modified_time":"2025-04-15T11:02:57+00:00","og_image":[{"width":480,"height":480,"url":"https:\/\/hd-multimedia.com\/hdm_media\/web_6866279.jpg","type":"image\/jpeg"}],"twitter_card":"summary_large_image","twitter_misc":{"Est. reading time":"1 minuta"},"schema":{"@context":"https:\/\/schema.org","@graph":[{"@type":"WebPage","@id":"https:\/\/hd-multimedia.com\/trgovina\/topping-l70\/","url":"https:\/\/hd-multimedia.com\/trgovina\/topping-l70\/","name":"Topping L70 - hd-multimedia","isPartOf":{"@id":"https:\/\/hd-multimedia.com\/#website"},"datePublished":"2022-12-02T14:01:36+00:00","dateModified":"2025-04-15T11:02:57+00:00","description":"Topping L70 - Balansurano NFCA poja\u010dalo za slu\u0161alice. Funkcije predpoja\u010dala.\u00a0 Isporuka snage: 7500mW\/32 ohm, 1150mW\/300 ohm.","breadcrumb":{"@id":"https:\/\/hd-multimedia.com\/trgovina\/topping-l70\/#breadcrumb"},"inLanguage":"sl-SI","potentialAction":[{"@type":"ReadAction","target":["https:\/\/hd-multimedia.com\/trgovina\/topping-l70\/"]}]},{"@type":"BreadcrumbList","@id":"https:\/\/hd-multimedia.com\/trgovina\/topping-l70\/#breadcrumb","itemListElement":[{"@type":"ListItem","position":1,"name":"Po\u010detna stranica","item":"https:\/\/hd-multimedia.com\/"},{"@type":"ListItem","position":2,"name":"Trgovina","item":"https:\/\/hd-multimedia.com\/trgovina\/"},{"@type":"ListItem","position":3,"name":"Topping L70"}]},{"@type":"WebSite","@id":"https:\/\/hd-multimedia.com\/#website","url":"https:\/\/hd-multimedia.com\/","name":"hd-multimedia","description":"","publisher":{"@id":"https:\/\/hd-multimedia.com\/#organization"},"potentialAction":[{"@type":"SearchAction","target":{"@type":"EntryPoint","urlTemplate":"https:\/\/hd-multimedia.com\/?s={search_term_string}"},"query-input":"required name=search_term_string"}],"inLanguage":"sl-SI"},{"@type":"Organization","@id":"https:\/\/hd-multimedia.com\/#organization","name":"hd-multimedia","url":"https:\/\/hd-multimedia.com\/","logo":{"@type":"ImageObject","inLanguage":"sl-SI","@id":"https:\/\/hd-multimedia.com\/#\/schema\/logo\/image\/","url":"https:\/\/hd-multimedia.com\/hdm_media\/HD-curves-ok-196-56px-alpha-1.png","contentUrl":"https:\/\/hd-multimedia.com\/hdm_media\/HD-curves-ok-196-56px-alpha-1.png","width":196,"height":53,"caption":"hd-multimedia"},"image":{"@id":"https:\/\/hd-multimedia.com\/#\/schema\/logo\/image\/"}}]}},"post_mailing_queue_ids":[],"_links":{"self":[{"href":"https:\/\/hd-multimedia.com\/sl\/wp-json\/wp\/v2\/product\/9844","targetHints":{"allow":["GET"]}}],"collection":[{"href":"https:\/\/hd-multimedia.com\/sl\/wp-json\/wp\/v2\/product"}],"about":[{"href":"https:\/\/hd-multimedia.com\/sl\/wp-json\/wp\/v2\/types\/product"}],"version-history":[{"count":3,"href":"https:\/\/hd-multimedia.com\/sl\/wp-json\/wp\/v2\/product\/9844\/revisions"}],"predecessor-version":[{"id":15523,"href":"https:\/\/hd-multimedia.com\/sl\/wp-json\/wp\/v2\/product\/9844\/revisions\/15523"}],"wp:featuredmedia":[{"embeddable":true,"href":"https:\/\/hd-multimedia.com\/sl\/wp-json\/wp\/v2\/media\/9884"}],"wp:attachment":[{"href":"https:\/\/hd-multimedia.com\/sl\/wp-json\/wp\/v2\/media?parent=9844"}],"curies":[{"name":"wp","href":"https:\/\/api.w.org\/{rel}","templated":true}]}}