{"id":9686,"date":"2022-11-22T13:35:27","date_gmt":"2022-11-22T13:35:27","guid":{"rendered":"https:\/\/hd-multimedia.com\/?post_type=product&#038;p=9686"},"modified":"2024-10-03T12:43:25","modified_gmt":"2024-10-03T12:43:25","slug":"sendy-audio-peacock","status":"publish","type":"product","link":"https:\/\/hd-multimedia.com\/sl\/trgovina\/sendy-audio-peacock\/","title":{"rendered":"Sendy Audio Peacock"},"content":{"rendered":"<p>Vrhunske \u2013 magnetoplanarne High-End slu\u0161alke \u2013 narejene iz kombinacije lesa, usnja in kovine. Vgrajen 88 mm magnetoplanarni gonilnik za zvesto reprodukcijo glasbe.<\/p>\n<p>Natan\u010dno CNC-strojno obdelano ohi\u0161je iz aluminija za letala in enakomerno razporejeni zra\u010dniki zagotavljajo doslednost in kakovost zvoka. Edinstven dizajn dopolnjujeta zlato vezenje in mehko kozje usnje na ergonomskem naglavnem traku, ki zagotavlja udobje in prepre\u010duje utrujenost po dolgotrajni uporabi.<\/p>\n<p>&nbsp;<\/p>\n<ul>\n<li>Ob\u010dutljivost 103dB+\/-3dB<\/li>\n<li>Impedanca 50 Ohm<\/li>\n<li>Dol\u017eina kabla: 1,8M<\/li>\n<li>Konektor: 4,4 mm uravnote\u017een<\/li>\n<li>Te\u017ea 578 gramov.<\/li>\n<\/ul>\n<p>Dodatne informacije:\u00a0<a href=\"https:\/\/www.sendyaudio.com\/product_d?id=3\">SendyAudio Peacock<\/a><\/p>","protected":false},"excerpt":{"rendered":"<p>Vrhunske \u2013 magnetoplanarne High-End slu\u0161alke \u2013 narejene iz kombinacije lesa, usnja in kovine. Vgrajen 88 mm magnetoplanarni gonilnik za zvesto reprodukcijo glasbe. Naglavni trak ima nastavljivo obliko za udobno uporabo brez pritiska na glavo, ki zdru\u017euje odli\u010dnost oblikovanja z visokokakovostnimi materiali in prefinjeno izdelavo. 88 mm velika membranska gonilna enota in u\u010dinkovita elektroakusti\u010dna pretvorba energije ponujata neverjetne in elasti\u010dne nizke tone, medtem ko so srednji toni in vokali naravni, ne\u017eni in gladki, z visokimi frekvencami, ki so svetle in pregledne, ter segajo do 40.000 Hz. Planomagnetni gonilnik s tehnologijo QUAD-FORMER vklju\u010duje dvojne magnete in \u0161tiri tuljave, ki zagotavljajo odli\u010dno pretvorbo magnetne energije, nizko popa\u010denje, dobro konsistenco in visoko sposobnost reprodukcije glasbe, kar ustvarja vtis koncerta v \u017eivo. Po ve\u010d kot dveh letih razvoja kompozitna membrana uporablja osnovni material z visokim notranjim du\u0161enjem za doseganje naravnih in toplih vokalov ter \u010dvrstih nizkih tonov, medtem ko ultra tanek in tog visokofrekven\u010dni material ohranja raz\u0161irjene frekvence brez grobosti.<\/p>","protected":false},"featured_media":9698,"template":"","meta":{"site-sidebar-layout":"default","site-content-layout":"default","ast-site-content-layout":"default","site-content-style":"default","site-sidebar-style":"default","ast-global-header-display":"","ast-banner-title-visibility":"","ast-main-header-display":"","ast-hfb-above-header-display":"","ast-hfb-below-header-display":"","ast-hfb-mobile-header-display":"","site-post-title":"","ast-breadcrumbs-content":"","ast-featured-img":"","footer-sml-layout":"","theme-transparent-header-meta":"default","adv-header-id-meta":"","stick-header-meta":"default","header-above-stick-meta":"","header-main-stick-meta":"","header-below-stick-meta":"","astra-migrate-meta-layouts":"set","ast-page-background-enabled":"default","ast-page-background-meta":{"desktop":{"background-color":"","background-image":"","background-repeat":"repeat","background-position":"center center","background-size":"auto","background-attachment":"scroll","background-type":"","background-media":"","overlay-type":"","overlay-color":"","overlay-opacity":"","overlay-gradient":""},"tablet":{"background-color":"","background-image":"","background-repeat":"repeat","background-position":"center center","background-size":"auto","background-attachment":"scroll","background-type":"","background-media":"","overlay-type":"","overlay-color":"","overlay-opacity":"","overlay-gradient":""},"mobile":{"background-color":"","background-image":"","background-repeat":"repeat","background-position":"center center","background-size":"auto","background-attachment":"scroll","background-type":"","background-media":"","overlay-type":"","overlay-color":"","overlay-opacity":"","overlay-gradient":""}},"ast-content-background-meta":{"desktop":{"background-color":"var(--ast-global-color-5)","background-image":"","background-repeat":"repeat","background-position":"center center","background-size":"auto","background-attachment":"scroll","background-type":"","background-media":"","overlay-type":"","overlay-color":"","overlay-opacity":"","overlay-gradient":""},"tablet":{"background-color":"var(--ast-global-color-5)","background-image":"","background-repeat":"repeat","background-position":"center center","background-size":"auto","background-attachment":"scroll","background-type":"","background-media":"","overlay-type":"","overlay-color":"","overlay-opacity":"","overlay-gradient":""},"mobile":{"background-color":"var(--ast-global-color-5)","background-image":"","background-repeat":"repeat","background-position":"center center","background-size":"auto","background-attachment":"scroll","background-type":"","background-media":"","overlay-type":"","overlay-color":"","overlay-opacity":"","overlay-gradient":""}}},"class_list":["post-9686","product","type-product","status-publish","has-post-thumbnail","hentry","product_cat-sendyaudio","product_cat-slusalice","product_cat-naglavne-slusalice","desktop-align-center","tablet-align-center","mobile-align-center","ast-product-gallery-layout-horizontal","ast-magnify-disabled","ast-product-single-variable","ast-product-tabs-layout-horizontal"],"yoast_head":"<!-- This site is optimized with the Yoast SEO plugin v21.4 - https:\/\/yoast.com\/wordpress\/plugins\/seo\/ -->\n<title>Sendy Audio Peacock - hd-multimedia<\/title>\n<meta name=\"description\" content=\"Magnetoplanarne High-End slu\u0161alice - izra\u0111ene od kombinacije drveta, ko\u017ee i metala. Ugra\u0111en magnetoplanarni pogon 88 mm za vjernu reprodukciju glazbe.\" \/>\n<meta name=\"robots\" content=\"index, follow, max-snippet:-1, max-image-preview:large, max-video-preview:-1\" \/>\n<link rel=\"canonical\" href=\"https:\/\/hd-multimedia.com\/sl\/trgovina\/sendy-audio-peacock\/\" \/>\n<meta property=\"og:locale\" content=\"sl_SI\" \/>\n<meta property=\"og:type\" content=\"article\" \/>\n<meta property=\"og:title\" content=\"Sendy Audio Peacock - hd-multimedia\" \/>\n<meta property=\"og:description\" content=\"Magnetoplanarne High-End slu\u0161alice - izra\u0111ene od kombinacije drveta, ko\u017ee i metala. Ugra\u0111en magnetoplanarni pogon 88 mm za vjernu reprodukciju glazbe.\" \/>\n<meta property=\"og:url\" content=\"https:\/\/hd-multimedia.com\/sl\/trgovina\/sendy-audio-peacock\/\" \/>\n<meta property=\"og:site_name\" content=\"hd-multimedia\" \/>\n<meta property=\"article:modified_time\" content=\"2024-10-03T12:43:25+00:00\" \/>\n<meta property=\"og:image\" content=\"https:\/\/hd-multimedia.com\/hdm_media\/peacock_black_d5d2383236440c858f681e628b284083.jpg\" \/>\n\t<meta property=\"og:image:width\" content=\"1000\" \/>\n\t<meta property=\"og:image:height\" content=\"1000\" \/>\n\t<meta property=\"og:image:type\" content=\"image\/jpeg\" \/>\n<meta name=\"twitter:card\" content=\"summary_large_image\" \/>\n<meta name=\"twitter:label1\" content=\"Est. reading time\" \/>\n\t<meta name=\"twitter:data1\" content=\"1 minuta\" \/>\n<script type=\"application\/ld+json\" class=\"yoast-schema-graph\">{\"@context\":\"https:\/\/schema.org\",\"@graph\":[{\"@type\":\"WebPage\",\"@id\":\"https:\/\/hd-multimedia.com\/trgovina\/sendy-audio-peacock\/\",\"url\":\"https:\/\/hd-multimedia.com\/trgovina\/sendy-audio-peacock\/\",\"name\":\"Sendy Audio Peacock - hd-multimedia\",\"isPartOf\":{\"@id\":\"https:\/\/hd-multimedia.com\/#website\"},\"datePublished\":\"2022-11-22T13:35:27+00:00\",\"dateModified\":\"2024-10-03T12:43:25+00:00\",\"description\":\"Magnetoplanarne High-End slu\u0161alice - izra\u0111ene od kombinacije drveta, ko\u017ee i metala. Ugra\u0111en magnetoplanarni pogon 88 mm za vjernu reprodukciju glazbe.\",\"breadcrumb\":{\"@id\":\"https:\/\/hd-multimedia.com\/trgovina\/sendy-audio-peacock\/#breadcrumb\"},\"inLanguage\":\"sl-SI\",\"potentialAction\":[{\"@type\":\"ReadAction\",\"target\":[\"https:\/\/hd-multimedia.com\/trgovina\/sendy-audio-peacock\/\"]}]},{\"@type\":\"BreadcrumbList\",\"@id\":\"https:\/\/hd-multimedia.com\/trgovina\/sendy-audio-peacock\/#breadcrumb\",\"itemListElement\":[{\"@type\":\"ListItem\",\"position\":1,\"name\":\"Po\u010detna stranica\",\"item\":\"https:\/\/hd-multimedia.com\/\"},{\"@type\":\"ListItem\",\"position\":2,\"name\":\"Trgovina\",\"item\":\"https:\/\/hd-multimedia.com\/trgovina\/\"},{\"@type\":\"ListItem\",\"position\":3,\"name\":\"Sendy Audio Peacock\"}]},{\"@type\":\"WebSite\",\"@id\":\"https:\/\/hd-multimedia.com\/#website\",\"url\":\"https:\/\/hd-multimedia.com\/\",\"name\":\"hd-multimedia\",\"description\":\"\",\"publisher\":{\"@id\":\"https:\/\/hd-multimedia.com\/#organization\"},\"potentialAction\":[{\"@type\":\"SearchAction\",\"target\":{\"@type\":\"EntryPoint\",\"urlTemplate\":\"https:\/\/hd-multimedia.com\/?s={search_term_string}\"},\"query-input\":\"required name=search_term_string\"}],\"inLanguage\":\"sl-SI\"},{\"@type\":\"Organization\",\"@id\":\"https:\/\/hd-multimedia.com\/#organization\",\"name\":\"hd-multimedia\",\"url\":\"https:\/\/hd-multimedia.com\/\",\"logo\":{\"@type\":\"ImageObject\",\"inLanguage\":\"sl-SI\",\"@id\":\"https:\/\/hd-multimedia.com\/#\/schema\/logo\/image\/\",\"url\":\"https:\/\/hd-multimedia.com\/hdm_media\/HD-curves-ok-196-56px-alpha-1.png\",\"contentUrl\":\"https:\/\/hd-multimedia.com\/hdm_media\/HD-curves-ok-196-56px-alpha-1.png\",\"width\":196,\"height\":53,\"caption\":\"hd-multimedia\"},\"image\":{\"@id\":\"https:\/\/hd-multimedia.com\/#\/schema\/logo\/image\/\"}}]}<\/script>\n<!-- \/ Yoast SEO plugin. -->","yoast_head_json":{"title":"Sendy Audio Peacock - hd-multimedia","description":"Magnetoplanarne High-End slu\u0161alice - izra\u0111ene od kombinacije drveta, ko\u017ee i metala. Ugra\u0111en magnetoplanarni pogon 88 mm za vjernu reprodukciju glazbe.","robots":{"index":"index","follow":"follow","max-snippet":"max-snippet:-1","max-image-preview":"max-image-preview:large","max-video-preview":"max-video-preview:-1"},"canonical":"https:\/\/hd-multimedia.com\/sl\/trgovina\/sendy-audio-peacock\/","og_locale":"sl_SI","og_type":"article","og_title":"Sendy Audio Peacock - hd-multimedia","og_description":"Magnetoplanarne High-End slu\u0161alice - izra\u0111ene od kombinacije drveta, ko\u017ee i metala. Ugra\u0111en magnetoplanarni pogon 88 mm za vjernu reprodukciju glazbe.","og_url":"https:\/\/hd-multimedia.com\/sl\/trgovina\/sendy-audio-peacock\/","og_site_name":"hd-multimedia","article_modified_time":"2024-10-03T12:43:25+00:00","og_image":[{"width":1000,"height":1000,"url":"https:\/\/hd-multimedia.com\/hdm_media\/peacock_black_d5d2383236440c858f681e628b284083.jpg","type":"image\/jpeg"}],"twitter_card":"summary_large_image","twitter_misc":{"Est. reading time":"1 minuta"},"schema":{"@context":"https:\/\/schema.org","@graph":[{"@type":"WebPage","@id":"https:\/\/hd-multimedia.com\/trgovina\/sendy-audio-peacock\/","url":"https:\/\/hd-multimedia.com\/trgovina\/sendy-audio-peacock\/","name":"Sendy Audio Peacock - hd-multimedia","isPartOf":{"@id":"https:\/\/hd-multimedia.com\/#website"},"datePublished":"2022-11-22T13:35:27+00:00","dateModified":"2024-10-03T12:43:25+00:00","description":"Magnetoplanarne High-End slu\u0161alice - izra\u0111ene od kombinacije drveta, ko\u017ee i metala. Ugra\u0111en magnetoplanarni pogon 88 mm za vjernu reprodukciju glazbe.","breadcrumb":{"@id":"https:\/\/hd-multimedia.com\/trgovina\/sendy-audio-peacock\/#breadcrumb"},"inLanguage":"sl-SI","potentialAction":[{"@type":"ReadAction","target":["https:\/\/hd-multimedia.com\/trgovina\/sendy-audio-peacock\/"]}]},{"@type":"BreadcrumbList","@id":"https:\/\/hd-multimedia.com\/trgovina\/sendy-audio-peacock\/#breadcrumb","itemListElement":[{"@type":"ListItem","position":1,"name":"Po\u010detna stranica","item":"https:\/\/hd-multimedia.com\/"},{"@type":"ListItem","position":2,"name":"Trgovina","item":"https:\/\/hd-multimedia.com\/trgovina\/"},{"@type":"ListItem","position":3,"name":"Sendy Audio Peacock"}]},{"@type":"WebSite","@id":"https:\/\/hd-multimedia.com\/#website","url":"https:\/\/hd-multimedia.com\/","name":"hd-multimedia","description":"","publisher":{"@id":"https:\/\/hd-multimedia.com\/#organization"},"potentialAction":[{"@type":"SearchAction","target":{"@type":"EntryPoint","urlTemplate":"https:\/\/hd-multimedia.com\/?s={search_term_string}"},"query-input":"required name=search_term_string"}],"inLanguage":"sl-SI"},{"@type":"Organization","@id":"https:\/\/hd-multimedia.com\/#organization","name":"hd-multimedia","url":"https:\/\/hd-multimedia.com\/","logo":{"@type":"ImageObject","inLanguage":"sl-SI","@id":"https:\/\/hd-multimedia.com\/#\/schema\/logo\/image\/","url":"https:\/\/hd-multimedia.com\/hdm_media\/HD-curves-ok-196-56px-alpha-1.png","contentUrl":"https:\/\/hd-multimedia.com\/hdm_media\/HD-curves-ok-196-56px-alpha-1.png","width":196,"height":53,"caption":"hd-multimedia"},"image":{"@id":"https:\/\/hd-multimedia.com\/#\/schema\/logo\/image\/"}}]}},"post_mailing_queue_ids":[],"_links":{"self":[{"href":"https:\/\/hd-multimedia.com\/sl\/wp-json\/wp\/v2\/product\/9686","targetHints":{"allow":["GET"]}}],"collection":[{"href":"https:\/\/hd-multimedia.com\/sl\/wp-json\/wp\/v2\/product"}],"about":[{"href":"https:\/\/hd-multimedia.com\/sl\/wp-json\/wp\/v2\/types\/product"}],"version-history":[{"count":4,"href":"https:\/\/hd-multimedia.com\/sl\/wp-json\/wp\/v2\/product\/9686\/revisions"}],"predecessor-version":[{"id":15613,"href":"https:\/\/hd-multimedia.com\/sl\/wp-json\/wp\/v2\/product\/9686\/revisions\/15613"}],"wp:featuredmedia":[{"embeddable":true,"href":"https:\/\/hd-multimedia.com\/sl\/wp-json\/wp\/v2\/media\/9698"}],"wp:attachment":[{"href":"https:\/\/hd-multimedia.com\/sl\/wp-json\/wp\/v2\/media?parent=9686"}],"curies":[{"name":"wp","href":"https:\/\/api.w.org\/{rel}","templated":true}]}}