{"id":9639,"date":"2022-11-21T15:21:46","date_gmt":"2022-11-21T15:21:46","guid":{"rendered":"https:\/\/hd-multimedia.com\/?post_type=product&#038;p=9639"},"modified":"2025-12-08T09:14:32","modified_gmt":"2025-12-08T09:14:32","slug":"sivga-robin-sv021","status":"publish","type":"product","link":"https:\/\/hd-multimedia.com\/sl\/trgovina\/sivga-robin-sv021\/","title":{"rendered":"SIVGA Robin SV021"},"content":{"rendered":"<p>Paket vsebuje slu\u0161alke, 1,6 m avdio kabel s 3,5 mm priklju\u010dkom, torbico za slu\u0161alke in adapter 3,5 mm na 6,35 mm. V kombinaciji z rahlim pritiskom objemke in odli\u010dnim kotom naglavnega traku je SIVGA Robin SV021 pravi zmagovalec za dolgotrajno uporabo brez kakr\u0161ne koli utrujenosti. SIVGA Robin SV021 so izdelani iz lesa s CNC rezbarsko tehniko, imajo u\u0161esne blazinice iz spominske pene in 50 mm dinami\u010dni pogon.<\/p>","protected":false},"excerpt":{"rendered":"<p>HiFi slu\u0161alke SIVGA Robin SV021 so narejene iz kombinacije lesa, usnja in kovine, imajo 50 mm dinami\u010dni gonilnik in so zelo udobne za no\u0161enje. SIVGA Robin SV021 so zaprte slu\u0161alke, kar pomeni, da ne bodo prepu\u0161\u010dale zvoka in ne bodo dovolile, da bi veliko zvoka motilo va\u0161o izku\u0161njo poslu\u0161anja. Ta model je na voljo v \u010drni in rjavi barvi.<\/p>","protected":false},"featured_media":9645,"template":"","meta":{"site-sidebar-layout":"default","site-content-layout":"default","ast-site-content-layout":"","site-content-style":"default","site-sidebar-style":"default","ast-global-header-display":"","ast-banner-title-visibility":"","ast-main-header-display":"","ast-hfb-above-header-display":"","ast-hfb-below-header-display":"","ast-hfb-mobile-header-display":"","site-post-title":"","ast-breadcrumbs-content":"","ast-featured-img":"","footer-sml-layout":"","theme-transparent-header-meta":"default","adv-header-id-meta":"","stick-header-meta":"default","header-above-stick-meta":"","header-main-stick-meta":"","header-below-stick-meta":"","astra-migrate-meta-layouts":"default","ast-page-background-enabled":"default","ast-page-background-meta":{"desktop":{"background-color":"","background-image":"","background-repeat":"repeat","background-position":"center center","background-size":"auto","background-attachment":"scroll","background-type":"","background-media":"","overlay-type":"","overlay-color":"","overlay-opacity":"","overlay-gradient":""},"tablet":{"background-color":"","background-image":"","background-repeat":"repeat","background-position":"center center","background-size":"auto","background-attachment":"scroll","background-type":"","background-media":"","overlay-type":"","overlay-color":"","overlay-opacity":"","overlay-gradient":""},"mobile":{"background-color":"","background-image":"","background-repeat":"repeat","background-position":"center center","background-size":"auto","background-attachment":"scroll","background-type":"","background-media":"","overlay-type":"","overlay-color":"","overlay-opacity":"","overlay-gradient":""}},"ast-content-background-meta":{"desktop":{"background-color":"var(--ast-global-color-5)","background-image":"","background-repeat":"repeat","background-position":"center center","background-size":"auto","background-attachment":"scroll","background-type":"","background-media":"","overlay-type":"","overlay-color":"","overlay-opacity":"","overlay-gradient":""},"tablet":{"background-color":"var(--ast-global-color-5)","background-image":"","background-repeat":"repeat","background-position":"center center","background-size":"auto","background-attachment":"scroll","background-type":"","background-media":"","overlay-type":"","overlay-color":"","overlay-opacity":"","overlay-gradient":""},"mobile":{"background-color":"var(--ast-global-color-5)","background-image":"","background-repeat":"repeat","background-position":"center center","background-size":"auto","background-attachment":"scroll","background-type":"","background-media":"","overlay-type":"","overlay-color":"","overlay-opacity":"","overlay-gradient":""}}},"class_list":["post-9639","product","type-product","status-publish","has-post-thumbnail","hentry","product_cat-sivga","product_cat-naglavne-slusalice","desktop-align-center","tablet-align-center","mobile-align-center","ast-product-gallery-layout-horizontal","ast-magnify-disabled","ast-product-single-variable","ast-product-tabs-layout-horizontal"],"yoast_head":"<!-- This site is optimized with the Yoast SEO plugin v21.4 - https:\/\/yoast.com\/wordpress\/plugins\/seo\/ -->\n<title>SIVGA Robin SV021 - hd-multimedia<\/title>\n<meta name=\"description\" content=\"SIVGA Robin SV021 HiFi slu\u0161alice su izra\u0111ene od kombinacije drveta, ko\u017ee i metala imaju 50mm dinami\u010dki pogon i vrlo ugodne za no\u0161enje.\" \/>\n<meta name=\"robots\" content=\"index, follow, max-snippet:-1, max-image-preview:large, max-video-preview:-1\" \/>\n<link rel=\"canonical\" href=\"https:\/\/hd-multimedia.com\/sl\/trgovina\/sivga-robin-sv021\/\" \/>\n<meta property=\"og:locale\" content=\"sl_SI\" \/>\n<meta property=\"og:type\" content=\"article\" \/>\n<meta property=\"og:title\" content=\"SIVGA Robin SV021 - hd-multimedia\" \/>\n<meta property=\"og:description\" content=\"SIVGA Robin SV021 HiFi slu\u0161alice su izra\u0111ene od kombinacije drveta, ko\u017ee i metala imaju 50mm dinami\u010dki pogon i vrlo ugodne za no\u0161enje.\" \/>\n<meta property=\"og:url\" content=\"https:\/\/hd-multimedia.com\/sl\/trgovina\/sivga-robin-sv021\/\" \/>\n<meta property=\"og:site_name\" content=\"hd-multimedia\" \/>\n<meta property=\"article:modified_time\" content=\"2025-12-08T09:14:32+00:00\" \/>\n<meta property=\"og:image\" content=\"https:\/\/hd-multimedia.com\/hdm_media\/S021_19a9e3d0ae2ed61af91f2b42315c159e.jpg\" \/>\n\t<meta property=\"og:image:width\" content=\"2000\" \/>\n\t<meta property=\"og:image:height\" content=\"2000\" \/>\n\t<meta property=\"og:image:type\" content=\"image\/jpeg\" \/>\n<meta name=\"twitter:card\" content=\"summary_large_image\" \/>\n<meta name=\"twitter:label1\" content=\"Est. reading time\" \/>\n\t<meta name=\"twitter:data1\" content=\"1 minuta\" \/>\n<script type=\"application\/ld+json\" class=\"yoast-schema-graph\">{\"@context\":\"https:\/\/schema.org\",\"@graph\":[{\"@type\":\"WebPage\",\"@id\":\"https:\/\/hd-multimedia.com\/trgovina\/sivga-robin-sv021\/\",\"url\":\"https:\/\/hd-multimedia.com\/trgovina\/sivga-robin-sv021\/\",\"name\":\"SIVGA Robin SV021 - hd-multimedia\",\"isPartOf\":{\"@id\":\"https:\/\/hd-multimedia.com\/#website\"},\"datePublished\":\"2022-11-21T15:21:46+00:00\",\"dateModified\":\"2025-12-08T09:14:32+00:00\",\"description\":\"SIVGA Robin SV021 HiFi slu\u0161alice su izra\u0111ene od kombinacije drveta, ko\u017ee i metala imaju 50mm dinami\u010dki pogon i vrlo ugodne za no\u0161enje.\",\"breadcrumb\":{\"@id\":\"https:\/\/hd-multimedia.com\/trgovina\/sivga-robin-sv021\/#breadcrumb\"},\"inLanguage\":\"sl-SI\",\"potentialAction\":[{\"@type\":\"ReadAction\",\"target\":[\"https:\/\/hd-multimedia.com\/trgovina\/sivga-robin-sv021\/\"]}]},{\"@type\":\"BreadcrumbList\",\"@id\":\"https:\/\/hd-multimedia.com\/trgovina\/sivga-robin-sv021\/#breadcrumb\",\"itemListElement\":[{\"@type\":\"ListItem\",\"position\":1,\"name\":\"Po\u010detna stranica\",\"item\":\"https:\/\/hd-multimedia.com\/\"},{\"@type\":\"ListItem\",\"position\":2,\"name\":\"Trgovina\",\"item\":\"https:\/\/hd-multimedia.com\/trgovina\/\"},{\"@type\":\"ListItem\",\"position\":3,\"name\":\"SIVGA Robin SV021\"}]},{\"@type\":\"WebSite\",\"@id\":\"https:\/\/hd-multimedia.com\/#website\",\"url\":\"https:\/\/hd-multimedia.com\/\",\"name\":\"hd-multimedia\",\"description\":\"\",\"publisher\":{\"@id\":\"https:\/\/hd-multimedia.com\/#organization\"},\"potentialAction\":[{\"@type\":\"SearchAction\",\"target\":{\"@type\":\"EntryPoint\",\"urlTemplate\":\"https:\/\/hd-multimedia.com\/?s={search_term_string}\"},\"query-input\":\"required name=search_term_string\"}],\"inLanguage\":\"sl-SI\"},{\"@type\":\"Organization\",\"@id\":\"https:\/\/hd-multimedia.com\/#organization\",\"name\":\"hd-multimedia\",\"url\":\"https:\/\/hd-multimedia.com\/\",\"logo\":{\"@type\":\"ImageObject\",\"inLanguage\":\"sl-SI\",\"@id\":\"https:\/\/hd-multimedia.com\/#\/schema\/logo\/image\/\",\"url\":\"https:\/\/hd-multimedia.com\/hdm_media\/HD-curves-ok-196-56px-alpha-1.png\",\"contentUrl\":\"https:\/\/hd-multimedia.com\/hdm_media\/HD-curves-ok-196-56px-alpha-1.png\",\"width\":196,\"height\":53,\"caption\":\"hd-multimedia\"},\"image\":{\"@id\":\"https:\/\/hd-multimedia.com\/#\/schema\/logo\/image\/\"}}]}<\/script>\n<!-- \/ Yoast SEO plugin. -->","yoast_head_json":{"title":"SIVGA Robin SV021 - hd-multimedia","description":"SIVGA Robin SV021 HiFi slu\u0161alice su izra\u0111ene od kombinacije drveta, ko\u017ee i metala imaju 50mm dinami\u010dki pogon i vrlo ugodne za no\u0161enje.","robots":{"index":"index","follow":"follow","max-snippet":"max-snippet:-1","max-image-preview":"max-image-preview:large","max-video-preview":"max-video-preview:-1"},"canonical":"https:\/\/hd-multimedia.com\/sl\/trgovina\/sivga-robin-sv021\/","og_locale":"sl_SI","og_type":"article","og_title":"SIVGA Robin SV021 - hd-multimedia","og_description":"SIVGA Robin SV021 HiFi slu\u0161alice su izra\u0111ene od kombinacije drveta, ko\u017ee i metala imaju 50mm dinami\u010dki pogon i vrlo ugodne za no\u0161enje.","og_url":"https:\/\/hd-multimedia.com\/sl\/trgovina\/sivga-robin-sv021\/","og_site_name":"hd-multimedia","article_modified_time":"2025-12-08T09:14:32+00:00","og_image":[{"width":2000,"height":2000,"url":"https:\/\/hd-multimedia.com\/hdm_media\/S021_19a9e3d0ae2ed61af91f2b42315c159e.jpg","type":"image\/jpeg"}],"twitter_card":"summary_large_image","twitter_misc":{"Est. reading time":"1 minuta"},"schema":{"@context":"https:\/\/schema.org","@graph":[{"@type":"WebPage","@id":"https:\/\/hd-multimedia.com\/trgovina\/sivga-robin-sv021\/","url":"https:\/\/hd-multimedia.com\/trgovina\/sivga-robin-sv021\/","name":"SIVGA Robin SV021 - hd-multimedia","isPartOf":{"@id":"https:\/\/hd-multimedia.com\/#website"},"datePublished":"2022-11-21T15:21:46+00:00","dateModified":"2025-12-08T09:14:32+00:00","description":"SIVGA Robin SV021 HiFi slu\u0161alice su izra\u0111ene od kombinacije drveta, ko\u017ee i metala imaju 50mm dinami\u010dki pogon i vrlo ugodne za no\u0161enje.","breadcrumb":{"@id":"https:\/\/hd-multimedia.com\/trgovina\/sivga-robin-sv021\/#breadcrumb"},"inLanguage":"sl-SI","potentialAction":[{"@type":"ReadAction","target":["https:\/\/hd-multimedia.com\/trgovina\/sivga-robin-sv021\/"]}]},{"@type":"BreadcrumbList","@id":"https:\/\/hd-multimedia.com\/trgovina\/sivga-robin-sv021\/#breadcrumb","itemListElement":[{"@type":"ListItem","position":1,"name":"Po\u010detna stranica","item":"https:\/\/hd-multimedia.com\/"},{"@type":"ListItem","position":2,"name":"Trgovina","item":"https:\/\/hd-multimedia.com\/trgovina\/"},{"@type":"ListItem","position":3,"name":"SIVGA Robin SV021"}]},{"@type":"WebSite","@id":"https:\/\/hd-multimedia.com\/#website","url":"https:\/\/hd-multimedia.com\/","name":"hd-multimedia","description":"","publisher":{"@id":"https:\/\/hd-multimedia.com\/#organization"},"potentialAction":[{"@type":"SearchAction","target":{"@type":"EntryPoint","urlTemplate":"https:\/\/hd-multimedia.com\/?s={search_term_string}"},"query-input":"required name=search_term_string"}],"inLanguage":"sl-SI"},{"@type":"Organization","@id":"https:\/\/hd-multimedia.com\/#organization","name":"hd-multimedia","url":"https:\/\/hd-multimedia.com\/","logo":{"@type":"ImageObject","inLanguage":"sl-SI","@id":"https:\/\/hd-multimedia.com\/#\/schema\/logo\/image\/","url":"https:\/\/hd-multimedia.com\/hdm_media\/HD-curves-ok-196-56px-alpha-1.png","contentUrl":"https:\/\/hd-multimedia.com\/hdm_media\/HD-curves-ok-196-56px-alpha-1.png","width":196,"height":53,"caption":"hd-multimedia"},"image":{"@id":"https:\/\/hd-multimedia.com\/#\/schema\/logo\/image\/"}}]}},"post_mailing_queue_ids":[],"_links":{"self":[{"href":"https:\/\/hd-multimedia.com\/sl\/wp-json\/wp\/v2\/product\/9639","targetHints":{"allow":["GET"]}}],"collection":[{"href":"https:\/\/hd-multimedia.com\/sl\/wp-json\/wp\/v2\/product"}],"about":[{"href":"https:\/\/hd-multimedia.com\/sl\/wp-json\/wp\/v2\/types\/product"}],"version-history":[{"count":6,"href":"https:\/\/hd-multimedia.com\/sl\/wp-json\/wp\/v2\/product\/9639\/revisions"}],"predecessor-version":[{"id":10655,"href":"https:\/\/hd-multimedia.com\/sl\/wp-json\/wp\/v2\/product\/9639\/revisions\/10655"}],"wp:featuredmedia":[{"embeddable":true,"href":"https:\/\/hd-multimedia.com\/sl\/wp-json\/wp\/v2\/media\/9645"}],"wp:attachment":[{"href":"https:\/\/hd-multimedia.com\/sl\/wp-json\/wp\/v2\/media?parent=9639"}],"curies":[{"name":"wp","href":"https:\/\/api.w.org\/{rel}","templated":true}]}}