{"id":9577,"date":"2022-11-17T13:45:31","date_gmt":"2022-11-17T13:45:31","guid":{"rendered":"https:\/\/hd-multimedia.com\/?post_type=product&#038;p=9577"},"modified":"2025-12-08T09:14:54","modified_gmt":"2025-12-08T09:14:54","slug":"fiio-btr7-lc","status":"publish","type":"product","link":"https:\/\/hd-multimedia.com\/sl\/trgovina\/fiio-btr7-lc\/","title":{"rendered":"FiiO BTR7 tip C + strela"},"content":{"rendered":"<p>BTR7 LC je zgrajen okoli dvojnega (2x) \u010dipa ES9219C DAC in ima standardne (enostranski, 3,5 mm) in uravnote\u017eene (4,4 mm) izhode za slu\u0161alke. Sposobnost pogona slu\u0161alk z impedanco do 150 ohmov (URAVNOTE\u017dEN IZHOD). Izhodni oja\u010devalnik je dvojni THX_AAA_28, ki zagotavlja visoko razmerje med signalom in \u0161umom ter nizko popa\u010denje pri pogonu vseh slu\u0161alk. Bluetooth prenos prek standardov: LDAC\/AptX HD\/AptX Adaptive ter standarda AAC in SBC.<\/p>\n<p>ki ima mo\u010dnej\u0161o sposobnost dekodiranja in bolj\u0161o zmogljivost, ki zagotavlja visok SNR z nizko porabo energije.<br \/>\nDodana podpora za MQA, ki lahko odpre skladbe MQA na mobilni napravi. Pri delu z glasbenimi aplikacijami, ki podpirajo MQA, lahko dose\u017ee 16x predvajanje MQA.<\/p>\n<p>BTR7 LC podpira preklop v \u00bbUSB Audio Adapter mode\u00ab (USB dongle) s samo enim pritiskom. Ko je vzpostavljena povezava USB, vas bo BTR7 LC samodejno pozval, da vklopite na\u010din &quot;USB Audio Adapter&quot;, ki onemogo\u010di polnjenje in vam omogo\u010da, da ga uporabljate kot avdio dodatek za va\u0161 telefon ali druge naprave. \u010ce v 15 sekundah ne izvedete nobene operacije, bo funkcija polnjenja ostala vklopljena.<\/p>\n<p>&nbsp;<\/p>","protected":false},"excerpt":{"rendered":"<p>Poslu\u0161anje glasbe na poti v najbolj\u0161i kakovosti je pravzaprav zelo preprosto. S pravimi slu\u0161alkami in prenosnim Bluetooth oja\u010devalnikom, kot je FiiO BTR7. Ne samo, da ponuja Bluetooth 5.1 in vse najnovej\u0161e visokokakovostne kodeke, ampak ima tudi integriran USB DAC in uravnote\u017een 4,4-milimetrski priklju\u010dek.<\/p>\n<p>FiiO BTR7 ima v paketu kabel Type-C in Lightning, tako da ga lahko pove\u017eete z napravami Android in Apple.<\/p>\n<p><a href=\"https:\/\/youtu.be\/Mpn7LgW0_ao\" target=\"_blank\" rel=\"noopener\">Video za razpakiranje<\/a><\/p>\n<p><a href=\"https:\/\/www.fiio.com\/btr7_parameters\" target=\"_blank\" rel=\"noopener noreferrer\">BTR7 LC Bluetooth oja\u010devalnik za slu\u0161alke \u2013 povezava do funkcij<\/a><\/p>","protected":false},"featured_media":9582,"template":"","meta":{"site-sidebar-layout":"default","site-content-layout":"default","ast-site-content-layout":"default","site-content-style":"default","site-sidebar-style":"default","ast-global-header-display":"","ast-banner-title-visibility":"","ast-main-header-display":"","ast-hfb-above-header-display":"","ast-hfb-below-header-display":"","ast-hfb-mobile-header-display":"","site-post-title":"","ast-breadcrumbs-content":"","ast-featured-img":"","footer-sml-layout":"","theme-transparent-header-meta":"default","adv-header-id-meta":"","stick-header-meta":"default","header-above-stick-meta":"","header-main-stick-meta":"","header-below-stick-meta":"","astra-migrate-meta-layouts":"set","ast-page-background-enabled":"default","ast-page-background-meta":{"desktop":{"background-color":"","background-image":"","background-repeat":"repeat","background-position":"center center","background-size":"auto","background-attachment":"scroll","background-type":"","background-media":"","overlay-type":"","overlay-color":"","overlay-opacity":"","overlay-gradient":""},"tablet":{"background-color":"","background-image":"","background-repeat":"repeat","background-position":"center center","background-size":"auto","background-attachment":"scroll","background-type":"","background-media":"","overlay-type":"","overlay-color":"","overlay-opacity":"","overlay-gradient":""},"mobile":{"background-color":"","background-image":"","background-repeat":"repeat","background-position":"center center","background-size":"auto","background-attachment":"scroll","background-type":"","background-media":"","overlay-type":"","overlay-color":"","overlay-opacity":"","overlay-gradient":""}},"ast-content-background-meta":{"desktop":{"background-color":"var(--ast-global-color-5)","background-image":"","background-repeat":"repeat","background-position":"center center","background-size":"auto","background-attachment":"scroll","background-type":"","background-media":"","overlay-type":"","overlay-color":"","overlay-opacity":"","overlay-gradient":""},"tablet":{"background-color":"var(--ast-global-color-5)","background-image":"","background-repeat":"repeat","background-position":"center center","background-size":"auto","background-attachment":"scroll","background-type":"","background-media":"","overlay-type":"","overlay-color":"","overlay-opacity":"","overlay-gradient":""},"mobile":{"background-color":"var(--ast-global-color-5)","background-image":"","background-repeat":"repeat","background-position":"center center","background-size":"auto","background-attachment":"scroll","background-type":"","background-media":"","overlay-type":"","overlay-color":"","overlay-opacity":"","overlay-gradient":""}}},"class_list":["post-9577","product","type-product","status-publish","has-post-thumbnail","hentry","product_cat-pojacala-smartphone","product_cat-fiio","desktop-align-center","tablet-align-center","mobile-align-center","ast-product-gallery-layout-horizontal","ast-magnify-disabled","ast-product-tabs-layout-horizontal"],"yoast_head":"<!-- This site is optimized with the Yoast SEO plugin v21.4 - https:\/\/yoast.com\/wordpress\/plugins\/seo\/ -->\n<title>FiiO BTR7 Type C + Lightning - hd-multimedia<\/title>\n<meta name=\"description\" content=\"BTR7 L-C je izgra\u0111en oko dvostrukog (2x) ES9219C DAC chipa, i dolazi sa standardnim (single ended, 3.5mm) i balansiranim izlazom (4.4mm) za slu\u0161alice.\" \/>\n<meta name=\"robots\" content=\"index, follow, max-snippet:-1, max-image-preview:large, max-video-preview:-1\" \/>\n<link rel=\"canonical\" href=\"https:\/\/hd-multimedia.com\/sl\/trgovina\/fiio-btr7-lc\/\" \/>\n<meta property=\"og:locale\" content=\"sl_SI\" \/>\n<meta property=\"og:type\" content=\"article\" \/>\n<meta property=\"og:title\" content=\"FiiO BTR7 Type C + Lightning - hd-multimedia\" \/>\n<meta property=\"og:description\" content=\"BTR7 L-C je izgra\u0111en oko dvostrukog (2x) ES9219C DAC chipa, i dolazi sa standardnim (single ended, 3.5mm) i balansiranim izlazom (4.4mm) za slu\u0161alice.\" \/>\n<meta property=\"og:url\" content=\"https:\/\/hd-multimedia.com\/sl\/trgovina\/fiio-btr7-lc\/\" \/>\n<meta property=\"og:site_name\" content=\"hd-multimedia\" \/>\n<meta property=\"article:modified_time\" content=\"2025-12-08T09:14:54+00:00\" \/>\n<meta property=\"og:image\" content=\"https:\/\/hd-multimedia.com\/hdm_media\/6043165-e1676470291795.png\" \/>\n\t<meta property=\"og:image:width\" content=\"681\" \/>\n\t<meta property=\"og:image:height\" content=\"681\" \/>\n\t<meta property=\"og:image:type\" content=\"image\/png\" \/>\n<meta name=\"twitter:card\" content=\"summary_large_image\" \/>\n<meta name=\"twitter:label1\" content=\"Est. reading time\" \/>\n\t<meta name=\"twitter:data1\" content=\"1 minuta\" \/>\n<script type=\"application\/ld+json\" class=\"yoast-schema-graph\">{\"@context\":\"https:\/\/schema.org\",\"@graph\":[{\"@type\":\"WebPage\",\"@id\":\"https:\/\/hd-multimedia.com\/trgovina\/fiio-btr7-lc\/\",\"url\":\"https:\/\/hd-multimedia.com\/trgovina\/fiio-btr7-lc\/\",\"name\":\"FiiO BTR7 Type C + Lightning - hd-multimedia\",\"isPartOf\":{\"@id\":\"https:\/\/hd-multimedia.com\/#website\"},\"datePublished\":\"2022-11-17T13:45:31+00:00\",\"dateModified\":\"2025-12-08T09:14:54+00:00\",\"description\":\"BTR7 L-C je izgra\u0111en oko dvostrukog (2x) ES9219C DAC chipa, i dolazi sa standardnim (single ended, 3.5mm) i balansiranim izlazom (4.4mm) za slu\u0161alice.\",\"breadcrumb\":{\"@id\":\"https:\/\/hd-multimedia.com\/trgovina\/fiio-btr7-lc\/#breadcrumb\"},\"inLanguage\":\"sl-SI\",\"potentialAction\":[{\"@type\":\"ReadAction\",\"target\":[\"https:\/\/hd-multimedia.com\/trgovina\/fiio-btr7-lc\/\"]}]},{\"@type\":\"BreadcrumbList\",\"@id\":\"https:\/\/hd-multimedia.com\/trgovina\/fiio-btr7-lc\/#breadcrumb\",\"itemListElement\":[{\"@type\":\"ListItem\",\"position\":1,\"name\":\"Po\u010detna stranica\",\"item\":\"https:\/\/hd-multimedia.com\/\"},{\"@type\":\"ListItem\",\"position\":2,\"name\":\"Trgovina\",\"item\":\"https:\/\/hd-multimedia.com\/trgovina\/\"},{\"@type\":\"ListItem\",\"position\":3,\"name\":\"FiiO BTR7 Type C + Lightning\"}]},{\"@type\":\"WebSite\",\"@id\":\"https:\/\/hd-multimedia.com\/#website\",\"url\":\"https:\/\/hd-multimedia.com\/\",\"name\":\"hd-multimedia\",\"description\":\"\",\"publisher\":{\"@id\":\"https:\/\/hd-multimedia.com\/#organization\"},\"potentialAction\":[{\"@type\":\"SearchAction\",\"target\":{\"@type\":\"EntryPoint\",\"urlTemplate\":\"https:\/\/hd-multimedia.com\/?s={search_term_string}\"},\"query-input\":\"required name=search_term_string\"}],\"inLanguage\":\"sl-SI\"},{\"@type\":\"Organization\",\"@id\":\"https:\/\/hd-multimedia.com\/#organization\",\"name\":\"hd-multimedia\",\"url\":\"https:\/\/hd-multimedia.com\/\",\"logo\":{\"@type\":\"ImageObject\",\"inLanguage\":\"sl-SI\",\"@id\":\"https:\/\/hd-multimedia.com\/#\/schema\/logo\/image\/\",\"url\":\"https:\/\/hd-multimedia.com\/hdm_media\/HD-curves-ok-196-56px-alpha-1.png\",\"contentUrl\":\"https:\/\/hd-multimedia.com\/hdm_media\/HD-curves-ok-196-56px-alpha-1.png\",\"width\":196,\"height\":53,\"caption\":\"hd-multimedia\"},\"image\":{\"@id\":\"https:\/\/hd-multimedia.com\/#\/schema\/logo\/image\/\"}}]}<\/script>\n<!-- \/ Yoast SEO plugin. -->","yoast_head_json":{"title":"FiiO BTR7 Type C + Lightning - hd-multimedia","description":"BTR7 L-C je izgra\u0111en oko dvostrukog (2x) ES9219C DAC chipa, i dolazi sa standardnim (single ended, 3.5mm) i balansiranim izlazom (4.4mm) za slu\u0161alice.","robots":{"index":"index","follow":"follow","max-snippet":"max-snippet:-1","max-image-preview":"max-image-preview:large","max-video-preview":"max-video-preview:-1"},"canonical":"https:\/\/hd-multimedia.com\/sl\/trgovina\/fiio-btr7-lc\/","og_locale":"sl_SI","og_type":"article","og_title":"FiiO BTR7 Type C + Lightning - hd-multimedia","og_description":"BTR7 L-C je izgra\u0111en oko dvostrukog (2x) ES9219C DAC chipa, i dolazi sa standardnim (single ended, 3.5mm) i balansiranim izlazom (4.4mm) za slu\u0161alice.","og_url":"https:\/\/hd-multimedia.com\/sl\/trgovina\/fiio-btr7-lc\/","og_site_name":"hd-multimedia","article_modified_time":"2025-12-08T09:14:54+00:00","og_image":[{"width":681,"height":681,"url":"https:\/\/hd-multimedia.com\/hdm_media\/6043165-e1676470291795.png","type":"image\/png"}],"twitter_card":"summary_large_image","twitter_misc":{"Est. reading time":"1 minuta"},"schema":{"@context":"https:\/\/schema.org","@graph":[{"@type":"WebPage","@id":"https:\/\/hd-multimedia.com\/trgovina\/fiio-btr7-lc\/","url":"https:\/\/hd-multimedia.com\/trgovina\/fiio-btr7-lc\/","name":"FiiO BTR7 Type C + Lightning - hd-multimedia","isPartOf":{"@id":"https:\/\/hd-multimedia.com\/#website"},"datePublished":"2022-11-17T13:45:31+00:00","dateModified":"2025-12-08T09:14:54+00:00","description":"BTR7 L-C je izgra\u0111en oko dvostrukog (2x) ES9219C DAC chipa, i dolazi sa standardnim (single ended, 3.5mm) i balansiranim izlazom (4.4mm) za slu\u0161alice.","breadcrumb":{"@id":"https:\/\/hd-multimedia.com\/trgovina\/fiio-btr7-lc\/#breadcrumb"},"inLanguage":"sl-SI","potentialAction":[{"@type":"ReadAction","target":["https:\/\/hd-multimedia.com\/trgovina\/fiio-btr7-lc\/"]}]},{"@type":"BreadcrumbList","@id":"https:\/\/hd-multimedia.com\/trgovina\/fiio-btr7-lc\/#breadcrumb","itemListElement":[{"@type":"ListItem","position":1,"name":"Po\u010detna stranica","item":"https:\/\/hd-multimedia.com\/"},{"@type":"ListItem","position":2,"name":"Trgovina","item":"https:\/\/hd-multimedia.com\/trgovina\/"},{"@type":"ListItem","position":3,"name":"FiiO BTR7 Type C + Lightning"}]},{"@type":"WebSite","@id":"https:\/\/hd-multimedia.com\/#website","url":"https:\/\/hd-multimedia.com\/","name":"hd-multimedia","description":"","publisher":{"@id":"https:\/\/hd-multimedia.com\/#organization"},"potentialAction":[{"@type":"SearchAction","target":{"@type":"EntryPoint","urlTemplate":"https:\/\/hd-multimedia.com\/?s={search_term_string}"},"query-input":"required name=search_term_string"}],"inLanguage":"sl-SI"},{"@type":"Organization","@id":"https:\/\/hd-multimedia.com\/#organization","name":"hd-multimedia","url":"https:\/\/hd-multimedia.com\/","logo":{"@type":"ImageObject","inLanguage":"sl-SI","@id":"https:\/\/hd-multimedia.com\/#\/schema\/logo\/image\/","url":"https:\/\/hd-multimedia.com\/hdm_media\/HD-curves-ok-196-56px-alpha-1.png","contentUrl":"https:\/\/hd-multimedia.com\/hdm_media\/HD-curves-ok-196-56px-alpha-1.png","width":196,"height":53,"caption":"hd-multimedia"},"image":{"@id":"https:\/\/hd-multimedia.com\/#\/schema\/logo\/image\/"}}]}},"post_mailing_queue_ids":[],"_links":{"self":[{"href":"https:\/\/hd-multimedia.com\/sl\/wp-json\/wp\/v2\/product\/9577","targetHints":{"allow":["GET"]}}],"collection":[{"href":"https:\/\/hd-multimedia.com\/sl\/wp-json\/wp\/v2\/product"}],"about":[{"href":"https:\/\/hd-multimedia.com\/sl\/wp-json\/wp\/v2\/types\/product"}],"version-history":[{"count":11,"href":"https:\/\/hd-multimedia.com\/sl\/wp-json\/wp\/v2\/product\/9577\/revisions"}],"predecessor-version":[{"id":18692,"href":"https:\/\/hd-multimedia.com\/sl\/wp-json\/wp\/v2\/product\/9577\/revisions\/18692"}],"wp:featuredmedia":[{"embeddable":true,"href":"https:\/\/hd-multimedia.com\/sl\/wp-json\/wp\/v2\/media\/9582"}],"wp:attachment":[{"href":"https:\/\/hd-multimedia.com\/sl\/wp-json\/wp\/v2\/media?parent=9577"}],"curies":[{"name":"wp","href":"https:\/\/api.w.org\/{rel}","templated":true}]}}