{"id":9541,"date":"2022-11-17T10:50:19","date_gmt":"2022-11-17T10:50:19","guid":{"rendered":"https:\/\/hd-multimedia.com\/?post_type=product&#038;p=9541"},"modified":"2025-04-22T10:39:41","modified_gmt":"2025-04-22T10:39:41","slug":"elac-solano-bs-283-4-par","status":"publish","type":"product","link":"https:\/\/hd-multimedia.com\/sl\/trgovina\/elac-solano-bs-283-4-par\/","title":{"rendered":"ELAC Solano BS 283.4 (par)"},"content":{"rendered":"<p>\u2013 Vi\u0161ina x \u0160irina x Globina: 331 x 190 x 248 mm<\/p>\n<p>\u2013 Te\u017ea: 8,0 kg<\/p>\n<p>\u2013 Vrsta: 2-stezni, bas-refleks<\/p>\n<p>\u2013 Nizkotonec: 1 x 150 mm \u00d8, AS<\/p>\n<p>\u2013 Visokotonec: JET 5<\/p>\n<p>\u2013 Frekvenca: 2400 Hz<\/p>\n<p>\u2013 Frekven\u010dno obmo\u010dje (IEC 268-5): 41 \u2013 50.000 Hz<\/p>\n<p>\u2013 Ob\u010dutljivost: 85 dB\/2,83 V\/m<\/p>\n<p>\u2013 Primerno za oja\u010devalce: 40 \u2013 200 W\/kanal<\/p>\n<p>\u2013 Priporo\u010dena mo\u010d oja\u010devalnika: 40 \u2013 200 W\/kanal<\/p>\n<p>\u2013 Nazivna\/Maksimalna mo\u010d: 70 W | 100 vatov<\/p>\n<p>\u2013 Nazivna impedanca: 4 \u03a9 | 3,2 \u03a9<\/p>\n<p><a href=\"https:\/\/www.elac.com\/category\/bookshelf-speakers\/solano-bs283\/\" target=\"_blank\" rel=\"noopener\">Ostale informacije najdete na tej povezavi.<\/a><\/p>","protected":false},"excerpt":{"rendered":"<p>Zvo\u010dnik Solano BS 283 iz na\u0161ega nem\u0161kega proizvodnega obrata v Kielu utele\u0161a stalne inovacije. Zvest oblikovalskim na\u010delom ima robustno MDF konstrukcijo, vizualno privla\u010dno pravokotno obliko z rahlo ukrivljenim sprednjim stojalom. Ko\u0161are iz litega aluminija dodajo estetsko privla\u010dnost in mehansko stabilnost za natan\u010dno reprodukcijo zvoka. Visokotonec JET6, ro\u010dno izdelan v Kielu, je svetovno znan po svoji najsodobnej\u0161i proizvodnji in natan\u010dni reprodukciji visokih frekvenc, ki segajo do nadzvo\u010dnih 50.000 Hz. Ta predanost dizajnu, izdelavi in napredni tehnologiji zagotavlja, da Solano BS 283 zagotavlja estetsko prijetno in zvo\u010dno impresivno zvo\u010dno izku\u0161njo.<\/p>\n<p>Cena velja za par (2 zvo\u010dnika)<\/p>\n<p><a href=\"https:\/\/www.elac.com\/category\/bookshelf-speakers\/solano-bs283\/\" target=\"_blank\" rel=\"noopener\">Ostale informacije najdete na tej povezavi.<\/a><\/p>","protected":false},"featured_media":13712,"template":"","meta":{"site-sidebar-layout":"default","site-content-layout":"default","ast-site-content-layout":"default","site-content-style":"default","site-sidebar-style":"default","ast-global-header-display":"","ast-banner-title-visibility":"","ast-main-header-display":"","ast-hfb-above-header-display":"","ast-hfb-below-header-display":"","ast-hfb-mobile-header-display":"","site-post-title":"","ast-breadcrumbs-content":"","ast-featured-img":"","footer-sml-layout":"","theme-transparent-header-meta":"default","adv-header-id-meta":"","stick-header-meta":"default","header-above-stick-meta":"","header-main-stick-meta":"","header-below-stick-meta":"","astra-migrate-meta-layouts":"set","ast-page-background-enabled":"default","ast-page-background-meta":{"desktop":{"background-color":"","background-image":"","background-repeat":"repeat","background-position":"center center","background-size":"auto","background-attachment":"scroll","background-type":"","background-media":"","overlay-type":"","overlay-color":"","overlay-opacity":"","overlay-gradient":""},"tablet":{"background-color":"","background-image":"","background-repeat":"repeat","background-position":"center center","background-size":"auto","background-attachment":"scroll","background-type":"","background-media":"","overlay-type":"","overlay-color":"","overlay-opacity":"","overlay-gradient":""},"mobile":{"background-color":"","background-image":"","background-repeat":"repeat","background-position":"center center","background-size":"auto","background-attachment":"scroll","background-type":"","background-media":"","overlay-type":"","overlay-color":"","overlay-opacity":"","overlay-gradient":""}},"ast-content-background-meta":{"desktop":{"background-color":"var(--ast-global-color-5)","background-image":"","background-repeat":"repeat","background-position":"center center","background-size":"auto","background-attachment":"scroll","background-type":"","background-media":"","overlay-type":"","overlay-color":"","overlay-opacity":"","overlay-gradient":""},"tablet":{"background-color":"var(--ast-global-color-5)","background-image":"","background-repeat":"repeat","background-position":"center center","background-size":"auto","background-attachment":"scroll","background-type":"","background-media":"","overlay-type":"","overlay-color":"","overlay-opacity":"","overlay-gradient":""},"mobile":{"background-color":"var(--ast-global-color-5)","background-image":"","background-repeat":"repeat","background-position":"center center","background-size":"auto","background-attachment":"scroll","background-type":"","background-media":"","overlay-type":"","overlay-color":"","overlay-opacity":"","overlay-gradient":""}}},"class_list":["post-9541","product","type-product","status-publish","has-post-thumbnail","hentry","product_cat-pasivne-zvucne-kutije","product_cat-elac","desktop-align-center","tablet-align-center","mobile-align-center","ast-product-gallery-layout-horizontal","ast-magnify-disabled","ast-product-single-variable","ast-product-tabs-layout-horizontal"],"yoast_head":"<!-- This site is optimized with the Yoast SEO plugin v21.4 - https:\/\/yoast.com\/wordpress\/plugins\/seo\/ -->\n<title>ELAC Solano BS 283.4 (par) - hd-multimedia<\/title>\n<meta name=\"description\" content=\"ELAC SOLANO BS283.4ELAC Solano BS 283.4 su pasivne zvu\u010dne kutije jednostavnog pravokutnog oblika izra\u0111ene od \u010dvrstog MDF-a koji se uklapa u svaki prostor.\" \/>\n<meta name=\"robots\" content=\"index, follow, max-snippet:-1, max-image-preview:large, max-video-preview:-1\" \/>\n<link rel=\"canonical\" href=\"https:\/\/hd-multimedia.com\/sl\/trgovina\/elac-solano-bs-283-4-par\/\" \/>\n<meta property=\"og:locale\" content=\"sl_SI\" \/>\n<meta property=\"og:type\" content=\"article\" \/>\n<meta property=\"og:title\" content=\"ELAC Solano BS 283.4 (par) - hd-multimedia\" \/>\n<meta property=\"og:description\" content=\"ELAC SOLANO BS283.4ELAC Solano BS 283.4 su pasivne zvu\u010dne kutije jednostavnog pravokutnog oblika izra\u0111ene od \u010dvrstog MDF-a koji se uklapa u svaki prostor.\" \/>\n<meta property=\"og:url\" content=\"https:\/\/hd-multimedia.com\/sl\/trgovina\/elac-solano-bs-283-4-par\/\" \/>\n<meta property=\"og:site_name\" content=\"hd-multimedia\" \/>\n<meta property=\"article:modified_time\" content=\"2025-04-22T10:39:41+00:00\" \/>\n<meta property=\"og:image\" content=\"https:\/\/hd-multimedia.com\/hdm_media\/PNG-Web-1080-1-1-TP_0000s_0009_ELAC-Solano-BS-283.2-Black-9-23-2-tinify-1-600x600-1.png\" \/>\n\t<meta property=\"og:image:width\" content=\"600\" \/>\n\t<meta property=\"og:image:height\" content=\"600\" \/>\n\t<meta property=\"og:image:type\" content=\"image\/png\" \/>\n<meta name=\"twitter:card\" content=\"summary_large_image\" \/>\n<meta name=\"twitter:label1\" content=\"Est. reading time\" \/>\n\t<meta name=\"twitter:data1\" content=\"1 minuta\" \/>\n<script type=\"application\/ld+json\" class=\"yoast-schema-graph\">{\"@context\":\"https:\/\/schema.org\",\"@graph\":[{\"@type\":\"WebPage\",\"@id\":\"https:\/\/hd-multimedia.com\/trgovina\/elac-solano-bs-283-4-par\/\",\"url\":\"https:\/\/hd-multimedia.com\/trgovina\/elac-solano-bs-283-4-par\/\",\"name\":\"ELAC Solano BS 283.4 (par) - hd-multimedia\",\"isPartOf\":{\"@id\":\"https:\/\/hd-multimedia.com\/#website\"},\"datePublished\":\"2022-11-17T10:50:19+00:00\",\"dateModified\":\"2025-04-22T10:39:41+00:00\",\"description\":\"ELAC SOLANO BS283.4ELAC Solano BS 283.4 su pasivne zvu\u010dne kutije jednostavnog pravokutnog oblika izra\u0111ene od \u010dvrstog MDF-a koji se uklapa u svaki prostor.\",\"breadcrumb\":{\"@id\":\"https:\/\/hd-multimedia.com\/trgovina\/elac-solano-bs-283-4-par\/#breadcrumb\"},\"inLanguage\":\"sl-SI\",\"potentialAction\":[{\"@type\":\"ReadAction\",\"target\":[\"https:\/\/hd-multimedia.com\/trgovina\/elac-solano-bs-283-4-par\/\"]}]},{\"@type\":\"BreadcrumbList\",\"@id\":\"https:\/\/hd-multimedia.com\/trgovina\/elac-solano-bs-283-4-par\/#breadcrumb\",\"itemListElement\":[{\"@type\":\"ListItem\",\"position\":1,\"name\":\"Po\u010detna stranica\",\"item\":\"https:\/\/hd-multimedia.com\/\"},{\"@type\":\"ListItem\",\"position\":2,\"name\":\"Trgovina\",\"item\":\"https:\/\/hd-multimedia.com\/trgovina\/\"},{\"@type\":\"ListItem\",\"position\":3,\"name\":\"ELAC Solano BS 283.4 (par)\"}]},{\"@type\":\"WebSite\",\"@id\":\"https:\/\/hd-multimedia.com\/#website\",\"url\":\"https:\/\/hd-multimedia.com\/\",\"name\":\"hd-multimedia\",\"description\":\"\",\"publisher\":{\"@id\":\"https:\/\/hd-multimedia.com\/#organization\"},\"potentialAction\":[{\"@type\":\"SearchAction\",\"target\":{\"@type\":\"EntryPoint\",\"urlTemplate\":\"https:\/\/hd-multimedia.com\/?s={search_term_string}\"},\"query-input\":\"required name=search_term_string\"}],\"inLanguage\":\"sl-SI\"},{\"@type\":\"Organization\",\"@id\":\"https:\/\/hd-multimedia.com\/#organization\",\"name\":\"hd-multimedia\",\"url\":\"https:\/\/hd-multimedia.com\/\",\"logo\":{\"@type\":\"ImageObject\",\"inLanguage\":\"sl-SI\",\"@id\":\"https:\/\/hd-multimedia.com\/#\/schema\/logo\/image\/\",\"url\":\"https:\/\/hd-multimedia.com\/hdm_media\/HD-curves-ok-196-56px-alpha-1.png\",\"contentUrl\":\"https:\/\/hd-multimedia.com\/hdm_media\/HD-curves-ok-196-56px-alpha-1.png\",\"width\":196,\"height\":53,\"caption\":\"hd-multimedia\"},\"image\":{\"@id\":\"https:\/\/hd-multimedia.com\/#\/schema\/logo\/image\/\"}}]}<\/script>\n<!-- \/ Yoast SEO plugin. -->","yoast_head_json":{"title":"ELAC Solano BS 283.4 (par) - hd-multimedia","description":"ELAC SOLANO BS283.4ELAC Solano BS 283.4 su pasivne zvu\u010dne kutije jednostavnog pravokutnog oblika izra\u0111ene od \u010dvrstog MDF-a koji se uklapa u svaki prostor.","robots":{"index":"index","follow":"follow","max-snippet":"max-snippet:-1","max-image-preview":"max-image-preview:large","max-video-preview":"max-video-preview:-1"},"canonical":"https:\/\/hd-multimedia.com\/sl\/trgovina\/elac-solano-bs-283-4-par\/","og_locale":"sl_SI","og_type":"article","og_title":"ELAC Solano BS 283.4 (par) - hd-multimedia","og_description":"ELAC SOLANO BS283.4ELAC Solano BS 283.4 su pasivne zvu\u010dne kutije jednostavnog pravokutnog oblika izra\u0111ene od \u010dvrstog MDF-a koji se uklapa u svaki prostor.","og_url":"https:\/\/hd-multimedia.com\/sl\/trgovina\/elac-solano-bs-283-4-par\/","og_site_name":"hd-multimedia","article_modified_time":"2025-04-22T10:39:41+00:00","og_image":[{"width":600,"height":600,"url":"https:\/\/hd-multimedia.com\/hdm_media\/PNG-Web-1080-1-1-TP_0000s_0009_ELAC-Solano-BS-283.2-Black-9-23-2-tinify-1-600x600-1.png","type":"image\/png"}],"twitter_card":"summary_large_image","twitter_misc":{"Est. reading time":"1 minuta"},"schema":{"@context":"https:\/\/schema.org","@graph":[{"@type":"WebPage","@id":"https:\/\/hd-multimedia.com\/trgovina\/elac-solano-bs-283-4-par\/","url":"https:\/\/hd-multimedia.com\/trgovina\/elac-solano-bs-283-4-par\/","name":"ELAC Solano BS 283.4 (par) - hd-multimedia","isPartOf":{"@id":"https:\/\/hd-multimedia.com\/#website"},"datePublished":"2022-11-17T10:50:19+00:00","dateModified":"2025-04-22T10:39:41+00:00","description":"ELAC SOLANO BS283.4ELAC Solano BS 283.4 su pasivne zvu\u010dne kutije jednostavnog pravokutnog oblika izra\u0111ene od \u010dvrstog MDF-a koji se uklapa u svaki prostor.","breadcrumb":{"@id":"https:\/\/hd-multimedia.com\/trgovina\/elac-solano-bs-283-4-par\/#breadcrumb"},"inLanguage":"sl-SI","potentialAction":[{"@type":"ReadAction","target":["https:\/\/hd-multimedia.com\/trgovina\/elac-solano-bs-283-4-par\/"]}]},{"@type":"BreadcrumbList","@id":"https:\/\/hd-multimedia.com\/trgovina\/elac-solano-bs-283-4-par\/#breadcrumb","itemListElement":[{"@type":"ListItem","position":1,"name":"Po\u010detna stranica","item":"https:\/\/hd-multimedia.com\/"},{"@type":"ListItem","position":2,"name":"Trgovina","item":"https:\/\/hd-multimedia.com\/trgovina\/"},{"@type":"ListItem","position":3,"name":"ELAC Solano BS 283.4 (par)"}]},{"@type":"WebSite","@id":"https:\/\/hd-multimedia.com\/#website","url":"https:\/\/hd-multimedia.com\/","name":"hd-multimedia","description":"","publisher":{"@id":"https:\/\/hd-multimedia.com\/#organization"},"potentialAction":[{"@type":"SearchAction","target":{"@type":"EntryPoint","urlTemplate":"https:\/\/hd-multimedia.com\/?s={search_term_string}"},"query-input":"required name=search_term_string"}],"inLanguage":"sl-SI"},{"@type":"Organization","@id":"https:\/\/hd-multimedia.com\/#organization","name":"hd-multimedia","url":"https:\/\/hd-multimedia.com\/","logo":{"@type":"ImageObject","inLanguage":"sl-SI","@id":"https:\/\/hd-multimedia.com\/#\/schema\/logo\/image\/","url":"https:\/\/hd-multimedia.com\/hdm_media\/HD-curves-ok-196-56px-alpha-1.png","contentUrl":"https:\/\/hd-multimedia.com\/hdm_media\/HD-curves-ok-196-56px-alpha-1.png","width":196,"height":53,"caption":"hd-multimedia"},"image":{"@id":"https:\/\/hd-multimedia.com\/#\/schema\/logo\/image\/"}}]}},"post_mailing_queue_ids":[],"_links":{"self":[{"href":"https:\/\/hd-multimedia.com\/sl\/wp-json\/wp\/v2\/product\/9541","targetHints":{"allow":["GET"]}}],"collection":[{"href":"https:\/\/hd-multimedia.com\/sl\/wp-json\/wp\/v2\/product"}],"about":[{"href":"https:\/\/hd-multimedia.com\/sl\/wp-json\/wp\/v2\/types\/product"}],"version-history":[{"count":11,"href":"https:\/\/hd-multimedia.com\/sl\/wp-json\/wp\/v2\/product\/9541\/revisions"}],"predecessor-version":[{"id":18344,"href":"https:\/\/hd-multimedia.com\/sl\/wp-json\/wp\/v2\/product\/9541\/revisions\/18344"}],"wp:featuredmedia":[{"embeddable":true,"href":"https:\/\/hd-multimedia.com\/sl\/wp-json\/wp\/v2\/media\/13712"}],"wp:attachment":[{"href":"https:\/\/hd-multimedia.com\/sl\/wp-json\/wp\/v2\/media?parent=9541"}],"curies":[{"name":"wp","href":"https:\/\/api.w.org\/{rel}","templated":true}]}}