{"id":8962,"date":"2022-08-11T11:59:10","date_gmt":"2022-08-11T11:59:10","guid":{"rendered":"https:\/\/hd-multimedia.com\/?post_type=product&#038;p=8962"},"modified":"2026-01-03T21:40:18","modified_gmt":"2026-01-03T21:40:18","slug":"topping-m50","status":"publish","type":"product","link":"https:\/\/hd-multimedia.com\/sl\/trgovina\/topping-m50\/","title":{"rendered":"Topping M50 \u2013 music player"},"content":{"rendered":"<p>Na\u010din USB M50 lahko nastavite na DAC in ga pove\u017eete z vmesnikom type-c ra\u010dunalnika, mobilnega telefona ali tablice OTG, nato pa lahko M50 uporabite kot most USB, ki podpira zvo\u010dne datoteke visoke lo\u010dljivosti. Podpira tudi povezovanje kartic MicroSD in USB klju\u010dkov. M50 bo pripravil in interpretiral \u010disti vir za vse va\u0161e HiFi avdio potrebe.<\/p>\n<p><a href=\"https:\/\/www.tpdz.net\/productinfo\/816698.html\" target=\"_blank\" rel=\"noopener\">Ostale informacije najdete na tej povezavi.<\/a><\/p>","protected":false},"excerpt":{"rendered":"<p>Topping M50 je preprosta in elegantna glasbena naprava, ki prena\u0161a digitalne zvo\u010dne signale visoke lo\u010dljivosti na namenski DAC\/AMP. Pretvori digitalizirane zvo\u010dne signale visoke lo\u010dljivosti in jih pripravi za DAC-je visoke lo\u010dljivosti v verigi. Topping M50 podpira ve\u010d formatov datotek, vklju\u010dno z FLAC, Wav, Ape, AIFF, M4A, WMA, WMA Lossless, MP3, AAC, DSF in \u0161tevilnimi drugimi. Topping M50 bere signale PCM visoke lo\u010dljivosti 24 bitov\/384 kHz in izvorne signale DSD256 ter jih pripravi za obdelavo signalov visoke lo\u010dljivosti prek zmogljivega DAC v verigi. Pri predvajanju glasbe z bliskovnega pogona ali kartice MicroSD uporabniki dobijo popolnoma funkcionalen 10-pasovni EQ. M50 ima tudi popolnoma prilagodljiv EQ, kjer lahko uporabniki enostavno prilagodijo izhod svojim \u017eeljam.<\/p>\n<p><a href=\"https:\/\/www.tpdz.net\/productinfo\/816698.html\" target=\"_blank\" rel=\"noopener\">Ostale informacije najdete na tej povezavi.<\/a><\/p>\n<p>&nbsp;<\/p>","protected":false},"featured_media":8979,"template":"","meta":{"site-sidebar-layout":"default","site-content-layout":"default","ast-site-content-layout":"default","site-content-style":"default","site-sidebar-style":"default","ast-global-header-display":"","ast-banner-title-visibility":"","ast-main-header-display":"","ast-hfb-above-header-display":"","ast-hfb-below-header-display":"","ast-hfb-mobile-header-display":"","site-post-title":"","ast-breadcrumbs-content":"","ast-featured-img":"","footer-sml-layout":"","theme-transparent-header-meta":"default","adv-header-id-meta":"","stick-header-meta":"default","header-above-stick-meta":"","header-main-stick-meta":"","header-below-stick-meta":"","astra-migrate-meta-layouts":"set","ast-page-background-enabled":"default","ast-page-background-meta":{"desktop":{"background-color":"","background-image":"","background-repeat":"repeat","background-position":"center center","background-size":"auto","background-attachment":"scroll","background-type":"","background-media":"","overlay-type":"","overlay-color":"","overlay-opacity":"","overlay-gradient":""},"tablet":{"background-color":"","background-image":"","background-repeat":"repeat","background-position":"center center","background-size":"auto","background-attachment":"scroll","background-type":"","background-media":"","overlay-type":"","overlay-color":"","overlay-opacity":"","overlay-gradient":""},"mobile":{"background-color":"","background-image":"","background-repeat":"repeat","background-position":"center center","background-size":"auto","background-attachment":"scroll","background-type":"","background-media":"","overlay-type":"","overlay-color":"","overlay-opacity":"","overlay-gradient":""}},"ast-content-background-meta":{"desktop":{"background-color":"var(--ast-global-color-5)","background-image":"","background-repeat":"repeat","background-position":"center center","background-size":"auto","background-attachment":"scroll","background-type":"","background-media":"","overlay-type":"","overlay-color":"","overlay-opacity":"","overlay-gradient":""},"tablet":{"background-color":"var(--ast-global-color-5)","background-image":"","background-repeat":"repeat","background-position":"center center","background-size":"auto","background-attachment":"scroll","background-type":"","background-media":"","overlay-type":"","overlay-color":"","overlay-opacity":"","overlay-gradient":""},"mobile":{"background-color":"var(--ast-global-color-5)","background-image":"","background-repeat":"repeat","background-position":"center center","background-size":"auto","background-attachment":"scroll","background-type":"","background-media":"","overlay-type":"","overlay-color":"","overlay-opacity":"","overlay-gradient":""}}},"class_list":["post-8962","product","type-product","status-publish","has-post-thumbnail","hentry","product_cat-computer-audio","product_cat-mrezni-playeri","product_cat-topping","desktop-align-center","tablet-align-center","mobile-align-center","ast-product-gallery-layout-horizontal","ast-magnify-disabled","ast-product-single-variable","ast-product-tabs-layout-horizontal"],"yoast_head":"<!-- This site is optimized with the Yoast SEO plugin v21.4 - https:\/\/yoast.com\/wordpress\/plugins\/seo\/ -->\n<title>Topping M50 - music player - hd-multimedia<\/title>\n<meta name=\"description\" content=\"Topping M50 je jednostavan i elegantan glazbeni ure\u0111aj koji prenosi digitalne audio signale visoke razlu\u010divosti do posebnog DAC\/AMP-a u va\u0161em audio lancu.\" \/>\n<meta name=\"robots\" content=\"index, follow, max-snippet:-1, max-image-preview:large, max-video-preview:-1\" \/>\n<link rel=\"canonical\" href=\"https:\/\/hd-multimedia.com\/sl\/trgovina\/topping-m50\/\" \/>\n<meta property=\"og:locale\" content=\"sl_SI\" \/>\n<meta property=\"og:type\" content=\"article\" \/>\n<meta property=\"og:title\" content=\"Topping M50 - music player - hd-multimedia\" \/>\n<meta property=\"og:description\" content=\"Topping M50 je jednostavan i elegantan glazbeni ure\u0111aj koji prenosi digitalne audio signale visoke razlu\u010divosti do posebnog DAC\/AMP-a u va\u0161em audio lancu.\" \/>\n<meta property=\"og:url\" content=\"https:\/\/hd-multimedia.com\/sl\/trgovina\/topping-m50\/\" \/>\n<meta property=\"og:site_name\" content=\"hd-multimedia\" \/>\n<meta property=\"article:modified_time\" content=\"2026-01-03T21:40:18+00:00\" \/>\n<meta property=\"og:image\" content=\"https:\/\/hd-multimedia.com\/hdm_media\/M50-5752905.jpg\" \/>\n\t<meta property=\"og:image:width\" content=\"480\" \/>\n\t<meta property=\"og:image:height\" content=\"480\" \/>\n\t<meta property=\"og:image:type\" content=\"image\/jpeg\" \/>\n<meta name=\"twitter:card\" content=\"summary_large_image\" \/>\n<meta name=\"twitter:label1\" content=\"Est. reading time\" \/>\n\t<meta name=\"twitter:data1\" content=\"1 minuta\" \/>\n<script type=\"application\/ld+json\" class=\"yoast-schema-graph\">{\"@context\":\"https:\/\/schema.org\",\"@graph\":[{\"@type\":\"WebPage\",\"@id\":\"https:\/\/hd-multimedia.com\/trgovina\/topping-m50\/\",\"url\":\"https:\/\/hd-multimedia.com\/trgovina\/topping-m50\/\",\"name\":\"Topping M50 - music player - hd-multimedia\",\"isPartOf\":{\"@id\":\"https:\/\/hd-multimedia.com\/#website\"},\"datePublished\":\"2022-08-11T11:59:10+00:00\",\"dateModified\":\"2026-01-03T21:40:18+00:00\",\"description\":\"Topping M50 je jednostavan i elegantan glazbeni ure\u0111aj koji prenosi digitalne audio signale visoke razlu\u010divosti do posebnog DAC\/AMP-a u va\u0161em audio lancu.\",\"breadcrumb\":{\"@id\":\"https:\/\/hd-multimedia.com\/trgovina\/topping-m50\/#breadcrumb\"},\"inLanguage\":\"sl-SI\",\"potentialAction\":[{\"@type\":\"ReadAction\",\"target\":[\"https:\/\/hd-multimedia.com\/trgovina\/topping-m50\/\"]}]},{\"@type\":\"BreadcrumbList\",\"@id\":\"https:\/\/hd-multimedia.com\/trgovina\/topping-m50\/#breadcrumb\",\"itemListElement\":[{\"@type\":\"ListItem\",\"position\":1,\"name\":\"Po\u010detna stranica\",\"item\":\"https:\/\/hd-multimedia.com\/\"},{\"@type\":\"ListItem\",\"position\":2,\"name\":\"Trgovina\",\"item\":\"https:\/\/hd-multimedia.com\/trgovina\/\"},{\"@type\":\"ListItem\",\"position\":3,\"name\":\"Topping M50 &#8211; music player\"}]},{\"@type\":\"WebSite\",\"@id\":\"https:\/\/hd-multimedia.com\/#website\",\"url\":\"https:\/\/hd-multimedia.com\/\",\"name\":\"hd-multimedia\",\"description\":\"\",\"publisher\":{\"@id\":\"https:\/\/hd-multimedia.com\/#organization\"},\"potentialAction\":[{\"@type\":\"SearchAction\",\"target\":{\"@type\":\"EntryPoint\",\"urlTemplate\":\"https:\/\/hd-multimedia.com\/?s={search_term_string}\"},\"query-input\":\"required name=search_term_string\"}],\"inLanguage\":\"sl-SI\"},{\"@type\":\"Organization\",\"@id\":\"https:\/\/hd-multimedia.com\/#organization\",\"name\":\"hd-multimedia\",\"url\":\"https:\/\/hd-multimedia.com\/\",\"logo\":{\"@type\":\"ImageObject\",\"inLanguage\":\"sl-SI\",\"@id\":\"https:\/\/hd-multimedia.com\/#\/schema\/logo\/image\/\",\"url\":\"https:\/\/hd-multimedia.com\/hdm_media\/HD-curves-ok-196-56px-alpha-1.png\",\"contentUrl\":\"https:\/\/hd-multimedia.com\/hdm_media\/HD-curves-ok-196-56px-alpha-1.png\",\"width\":196,\"height\":53,\"caption\":\"hd-multimedia\"},\"image\":{\"@id\":\"https:\/\/hd-multimedia.com\/#\/schema\/logo\/image\/\"}}]}<\/script>\n<!-- \/ Yoast SEO plugin. -->","yoast_head_json":{"title":"Topping M50 - music player - hd-multimedia","description":"Topping M50 je jednostavan i elegantan glazbeni ure\u0111aj koji prenosi digitalne audio signale visoke razlu\u010divosti do posebnog DAC\/AMP-a u va\u0161em audio lancu.","robots":{"index":"index","follow":"follow","max-snippet":"max-snippet:-1","max-image-preview":"max-image-preview:large","max-video-preview":"max-video-preview:-1"},"canonical":"https:\/\/hd-multimedia.com\/sl\/trgovina\/topping-m50\/","og_locale":"sl_SI","og_type":"article","og_title":"Topping M50 - music player - hd-multimedia","og_description":"Topping M50 je jednostavan i elegantan glazbeni ure\u0111aj koji prenosi digitalne audio signale visoke razlu\u010divosti do posebnog DAC\/AMP-a u va\u0161em audio lancu.","og_url":"https:\/\/hd-multimedia.com\/sl\/trgovina\/topping-m50\/","og_site_name":"hd-multimedia","article_modified_time":"2026-01-03T21:40:18+00:00","og_image":[{"width":480,"height":480,"url":"https:\/\/hd-multimedia.com\/hdm_media\/M50-5752905.jpg","type":"image\/jpeg"}],"twitter_card":"summary_large_image","twitter_misc":{"Est. reading time":"1 minuta"},"schema":{"@context":"https:\/\/schema.org","@graph":[{"@type":"WebPage","@id":"https:\/\/hd-multimedia.com\/trgovina\/topping-m50\/","url":"https:\/\/hd-multimedia.com\/trgovina\/topping-m50\/","name":"Topping M50 - music player - hd-multimedia","isPartOf":{"@id":"https:\/\/hd-multimedia.com\/#website"},"datePublished":"2022-08-11T11:59:10+00:00","dateModified":"2026-01-03T21:40:18+00:00","description":"Topping M50 je jednostavan i elegantan glazbeni ure\u0111aj koji prenosi digitalne audio signale visoke razlu\u010divosti do posebnog DAC\/AMP-a u va\u0161em audio lancu.","breadcrumb":{"@id":"https:\/\/hd-multimedia.com\/trgovina\/topping-m50\/#breadcrumb"},"inLanguage":"sl-SI","potentialAction":[{"@type":"ReadAction","target":["https:\/\/hd-multimedia.com\/trgovina\/topping-m50\/"]}]},{"@type":"BreadcrumbList","@id":"https:\/\/hd-multimedia.com\/trgovina\/topping-m50\/#breadcrumb","itemListElement":[{"@type":"ListItem","position":1,"name":"Po\u010detna stranica","item":"https:\/\/hd-multimedia.com\/"},{"@type":"ListItem","position":2,"name":"Trgovina","item":"https:\/\/hd-multimedia.com\/trgovina\/"},{"@type":"ListItem","position":3,"name":"Topping M50 &#8211; music player"}]},{"@type":"WebSite","@id":"https:\/\/hd-multimedia.com\/#website","url":"https:\/\/hd-multimedia.com\/","name":"hd-multimedia","description":"","publisher":{"@id":"https:\/\/hd-multimedia.com\/#organization"},"potentialAction":[{"@type":"SearchAction","target":{"@type":"EntryPoint","urlTemplate":"https:\/\/hd-multimedia.com\/?s={search_term_string}"},"query-input":"required name=search_term_string"}],"inLanguage":"sl-SI"},{"@type":"Organization","@id":"https:\/\/hd-multimedia.com\/#organization","name":"hd-multimedia","url":"https:\/\/hd-multimedia.com\/","logo":{"@type":"ImageObject","inLanguage":"sl-SI","@id":"https:\/\/hd-multimedia.com\/#\/schema\/logo\/image\/","url":"https:\/\/hd-multimedia.com\/hdm_media\/HD-curves-ok-196-56px-alpha-1.png","contentUrl":"https:\/\/hd-multimedia.com\/hdm_media\/HD-curves-ok-196-56px-alpha-1.png","width":196,"height":53,"caption":"hd-multimedia"},"image":{"@id":"https:\/\/hd-multimedia.com\/#\/schema\/logo\/image\/"}}]}},"post_mailing_queue_ids":[],"_links":{"self":[{"href":"https:\/\/hd-multimedia.com\/sl\/wp-json\/wp\/v2\/product\/8962","targetHints":{"allow":["GET"]}}],"collection":[{"href":"https:\/\/hd-multimedia.com\/sl\/wp-json\/wp\/v2\/product"}],"about":[{"href":"https:\/\/hd-multimedia.com\/sl\/wp-json\/wp\/v2\/types\/product"}],"version-history":[{"count":5,"href":"https:\/\/hd-multimedia.com\/sl\/wp-json\/wp\/v2\/product\/8962\/revisions"}],"predecessor-version":[{"id":14880,"href":"https:\/\/hd-multimedia.com\/sl\/wp-json\/wp\/v2\/product\/8962\/revisions\/14880"}],"wp:featuredmedia":[{"embeddable":true,"href":"https:\/\/hd-multimedia.com\/sl\/wp-json\/wp\/v2\/media\/8979"}],"wp:attachment":[{"href":"https:\/\/hd-multimedia.com\/sl\/wp-json\/wp\/v2\/media?parent=8962"}],"curies":[{"name":"wp","href":"https:\/\/api.w.org\/{rel}","templated":true}]}}