{"id":8607,"date":"2022-05-19T10:29:26","date_gmt":"2022-05-19T10:29:26","guid":{"rendered":"https:\/\/hd-multimedia.com\/?post_type=product&#038;p=8607"},"modified":"2025-04-10T10:28:43","modified_gmt":"2025-04-10T10:28:43","slug":"topping-la90","status":"publish","type":"product","link":"https:\/\/hd-multimedia.com\/sl\/trgovina\/topping-la90\/","title":{"rendered":"Topping LA90"},"content":{"rendered":"<p>Topping LA90 je mo\u010dan in u\u010dinkovit oja\u010devalnik, ki lahko deluje v stereo in mono na\u010dinu. V stereo na\u010dinu lahko zagotovi 2x90W mo\u010di pod 4\u03a9 (1% THD+N), v mono na\u010dinu lahko zagotovi 180W mo\u010di pod 8\u03a9 (1% THD+N). Topping LA90 ponuja kombiniran uravnote\u017een vhodni konektor, napravo lahko priklju\u010dite tako na 6,35 mm jack kot na XLR. Topping LA90 ponuja povsem novo raven zmogljivosti, ki razkriva neverjetno natan\u010dnost in jasnost reprodukcije, z linearnim odzivom in izjemno nizkim \u0161umom.<\/p>","protected":false},"excerpt":{"rendered":"<p>Topping LA90 je mo\u010dan in u\u010dinkovit oja\u010devalnik, zasnovan za delovanje v stereo in mono na\u010dinu. Oja\u010devalnik ima kombiniran uravnote\u017een vhodni priklju\u010dek, ki je zdru\u017eljiv s priklju\u010dki 6,35 mm Jack in XLR, kar zagotavlja vsestransko povezljivost. Topping LA90 je vgrajen v natan\u010dno CNC obdelano aluminijasto ohi\u0161je, ki zagotavlja sodoben videz in u\u010dinkovito za\u0161\u010dito notranjih komponent, medtem ko veliki hladilni odvodi ob straneh omogo\u010dajo u\u010dinkovito odvajanje toplote, ki jo oddaja notranja elektronika. Oja\u010devalnik se pona\u0161a z izjemno nizkim skupnim harmoni\u010dnim popa\u010denjem in \u0161umom, kar zagotavlja natan\u010dno reprodukcijo originalnega signala. Topping LA90 ponuja tri uravnote\u017eene vhode v kombiniranem formatu, kar omogo\u010da uporabo XLR in 6,35 mm TRS kablov ter dodatne tri priklju\u010dke za uporabo naprave v mono na\u010dinu. Glasnost lahko nastavljate z velikim gumbom na sprednji plo\u0161\u010di, mo\u017eno pa je tudi zaobiti nadzor glasnosti za povezavo oja\u010devalca s HiFi predoja\u010devalnikom, kar je \u0161e posebej uporabno za sinhronizacijo glasnosti pri uporabi dveh Topping LA90 v mono na\u010dinu.<\/p>\n<p>(Topping LA90 black je demo kopija)<\/p>","protected":false},"featured_media":8615,"template":"","meta":{"site-sidebar-layout":"default","site-content-layout":"default","ast-site-content-layout":"default","site-content-style":"default","site-sidebar-style":"default","ast-global-header-display":"","ast-banner-title-visibility":"","ast-main-header-display":"","ast-hfb-above-header-display":"","ast-hfb-below-header-display":"","ast-hfb-mobile-header-display":"","site-post-title":"","ast-breadcrumbs-content":"","ast-featured-img":"","footer-sml-layout":"","theme-transparent-header-meta":"default","adv-header-id-meta":"","stick-header-meta":"default","header-above-stick-meta":"","header-main-stick-meta":"","header-below-stick-meta":"","astra-migrate-meta-layouts":"set","ast-page-background-enabled":"default","ast-page-background-meta":{"desktop":{"background-color":"","background-image":"","background-repeat":"repeat","background-position":"center center","background-size":"auto","background-attachment":"scroll","background-type":"","background-media":"","overlay-type":"","overlay-color":"","overlay-opacity":"","overlay-gradient":""},"tablet":{"background-color":"","background-image":"","background-repeat":"repeat","background-position":"center center","background-size":"auto","background-attachment":"scroll","background-type":"","background-media":"","overlay-type":"","overlay-color":"","overlay-opacity":"","overlay-gradient":""},"mobile":{"background-color":"","background-image":"","background-repeat":"repeat","background-position":"center center","background-size":"auto","background-attachment":"scroll","background-type":"","background-media":"","overlay-type":"","overlay-color":"","overlay-opacity":"","overlay-gradient":""}},"ast-content-background-meta":{"desktop":{"background-color":"var(--ast-global-color-5)","background-image":"","background-repeat":"repeat","background-position":"center center","background-size":"auto","background-attachment":"scroll","background-type":"","background-media":"","overlay-type":"","overlay-color":"","overlay-opacity":"","overlay-gradient":""},"tablet":{"background-color":"var(--ast-global-color-5)","background-image":"","background-repeat":"repeat","background-position":"center center","background-size":"auto","background-attachment":"scroll","background-type":"","background-media":"","overlay-type":"","overlay-color":"","overlay-opacity":"","overlay-gradient":""},"mobile":{"background-color":"var(--ast-global-color-5)","background-image":"","background-repeat":"repeat","background-position":"center center","background-size":"auto","background-attachment":"scroll","background-type":"","background-media":"","overlay-type":"","overlay-color":"","overlay-opacity":"","overlay-gradient":""}}},"class_list":["post-8607","product","type-product","status-publish","has-post-thumbnail","hentry","product_cat-pojacala-snage","product_cat-integrirana-pojacala","product_cat-topping","desktop-align-center","tablet-align-center","mobile-align-center","ast-product-gallery-layout-horizontal","ast-magnify-disabled","ast-product-single-variable","ast-product-tabs-layout-horizontal"],"yoast_head":"<!-- This site is optimized with the Yoast SEO plugin v21.4 - https:\/\/yoast.com\/wordpress\/plugins\/seo\/ -->\n<title>Topping LA90 - hd-multimedia<\/title>\n<meta name=\"description\" content=\"Topping LA90 nudi potpuno novu razinu performansi, otkrivaju\u0107i nevjerojatnu to\u010dnost i jasno\u0107u reprodukcije, s linearnim odzivom i iznimno niskim \u0161umom.\" \/>\n<meta name=\"robots\" content=\"index, follow, max-snippet:-1, max-image-preview:large, max-video-preview:-1\" \/>\n<link rel=\"canonical\" href=\"https:\/\/hd-multimedia.com\/sl\/trgovina\/topping-la90\/\" \/>\n<meta property=\"og:locale\" content=\"sl_SI\" \/>\n<meta property=\"og:type\" content=\"article\" \/>\n<meta property=\"og:title\" content=\"Topping LA90 - hd-multimedia\" \/>\n<meta property=\"og:description\" content=\"Topping LA90 nudi potpuno novu razinu performansi, otkrivaju\u0107i nevjerojatnu to\u010dnost i jasno\u0107u reprodukcije, s linearnim odzivom i iznimno niskim \u0161umom.\" \/>\n<meta property=\"og:url\" content=\"https:\/\/hd-multimedia.com\/sl\/trgovina\/topping-la90\/\" \/>\n<meta property=\"og:site_name\" content=\"hd-multimedia\" \/>\n<meta property=\"article:modified_time\" content=\"2025-04-10T10:28:43+00:00\" \/>\n<meta property=\"og:image\" content=\"https:\/\/hd-multimedia.com\/hdm_media\/Topping-LA90-Black.jpg\" \/>\n\t<meta property=\"og:image:width\" content=\"900\" \/>\n\t<meta property=\"og:image:height\" content=\"900\" \/>\n\t<meta property=\"og:image:type\" content=\"image\/jpeg\" \/>\n<meta name=\"twitter:card\" content=\"summary_large_image\" \/>\n<meta name=\"twitter:label1\" content=\"Est. reading time\" \/>\n\t<meta name=\"twitter:data1\" content=\"1 minuta\" \/>\n<script type=\"application\/ld+json\" class=\"yoast-schema-graph\">{\"@context\":\"https:\/\/schema.org\",\"@graph\":[{\"@type\":\"WebPage\",\"@id\":\"https:\/\/hd-multimedia.com\/trgovina\/topping-la90\/\",\"url\":\"https:\/\/hd-multimedia.com\/trgovina\/topping-la90\/\",\"name\":\"Topping LA90 - hd-multimedia\",\"isPartOf\":{\"@id\":\"https:\/\/hd-multimedia.com\/#website\"},\"datePublished\":\"2022-05-19T10:29:26+00:00\",\"dateModified\":\"2025-04-10T10:28:43+00:00\",\"description\":\"Topping LA90 nudi potpuno novu razinu performansi, otkrivaju\u0107i nevjerojatnu to\u010dnost i jasno\u0107u reprodukcije, s linearnim odzivom i iznimno niskim \u0161umom.\",\"breadcrumb\":{\"@id\":\"https:\/\/hd-multimedia.com\/trgovina\/topping-la90\/#breadcrumb\"},\"inLanguage\":\"sl-SI\",\"potentialAction\":[{\"@type\":\"ReadAction\",\"target\":[\"https:\/\/hd-multimedia.com\/trgovina\/topping-la90\/\"]}]},{\"@type\":\"BreadcrumbList\",\"@id\":\"https:\/\/hd-multimedia.com\/trgovina\/topping-la90\/#breadcrumb\",\"itemListElement\":[{\"@type\":\"ListItem\",\"position\":1,\"name\":\"Po\u010detna stranica\",\"item\":\"https:\/\/hd-multimedia.com\/\"},{\"@type\":\"ListItem\",\"position\":2,\"name\":\"Trgovina\",\"item\":\"https:\/\/hd-multimedia.com\/trgovina\/\"},{\"@type\":\"ListItem\",\"position\":3,\"name\":\"Topping LA90\"}]},{\"@type\":\"WebSite\",\"@id\":\"https:\/\/hd-multimedia.com\/#website\",\"url\":\"https:\/\/hd-multimedia.com\/\",\"name\":\"hd-multimedia\",\"description\":\"\",\"publisher\":{\"@id\":\"https:\/\/hd-multimedia.com\/#organization\"},\"potentialAction\":[{\"@type\":\"SearchAction\",\"target\":{\"@type\":\"EntryPoint\",\"urlTemplate\":\"https:\/\/hd-multimedia.com\/?s={search_term_string}\"},\"query-input\":\"required name=search_term_string\"}],\"inLanguage\":\"sl-SI\"},{\"@type\":\"Organization\",\"@id\":\"https:\/\/hd-multimedia.com\/#organization\",\"name\":\"hd-multimedia\",\"url\":\"https:\/\/hd-multimedia.com\/\",\"logo\":{\"@type\":\"ImageObject\",\"inLanguage\":\"sl-SI\",\"@id\":\"https:\/\/hd-multimedia.com\/#\/schema\/logo\/image\/\",\"url\":\"https:\/\/hd-multimedia.com\/hdm_media\/HD-curves-ok-196-56px-alpha-1.png\",\"contentUrl\":\"https:\/\/hd-multimedia.com\/hdm_media\/HD-curves-ok-196-56px-alpha-1.png\",\"width\":196,\"height\":53,\"caption\":\"hd-multimedia\"},\"image\":{\"@id\":\"https:\/\/hd-multimedia.com\/#\/schema\/logo\/image\/\"}}]}<\/script>\n<!-- \/ Yoast SEO plugin. -->","yoast_head_json":{"title":"Topping LA90 - hd-multimedia","description":"Topping LA90 nudi potpuno novu razinu performansi, otkrivaju\u0107i nevjerojatnu to\u010dnost i jasno\u0107u reprodukcije, s linearnim odzivom i iznimno niskim \u0161umom.","robots":{"index":"index","follow":"follow","max-snippet":"max-snippet:-1","max-image-preview":"max-image-preview:large","max-video-preview":"max-video-preview:-1"},"canonical":"https:\/\/hd-multimedia.com\/sl\/trgovina\/topping-la90\/","og_locale":"sl_SI","og_type":"article","og_title":"Topping LA90 - hd-multimedia","og_description":"Topping LA90 nudi potpuno novu razinu performansi, otkrivaju\u0107i nevjerojatnu to\u010dnost i jasno\u0107u reprodukcije, s linearnim odzivom i iznimno niskim \u0161umom.","og_url":"https:\/\/hd-multimedia.com\/sl\/trgovina\/topping-la90\/","og_site_name":"hd-multimedia","article_modified_time":"2025-04-10T10:28:43+00:00","og_image":[{"width":900,"height":900,"url":"https:\/\/hd-multimedia.com\/hdm_media\/Topping-LA90-Black.jpg","type":"image\/jpeg"}],"twitter_card":"summary_large_image","twitter_misc":{"Est. reading time":"1 minuta"},"schema":{"@context":"https:\/\/schema.org","@graph":[{"@type":"WebPage","@id":"https:\/\/hd-multimedia.com\/trgovina\/topping-la90\/","url":"https:\/\/hd-multimedia.com\/trgovina\/topping-la90\/","name":"Topping LA90 - hd-multimedia","isPartOf":{"@id":"https:\/\/hd-multimedia.com\/#website"},"datePublished":"2022-05-19T10:29:26+00:00","dateModified":"2025-04-10T10:28:43+00:00","description":"Topping LA90 nudi potpuno novu razinu performansi, otkrivaju\u0107i nevjerojatnu to\u010dnost i jasno\u0107u reprodukcije, s linearnim odzivom i iznimno niskim \u0161umom.","breadcrumb":{"@id":"https:\/\/hd-multimedia.com\/trgovina\/topping-la90\/#breadcrumb"},"inLanguage":"sl-SI","potentialAction":[{"@type":"ReadAction","target":["https:\/\/hd-multimedia.com\/trgovina\/topping-la90\/"]}]},{"@type":"BreadcrumbList","@id":"https:\/\/hd-multimedia.com\/trgovina\/topping-la90\/#breadcrumb","itemListElement":[{"@type":"ListItem","position":1,"name":"Po\u010detna stranica","item":"https:\/\/hd-multimedia.com\/"},{"@type":"ListItem","position":2,"name":"Trgovina","item":"https:\/\/hd-multimedia.com\/trgovina\/"},{"@type":"ListItem","position":3,"name":"Topping LA90"}]},{"@type":"WebSite","@id":"https:\/\/hd-multimedia.com\/#website","url":"https:\/\/hd-multimedia.com\/","name":"hd-multimedia","description":"","publisher":{"@id":"https:\/\/hd-multimedia.com\/#organization"},"potentialAction":[{"@type":"SearchAction","target":{"@type":"EntryPoint","urlTemplate":"https:\/\/hd-multimedia.com\/?s={search_term_string}"},"query-input":"required name=search_term_string"}],"inLanguage":"sl-SI"},{"@type":"Organization","@id":"https:\/\/hd-multimedia.com\/#organization","name":"hd-multimedia","url":"https:\/\/hd-multimedia.com\/","logo":{"@type":"ImageObject","inLanguage":"sl-SI","@id":"https:\/\/hd-multimedia.com\/#\/schema\/logo\/image\/","url":"https:\/\/hd-multimedia.com\/hdm_media\/HD-curves-ok-196-56px-alpha-1.png","contentUrl":"https:\/\/hd-multimedia.com\/hdm_media\/HD-curves-ok-196-56px-alpha-1.png","width":196,"height":53,"caption":"hd-multimedia"},"image":{"@id":"https:\/\/hd-multimedia.com\/#\/schema\/logo\/image\/"}}]}},"post_mailing_queue_ids":[],"_links":{"self":[{"href":"https:\/\/hd-multimedia.com\/sl\/wp-json\/wp\/v2\/product\/8607","targetHints":{"allow":["GET"]}}],"collection":[{"href":"https:\/\/hd-multimedia.com\/sl\/wp-json\/wp\/v2\/product"}],"about":[{"href":"https:\/\/hd-multimedia.com\/sl\/wp-json\/wp\/v2\/types\/product"}],"version-history":[{"count":5,"href":"https:\/\/hd-multimedia.com\/sl\/wp-json\/wp\/v2\/product\/8607\/revisions"}],"predecessor-version":[{"id":16042,"href":"https:\/\/hd-multimedia.com\/sl\/wp-json\/wp\/v2\/product\/8607\/revisions\/16042"}],"wp:featuredmedia":[{"embeddable":true,"href":"https:\/\/hd-multimedia.com\/sl\/wp-json\/wp\/v2\/media\/8615"}],"wp:attachment":[{"href":"https:\/\/hd-multimedia.com\/sl\/wp-json\/wp\/v2\/media?parent=8607"}],"curies":[{"name":"wp","href":"https:\/\/api.w.org\/{rel}","templated":true}]}}