{"id":8392,"date":"2022-04-06T17:12:25","date_gmt":"2022-04-06T17:12:25","guid":{"rendered":"https:\/\/hd-multimedia.com\/?post_type=product&#038;p=8392"},"modified":"2024-07-22T06:49:46","modified_gmt":"2024-07-22T06:49:46","slug":"proac-sm100","status":"publish","type":"product","link":"https:\/\/hd-multimedia.com\/sl\/trgovina\/proac-sm100\/","title":{"rendered":"ProAc SM100"},"content":{"rendered":"<p>ProAc SM100 \u2013 (par) pasivni zvo\u010dniki.<\/p>\n<p>NAZIVNA IMPEDANCA: 8 ohmov<br \/>\nPRIPORO\u010cENI OJA\u010cEVALNIKI: 30-150 vatov<br \/>\nFREKVEN\u010cNI ODZIV: 35Hz \u2013 30kHz<br \/>\nOB\u010cUTLJIVOST: 88 dB linearno za 1 vat na 1 meter<br \/>\nBASS\/SREDNJEGON\u010cNIKI: ProAc 165 mm (6,5\u201d) obdelana membrana z gumijastim okvirjem in ProAc ko\u0161aro.<br \/>\nVISOKOTEK: ProAc 25 mm (1\u201d) ProAc svilena kupola s posebno sprednjo plo\u0161\u010do in zvitkom.<br \/>\nCROSSOVER: najbolj\u0161e komponente na namenskem vezju. Ve\u010d\u017eilni bakreni kabel brez kisika po vsem. Razdelitev za izbirno Bi Wiring in Bi Amplification.<br \/>\nVI\u0160INA (OMARA): 406 mm (16\u201d)<br \/>\n\u0160IRINA (OMARA): 203 mm (8\u201d)<br \/>\nGLOBINA (OMARA): 254 mm (10\u201d)<br \/>\nTE\u017dA vsakega 12 kg (26 lb)<br \/>\nNA\u010cIN: Priporo\u010dena monta\u017ea na stojalo, po potrebi se lahko namesti na polico<br \/>\nMRE\u017dKA: Zvo\u010dno prozorna nagubana<br \/>\nSTANDARDNI ZAKLJU\u010cKI: \u010de\u0161nja ali \u010drni pepel<\/p>","protected":false},"excerpt":{"rendered":"<p>ProAc SM100, nadgrajena razli\u010dica Studia 100, ima izbolj\u0161an dizajn Stewarta Tylerja. Z izbolj\u0161avami, kot so nadgrajen bas gonilnik, nov 1-pal\u010dni kupolasti visokotonec in preoblikovano kri\u017eansko omre\u017eje, ponuja izjemno tehni\u010dno zmogljivost. Gumijast okvir na bas gonilniku zagotavlja vzdr\u017eljivost in izbolj\u0161ano upravljanje mo\u010di, medtem ko natan\u010dno izdelano ohi\u0161je izbolj\u0161a kakovost. Novi visokotonec, ki ga je zasnoval ProAc, zmanj\u0161uje popa\u010denje z 1-pal\u010dno svileno kupolo in du\u0161eno prednjo plo\u0161\u010do. Crossover po meri z uporabo visokokakovostnih komponent optimizira splo\u0161no zmogljivost. Z ohranjanjem klasi\u010dnega zvo\u010dnega podpisa ProAc 100, SM100 zagotavlja bolj gladek in manj naporen odziv srednjega in visokega tona ter ponuja izbolj\u0161ane podrobnosti, natan\u010dno preslikavo in zmanj\u0161ano popa\u010denje v visokih tonih. Ne glede na to, ali ste novi v svetu ProAc ali nadgrajujete s Studia 100, SM100 predstavlja vrhunec studijskega spremljanja z naprednimi tehni\u010dnimi funkcijami.<\/p>\n<p>Ta model je na voljo pri proizvajalcu in ga je mogo\u010de naro\u010diti v barvi po va\u0161i izbiri. Dobava v 15 dneh od naro\u010dila.<\/p>","protected":false},"featured_media":8404,"template":"","meta":{"site-sidebar-layout":"default","site-content-layout":"default","ast-site-content-layout":"default","site-content-style":"default","site-sidebar-style":"default","ast-global-header-display":"","ast-banner-title-visibility":"","ast-main-header-display":"","ast-hfb-above-header-display":"","ast-hfb-below-header-display":"","ast-hfb-mobile-header-display":"","site-post-title":"","ast-breadcrumbs-content":"","ast-featured-img":"","footer-sml-layout":"","theme-transparent-header-meta":"default","adv-header-id-meta":"","stick-header-meta":"default","header-above-stick-meta":"","header-main-stick-meta":"","header-below-stick-meta":"","astra-migrate-meta-layouts":"set","ast-page-background-enabled":"default","ast-page-background-meta":{"desktop":{"background-color":"","background-image":"","background-repeat":"repeat","background-position":"center center","background-size":"auto","background-attachment":"scroll","background-type":"","background-media":"","overlay-type":"","overlay-color":"","overlay-opacity":"","overlay-gradient":""},"tablet":{"background-color":"","background-image":"","background-repeat":"repeat","background-position":"center center","background-size":"auto","background-attachment":"scroll","background-type":"","background-media":"","overlay-type":"","overlay-color":"","overlay-opacity":"","overlay-gradient":""},"mobile":{"background-color":"","background-image":"","background-repeat":"repeat","background-position":"center center","background-size":"auto","background-attachment":"scroll","background-type":"","background-media":"","overlay-type":"","overlay-color":"","overlay-opacity":"","overlay-gradient":""}},"ast-content-background-meta":{"desktop":{"background-color":"var(--ast-global-color-5)","background-image":"","background-repeat":"repeat","background-position":"center center","background-size":"auto","background-attachment":"scroll","background-type":"","background-media":"","overlay-type":"","overlay-color":"","overlay-opacity":"","overlay-gradient":""},"tablet":{"background-color":"var(--ast-global-color-5)","background-image":"","background-repeat":"repeat","background-position":"center center","background-size":"auto","background-attachment":"scroll","background-type":"","background-media":"","overlay-type":"","overlay-color":"","overlay-opacity":"","overlay-gradient":""},"mobile":{"background-color":"var(--ast-global-color-5)","background-image":"","background-repeat":"repeat","background-position":"center center","background-size":"auto","background-attachment":"scroll","background-type":"","background-media":"","overlay-type":"","overlay-color":"","overlay-opacity":"","overlay-gradient":""}}},"class_list":["post-8392","product","type-product","status-publish","has-post-thumbnail","hentry","product_cat-proac","product_cat-pasivne-zvucne-kutije","desktop-align-center","tablet-align-center","mobile-align-center","ast-product-gallery-layout-horizontal","ast-magnify-disabled","ast-product-single-variable","ast-product-tabs-layout-horizontal"],"yoast_head":"<!-- This site is optimized with the Yoast SEO plugin v21.4 - https:\/\/yoast.com\/wordpress\/plugins\/seo\/ -->\n<title>ProAc SM100 - hd-multimedia<\/title>\n<meta name=\"description\" content=\"ProAc SM100, nadogra\u0111ena verzija Studio 100, donosi unaprije\u0111eni dizajn Stewarta Tylera. S pobolj\u0161anjima poput unaprije\u0111enog bass drivera.\" \/>\n<meta name=\"robots\" content=\"index, follow, max-snippet:-1, max-image-preview:large, max-video-preview:-1\" \/>\n<link rel=\"canonical\" href=\"https:\/\/hd-multimedia.com\/sl\/trgovina\/proac-sm100\/\" \/>\n<meta property=\"og:locale\" content=\"sl_SI\" \/>\n<meta property=\"og:type\" content=\"article\" \/>\n<meta property=\"og:title\" content=\"ProAc SM100 - hd-multimedia\" \/>\n<meta property=\"og:description\" content=\"ProAc SM100, nadogra\u0111ena verzija Studio 100, donosi unaprije\u0111eni dizajn Stewarta Tylera. S pobolj\u0161anjima poput unaprije\u0111enog bass drivera.\" \/>\n<meta property=\"og:url\" content=\"https:\/\/hd-multimedia.com\/sl\/trgovina\/proac-sm100\/\" \/>\n<meta property=\"og:site_name\" content=\"hd-multimedia\" \/>\n<meta property=\"article:modified_time\" content=\"2024-07-22T06:49:46+00:00\" \/>\n<meta property=\"og:image\" content=\"https:\/\/hd-multimedia.com\/hdm_media\/SSM1005-e1668679759611.jpg\" \/>\n\t<meta property=\"og:image:width\" content=\"533\" \/>\n\t<meta property=\"og:image:height\" content=\"533\" \/>\n\t<meta property=\"og:image:type\" content=\"image\/jpeg\" \/>\n<meta name=\"twitter:card\" content=\"summary_large_image\" \/>\n<meta name=\"twitter:label1\" content=\"Est. reading time\" \/>\n\t<meta name=\"twitter:data1\" content=\"1 minuta\" \/>\n<script type=\"application\/ld+json\" class=\"yoast-schema-graph\">{\"@context\":\"https:\/\/schema.org\",\"@graph\":[{\"@type\":\"WebPage\",\"@id\":\"https:\/\/hd-multimedia.com\/trgovina\/proac-sm100\/\",\"url\":\"https:\/\/hd-multimedia.com\/trgovina\/proac-sm100\/\",\"name\":\"ProAc SM100 - hd-multimedia\",\"isPartOf\":{\"@id\":\"https:\/\/hd-multimedia.com\/#website\"},\"datePublished\":\"2022-04-06T17:12:25+00:00\",\"dateModified\":\"2024-07-22T06:49:46+00:00\",\"description\":\"ProAc SM100, nadogra\u0111ena verzija Studio 100, donosi unaprije\u0111eni dizajn Stewarta Tylera. S pobolj\u0161anjima poput unaprije\u0111enog bass drivera.\",\"breadcrumb\":{\"@id\":\"https:\/\/hd-multimedia.com\/trgovina\/proac-sm100\/#breadcrumb\"},\"inLanguage\":\"sl-SI\",\"potentialAction\":[{\"@type\":\"ReadAction\",\"target\":[\"https:\/\/hd-multimedia.com\/trgovina\/proac-sm100\/\"]}]},{\"@type\":\"BreadcrumbList\",\"@id\":\"https:\/\/hd-multimedia.com\/trgovina\/proac-sm100\/#breadcrumb\",\"itemListElement\":[{\"@type\":\"ListItem\",\"position\":1,\"name\":\"Po\u010detna stranica\",\"item\":\"https:\/\/hd-multimedia.com\/\"},{\"@type\":\"ListItem\",\"position\":2,\"name\":\"Trgovina\",\"item\":\"https:\/\/hd-multimedia.com\/trgovina\/\"},{\"@type\":\"ListItem\",\"position\":3,\"name\":\"ProAc SM100\"}]},{\"@type\":\"WebSite\",\"@id\":\"https:\/\/hd-multimedia.com\/#website\",\"url\":\"https:\/\/hd-multimedia.com\/\",\"name\":\"hd-multimedia\",\"description\":\"\",\"publisher\":{\"@id\":\"https:\/\/hd-multimedia.com\/#organization\"},\"potentialAction\":[{\"@type\":\"SearchAction\",\"target\":{\"@type\":\"EntryPoint\",\"urlTemplate\":\"https:\/\/hd-multimedia.com\/?s={search_term_string}\"},\"query-input\":\"required name=search_term_string\"}],\"inLanguage\":\"sl-SI\"},{\"@type\":\"Organization\",\"@id\":\"https:\/\/hd-multimedia.com\/#organization\",\"name\":\"hd-multimedia\",\"url\":\"https:\/\/hd-multimedia.com\/\",\"logo\":{\"@type\":\"ImageObject\",\"inLanguage\":\"sl-SI\",\"@id\":\"https:\/\/hd-multimedia.com\/#\/schema\/logo\/image\/\",\"url\":\"https:\/\/hd-multimedia.com\/hdm_media\/HD-curves-ok-196-56px-alpha-1.png\",\"contentUrl\":\"https:\/\/hd-multimedia.com\/hdm_media\/HD-curves-ok-196-56px-alpha-1.png\",\"width\":196,\"height\":53,\"caption\":\"hd-multimedia\"},\"image\":{\"@id\":\"https:\/\/hd-multimedia.com\/#\/schema\/logo\/image\/\"}}]}<\/script>\n<!-- \/ Yoast SEO plugin. -->","yoast_head_json":{"title":"ProAc SM100 - hd-multimedia","description":"ProAc SM100, nadogra\u0111ena verzija Studio 100, donosi unaprije\u0111eni dizajn Stewarta Tylera. S pobolj\u0161anjima poput unaprije\u0111enog bass drivera.","robots":{"index":"index","follow":"follow","max-snippet":"max-snippet:-1","max-image-preview":"max-image-preview:large","max-video-preview":"max-video-preview:-1"},"canonical":"https:\/\/hd-multimedia.com\/sl\/trgovina\/proac-sm100\/","og_locale":"sl_SI","og_type":"article","og_title":"ProAc SM100 - hd-multimedia","og_description":"ProAc SM100, nadogra\u0111ena verzija Studio 100, donosi unaprije\u0111eni dizajn Stewarta Tylera. S pobolj\u0161anjima poput unaprije\u0111enog bass drivera.","og_url":"https:\/\/hd-multimedia.com\/sl\/trgovina\/proac-sm100\/","og_site_name":"hd-multimedia","article_modified_time":"2024-07-22T06:49:46+00:00","og_image":[{"width":533,"height":533,"url":"https:\/\/hd-multimedia.com\/hdm_media\/SSM1005-e1668679759611.jpg","type":"image\/jpeg"}],"twitter_card":"summary_large_image","twitter_misc":{"Est. reading time":"1 minuta"},"schema":{"@context":"https:\/\/schema.org","@graph":[{"@type":"WebPage","@id":"https:\/\/hd-multimedia.com\/trgovina\/proac-sm100\/","url":"https:\/\/hd-multimedia.com\/trgovina\/proac-sm100\/","name":"ProAc SM100 - hd-multimedia","isPartOf":{"@id":"https:\/\/hd-multimedia.com\/#website"},"datePublished":"2022-04-06T17:12:25+00:00","dateModified":"2024-07-22T06:49:46+00:00","description":"ProAc SM100, nadogra\u0111ena verzija Studio 100, donosi unaprije\u0111eni dizajn Stewarta Tylera. S pobolj\u0161anjima poput unaprije\u0111enog bass drivera.","breadcrumb":{"@id":"https:\/\/hd-multimedia.com\/trgovina\/proac-sm100\/#breadcrumb"},"inLanguage":"sl-SI","potentialAction":[{"@type":"ReadAction","target":["https:\/\/hd-multimedia.com\/trgovina\/proac-sm100\/"]}]},{"@type":"BreadcrumbList","@id":"https:\/\/hd-multimedia.com\/trgovina\/proac-sm100\/#breadcrumb","itemListElement":[{"@type":"ListItem","position":1,"name":"Po\u010detna stranica","item":"https:\/\/hd-multimedia.com\/"},{"@type":"ListItem","position":2,"name":"Trgovina","item":"https:\/\/hd-multimedia.com\/trgovina\/"},{"@type":"ListItem","position":3,"name":"ProAc SM100"}]},{"@type":"WebSite","@id":"https:\/\/hd-multimedia.com\/#website","url":"https:\/\/hd-multimedia.com\/","name":"hd-multimedia","description":"","publisher":{"@id":"https:\/\/hd-multimedia.com\/#organization"},"potentialAction":[{"@type":"SearchAction","target":{"@type":"EntryPoint","urlTemplate":"https:\/\/hd-multimedia.com\/?s={search_term_string}"},"query-input":"required name=search_term_string"}],"inLanguage":"sl-SI"},{"@type":"Organization","@id":"https:\/\/hd-multimedia.com\/#organization","name":"hd-multimedia","url":"https:\/\/hd-multimedia.com\/","logo":{"@type":"ImageObject","inLanguage":"sl-SI","@id":"https:\/\/hd-multimedia.com\/#\/schema\/logo\/image\/","url":"https:\/\/hd-multimedia.com\/hdm_media\/HD-curves-ok-196-56px-alpha-1.png","contentUrl":"https:\/\/hd-multimedia.com\/hdm_media\/HD-curves-ok-196-56px-alpha-1.png","width":196,"height":53,"caption":"hd-multimedia"},"image":{"@id":"https:\/\/hd-multimedia.com\/#\/schema\/logo\/image\/"}}]}},"post_mailing_queue_ids":[],"_links":{"self":[{"href":"https:\/\/hd-multimedia.com\/sl\/wp-json\/wp\/v2\/product\/8392","targetHints":{"allow":["GET"]}}],"collection":[{"href":"https:\/\/hd-multimedia.com\/sl\/wp-json\/wp\/v2\/product"}],"about":[{"href":"https:\/\/hd-multimedia.com\/sl\/wp-json\/wp\/v2\/types\/product"}],"version-history":[{"count":9,"href":"https:\/\/hd-multimedia.com\/sl\/wp-json\/wp\/v2\/product\/8392\/revisions"}],"predecessor-version":[{"id":16054,"href":"https:\/\/hd-multimedia.com\/sl\/wp-json\/wp\/v2\/product\/8392\/revisions\/16054"}],"wp:featuredmedia":[{"embeddable":true,"href":"https:\/\/hd-multimedia.com\/sl\/wp-json\/wp\/v2\/media\/8404"}],"wp:attachment":[{"href":"https:\/\/hd-multimedia.com\/sl\/wp-json\/wp\/v2\/media?parent=8392"}],"curies":[{"name":"wp","href":"https:\/\/api.w.org\/{rel}","templated":true}]}}