{"id":7910,"date":"2022-01-20T13:56:12","date_gmt":"2022-01-20T13:56:12","guid":{"rendered":"https:\/\/hd-multimedia.com\/?post_type=product&#038;p=7910"},"modified":"2025-02-10T10:15:35","modified_gmt":"2025-02-10T10:15:35","slug":"fiio-fh9","status":"publish","type":"product","link":"https:\/\/hd-multimedia.com\/sl\/trgovina\/fiio-fh9\/","title":{"rendered":"FiiO FH9"},"content":{"rendered":"<p>FiiO FH9 je posebej ugla\u0161en za ustvarjanje neverjetno mo\u010dnega in uravnote\u017eenega nizkofrekven\u010dnega odziva. FiiO FH9 je opremljen s tremi zamenljivimi zvo\u010dnimi filtri, vsak filter ima svojo du\u0161enje in gostoto. Pomagajo malo prilagoditi zvok, uporabljajo se lahko glede na \u017eelje uporabnika. Par je opremljen z rde\u010dim filtrom za izbolj\u0161anje nizkih tonov, zelenim filtrom za pregleden in uravnote\u017een zvok in \u010drnim filtrom za podrobne visoke tone visoke lo\u010dljivosti.<\/p>\n<p>FiiO FH9 je prilo\u017een kablu iz monokristalnega srebra visoke \u010distosti z 9 \u017eicami po 28 \u017eic, kar je skupno 224 \u017eic. Vsaka \u017eica je lo\u010deno izolirana. Pletene so skupaj v vzorcu Litz. Zagotavlja vrhunske lastnosti zvo\u010dnega signala z izjemno nizko notranjo odpornostjo signala. V paketu ima zamenljive kon\u010dne vlo\u017eke s 4,4 mm, 3,5 mm in 2,5 mm.<\/p>","protected":false},"excerpt":{"rendered":"<p>FiiO FH9 so IEM-ji s hibridno konfiguracijo sedmih gonilnikov na vsaki strani. FiiO FH9 ima 13,6 mm 2. generacijo DLC membranskega dinami\u010dnega gonilnika v paru s \u0161estimi vrhunskimi uravnote\u017eenimi armaturnimi gonilniki, ki jih je oblikoval Knowles. FiiO FH9 zagotavlja resni\u010dno zvo\u010dno zmogljivost z odli\u010dnimi podrobnostmi in bogato naravno tonaliteto.<\/p>\n<p><a href=\"https:\/\/www.fiio.com\/fh9_comparisons\" target=\"_blank\" rel=\"noopener noreferrer\">FiiO FH9 \u2013 povezava do funkcij<\/a><\/p>","protected":false},"featured_media":12259,"template":"","meta":{"site-sidebar-layout":"default","site-content-layout":"default","ast-site-content-layout":"default","site-content-style":"default","site-sidebar-style":"default","ast-global-header-display":"","ast-banner-title-visibility":"","ast-main-header-display":"","ast-hfb-above-header-display":"","ast-hfb-below-header-display":"","ast-hfb-mobile-header-display":"","site-post-title":"","ast-breadcrumbs-content":"","ast-featured-img":"","footer-sml-layout":"","theme-transparent-header-meta":"default","adv-header-id-meta":"","stick-header-meta":"default","header-above-stick-meta":"","header-main-stick-meta":"","header-below-stick-meta":"","astra-migrate-meta-layouts":"set","ast-page-background-enabled":"default","ast-page-background-meta":{"desktop":{"background-color":"","background-image":"","background-repeat":"repeat","background-position":"center center","background-size":"auto","background-attachment":"scroll","background-type":"","background-media":"","overlay-type":"","overlay-color":"","overlay-opacity":"","overlay-gradient":""},"tablet":{"background-color":"","background-image":"","background-repeat":"repeat","background-position":"center center","background-size":"auto","background-attachment":"scroll","background-type":"","background-media":"","overlay-type":"","overlay-color":"","overlay-opacity":"","overlay-gradient":""},"mobile":{"background-color":"","background-image":"","background-repeat":"repeat","background-position":"center center","background-size":"auto","background-attachment":"scroll","background-type":"","background-media":"","overlay-type":"","overlay-color":"","overlay-opacity":"","overlay-gradient":""}},"ast-content-background-meta":{"desktop":{"background-color":"var(--ast-global-color-5)","background-image":"","background-repeat":"repeat","background-position":"center center","background-size":"auto","background-attachment":"scroll","background-type":"","background-media":"","overlay-type":"","overlay-color":"","overlay-opacity":"","overlay-gradient":""},"tablet":{"background-color":"var(--ast-global-color-5)","background-image":"","background-repeat":"repeat","background-position":"center center","background-size":"auto","background-attachment":"scroll","background-type":"","background-media":"","overlay-type":"","overlay-color":"","overlay-opacity":"","overlay-gradient":""},"mobile":{"background-color":"var(--ast-global-color-5)","background-image":"","background-repeat":"repeat","background-position":"center center","background-size":"auto","background-attachment":"scroll","background-type":"","background-media":"","overlay-type":"","overlay-color":"","overlay-opacity":"","overlay-gradient":""}}},"class_list":["post-7910","product","type-product","status-publish","has-post-thumbnail","hentry","product_cat-usne-slusalice-iem","product_cat-fiio","desktop-align-center","tablet-align-center","mobile-align-center","ast-product-gallery-layout-horizontal","ast-magnify-disabled","ast-product-tabs-layout-horizontal"],"yoast_head":"<!-- This site is optimized with the Yoast SEO plugin v21.4 - https:\/\/yoast.com\/wordpress\/plugins\/seo\/ -->\n<title>FiiO FH9 - hd-multimedia<\/title>\n<meta name=\"description\" content=\"FiiO FH9 osigurava da dobijete stvarnu zvu\u010dnu izvedbu koja ima izvrsne detalje i ima bogat prirodni tonalitet. FiiO FH9 ima sedam drivera sa svake strane.\" \/>\n<meta name=\"robots\" content=\"index, follow, max-snippet:-1, max-image-preview:large, max-video-preview:-1\" \/>\n<link rel=\"canonical\" href=\"https:\/\/hd-multimedia.com\/sl\/trgovina\/fiio-fh9\/\" \/>\n<meta property=\"og:locale\" content=\"sl_SI\" \/>\n<meta property=\"og:type\" content=\"article\" \/>\n<meta property=\"og:title\" content=\"FiiO FH9 - hd-multimedia\" \/>\n<meta property=\"og:description\" content=\"FiiO FH9 osigurava da dobijete stvarnu zvu\u010dnu izvedbu koja ima izvrsne detalje i ima bogat prirodni tonalitet. FiiO FH9 ima sedam drivera sa svake strane.\" \/>\n<meta property=\"og:url\" content=\"https:\/\/hd-multimedia.com\/sl\/trgovina\/fiio-fh9\/\" \/>\n<meta property=\"og:site_name\" content=\"hd-multimedia\" \/>\n<meta property=\"article:modified_time\" content=\"2025-02-10T10:15:35+00:00\" \/>\n<meta property=\"og:image\" content=\"https:\/\/hd-multimedia.com\/hdm_media\/FiiO-FH9-2-e1693834872991.jpg\" \/>\n\t<meta property=\"og:image:width\" content=\"1247\" \/>\n\t<meta property=\"og:image:height\" content=\"1247\" \/>\n\t<meta property=\"og:image:type\" content=\"image\/jpeg\" \/>\n<meta name=\"twitter:card\" content=\"summary_large_image\" \/>\n<meta name=\"twitter:label1\" content=\"Est. reading time\" \/>\n\t<meta name=\"twitter:data1\" content=\"1 minuta\" \/>\n<script type=\"application\/ld+json\" class=\"yoast-schema-graph\">{\"@context\":\"https:\/\/schema.org\",\"@graph\":[{\"@type\":\"WebPage\",\"@id\":\"https:\/\/hd-multimedia.com\/trgovina\/fiio-fh9\/\",\"url\":\"https:\/\/hd-multimedia.com\/trgovina\/fiio-fh9\/\",\"name\":\"FiiO FH9 - hd-multimedia\",\"isPartOf\":{\"@id\":\"https:\/\/hd-multimedia.com\/#website\"},\"datePublished\":\"2022-01-20T13:56:12+00:00\",\"dateModified\":\"2025-02-10T10:15:35+00:00\",\"description\":\"FiiO FH9 osigurava da dobijete stvarnu zvu\u010dnu izvedbu koja ima izvrsne detalje i ima bogat prirodni tonalitet. FiiO FH9 ima sedam drivera sa svake strane.\",\"breadcrumb\":{\"@id\":\"https:\/\/hd-multimedia.com\/trgovina\/fiio-fh9\/#breadcrumb\"},\"inLanguage\":\"sl-SI\",\"potentialAction\":[{\"@type\":\"ReadAction\",\"target\":[\"https:\/\/hd-multimedia.com\/trgovina\/fiio-fh9\/\"]}]},{\"@type\":\"BreadcrumbList\",\"@id\":\"https:\/\/hd-multimedia.com\/trgovina\/fiio-fh9\/#breadcrumb\",\"itemListElement\":[{\"@type\":\"ListItem\",\"position\":1,\"name\":\"Po\u010detna stranica\",\"item\":\"https:\/\/hd-multimedia.com\/\"},{\"@type\":\"ListItem\",\"position\":2,\"name\":\"Trgovina\",\"item\":\"https:\/\/hd-multimedia.com\/trgovina\/\"},{\"@type\":\"ListItem\",\"position\":3,\"name\":\"FiiO FH9\"}]},{\"@type\":\"WebSite\",\"@id\":\"https:\/\/hd-multimedia.com\/#website\",\"url\":\"https:\/\/hd-multimedia.com\/\",\"name\":\"hd-multimedia\",\"description\":\"\",\"publisher\":{\"@id\":\"https:\/\/hd-multimedia.com\/#organization\"},\"potentialAction\":[{\"@type\":\"SearchAction\",\"target\":{\"@type\":\"EntryPoint\",\"urlTemplate\":\"https:\/\/hd-multimedia.com\/?s={search_term_string}\"},\"query-input\":\"required name=search_term_string\"}],\"inLanguage\":\"sl-SI\"},{\"@type\":\"Organization\",\"@id\":\"https:\/\/hd-multimedia.com\/#organization\",\"name\":\"hd-multimedia\",\"url\":\"https:\/\/hd-multimedia.com\/\",\"logo\":{\"@type\":\"ImageObject\",\"inLanguage\":\"sl-SI\",\"@id\":\"https:\/\/hd-multimedia.com\/#\/schema\/logo\/image\/\",\"url\":\"https:\/\/hd-multimedia.com\/hdm_media\/HD-curves-ok-196-56px-alpha-1.png\",\"contentUrl\":\"https:\/\/hd-multimedia.com\/hdm_media\/HD-curves-ok-196-56px-alpha-1.png\",\"width\":196,\"height\":53,\"caption\":\"hd-multimedia\"},\"image\":{\"@id\":\"https:\/\/hd-multimedia.com\/#\/schema\/logo\/image\/\"}}]}<\/script>\n<!-- \/ Yoast SEO plugin. -->","yoast_head_json":{"title":"FiiO FH9 - hd-multimedia","description":"FiiO FH9 osigurava da dobijete stvarnu zvu\u010dnu izvedbu koja ima izvrsne detalje i ima bogat prirodni tonalitet. FiiO FH9 ima sedam drivera sa svake strane.","robots":{"index":"index","follow":"follow","max-snippet":"max-snippet:-1","max-image-preview":"max-image-preview:large","max-video-preview":"max-video-preview:-1"},"canonical":"https:\/\/hd-multimedia.com\/sl\/trgovina\/fiio-fh9\/","og_locale":"sl_SI","og_type":"article","og_title":"FiiO FH9 - hd-multimedia","og_description":"FiiO FH9 osigurava da dobijete stvarnu zvu\u010dnu izvedbu koja ima izvrsne detalje i ima bogat prirodni tonalitet. FiiO FH9 ima sedam drivera sa svake strane.","og_url":"https:\/\/hd-multimedia.com\/sl\/trgovina\/fiio-fh9\/","og_site_name":"hd-multimedia","article_modified_time":"2025-02-10T10:15:35+00:00","og_image":[{"width":1247,"height":1247,"url":"https:\/\/hd-multimedia.com\/hdm_media\/FiiO-FH9-2-e1693834872991.jpg","type":"image\/jpeg"}],"twitter_card":"summary_large_image","twitter_misc":{"Est. reading time":"1 minuta"},"schema":{"@context":"https:\/\/schema.org","@graph":[{"@type":"WebPage","@id":"https:\/\/hd-multimedia.com\/trgovina\/fiio-fh9\/","url":"https:\/\/hd-multimedia.com\/trgovina\/fiio-fh9\/","name":"FiiO FH9 - hd-multimedia","isPartOf":{"@id":"https:\/\/hd-multimedia.com\/#website"},"datePublished":"2022-01-20T13:56:12+00:00","dateModified":"2025-02-10T10:15:35+00:00","description":"FiiO FH9 osigurava da dobijete stvarnu zvu\u010dnu izvedbu koja ima izvrsne detalje i ima bogat prirodni tonalitet. FiiO FH9 ima sedam drivera sa svake strane.","breadcrumb":{"@id":"https:\/\/hd-multimedia.com\/trgovina\/fiio-fh9\/#breadcrumb"},"inLanguage":"sl-SI","potentialAction":[{"@type":"ReadAction","target":["https:\/\/hd-multimedia.com\/trgovina\/fiio-fh9\/"]}]},{"@type":"BreadcrumbList","@id":"https:\/\/hd-multimedia.com\/trgovina\/fiio-fh9\/#breadcrumb","itemListElement":[{"@type":"ListItem","position":1,"name":"Po\u010detna stranica","item":"https:\/\/hd-multimedia.com\/"},{"@type":"ListItem","position":2,"name":"Trgovina","item":"https:\/\/hd-multimedia.com\/trgovina\/"},{"@type":"ListItem","position":3,"name":"FiiO FH9"}]},{"@type":"WebSite","@id":"https:\/\/hd-multimedia.com\/#website","url":"https:\/\/hd-multimedia.com\/","name":"hd-multimedia","description":"","publisher":{"@id":"https:\/\/hd-multimedia.com\/#organization"},"potentialAction":[{"@type":"SearchAction","target":{"@type":"EntryPoint","urlTemplate":"https:\/\/hd-multimedia.com\/?s={search_term_string}"},"query-input":"required name=search_term_string"}],"inLanguage":"sl-SI"},{"@type":"Organization","@id":"https:\/\/hd-multimedia.com\/#organization","name":"hd-multimedia","url":"https:\/\/hd-multimedia.com\/","logo":{"@type":"ImageObject","inLanguage":"sl-SI","@id":"https:\/\/hd-multimedia.com\/#\/schema\/logo\/image\/","url":"https:\/\/hd-multimedia.com\/hdm_media\/HD-curves-ok-196-56px-alpha-1.png","contentUrl":"https:\/\/hd-multimedia.com\/hdm_media\/HD-curves-ok-196-56px-alpha-1.png","width":196,"height":53,"caption":"hd-multimedia"},"image":{"@id":"https:\/\/hd-multimedia.com\/#\/schema\/logo\/image\/"}}]}},"post_mailing_queue_ids":[],"_links":{"self":[{"href":"https:\/\/hd-multimedia.com\/sl\/wp-json\/wp\/v2\/product\/7910","targetHints":{"allow":["GET"]}}],"collection":[{"href":"https:\/\/hd-multimedia.com\/sl\/wp-json\/wp\/v2\/product"}],"about":[{"href":"https:\/\/hd-multimedia.com\/sl\/wp-json\/wp\/v2\/types\/product"}],"version-history":[{"count":4,"href":"https:\/\/hd-multimedia.com\/sl\/wp-json\/wp\/v2\/product\/7910\/revisions"}],"predecessor-version":[{"id":12256,"href":"https:\/\/hd-multimedia.com\/sl\/wp-json\/wp\/v2\/product\/7910\/revisions\/12256"}],"wp:featuredmedia":[{"embeddable":true,"href":"https:\/\/hd-multimedia.com\/sl\/wp-json\/wp\/v2\/media\/12259"}],"wp:attachment":[{"href":"https:\/\/hd-multimedia.com\/sl\/wp-json\/wp\/v2\/media?parent=7910"}],"curies":[{"name":"wp","href":"https:\/\/api.w.org\/{rel}","templated":true}]}}