{"id":7865,"date":"2022-01-18T11:27:44","date_gmt":"2022-01-18T11:27:44","guid":{"rendered":"https:\/\/hd-multimedia.com\/?post_type=product&#038;p=7865"},"modified":"2025-12-08T09:20:54","modified_gmt":"2025-12-08T09:20:54","slug":"fiio-btr5-2021-l-c","status":"publish","type":"product","link":"https:\/\/hd-multimedia.com\/sl\/trgovina\/fiio-btr5-2021-l-c\/","title":{"rendered":"FiiO BTR5 2021 LC"},"content":{"rendered":"<p>BTR5 2021 LC ima nov DAC ES9219C, ki ima mo\u010dnej\u0161o zmo\u017enost dekodiranja in bolj\u0161o zmogljivost, ki zagotavlja visok SNR ob nizki porabi energije.<br \/>\nDodana podpora za MQA, ki lahko odpre skladbe MQA na mobilni napravi. Pri delu z glasbenimi aplikacijami, ki podpirajo MQA, lahko dose\u017ee 16x predvajanje MQA.<\/p>\n<p>BTR5 2021 LC podpira preklop v na\u010din \u00bbUSB Audio Adapter mode\u00ab (USB klju\u010d) s samo enim pritiskom. Ko je vzpostavljena povezava USB, vas bo BTR5 2021 LC samodejno pozval, da vklopite na\u010din \u00bbUSB Audio Adapter\u00ab, ki onemogo\u010di polnjenje in vam omogo\u010da, da ga uporabljate kot avdio dodatek za va\u0161 telefon ali druge naprave. \u010ce v 15 sekundah ne izvedete nobene operacije, bo funkcija polnjenja ostala vklopljena.<\/p>","protected":false},"excerpt":{"rendered":"<p>BTR5 2021 oja\u010devalnik za slu\u0161alke, opremljen s priklju\u010dkom USB Type C in priklju\u010dkom Lightning. Vrhunski oja\u010devalnik za slu\u0161alke, zasnovan za zagotavljanje izjemne zvo\u010dne izku\u0161nje, namenjen tako avdiofilom kot vsakodnevnim ljubiteljem glasbe. Qualcomm CSR8675, ki uporablja Bluetooth \u010dip, ki ga je odobril avdiofil, je \u010dip z izbolj\u0161animi zvo\u010dnimi zmo\u017enostmi, kot sta podpora za 24-bitno obdelavo zvoka in 120 MHz DSP, kar mu omogo\u010da zmogljivo upravljanje z razli\u010dnimi funkcijami dekodiranja Bluetooth z lahkoto.<\/p>\n<p>Priklju\u010dek Lightning Apple in priklju\u010dek tipa C<\/p>\n<p><a href=\"https:\/\/www.fiio.com\/btr5_parameters\" target=\"_blank\" rel=\"noopener noreferrer\">BTR5 2021 LC Bluetooth oja\u010devalnik za slu\u0161alke \u2013 povezava do funkcij<\/a><\/p>","protected":false},"featured_media":3716,"template":"","meta":{"site-sidebar-layout":"default","site-content-layout":"default","ast-site-content-layout":"default","site-content-style":"default","site-sidebar-style":"default","ast-global-header-display":"","ast-banner-title-visibility":"","ast-main-header-display":"","ast-hfb-above-header-display":"","ast-hfb-below-header-display":"","ast-hfb-mobile-header-display":"","site-post-title":"","ast-breadcrumbs-content":"","ast-featured-img":"","footer-sml-layout":"","theme-transparent-header-meta":"default","adv-header-id-meta":"","stick-header-meta":"default","header-above-stick-meta":"","header-main-stick-meta":"","header-below-stick-meta":"","astra-migrate-meta-layouts":"set","ast-page-background-enabled":"default","ast-page-background-meta":{"desktop":{"background-color":"","background-image":"","background-repeat":"repeat","background-position":"center center","background-size":"auto","background-attachment":"scroll","background-type":"","background-media":"","overlay-type":"","overlay-color":"","overlay-opacity":"","overlay-gradient":""},"tablet":{"background-color":"","background-image":"","background-repeat":"repeat","background-position":"center center","background-size":"auto","background-attachment":"scroll","background-type":"","background-media":"","overlay-type":"","overlay-color":"","overlay-opacity":"","overlay-gradient":""},"mobile":{"background-color":"","background-image":"","background-repeat":"repeat","background-position":"center center","background-size":"auto","background-attachment":"scroll","background-type":"","background-media":"","overlay-type":"","overlay-color":"","overlay-opacity":"","overlay-gradient":""}},"ast-content-background-meta":{"desktop":{"background-color":"var(--ast-global-color-5)","background-image":"","background-repeat":"repeat","background-position":"center center","background-size":"auto","background-attachment":"scroll","background-type":"","background-media":"","overlay-type":"","overlay-color":"","overlay-opacity":"","overlay-gradient":""},"tablet":{"background-color":"var(--ast-global-color-5)","background-image":"","background-repeat":"repeat","background-position":"center center","background-size":"auto","background-attachment":"scroll","background-type":"","background-media":"","overlay-type":"","overlay-color":"","overlay-opacity":"","overlay-gradient":""},"mobile":{"background-color":"var(--ast-global-color-5)","background-image":"","background-repeat":"repeat","background-position":"center center","background-size":"auto","background-attachment":"scroll","background-type":"","background-media":"","overlay-type":"","overlay-color":"","overlay-opacity":"","overlay-gradient":""}}},"class_list":["post-7865","product","type-product","status-publish","has-post-thumbnail","hentry","product_cat-pojacala-smartphone","product_cat-fiio","desktop-align-center","tablet-align-center","mobile-align-center","ast-product-gallery-layout-horizontal","ast-magnify-disabled","ast-product-tabs-layout-horizontal"],"yoast_head":"<!-- This site is optimized with the Yoast SEO plugin v21.4 - https:\/\/yoast.com\/wordpress\/plugins\/seo\/ -->\n<title>FiiO BTR5 2021 L-C - hd-multimedia<\/title>\n<meta name=\"description\" content=\"FIIO BTR5 L-C (2021) - Be\u017ei\u0107no Bluetooth 5.o za slu\u0161alice sa Ligthning (Apple) konektorom. BTR5 2021 poja\u010dalo za slu\u0161alice opremljeno USB Type C konektorom.\" \/>\n<meta name=\"robots\" content=\"index, follow, max-snippet:-1, max-image-preview:large, max-video-preview:-1\" \/>\n<link rel=\"canonical\" href=\"https:\/\/hd-multimedia.com\/sl\/trgovina\/fiio-btr5-2021-l-c\/\" \/>\n<meta property=\"og:locale\" content=\"sl_SI\" \/>\n<meta property=\"og:type\" content=\"article\" \/>\n<meta property=\"og:title\" content=\"FiiO BTR5 2021 L-C - hd-multimedia\" \/>\n<meta property=\"og:description\" content=\"FIIO BTR5 L-C (2021) - Be\u017ei\u0107no Bluetooth 5.o za slu\u0161alice sa Ligthning (Apple) konektorom. BTR5 2021 poja\u010dalo za slu\u0161alice opremljeno USB Type C konektorom.\" \/>\n<meta property=\"og:url\" content=\"https:\/\/hd-multimedia.com\/sl\/trgovina\/fiio-btr5-2021-l-c\/\" \/>\n<meta property=\"og:site_name\" content=\"hd-multimedia\" \/>\n<meta property=\"article:modified_time\" content=\"2025-12-08T09:20:54+00:00\" \/>\n<meta property=\"og:image\" content=\"https:\/\/hd-multimedia.com\/hdm_media\/fiio-btr-5-e1594380600369.jpg\" \/>\n\t<meta property=\"og:image:width\" content=\"699\" \/>\n\t<meta property=\"og:image:height\" content=\"699\" \/>\n\t<meta property=\"og:image:type\" content=\"image\/jpeg\" \/>\n<meta name=\"twitter:card\" content=\"summary_large_image\" \/>\n<meta name=\"twitter:label1\" content=\"Est. reading time\" \/>\n\t<meta name=\"twitter:data1\" content=\"1 minuta\" \/>\n<script type=\"application\/ld+json\" class=\"yoast-schema-graph\">{\"@context\":\"https:\/\/schema.org\",\"@graph\":[{\"@type\":\"WebPage\",\"@id\":\"https:\/\/hd-multimedia.com\/trgovina\/fiio-btr5-2021-l-c\/\",\"url\":\"https:\/\/hd-multimedia.com\/trgovina\/fiio-btr5-2021-l-c\/\",\"name\":\"FiiO BTR5 2021 L-C - hd-multimedia\",\"isPartOf\":{\"@id\":\"https:\/\/hd-multimedia.com\/#website\"},\"datePublished\":\"2022-01-18T11:27:44+00:00\",\"dateModified\":\"2025-12-08T09:20:54+00:00\",\"description\":\"FIIO BTR5 L-C (2021) - Be\u017ei\u0107no Bluetooth 5.o za slu\u0161alice sa Ligthning (Apple) konektorom. BTR5 2021 poja\u010dalo za slu\u0161alice opremljeno USB Type C konektorom.\",\"breadcrumb\":{\"@id\":\"https:\/\/hd-multimedia.com\/trgovina\/fiio-btr5-2021-l-c\/#breadcrumb\"},\"inLanguage\":\"sl-SI\",\"potentialAction\":[{\"@type\":\"ReadAction\",\"target\":[\"https:\/\/hd-multimedia.com\/trgovina\/fiio-btr5-2021-l-c\/\"]}]},{\"@type\":\"BreadcrumbList\",\"@id\":\"https:\/\/hd-multimedia.com\/trgovina\/fiio-btr5-2021-l-c\/#breadcrumb\",\"itemListElement\":[{\"@type\":\"ListItem\",\"position\":1,\"name\":\"Po\u010detna stranica\",\"item\":\"https:\/\/hd-multimedia.com\/\"},{\"@type\":\"ListItem\",\"position\":2,\"name\":\"Trgovina\",\"item\":\"https:\/\/hd-multimedia.com\/trgovina\/\"},{\"@type\":\"ListItem\",\"position\":3,\"name\":\"FiiO BTR5 2021 L-C\"}]},{\"@type\":\"WebSite\",\"@id\":\"https:\/\/hd-multimedia.com\/#website\",\"url\":\"https:\/\/hd-multimedia.com\/\",\"name\":\"hd-multimedia\",\"description\":\"\",\"publisher\":{\"@id\":\"https:\/\/hd-multimedia.com\/#organization\"},\"potentialAction\":[{\"@type\":\"SearchAction\",\"target\":{\"@type\":\"EntryPoint\",\"urlTemplate\":\"https:\/\/hd-multimedia.com\/?s={search_term_string}\"},\"query-input\":\"required name=search_term_string\"}],\"inLanguage\":\"sl-SI\"},{\"@type\":\"Organization\",\"@id\":\"https:\/\/hd-multimedia.com\/#organization\",\"name\":\"hd-multimedia\",\"url\":\"https:\/\/hd-multimedia.com\/\",\"logo\":{\"@type\":\"ImageObject\",\"inLanguage\":\"sl-SI\",\"@id\":\"https:\/\/hd-multimedia.com\/#\/schema\/logo\/image\/\",\"url\":\"https:\/\/hd-multimedia.com\/hdm_media\/HD-curves-ok-196-56px-alpha-1.png\",\"contentUrl\":\"https:\/\/hd-multimedia.com\/hdm_media\/HD-curves-ok-196-56px-alpha-1.png\",\"width\":196,\"height\":53,\"caption\":\"hd-multimedia\"},\"image\":{\"@id\":\"https:\/\/hd-multimedia.com\/#\/schema\/logo\/image\/\"}}]}<\/script>\n<!-- \/ Yoast SEO plugin. -->","yoast_head_json":{"title":"FiiO BTR5 2021 L-C - hd-multimedia","description":"FIIO BTR5 L-C (2021) - Be\u017ei\u0107no Bluetooth 5.o za slu\u0161alice sa Ligthning (Apple) konektorom. BTR5 2021 poja\u010dalo za slu\u0161alice opremljeno USB Type C konektorom.","robots":{"index":"index","follow":"follow","max-snippet":"max-snippet:-1","max-image-preview":"max-image-preview:large","max-video-preview":"max-video-preview:-1"},"canonical":"https:\/\/hd-multimedia.com\/sl\/trgovina\/fiio-btr5-2021-l-c\/","og_locale":"sl_SI","og_type":"article","og_title":"FiiO BTR5 2021 L-C - hd-multimedia","og_description":"FIIO BTR5 L-C (2021) - Be\u017ei\u0107no Bluetooth 5.o za slu\u0161alice sa Ligthning (Apple) konektorom. BTR5 2021 poja\u010dalo za slu\u0161alice opremljeno USB Type C konektorom.","og_url":"https:\/\/hd-multimedia.com\/sl\/trgovina\/fiio-btr5-2021-l-c\/","og_site_name":"hd-multimedia","article_modified_time":"2025-12-08T09:20:54+00:00","og_image":[{"width":699,"height":699,"url":"https:\/\/hd-multimedia.com\/hdm_media\/fiio-btr-5-e1594380600369.jpg","type":"image\/jpeg"}],"twitter_card":"summary_large_image","twitter_misc":{"Est. reading time":"1 minuta"},"schema":{"@context":"https:\/\/schema.org","@graph":[{"@type":"WebPage","@id":"https:\/\/hd-multimedia.com\/trgovina\/fiio-btr5-2021-l-c\/","url":"https:\/\/hd-multimedia.com\/trgovina\/fiio-btr5-2021-l-c\/","name":"FiiO BTR5 2021 L-C - hd-multimedia","isPartOf":{"@id":"https:\/\/hd-multimedia.com\/#website"},"datePublished":"2022-01-18T11:27:44+00:00","dateModified":"2025-12-08T09:20:54+00:00","description":"FIIO BTR5 L-C (2021) - Be\u017ei\u0107no Bluetooth 5.o za slu\u0161alice sa Ligthning (Apple) konektorom. BTR5 2021 poja\u010dalo za slu\u0161alice opremljeno USB Type C konektorom.","breadcrumb":{"@id":"https:\/\/hd-multimedia.com\/trgovina\/fiio-btr5-2021-l-c\/#breadcrumb"},"inLanguage":"sl-SI","potentialAction":[{"@type":"ReadAction","target":["https:\/\/hd-multimedia.com\/trgovina\/fiio-btr5-2021-l-c\/"]}]},{"@type":"BreadcrumbList","@id":"https:\/\/hd-multimedia.com\/trgovina\/fiio-btr5-2021-l-c\/#breadcrumb","itemListElement":[{"@type":"ListItem","position":1,"name":"Po\u010detna stranica","item":"https:\/\/hd-multimedia.com\/"},{"@type":"ListItem","position":2,"name":"Trgovina","item":"https:\/\/hd-multimedia.com\/trgovina\/"},{"@type":"ListItem","position":3,"name":"FiiO BTR5 2021 L-C"}]},{"@type":"WebSite","@id":"https:\/\/hd-multimedia.com\/#website","url":"https:\/\/hd-multimedia.com\/","name":"hd-multimedia","description":"","publisher":{"@id":"https:\/\/hd-multimedia.com\/#organization"},"potentialAction":[{"@type":"SearchAction","target":{"@type":"EntryPoint","urlTemplate":"https:\/\/hd-multimedia.com\/?s={search_term_string}"},"query-input":"required name=search_term_string"}],"inLanguage":"sl-SI"},{"@type":"Organization","@id":"https:\/\/hd-multimedia.com\/#organization","name":"hd-multimedia","url":"https:\/\/hd-multimedia.com\/","logo":{"@type":"ImageObject","inLanguage":"sl-SI","@id":"https:\/\/hd-multimedia.com\/#\/schema\/logo\/image\/","url":"https:\/\/hd-multimedia.com\/hdm_media\/HD-curves-ok-196-56px-alpha-1.png","contentUrl":"https:\/\/hd-multimedia.com\/hdm_media\/HD-curves-ok-196-56px-alpha-1.png","width":196,"height":53,"caption":"hd-multimedia"},"image":{"@id":"https:\/\/hd-multimedia.com\/#\/schema\/logo\/image\/"}}]}},"post_mailing_queue_ids":[],"_links":{"self":[{"href":"https:\/\/hd-multimedia.com\/sl\/wp-json\/wp\/v2\/product\/7865","targetHints":{"allow":["GET"]}}],"collection":[{"href":"https:\/\/hd-multimedia.com\/sl\/wp-json\/wp\/v2\/product"}],"about":[{"href":"https:\/\/hd-multimedia.com\/sl\/wp-json\/wp\/v2\/types\/product"}],"version-history":[{"count":11,"href":"https:\/\/hd-multimedia.com\/sl\/wp-json\/wp\/v2\/product\/7865\/revisions"}],"predecessor-version":[{"id":17386,"href":"https:\/\/hd-multimedia.com\/sl\/wp-json\/wp\/v2\/product\/7865\/revisions\/17386"}],"wp:featuredmedia":[{"embeddable":true,"href":"https:\/\/hd-multimedia.com\/sl\/wp-json\/wp\/v2\/media\/3716"}],"wp:attachment":[{"href":"https:\/\/hd-multimedia.com\/sl\/wp-json\/wp\/v2\/media?parent=7865"}],"curies":[{"name":"wp","href":"https:\/\/api.w.org\/{rel}","templated":true}]}}