{"id":7067,"date":"2021-11-13T17:11:31","date_gmt":"2021-11-13T17:11:31","guid":{"rendered":"https:\/\/hd-multimedia.com\/?post_type=product&#038;p=7067"},"modified":"2026-04-21T18:47:19","modified_gmt":"2026-04-21T18:47:19","slug":"airpulse-a80","status":"publish","type":"product","link":"https:\/\/hd-multimedia.com\/sl\/trgovina\/airpulse-a80\/","title":{"rendered":"Airpulse A80"},"content":{"rendered":"<p>Airpulse A80 \u2013 vsestranski z ve\u010d vhodi in brez\u017ei\u010dno povezavo Bluetooth, procesorjem XMOS in zvo\u010dnimi vrati USB. Visoko u\u010dinkovit digitalni oja\u010devalnik mo\u010di razreda D in podpira visokokakovostno predvajanje zvoka visoke lo\u010dljivosti s certifikatom visoke lo\u010dljivosti.<\/p>\n<p>Njegova vgrajena funkcija USB XMOS mo\u010dno olaj\u0161a \u017eivljenje, saj lahko predvajate visokokakovostne zvo\u010dne vire brez stiskanja in nato u\u017eivate v glasbi brez izgub, tako da preprosto prenesete in namestite programske pakete. Funkcija neodvisne nastavitve visokih in nizkih tonov A80 pomaga uporabniku enostavno nastaviti svetlost visokih frekvenc in koli\u010dino nizkih tonov glede na geometrijo okolja za poslu\u0161anje.<\/p>\n<p>&nbsp;<\/p>","protected":false},"excerpt":{"rendered":"<p>Sistem zvo\u010dnikov Airpulse A80 Active Bookshelf je odli\u010dna kombinacija edinstveno oblikovanega obi\u010dajnega zvo\u010dnika in digitalnega sistema XMOS. Natan\u010dno ugla\u0161evanje omogo\u010da A80 natan\u010dno reprodukcijo katere koli vrste glasbe.<\/p>\n<p><a href=\"https:\/\/edifier-online.com\/us\/en\/speakers\/a80\" target=\"_blank\" rel=\"noopener\">Povezava za dodatne informacije o specifikacijah!<\/a><\/p>","protected":false},"featured_media":17583,"template":"","meta":{"site-sidebar-layout":"default","site-content-layout":"default","ast-site-content-layout":"default","site-content-style":"default","site-sidebar-style":"default","ast-global-header-display":"","ast-banner-title-visibility":"","ast-main-header-display":"","ast-hfb-above-header-display":"","ast-hfb-below-header-display":"","ast-hfb-mobile-header-display":"","site-post-title":"","ast-breadcrumbs-content":"","ast-featured-img":"","footer-sml-layout":"","theme-transparent-header-meta":"default","adv-header-id-meta":"","stick-header-meta":"default","header-above-stick-meta":"","header-main-stick-meta":"","header-below-stick-meta":"","astra-migrate-meta-layouts":"set","ast-page-background-enabled":"default","ast-page-background-meta":{"desktop":{"background-color":"","background-image":"","background-repeat":"repeat","background-position":"center center","background-size":"auto","background-attachment":"scroll","background-type":"","background-media":"","overlay-type":"","overlay-color":"","overlay-opacity":"","overlay-gradient":""},"tablet":{"background-color":"","background-image":"","background-repeat":"repeat","background-position":"center center","background-size":"auto","background-attachment":"scroll","background-type":"","background-media":"","overlay-type":"","overlay-color":"","overlay-opacity":"","overlay-gradient":""},"mobile":{"background-color":"","background-image":"","background-repeat":"repeat","background-position":"center center","background-size":"auto","background-attachment":"scroll","background-type":"","background-media":"","overlay-type":"","overlay-color":"","overlay-opacity":"","overlay-gradient":""}},"ast-content-background-meta":{"desktop":{"background-color":"var(--ast-global-color-5)","background-image":"","background-repeat":"repeat","background-position":"center center","background-size":"auto","background-attachment":"scroll","background-type":"","background-media":"","overlay-type":"","overlay-color":"","overlay-opacity":"","overlay-gradient":""},"tablet":{"background-color":"var(--ast-global-color-5)","background-image":"","background-repeat":"repeat","background-position":"center center","background-size":"auto","background-attachment":"scroll","background-type":"","background-media":"","overlay-type":"","overlay-color":"","overlay-opacity":"","overlay-gradient":""},"mobile":{"background-color":"var(--ast-global-color-5)","background-image":"","background-repeat":"repeat","background-position":"center center","background-size":"auto","background-attachment":"scroll","background-type":"","background-media":"","overlay-type":"","overlay-color":"","overlay-opacity":"","overlay-gradient":""}}},"class_list":["post-7067","product","type-product","status-publish","has-post-thumbnail","hentry","product_cat-aktivne-zvucne-kutije","product_cat-airpulse","desktop-align-center","tablet-align-center","mobile-align-center","ast-product-gallery-layout-horizontal","ast-magnify-disabled","ast-product-single-variable","ast-product-tabs-layout-horizontal"],"yoast_head":"<!-- This site is optimized with the Yoast SEO plugin v21.4 - https:\/\/yoast.com\/wordpress\/plugins\/seo\/ -->\n<title>Airpulse A80 - hd-multimedia<\/title>\n<meta name=\"description\" content=\"Airpulse A80 - Svestran s vi\u0161estrukim ulazima i Bluetooth be\u017ei\u010dnom vezom i USB audio priklju\u010dak. Visokou\u010dinkovito digitalno poja\u010dalo snage Class-D\" \/>\n<meta name=\"robots\" content=\"index, follow, max-snippet:-1, max-image-preview:large, max-video-preview:-1\" \/>\n<link rel=\"canonical\" href=\"https:\/\/hd-multimedia.com\/sl\/trgovina\/airpulse-a80\/\" \/>\n<meta property=\"og:locale\" content=\"sl_SI\" \/>\n<meta property=\"og:type\" content=\"article\" \/>\n<meta property=\"og:title\" content=\"Airpulse A80 - hd-multimedia\" \/>\n<meta property=\"og:description\" content=\"Airpulse A80 - Svestran s vi\u0161estrukim ulazima i Bluetooth be\u017ei\u010dnom vezom i USB audio priklju\u010dak. Visokou\u010dinkovito digitalno poja\u010dalo snage Class-D\" \/>\n<meta property=\"og:url\" content=\"https:\/\/hd-multimedia.com\/sl\/trgovina\/airpulse-a80\/\" \/>\n<meta property=\"og:site_name\" content=\"hd-multimedia\" \/>\n<meta property=\"article:modified_time\" content=\"2026-04-21T18:47:19+00:00\" \/>\n<meta property=\"og:image\" content=\"https:\/\/hd-multimedia.com\/hdm_media\/A80-2-scaled-e1637826124701-1.jpg\" \/>\n\t<meta property=\"og:image:width\" content=\"2105\" \/>\n\t<meta property=\"og:image:height\" content=\"2105\" \/>\n\t<meta property=\"og:image:type\" content=\"image\/jpeg\" \/>\n<meta name=\"twitter:card\" content=\"summary_large_image\" \/>\n<meta name=\"twitter:label1\" content=\"Est. reading time\" \/>\n\t<meta name=\"twitter:data1\" content=\"1 minuta\" \/>\n<script type=\"application\/ld+json\" class=\"yoast-schema-graph\">{\"@context\":\"https:\/\/schema.org\",\"@graph\":[{\"@type\":\"WebPage\",\"@id\":\"https:\/\/hd-multimedia.com\/trgovina\/airpulse-a80\/\",\"url\":\"https:\/\/hd-multimedia.com\/trgovina\/airpulse-a80\/\",\"name\":\"Airpulse A80 - hd-multimedia\",\"isPartOf\":{\"@id\":\"https:\/\/hd-multimedia.com\/#website\"},\"datePublished\":\"2021-11-13T17:11:31+00:00\",\"dateModified\":\"2026-04-21T18:47:19+00:00\",\"description\":\"Airpulse A80 - Svestran s vi\u0161estrukim ulazima i Bluetooth be\u017ei\u010dnom vezom i USB audio priklju\u010dak. Visokou\u010dinkovito digitalno poja\u010dalo snage Class-D\",\"breadcrumb\":{\"@id\":\"https:\/\/hd-multimedia.com\/trgovina\/airpulse-a80\/#breadcrumb\"},\"inLanguage\":\"sl-SI\",\"potentialAction\":[{\"@type\":\"ReadAction\",\"target\":[\"https:\/\/hd-multimedia.com\/trgovina\/airpulse-a80\/\"]}]},{\"@type\":\"BreadcrumbList\",\"@id\":\"https:\/\/hd-multimedia.com\/trgovina\/airpulse-a80\/#breadcrumb\",\"itemListElement\":[{\"@type\":\"ListItem\",\"position\":1,\"name\":\"Po\u010detna stranica\",\"item\":\"https:\/\/hd-multimedia.com\/\"},{\"@type\":\"ListItem\",\"position\":2,\"name\":\"Trgovina\",\"item\":\"https:\/\/hd-multimedia.com\/trgovina\/\"},{\"@type\":\"ListItem\",\"position\":3,\"name\":\"Airpulse A80\"}]},{\"@type\":\"WebSite\",\"@id\":\"https:\/\/hd-multimedia.com\/#website\",\"url\":\"https:\/\/hd-multimedia.com\/\",\"name\":\"hd-multimedia\",\"description\":\"\",\"publisher\":{\"@id\":\"https:\/\/hd-multimedia.com\/#organization\"},\"potentialAction\":[{\"@type\":\"SearchAction\",\"target\":{\"@type\":\"EntryPoint\",\"urlTemplate\":\"https:\/\/hd-multimedia.com\/?s={search_term_string}\"},\"query-input\":\"required name=search_term_string\"}],\"inLanguage\":\"sl-SI\"},{\"@type\":\"Organization\",\"@id\":\"https:\/\/hd-multimedia.com\/#organization\",\"name\":\"hd-multimedia\",\"url\":\"https:\/\/hd-multimedia.com\/\",\"logo\":{\"@type\":\"ImageObject\",\"inLanguage\":\"sl-SI\",\"@id\":\"https:\/\/hd-multimedia.com\/#\/schema\/logo\/image\/\",\"url\":\"https:\/\/hd-multimedia.com\/hdm_media\/HD-curves-ok-196-56px-alpha-1.png\",\"contentUrl\":\"https:\/\/hd-multimedia.com\/hdm_media\/HD-curves-ok-196-56px-alpha-1.png\",\"width\":196,\"height\":53,\"caption\":\"hd-multimedia\"},\"image\":{\"@id\":\"https:\/\/hd-multimedia.com\/#\/schema\/logo\/image\/\"}}]}<\/script>\n<!-- \/ Yoast SEO plugin. -->","yoast_head_json":{"title":"Airpulse A80 - hd-multimedia","description":"Airpulse A80 - Svestran s vi\u0161estrukim ulazima i Bluetooth be\u017ei\u010dnom vezom i USB audio priklju\u010dak. Visokou\u010dinkovito digitalno poja\u010dalo snage Class-D","robots":{"index":"index","follow":"follow","max-snippet":"max-snippet:-1","max-image-preview":"max-image-preview:large","max-video-preview":"max-video-preview:-1"},"canonical":"https:\/\/hd-multimedia.com\/sl\/trgovina\/airpulse-a80\/","og_locale":"sl_SI","og_type":"article","og_title":"Airpulse A80 - hd-multimedia","og_description":"Airpulse A80 - Svestran s vi\u0161estrukim ulazima i Bluetooth be\u017ei\u010dnom vezom i USB audio priklju\u010dak. Visokou\u010dinkovito digitalno poja\u010dalo snage Class-D","og_url":"https:\/\/hd-multimedia.com\/sl\/trgovina\/airpulse-a80\/","og_site_name":"hd-multimedia","article_modified_time":"2026-04-21T18:47:19+00:00","og_image":[{"width":2105,"height":2105,"url":"https:\/\/hd-multimedia.com\/hdm_media\/A80-2-scaled-e1637826124701-1.jpg","type":"image\/jpeg"}],"twitter_card":"summary_large_image","twitter_misc":{"Est. reading time":"1 minuta"},"schema":{"@context":"https:\/\/schema.org","@graph":[{"@type":"WebPage","@id":"https:\/\/hd-multimedia.com\/trgovina\/airpulse-a80\/","url":"https:\/\/hd-multimedia.com\/trgovina\/airpulse-a80\/","name":"Airpulse A80 - hd-multimedia","isPartOf":{"@id":"https:\/\/hd-multimedia.com\/#website"},"datePublished":"2021-11-13T17:11:31+00:00","dateModified":"2026-04-21T18:47:19+00:00","description":"Airpulse A80 - Svestran s vi\u0161estrukim ulazima i Bluetooth be\u017ei\u010dnom vezom i USB audio priklju\u010dak. Visokou\u010dinkovito digitalno poja\u010dalo snage Class-D","breadcrumb":{"@id":"https:\/\/hd-multimedia.com\/trgovina\/airpulse-a80\/#breadcrumb"},"inLanguage":"sl-SI","potentialAction":[{"@type":"ReadAction","target":["https:\/\/hd-multimedia.com\/trgovina\/airpulse-a80\/"]}]},{"@type":"BreadcrumbList","@id":"https:\/\/hd-multimedia.com\/trgovina\/airpulse-a80\/#breadcrumb","itemListElement":[{"@type":"ListItem","position":1,"name":"Po\u010detna stranica","item":"https:\/\/hd-multimedia.com\/"},{"@type":"ListItem","position":2,"name":"Trgovina","item":"https:\/\/hd-multimedia.com\/trgovina\/"},{"@type":"ListItem","position":3,"name":"Airpulse A80"}]},{"@type":"WebSite","@id":"https:\/\/hd-multimedia.com\/#website","url":"https:\/\/hd-multimedia.com\/","name":"hd-multimedia","description":"","publisher":{"@id":"https:\/\/hd-multimedia.com\/#organization"},"potentialAction":[{"@type":"SearchAction","target":{"@type":"EntryPoint","urlTemplate":"https:\/\/hd-multimedia.com\/?s={search_term_string}"},"query-input":"required name=search_term_string"}],"inLanguage":"sl-SI"},{"@type":"Organization","@id":"https:\/\/hd-multimedia.com\/#organization","name":"hd-multimedia","url":"https:\/\/hd-multimedia.com\/","logo":{"@type":"ImageObject","inLanguage":"sl-SI","@id":"https:\/\/hd-multimedia.com\/#\/schema\/logo\/image\/","url":"https:\/\/hd-multimedia.com\/hdm_media\/HD-curves-ok-196-56px-alpha-1.png","contentUrl":"https:\/\/hd-multimedia.com\/hdm_media\/HD-curves-ok-196-56px-alpha-1.png","width":196,"height":53,"caption":"hd-multimedia"},"image":{"@id":"https:\/\/hd-multimedia.com\/#\/schema\/logo\/image\/"}}]}},"post_mailing_queue_ids":[],"_links":{"self":[{"href":"https:\/\/hd-multimedia.com\/sl\/wp-json\/wp\/v2\/product\/7067","targetHints":{"allow":["GET"]}}],"collection":[{"href":"https:\/\/hd-multimedia.com\/sl\/wp-json\/wp\/v2\/product"}],"about":[{"href":"https:\/\/hd-multimedia.com\/sl\/wp-json\/wp\/v2\/types\/product"}],"version-history":[{"count":6,"href":"https:\/\/hd-multimedia.com\/sl\/wp-json\/wp\/v2\/product\/7067\/revisions"}],"predecessor-version":[{"id":11940,"href":"https:\/\/hd-multimedia.com\/sl\/wp-json\/wp\/v2\/product\/7067\/revisions\/11940"}],"wp:featuredmedia":[{"embeddable":true,"href":"https:\/\/hd-multimedia.com\/sl\/wp-json\/wp\/v2\/media\/17583"}],"wp:attachment":[{"href":"https:\/\/hd-multimedia.com\/sl\/wp-json\/wp\/v2\/media?parent=7067"}],"curies":[{"name":"wp","href":"https:\/\/api.w.org\/{rel}","templated":true}]}}