{"id":6795,"date":"2021-10-15T13:10:33","date_gmt":"2021-10-15T13:10:33","guid":{"rendered":"https:\/\/hd-multimedia.com\/?post_type=product&#038;p=6795"},"modified":"2024-11-12T09:23:12","modified_gmt":"2024-11-12T09:23:12","slug":"smsl-vmv-a2","status":"publish","type":"product","link":"https:\/\/hd-multimedia.com\/sl\/trgovina\/smsl-vmv-a2\/","title":{"rendered":"SMSL VMV A2"},"content":{"rendered":"<p>SMSL VMV A2 \u2013 integrirani stereo oja\u010devalec za zvo\u010dnike razreda D Mo\u010d: 2x 200W\/4ohm, 2x 100W\/8ohm. Harmoni\u010dno popa\u010denje (THD+N) manj kot 0,0008%. Zvesta reprodukcija glasbe na velikih pasivnih zvo\u010dnikih.<\/p>\n<p>Vhodi: USB2.0\/opti\u010dni TOSLINK\/Bluetooth\/koaksialni SPDIF\/uravnote\u017eeni AES\/analogni vhodi. Pridobite nadzor. Mo\u017enost upravljanja nizkih, srednjih in visokih tonov (EQ). Izhod in nadzor za subwoofer. Edinstvena zasnova oja\u010devalnika z digitalno povratno informacijo, ki se vzor\u010di po izhodnem filtru.<\/p>\n<p><a href=\"https:\/\/www.smsl-audio.com\/portal\/product\/detail\/id\/747.html\" target=\"_blank\" rel=\"noopener\">Ostale informacije najdete na tej povezavi.<\/a><\/p>","protected":false},"excerpt":{"rendered":"<p>SMSL VMV A2 \u2013 integrirani stereo oja\u010devalec za zvo\u010dnike razreda D Mo\u010d: 2x 200W\/4ohm, 2x 100W\/8ohm. Harmoni\u010dno popa\u010denje (THD+N) manj kot 0,0008%. Zvesta reprodukcija glasbe na velikih pasivnih zvo\u010dnikih. Vhodi: USB2.0\/opti\u010dni TOSLINK\/Bluetooth\/koaksialni SPDIF\/uravnote\u017eeni AES\/analogni vhodi. Pridobite nadzor. Mo\u017enost upravljanja nizkih, srednjih in visokih tonov (EQ). Izhod in nadzor za subwoofer. Edinstvena zasnova oja\u010devalnika z digitalno povratno informacijo, ki se vzor\u010di po izhodnem filtru.<\/p>\n<p><a href=\"https:\/\/www.smsl-audio.com\/portal\/product\/detail\/id\/747.html\" target=\"_blank\" rel=\"noopener\">Ostale informacije najdete na tej povezavi.<\/a><\/p>","protected":false},"featured_media":14619,"template":"","meta":{"site-sidebar-layout":"default","site-content-layout":"default","ast-site-content-layout":"default","site-content-style":"default","site-sidebar-style":"default","ast-global-header-display":"","ast-banner-title-visibility":"","ast-main-header-display":"","ast-hfb-above-header-display":"","ast-hfb-below-header-display":"","ast-hfb-mobile-header-display":"","site-post-title":"","ast-breadcrumbs-content":"","ast-featured-img":"","footer-sml-layout":"","theme-transparent-header-meta":"default","adv-header-id-meta":"","stick-header-meta":"default","header-above-stick-meta":"","header-main-stick-meta":"","header-below-stick-meta":"","astra-migrate-meta-layouts":"set","ast-page-background-enabled":"default","ast-page-background-meta":{"desktop":{"background-color":"","background-image":"","background-repeat":"repeat","background-position":"center center","background-size":"auto","background-attachment":"scroll","background-type":"","background-media":"","overlay-type":"","overlay-color":"","overlay-opacity":"","overlay-gradient":""},"tablet":{"background-color":"","background-image":"","background-repeat":"repeat","background-position":"center center","background-size":"auto","background-attachment":"scroll","background-type":"","background-media":"","overlay-type":"","overlay-color":"","overlay-opacity":"","overlay-gradient":""},"mobile":{"background-color":"","background-image":"","background-repeat":"repeat","background-position":"center center","background-size":"auto","background-attachment":"scroll","background-type":"","background-media":"","overlay-type":"","overlay-color":"","overlay-opacity":"","overlay-gradient":""}},"ast-content-background-meta":{"desktop":{"background-color":"var(--ast-global-color-5)","background-image":"","background-repeat":"repeat","background-position":"center center","background-size":"auto","background-attachment":"scroll","background-type":"","background-media":"","overlay-type":"","overlay-color":"","overlay-opacity":"","overlay-gradient":""},"tablet":{"background-color":"var(--ast-global-color-5)","background-image":"","background-repeat":"repeat","background-position":"center center","background-size":"auto","background-attachment":"scroll","background-type":"","background-media":"","overlay-type":"","overlay-color":"","overlay-opacity":"","overlay-gradient":""},"mobile":{"background-color":"var(--ast-global-color-5)","background-image":"","background-repeat":"repeat","background-position":"center center","background-size":"auto","background-attachment":"scroll","background-type":"","background-media":"","overlay-type":"","overlay-color":"","overlay-opacity":"","overlay-gradient":""}}},"class_list":["post-6795","product","type-product","status-publish","has-post-thumbnail","hentry","product_cat-smsl","product_cat-integrirana-pojacala","desktop-align-center","tablet-align-center","mobile-align-center","ast-product-gallery-layout-horizontal","ast-magnify-disabled","ast-product-tabs-layout-horizontal"],"yoast_head":"<!-- This site is optimized with the Yoast SEO plugin v21.4 - https:\/\/yoast.com\/wordpress\/plugins\/seo\/ -->\n<title>SMSL VMV A2 - hd-multimedia<\/title>\n<meta name=\"description\" content=\"SMSL VMV A2 - integrirano stereo poja\u010dalo za zvu\u010dnike u D klasi\u00a0 Snaga: 2x 200W\/4ohm, 2x 100W\/8ohm. Harmoni\u010dka izobli\u010denja (THD+N) manja od 0.0008%.\" \/>\n<meta name=\"robots\" content=\"index, follow, max-snippet:-1, max-image-preview:large, max-video-preview:-1\" \/>\n<link rel=\"canonical\" href=\"https:\/\/hd-multimedia.com\/sl\/trgovina\/smsl-vmv-a2\/\" \/>\n<meta property=\"og:locale\" content=\"sl_SI\" \/>\n<meta property=\"og:type\" content=\"article\" \/>\n<meta property=\"og:title\" content=\"SMSL VMV A2 - hd-multimedia\" \/>\n<meta property=\"og:description\" content=\"SMSL VMV A2 - integrirano stereo poja\u010dalo za zvu\u010dnike u D klasi\u00a0 Snaga: 2x 200W\/4ohm, 2x 100W\/8ohm. Harmoni\u010dka izobli\u010denja (THD+N) manja od 0.0008%.\" \/>\n<meta property=\"og:url\" content=\"https:\/\/hd-multimedia.com\/sl\/trgovina\/smsl-vmv-a2\/\" \/>\n<meta property=\"og:site_name\" content=\"hd-multimedia\" \/>\n<meta property=\"article:modified_time\" content=\"2024-11-12T09:23:12+00:00\" \/>\n<meta property=\"og:image\" content=\"https:\/\/hd-multimedia.com\/hdm_media\/XQ1VMVA221-e1709551371327.jpg\" \/>\n\t<meta property=\"og:image:width\" content=\"686\" \/>\n\t<meta property=\"og:image:height\" content=\"686\" \/>\n\t<meta property=\"og:image:type\" content=\"image\/jpeg\" \/>\n<meta name=\"twitter:card\" content=\"summary_large_image\" \/>\n<meta name=\"twitter:label1\" content=\"Est. reading time\" \/>\n\t<meta name=\"twitter:data1\" content=\"1 minuta\" \/>\n<script type=\"application\/ld+json\" class=\"yoast-schema-graph\">{\"@context\":\"https:\/\/schema.org\",\"@graph\":[{\"@type\":\"WebPage\",\"@id\":\"https:\/\/hd-multimedia.com\/trgovina\/smsl-vmv-a2\/\",\"url\":\"https:\/\/hd-multimedia.com\/trgovina\/smsl-vmv-a2\/\",\"name\":\"SMSL VMV A2 - hd-multimedia\",\"isPartOf\":{\"@id\":\"https:\/\/hd-multimedia.com\/#website\"},\"datePublished\":\"2021-10-15T13:10:33+00:00\",\"dateModified\":\"2024-11-12T09:23:12+00:00\",\"description\":\"SMSL VMV A2 - integrirano stereo poja\u010dalo za zvu\u010dnike u D klasi\u00a0 Snaga: 2x 200W\/4ohm, 2x 100W\/8ohm. Harmoni\u010dka izobli\u010denja (THD+N) manja od 0.0008%.\",\"breadcrumb\":{\"@id\":\"https:\/\/hd-multimedia.com\/trgovina\/smsl-vmv-a2\/#breadcrumb\"},\"inLanguage\":\"sl-SI\",\"potentialAction\":[{\"@type\":\"ReadAction\",\"target\":[\"https:\/\/hd-multimedia.com\/trgovina\/smsl-vmv-a2\/\"]}]},{\"@type\":\"BreadcrumbList\",\"@id\":\"https:\/\/hd-multimedia.com\/trgovina\/smsl-vmv-a2\/#breadcrumb\",\"itemListElement\":[{\"@type\":\"ListItem\",\"position\":1,\"name\":\"Po\u010detna stranica\",\"item\":\"https:\/\/hd-multimedia.com\/\"},{\"@type\":\"ListItem\",\"position\":2,\"name\":\"Trgovina\",\"item\":\"https:\/\/hd-multimedia.com\/trgovina\/\"},{\"@type\":\"ListItem\",\"position\":3,\"name\":\"SMSL VMV A2\"}]},{\"@type\":\"WebSite\",\"@id\":\"https:\/\/hd-multimedia.com\/#website\",\"url\":\"https:\/\/hd-multimedia.com\/\",\"name\":\"hd-multimedia\",\"description\":\"\",\"publisher\":{\"@id\":\"https:\/\/hd-multimedia.com\/#organization\"},\"potentialAction\":[{\"@type\":\"SearchAction\",\"target\":{\"@type\":\"EntryPoint\",\"urlTemplate\":\"https:\/\/hd-multimedia.com\/?s={search_term_string}\"},\"query-input\":\"required name=search_term_string\"}],\"inLanguage\":\"sl-SI\"},{\"@type\":\"Organization\",\"@id\":\"https:\/\/hd-multimedia.com\/#organization\",\"name\":\"hd-multimedia\",\"url\":\"https:\/\/hd-multimedia.com\/\",\"logo\":{\"@type\":\"ImageObject\",\"inLanguage\":\"sl-SI\",\"@id\":\"https:\/\/hd-multimedia.com\/#\/schema\/logo\/image\/\",\"url\":\"https:\/\/hd-multimedia.com\/hdm_media\/HD-curves-ok-196-56px-alpha-1.png\",\"contentUrl\":\"https:\/\/hd-multimedia.com\/hdm_media\/HD-curves-ok-196-56px-alpha-1.png\",\"width\":196,\"height\":53,\"caption\":\"hd-multimedia\"},\"image\":{\"@id\":\"https:\/\/hd-multimedia.com\/#\/schema\/logo\/image\/\"}}]}<\/script>\n<!-- \/ Yoast SEO plugin. -->","yoast_head_json":{"title":"SMSL VMV A2 - hd-multimedia","description":"SMSL VMV A2 - integrirano stereo poja\u010dalo za zvu\u010dnike u D klasi\u00a0 Snaga: 2x 200W\/4ohm, 2x 100W\/8ohm. Harmoni\u010dka izobli\u010denja (THD+N) manja od 0.0008%.","robots":{"index":"index","follow":"follow","max-snippet":"max-snippet:-1","max-image-preview":"max-image-preview:large","max-video-preview":"max-video-preview:-1"},"canonical":"https:\/\/hd-multimedia.com\/sl\/trgovina\/smsl-vmv-a2\/","og_locale":"sl_SI","og_type":"article","og_title":"SMSL VMV A2 - hd-multimedia","og_description":"SMSL VMV A2 - integrirano stereo poja\u010dalo za zvu\u010dnike u D klasi\u00a0 Snaga: 2x 200W\/4ohm, 2x 100W\/8ohm. Harmoni\u010dka izobli\u010denja (THD+N) manja od 0.0008%.","og_url":"https:\/\/hd-multimedia.com\/sl\/trgovina\/smsl-vmv-a2\/","og_site_name":"hd-multimedia","article_modified_time":"2024-11-12T09:23:12+00:00","og_image":[{"width":686,"height":686,"url":"https:\/\/hd-multimedia.com\/hdm_media\/XQ1VMVA221-e1709551371327.jpg","type":"image\/jpeg"}],"twitter_card":"summary_large_image","twitter_misc":{"Est. reading time":"1 minuta"},"schema":{"@context":"https:\/\/schema.org","@graph":[{"@type":"WebPage","@id":"https:\/\/hd-multimedia.com\/trgovina\/smsl-vmv-a2\/","url":"https:\/\/hd-multimedia.com\/trgovina\/smsl-vmv-a2\/","name":"SMSL VMV A2 - hd-multimedia","isPartOf":{"@id":"https:\/\/hd-multimedia.com\/#website"},"datePublished":"2021-10-15T13:10:33+00:00","dateModified":"2024-11-12T09:23:12+00:00","description":"SMSL VMV A2 - integrirano stereo poja\u010dalo za zvu\u010dnike u D klasi\u00a0 Snaga: 2x 200W\/4ohm, 2x 100W\/8ohm. Harmoni\u010dka izobli\u010denja (THD+N) manja od 0.0008%.","breadcrumb":{"@id":"https:\/\/hd-multimedia.com\/trgovina\/smsl-vmv-a2\/#breadcrumb"},"inLanguage":"sl-SI","potentialAction":[{"@type":"ReadAction","target":["https:\/\/hd-multimedia.com\/trgovina\/smsl-vmv-a2\/"]}]},{"@type":"BreadcrumbList","@id":"https:\/\/hd-multimedia.com\/trgovina\/smsl-vmv-a2\/#breadcrumb","itemListElement":[{"@type":"ListItem","position":1,"name":"Po\u010detna stranica","item":"https:\/\/hd-multimedia.com\/"},{"@type":"ListItem","position":2,"name":"Trgovina","item":"https:\/\/hd-multimedia.com\/trgovina\/"},{"@type":"ListItem","position":3,"name":"SMSL VMV A2"}]},{"@type":"WebSite","@id":"https:\/\/hd-multimedia.com\/#website","url":"https:\/\/hd-multimedia.com\/","name":"hd-multimedia","description":"","publisher":{"@id":"https:\/\/hd-multimedia.com\/#organization"},"potentialAction":[{"@type":"SearchAction","target":{"@type":"EntryPoint","urlTemplate":"https:\/\/hd-multimedia.com\/?s={search_term_string}"},"query-input":"required name=search_term_string"}],"inLanguage":"sl-SI"},{"@type":"Organization","@id":"https:\/\/hd-multimedia.com\/#organization","name":"hd-multimedia","url":"https:\/\/hd-multimedia.com\/","logo":{"@type":"ImageObject","inLanguage":"sl-SI","@id":"https:\/\/hd-multimedia.com\/#\/schema\/logo\/image\/","url":"https:\/\/hd-multimedia.com\/hdm_media\/HD-curves-ok-196-56px-alpha-1.png","contentUrl":"https:\/\/hd-multimedia.com\/hdm_media\/HD-curves-ok-196-56px-alpha-1.png","width":196,"height":53,"caption":"hd-multimedia"},"image":{"@id":"https:\/\/hd-multimedia.com\/#\/schema\/logo\/image\/"}}]}},"post_mailing_queue_ids":[],"_links":{"self":[{"href":"https:\/\/hd-multimedia.com\/sl\/wp-json\/wp\/v2\/product\/6795","targetHints":{"allow":["GET"]}}],"collection":[{"href":"https:\/\/hd-multimedia.com\/sl\/wp-json\/wp\/v2\/product"}],"about":[{"href":"https:\/\/hd-multimedia.com\/sl\/wp-json\/wp\/v2\/types\/product"}],"version-history":[{"count":5,"href":"https:\/\/hd-multimedia.com\/sl\/wp-json\/wp\/v2\/product\/6795\/revisions"}],"predecessor-version":[{"id":14617,"href":"https:\/\/hd-multimedia.com\/sl\/wp-json\/wp\/v2\/product\/6795\/revisions\/14617"}],"wp:featuredmedia":[{"embeddable":true,"href":"https:\/\/hd-multimedia.com\/sl\/wp-json\/wp\/v2\/media\/14619"}],"wp:attachment":[{"href":"https:\/\/hd-multimedia.com\/sl\/wp-json\/wp\/v2\/media?parent=6795"}],"curies":[{"name":"wp","href":"https:\/\/api.w.org\/{rel}","templated":true}]}}