{"id":6620,"date":"2021-10-05T14:14:36","date_gmt":"2021-10-05T14:14:36","guid":{"rendered":"https:\/\/hd-multimedia.com\/?post_type=product&#038;p=6620"},"modified":"2026-02-23T14:29:35","modified_gmt":"2026-02-23T14:29:35","slug":"elac-unifi-ubr6-par","status":"publish","type":"product","link":"https:\/\/hd-multimedia.com\/sl\/trgovina\/elac-unifi-ubr6-par\/","title":{"rendered":"Elac UniFi Reference UBR62 (par)"},"content":{"rendered":"<p>Specifikacija:<\/p>\n<p>Tip: 3-stezni pasivni zvo\u010dnik z bassreflex priklju\u010dkom.<\/p>\n<p>Visokotonec: 1 x 1 palec (2,56 cm) - mehka kupola, koaksialno name\u0161\u010den<br \/>\nSrednjetonec: 1 x 4-pal\u010dni (10,24 cm) \u2013 aluminijast sto\u017eec, koaksialno na visokotonec<br \/>\nNamenski bas: 1 x 6,5-pal\u010dni (16,5 cm) \u2013 aluminijast sto\u017eec<\/p>\n<p>Crossover: 260 \/ 1.800 Hz<br \/>\nFrekven\u010dni razpon: 41 do 35.000 Hz<br \/>\nOb\u010dutljivost: 85 dB pri 2,83 v\/1 m<br \/>\nPriporo\u010dena mo\u010d oja\u010devalnika: od 40 do 140 W kos<br \/>\nKoni\u010dna mo\u010d: 140 W kos<br \/>\nStandardna impedanca: 6 \u03a9<\/p>\n<p>Kabelski konektor: bi-wire, kovinski, 5-smerni konektor<\/p>\n<p>Magnetni \u0161\u010dit: Brez<\/p>\n<p>Kon\u010dna obdelava:<br \/>\n1) sprednja stran: saten \u010drno\/bela barva,<br \/>\n2) stranice: imitacija lesa (kostanj\/javor)<\/p>\n<p>Dodatna oprema: Za\u0161\u010ditni pokrov za membrane<\/p>\n<p>Vi\u0161ina: 359 mm<br \/>\n\u0160irina: 208 mm<br \/>\nGlobina: 334 mm<\/p>\n<p><a href=\"https:\/\/www.elac.com\/category\/bookshelf-speakers\/uni-fi-reference-ubr62\/\" target=\"_blank\" rel=\"noopener\">Ostale informacije najdete na tej povezavi.<\/a><\/p>","protected":false},"excerpt":{"rendered":"<p>Elac UniFi Reference na novo definira industrijske standarde s kombinacijo prefinjene estetike in napredne akustike. Klju\u010dne zna\u010dilnosti vklju\u010dujejo \u0161iroko kupolo zvo\u010dnika za raz\u0161irjeno reprodukcijo nizkih in visokih frekvenc, preoblikovan gonilnik srednjega tona z izbolj\u0161anim premikanjem in nadzorom ter ohi\u0161je iz tla\u010dne litine, ki zmanj\u0161a odseve za ve\u010djo jasnost. Nizkotonec ima enodelno ukrivljeno aluminijasto kupolo in magnet z ventilacijo zadaj, kar znatno izbolj\u0161a linearnost in nizkofrekven\u010dni odziv v primerjavi s prej\u0161njimi regalnimi zvo\u010dniki UniFi. Inovativne prezra\u010devalne re\u017ee, tako notranje kot zunanje, prispevajo k zmanj\u0161anju hrupa in pove\u010danemu izhodu nizkih tonov, kar pove\u010da splo\u0161no dinamiko nizkofrekven\u010dne reprodukcije.<\/p>\n<p>Cena velja za par (2 zvo\u010dnika)<\/p>\n<p><a href=\"https:\/\/www.elac.com\/category\/bookshelf-speakers\/uni-fi-reference-ubr62\/\" target=\"_blank\" rel=\"noopener\">Ostale informacije najdete na tej povezavi.<\/a><\/p>","protected":false},"featured_media":6628,"template":"","meta":{"site-sidebar-layout":"default","site-content-layout":"default","ast-site-content-layout":"default","site-content-style":"default","site-sidebar-style":"default","ast-global-header-display":"","ast-banner-title-visibility":"","ast-main-header-display":"","ast-hfb-above-header-display":"","ast-hfb-below-header-display":"","ast-hfb-mobile-header-display":"","site-post-title":"","ast-breadcrumbs-content":"","ast-featured-img":"","footer-sml-layout":"","theme-transparent-header-meta":"default","adv-header-id-meta":"","stick-header-meta":"default","header-above-stick-meta":"","header-main-stick-meta":"","header-below-stick-meta":"","astra-migrate-meta-layouts":"set","ast-page-background-enabled":"default","ast-page-background-meta":{"desktop":{"background-color":"","background-image":"","background-repeat":"repeat","background-position":"center center","background-size":"auto","background-attachment":"scroll","background-type":"","background-media":"","overlay-type":"","overlay-color":"","overlay-opacity":"","overlay-gradient":""},"tablet":{"background-color":"","background-image":"","background-repeat":"repeat","background-position":"center center","background-size":"auto","background-attachment":"scroll","background-type":"","background-media":"","overlay-type":"","overlay-color":"","overlay-opacity":"","overlay-gradient":""},"mobile":{"background-color":"","background-image":"","background-repeat":"repeat","background-position":"center center","background-size":"auto","background-attachment":"scroll","background-type":"","background-media":"","overlay-type":"","overlay-color":"","overlay-opacity":"","overlay-gradient":""}},"ast-content-background-meta":{"desktop":{"background-color":"var(--ast-global-color-5)","background-image":"","background-repeat":"repeat","background-position":"center center","background-size":"auto","background-attachment":"scroll","background-type":"","background-media":"","overlay-type":"","overlay-color":"","overlay-opacity":"","overlay-gradient":""},"tablet":{"background-color":"var(--ast-global-color-5)","background-image":"","background-repeat":"repeat","background-position":"center center","background-size":"auto","background-attachment":"scroll","background-type":"","background-media":"","overlay-type":"","overlay-color":"","overlay-opacity":"","overlay-gradient":""},"mobile":{"background-color":"var(--ast-global-color-5)","background-image":"","background-repeat":"repeat","background-position":"center center","background-size":"auto","background-attachment":"scroll","background-type":"","background-media":"","overlay-type":"","overlay-color":"","overlay-opacity":"","overlay-gradient":""}}},"class_list":["post-6620","product","type-product","status-publish","has-post-thumbnail","hentry","product_cat-pasivne-zvucne-kutije","product_cat-elac","desktop-align-center","tablet-align-center","mobile-align-center","ast-product-gallery-layout-horizontal","ast-magnify-disabled","ast-product-single-variable","ast-product-tabs-layout-horizontal"],"yoast_head":"<!-- This site is optimized with the Yoast SEO plugin v21.4 - https:\/\/yoast.com\/wordpress\/plugins\/seo\/ -->\n<title>Elac UniFi Reference UBR62 (par) - hd-multimedia<\/title>\n<meta name=\"description\" content=\"Elac UniFi Reference (par) redefinira industrijske standarde kombinacijom sofisticirane estetike, dizajna i napredne akustike.\" \/>\n<meta name=\"robots\" content=\"index, follow, max-snippet:-1, max-image-preview:large, max-video-preview:-1\" \/>\n<link rel=\"canonical\" href=\"https:\/\/hd-multimedia.com\/sl\/trgovina\/elac-unifi-ubr6-par\/\" \/>\n<meta property=\"og:locale\" content=\"sl_SI\" \/>\n<meta property=\"og:type\" content=\"article\" \/>\n<meta property=\"og:title\" content=\"Elac UniFi Reference UBR62 (par) - hd-multimedia\" \/>\n<meta property=\"og:description\" content=\"Elac UniFi Reference (par) redefinira industrijske standarde kombinacijom sofisticirane estetike, dizajna i napredne akustike.\" \/>\n<meta property=\"og:url\" content=\"https:\/\/hd-multimedia.com\/sl\/trgovina\/elac-unifi-ubr6-par\/\" \/>\n<meta property=\"og:site_name\" content=\"hd-multimedia\" \/>\n<meta property=\"article:modified_time\" content=\"2026-02-23T14:29:35+00:00\" \/>\n<meta property=\"og:image\" content=\"https:\/\/hd-multimedia.com\/hdm_media\/Uni-Fi_Reference_RL_s_09-scaled-e1645172766999.jpg\" \/>\n\t<meta property=\"og:image:width\" content=\"1690\" \/>\n\t<meta property=\"og:image:height\" content=\"1690\" \/>\n\t<meta property=\"og:image:type\" content=\"image\/jpeg\" \/>\n<meta name=\"twitter:card\" content=\"summary_large_image\" \/>\n<meta name=\"twitter:label1\" content=\"Est. reading time\" \/>\n\t<meta name=\"twitter:data1\" content=\"1 minuta\" \/>\n<script type=\"application\/ld+json\" class=\"yoast-schema-graph\">{\"@context\":\"https:\/\/schema.org\",\"@graph\":[{\"@type\":\"WebPage\",\"@id\":\"https:\/\/hd-multimedia.com\/trgovina\/elac-unifi-ubr6-par\/\",\"url\":\"https:\/\/hd-multimedia.com\/trgovina\/elac-unifi-ubr6-par\/\",\"name\":\"Elac UniFi Reference UBR62 (par) - hd-multimedia\",\"isPartOf\":{\"@id\":\"https:\/\/hd-multimedia.com\/#website\"},\"datePublished\":\"2021-10-05T14:14:36+00:00\",\"dateModified\":\"2026-02-23T14:29:35+00:00\",\"description\":\"Elac UniFi Reference (par) redefinira industrijske standarde kombinacijom sofisticirane estetike, dizajna i napredne akustike.\",\"breadcrumb\":{\"@id\":\"https:\/\/hd-multimedia.com\/trgovina\/elac-unifi-ubr6-par\/#breadcrumb\"},\"inLanguage\":\"sl-SI\",\"potentialAction\":[{\"@type\":\"ReadAction\",\"target\":[\"https:\/\/hd-multimedia.com\/trgovina\/elac-unifi-ubr6-par\/\"]}]},{\"@type\":\"BreadcrumbList\",\"@id\":\"https:\/\/hd-multimedia.com\/trgovina\/elac-unifi-ubr6-par\/#breadcrumb\",\"itemListElement\":[{\"@type\":\"ListItem\",\"position\":1,\"name\":\"Po\u010detna stranica\",\"item\":\"https:\/\/hd-multimedia.com\/\"},{\"@type\":\"ListItem\",\"position\":2,\"name\":\"Trgovina\",\"item\":\"https:\/\/hd-multimedia.com\/trgovina\/\"},{\"@type\":\"ListItem\",\"position\":3,\"name\":\"Elac UniFi Reference UBR62 (par)\"}]},{\"@type\":\"WebSite\",\"@id\":\"https:\/\/hd-multimedia.com\/#website\",\"url\":\"https:\/\/hd-multimedia.com\/\",\"name\":\"hd-multimedia\",\"description\":\"\",\"publisher\":{\"@id\":\"https:\/\/hd-multimedia.com\/#organization\"},\"potentialAction\":[{\"@type\":\"SearchAction\",\"target\":{\"@type\":\"EntryPoint\",\"urlTemplate\":\"https:\/\/hd-multimedia.com\/?s={search_term_string}\"},\"query-input\":\"required name=search_term_string\"}],\"inLanguage\":\"sl-SI\"},{\"@type\":\"Organization\",\"@id\":\"https:\/\/hd-multimedia.com\/#organization\",\"name\":\"hd-multimedia\",\"url\":\"https:\/\/hd-multimedia.com\/\",\"logo\":{\"@type\":\"ImageObject\",\"inLanguage\":\"sl-SI\",\"@id\":\"https:\/\/hd-multimedia.com\/#\/schema\/logo\/image\/\",\"url\":\"https:\/\/hd-multimedia.com\/hdm_media\/HD-curves-ok-196-56px-alpha-1.png\",\"contentUrl\":\"https:\/\/hd-multimedia.com\/hdm_media\/HD-curves-ok-196-56px-alpha-1.png\",\"width\":196,\"height\":53,\"caption\":\"hd-multimedia\"},\"image\":{\"@id\":\"https:\/\/hd-multimedia.com\/#\/schema\/logo\/image\/\"}}]}<\/script>\n<!-- \/ Yoast SEO plugin. -->","yoast_head_json":{"title":"Elac UniFi Reference UBR62 (par) - hd-multimedia","description":"Elac UniFi Reference (par) redefinira industrijske standarde kombinacijom sofisticirane estetike, dizajna i napredne akustike.","robots":{"index":"index","follow":"follow","max-snippet":"max-snippet:-1","max-image-preview":"max-image-preview:large","max-video-preview":"max-video-preview:-1"},"canonical":"https:\/\/hd-multimedia.com\/sl\/trgovina\/elac-unifi-ubr6-par\/","og_locale":"sl_SI","og_type":"article","og_title":"Elac UniFi Reference UBR62 (par) - hd-multimedia","og_description":"Elac UniFi Reference (par) redefinira industrijske standarde kombinacijom sofisticirane estetike, dizajna i napredne akustike.","og_url":"https:\/\/hd-multimedia.com\/sl\/trgovina\/elac-unifi-ubr6-par\/","og_site_name":"hd-multimedia","article_modified_time":"2026-02-23T14:29:35+00:00","og_image":[{"width":1690,"height":1690,"url":"https:\/\/hd-multimedia.com\/hdm_media\/Uni-Fi_Reference_RL_s_09-scaled-e1645172766999.jpg","type":"image\/jpeg"}],"twitter_card":"summary_large_image","twitter_misc":{"Est. reading time":"1 minuta"},"schema":{"@context":"https:\/\/schema.org","@graph":[{"@type":"WebPage","@id":"https:\/\/hd-multimedia.com\/trgovina\/elac-unifi-ubr6-par\/","url":"https:\/\/hd-multimedia.com\/trgovina\/elac-unifi-ubr6-par\/","name":"Elac UniFi Reference UBR62 (par) - hd-multimedia","isPartOf":{"@id":"https:\/\/hd-multimedia.com\/#website"},"datePublished":"2021-10-05T14:14:36+00:00","dateModified":"2026-02-23T14:29:35+00:00","description":"Elac UniFi Reference (par) redefinira industrijske standarde kombinacijom sofisticirane estetike, dizajna i napredne akustike.","breadcrumb":{"@id":"https:\/\/hd-multimedia.com\/trgovina\/elac-unifi-ubr6-par\/#breadcrumb"},"inLanguage":"sl-SI","potentialAction":[{"@type":"ReadAction","target":["https:\/\/hd-multimedia.com\/trgovina\/elac-unifi-ubr6-par\/"]}]},{"@type":"BreadcrumbList","@id":"https:\/\/hd-multimedia.com\/trgovina\/elac-unifi-ubr6-par\/#breadcrumb","itemListElement":[{"@type":"ListItem","position":1,"name":"Po\u010detna stranica","item":"https:\/\/hd-multimedia.com\/"},{"@type":"ListItem","position":2,"name":"Trgovina","item":"https:\/\/hd-multimedia.com\/trgovina\/"},{"@type":"ListItem","position":3,"name":"Elac UniFi Reference UBR62 (par)"}]},{"@type":"WebSite","@id":"https:\/\/hd-multimedia.com\/#website","url":"https:\/\/hd-multimedia.com\/","name":"hd-multimedia","description":"","publisher":{"@id":"https:\/\/hd-multimedia.com\/#organization"},"potentialAction":[{"@type":"SearchAction","target":{"@type":"EntryPoint","urlTemplate":"https:\/\/hd-multimedia.com\/?s={search_term_string}"},"query-input":"required name=search_term_string"}],"inLanguage":"sl-SI"},{"@type":"Organization","@id":"https:\/\/hd-multimedia.com\/#organization","name":"hd-multimedia","url":"https:\/\/hd-multimedia.com\/","logo":{"@type":"ImageObject","inLanguage":"sl-SI","@id":"https:\/\/hd-multimedia.com\/#\/schema\/logo\/image\/","url":"https:\/\/hd-multimedia.com\/hdm_media\/HD-curves-ok-196-56px-alpha-1.png","contentUrl":"https:\/\/hd-multimedia.com\/hdm_media\/HD-curves-ok-196-56px-alpha-1.png","width":196,"height":53,"caption":"hd-multimedia"},"image":{"@id":"https:\/\/hd-multimedia.com\/#\/schema\/logo\/image\/"}}]}},"post_mailing_queue_ids":[],"_links":{"self":[{"href":"https:\/\/hd-multimedia.com\/sl\/wp-json\/wp\/v2\/product\/6620","targetHints":{"allow":["GET"]}}],"collection":[{"href":"https:\/\/hd-multimedia.com\/sl\/wp-json\/wp\/v2\/product"}],"about":[{"href":"https:\/\/hd-multimedia.com\/sl\/wp-json\/wp\/v2\/types\/product"}],"version-history":[{"count":7,"href":"https:\/\/hd-multimedia.com\/sl\/wp-json\/wp\/v2\/product\/6620\/revisions"}],"predecessor-version":[{"id":18121,"href":"https:\/\/hd-multimedia.com\/sl\/wp-json\/wp\/v2\/product\/6620\/revisions\/18121"}],"wp:featuredmedia":[{"embeddable":true,"href":"https:\/\/hd-multimedia.com\/sl\/wp-json\/wp\/v2\/media\/6628"}],"wp:attachment":[{"href":"https:\/\/hd-multimedia.com\/sl\/wp-json\/wp\/v2\/media?parent=6620"}],"curies":[{"name":"wp","href":"https:\/\/api.w.org\/{rel}","templated":true}]}}