{"id":6615,"date":"2021-10-05T14:08:06","date_gmt":"2021-10-05T14:08:06","guid":{"rendered":"https:\/\/hd-multimedia.com\/?post_type=product&#038;p=6615"},"modified":"2026-02-24T13:18:28","modified_gmt":"2026-02-24T13:18:28","slug":"elac-unifi-ufr5-par","status":"publish","type":"product","link":"https:\/\/hd-multimedia.com\/sl\/trgovina\/elac-unifi-ufr5-par\/","title":{"rendered":"Elac UniFi Reference UFR52 (par)"},"content":{"rendered":"<p>Specifikacija:<\/p>\n<ul>\n<li>Tip: 3-stezni pasivni zvo\u010dnik z bassreflex priklju\u010dkom.<\/li>\n<li>Visokotonec: 1 x 1 palec (2,56 cm) - mehka kupola, koaksialno name\u0161\u010den<\/li>\n<li>Srednjetonec: 1 x 4-pal\u010dni (10,24 cm) \u2013 aluminijast sto\u017eec, koaksialno na visokotonec<\/li>\n<li>Bas: 3 x 5,25-pal\u010dni (13,44 cm) \u2013 aluminijast sto\u017eec<\/li>\n<\/ul>\n<p>Crossover: 220 \/ 1.800 Hz<br \/>\nFrekven\u010dni razpon: 42 do 35.000 Hz<br \/>\nOb\u010dutljivost: 86 dB pri 2,83 v\/1 m<\/p>\n<p>Priporo\u010dena mo\u010d oja\u010devalnika: od 40 do 140 W kos<br \/>\nKoni\u010dna mo\u010d: 140 W kos<br \/>\nStandardna impedanca: 6 \u03a9<br \/>\nPovezava: 5-smerna, kovinska, dvo\u017ei\u010dna<\/p>\n<p>Magnetni \u0161\u010dit: Brez<\/p>\n<p>Kon\u010dna obdelava:<br \/>\n1) spredaj: saten \u010drna ali bela;<br \/>\n2) stranica: imitacija lesa: rjavi oreh ali beli hrast.<\/p>\n<p>Dodatna oprema: Za\u0161\u010ditna maska<\/p>\n<p>Vi\u0161ina: 995 mm<br \/>\n\u0160irina: 234 mm<br \/>\nGlobina: 338 mm<\/p>\n<p><a href=\"https:\/\/www.elac.com\/category\/floorstanding-speakers\/uni-fi-reference-ufr52\/\" target=\"_blank\" rel=\"noopener\">Ostale informacije najdete na tej povezavi.<\/a><\/p>","protected":false},"excerpt":{"rendered":"<p>Elac UniFi Reference UFR52 (par) zdru\u017euje tradicionalen in sodoben stil s pomembnimi akusti\u010dnimi in vizualnimi izbolj\u0161avami. Ta referen\u010dni izdelek izstopa s \u0161iroko kupolo zvo\u010dnika za raz\u0161irjeno reprodukcijo nizkih in visokih frekvenc, preoblikovanim srednjetonskim zvo\u010dnikom z veliko zvo\u010dno tuljavo, zadnjim ventiliranim pajkom in neodimovim magnetom za bolj\u0161i nadzor srednjih tonov. Ohi\u0161je iz tla\u010dne litine zmanj\u0161a odseve za ve\u010djo jasnost, medtem ko nizkotonec z enodelno ukrivljeno aluminijasto kupolo in velikim magnetom z ventilacijo zadaj bistveno izbolj\u0161a linearnost in nizkofrekven\u010dni odziv. Inovativne prezra\u010devalne re\u017ee, tako notranje kot zunanje, prispevajo k zmanj\u0161anju hrupa in pove\u010danemu izhodu nizkih tonov, kar pove\u010da splo\u0161no dinamiko nizkofrekven\u010dne reprodukcije.<\/p>\n<p>Cena velja za par (2 zvo\u010dnika)<\/p>\n<p><a href=\"https:\/\/www.elac.com\/category\/floorstanding-speakers\/uni-fi-reference-ufr52\/\" target=\"_blank\" rel=\"noopener\">Ostale informacije najdete na tej povezavi.<\/a><\/p>","protected":false},"featured_media":13738,"template":"","meta":{"site-sidebar-layout":"default","site-content-layout":"default","ast-site-content-layout":"default","site-content-style":"default","site-sidebar-style":"default","ast-global-header-display":"","ast-banner-title-visibility":"","ast-main-header-display":"","ast-hfb-above-header-display":"","ast-hfb-below-header-display":"","ast-hfb-mobile-header-display":"","site-post-title":"","ast-breadcrumbs-content":"","ast-featured-img":"","footer-sml-layout":"","theme-transparent-header-meta":"default","adv-header-id-meta":"","stick-header-meta":"default","header-above-stick-meta":"","header-main-stick-meta":"","header-below-stick-meta":"","astra-migrate-meta-layouts":"set","ast-page-background-enabled":"default","ast-page-background-meta":{"desktop":{"background-color":"","background-image":"","background-repeat":"repeat","background-position":"center center","background-size":"auto","background-attachment":"scroll","background-type":"","background-media":"","overlay-type":"","overlay-color":"","overlay-opacity":"","overlay-gradient":""},"tablet":{"background-color":"","background-image":"","background-repeat":"repeat","background-position":"center center","background-size":"auto","background-attachment":"scroll","background-type":"","background-media":"","overlay-type":"","overlay-color":"","overlay-opacity":"","overlay-gradient":""},"mobile":{"background-color":"","background-image":"","background-repeat":"repeat","background-position":"center center","background-size":"auto","background-attachment":"scroll","background-type":"","background-media":"","overlay-type":"","overlay-color":"","overlay-opacity":"","overlay-gradient":""}},"ast-content-background-meta":{"desktop":{"background-color":"var(--ast-global-color-5)","background-image":"","background-repeat":"repeat","background-position":"center center","background-size":"auto","background-attachment":"scroll","background-type":"","background-media":"","overlay-type":"","overlay-color":"","overlay-opacity":"","overlay-gradient":""},"tablet":{"background-color":"var(--ast-global-color-5)","background-image":"","background-repeat":"repeat","background-position":"center center","background-size":"auto","background-attachment":"scroll","background-type":"","background-media":"","overlay-type":"","overlay-color":"","overlay-opacity":"","overlay-gradient":""},"mobile":{"background-color":"var(--ast-global-color-5)","background-image":"","background-repeat":"repeat","background-position":"center center","background-size":"auto","background-attachment":"scroll","background-type":"","background-media":"","overlay-type":"","overlay-color":"","overlay-opacity":"","overlay-gradient":""}}},"class_list":["post-6615","product","type-product","status-publish","has-post-thumbnail","hentry","product_cat-pasivne-zvucne-kutije","product_cat-elac","desktop-align-center","tablet-align-center","mobile-align-center","ast-product-gallery-layout-horizontal","ast-magnify-disabled","ast-product-single-variable","ast-product-tabs-layout-horizontal"],"yoast_head":"<!-- This site is optimized with the Yoast SEO plugin v21.4 - https:\/\/yoast.com\/wordpress\/plugins\/seo\/ -->\n<title>Elac UniFi Reference UFR52 (par) - hd-multimedia<\/title>\n<meta name=\"description\" content=\"Elac UniFi Reference UFR52 (par) spaja tradicionalni i suvremeni stil s va\u017enim akusti\u010dkim, estetskim i vizualnim unapre\u0111enjima.\" \/>\n<meta name=\"robots\" content=\"index, follow, max-snippet:-1, max-image-preview:large, max-video-preview:-1\" \/>\n<link rel=\"canonical\" href=\"https:\/\/hd-multimedia.com\/sl\/trgovina\/elac-unifi-ufr5-par\/\" \/>\n<meta property=\"og:locale\" content=\"sl_SI\" \/>\n<meta property=\"og:type\" content=\"article\" \/>\n<meta property=\"og:title\" content=\"Elac UniFi Reference UFR52 (par) - hd-multimedia\" \/>\n<meta property=\"og:description\" content=\"Elac UniFi Reference UFR52 (par) spaja tradicionalni i suvremeni stil s va\u017enim akusti\u010dkim, estetskim i vizualnim unapre\u0111enjima.\" \/>\n<meta property=\"og:url\" content=\"https:\/\/hd-multimedia.com\/sl\/trgovina\/elac-unifi-ufr5-par\/\" \/>\n<meta property=\"og:site_name\" content=\"hd-multimedia\" \/>\n<meta property=\"article:modified_time\" content=\"2026-02-24T13:18:28+00:00\" \/>\n<meta property=\"og:image\" content=\"https:\/\/hd-multimedia.com\/hdm_media\/Elac-UniFi-Reference-UFR52-par.png\" \/>\n\t<meta property=\"og:image:width\" content=\"600\" \/>\n\t<meta property=\"og:image:height\" content=\"600\" \/>\n\t<meta property=\"og:image:type\" content=\"image\/png\" \/>\n<meta name=\"twitter:card\" content=\"summary_large_image\" \/>\n<meta name=\"twitter:label1\" content=\"Est. reading time\" \/>\n\t<meta name=\"twitter:data1\" content=\"1 minuta\" \/>\n<script type=\"application\/ld+json\" class=\"yoast-schema-graph\">{\"@context\":\"https:\/\/schema.org\",\"@graph\":[{\"@type\":\"WebPage\",\"@id\":\"https:\/\/hd-multimedia.com\/trgovina\/elac-unifi-ufr5-par\/\",\"url\":\"https:\/\/hd-multimedia.com\/trgovina\/elac-unifi-ufr5-par\/\",\"name\":\"Elac UniFi Reference UFR52 (par) - hd-multimedia\",\"isPartOf\":{\"@id\":\"https:\/\/hd-multimedia.com\/#website\"},\"datePublished\":\"2021-10-05T14:08:06+00:00\",\"dateModified\":\"2026-02-24T13:18:28+00:00\",\"description\":\"Elac UniFi Reference UFR52 (par) spaja tradicionalni i suvremeni stil s va\u017enim akusti\u010dkim, estetskim i vizualnim unapre\u0111enjima.\",\"breadcrumb\":{\"@id\":\"https:\/\/hd-multimedia.com\/trgovina\/elac-unifi-ufr5-par\/#breadcrumb\"},\"inLanguage\":\"sl-SI\",\"potentialAction\":[{\"@type\":\"ReadAction\",\"target\":[\"https:\/\/hd-multimedia.com\/trgovina\/elac-unifi-ufr5-par\/\"]}]},{\"@type\":\"BreadcrumbList\",\"@id\":\"https:\/\/hd-multimedia.com\/trgovina\/elac-unifi-ufr5-par\/#breadcrumb\",\"itemListElement\":[{\"@type\":\"ListItem\",\"position\":1,\"name\":\"Po\u010detna stranica\",\"item\":\"https:\/\/hd-multimedia.com\/\"},{\"@type\":\"ListItem\",\"position\":2,\"name\":\"Trgovina\",\"item\":\"https:\/\/hd-multimedia.com\/trgovina\/\"},{\"@type\":\"ListItem\",\"position\":3,\"name\":\"Elac UniFi Reference UFR52 (par)\"}]},{\"@type\":\"WebSite\",\"@id\":\"https:\/\/hd-multimedia.com\/#website\",\"url\":\"https:\/\/hd-multimedia.com\/\",\"name\":\"hd-multimedia\",\"description\":\"\",\"publisher\":{\"@id\":\"https:\/\/hd-multimedia.com\/#organization\"},\"potentialAction\":[{\"@type\":\"SearchAction\",\"target\":{\"@type\":\"EntryPoint\",\"urlTemplate\":\"https:\/\/hd-multimedia.com\/?s={search_term_string}\"},\"query-input\":\"required name=search_term_string\"}],\"inLanguage\":\"sl-SI\"},{\"@type\":\"Organization\",\"@id\":\"https:\/\/hd-multimedia.com\/#organization\",\"name\":\"hd-multimedia\",\"url\":\"https:\/\/hd-multimedia.com\/\",\"logo\":{\"@type\":\"ImageObject\",\"inLanguage\":\"sl-SI\",\"@id\":\"https:\/\/hd-multimedia.com\/#\/schema\/logo\/image\/\",\"url\":\"https:\/\/hd-multimedia.com\/hdm_media\/HD-curves-ok-196-56px-alpha-1.png\",\"contentUrl\":\"https:\/\/hd-multimedia.com\/hdm_media\/HD-curves-ok-196-56px-alpha-1.png\",\"width\":196,\"height\":53,\"caption\":\"hd-multimedia\"},\"image\":{\"@id\":\"https:\/\/hd-multimedia.com\/#\/schema\/logo\/image\/\"}}]}<\/script>\n<!-- \/ Yoast SEO plugin. -->","yoast_head_json":{"title":"Elac UniFi Reference UFR52 (par) - hd-multimedia","description":"Elac UniFi Reference UFR52 (par) spaja tradicionalni i suvremeni stil s va\u017enim akusti\u010dkim, estetskim i vizualnim unapre\u0111enjima.","robots":{"index":"index","follow":"follow","max-snippet":"max-snippet:-1","max-image-preview":"max-image-preview:large","max-video-preview":"max-video-preview:-1"},"canonical":"https:\/\/hd-multimedia.com\/sl\/trgovina\/elac-unifi-ufr5-par\/","og_locale":"sl_SI","og_type":"article","og_title":"Elac UniFi Reference UFR52 (par) - hd-multimedia","og_description":"Elac UniFi Reference UFR52 (par) spaja tradicionalni i suvremeni stil s va\u017enim akusti\u010dkim, estetskim i vizualnim unapre\u0111enjima.","og_url":"https:\/\/hd-multimedia.com\/sl\/trgovina\/elac-unifi-ufr5-par\/","og_site_name":"hd-multimedia","article_modified_time":"2026-02-24T13:18:28+00:00","og_image":[{"width":600,"height":600,"url":"https:\/\/hd-multimedia.com\/hdm_media\/Elac-UniFi-Reference-UFR52-par.png","type":"image\/png"}],"twitter_card":"summary_large_image","twitter_misc":{"Est. reading time":"1 minuta"},"schema":{"@context":"https:\/\/schema.org","@graph":[{"@type":"WebPage","@id":"https:\/\/hd-multimedia.com\/trgovina\/elac-unifi-ufr5-par\/","url":"https:\/\/hd-multimedia.com\/trgovina\/elac-unifi-ufr5-par\/","name":"Elac UniFi Reference UFR52 (par) - hd-multimedia","isPartOf":{"@id":"https:\/\/hd-multimedia.com\/#website"},"datePublished":"2021-10-05T14:08:06+00:00","dateModified":"2026-02-24T13:18:28+00:00","description":"Elac UniFi Reference UFR52 (par) spaja tradicionalni i suvremeni stil s va\u017enim akusti\u010dkim, estetskim i vizualnim unapre\u0111enjima.","breadcrumb":{"@id":"https:\/\/hd-multimedia.com\/trgovina\/elac-unifi-ufr5-par\/#breadcrumb"},"inLanguage":"sl-SI","potentialAction":[{"@type":"ReadAction","target":["https:\/\/hd-multimedia.com\/trgovina\/elac-unifi-ufr5-par\/"]}]},{"@type":"BreadcrumbList","@id":"https:\/\/hd-multimedia.com\/trgovina\/elac-unifi-ufr5-par\/#breadcrumb","itemListElement":[{"@type":"ListItem","position":1,"name":"Po\u010detna stranica","item":"https:\/\/hd-multimedia.com\/"},{"@type":"ListItem","position":2,"name":"Trgovina","item":"https:\/\/hd-multimedia.com\/trgovina\/"},{"@type":"ListItem","position":3,"name":"Elac UniFi Reference UFR52 (par)"}]},{"@type":"WebSite","@id":"https:\/\/hd-multimedia.com\/#website","url":"https:\/\/hd-multimedia.com\/","name":"hd-multimedia","description":"","publisher":{"@id":"https:\/\/hd-multimedia.com\/#organization"},"potentialAction":[{"@type":"SearchAction","target":{"@type":"EntryPoint","urlTemplate":"https:\/\/hd-multimedia.com\/?s={search_term_string}"},"query-input":"required name=search_term_string"}],"inLanguage":"sl-SI"},{"@type":"Organization","@id":"https:\/\/hd-multimedia.com\/#organization","name":"hd-multimedia","url":"https:\/\/hd-multimedia.com\/","logo":{"@type":"ImageObject","inLanguage":"sl-SI","@id":"https:\/\/hd-multimedia.com\/#\/schema\/logo\/image\/","url":"https:\/\/hd-multimedia.com\/hdm_media\/HD-curves-ok-196-56px-alpha-1.png","contentUrl":"https:\/\/hd-multimedia.com\/hdm_media\/HD-curves-ok-196-56px-alpha-1.png","width":196,"height":53,"caption":"hd-multimedia"},"image":{"@id":"https:\/\/hd-multimedia.com\/#\/schema\/logo\/image\/"}}]}},"post_mailing_queue_ids":[],"_links":{"self":[{"href":"https:\/\/hd-multimedia.com\/sl\/wp-json\/wp\/v2\/product\/6615","targetHints":{"allow":["GET"]}}],"collection":[{"href":"https:\/\/hd-multimedia.com\/sl\/wp-json\/wp\/v2\/product"}],"about":[{"href":"https:\/\/hd-multimedia.com\/sl\/wp-json\/wp\/v2\/types\/product"}],"version-history":[{"count":9,"href":"https:\/\/hd-multimedia.com\/sl\/wp-json\/wp\/v2\/product\/6615\/revisions"}],"predecessor-version":[{"id":18122,"href":"https:\/\/hd-multimedia.com\/sl\/wp-json\/wp\/v2\/product\/6615\/revisions\/18122"}],"wp:featuredmedia":[{"embeddable":true,"href":"https:\/\/hd-multimedia.com\/sl\/wp-json\/wp\/v2\/media\/13738"}],"wp:attachment":[{"href":"https:\/\/hd-multimedia.com\/sl\/wp-json\/wp\/v2\/media?parent=6615"}],"curies":[{"name":"wp","href":"https:\/\/api.w.org\/{rel}","templated":true}]}}