{"id":6610,"date":"2021-10-05T10:45:25","date_gmt":"2021-10-05T10:45:25","guid":{"rendered":"https:\/\/hd-multimedia.com\/?post_type=product&#038;p=6610"},"modified":"2024-12-01T00:00:48","modified_gmt":"2024-12-01T00:00:48","slug":"edifier-g33bt","status":"publish","type":"product","link":"https:\/\/hd-multimedia.com\/sl\/trgovina\/edifier-g33bt\/","title":{"rendered":"Edifier G33BT"},"content":{"rendered":"<p>Preprosto dostopni gumbi na slu\u0161alkah vam omogo\u010dajo nadzor glasnosti, sprejemanje klicev in upravljanje RGB u\u010dinkov! Na voljo je osem razli\u010dnih svetlobnih u\u010dinkov RGB, preprosto izberite \u017eelene u\u010dinke z dotikom funkcijskega gumba!<\/p>\n<p><a href=\"https:\/\/www.edifier.com\/global\/p\/gaming-headphones\/g33bt\" target=\"_blank\" rel=\"noopener\">Ostale informacije najdete na tej povezavi.<\/a><\/p>","protected":false},"excerpt":{"rendered":"<p>Igralne slu\u0161alke Edifier G33BT zagotavljajo napredno igralno izku\u0161njo z vrsto uporabnih funkcij. Z \u017eivljenjsko dobo baterije do 48 ur z enim polnjenjem omogo\u010dajo dolgotrajno neprekinjeno uporabo. Zahvaljujo\u010d intuitivnim kontrolam na dotik lahko preprosto prilagodite nastavitve \u2013 spremenite polnilna vrata, nadzirate glasnost, sprejemate klice in vklopite RGB lu\u010di z enim dotikom. Opremljeni so s 40 mm gonilnikom NdFeB in membrano iz PET za natan\u010den zvok z bogatimi nizkimi toni in vam omogo\u010dajo izbiro med tremi frekven\u010dnimi obmo\u010dji za optimalno zvo\u010dno izku\u0161njo. Nizka zakasnitev le 60 ms, skupaj s tehnologijo PixArt in zdru\u017eljivostjo Bluetooth V5.0 za iOS in Android, zagotavlja zvok in igranje brez zaostankov. Za dodaten vizualni u\u010dinek slu\u0161alke ponujajo osem prilagodljivih na\u010dinov osvetlitve RGB, vklju\u010dno s konstantno, utripajo\u010do in gradientno osvetlitvijo, zaradi \u010desar so odli\u010dna izbira za vrhunsko igralno izku\u0161njo.<\/p>","protected":false},"featured_media":6718,"template":"","meta":{"site-sidebar-layout":"default","site-content-layout":"default","ast-site-content-layout":"default","site-content-style":"default","site-sidebar-style":"default","ast-global-header-display":"","ast-banner-title-visibility":"","ast-main-header-display":"","ast-hfb-above-header-display":"","ast-hfb-below-header-display":"","ast-hfb-mobile-header-display":"","site-post-title":"","ast-breadcrumbs-content":"","ast-featured-img":"","footer-sml-layout":"","theme-transparent-header-meta":"default","adv-header-id-meta":"","stick-header-meta":"default","header-above-stick-meta":"","header-main-stick-meta":"","header-below-stick-meta":"","astra-migrate-meta-layouts":"set","ast-page-background-enabled":"default","ast-page-background-meta":{"desktop":{"background-color":"","background-image":"","background-repeat":"repeat","background-position":"center center","background-size":"auto","background-attachment":"scroll","background-type":"","background-media":"","overlay-type":"","overlay-color":"","overlay-opacity":"","overlay-gradient":""},"tablet":{"background-color":"","background-image":"","background-repeat":"repeat","background-position":"center center","background-size":"auto","background-attachment":"scroll","background-type":"","background-media":"","overlay-type":"","overlay-color":"","overlay-opacity":"","overlay-gradient":""},"mobile":{"background-color":"","background-image":"","background-repeat":"repeat","background-position":"center center","background-size":"auto","background-attachment":"scroll","background-type":"","background-media":"","overlay-type":"","overlay-color":"","overlay-opacity":"","overlay-gradient":""}},"ast-content-background-meta":{"desktop":{"background-color":"var(--ast-global-color-5)","background-image":"","background-repeat":"repeat","background-position":"center center","background-size":"auto","background-attachment":"scroll","background-type":"","background-media":"","overlay-type":"","overlay-color":"","overlay-opacity":"","overlay-gradient":""},"tablet":{"background-color":"var(--ast-global-color-5)","background-image":"","background-repeat":"repeat","background-position":"center center","background-size":"auto","background-attachment":"scroll","background-type":"","background-media":"","overlay-type":"","overlay-color":"","overlay-opacity":"","overlay-gradient":""},"mobile":{"background-color":"var(--ast-global-color-5)","background-image":"","background-repeat":"repeat","background-position":"center center","background-size":"auto","background-attachment":"scroll","background-type":"","background-media":"","overlay-type":"","overlay-color":"","overlay-opacity":"","overlay-gradient":""}}},"class_list":["post-6610","product","type-product","status-publish","has-post-thumbnail","hentry","product_cat-gaming_slu","product_cat-bluetooth-slusalice","product_cat-edifier","product_tag-gaming","desktop-align-center","tablet-align-center","mobile-align-center","ast-product-gallery-layout-horizontal","ast-magnify-disabled","ast-product-single-variable","ast-product-tabs-layout-horizontal"],"yoast_head":"<!-- This site is optimized with the Yoast SEO plugin v21.4 - https:\/\/yoast.com\/wordpress\/plugins\/seo\/ -->\n<title>Edifier G33BT - hd-multimedia<\/title>\n<meta name=\"description\" content=\"Edifier G33BT su gaming be\u017ei\u010dne slu\u0161alice s mekim jastu\u010di\u0107ima za u\u0161i od ko\u017ee. PixArt Bluetooth V5.0 osigurava minimalno ka\u0161njenje od 60 ms.\" \/>\n<meta name=\"robots\" content=\"index, follow, max-snippet:-1, max-image-preview:large, max-video-preview:-1\" \/>\n<link rel=\"canonical\" href=\"https:\/\/hd-multimedia.com\/sl\/trgovina\/edifier-g33bt\/\" \/>\n<meta property=\"og:locale\" content=\"sl_SI\" \/>\n<meta property=\"og:type\" content=\"article\" \/>\n<meta property=\"og:title\" content=\"Edifier G33BT - hd-multimedia\" \/>\n<meta property=\"og:description\" content=\"Edifier G33BT su gaming be\u017ei\u010dne slu\u0161alice s mekim jastu\u010di\u0107ima za u\u0161i od ko\u017ee. PixArt Bluetooth V5.0 osigurava minimalno ka\u0161njenje od 60 ms.\" \/>\n<meta property=\"og:url\" content=\"https:\/\/hd-multimedia.com\/sl\/trgovina\/edifier-g33bt\/\" \/>\n<meta property=\"og:site_name\" content=\"hd-multimedia\" \/>\n<meta property=\"article:modified_time\" content=\"2024-12-01T00:00:48+00:00\" \/>\n<meta property=\"og:image\" content=\"https:\/\/hd-multimedia.com\/hdm_media\/Edifier-G33BT-1.jpg\" \/>\n\t<meta property=\"og:image:width\" content=\"800\" \/>\n\t<meta property=\"og:image:height\" content=\"800\" \/>\n\t<meta property=\"og:image:type\" content=\"image\/jpeg\" \/>\n<meta name=\"twitter:card\" content=\"summary_large_image\" \/>\n<meta name=\"twitter:label1\" content=\"Est. reading time\" \/>\n\t<meta name=\"twitter:data1\" content=\"1 minuta\" \/>\n<script type=\"application\/ld+json\" class=\"yoast-schema-graph\">{\"@context\":\"https:\/\/schema.org\",\"@graph\":[{\"@type\":\"WebPage\",\"@id\":\"https:\/\/hd-multimedia.com\/trgovina\/edifier-g33bt\/\",\"url\":\"https:\/\/hd-multimedia.com\/trgovina\/edifier-g33bt\/\",\"name\":\"Edifier G33BT - hd-multimedia\",\"isPartOf\":{\"@id\":\"https:\/\/hd-multimedia.com\/#website\"},\"datePublished\":\"2021-10-05T10:45:25+00:00\",\"dateModified\":\"2024-12-01T00:00:48+00:00\",\"description\":\"Edifier G33BT su gaming be\u017ei\u010dne slu\u0161alice s mekim jastu\u010di\u0107ima za u\u0161i od ko\u017ee. PixArt Bluetooth V5.0 osigurava minimalno ka\u0161njenje od 60 ms.\",\"breadcrumb\":{\"@id\":\"https:\/\/hd-multimedia.com\/trgovina\/edifier-g33bt\/#breadcrumb\"},\"inLanguage\":\"sl-SI\",\"potentialAction\":[{\"@type\":\"ReadAction\",\"target\":[\"https:\/\/hd-multimedia.com\/trgovina\/edifier-g33bt\/\"]}]},{\"@type\":\"BreadcrumbList\",\"@id\":\"https:\/\/hd-multimedia.com\/trgovina\/edifier-g33bt\/#breadcrumb\",\"itemListElement\":[{\"@type\":\"ListItem\",\"position\":1,\"name\":\"Po\u010detna stranica\",\"item\":\"https:\/\/hd-multimedia.com\/\"},{\"@type\":\"ListItem\",\"position\":2,\"name\":\"Trgovina\",\"item\":\"https:\/\/hd-multimedia.com\/trgovina\/\"},{\"@type\":\"ListItem\",\"position\":3,\"name\":\"Edifier G33BT\"}]},{\"@type\":\"WebSite\",\"@id\":\"https:\/\/hd-multimedia.com\/#website\",\"url\":\"https:\/\/hd-multimedia.com\/\",\"name\":\"hd-multimedia\",\"description\":\"\",\"publisher\":{\"@id\":\"https:\/\/hd-multimedia.com\/#organization\"},\"potentialAction\":[{\"@type\":\"SearchAction\",\"target\":{\"@type\":\"EntryPoint\",\"urlTemplate\":\"https:\/\/hd-multimedia.com\/?s={search_term_string}\"},\"query-input\":\"required name=search_term_string\"}],\"inLanguage\":\"sl-SI\"},{\"@type\":\"Organization\",\"@id\":\"https:\/\/hd-multimedia.com\/#organization\",\"name\":\"hd-multimedia\",\"url\":\"https:\/\/hd-multimedia.com\/\",\"logo\":{\"@type\":\"ImageObject\",\"inLanguage\":\"sl-SI\",\"@id\":\"https:\/\/hd-multimedia.com\/#\/schema\/logo\/image\/\",\"url\":\"https:\/\/hd-multimedia.com\/hdm_media\/HD-curves-ok-196-56px-alpha-1.png\",\"contentUrl\":\"https:\/\/hd-multimedia.com\/hdm_media\/HD-curves-ok-196-56px-alpha-1.png\",\"width\":196,\"height\":53,\"caption\":\"hd-multimedia\"},\"image\":{\"@id\":\"https:\/\/hd-multimedia.com\/#\/schema\/logo\/image\/\"}}]}<\/script>\n<!-- \/ Yoast SEO plugin. -->","yoast_head_json":{"title":"Edifier G33BT - hd-multimedia","description":"Edifier G33BT su gaming be\u017ei\u010dne slu\u0161alice s mekim jastu\u010di\u0107ima za u\u0161i od ko\u017ee. PixArt Bluetooth V5.0 osigurava minimalno ka\u0161njenje od 60 ms.","robots":{"index":"index","follow":"follow","max-snippet":"max-snippet:-1","max-image-preview":"max-image-preview:large","max-video-preview":"max-video-preview:-1"},"canonical":"https:\/\/hd-multimedia.com\/sl\/trgovina\/edifier-g33bt\/","og_locale":"sl_SI","og_type":"article","og_title":"Edifier G33BT - hd-multimedia","og_description":"Edifier G33BT su gaming be\u017ei\u010dne slu\u0161alice s mekim jastu\u010di\u0107ima za u\u0161i od ko\u017ee. PixArt Bluetooth V5.0 osigurava minimalno ka\u0161njenje od 60 ms.","og_url":"https:\/\/hd-multimedia.com\/sl\/trgovina\/edifier-g33bt\/","og_site_name":"hd-multimedia","article_modified_time":"2024-12-01T00:00:48+00:00","og_image":[{"width":800,"height":800,"url":"https:\/\/hd-multimedia.com\/hdm_media\/Edifier-G33BT-1.jpg","type":"image\/jpeg"}],"twitter_card":"summary_large_image","twitter_misc":{"Est. reading time":"1 minuta"},"schema":{"@context":"https:\/\/schema.org","@graph":[{"@type":"WebPage","@id":"https:\/\/hd-multimedia.com\/trgovina\/edifier-g33bt\/","url":"https:\/\/hd-multimedia.com\/trgovina\/edifier-g33bt\/","name":"Edifier G33BT - hd-multimedia","isPartOf":{"@id":"https:\/\/hd-multimedia.com\/#website"},"datePublished":"2021-10-05T10:45:25+00:00","dateModified":"2024-12-01T00:00:48+00:00","description":"Edifier G33BT su gaming be\u017ei\u010dne slu\u0161alice s mekim jastu\u010di\u0107ima za u\u0161i od ko\u017ee. PixArt Bluetooth V5.0 osigurava minimalno ka\u0161njenje od 60 ms.","breadcrumb":{"@id":"https:\/\/hd-multimedia.com\/trgovina\/edifier-g33bt\/#breadcrumb"},"inLanguage":"sl-SI","potentialAction":[{"@type":"ReadAction","target":["https:\/\/hd-multimedia.com\/trgovina\/edifier-g33bt\/"]}]},{"@type":"BreadcrumbList","@id":"https:\/\/hd-multimedia.com\/trgovina\/edifier-g33bt\/#breadcrumb","itemListElement":[{"@type":"ListItem","position":1,"name":"Po\u010detna stranica","item":"https:\/\/hd-multimedia.com\/"},{"@type":"ListItem","position":2,"name":"Trgovina","item":"https:\/\/hd-multimedia.com\/trgovina\/"},{"@type":"ListItem","position":3,"name":"Edifier G33BT"}]},{"@type":"WebSite","@id":"https:\/\/hd-multimedia.com\/#website","url":"https:\/\/hd-multimedia.com\/","name":"hd-multimedia","description":"","publisher":{"@id":"https:\/\/hd-multimedia.com\/#organization"},"potentialAction":[{"@type":"SearchAction","target":{"@type":"EntryPoint","urlTemplate":"https:\/\/hd-multimedia.com\/?s={search_term_string}"},"query-input":"required name=search_term_string"}],"inLanguage":"sl-SI"},{"@type":"Organization","@id":"https:\/\/hd-multimedia.com\/#organization","name":"hd-multimedia","url":"https:\/\/hd-multimedia.com\/","logo":{"@type":"ImageObject","inLanguage":"sl-SI","@id":"https:\/\/hd-multimedia.com\/#\/schema\/logo\/image\/","url":"https:\/\/hd-multimedia.com\/hdm_media\/HD-curves-ok-196-56px-alpha-1.png","contentUrl":"https:\/\/hd-multimedia.com\/hdm_media\/HD-curves-ok-196-56px-alpha-1.png","width":196,"height":53,"caption":"hd-multimedia"},"image":{"@id":"https:\/\/hd-multimedia.com\/#\/schema\/logo\/image\/"}}]}},"post_mailing_queue_ids":[],"_links":{"self":[{"href":"https:\/\/hd-multimedia.com\/sl\/wp-json\/wp\/v2\/product\/6610","targetHints":{"allow":["GET"]}}],"collection":[{"href":"https:\/\/hd-multimedia.com\/sl\/wp-json\/wp\/v2\/product"}],"about":[{"href":"https:\/\/hd-multimedia.com\/sl\/wp-json\/wp\/v2\/types\/product"}],"version-history":[{"count":10,"href":"https:\/\/hd-multimedia.com\/sl\/wp-json\/wp\/v2\/product\/6610\/revisions"}],"predecessor-version":[{"id":16986,"href":"https:\/\/hd-multimedia.com\/sl\/wp-json\/wp\/v2\/product\/6610\/revisions\/16986"}],"wp:featuredmedia":[{"embeddable":true,"href":"https:\/\/hd-multimedia.com\/sl\/wp-json\/wp\/v2\/media\/6718"}],"wp:attachment":[{"href":"https:\/\/hd-multimedia.com\/sl\/wp-json\/wp\/v2\/media?parent=6610"}],"curies":[{"name":"wp","href":"https:\/\/api.w.org\/{rel}","templated":true}]}}