{"id":6606,"date":"2021-10-05T10:41:23","date_gmt":"2021-10-05T10:41:23","guid":{"rendered":"https:\/\/hd-multimedia.com\/?post_type=product&#038;p=6606"},"modified":"2026-02-04T10:19:30","modified_gmt":"2026-02-04T10:19:30","slug":"edifier-w820nb","status":"publish","type":"product","link":"https:\/\/hd-multimedia.com\/sl\/trgovina\/edifier-w820nb\/","title":{"rendered":"Edifier W820NB"},"content":{"rendered":"<p>\u2013 Razli\u010dica Bluetooth: V5.0<\/p>\n<p>\u2013 Avdio kodeki: SBC<\/p>\n<p>\u2013 Pogonska enota: 40 mm dinami\u010dni gonilnik<\/p>\n<p>\u2013 \u010cas predvajanja: ANC vklopljen: pribli\u017eno 29 ur \u2013 ANC izklopljen: pribli\u017eno 49 ur<\/p>\n<p>\u2013 \u010cas polnjenja: pribli\u017eno 1,5 ure<\/p>\n<p>\u2013 Kapaciteta baterije: 400mAh<\/p>\n<p>\u2013 Frekven\u010dni odziv: 20Hz \u2013 40kHz<\/p>\n<p>\u2013 Raven zvo\u010dnega tlaka: 91\u00b13dB(A)<\/p>\n<p>\u2013 Impedanca: 32\u03a9<\/p>\n<p>\u2013 Vrata za polnjenje: USB Type-C<\/p>\n<p><a href=\"https:\/\/usweb.edifier.com\/product-w820nb.html\" target=\"_blank\" rel=\"noopener\">Ostale informacije najdete na tej povezavi.<\/a><\/p>","protected":false},"excerpt":{"rendered":"<p>Edifierjeve slu\u0161alke W820NB imajo tehnologijo hibridnega aktivnega odpravljanja hrupa (ANC), ki zmanj\u0161a hrup za do impresivnih 38 dB, kar zagotavlja izbolj\u0161ano glasbeno izku\u0161njo in hkrati odpravlja ne\u017eelen hrup. Z dolgotrajno baterijo, ki zagotavlja 49 ur predvajanja, te slu\u0161alke zagotavljajo u\u010dinkovitost in vzdr\u017eljivost. Ergonomska oblika zagotavlja udobje skozi ves dan, njihov privla\u010den videz pa se poda vsakemu stilu. Slu\u0161alke W820NB poleg tega, da imajo certifikat Hi-Res za vrhunsko kakovost zvoka, odlikujejo tudi jasni telefonski klici, zaradi \u010desar so vsestranska izbira za komunikacijo in poslu\u0161anje.<\/p>\n<p><a href=\"https:\/\/usweb.edifier.com\/product-w820nb.html\" target=\"_blank\" rel=\"noopener\">Ostale informacije najdete na tej povezavi.<\/a><\/p>","protected":false},"featured_media":13884,"template":"","meta":{"site-sidebar-layout":"default","site-content-layout":"default","ast-site-content-layout":"default","site-content-style":"default","site-sidebar-style":"default","ast-global-header-display":"","ast-banner-title-visibility":"","ast-main-header-display":"","ast-hfb-above-header-display":"","ast-hfb-below-header-display":"","ast-hfb-mobile-header-display":"","site-post-title":"","ast-breadcrumbs-content":"","ast-featured-img":"","footer-sml-layout":"","theme-transparent-header-meta":"default","adv-header-id-meta":"","stick-header-meta":"default","header-above-stick-meta":"","header-main-stick-meta":"","header-below-stick-meta":"","astra-migrate-meta-layouts":"set","ast-page-background-enabled":"default","ast-page-background-meta":{"desktop":{"background-color":"","background-image":"","background-repeat":"repeat","background-position":"center center","background-size":"auto","background-attachment":"scroll","background-type":"","background-media":"","overlay-type":"","overlay-color":"","overlay-opacity":"","overlay-gradient":""},"tablet":{"background-color":"","background-image":"","background-repeat":"repeat","background-position":"center center","background-size":"auto","background-attachment":"scroll","background-type":"","background-media":"","overlay-type":"","overlay-color":"","overlay-opacity":"","overlay-gradient":""},"mobile":{"background-color":"","background-image":"","background-repeat":"repeat","background-position":"center center","background-size":"auto","background-attachment":"scroll","background-type":"","background-media":"","overlay-type":"","overlay-color":"","overlay-opacity":"","overlay-gradient":""}},"ast-content-background-meta":{"desktop":{"background-color":"var(--ast-global-color-5)","background-image":"","background-repeat":"repeat","background-position":"center center","background-size":"auto","background-attachment":"scroll","background-type":"","background-media":"","overlay-type":"","overlay-color":"","overlay-opacity":"","overlay-gradient":""},"tablet":{"background-color":"var(--ast-global-color-5)","background-image":"","background-repeat":"repeat","background-position":"center center","background-size":"auto","background-attachment":"scroll","background-type":"","background-media":"","overlay-type":"","overlay-color":"","overlay-opacity":"","overlay-gradient":""},"mobile":{"background-color":"var(--ast-global-color-5)","background-image":"","background-repeat":"repeat","background-position":"center center","background-size":"auto","background-attachment":"scroll","background-type":"","background-media":"","overlay-type":"","overlay-color":"","overlay-opacity":"","overlay-gradient":""}}},"class_list":["post-6606","product","type-product","status-publish","has-post-thumbnail","hentry","product_cat-bluetooth-slusalice","product_cat-naglavne-slusalice","product_cat-edifier","desktop-align-center","tablet-align-center","mobile-align-center","ast-product-gallery-layout-horizontal","ast-magnify-disabled","ast-product-tabs-layout-horizontal"],"yoast_head":"<!-- This site is optimized with the Yoast SEO plugin v21.4 - https:\/\/yoast.com\/wordpress\/plugins\/seo\/ -->\n<title>Edifier W820NB - hd-multimedia<\/title>\n<meta name=\"description\" content=\"W820NB imaju hibridnu ANC tehnologiju koja smanjuje buku okoline do 38 dB. Smanjite ne\u017eeljenu buku okoline i obogatite va\u0161e iskustvo slu\u0161anja glazbe!\" \/>\n<meta name=\"robots\" content=\"index, follow, max-snippet:-1, max-image-preview:large, max-video-preview:-1\" \/>\n<link rel=\"canonical\" href=\"https:\/\/hd-multimedia.com\/sl\/trgovina\/edifier-w820nb\/\" \/>\n<meta property=\"og:locale\" content=\"sl_SI\" \/>\n<meta property=\"og:type\" content=\"article\" \/>\n<meta property=\"og:title\" content=\"Edifier W820NB - hd-multimedia\" \/>\n<meta property=\"og:description\" content=\"W820NB imaju hibridnu ANC tehnologiju koja smanjuje buku okoline do 38 dB. Smanjite ne\u017eeljenu buku okoline i obogatite va\u0161e iskustvo slu\u0161anja glazbe!\" \/>\n<meta property=\"og:url\" content=\"https:\/\/hd-multimedia.com\/sl\/trgovina\/edifier-w820nb\/\" \/>\n<meta property=\"og:site_name\" content=\"hd-multimedia\" \/>\n<meta property=\"article:modified_time\" content=\"2026-02-04T10:19:30+00:00\" \/>\n<meta property=\"og:image\" content=\"https:\/\/hd-multimedia.com\/hdm_media\/45ed211e68db1bc4d0b9fb80923b7310.png\" \/>\n\t<meta property=\"og:image:width\" content=\"800\" \/>\n\t<meta property=\"og:image:height\" content=\"800\" \/>\n\t<meta property=\"og:image:type\" content=\"image\/png\" \/>\n<meta name=\"twitter:card\" content=\"summary_large_image\" \/>\n<meta name=\"twitter:label1\" content=\"Est. reading time\" \/>\n\t<meta name=\"twitter:data1\" content=\"1 minuta\" \/>\n<script type=\"application\/ld+json\" class=\"yoast-schema-graph\">{\"@context\":\"https:\/\/schema.org\",\"@graph\":[{\"@type\":\"WebPage\",\"@id\":\"https:\/\/hd-multimedia.com\/trgovina\/edifier-w820nb\/\",\"url\":\"https:\/\/hd-multimedia.com\/trgovina\/edifier-w820nb\/\",\"name\":\"Edifier W820NB - hd-multimedia\",\"isPartOf\":{\"@id\":\"https:\/\/hd-multimedia.com\/#website\"},\"datePublished\":\"2021-10-05T10:41:23+00:00\",\"dateModified\":\"2026-02-04T10:19:30+00:00\",\"description\":\"W820NB imaju hibridnu ANC tehnologiju koja smanjuje buku okoline do 38 dB. Smanjite ne\u017eeljenu buku okoline i obogatite va\u0161e iskustvo slu\u0161anja glazbe!\",\"breadcrumb\":{\"@id\":\"https:\/\/hd-multimedia.com\/trgovina\/edifier-w820nb\/#breadcrumb\"},\"inLanguage\":\"sl-SI\",\"potentialAction\":[{\"@type\":\"ReadAction\",\"target\":[\"https:\/\/hd-multimedia.com\/trgovina\/edifier-w820nb\/\"]}]},{\"@type\":\"BreadcrumbList\",\"@id\":\"https:\/\/hd-multimedia.com\/trgovina\/edifier-w820nb\/#breadcrumb\",\"itemListElement\":[{\"@type\":\"ListItem\",\"position\":1,\"name\":\"Po\u010detna stranica\",\"item\":\"https:\/\/hd-multimedia.com\/\"},{\"@type\":\"ListItem\",\"position\":2,\"name\":\"Trgovina\",\"item\":\"https:\/\/hd-multimedia.com\/trgovina\/\"},{\"@type\":\"ListItem\",\"position\":3,\"name\":\"Edifier W820NB\"}]},{\"@type\":\"WebSite\",\"@id\":\"https:\/\/hd-multimedia.com\/#website\",\"url\":\"https:\/\/hd-multimedia.com\/\",\"name\":\"hd-multimedia\",\"description\":\"\",\"publisher\":{\"@id\":\"https:\/\/hd-multimedia.com\/#organization\"},\"potentialAction\":[{\"@type\":\"SearchAction\",\"target\":{\"@type\":\"EntryPoint\",\"urlTemplate\":\"https:\/\/hd-multimedia.com\/?s={search_term_string}\"},\"query-input\":\"required name=search_term_string\"}],\"inLanguage\":\"sl-SI\"},{\"@type\":\"Organization\",\"@id\":\"https:\/\/hd-multimedia.com\/#organization\",\"name\":\"hd-multimedia\",\"url\":\"https:\/\/hd-multimedia.com\/\",\"logo\":{\"@type\":\"ImageObject\",\"inLanguage\":\"sl-SI\",\"@id\":\"https:\/\/hd-multimedia.com\/#\/schema\/logo\/image\/\",\"url\":\"https:\/\/hd-multimedia.com\/hdm_media\/HD-curves-ok-196-56px-alpha-1.png\",\"contentUrl\":\"https:\/\/hd-multimedia.com\/hdm_media\/HD-curves-ok-196-56px-alpha-1.png\",\"width\":196,\"height\":53,\"caption\":\"hd-multimedia\"},\"image\":{\"@id\":\"https:\/\/hd-multimedia.com\/#\/schema\/logo\/image\/\"}}]}<\/script>\n<!-- \/ Yoast SEO plugin. -->","yoast_head_json":{"title":"Edifier W820NB - hd-multimedia","description":"W820NB imaju hibridnu ANC tehnologiju koja smanjuje buku okoline do 38 dB. Smanjite ne\u017eeljenu buku okoline i obogatite va\u0161e iskustvo slu\u0161anja glazbe!","robots":{"index":"index","follow":"follow","max-snippet":"max-snippet:-1","max-image-preview":"max-image-preview:large","max-video-preview":"max-video-preview:-1"},"canonical":"https:\/\/hd-multimedia.com\/sl\/trgovina\/edifier-w820nb\/","og_locale":"sl_SI","og_type":"article","og_title":"Edifier W820NB - hd-multimedia","og_description":"W820NB imaju hibridnu ANC tehnologiju koja smanjuje buku okoline do 38 dB. Smanjite ne\u017eeljenu buku okoline i obogatite va\u0161e iskustvo slu\u0161anja glazbe!","og_url":"https:\/\/hd-multimedia.com\/sl\/trgovina\/edifier-w820nb\/","og_site_name":"hd-multimedia","article_modified_time":"2026-02-04T10:19:30+00:00","og_image":[{"width":800,"height":800,"url":"https:\/\/hd-multimedia.com\/hdm_media\/45ed211e68db1bc4d0b9fb80923b7310.png","type":"image\/png"}],"twitter_card":"summary_large_image","twitter_misc":{"Est. reading time":"1 minuta"},"schema":{"@context":"https:\/\/schema.org","@graph":[{"@type":"WebPage","@id":"https:\/\/hd-multimedia.com\/trgovina\/edifier-w820nb\/","url":"https:\/\/hd-multimedia.com\/trgovina\/edifier-w820nb\/","name":"Edifier W820NB - hd-multimedia","isPartOf":{"@id":"https:\/\/hd-multimedia.com\/#website"},"datePublished":"2021-10-05T10:41:23+00:00","dateModified":"2026-02-04T10:19:30+00:00","description":"W820NB imaju hibridnu ANC tehnologiju koja smanjuje buku okoline do 38 dB. Smanjite ne\u017eeljenu buku okoline i obogatite va\u0161e iskustvo slu\u0161anja glazbe!","breadcrumb":{"@id":"https:\/\/hd-multimedia.com\/trgovina\/edifier-w820nb\/#breadcrumb"},"inLanguage":"sl-SI","potentialAction":[{"@type":"ReadAction","target":["https:\/\/hd-multimedia.com\/trgovina\/edifier-w820nb\/"]}]},{"@type":"BreadcrumbList","@id":"https:\/\/hd-multimedia.com\/trgovina\/edifier-w820nb\/#breadcrumb","itemListElement":[{"@type":"ListItem","position":1,"name":"Po\u010detna stranica","item":"https:\/\/hd-multimedia.com\/"},{"@type":"ListItem","position":2,"name":"Trgovina","item":"https:\/\/hd-multimedia.com\/trgovina\/"},{"@type":"ListItem","position":3,"name":"Edifier W820NB"}]},{"@type":"WebSite","@id":"https:\/\/hd-multimedia.com\/#website","url":"https:\/\/hd-multimedia.com\/","name":"hd-multimedia","description":"","publisher":{"@id":"https:\/\/hd-multimedia.com\/#organization"},"potentialAction":[{"@type":"SearchAction","target":{"@type":"EntryPoint","urlTemplate":"https:\/\/hd-multimedia.com\/?s={search_term_string}"},"query-input":"required name=search_term_string"}],"inLanguage":"sl-SI"},{"@type":"Organization","@id":"https:\/\/hd-multimedia.com\/#organization","name":"hd-multimedia","url":"https:\/\/hd-multimedia.com\/","logo":{"@type":"ImageObject","inLanguage":"sl-SI","@id":"https:\/\/hd-multimedia.com\/#\/schema\/logo\/image\/","url":"https:\/\/hd-multimedia.com\/hdm_media\/HD-curves-ok-196-56px-alpha-1.png","contentUrl":"https:\/\/hd-multimedia.com\/hdm_media\/HD-curves-ok-196-56px-alpha-1.png","width":196,"height":53,"caption":"hd-multimedia"},"image":{"@id":"https:\/\/hd-multimedia.com\/#\/schema\/logo\/image\/"}}]}},"post_mailing_queue_ids":[],"_links":{"self":[{"href":"https:\/\/hd-multimedia.com\/sl\/wp-json\/wp\/v2\/product\/6606","targetHints":{"allow":["GET"]}}],"collection":[{"href":"https:\/\/hd-multimedia.com\/sl\/wp-json\/wp\/v2\/product"}],"about":[{"href":"https:\/\/hd-multimedia.com\/sl\/wp-json\/wp\/v2\/types\/product"}],"version-history":[{"count":13,"href":"https:\/\/hd-multimedia.com\/sl\/wp-json\/wp\/v2\/product\/6606\/revisions"}],"predecessor-version":[{"id":13879,"href":"https:\/\/hd-multimedia.com\/sl\/wp-json\/wp\/v2\/product\/6606\/revisions\/13879"}],"wp:featuredmedia":[{"embeddable":true,"href":"https:\/\/hd-multimedia.com\/sl\/wp-json\/wp\/v2\/media\/13884"}],"wp:attachment":[{"href":"https:\/\/hd-multimedia.com\/sl\/wp-json\/wp\/v2\/media?parent=6606"}],"curies":[{"name":"wp","href":"https:\/\/api.w.org\/{rel}","templated":true}]}}