{"id":6604,"date":"2021-10-05T10:37:30","date_gmt":"2021-10-05T10:37:30","guid":{"rendered":"https:\/\/hd-multimedia.com\/?post_type=product&#038;p=6604"},"modified":"2025-12-08T09:39:02","modified_gmt":"2025-12-08T09:39:02","slug":"edifier-tws-neobuds_pro","status":"publish","type":"product","link":"https:\/\/hd-multimedia.com\/sl\/trgovina\/edifier-tws-neobuds_pro\/","title":{"rendered":"Edifier TWS NeoBuds PRO"},"content":{"rendered":"<p>Edifier TWS NeoBuds PRO- Hibridne stereo brez\u017ei\u010dne slu\u0161alke z aktivnim odpravljanjem \u0161umov (TWS)- z aktivnim odpravljanjem \u0161umov (ANC)!<\/p>\n<ul>\n<li>\u201cPrave brez\u017ei\u010dne u\u0161esne slu\u0161alke\u201d popolnoma brez\u017ei\u010dne stereo u\u0161esne slu\u0161alke<\/li>\n<li>Hybrid Active Noise Cancellation \u2013 hibridni aktivni sistem za zmanj\u0161anje hrupa iz okolice z notranjimi in zunanjimi mikrofoni<\/li>\n<li>Ve\u010d vgrajenih mikrofonov zagotavlja dobro du\u0161enje hrupa in visoko razumljivost telefonskih pogovorov<\/li>\n<li>Ambientalni na\u010din \u2013 omogo\u010da spremljanje zvoka iz okolice, medtem ko so slu\u0161alke aktivne<\/li>\n<li>Igralni na\u010din \u2013 zmanj\u0161a zakasnitev med sliko in zvokom v video igrah<\/li>\n<li>10 mm \u2013 gonilnik zvo\u010dnika iz kompozitnega materiala \u2013 omogo\u010da zvesto reprodukcijo glasbe in prostorsko rekreacijo<\/li>\n<li>Samodejno preklapljanje med glavnim in podrejenim omogo\u010da enostavno uporabo v mono ali stereo konfiguracijah slu\u0161alk<\/li>\n<li>Aplikacija EDIFIER CONNECT za Android in IOS omogo\u010da enostavno nastavitev in izbiro na\u010dina<\/li>\n<\/ul>\n<p>Specifikacija:<\/p>\n<ul>\n<li>Vrsta: u\u0161esne brez\u017ei\u010dne stereo slu\u0161alke (in-ear TWS)<\/li>\n<li>Akusti\u010dni princip: zaprte, izolirane slu\u0161alke<\/li>\n<li>Pogon: 10 mm dinami\u010den<\/li>\n<li>Impedanca: 24\u03a9<\/li>\n<li>Frekven\u010dni razpon: 20Hz \u2013 20kHz<\/li>\n<li>Ob\u010dutljivost: 94dB<\/li>\n<li>Priklju\u010dek za polnjenje: USB-C (predal za shranjevanje slu\u0161alk)<\/li>\n<li>Upravljanje: Aplikacija za IOS, Android, upravljanje na dotik na slu\u0161alkah<\/li>\n<li>Zmanj\u0161anje \u0161uma: Active Hybrid ANC (aktivno odpravljanje hrupa)<\/li>\n<li>Razli\u010dica Bluetooth: 5.0<\/li>\n<li>Avtonomija: slu\u0161alke ve\u010d kot 7 ur; s \u0161katlo do 18. ure.<\/li>\n<li>Te\u017ea: 12 g (53 g s \u0161katlo)<\/li>\n<li>Garancija: 12 mesecev baterija\/24 mesecev slu\u0161alko<\/li>\n<li>Vsebina: Edifier TWS NeoBuds PRO, etui za shranjevanje in polnjenje z baterijo, napajalni kabel USB Type-C, 3 pari u\u0161esnih nastavkov (M, S, V), uporabni\u0161ki priro\u010dnik<\/li>\n<\/ul>","protected":false},"excerpt":{"rendered":"<p>Edifier TWS NeoBuds PRO so brez\u017ei\u010dne stereo slu\u0161alke z aktivnim du\u0161enjem hrupa (Hybrid ANC). Izbira na\u010dinov delovanja vam omogo\u010da uporabo slu\u0161alk v vsaki situaciji. Odli\u010dnost pri telefonskih pogovorih in poslu\u0161anju glasbe \u2013 omogo\u010data notranji in zunanji mikrofoni za aktivno odpravljanje \u0161umov. Mono na\u010din omogo\u010da telefoniranje z eno slu\u0161alko. Ambientalni na\u010din vam omogo\u010da spremljanje zvoka iz va\u0161e okolice. 10 mm zvo\u010dni\u0161ka enota omogo\u010da zelo dobro reprodukcijo glasbe in govora. Slu\u0161alke zagotavljajo do 18 ur avtonomnega delovanja.<\/p>","protected":false},"featured_media":6733,"template":"","meta":{"site-sidebar-layout":"default","site-content-layout":"default","ast-site-content-layout":"default","site-content-style":"default","site-sidebar-style":"default","ast-global-header-display":"","ast-banner-title-visibility":"","ast-main-header-display":"","ast-hfb-above-header-display":"","ast-hfb-below-header-display":"","ast-hfb-mobile-header-display":"","site-post-title":"","ast-breadcrumbs-content":"","ast-featured-img":"","footer-sml-layout":"","theme-transparent-header-meta":"default","adv-header-id-meta":"","stick-header-meta":"default","header-above-stick-meta":"","header-main-stick-meta":"","header-below-stick-meta":"","astra-migrate-meta-layouts":"set","ast-page-background-enabled":"default","ast-page-background-meta":{"desktop":{"background-color":"","background-image":"","background-repeat":"repeat","background-position":"center center","background-size":"auto","background-attachment":"scroll","background-type":"","background-media":"","overlay-type":"","overlay-color":"","overlay-opacity":"","overlay-gradient":""},"tablet":{"background-color":"","background-image":"","background-repeat":"repeat","background-position":"center center","background-size":"auto","background-attachment":"scroll","background-type":"","background-media":"","overlay-type":"","overlay-color":"","overlay-opacity":"","overlay-gradient":""},"mobile":{"background-color":"","background-image":"","background-repeat":"repeat","background-position":"center center","background-size":"auto","background-attachment":"scroll","background-type":"","background-media":"","overlay-type":"","overlay-color":"","overlay-opacity":"","overlay-gradient":""}},"ast-content-background-meta":{"desktop":{"background-color":"var(--ast-global-color-5)","background-image":"","background-repeat":"repeat","background-position":"center center","background-size":"auto","background-attachment":"scroll","background-type":"","background-media":"","overlay-type":"","overlay-color":"","overlay-opacity":"","overlay-gradient":""},"tablet":{"background-color":"var(--ast-global-color-5)","background-image":"","background-repeat":"repeat","background-position":"center center","background-size":"auto","background-attachment":"scroll","background-type":"","background-media":"","overlay-type":"","overlay-color":"","overlay-opacity":"","overlay-gradient":""},"mobile":{"background-color":"var(--ast-global-color-5)","background-image":"","background-repeat":"repeat","background-position":"center center","background-size":"auto","background-attachment":"scroll","background-type":"","background-media":"","overlay-type":"","overlay-color":"","overlay-opacity":"","overlay-gradient":""}}},"class_list":["post-6604","product","type-product","status-publish","has-post-thumbnail","hentry","product_cat-usne-slusalice-iem","product_cat-bluetooth-slusalice","product_cat-edifier","product_tag-bluetooth-iem","desktop-align-center","tablet-align-center","mobile-align-center","ast-product-gallery-layout-horizontal","ast-magnify-disabled","ast-product-tabs-layout-horizontal"],"yoast_head":"<!-- This site is optimized with the Yoast SEO plugin v21.4 - https:\/\/yoast.com\/wordpress\/plugins\/seo\/ -->\n<title>Edifier TWS NeoBuds PRO - hd-multimedia<\/title>\n<meta name=\"description\" content=\"Edifier TWS NeoBuds PRO- Hybrid Active Noise Cancellation stereo be\u017ei\u010dne slu\u0161alice (TWS)- s aktivnim potiskivanjem \u0161uma okoline (ANC)!\" \/>\n<meta name=\"robots\" content=\"index, follow, max-snippet:-1, max-image-preview:large, max-video-preview:-1\" \/>\n<link rel=\"canonical\" href=\"https:\/\/hd-multimedia.com\/sl\/trgovina\/edifier-tws-neobuds_pro\/\" \/>\n<meta property=\"og:locale\" content=\"sl_SI\" \/>\n<meta property=\"og:type\" content=\"article\" \/>\n<meta property=\"og:title\" content=\"Edifier TWS NeoBuds PRO - hd-multimedia\" \/>\n<meta property=\"og:description\" content=\"Edifier TWS NeoBuds PRO- Hybrid Active Noise Cancellation stereo be\u017ei\u010dne slu\u0161alice (TWS)- s aktivnim potiskivanjem \u0161uma okoline (ANC)!\" \/>\n<meta property=\"og:url\" content=\"https:\/\/hd-multimedia.com\/sl\/trgovina\/edifier-tws-neobuds_pro\/\" \/>\n<meta property=\"og:site_name\" content=\"hd-multimedia\" \/>\n<meta property=\"article:modified_time\" content=\"2025-12-08T09:39:02+00:00\" \/>\n<meta property=\"og:image\" content=\"https:\/\/hd-multimedia.com\/hdm_media\/Edifier-Neo-Buds-PRO-1-scaled-e1633956966100.jpg\" \/>\n\t<meta property=\"og:image:width\" content=\"1200\" \/>\n\t<meta property=\"og:image:height\" content=\"1200\" \/>\n\t<meta property=\"og:image:type\" content=\"image\/jpeg\" \/>\n<meta name=\"twitter:card\" content=\"summary_large_image\" \/>\n<meta name=\"twitter:label1\" content=\"Est. reading time\" \/>\n\t<meta name=\"twitter:data1\" content=\"2 minuti\" \/>\n<script type=\"application\/ld+json\" class=\"yoast-schema-graph\">{\"@context\":\"https:\/\/schema.org\",\"@graph\":[{\"@type\":\"WebPage\",\"@id\":\"https:\/\/hd-multimedia.com\/trgovina\/edifier-tws-neobuds_pro\/\",\"url\":\"https:\/\/hd-multimedia.com\/trgovina\/edifier-tws-neobuds_pro\/\",\"name\":\"Edifier TWS NeoBuds PRO - hd-multimedia\",\"isPartOf\":{\"@id\":\"https:\/\/hd-multimedia.com\/#website\"},\"datePublished\":\"2021-10-05T10:37:30+00:00\",\"dateModified\":\"2025-12-08T09:39:02+00:00\",\"description\":\"Edifier TWS NeoBuds PRO- Hybrid Active Noise Cancellation stereo be\u017ei\u010dne slu\u0161alice (TWS)- s aktivnim potiskivanjem \u0161uma okoline (ANC)!\",\"breadcrumb\":{\"@id\":\"https:\/\/hd-multimedia.com\/trgovina\/edifier-tws-neobuds_pro\/#breadcrumb\"},\"inLanguage\":\"sl-SI\",\"potentialAction\":[{\"@type\":\"ReadAction\",\"target\":[\"https:\/\/hd-multimedia.com\/trgovina\/edifier-tws-neobuds_pro\/\"]}]},{\"@type\":\"BreadcrumbList\",\"@id\":\"https:\/\/hd-multimedia.com\/trgovina\/edifier-tws-neobuds_pro\/#breadcrumb\",\"itemListElement\":[{\"@type\":\"ListItem\",\"position\":1,\"name\":\"Po\u010detna stranica\",\"item\":\"https:\/\/hd-multimedia.com\/\"},{\"@type\":\"ListItem\",\"position\":2,\"name\":\"Trgovina\",\"item\":\"https:\/\/hd-multimedia.com\/trgovina\/\"},{\"@type\":\"ListItem\",\"position\":3,\"name\":\"Edifier TWS NeoBuds PRO\"}]},{\"@type\":\"WebSite\",\"@id\":\"https:\/\/hd-multimedia.com\/#website\",\"url\":\"https:\/\/hd-multimedia.com\/\",\"name\":\"hd-multimedia\",\"description\":\"\",\"publisher\":{\"@id\":\"https:\/\/hd-multimedia.com\/#organization\"},\"potentialAction\":[{\"@type\":\"SearchAction\",\"target\":{\"@type\":\"EntryPoint\",\"urlTemplate\":\"https:\/\/hd-multimedia.com\/?s={search_term_string}\"},\"query-input\":\"required name=search_term_string\"}],\"inLanguage\":\"sl-SI\"},{\"@type\":\"Organization\",\"@id\":\"https:\/\/hd-multimedia.com\/#organization\",\"name\":\"hd-multimedia\",\"url\":\"https:\/\/hd-multimedia.com\/\",\"logo\":{\"@type\":\"ImageObject\",\"inLanguage\":\"sl-SI\",\"@id\":\"https:\/\/hd-multimedia.com\/#\/schema\/logo\/image\/\",\"url\":\"https:\/\/hd-multimedia.com\/hdm_media\/HD-curves-ok-196-56px-alpha-1.png\",\"contentUrl\":\"https:\/\/hd-multimedia.com\/hdm_media\/HD-curves-ok-196-56px-alpha-1.png\",\"width\":196,\"height\":53,\"caption\":\"hd-multimedia\"},\"image\":{\"@id\":\"https:\/\/hd-multimedia.com\/#\/schema\/logo\/image\/\"}}]}<\/script>\n<!-- \/ Yoast SEO plugin. -->","yoast_head_json":{"title":"Edifier TWS NeoBuds PRO - hd-multimedia","description":"Edifier TWS NeoBuds PRO- Hybrid Active Noise Cancellation stereo be\u017ei\u010dne slu\u0161alice (TWS)- s aktivnim potiskivanjem \u0161uma okoline (ANC)!","robots":{"index":"index","follow":"follow","max-snippet":"max-snippet:-1","max-image-preview":"max-image-preview:large","max-video-preview":"max-video-preview:-1"},"canonical":"https:\/\/hd-multimedia.com\/sl\/trgovina\/edifier-tws-neobuds_pro\/","og_locale":"sl_SI","og_type":"article","og_title":"Edifier TWS NeoBuds PRO - hd-multimedia","og_description":"Edifier TWS NeoBuds PRO- Hybrid Active Noise Cancellation stereo be\u017ei\u010dne slu\u0161alice (TWS)- s aktivnim potiskivanjem \u0161uma okoline (ANC)!","og_url":"https:\/\/hd-multimedia.com\/sl\/trgovina\/edifier-tws-neobuds_pro\/","og_site_name":"hd-multimedia","article_modified_time":"2025-12-08T09:39:02+00:00","og_image":[{"width":1200,"height":1200,"url":"https:\/\/hd-multimedia.com\/hdm_media\/Edifier-Neo-Buds-PRO-1-scaled-e1633956966100.jpg","type":"image\/jpeg"}],"twitter_card":"summary_large_image","twitter_misc":{"Est. reading time":"2 minuti"},"schema":{"@context":"https:\/\/schema.org","@graph":[{"@type":"WebPage","@id":"https:\/\/hd-multimedia.com\/trgovina\/edifier-tws-neobuds_pro\/","url":"https:\/\/hd-multimedia.com\/trgovina\/edifier-tws-neobuds_pro\/","name":"Edifier TWS NeoBuds PRO - hd-multimedia","isPartOf":{"@id":"https:\/\/hd-multimedia.com\/#website"},"datePublished":"2021-10-05T10:37:30+00:00","dateModified":"2025-12-08T09:39:02+00:00","description":"Edifier TWS NeoBuds PRO- Hybrid Active Noise Cancellation stereo be\u017ei\u010dne slu\u0161alice (TWS)- s aktivnim potiskivanjem \u0161uma okoline (ANC)!","breadcrumb":{"@id":"https:\/\/hd-multimedia.com\/trgovina\/edifier-tws-neobuds_pro\/#breadcrumb"},"inLanguage":"sl-SI","potentialAction":[{"@type":"ReadAction","target":["https:\/\/hd-multimedia.com\/trgovina\/edifier-tws-neobuds_pro\/"]}]},{"@type":"BreadcrumbList","@id":"https:\/\/hd-multimedia.com\/trgovina\/edifier-tws-neobuds_pro\/#breadcrumb","itemListElement":[{"@type":"ListItem","position":1,"name":"Po\u010detna stranica","item":"https:\/\/hd-multimedia.com\/"},{"@type":"ListItem","position":2,"name":"Trgovina","item":"https:\/\/hd-multimedia.com\/trgovina\/"},{"@type":"ListItem","position":3,"name":"Edifier TWS NeoBuds PRO"}]},{"@type":"WebSite","@id":"https:\/\/hd-multimedia.com\/#website","url":"https:\/\/hd-multimedia.com\/","name":"hd-multimedia","description":"","publisher":{"@id":"https:\/\/hd-multimedia.com\/#organization"},"potentialAction":[{"@type":"SearchAction","target":{"@type":"EntryPoint","urlTemplate":"https:\/\/hd-multimedia.com\/?s={search_term_string}"},"query-input":"required name=search_term_string"}],"inLanguage":"sl-SI"},{"@type":"Organization","@id":"https:\/\/hd-multimedia.com\/#organization","name":"hd-multimedia","url":"https:\/\/hd-multimedia.com\/","logo":{"@type":"ImageObject","inLanguage":"sl-SI","@id":"https:\/\/hd-multimedia.com\/#\/schema\/logo\/image\/","url":"https:\/\/hd-multimedia.com\/hdm_media\/HD-curves-ok-196-56px-alpha-1.png","contentUrl":"https:\/\/hd-multimedia.com\/hdm_media\/HD-curves-ok-196-56px-alpha-1.png","width":196,"height":53,"caption":"hd-multimedia"},"image":{"@id":"https:\/\/hd-multimedia.com\/#\/schema\/logo\/image\/"}}]}},"post_mailing_queue_ids":[],"_links":{"self":[{"href":"https:\/\/hd-multimedia.com\/sl\/wp-json\/wp\/v2\/product\/6604","targetHints":{"allow":["GET"]}}],"collection":[{"href":"https:\/\/hd-multimedia.com\/sl\/wp-json\/wp\/v2\/product"}],"about":[{"href":"https:\/\/hd-multimedia.com\/sl\/wp-json\/wp\/v2\/types\/product"}],"version-history":[{"count":3,"href":"https:\/\/hd-multimedia.com\/sl\/wp-json\/wp\/v2\/product\/6604\/revisions"}],"predecessor-version":[{"id":6738,"href":"https:\/\/hd-multimedia.com\/sl\/wp-json\/wp\/v2\/product\/6604\/revisions\/6738"}],"wp:featuredmedia":[{"embeddable":true,"href":"https:\/\/hd-multimedia.com\/sl\/wp-json\/wp\/v2\/media\/6733"}],"wp:attachment":[{"href":"https:\/\/hd-multimedia.com\/sl\/wp-json\/wp\/v2\/media?parent=6604"}],"curies":[{"name":"wp","href":"https:\/\/api.w.org\/{rel}","templated":true}]}}