{"id":6547,"date":"2021-10-04T17:51:33","date_gmt":"2021-10-04T17:51:33","guid":{"rendered":"https:\/\/hd-multimedia.com\/?post_type=product&#038;p=6547"},"modified":"2024-09-09T10:43:05","modified_gmt":"2024-09-09T10:43:05","slug":"topping-tct3-75-xlrz-trs-kabel-par","status":"publish","type":"product","link":"https:\/\/hd-multimedia.com\/sl\/trgovina\/topping-tct3-75-xlrz-trs-kabel-par\/","title":{"rendered":"Topping TCT3-75 (kabel XLR-TRS, par)"},"content":{"rendered":"<p>Topping XLR \u017eenski na TRS \u2013 povezovalni kabel 75 cm. Za priklju\u010ditev XLR DAC na TRS oja\u010devalnik (npr. L50S, PA3S).<\/p>","protected":false},"excerpt":{"rendered":"<div class=\"flex max-w-full flex-col flex-grow\">\n<div class=\"min-h-[20px] text-message flex w-full flex-col items-end gap-2 whitespace-normal break-words [.text-message+&amp;]:mt-5\" dir=\"auto\" data-message-author-role=\"assistant\" data-message-id=\"0df803dc-4d8a-436d-86f9-318996dc902a\">\n<div class=\"flex w-full flex-col gap-1 empty:hidden first:pt-[3px]\">\n<div class=\"markdown prose w-full break-words dark:prose-invert dark\">\n<p><span style=\"font-size: 16px;font-style: normal;font-weight: 400\">Topping kabli TCT2 so narejeni z visokokakovostnimi specifikacijami za izjemno zvo\u010dno zmogljivost.<\/span><span style=\"font-size: 16px;font-style: normal;font-weight: 400\">\u00a0<\/span>njih<span style=\"font-size: 16px\">aju 2-jedrni<\/span><span style=\"font-size: 16px\">Napredna oblika s 6N monokristalnim bakrenim in 6N posrebrenim monokristalnim bakrenim vodnikom. Kabli uporabljajo me\u0161ani oklop iz visoko za\u0161\u010ditne aluminijaste folije s 6N monokristalnim bakrom, kar dosega izjemno stopnjo oklopa 98%. Upornost prevodnika je 26,92 ohmov na kilometer, vsak prevodnik pa ima presek 0,533 mm\u00b2 (19AWG). Ti kabli z zunanjim premerom 8 mm so zasnovani za vrhunsko celovitost signala in minimalne motnje, zaradi \u010desar so odli\u010dna izbira za zahtevne avdio navdu\u0161ence in profesionalce.<\/span><\/p>\n<\/div>\n<\/div>\n<\/div>\n<\/div>","protected":false},"featured_media":6553,"template":"","meta":{"site-sidebar-layout":"default","site-content-layout":"default","ast-site-content-layout":"default","site-content-style":"default","site-sidebar-style":"default","ast-global-header-display":"","ast-banner-title-visibility":"","ast-main-header-display":"","ast-hfb-above-header-display":"","ast-hfb-below-header-display":"","ast-hfb-mobile-header-display":"","site-post-title":"","ast-breadcrumbs-content":"","ast-featured-img":"","footer-sml-layout":"","theme-transparent-header-meta":"default","adv-header-id-meta":"","stick-header-meta":"default","header-above-stick-meta":"","header-main-stick-meta":"","header-below-stick-meta":"","astra-migrate-meta-layouts":"set","ast-page-background-enabled":"default","ast-page-background-meta":{"desktop":{"background-color":"","background-image":"","background-repeat":"repeat","background-position":"center center","background-size":"auto","background-attachment":"scroll","background-type":"","background-media":"","overlay-type":"","overlay-color":"","overlay-opacity":"","overlay-gradient":""},"tablet":{"background-color":"","background-image":"","background-repeat":"repeat","background-position":"center center","background-size":"auto","background-attachment":"scroll","background-type":"","background-media":"","overlay-type":"","overlay-color":"","overlay-opacity":"","overlay-gradient":""},"mobile":{"background-color":"","background-image":"","background-repeat":"repeat","background-position":"center center","background-size":"auto","background-attachment":"scroll","background-type":"","background-media":"","overlay-type":"","overlay-color":"","overlay-opacity":"","overlay-gradient":""}},"ast-content-background-meta":{"desktop":{"background-color":"var(--ast-global-color-5)","background-image":"","background-repeat":"repeat","background-position":"center center","background-size":"auto","background-attachment":"scroll","background-type":"","background-media":"","overlay-type":"","overlay-color":"","overlay-opacity":"","overlay-gradient":""},"tablet":{"background-color":"var(--ast-global-color-5)","background-image":"","background-repeat":"repeat","background-position":"center center","background-size":"auto","background-attachment":"scroll","background-type":"","background-media":"","overlay-type":"","overlay-color":"","overlay-opacity":"","overlay-gradient":""},"mobile":{"background-color":"var(--ast-global-color-5)","background-image":"","background-repeat":"repeat","background-position":"center center","background-size":"auto","background-attachment":"scroll","background-type":"","background-media":"","overlay-type":"","overlay-color":"","overlay-opacity":"","overlay-gradient":""}}},"class_list":["post-6547","product","type-product","status-publish","has-post-thumbnail","hentry","product_cat-spajajuci-kablovi-interkonekti","product_cat-topping","desktop-align-center","tablet-align-center","mobile-align-center","ast-product-gallery-layout-horizontal","ast-magnify-disabled","ast-product-tabs-layout-horizontal"],"yoast_head":"<!-- This site is optimized with the Yoast SEO plugin v21.4 - https:\/\/yoast.com\/wordpress\/plugins\/seo\/ -->\n<title>Topping TCT3-75 (XLR\u017e-TRS kabel, par) - hd-multimedia<\/title>\n<meta name=\"description\" content=\"Kabeli Topping TCT2 izra\u0111eni su s visokokvalitetnim specifikacijama za iznimne audio performanse. .\u00a0Imaju 2-jezgreni dizajn s vodi\u010dima od 6N.\" \/>\n<meta name=\"robots\" content=\"index, follow, max-snippet:-1, max-image-preview:large, max-video-preview:-1\" \/>\n<link rel=\"canonical\" href=\"https:\/\/hd-multimedia.com\/sl\/trgovina\/topping-tct3-75-xlrz-trs-kabel-par\/\" \/>\n<meta property=\"og:locale\" content=\"sl_SI\" \/>\n<meta property=\"og:type\" content=\"article\" \/>\n<meta property=\"og:title\" content=\"Topping TCT3-75 (XLR\u017e-TRS kabel, par) - hd-multimedia\" \/>\n<meta property=\"og:description\" content=\"Kabeli Topping TCT2 izra\u0111eni su s visokokvalitetnim specifikacijama za iznimne audio performanse. .\u00a0Imaju 2-jezgreni dizajn s vodi\u010dima od 6N.\" \/>\n<meta property=\"og:url\" content=\"https:\/\/hd-multimedia.com\/sl\/trgovina\/topping-tct3-75-xlrz-trs-kabel-par\/\" \/>\n<meta property=\"og:site_name\" content=\"hd-multimedia\" \/>\n<meta property=\"article:modified_time\" content=\"2024-09-09T10:43:05+00:00\" \/>\n<meta property=\"og:image\" content=\"https:\/\/hd-multimedia.com\/hdm_media\/h_4615334.jpg\" \/>\n\t<meta property=\"og:image:width\" content=\"480\" \/>\n\t<meta property=\"og:image:height\" content=\"480\" \/>\n\t<meta property=\"og:image:type\" content=\"image\/jpeg\" \/>\n<meta name=\"twitter:card\" content=\"summary_large_image\" \/>\n<meta name=\"twitter:label1\" content=\"Est. reading time\" \/>\n\t<meta name=\"twitter:data1\" content=\"1 minuta\" \/>\n<script type=\"application\/ld+json\" class=\"yoast-schema-graph\">{\"@context\":\"https:\/\/schema.org\",\"@graph\":[{\"@type\":\"WebPage\",\"@id\":\"https:\/\/hd-multimedia.com\/trgovina\/topping-tct3-75-xlrz-trs-kabel-par\/\",\"url\":\"https:\/\/hd-multimedia.com\/trgovina\/topping-tct3-75-xlrz-trs-kabel-par\/\",\"name\":\"Topping TCT3-75 (XLR\u017e-TRS kabel, par) - hd-multimedia\",\"isPartOf\":{\"@id\":\"https:\/\/hd-multimedia.com\/#website\"},\"datePublished\":\"2021-10-04T17:51:33+00:00\",\"dateModified\":\"2024-09-09T10:43:05+00:00\",\"description\":\"Kabeli Topping TCT2 izra\u0111eni su s visokokvalitetnim specifikacijama za iznimne audio performanse. .\u00a0Imaju 2-jezgreni dizajn s vodi\u010dima od 6N.\",\"breadcrumb\":{\"@id\":\"https:\/\/hd-multimedia.com\/trgovina\/topping-tct3-75-xlrz-trs-kabel-par\/#breadcrumb\"},\"inLanguage\":\"sl-SI\",\"potentialAction\":[{\"@type\":\"ReadAction\",\"target\":[\"https:\/\/hd-multimedia.com\/trgovina\/topping-tct3-75-xlrz-trs-kabel-par\/\"]}]},{\"@type\":\"BreadcrumbList\",\"@id\":\"https:\/\/hd-multimedia.com\/trgovina\/topping-tct3-75-xlrz-trs-kabel-par\/#breadcrumb\",\"itemListElement\":[{\"@type\":\"ListItem\",\"position\":1,\"name\":\"Po\u010detna stranica\",\"item\":\"https:\/\/hd-multimedia.com\/\"},{\"@type\":\"ListItem\",\"position\":2,\"name\":\"Trgovina\",\"item\":\"https:\/\/hd-multimedia.com\/trgovina\/\"},{\"@type\":\"ListItem\",\"position\":3,\"name\":\"Topping TCT3-75 (XLR\u017e-TRS kabel, par)\"}]},{\"@type\":\"WebSite\",\"@id\":\"https:\/\/hd-multimedia.com\/#website\",\"url\":\"https:\/\/hd-multimedia.com\/\",\"name\":\"hd-multimedia\",\"description\":\"\",\"publisher\":{\"@id\":\"https:\/\/hd-multimedia.com\/#organization\"},\"potentialAction\":[{\"@type\":\"SearchAction\",\"target\":{\"@type\":\"EntryPoint\",\"urlTemplate\":\"https:\/\/hd-multimedia.com\/?s={search_term_string}\"},\"query-input\":\"required name=search_term_string\"}],\"inLanguage\":\"sl-SI\"},{\"@type\":\"Organization\",\"@id\":\"https:\/\/hd-multimedia.com\/#organization\",\"name\":\"hd-multimedia\",\"url\":\"https:\/\/hd-multimedia.com\/\",\"logo\":{\"@type\":\"ImageObject\",\"inLanguage\":\"sl-SI\",\"@id\":\"https:\/\/hd-multimedia.com\/#\/schema\/logo\/image\/\",\"url\":\"https:\/\/hd-multimedia.com\/hdm_media\/HD-curves-ok-196-56px-alpha-1.png\",\"contentUrl\":\"https:\/\/hd-multimedia.com\/hdm_media\/HD-curves-ok-196-56px-alpha-1.png\",\"width\":196,\"height\":53,\"caption\":\"hd-multimedia\"},\"image\":{\"@id\":\"https:\/\/hd-multimedia.com\/#\/schema\/logo\/image\/\"}}]}<\/script>\n<!-- \/ Yoast SEO plugin. -->","yoast_head_json":{"title":"Topping TCT3-75 (XLR\u017e-TRS kabel, par) - hd-multimedia","description":"Kabeli Topping TCT2 izra\u0111eni su s visokokvalitetnim specifikacijama za iznimne audio performanse. .\u00a0Imaju 2-jezgreni dizajn s vodi\u010dima od 6N.","robots":{"index":"index","follow":"follow","max-snippet":"max-snippet:-1","max-image-preview":"max-image-preview:large","max-video-preview":"max-video-preview:-1"},"canonical":"https:\/\/hd-multimedia.com\/sl\/trgovina\/topping-tct3-75-xlrz-trs-kabel-par\/","og_locale":"sl_SI","og_type":"article","og_title":"Topping TCT3-75 (XLR\u017e-TRS kabel, par) - hd-multimedia","og_description":"Kabeli Topping TCT2 izra\u0111eni su s visokokvalitetnim specifikacijama za iznimne audio performanse. .\u00a0Imaju 2-jezgreni dizajn s vodi\u010dima od 6N.","og_url":"https:\/\/hd-multimedia.com\/sl\/trgovina\/topping-tct3-75-xlrz-trs-kabel-par\/","og_site_name":"hd-multimedia","article_modified_time":"2024-09-09T10:43:05+00:00","og_image":[{"width":480,"height":480,"url":"https:\/\/hd-multimedia.com\/hdm_media\/h_4615334.jpg","type":"image\/jpeg"}],"twitter_card":"summary_large_image","twitter_misc":{"Est. reading time":"1 minuta"},"schema":{"@context":"https:\/\/schema.org","@graph":[{"@type":"WebPage","@id":"https:\/\/hd-multimedia.com\/trgovina\/topping-tct3-75-xlrz-trs-kabel-par\/","url":"https:\/\/hd-multimedia.com\/trgovina\/topping-tct3-75-xlrz-trs-kabel-par\/","name":"Topping TCT3-75 (XLR\u017e-TRS kabel, par) - hd-multimedia","isPartOf":{"@id":"https:\/\/hd-multimedia.com\/#website"},"datePublished":"2021-10-04T17:51:33+00:00","dateModified":"2024-09-09T10:43:05+00:00","description":"Kabeli Topping TCT2 izra\u0111eni su s visokokvalitetnim specifikacijama za iznimne audio performanse. .\u00a0Imaju 2-jezgreni dizajn s vodi\u010dima od 6N.","breadcrumb":{"@id":"https:\/\/hd-multimedia.com\/trgovina\/topping-tct3-75-xlrz-trs-kabel-par\/#breadcrumb"},"inLanguage":"sl-SI","potentialAction":[{"@type":"ReadAction","target":["https:\/\/hd-multimedia.com\/trgovina\/topping-tct3-75-xlrz-trs-kabel-par\/"]}]},{"@type":"BreadcrumbList","@id":"https:\/\/hd-multimedia.com\/trgovina\/topping-tct3-75-xlrz-trs-kabel-par\/#breadcrumb","itemListElement":[{"@type":"ListItem","position":1,"name":"Po\u010detna stranica","item":"https:\/\/hd-multimedia.com\/"},{"@type":"ListItem","position":2,"name":"Trgovina","item":"https:\/\/hd-multimedia.com\/trgovina\/"},{"@type":"ListItem","position":3,"name":"Topping TCT3-75 (XLR\u017e-TRS kabel, par)"}]},{"@type":"WebSite","@id":"https:\/\/hd-multimedia.com\/#website","url":"https:\/\/hd-multimedia.com\/","name":"hd-multimedia","description":"","publisher":{"@id":"https:\/\/hd-multimedia.com\/#organization"},"potentialAction":[{"@type":"SearchAction","target":{"@type":"EntryPoint","urlTemplate":"https:\/\/hd-multimedia.com\/?s={search_term_string}"},"query-input":"required name=search_term_string"}],"inLanguage":"sl-SI"},{"@type":"Organization","@id":"https:\/\/hd-multimedia.com\/#organization","name":"hd-multimedia","url":"https:\/\/hd-multimedia.com\/","logo":{"@type":"ImageObject","inLanguage":"sl-SI","@id":"https:\/\/hd-multimedia.com\/#\/schema\/logo\/image\/","url":"https:\/\/hd-multimedia.com\/hdm_media\/HD-curves-ok-196-56px-alpha-1.png","contentUrl":"https:\/\/hd-multimedia.com\/hdm_media\/HD-curves-ok-196-56px-alpha-1.png","width":196,"height":53,"caption":"hd-multimedia"},"image":{"@id":"https:\/\/hd-multimedia.com\/#\/schema\/logo\/image\/"}}]}},"post_mailing_queue_ids":[],"_links":{"self":[{"href":"https:\/\/hd-multimedia.com\/sl\/wp-json\/wp\/v2\/product\/6547","targetHints":{"allow":["GET"]}}],"collection":[{"href":"https:\/\/hd-multimedia.com\/sl\/wp-json\/wp\/v2\/product"}],"about":[{"href":"https:\/\/hd-multimedia.com\/sl\/wp-json\/wp\/v2\/types\/product"}],"version-history":[{"count":3,"href":"https:\/\/hd-multimedia.com\/sl\/wp-json\/wp\/v2\/product\/6547\/revisions"}],"predecessor-version":[{"id":16698,"href":"https:\/\/hd-multimedia.com\/sl\/wp-json\/wp\/v2\/product\/6547\/revisions\/16698"}],"wp:featuredmedia":[{"embeddable":true,"href":"https:\/\/hd-multimedia.com\/sl\/wp-json\/wp\/v2\/media\/6553"}],"wp:attachment":[{"href":"https:\/\/hd-multimedia.com\/sl\/wp-json\/wp\/v2\/media?parent=6547"}],"curies":[{"name":"wp","href":"https:\/\/api.w.org\/{rel}","templated":true}]}}