{"id":6437,"date":"2021-10-04T15:47:06","date_gmt":"2021-10-04T15:47:06","guid":{"rendered":"https:\/\/hd-multimedia.com\/?post_type=product&#038;p=6437"},"modified":"2024-03-20T11:45:10","modified_gmt":"2024-03-20T11:45:10","slug":"topping-pa3s","status":"publish","type":"product","link":"https:\/\/hd-multimedia.com\/sl\/trgovina\/topping-pa3s\/","title":{"rendered":"Topping PA3s"},"content":{"rendered":"<p>Topping PA3S \u2013 uravnote\u017een stereo oja\u010devalec 2x 65W za zvo\u010dnike. 2xMA12070 popolnoma uravnote\u017een oja\u010devalnik razreda D z manj kot 0,004% popa\u010denjem (THD+N).<\/p>\n<p>Uravnote\u017eeni (TRS) in neuravnote\u017eeni (RCA) vhodi. Pridobite nadzor. Oznaka HiRes Audio potrjuje nizko popa\u010denje in zvesto reprodukcijo glasbe na pasivnih zvo\u010dnikih. Prilo\u017eene kontrolne meritve.<\/p>","protected":false},"excerpt":{"rendered":"<p>Oja\u010devalnik Topping PA3s je opremljen s \u010dipi oja\u010devalnika mo\u010di MA12070 razreda D, ki so urejeni za izbolj\u0161ano zmogljivost in zmanj\u0161ano prekrivanje signala. Topping PA3s lahko poganja zvo\u010dnike z izhodno mo\u010djo 80 W x 2 pri obremenitvi 4 ohmov, kar zagotavlja vsestranskost in visoko zvesto reprodukcijo zvoka. Specializiran za uravnote\u017een vhod TRS in enojni vhod RCA, ki odpravlja te\u017eave z ozemljitvijo za \u010dist zvok. Z nizkim THD+N v obmo\u010dju izhodne mo\u010di 10\u201320 W je idealen za poslu\u0161anje glasbe. V kombinaciji z modeli Topping D10 Balanced ali E50 raz\u0161iri funkcionalnost z zagotavljanjem visokokakovostnega delovanja in zdru\u017eljivosti z razli\u010dnimi digitalnimi vhodi.<\/p>\n<p><a href=\"https:\/\/www.tpdz.net\/productinfo\/710203.html\" target=\"_blank\" rel=\"noopener\">Povezava za dodatne informacije o specifikacijah!<\/a><\/p>","protected":false},"featured_media":14748,"template":"","meta":{"site-sidebar-layout":"default","site-content-layout":"default","ast-site-content-layout":"default","site-content-style":"default","site-sidebar-style":"default","ast-global-header-display":"","ast-banner-title-visibility":"","ast-main-header-display":"","ast-hfb-above-header-display":"","ast-hfb-below-header-display":"","ast-hfb-mobile-header-display":"","site-post-title":"","ast-breadcrumbs-content":"","ast-featured-img":"","footer-sml-layout":"","theme-transparent-header-meta":"default","adv-header-id-meta":"","stick-header-meta":"default","header-above-stick-meta":"","header-main-stick-meta":"","header-below-stick-meta":"","astra-migrate-meta-layouts":"set","ast-page-background-enabled":"default","ast-page-background-meta":{"desktop":{"background-color":"","background-image":"","background-repeat":"repeat","background-position":"center center","background-size":"auto","background-attachment":"scroll","background-type":"","background-media":"","overlay-type":"","overlay-color":"","overlay-opacity":"","overlay-gradient":""},"tablet":{"background-color":"","background-image":"","background-repeat":"repeat","background-position":"center center","background-size":"auto","background-attachment":"scroll","background-type":"","background-media":"","overlay-type":"","overlay-color":"","overlay-opacity":"","overlay-gradient":""},"mobile":{"background-color":"","background-image":"","background-repeat":"repeat","background-position":"center center","background-size":"auto","background-attachment":"scroll","background-type":"","background-media":"","overlay-type":"","overlay-color":"","overlay-opacity":"","overlay-gradient":""}},"ast-content-background-meta":{"desktop":{"background-color":"var(--ast-global-color-5)","background-image":"","background-repeat":"repeat","background-position":"center center","background-size":"auto","background-attachment":"scroll","background-type":"","background-media":"","overlay-type":"","overlay-color":"","overlay-opacity":"","overlay-gradient":""},"tablet":{"background-color":"var(--ast-global-color-5)","background-image":"","background-repeat":"repeat","background-position":"center center","background-size":"auto","background-attachment":"scroll","background-type":"","background-media":"","overlay-type":"","overlay-color":"","overlay-opacity":"","overlay-gradient":""},"mobile":{"background-color":"var(--ast-global-color-5)","background-image":"","background-repeat":"repeat","background-position":"center center","background-size":"auto","background-attachment":"scroll","background-type":"","background-media":"","overlay-type":"","overlay-color":"","overlay-opacity":"","overlay-gradient":""}}},"class_list":["post-6437","product","type-product","status-publish","has-post-thumbnail","hentry","product_cat-pojacala-snage","product_cat-integrirana-pojacala","product_cat-topping","desktop-align-center","tablet-align-center","mobile-align-center","ast-product-gallery-layout-horizontal","ast-magnify-disabled","ast-product-single-variable","ast-product-tabs-layout-horizontal"],"yoast_head":"<!-- This site is optimized with the Yoast SEO plugin v21.4 - https:\/\/yoast.com\/wordpress\/plugins\/seo\/ -->\n<title>Topping PA3s - hd-multimedia<\/title>\n<meta name=\"description\" content=\"Topping PA3S - balansirano stereo poja\u010dalo 2x 65W za zvu\u010dnike.\u00a0 2xMA12070 potpuno balansirano poja\u010dalo u D-klasi sa manje od 0.004% izobli\u010denja (THD+N).\" \/>\n<meta name=\"robots\" content=\"index, follow, max-snippet:-1, max-image-preview:large, max-video-preview:-1\" \/>\n<link rel=\"canonical\" href=\"https:\/\/hd-multimedia.com\/sl\/trgovina\/topping-pa3s\/\" \/>\n<meta property=\"og:locale\" content=\"sl_SI\" \/>\n<meta property=\"og:type\" content=\"article\" \/>\n<meta property=\"og:title\" content=\"Topping PA3s - hd-multimedia\" \/>\n<meta property=\"og:description\" content=\"Topping PA3S - balansirano stereo poja\u010dalo 2x 65W za zvu\u010dnike.\u00a0 2xMA12070 potpuno balansirano poja\u010dalo u D-klasi sa manje od 0.004% izobli\u010denja (THD+N).\" \/>\n<meta property=\"og:url\" content=\"https:\/\/hd-multimedia.com\/sl\/trgovina\/topping-pa3s\/\" \/>\n<meta property=\"og:site_name\" content=\"hd-multimedia\" \/>\n<meta property=\"article:modified_time\" content=\"2024-03-20T11:45:10+00:00\" \/>\n<meta property=\"og:image\" content=\"https:\/\/hd-multimedia.com\/hdm_media\/b20f784ef569756271ceede7717bd0a213c10f43.webp\" \/>\n\t<meta property=\"og:image:width\" content=\"680\" \/>\n\t<meta property=\"og:image:height\" content=\"680\" \/>\n\t<meta property=\"og:image:type\" content=\"image\/webp\" \/>\n<meta name=\"twitter:card\" content=\"summary_large_image\" \/>\n<meta name=\"twitter:label1\" content=\"Est. reading time\" \/>\n\t<meta name=\"twitter:data1\" content=\"1 minuta\" \/>\n<script type=\"application\/ld+json\" class=\"yoast-schema-graph\">{\"@context\":\"https:\/\/schema.org\",\"@graph\":[{\"@type\":\"WebPage\",\"@id\":\"https:\/\/hd-multimedia.com\/trgovina\/topping-pa3s\/\",\"url\":\"https:\/\/hd-multimedia.com\/trgovina\/topping-pa3s\/\",\"name\":\"Topping PA3s - hd-multimedia\",\"isPartOf\":{\"@id\":\"https:\/\/hd-multimedia.com\/#website\"},\"datePublished\":\"2021-10-04T15:47:06+00:00\",\"dateModified\":\"2024-03-20T11:45:10+00:00\",\"description\":\"Topping PA3S - balansirano stereo poja\u010dalo 2x 65W za zvu\u010dnike.\u00a0 2xMA12070 potpuno balansirano poja\u010dalo u D-klasi sa manje od 0.004% izobli\u010denja (THD+N).\",\"breadcrumb\":{\"@id\":\"https:\/\/hd-multimedia.com\/trgovina\/topping-pa3s\/#breadcrumb\"},\"inLanguage\":\"sl-SI\",\"potentialAction\":[{\"@type\":\"ReadAction\",\"target\":[\"https:\/\/hd-multimedia.com\/trgovina\/topping-pa3s\/\"]}]},{\"@type\":\"BreadcrumbList\",\"@id\":\"https:\/\/hd-multimedia.com\/trgovina\/topping-pa3s\/#breadcrumb\",\"itemListElement\":[{\"@type\":\"ListItem\",\"position\":1,\"name\":\"Po\u010detna stranica\",\"item\":\"https:\/\/hd-multimedia.com\/\"},{\"@type\":\"ListItem\",\"position\":2,\"name\":\"Trgovina\",\"item\":\"https:\/\/hd-multimedia.com\/trgovina\/\"},{\"@type\":\"ListItem\",\"position\":3,\"name\":\"Topping PA3s\"}]},{\"@type\":\"WebSite\",\"@id\":\"https:\/\/hd-multimedia.com\/#website\",\"url\":\"https:\/\/hd-multimedia.com\/\",\"name\":\"hd-multimedia\",\"description\":\"\",\"publisher\":{\"@id\":\"https:\/\/hd-multimedia.com\/#organization\"},\"potentialAction\":[{\"@type\":\"SearchAction\",\"target\":{\"@type\":\"EntryPoint\",\"urlTemplate\":\"https:\/\/hd-multimedia.com\/?s={search_term_string}\"},\"query-input\":\"required name=search_term_string\"}],\"inLanguage\":\"sl-SI\"},{\"@type\":\"Organization\",\"@id\":\"https:\/\/hd-multimedia.com\/#organization\",\"name\":\"hd-multimedia\",\"url\":\"https:\/\/hd-multimedia.com\/\",\"logo\":{\"@type\":\"ImageObject\",\"inLanguage\":\"sl-SI\",\"@id\":\"https:\/\/hd-multimedia.com\/#\/schema\/logo\/image\/\",\"url\":\"https:\/\/hd-multimedia.com\/hdm_media\/HD-curves-ok-196-56px-alpha-1.png\",\"contentUrl\":\"https:\/\/hd-multimedia.com\/hdm_media\/HD-curves-ok-196-56px-alpha-1.png\",\"width\":196,\"height\":53,\"caption\":\"hd-multimedia\"},\"image\":{\"@id\":\"https:\/\/hd-multimedia.com\/#\/schema\/logo\/image\/\"}}]}<\/script>\n<!-- \/ Yoast SEO plugin. -->","yoast_head_json":{"title":"Topping PA3s - hd-multimedia","description":"Topping PA3S - balansirano stereo poja\u010dalo 2x 65W za zvu\u010dnike.\u00a0 2xMA12070 potpuno balansirano poja\u010dalo u D-klasi sa manje od 0.004% izobli\u010denja (THD+N).","robots":{"index":"index","follow":"follow","max-snippet":"max-snippet:-1","max-image-preview":"max-image-preview:large","max-video-preview":"max-video-preview:-1"},"canonical":"https:\/\/hd-multimedia.com\/sl\/trgovina\/topping-pa3s\/","og_locale":"sl_SI","og_type":"article","og_title":"Topping PA3s - hd-multimedia","og_description":"Topping PA3S - balansirano stereo poja\u010dalo 2x 65W za zvu\u010dnike.\u00a0 2xMA12070 potpuno balansirano poja\u010dalo u D-klasi sa manje od 0.004% izobli\u010denja (THD+N).","og_url":"https:\/\/hd-multimedia.com\/sl\/trgovina\/topping-pa3s\/","og_site_name":"hd-multimedia","article_modified_time":"2024-03-20T11:45:10+00:00","og_image":[{"width":680,"height":680,"url":"https:\/\/hd-multimedia.com\/hdm_media\/b20f784ef569756271ceede7717bd0a213c10f43.webp","type":"image\/webp"}],"twitter_card":"summary_large_image","twitter_misc":{"Est. reading time":"1 minuta"},"schema":{"@context":"https:\/\/schema.org","@graph":[{"@type":"WebPage","@id":"https:\/\/hd-multimedia.com\/trgovina\/topping-pa3s\/","url":"https:\/\/hd-multimedia.com\/trgovina\/topping-pa3s\/","name":"Topping PA3s - hd-multimedia","isPartOf":{"@id":"https:\/\/hd-multimedia.com\/#website"},"datePublished":"2021-10-04T15:47:06+00:00","dateModified":"2024-03-20T11:45:10+00:00","description":"Topping PA3S - balansirano stereo poja\u010dalo 2x 65W za zvu\u010dnike.\u00a0 2xMA12070 potpuno balansirano poja\u010dalo u D-klasi sa manje od 0.004% izobli\u010denja (THD+N).","breadcrumb":{"@id":"https:\/\/hd-multimedia.com\/trgovina\/topping-pa3s\/#breadcrumb"},"inLanguage":"sl-SI","potentialAction":[{"@type":"ReadAction","target":["https:\/\/hd-multimedia.com\/trgovina\/topping-pa3s\/"]}]},{"@type":"BreadcrumbList","@id":"https:\/\/hd-multimedia.com\/trgovina\/topping-pa3s\/#breadcrumb","itemListElement":[{"@type":"ListItem","position":1,"name":"Po\u010detna stranica","item":"https:\/\/hd-multimedia.com\/"},{"@type":"ListItem","position":2,"name":"Trgovina","item":"https:\/\/hd-multimedia.com\/trgovina\/"},{"@type":"ListItem","position":3,"name":"Topping PA3s"}]},{"@type":"WebSite","@id":"https:\/\/hd-multimedia.com\/#website","url":"https:\/\/hd-multimedia.com\/","name":"hd-multimedia","description":"","publisher":{"@id":"https:\/\/hd-multimedia.com\/#organization"},"potentialAction":[{"@type":"SearchAction","target":{"@type":"EntryPoint","urlTemplate":"https:\/\/hd-multimedia.com\/?s={search_term_string}"},"query-input":"required name=search_term_string"}],"inLanguage":"sl-SI"},{"@type":"Organization","@id":"https:\/\/hd-multimedia.com\/#organization","name":"hd-multimedia","url":"https:\/\/hd-multimedia.com\/","logo":{"@type":"ImageObject","inLanguage":"sl-SI","@id":"https:\/\/hd-multimedia.com\/#\/schema\/logo\/image\/","url":"https:\/\/hd-multimedia.com\/hdm_media\/HD-curves-ok-196-56px-alpha-1.png","contentUrl":"https:\/\/hd-multimedia.com\/hdm_media\/HD-curves-ok-196-56px-alpha-1.png","width":196,"height":53,"caption":"hd-multimedia"},"image":{"@id":"https:\/\/hd-multimedia.com\/#\/schema\/logo\/image\/"}}]}},"post_mailing_queue_ids":[],"_links":{"self":[{"href":"https:\/\/hd-multimedia.com\/sl\/wp-json\/wp\/v2\/product\/6437","targetHints":{"allow":["GET"]}}],"collection":[{"href":"https:\/\/hd-multimedia.com\/sl\/wp-json\/wp\/v2\/product"}],"about":[{"href":"https:\/\/hd-multimedia.com\/sl\/wp-json\/wp\/v2\/types\/product"}],"version-history":[{"count":6,"href":"https:\/\/hd-multimedia.com\/sl\/wp-json\/wp\/v2\/product\/6437\/revisions"}],"predecessor-version":[{"id":14587,"href":"https:\/\/hd-multimedia.com\/sl\/wp-json\/wp\/v2\/product\/6437\/revisions\/14587"}],"wp:featuredmedia":[{"embeddable":true,"href":"https:\/\/hd-multimedia.com\/sl\/wp-json\/wp\/v2\/media\/14748"}],"wp:attachment":[{"href":"https:\/\/hd-multimedia.com\/sl\/wp-json\/wp\/v2\/media?parent=6437"}],"curies":[{"name":"wp","href":"https:\/\/api.w.org\/{rel}","templated":true}]}}