{"id":6212,"date":"2021-07-09T11:34:49","date_gmt":"2021-07-09T11:34:49","guid":{"rendered":"https:\/\/hd-multimedia.com\/?post_type=product&#038;p=6212"},"modified":"2025-08-26T17:58:07","modified_gmt":"2025-08-26T17:58:07","slug":"fiio-fh5s","status":"publish","type":"product","link":"https:\/\/hd-multimedia.com\/sl\/trgovina\/fiio-fh5s\/","title":{"rendered":"FiiO FH5s"},"content":{"rendered":"<p>FiiO FH5S \u2013 Quad Driver Hybrid In-Ear (IEM) slu\u0161alke. Vklju\u010duje 2x BA (uravnote\u017eena armatura) + 2x DD (dinami\u010dni gonilnik). Prihaja s \u010distim posrebrenim monokristalnim bakrenim kablom (4x120 \u017eic), od katerih je vsak lo\u010deno izoliran in z zamenljivimi 2,5 mm\/3,5 mm\/4,4 mm konektorji. Barva slu\u0161alk: \u010drna.<\/p>\n<ul>\n<li>Te\u017ea: pribl. 8,8 g (enotna u\u0161esna enota)<\/li>\n<li>Najve\u010dja vhodna mo\u010d: 100 mW<\/li>\n<li>Gonilniki: 12 mm membrana\/PU tesnilo iz berilija + 6 mm prevle\u010deno z berilijem + spojina BA Knowles TWFK-30017<\/li>\n<li>Vti\u010d za slu\u0161alke: 2,5\/3,5\/4,4 mm pozla\u010den vti\u010d<\/li>\n<li>Ob\u010dutljivost: 106dB\/mW<\/li>\n<li>Dol\u017eina kabla: 120 cm<\/li>\n<li>Frekven\u010dni odziv: 10Hz \u2013 40kHz<\/li>\n<li>Impedanca: 40\u03a9 (@1kHz)<\/li>\n<li>Vrsta slu\u0161alk: Nad-u\u0161esne<\/li>\n<\/ul>\n<p><a href=\"https:\/\/www.fiio.com\/fh5s\" target=\"_blank\" rel=\"noopener\">Ostale informacije najdete na tej povezavi.<\/a><\/p>","protected":false},"excerpt":{"rendered":"<p>Slu\u0161alke FiiO FH5s imajo v svoji zasnovi 12-milimetrsko membrano, prevle\u010deno z berilijem, z dinami\u010dnim nizkofrekven\u010dnim pogonom s tesnilom PU, ki zagotavlja globoke, mo\u010dne, a nadzorovane nizke tone. Poleg tega 6 mm z berilijem prevle\u010den dinami\u010dni srednjetonski gonilnik ob\u010dutno izbolj\u0161a ob\u010dutljivost, gladkost in zmanj\u0161a popa\u010denje, medtem ko preizku\u0161eni uravnote\u017eeni armaturni visokofrekven\u010dni gonilnik Knowles TWFK-30017 zagotavlja bogate, \u010diste vokale in izjemne visoke tone. Polodprta zasnova hrbtne votline hitro zmanj\u0161a zra\u010dni pritisk na uho, kar zagotavlja udobno in dolgotrajno poslu\u0161anje glasbe. S tremi stikali za prilagajanje zvoka in osmimi mo\u017enimi zvo\u010dnimi profili FH5s uporablja tehnologijo elektronskega kri\u017eanja za prilagajanje impedance, nizkih tonov, srednjih in visokih tonov va\u0161im glasbenim \u017eeljam. Sistem zamenljivih konektorjev z mehanizmom twist-lock vam omogo\u010da preklapljanje med glavami 2,5 mm, 3,5 mm in 4,4 mm, kar se prilagaja razli\u010dnim scenarijem.<\/p>\n<p><a href=\"https:\/\/www.fiio.com\/fh5s_comparisons\" target=\"_blank\" rel=\"noopener noreferrer\">FiiO FH5s \u2013 povezava do funkcij<\/a><\/p>","protected":false},"featured_media":6213,"template":"","meta":{"site-sidebar-layout":"default","site-content-layout":"default","ast-site-content-layout":"default","site-content-style":"default","site-sidebar-style":"default","ast-global-header-display":"","ast-banner-title-visibility":"","ast-main-header-display":"","ast-hfb-above-header-display":"","ast-hfb-below-header-display":"","ast-hfb-mobile-header-display":"","site-post-title":"","ast-breadcrumbs-content":"","ast-featured-img":"","footer-sml-layout":"","theme-transparent-header-meta":"default","adv-header-id-meta":"","stick-header-meta":"default","header-above-stick-meta":"","header-main-stick-meta":"","header-below-stick-meta":"","astra-migrate-meta-layouts":"set","ast-page-background-enabled":"default","ast-page-background-meta":{"desktop":{"background-color":"","background-image":"","background-repeat":"repeat","background-position":"center center","background-size":"auto","background-attachment":"scroll","background-type":"","background-media":"","overlay-type":"","overlay-color":"","overlay-opacity":"","overlay-gradient":""},"tablet":{"background-color":"","background-image":"","background-repeat":"repeat","background-position":"center center","background-size":"auto","background-attachment":"scroll","background-type":"","background-media":"","overlay-type":"","overlay-color":"","overlay-opacity":"","overlay-gradient":""},"mobile":{"background-color":"","background-image":"","background-repeat":"repeat","background-position":"center center","background-size":"auto","background-attachment":"scroll","background-type":"","background-media":"","overlay-type":"","overlay-color":"","overlay-opacity":"","overlay-gradient":""}},"ast-content-background-meta":{"desktop":{"background-color":"var(--ast-global-color-5)","background-image":"","background-repeat":"repeat","background-position":"center center","background-size":"auto","background-attachment":"scroll","background-type":"","background-media":"","overlay-type":"","overlay-color":"","overlay-opacity":"","overlay-gradient":""},"tablet":{"background-color":"var(--ast-global-color-5)","background-image":"","background-repeat":"repeat","background-position":"center center","background-size":"auto","background-attachment":"scroll","background-type":"","background-media":"","overlay-type":"","overlay-color":"","overlay-opacity":"","overlay-gradient":""},"mobile":{"background-color":"var(--ast-global-color-5)","background-image":"","background-repeat":"repeat","background-position":"center center","background-size":"auto","background-attachment":"scroll","background-type":"","background-media":"","overlay-type":"","overlay-color":"","overlay-opacity":"","overlay-gradient":""}}},"class_list":["post-6212","product","type-product","status-publish","has-post-thumbnail","hentry","product_cat-usne-slusalice-iem","product_cat-fiio","desktop-align-center","tablet-align-center","mobile-align-center","ast-product-gallery-layout-horizontal","ast-magnify-disabled","ast-product-tabs-layout-horizontal"],"yoast_head":"<!-- This site is optimized with the Yoast SEO plugin v21.4 - https:\/\/yoast.com\/wordpress\/plugins\/seo\/ -->\n<title>FiiO FH5s - hd-multimedia<\/title>\n<meta name=\"description\" content=\"FiiO FH5s - IEM sa 2xBA+2xDD - Quad Driver Hybrid IEM Slu\u0161alice - s MMCX kablom i- zamjenjivim nastavcima 2.5mm\/3.5mm\/4.4mm (Black)\" \/>\n<meta name=\"robots\" content=\"index, follow, max-snippet:-1, max-image-preview:large, max-video-preview:-1\" \/>\n<link rel=\"canonical\" href=\"https:\/\/hd-multimedia.com\/sl\/trgovina\/fiio-fh5s\/\" \/>\n<meta property=\"og:locale\" content=\"sl_SI\" \/>\n<meta property=\"og:type\" content=\"article\" \/>\n<meta property=\"og:title\" content=\"FiiO FH5s - hd-multimedia\" \/>\n<meta property=\"og:description\" content=\"FiiO FH5s - IEM sa 2xBA+2xDD - Quad Driver Hybrid IEM Slu\u0161alice - s MMCX kablom i- zamjenjivim nastavcima 2.5mm\/3.5mm\/4.4mm (Black)\" \/>\n<meta property=\"og:url\" content=\"https:\/\/hd-multimedia.com\/sl\/trgovina\/fiio-fh5s\/\" \/>\n<meta property=\"og:site_name\" content=\"hd-multimedia\" \/>\n<meta property=\"article:modified_time\" content=\"2025-08-26T17:58:07+00:00\" \/>\n<meta property=\"og:image\" content=\"https:\/\/hd-multimedia.com\/hdm_media\/FiiO-FH5s-2-e1625830527387.jpg\" \/>\n\t<meta property=\"og:image:width\" content=\"701\" \/>\n\t<meta property=\"og:image:height\" content=\"700\" \/>\n\t<meta property=\"og:image:type\" content=\"image\/jpeg\" \/>\n<meta name=\"twitter:card\" content=\"summary_large_image\" \/>\n<meta name=\"twitter:label1\" content=\"Est. reading time\" \/>\n\t<meta name=\"twitter:data1\" content=\"1 minuta\" \/>\n<script type=\"application\/ld+json\" class=\"yoast-schema-graph\">{\"@context\":\"https:\/\/schema.org\",\"@graph\":[{\"@type\":\"WebPage\",\"@id\":\"https:\/\/hd-multimedia.com\/trgovina\/fiio-fh5s\/\",\"url\":\"https:\/\/hd-multimedia.com\/trgovina\/fiio-fh5s\/\",\"name\":\"FiiO FH5s - hd-multimedia\",\"isPartOf\":{\"@id\":\"https:\/\/hd-multimedia.com\/#website\"},\"datePublished\":\"2021-07-09T11:34:49+00:00\",\"dateModified\":\"2025-08-26T17:58:07+00:00\",\"description\":\"FiiO FH5s - IEM sa 2xBA+2xDD - Quad Driver Hybrid IEM Slu\u0161alice - s MMCX kablom i- zamjenjivim nastavcima 2.5mm\/3.5mm\/4.4mm (Black)\",\"breadcrumb\":{\"@id\":\"https:\/\/hd-multimedia.com\/trgovina\/fiio-fh5s\/#breadcrumb\"},\"inLanguage\":\"sl-SI\",\"potentialAction\":[{\"@type\":\"ReadAction\",\"target\":[\"https:\/\/hd-multimedia.com\/trgovina\/fiio-fh5s\/\"]}]},{\"@type\":\"BreadcrumbList\",\"@id\":\"https:\/\/hd-multimedia.com\/trgovina\/fiio-fh5s\/#breadcrumb\",\"itemListElement\":[{\"@type\":\"ListItem\",\"position\":1,\"name\":\"Po\u010detna stranica\",\"item\":\"https:\/\/hd-multimedia.com\/\"},{\"@type\":\"ListItem\",\"position\":2,\"name\":\"Trgovina\",\"item\":\"https:\/\/hd-multimedia.com\/trgovina\/\"},{\"@type\":\"ListItem\",\"position\":3,\"name\":\"FiiO FH5s\"}]},{\"@type\":\"WebSite\",\"@id\":\"https:\/\/hd-multimedia.com\/#website\",\"url\":\"https:\/\/hd-multimedia.com\/\",\"name\":\"hd-multimedia\",\"description\":\"\",\"publisher\":{\"@id\":\"https:\/\/hd-multimedia.com\/#organization\"},\"potentialAction\":[{\"@type\":\"SearchAction\",\"target\":{\"@type\":\"EntryPoint\",\"urlTemplate\":\"https:\/\/hd-multimedia.com\/?s={search_term_string}\"},\"query-input\":\"required name=search_term_string\"}],\"inLanguage\":\"sl-SI\"},{\"@type\":\"Organization\",\"@id\":\"https:\/\/hd-multimedia.com\/#organization\",\"name\":\"hd-multimedia\",\"url\":\"https:\/\/hd-multimedia.com\/\",\"logo\":{\"@type\":\"ImageObject\",\"inLanguage\":\"sl-SI\",\"@id\":\"https:\/\/hd-multimedia.com\/#\/schema\/logo\/image\/\",\"url\":\"https:\/\/hd-multimedia.com\/hdm_media\/HD-curves-ok-196-56px-alpha-1.png\",\"contentUrl\":\"https:\/\/hd-multimedia.com\/hdm_media\/HD-curves-ok-196-56px-alpha-1.png\",\"width\":196,\"height\":53,\"caption\":\"hd-multimedia\"},\"image\":{\"@id\":\"https:\/\/hd-multimedia.com\/#\/schema\/logo\/image\/\"}}]}<\/script>\n<!-- \/ Yoast SEO plugin. -->","yoast_head_json":{"title":"FiiO FH5s - hd-multimedia","description":"FiiO FH5s - IEM sa 2xBA+2xDD - Quad Driver Hybrid IEM Slu\u0161alice - s MMCX kablom i- zamjenjivim nastavcima 2.5mm\/3.5mm\/4.4mm (Black)","robots":{"index":"index","follow":"follow","max-snippet":"max-snippet:-1","max-image-preview":"max-image-preview:large","max-video-preview":"max-video-preview:-1"},"canonical":"https:\/\/hd-multimedia.com\/sl\/trgovina\/fiio-fh5s\/","og_locale":"sl_SI","og_type":"article","og_title":"FiiO FH5s - hd-multimedia","og_description":"FiiO FH5s - IEM sa 2xBA+2xDD - Quad Driver Hybrid IEM Slu\u0161alice - s MMCX kablom i- zamjenjivim nastavcima 2.5mm\/3.5mm\/4.4mm (Black)","og_url":"https:\/\/hd-multimedia.com\/sl\/trgovina\/fiio-fh5s\/","og_site_name":"hd-multimedia","article_modified_time":"2025-08-26T17:58:07+00:00","og_image":[{"width":701,"height":700,"url":"https:\/\/hd-multimedia.com\/hdm_media\/FiiO-FH5s-2-e1625830527387.jpg","type":"image\/jpeg"}],"twitter_card":"summary_large_image","twitter_misc":{"Est. reading time":"1 minuta"},"schema":{"@context":"https:\/\/schema.org","@graph":[{"@type":"WebPage","@id":"https:\/\/hd-multimedia.com\/trgovina\/fiio-fh5s\/","url":"https:\/\/hd-multimedia.com\/trgovina\/fiio-fh5s\/","name":"FiiO FH5s - hd-multimedia","isPartOf":{"@id":"https:\/\/hd-multimedia.com\/#website"},"datePublished":"2021-07-09T11:34:49+00:00","dateModified":"2025-08-26T17:58:07+00:00","description":"FiiO FH5s - IEM sa 2xBA+2xDD - Quad Driver Hybrid IEM Slu\u0161alice - s MMCX kablom i- zamjenjivim nastavcima 2.5mm\/3.5mm\/4.4mm (Black)","breadcrumb":{"@id":"https:\/\/hd-multimedia.com\/trgovina\/fiio-fh5s\/#breadcrumb"},"inLanguage":"sl-SI","potentialAction":[{"@type":"ReadAction","target":["https:\/\/hd-multimedia.com\/trgovina\/fiio-fh5s\/"]}]},{"@type":"BreadcrumbList","@id":"https:\/\/hd-multimedia.com\/trgovina\/fiio-fh5s\/#breadcrumb","itemListElement":[{"@type":"ListItem","position":1,"name":"Po\u010detna stranica","item":"https:\/\/hd-multimedia.com\/"},{"@type":"ListItem","position":2,"name":"Trgovina","item":"https:\/\/hd-multimedia.com\/trgovina\/"},{"@type":"ListItem","position":3,"name":"FiiO FH5s"}]},{"@type":"WebSite","@id":"https:\/\/hd-multimedia.com\/#website","url":"https:\/\/hd-multimedia.com\/","name":"hd-multimedia","description":"","publisher":{"@id":"https:\/\/hd-multimedia.com\/#organization"},"potentialAction":[{"@type":"SearchAction","target":{"@type":"EntryPoint","urlTemplate":"https:\/\/hd-multimedia.com\/?s={search_term_string}"},"query-input":"required name=search_term_string"}],"inLanguage":"sl-SI"},{"@type":"Organization","@id":"https:\/\/hd-multimedia.com\/#organization","name":"hd-multimedia","url":"https:\/\/hd-multimedia.com\/","logo":{"@type":"ImageObject","inLanguage":"sl-SI","@id":"https:\/\/hd-multimedia.com\/#\/schema\/logo\/image\/","url":"https:\/\/hd-multimedia.com\/hdm_media\/HD-curves-ok-196-56px-alpha-1.png","contentUrl":"https:\/\/hd-multimedia.com\/hdm_media\/HD-curves-ok-196-56px-alpha-1.png","width":196,"height":53,"caption":"hd-multimedia"},"image":{"@id":"https:\/\/hd-multimedia.com\/#\/schema\/logo\/image\/"}}]}},"post_mailing_queue_ids":[],"_links":{"self":[{"href":"https:\/\/hd-multimedia.com\/sl\/wp-json\/wp\/v2\/product\/6212","targetHints":{"allow":["GET"]}}],"collection":[{"href":"https:\/\/hd-multimedia.com\/sl\/wp-json\/wp\/v2\/product"}],"about":[{"href":"https:\/\/hd-multimedia.com\/sl\/wp-json\/wp\/v2\/types\/product"}],"version-history":[{"count":10,"href":"https:\/\/hd-multimedia.com\/sl\/wp-json\/wp\/v2\/product\/6212\/revisions"}],"predecessor-version":[{"id":15603,"href":"https:\/\/hd-multimedia.com\/sl\/wp-json\/wp\/v2\/product\/6212\/revisions\/15603"}],"wp:featuredmedia":[{"embeddable":true,"href":"https:\/\/hd-multimedia.com\/sl\/wp-json\/wp\/v2\/media\/6213"}],"wp:attachment":[{"href":"https:\/\/hd-multimedia.com\/sl\/wp-json\/wp\/v2\/media?parent=6212"}],"curies":[{"name":"wp","href":"https:\/\/api.w.org\/{rel}","templated":true}]}}