{"id":5888,"date":"2021-03-25T15:06:57","date_gmt":"2021-03-25T15:06:57","guid":{"rendered":"https:\/\/hd-multimedia.com\/?post_type=product&#038;p=5888"},"modified":"2024-11-27T08:33:51","modified_gmt":"2024-11-27T08:33:51","slug":"benchmark-dac3-l","status":"publish","type":"product","link":"https:\/\/hd-multimedia.com\/sl\/trgovina\/benchmark-dac3-l\/","title":{"rendered":"Benchmark DAC3 L"},"content":{"rendered":"<p>Pomembne lastnosti:<\/p>\n<p>Prikaz hitrosti vzor\u010denja<br \/>\nPrikaz dol\u017eine besede<br \/>\n5 digitalnih vhodov<br \/>\n2 stereo analogna vhoda (2 RCA)<br \/>\n3 analogni stereo izhodi (2 RCA, 1 XLR)<br \/>\nDigitalni prehod<br \/>\nIzvorna pretvorba DSD<br \/>\nStikalo polarnosti<br \/>\nAsinhroni USB 2.0<br \/>\nAsinhroni USB 1.1 brez gonilnikov<br \/>\nObvod doma\u010dega kina<br \/>\n12V dvosmerni spro\u017eilec<br \/>\nStikalo za vklop<br \/>\nNizka poraba energije<br \/>\nPretvornik ES9028PRO<\/p>\n<p>&nbsp;<\/p>","protected":false},"excerpt":{"rendered":"<p>DAC3 je najnovej\u0161i 2-kanalni D\/A pretvornik podjetja Benchmark z novim pretvorni\u0161kim \u010dipom ESS Technologies ES9028PRO. Pretvornik DAC3 ima ni\u017eji \u0161um THD in THD+N kot pretvornik DAC2 podjetja Benchmark. Daljinski upravljalnik.<\/p>\n<p>Dobavljivo po naro\u010dilu<\/p>\n<p><a href=\"https:\/\/benchmarkmedia.com\/collections\/digital-to-analog-audio-converter\/products\/benchmark-dac3-l-digital-to-analog-audio-converter\" target=\"_blank\" rel=\"noopener\">Povezava za dodatne informacije o specifikacijah!<\/a><\/p>","protected":false},"featured_media":5854,"template":"","meta":{"site-sidebar-layout":"default","site-content-layout":"default","ast-site-content-layout":"default","site-content-style":"default","site-sidebar-style":"default","ast-global-header-display":"","ast-banner-title-visibility":"","ast-main-header-display":"","ast-hfb-above-header-display":"","ast-hfb-below-header-display":"","ast-hfb-mobile-header-display":"","site-post-title":"","ast-breadcrumbs-content":"","ast-featured-img":"","footer-sml-layout":"","theme-transparent-header-meta":"default","adv-header-id-meta":"","stick-header-meta":"default","header-above-stick-meta":"","header-main-stick-meta":"","header-below-stick-meta":"","astra-migrate-meta-layouts":"set","ast-page-background-enabled":"default","ast-page-background-meta":{"desktop":{"background-color":"","background-image":"","background-repeat":"repeat","background-position":"center center","background-size":"auto","background-attachment":"scroll","background-type":"","background-media":"","overlay-type":"","overlay-color":"","overlay-opacity":"","overlay-gradient":""},"tablet":{"background-color":"","background-image":"","background-repeat":"repeat","background-position":"center center","background-size":"auto","background-attachment":"scroll","background-type":"","background-media":"","overlay-type":"","overlay-color":"","overlay-opacity":"","overlay-gradient":""},"mobile":{"background-color":"","background-image":"","background-repeat":"repeat","background-position":"center center","background-size":"auto","background-attachment":"scroll","background-type":"","background-media":"","overlay-type":"","overlay-color":"","overlay-opacity":"","overlay-gradient":""}},"ast-content-background-meta":{"desktop":{"background-color":"var(--ast-global-color-5)","background-image":"","background-repeat":"repeat","background-position":"center center","background-size":"auto","background-attachment":"scroll","background-type":"","background-media":"","overlay-type":"","overlay-color":"","overlay-opacity":"","overlay-gradient":""},"tablet":{"background-color":"var(--ast-global-color-5)","background-image":"","background-repeat":"repeat","background-position":"center center","background-size":"auto","background-attachment":"scroll","background-type":"","background-media":"","overlay-type":"","overlay-color":"","overlay-opacity":"","overlay-gradient":""},"mobile":{"background-color":"var(--ast-global-color-5)","background-image":"","background-repeat":"repeat","background-position":"center center","background-size":"auto","background-attachment":"scroll","background-type":"","background-media":"","overlay-type":"","overlay-color":"","overlay-opacity":"","overlay-gradient":""}}},"class_list":["post-5888","product","type-product","status-publish","has-post-thumbnail","hentry","product_cat-benchmark","product_cat-dac","desktop-align-center","tablet-align-center","mobile-align-center","ast-product-gallery-layout-horizontal","ast-magnify-disabled","ast-product-single-variable","ast-product-tabs-layout-horizontal"],"yoast_head":"<!-- This site is optimized with the Yoast SEO plugin v21.4 - https:\/\/yoast.com\/wordpress\/plugins\/seo\/ -->\n<title>Benchmark DAC3 L - hd-multimedia<\/title>\n<meta name=\"description\" content=\"DAC3 L je najnoviji 2-kanalni D\/A pretvara\u010d tvrtke Benchmark s novim ESS Technologies ES9028PRO pretvara\u010dkim \u010dipom. Daljinski upravlja\u010d.\" \/>\n<meta name=\"robots\" content=\"index, follow, max-snippet:-1, max-image-preview:large, max-video-preview:-1\" \/>\n<link rel=\"canonical\" href=\"https:\/\/hd-multimedia.com\/sl\/trgovina\/benchmark-dac3-l\/\" \/>\n<meta property=\"og:locale\" content=\"sl_SI\" \/>\n<meta property=\"og:type\" content=\"article\" \/>\n<meta property=\"og:title\" content=\"Benchmark DAC3 L - hd-multimedia\" \/>\n<meta property=\"og:description\" content=\"DAC3 L je najnoviji 2-kanalni D\/A pretvara\u010d tvrtke Benchmark s novim ESS Technologies ES9028PRO pretvara\u010dkim \u010dipom. Daljinski upravlja\u010d.\" \/>\n<meta property=\"og:url\" content=\"https:\/\/hd-multimedia.com\/sl\/trgovina\/benchmark-dac3-l\/\" \/>\n<meta property=\"og:site_name\" content=\"hd-multimedia\" \/>\n<meta property=\"article:modified_time\" content=\"2024-11-27T08:33:51+00:00\" \/>\n<meta property=\"og:image\" content=\"https:\/\/hd-multimedia.com\/hdm_media\/DAC3L_Silver_Front_Shopify_5000x.png\" \/>\n\t<meta property=\"og:image:width\" content=\"4300\" \/>\n\t<meta property=\"og:image:height\" content=\"4300\" \/>\n\t<meta property=\"og:image:type\" content=\"image\/png\" \/>\n<meta name=\"twitter:card\" content=\"summary_large_image\" \/>\n<meta name=\"twitter:label1\" content=\"Est. reading time\" \/>\n\t<meta name=\"twitter:data1\" content=\"1 minuta\" \/>\n<script type=\"application\/ld+json\" class=\"yoast-schema-graph\">{\"@context\":\"https:\/\/schema.org\",\"@graph\":[{\"@type\":\"WebPage\",\"@id\":\"https:\/\/hd-multimedia.com\/trgovina\/benchmark-dac3-l\/\",\"url\":\"https:\/\/hd-multimedia.com\/trgovina\/benchmark-dac3-l\/\",\"name\":\"Benchmark DAC3 L - hd-multimedia\",\"isPartOf\":{\"@id\":\"https:\/\/hd-multimedia.com\/#website\"},\"datePublished\":\"2021-03-25T15:06:57+00:00\",\"dateModified\":\"2024-11-27T08:33:51+00:00\",\"description\":\"DAC3 L je najnoviji 2-kanalni D\/A pretvara\u010d tvrtke Benchmark s novim ESS Technologies ES9028PRO pretvara\u010dkim \u010dipom. Daljinski upravlja\u010d.\",\"breadcrumb\":{\"@id\":\"https:\/\/hd-multimedia.com\/trgovina\/benchmark-dac3-l\/#breadcrumb\"},\"inLanguage\":\"sl-SI\",\"potentialAction\":[{\"@type\":\"ReadAction\",\"target\":[\"https:\/\/hd-multimedia.com\/trgovina\/benchmark-dac3-l\/\"]}]},{\"@type\":\"BreadcrumbList\",\"@id\":\"https:\/\/hd-multimedia.com\/trgovina\/benchmark-dac3-l\/#breadcrumb\",\"itemListElement\":[{\"@type\":\"ListItem\",\"position\":1,\"name\":\"Po\u010detna stranica\",\"item\":\"https:\/\/hd-multimedia.com\/\"},{\"@type\":\"ListItem\",\"position\":2,\"name\":\"Trgovina\",\"item\":\"https:\/\/hd-multimedia.com\/trgovina\/\"},{\"@type\":\"ListItem\",\"position\":3,\"name\":\"Benchmark DAC3 L\"}]},{\"@type\":\"WebSite\",\"@id\":\"https:\/\/hd-multimedia.com\/#website\",\"url\":\"https:\/\/hd-multimedia.com\/\",\"name\":\"hd-multimedia\",\"description\":\"\",\"publisher\":{\"@id\":\"https:\/\/hd-multimedia.com\/#organization\"},\"potentialAction\":[{\"@type\":\"SearchAction\",\"target\":{\"@type\":\"EntryPoint\",\"urlTemplate\":\"https:\/\/hd-multimedia.com\/?s={search_term_string}\"},\"query-input\":\"required name=search_term_string\"}],\"inLanguage\":\"sl-SI\"},{\"@type\":\"Organization\",\"@id\":\"https:\/\/hd-multimedia.com\/#organization\",\"name\":\"hd-multimedia\",\"url\":\"https:\/\/hd-multimedia.com\/\",\"logo\":{\"@type\":\"ImageObject\",\"inLanguage\":\"sl-SI\",\"@id\":\"https:\/\/hd-multimedia.com\/#\/schema\/logo\/image\/\",\"url\":\"https:\/\/hd-multimedia.com\/hdm_media\/HD-curves-ok-196-56px-alpha-1.png\",\"contentUrl\":\"https:\/\/hd-multimedia.com\/hdm_media\/HD-curves-ok-196-56px-alpha-1.png\",\"width\":196,\"height\":53,\"caption\":\"hd-multimedia\"},\"image\":{\"@id\":\"https:\/\/hd-multimedia.com\/#\/schema\/logo\/image\/\"}}]}<\/script>\n<!-- \/ Yoast SEO plugin. -->","yoast_head_json":{"title":"Benchmark DAC3 L - hd-multimedia","description":"DAC3 L je najnoviji 2-kanalni D\/A pretvara\u010d tvrtke Benchmark s novim ESS Technologies ES9028PRO pretvara\u010dkim \u010dipom. Daljinski upravlja\u010d.","robots":{"index":"index","follow":"follow","max-snippet":"max-snippet:-1","max-image-preview":"max-image-preview:large","max-video-preview":"max-video-preview:-1"},"canonical":"https:\/\/hd-multimedia.com\/sl\/trgovina\/benchmark-dac3-l\/","og_locale":"sl_SI","og_type":"article","og_title":"Benchmark DAC3 L - hd-multimedia","og_description":"DAC3 L je najnoviji 2-kanalni D\/A pretvara\u010d tvrtke Benchmark s novim ESS Technologies ES9028PRO pretvara\u010dkim \u010dipom. Daljinski upravlja\u010d.","og_url":"https:\/\/hd-multimedia.com\/sl\/trgovina\/benchmark-dac3-l\/","og_site_name":"hd-multimedia","article_modified_time":"2024-11-27T08:33:51+00:00","og_image":[{"width":4300,"height":4300,"url":"https:\/\/hd-multimedia.com\/hdm_media\/DAC3L_Silver_Front_Shopify_5000x.png","type":"image\/png"}],"twitter_card":"summary_large_image","twitter_misc":{"Est. reading time":"1 minuta"},"schema":{"@context":"https:\/\/schema.org","@graph":[{"@type":"WebPage","@id":"https:\/\/hd-multimedia.com\/trgovina\/benchmark-dac3-l\/","url":"https:\/\/hd-multimedia.com\/trgovina\/benchmark-dac3-l\/","name":"Benchmark DAC3 L - hd-multimedia","isPartOf":{"@id":"https:\/\/hd-multimedia.com\/#website"},"datePublished":"2021-03-25T15:06:57+00:00","dateModified":"2024-11-27T08:33:51+00:00","description":"DAC3 L je najnoviji 2-kanalni D\/A pretvara\u010d tvrtke Benchmark s novim ESS Technologies ES9028PRO pretvara\u010dkim \u010dipom. Daljinski upravlja\u010d.","breadcrumb":{"@id":"https:\/\/hd-multimedia.com\/trgovina\/benchmark-dac3-l\/#breadcrumb"},"inLanguage":"sl-SI","potentialAction":[{"@type":"ReadAction","target":["https:\/\/hd-multimedia.com\/trgovina\/benchmark-dac3-l\/"]}]},{"@type":"BreadcrumbList","@id":"https:\/\/hd-multimedia.com\/trgovina\/benchmark-dac3-l\/#breadcrumb","itemListElement":[{"@type":"ListItem","position":1,"name":"Po\u010detna stranica","item":"https:\/\/hd-multimedia.com\/"},{"@type":"ListItem","position":2,"name":"Trgovina","item":"https:\/\/hd-multimedia.com\/trgovina\/"},{"@type":"ListItem","position":3,"name":"Benchmark DAC3 L"}]},{"@type":"WebSite","@id":"https:\/\/hd-multimedia.com\/#website","url":"https:\/\/hd-multimedia.com\/","name":"hd-multimedia","description":"","publisher":{"@id":"https:\/\/hd-multimedia.com\/#organization"},"potentialAction":[{"@type":"SearchAction","target":{"@type":"EntryPoint","urlTemplate":"https:\/\/hd-multimedia.com\/?s={search_term_string}"},"query-input":"required name=search_term_string"}],"inLanguage":"sl-SI"},{"@type":"Organization","@id":"https:\/\/hd-multimedia.com\/#organization","name":"hd-multimedia","url":"https:\/\/hd-multimedia.com\/","logo":{"@type":"ImageObject","inLanguage":"sl-SI","@id":"https:\/\/hd-multimedia.com\/#\/schema\/logo\/image\/","url":"https:\/\/hd-multimedia.com\/hdm_media\/HD-curves-ok-196-56px-alpha-1.png","contentUrl":"https:\/\/hd-multimedia.com\/hdm_media\/HD-curves-ok-196-56px-alpha-1.png","width":196,"height":53,"caption":"hd-multimedia"},"image":{"@id":"https:\/\/hd-multimedia.com\/#\/schema\/logo\/image\/"}}]}},"post_mailing_queue_ids":[],"_links":{"self":[{"href":"https:\/\/hd-multimedia.com\/sl\/wp-json\/wp\/v2\/product\/5888","targetHints":{"allow":["GET"]}}],"collection":[{"href":"https:\/\/hd-multimedia.com\/sl\/wp-json\/wp\/v2\/product"}],"about":[{"href":"https:\/\/hd-multimedia.com\/sl\/wp-json\/wp\/v2\/types\/product"}],"version-history":[{"count":6,"href":"https:\/\/hd-multimedia.com\/sl\/wp-json\/wp\/v2\/product\/5888\/revisions"}],"predecessor-version":[{"id":15879,"href":"https:\/\/hd-multimedia.com\/sl\/wp-json\/wp\/v2\/product\/5888\/revisions\/15879"}],"wp:featuredmedia":[{"embeddable":true,"href":"https:\/\/hd-multimedia.com\/sl\/wp-json\/wp\/v2\/media\/5854"}],"wp:attachment":[{"href":"https:\/\/hd-multimedia.com\/sl\/wp-json\/wp\/v2\/media?parent=5888"}],"curies":[{"name":"wp","href":"https:\/\/api.w.org\/{rel}","templated":true}]}}