{"id":5830,"date":"2021-03-24T14:59:12","date_gmt":"2021-03-24T14:59:12","guid":{"rendered":"https:\/\/hd-multimedia.com\/?post_type=product&#038;p=5830"},"modified":"2025-04-07T13:12:56","modified_gmt":"2025-04-07T13:12:56","slug":"benchmark-dac3-b","status":"publish","type":"product","link":"https:\/\/hd-multimedia.com\/sl\/trgovina\/benchmark-dac3-b\/","title":{"rendered":"Benchmark DAC3 B"},"content":{"rendered":"<p>Zagotavlja polno zmogljivost vodilnega DAC3 HGC, vendar brez nadzora glasnosti in analognih vhodov ter brez oja\u010devalnika za slu\u0161alke.<\/p>\n<p>Harmoni\u010dna kompenzacija (z uporabo posebej ugla\u0161enega FIR filtra posebej za to napravo).<br \/>\nSistem UltraLock3\u2122 za odpravo &quot;tresenja&quot; ali sprememb v \u010dasovni domeni.<br \/>\nDSP<br \/>\nAsinhroni avdio sistem USB 2.0 z ve\u010d na\u010dini<br \/>\nQuad 32-bitni uravnote\u017een D\/A pretvorbeni sistem<br \/>\nPorazdeljena regulacija mo\u010di<\/p>\n<p>&nbsp;<\/p>\n<p>&nbsp;<\/p>","protected":false},"excerpt":{"rendered":"<p>DAC3 B je osnovni D\/A pretvornik v Benchmarkovi seriji pretvornikov DAC3. DAC3 B je idealen pretvornik za uporabo pred Benchmark HPA4 oja\u010devalnikom za slu\u0161alke ali linijskim oja\u010devalnikom LA4. Idealen je tudi za \u0161tevilne profesionalne studijske aplikacije.<\/p>\n<p>Tega izdelka trenutno nimamo na zalogi, je pa na voljo po naro\u010dilu, \u010de vas zanima, nam sporo\u010dite.<\/p>\n<p><a href=\"https:\/\/benchmarkmedia.com\/collections\/digital-to-analog-audio-converter\/products\/benchmark-dac3-b-digital-to-analog-audio-converter\" target=\"_blank\" rel=\"noopener\">Povezava za dodatne informacije o specifikacijah!<\/a> \u00a0&#8211;<\/p>","protected":false},"featured_media":5836,"template":"","meta":{"site-sidebar-layout":"default","site-content-layout":"default","ast-site-content-layout":"default","site-content-style":"default","site-sidebar-style":"default","ast-global-header-display":"","ast-banner-title-visibility":"","ast-main-header-display":"","ast-hfb-above-header-display":"","ast-hfb-below-header-display":"","ast-hfb-mobile-header-display":"","site-post-title":"","ast-breadcrumbs-content":"","ast-featured-img":"","footer-sml-layout":"","theme-transparent-header-meta":"default","adv-header-id-meta":"","stick-header-meta":"default","header-above-stick-meta":"","header-main-stick-meta":"","header-below-stick-meta":"","astra-migrate-meta-layouts":"set","ast-page-background-enabled":"default","ast-page-background-meta":{"desktop":{"background-color":"","background-image":"","background-repeat":"repeat","background-position":"center center","background-size":"auto","background-attachment":"scroll","background-type":"","background-media":"","overlay-type":"","overlay-color":"","overlay-opacity":"","overlay-gradient":""},"tablet":{"background-color":"","background-image":"","background-repeat":"repeat","background-position":"center center","background-size":"auto","background-attachment":"scroll","background-type":"","background-media":"","overlay-type":"","overlay-color":"","overlay-opacity":"","overlay-gradient":""},"mobile":{"background-color":"","background-image":"","background-repeat":"repeat","background-position":"center center","background-size":"auto","background-attachment":"scroll","background-type":"","background-media":"","overlay-type":"","overlay-color":"","overlay-opacity":"","overlay-gradient":""}},"ast-content-background-meta":{"desktop":{"background-color":"var(--ast-global-color-5)","background-image":"","background-repeat":"repeat","background-position":"center center","background-size":"auto","background-attachment":"scroll","background-type":"","background-media":"","overlay-type":"","overlay-color":"","overlay-opacity":"","overlay-gradient":""},"tablet":{"background-color":"var(--ast-global-color-5)","background-image":"","background-repeat":"repeat","background-position":"center center","background-size":"auto","background-attachment":"scroll","background-type":"","background-media":"","overlay-type":"","overlay-color":"","overlay-opacity":"","overlay-gradient":""},"mobile":{"background-color":"var(--ast-global-color-5)","background-image":"","background-repeat":"repeat","background-position":"center center","background-size":"auto","background-attachment":"scroll","background-type":"","background-media":"","overlay-type":"","overlay-color":"","overlay-opacity":"","overlay-gradient":""}}},"class_list":["post-5830","product","type-product","status-publish","has-post-thumbnail","hentry","product_cat-benchmark","product_cat-dac","desktop-align-center","tablet-align-center","mobile-align-center","ast-product-gallery-layout-horizontal","ast-magnify-disabled","ast-product-single-variable","ast-product-tabs-layout-horizontal"],"yoast_head":"<!-- This site is optimized with the Yoast SEO plugin v21.4 - https:\/\/yoast.com\/wordpress\/plugins\/seo\/ -->\n<title>Benchmark DAC3 B - hd-multimedia<\/title>\n<meta name=\"description\" content=\"Benchmark DAC3 B - PCM 24\/192 + DSD64 dekodiranje, analogni izlazi: XLR i RCA izlazi; Digitalni ulazi: 2x SPDIF, 2xTOSLINK, 1x USB2.0\" \/>\n<meta name=\"robots\" content=\"index, follow, max-snippet:-1, max-image-preview:large, max-video-preview:-1\" \/>\n<link rel=\"canonical\" href=\"https:\/\/hd-multimedia.com\/sl\/trgovina\/benchmark-dac3-b\/\" \/>\n<meta property=\"og:locale\" content=\"sl_SI\" \/>\n<meta property=\"og:type\" content=\"article\" \/>\n<meta property=\"og:title\" content=\"Benchmark DAC3 B - hd-multimedia\" \/>\n<meta property=\"og:description\" content=\"Benchmark DAC3 B - PCM 24\/192 + DSD64 dekodiranje, analogni izlazi: XLR i RCA izlazi; Digitalni ulazi: 2x SPDIF, 2xTOSLINK, 1x USB2.0\" \/>\n<meta property=\"og:url\" content=\"https:\/\/hd-multimedia.com\/sl\/trgovina\/benchmark-dac3-b\/\" \/>\n<meta property=\"og:site_name\" content=\"hd-multimedia\" \/>\n<meta property=\"article:modified_time\" content=\"2025-04-07T13:12:56+00:00\" \/>\n<meta property=\"og:image\" content=\"https:\/\/hd-multimedia.com\/hdm_media\/DAC3B_Black_ISO_Shopify_5000x-scaled.jpg\" \/>\n\t<meta property=\"og:image:width\" content=\"2560\" \/>\n\t<meta property=\"og:image:height\" content=\"2560\" \/>\n\t<meta property=\"og:image:type\" content=\"image\/jpeg\" \/>\n<meta name=\"twitter:card\" content=\"summary_large_image\" \/>\n<meta name=\"twitter:label1\" content=\"Est. reading time\" \/>\n\t<meta name=\"twitter:data1\" content=\"1 minuta\" \/>\n<script type=\"application\/ld+json\" class=\"yoast-schema-graph\">{\"@context\":\"https:\/\/schema.org\",\"@graph\":[{\"@type\":\"WebPage\",\"@id\":\"https:\/\/hd-multimedia.com\/trgovina\/benchmark-dac3-b\/\",\"url\":\"https:\/\/hd-multimedia.com\/trgovina\/benchmark-dac3-b\/\",\"name\":\"Benchmark DAC3 B - hd-multimedia\",\"isPartOf\":{\"@id\":\"https:\/\/hd-multimedia.com\/#website\"},\"datePublished\":\"2021-03-24T14:59:12+00:00\",\"dateModified\":\"2025-04-07T13:12:56+00:00\",\"description\":\"Benchmark DAC3 B - PCM 24\/192 + DSD64 dekodiranje, analogni izlazi: XLR i RCA izlazi; Digitalni ulazi: 2x SPDIF, 2xTOSLINK, 1x USB2.0\",\"breadcrumb\":{\"@id\":\"https:\/\/hd-multimedia.com\/trgovina\/benchmark-dac3-b\/#breadcrumb\"},\"inLanguage\":\"sl-SI\",\"potentialAction\":[{\"@type\":\"ReadAction\",\"target\":[\"https:\/\/hd-multimedia.com\/trgovina\/benchmark-dac3-b\/\"]}]},{\"@type\":\"BreadcrumbList\",\"@id\":\"https:\/\/hd-multimedia.com\/trgovina\/benchmark-dac3-b\/#breadcrumb\",\"itemListElement\":[{\"@type\":\"ListItem\",\"position\":1,\"name\":\"Po\u010detna stranica\",\"item\":\"https:\/\/hd-multimedia.com\/\"},{\"@type\":\"ListItem\",\"position\":2,\"name\":\"Trgovina\",\"item\":\"https:\/\/hd-multimedia.com\/trgovina\/\"},{\"@type\":\"ListItem\",\"position\":3,\"name\":\"Benchmark DAC3 B\"}]},{\"@type\":\"WebSite\",\"@id\":\"https:\/\/hd-multimedia.com\/#website\",\"url\":\"https:\/\/hd-multimedia.com\/\",\"name\":\"hd-multimedia\",\"description\":\"\",\"publisher\":{\"@id\":\"https:\/\/hd-multimedia.com\/#organization\"},\"potentialAction\":[{\"@type\":\"SearchAction\",\"target\":{\"@type\":\"EntryPoint\",\"urlTemplate\":\"https:\/\/hd-multimedia.com\/?s={search_term_string}\"},\"query-input\":\"required name=search_term_string\"}],\"inLanguage\":\"sl-SI\"},{\"@type\":\"Organization\",\"@id\":\"https:\/\/hd-multimedia.com\/#organization\",\"name\":\"hd-multimedia\",\"url\":\"https:\/\/hd-multimedia.com\/\",\"logo\":{\"@type\":\"ImageObject\",\"inLanguage\":\"sl-SI\",\"@id\":\"https:\/\/hd-multimedia.com\/#\/schema\/logo\/image\/\",\"url\":\"https:\/\/hd-multimedia.com\/hdm_media\/HD-curves-ok-196-56px-alpha-1.png\",\"contentUrl\":\"https:\/\/hd-multimedia.com\/hdm_media\/HD-curves-ok-196-56px-alpha-1.png\",\"width\":196,\"height\":53,\"caption\":\"hd-multimedia\"},\"image\":{\"@id\":\"https:\/\/hd-multimedia.com\/#\/schema\/logo\/image\/\"}}]}<\/script>\n<!-- \/ Yoast SEO plugin. -->","yoast_head_json":{"title":"Benchmark DAC3 B - hd-multimedia","description":"Benchmark DAC3 B - PCM 24\/192 + DSD64 dekodiranje, analogni izlazi: XLR i RCA izlazi; Digitalni ulazi: 2x SPDIF, 2xTOSLINK, 1x USB2.0","robots":{"index":"index","follow":"follow","max-snippet":"max-snippet:-1","max-image-preview":"max-image-preview:large","max-video-preview":"max-video-preview:-1"},"canonical":"https:\/\/hd-multimedia.com\/sl\/trgovina\/benchmark-dac3-b\/","og_locale":"sl_SI","og_type":"article","og_title":"Benchmark DAC3 B - hd-multimedia","og_description":"Benchmark DAC3 B - PCM 24\/192 + DSD64 dekodiranje, analogni izlazi: XLR i RCA izlazi; Digitalni ulazi: 2x SPDIF, 2xTOSLINK, 1x USB2.0","og_url":"https:\/\/hd-multimedia.com\/sl\/trgovina\/benchmark-dac3-b\/","og_site_name":"hd-multimedia","article_modified_time":"2025-04-07T13:12:56+00:00","og_image":[{"width":2560,"height":2560,"url":"https:\/\/hd-multimedia.com\/hdm_media\/DAC3B_Black_ISO_Shopify_5000x-scaled.jpg","type":"image\/jpeg"}],"twitter_card":"summary_large_image","twitter_misc":{"Est. reading time":"1 minuta"},"schema":{"@context":"https:\/\/schema.org","@graph":[{"@type":"WebPage","@id":"https:\/\/hd-multimedia.com\/trgovina\/benchmark-dac3-b\/","url":"https:\/\/hd-multimedia.com\/trgovina\/benchmark-dac3-b\/","name":"Benchmark DAC3 B - hd-multimedia","isPartOf":{"@id":"https:\/\/hd-multimedia.com\/#website"},"datePublished":"2021-03-24T14:59:12+00:00","dateModified":"2025-04-07T13:12:56+00:00","description":"Benchmark DAC3 B - PCM 24\/192 + DSD64 dekodiranje, analogni izlazi: XLR i RCA izlazi; Digitalni ulazi: 2x SPDIF, 2xTOSLINK, 1x USB2.0","breadcrumb":{"@id":"https:\/\/hd-multimedia.com\/trgovina\/benchmark-dac3-b\/#breadcrumb"},"inLanguage":"sl-SI","potentialAction":[{"@type":"ReadAction","target":["https:\/\/hd-multimedia.com\/trgovina\/benchmark-dac3-b\/"]}]},{"@type":"BreadcrumbList","@id":"https:\/\/hd-multimedia.com\/trgovina\/benchmark-dac3-b\/#breadcrumb","itemListElement":[{"@type":"ListItem","position":1,"name":"Po\u010detna stranica","item":"https:\/\/hd-multimedia.com\/"},{"@type":"ListItem","position":2,"name":"Trgovina","item":"https:\/\/hd-multimedia.com\/trgovina\/"},{"@type":"ListItem","position":3,"name":"Benchmark DAC3 B"}]},{"@type":"WebSite","@id":"https:\/\/hd-multimedia.com\/#website","url":"https:\/\/hd-multimedia.com\/","name":"hd-multimedia","description":"","publisher":{"@id":"https:\/\/hd-multimedia.com\/#organization"},"potentialAction":[{"@type":"SearchAction","target":{"@type":"EntryPoint","urlTemplate":"https:\/\/hd-multimedia.com\/?s={search_term_string}"},"query-input":"required name=search_term_string"}],"inLanguage":"sl-SI"},{"@type":"Organization","@id":"https:\/\/hd-multimedia.com\/#organization","name":"hd-multimedia","url":"https:\/\/hd-multimedia.com\/","logo":{"@type":"ImageObject","inLanguage":"sl-SI","@id":"https:\/\/hd-multimedia.com\/#\/schema\/logo\/image\/","url":"https:\/\/hd-multimedia.com\/hdm_media\/HD-curves-ok-196-56px-alpha-1.png","contentUrl":"https:\/\/hd-multimedia.com\/hdm_media\/HD-curves-ok-196-56px-alpha-1.png","width":196,"height":53,"caption":"hd-multimedia"},"image":{"@id":"https:\/\/hd-multimedia.com\/#\/schema\/logo\/image\/"}}]}},"post_mailing_queue_ids":[],"_links":{"self":[{"href":"https:\/\/hd-multimedia.com\/sl\/wp-json\/wp\/v2\/product\/5830","targetHints":{"allow":["GET"]}}],"collection":[{"href":"https:\/\/hd-multimedia.com\/sl\/wp-json\/wp\/v2\/product"}],"about":[{"href":"https:\/\/hd-multimedia.com\/sl\/wp-json\/wp\/v2\/types\/product"}],"version-history":[{"count":10,"href":"https:\/\/hd-multimedia.com\/sl\/wp-json\/wp\/v2\/product\/5830\/revisions"}],"predecessor-version":[{"id":18198,"href":"https:\/\/hd-multimedia.com\/sl\/wp-json\/wp\/v2\/product\/5830\/revisions\/18198"}],"wp:featuredmedia":[{"embeddable":true,"href":"https:\/\/hd-multimedia.com\/sl\/wp-json\/wp\/v2\/media\/5836"}],"wp:attachment":[{"href":"https:\/\/hd-multimedia.com\/sl\/wp-json\/wp\/v2\/media?parent=5830"}],"curies":[{"name":"wp","href":"https:\/\/api.w.org\/{rel}","templated":true}]}}