{"id":5535,"date":"2021-02-12T15:07:22","date_gmt":"2021-02-12T15:07:22","guid":{"rendered":"https:\/\/hd-multimedia.com\/?post_type=product&#038;p=5535"},"modified":"2025-12-20T15:49:26","modified_gmt":"2025-12-20T15:49:26","slug":"topping-pre90","status":"publish","type":"product","link":"https:\/\/hd-multimedia.com\/sl\/trgovina\/topping-pre90\/","title":{"rendered":"Topping PRE90"},"content":{"rendered":"<p>Topping Pre90 ima mo\u017enost varne glasnosti, ki se aktivira, ko nastavljena varna glasnost prese\u017ee ciljna vhodno\/izhodna vrata. Va\u0161o drago opremo \u0161\u010diti pred po\u0161kodbami, ki jih povzro\u010dijo nenadni glasni zvoki. To funkcijo lahko tudi izklopite v meniju z nastavitvami z daljinskim upravljalnikom.<\/p>\n<p>Topping Pre90 zagotavlja izjemno zmogljivost. Odlikuje ga tudi hibridna arhitektura povratne informacije napetosti in toka in povratna informacija z ultra visokim oja\u010denjem, ki omogo\u010da oja\u010danje signala brez \u0161uma in popa\u010denj za \u0161ibke zvo\u010dne signale.<\/p>\n<p>S pomo\u010djo Topping Ext90 lahko na Pre90 pove\u017eete ve\u010d virov hkrati. Pre90 ima sam po sebi en enojni vhod RCA in en uravnote\u017een XLR vhod, z Ext90 pa ga je mogo\u010de povezati z do dvema vhodoma RCA in \u0161tirimi vhodi XLR. Aktivni vhodni vir lahko preprosto izberete s prilo\u017eenim daljinskim upravljalnikom. Poleg tega si Pre90 zapomni va\u0161e nastavitve glasnosti za razli\u010dna vhodno\/izhodna vrata.<\/p>\n<p>Topping PRE90 \u2013 linijski predoja\u010devalec. Vhodi: RCA + XLR, Izhodi: RCA + XLR<\/p>\n<p>&nbsp;<\/p>","protected":false},"excerpt":{"rendered":"<p>Topping Pre90 je visoko zmogljiv predoja\u010devalnik, zasnovan s popolnoma uravnote\u017eenim vezjem in naprednimi moduli NFCA (Nested Feedback Composite Amplifier). Ta hibridna napetost\/tok arhitektura v kombinaciji s tehnologijo Ultra High Gain Feedback (UFGF) zagotavlja izjemno zmogljivost pri enosmernem in izmeni\u010dnem toku, za katero je zna\u010dilna ultra nizka raven hrupa 0,3 \u03bcV in izjemen dinami\u010dni razpon 145 dB. Pre90 podpira uravnote\u017eene in neuravnote\u017eene vhode in izhode, zaradi \u010desar je vsestranski za razli\u010dne avdio nastavitve, vklju\u010dno z mo\u017enostjo pretvorbe signalov med uravnote\u017eenimi in neuravnote\u017eenimi formati. Z najve\u010djim oja\u010danjem +16 dB u\u010dinkovito oja\u010da \u0161ibke vhodne signale brez dodajanja zvo\u010dnega \u0161uma. Visokokakovostni japonski releji omogo\u010dajo natan\u010den nadzor glasnosti ob ohranjanju ravnovesja kanalov, naprava pa ima funkcijo \u201cSafe Volume\u201d za za\u0161\u010dito va\u0161ega avdio sistema in sluha. Topping Pre90 ponuja tudi neodvisen prostorninski pomnilnik za vsak vhod in izhod, ki se samodejno prilagaja zadnjim shranjenim nastavitvam, in ga je mogo\u010de zdru\u017eiti z Ext90 za dodatne mo\u017enosti vnosa, zaradi \u010desar je idealna izbira za sistem z ve\u010d viri.<\/p>\n<p><a href=\"https:\/\/www.tpdz.net\/productinfo\/551297.html\" target=\"_blank\" rel=\"noopener noreferrer\">Bro\u0161ura Prevleka PRE90 + EXT90.\u00a0<\/a><\/p>","protected":false},"featured_media":15589,"template":"","meta":{"site-sidebar-layout":"default","site-content-layout":"default","ast-site-content-layout":"default","site-content-style":"default","site-sidebar-style":"default","ast-global-header-display":"","ast-banner-title-visibility":"","ast-main-header-display":"","ast-hfb-above-header-display":"","ast-hfb-below-header-display":"","ast-hfb-mobile-header-display":"","site-post-title":"","ast-breadcrumbs-content":"","ast-featured-img":"","footer-sml-layout":"","theme-transparent-header-meta":"default","adv-header-id-meta":"","stick-header-meta":"default","header-above-stick-meta":"","header-main-stick-meta":"","header-below-stick-meta":"","astra-migrate-meta-layouts":"set","ast-page-background-enabled":"default","ast-page-background-meta":{"desktop":{"background-color":"","background-image":"","background-repeat":"repeat","background-position":"center center","background-size":"auto","background-attachment":"scroll","background-type":"","background-media":"","overlay-type":"","overlay-color":"","overlay-opacity":"","overlay-gradient":""},"tablet":{"background-color":"","background-image":"","background-repeat":"repeat","background-position":"center center","background-size":"auto","background-attachment":"scroll","background-type":"","background-media":"","overlay-type":"","overlay-color":"","overlay-opacity":"","overlay-gradient":""},"mobile":{"background-color":"","background-image":"","background-repeat":"repeat","background-position":"center center","background-size":"auto","background-attachment":"scroll","background-type":"","background-media":"","overlay-type":"","overlay-color":"","overlay-opacity":"","overlay-gradient":""}},"ast-content-background-meta":{"desktop":{"background-color":"var(--ast-global-color-5)","background-image":"","background-repeat":"repeat","background-position":"center center","background-size":"auto","background-attachment":"scroll","background-type":"","background-media":"","overlay-type":"","overlay-color":"","overlay-opacity":"","overlay-gradient":""},"tablet":{"background-color":"var(--ast-global-color-5)","background-image":"","background-repeat":"repeat","background-position":"center center","background-size":"auto","background-attachment":"scroll","background-type":"","background-media":"","overlay-type":"","overlay-color":"","overlay-opacity":"","overlay-gradient":""},"mobile":{"background-color":"var(--ast-global-color-5)","background-image":"","background-repeat":"repeat","background-position":"center center","background-size":"auto","background-attachment":"scroll","background-type":"","background-media":"","overlay-type":"","overlay-color":"","overlay-opacity":"","overlay-gradient":""}}},"class_list":["post-5535","product","type-product","status-publish","has-post-thumbnail","hentry","product_cat-pretpojacala","product_cat-topping","desktop-align-center","tablet-align-center","mobile-align-center","ast-product-gallery-layout-horizontal","ast-magnify-disabled","ast-product-single-variable","ast-product-tabs-layout-horizontal"],"yoast_head":"<!-- This site is optimized with the Yoast SEO plugin v21.4 - https:\/\/yoast.com\/wordpress\/plugins\/seo\/ -->\n<title>Topping PRE90 - hd-multimedia<\/title>\n<meta name=\"description\" content=\"Topping Pre90 je visokou\u010dinkovito pretpoja\u010dalo dizajnirano s potpuno balansiranim krugom i naprednim NFCA (Nested Feedback Composite Amplifier) modulima.\" \/>\n<meta name=\"robots\" content=\"index, follow, max-snippet:-1, max-image-preview:large, max-video-preview:-1\" \/>\n<link rel=\"canonical\" href=\"https:\/\/hd-multimedia.com\/sl\/trgovina\/topping-pre90\/\" \/>\n<meta property=\"og:locale\" content=\"sl_SI\" \/>\n<meta property=\"og:type\" content=\"article\" \/>\n<meta property=\"og:title\" content=\"Topping PRE90 - hd-multimedia\" \/>\n<meta property=\"og:description\" content=\"Topping Pre90 je visokou\u010dinkovito pretpoja\u010dalo dizajnirano s potpuno balansiranim krugom i naprednim NFCA (Nested Feedback Composite Amplifier) modulima.\" \/>\n<meta property=\"og:url\" content=\"https:\/\/hd-multimedia.com\/sl\/trgovina\/topping-pre90\/\" \/>\n<meta property=\"og:site_name\" content=\"hd-multimedia\" \/>\n<meta property=\"article:modified_time\" content=\"2025-12-20T15:49:26+00:00\" \/>\n<meta property=\"og:image\" content=\"https:\/\/hd-multimedia.com\/hdm_media\/topping-pre90-balanced-single-ended-preamplifier-nfca-black-2.jpg\" \/>\n\t<meta property=\"og:image:width\" content=\"900\" \/>\n\t<meta property=\"og:image:height\" content=\"900\" \/>\n\t<meta property=\"og:image:type\" content=\"image\/jpeg\" \/>\n<meta name=\"twitter:card\" content=\"summary_large_image\" \/>\n<meta name=\"twitter:label1\" content=\"Est. reading time\" \/>\n\t<meta name=\"twitter:data1\" content=\"1 minuta\" \/>\n<script type=\"application\/ld+json\" class=\"yoast-schema-graph\">{\"@context\":\"https:\/\/schema.org\",\"@graph\":[{\"@type\":\"WebPage\",\"@id\":\"https:\/\/hd-multimedia.com\/trgovina\/topping-pre90\/\",\"url\":\"https:\/\/hd-multimedia.com\/trgovina\/topping-pre90\/\",\"name\":\"Topping PRE90 - hd-multimedia\",\"isPartOf\":{\"@id\":\"https:\/\/hd-multimedia.com\/#website\"},\"datePublished\":\"2021-02-12T15:07:22+00:00\",\"dateModified\":\"2025-12-20T15:49:26+00:00\",\"description\":\"Topping Pre90 je visokou\u010dinkovito pretpoja\u010dalo dizajnirano s potpuno balansiranim krugom i naprednim NFCA (Nested Feedback Composite Amplifier) modulima.\",\"breadcrumb\":{\"@id\":\"https:\/\/hd-multimedia.com\/trgovina\/topping-pre90\/#breadcrumb\"},\"inLanguage\":\"sl-SI\",\"potentialAction\":[{\"@type\":\"ReadAction\",\"target\":[\"https:\/\/hd-multimedia.com\/trgovina\/topping-pre90\/\"]}]},{\"@type\":\"BreadcrumbList\",\"@id\":\"https:\/\/hd-multimedia.com\/trgovina\/topping-pre90\/#breadcrumb\",\"itemListElement\":[{\"@type\":\"ListItem\",\"position\":1,\"name\":\"Po\u010detna stranica\",\"item\":\"https:\/\/hd-multimedia.com\/\"},{\"@type\":\"ListItem\",\"position\":2,\"name\":\"Trgovina\",\"item\":\"https:\/\/hd-multimedia.com\/trgovina\/\"},{\"@type\":\"ListItem\",\"position\":3,\"name\":\"Topping PRE90\"}]},{\"@type\":\"WebSite\",\"@id\":\"https:\/\/hd-multimedia.com\/#website\",\"url\":\"https:\/\/hd-multimedia.com\/\",\"name\":\"hd-multimedia\",\"description\":\"\",\"publisher\":{\"@id\":\"https:\/\/hd-multimedia.com\/#organization\"},\"potentialAction\":[{\"@type\":\"SearchAction\",\"target\":{\"@type\":\"EntryPoint\",\"urlTemplate\":\"https:\/\/hd-multimedia.com\/?s={search_term_string}\"},\"query-input\":\"required name=search_term_string\"}],\"inLanguage\":\"sl-SI\"},{\"@type\":\"Organization\",\"@id\":\"https:\/\/hd-multimedia.com\/#organization\",\"name\":\"hd-multimedia\",\"url\":\"https:\/\/hd-multimedia.com\/\",\"logo\":{\"@type\":\"ImageObject\",\"inLanguage\":\"sl-SI\",\"@id\":\"https:\/\/hd-multimedia.com\/#\/schema\/logo\/image\/\",\"url\":\"https:\/\/hd-multimedia.com\/hdm_media\/HD-curves-ok-196-56px-alpha-1.png\",\"contentUrl\":\"https:\/\/hd-multimedia.com\/hdm_media\/HD-curves-ok-196-56px-alpha-1.png\",\"width\":196,\"height\":53,\"caption\":\"hd-multimedia\"},\"image\":{\"@id\":\"https:\/\/hd-multimedia.com\/#\/schema\/logo\/image\/\"}}]}<\/script>\n<!-- \/ Yoast SEO plugin. -->","yoast_head_json":{"title":"Topping PRE90 - hd-multimedia","description":"Topping Pre90 je visokou\u010dinkovito pretpoja\u010dalo dizajnirano s potpuno balansiranim krugom i naprednim NFCA (Nested Feedback Composite Amplifier) modulima.","robots":{"index":"index","follow":"follow","max-snippet":"max-snippet:-1","max-image-preview":"max-image-preview:large","max-video-preview":"max-video-preview:-1"},"canonical":"https:\/\/hd-multimedia.com\/sl\/trgovina\/topping-pre90\/","og_locale":"sl_SI","og_type":"article","og_title":"Topping PRE90 - hd-multimedia","og_description":"Topping Pre90 je visokou\u010dinkovito pretpoja\u010dalo dizajnirano s potpuno balansiranim krugom i naprednim NFCA (Nested Feedback Composite Amplifier) modulima.","og_url":"https:\/\/hd-multimedia.com\/sl\/trgovina\/topping-pre90\/","og_site_name":"hd-multimedia","article_modified_time":"2025-12-20T15:49:26+00:00","og_image":[{"width":900,"height":900,"url":"https:\/\/hd-multimedia.com\/hdm_media\/topping-pre90-balanced-single-ended-preamplifier-nfca-black-2.jpg","type":"image\/jpeg"}],"twitter_card":"summary_large_image","twitter_misc":{"Est. reading time":"1 minuta"},"schema":{"@context":"https:\/\/schema.org","@graph":[{"@type":"WebPage","@id":"https:\/\/hd-multimedia.com\/trgovina\/topping-pre90\/","url":"https:\/\/hd-multimedia.com\/trgovina\/topping-pre90\/","name":"Topping PRE90 - hd-multimedia","isPartOf":{"@id":"https:\/\/hd-multimedia.com\/#website"},"datePublished":"2021-02-12T15:07:22+00:00","dateModified":"2025-12-20T15:49:26+00:00","description":"Topping Pre90 je visokou\u010dinkovito pretpoja\u010dalo dizajnirano s potpuno balansiranim krugom i naprednim NFCA (Nested Feedback Composite Amplifier) modulima.","breadcrumb":{"@id":"https:\/\/hd-multimedia.com\/trgovina\/topping-pre90\/#breadcrumb"},"inLanguage":"sl-SI","potentialAction":[{"@type":"ReadAction","target":["https:\/\/hd-multimedia.com\/trgovina\/topping-pre90\/"]}]},{"@type":"BreadcrumbList","@id":"https:\/\/hd-multimedia.com\/trgovina\/topping-pre90\/#breadcrumb","itemListElement":[{"@type":"ListItem","position":1,"name":"Po\u010detna stranica","item":"https:\/\/hd-multimedia.com\/"},{"@type":"ListItem","position":2,"name":"Trgovina","item":"https:\/\/hd-multimedia.com\/trgovina\/"},{"@type":"ListItem","position":3,"name":"Topping PRE90"}]},{"@type":"WebSite","@id":"https:\/\/hd-multimedia.com\/#website","url":"https:\/\/hd-multimedia.com\/","name":"hd-multimedia","description":"","publisher":{"@id":"https:\/\/hd-multimedia.com\/#organization"},"potentialAction":[{"@type":"SearchAction","target":{"@type":"EntryPoint","urlTemplate":"https:\/\/hd-multimedia.com\/?s={search_term_string}"},"query-input":"required name=search_term_string"}],"inLanguage":"sl-SI"},{"@type":"Organization","@id":"https:\/\/hd-multimedia.com\/#organization","name":"hd-multimedia","url":"https:\/\/hd-multimedia.com\/","logo":{"@type":"ImageObject","inLanguage":"sl-SI","@id":"https:\/\/hd-multimedia.com\/#\/schema\/logo\/image\/","url":"https:\/\/hd-multimedia.com\/hdm_media\/HD-curves-ok-196-56px-alpha-1.png","contentUrl":"https:\/\/hd-multimedia.com\/hdm_media\/HD-curves-ok-196-56px-alpha-1.png","width":196,"height":53,"caption":"hd-multimedia"},"image":{"@id":"https:\/\/hd-multimedia.com\/#\/schema\/logo\/image\/"}}]}},"post_mailing_queue_ids":[],"_links":{"self":[{"href":"https:\/\/hd-multimedia.com\/sl\/wp-json\/wp\/v2\/product\/5535","targetHints":{"allow":["GET"]}}],"collection":[{"href":"https:\/\/hd-multimedia.com\/sl\/wp-json\/wp\/v2\/product"}],"about":[{"href":"https:\/\/hd-multimedia.com\/sl\/wp-json\/wp\/v2\/types\/product"}],"version-history":[{"count":7,"href":"https:\/\/hd-multimedia.com\/sl\/wp-json\/wp\/v2\/product\/5535\/revisions"}],"predecessor-version":[{"id":15595,"href":"https:\/\/hd-multimedia.com\/sl\/wp-json\/wp\/v2\/product\/5535\/revisions\/15595"}],"wp:featuredmedia":[{"embeddable":true,"href":"https:\/\/hd-multimedia.com\/sl\/wp-json\/wp\/v2\/media\/15589"}],"wp:attachment":[{"href":"https:\/\/hd-multimedia.com\/sl\/wp-json\/wp\/v2\/media?parent=5535"}],"curies":[{"name":"wp","href":"https:\/\/api.w.org\/{rel}","templated":true}]}}