{"id":5184,"date":"2020-12-02T11:46:10","date_gmt":"2020-12-02T11:46:10","guid":{"rendered":"https:\/\/hd-multimedia.com\/?post_type=product&#038;p=5184"},"modified":"2025-09-03T13:35:05","modified_gmt":"2025-09-03T13:35:05","slug":"elac-unifi-uf5-2-par","status":"publish","type":"product","link":"https:\/\/hd-multimedia.com\/sl\/trgovina\/elac-unifi-uf5-2-par\/","title":{"rendered":"Elac UniFi UF5.2 (par)"},"content":{"rendered":"<p>Specifikacija:<\/p>\n<p>Tip: 3-stezni pasivni zvo\u010dnik z bassreflex priklju\u010dkom.<br \/>\nVisokotonec: 1 x 1 palec (2,56 cm) - mehka kupola, koaksialno name\u0161\u010den<\/p>\n<p>Srednjetonec: 1 x 4-pal\u010dni (10,24 cm) \u2013 aluminijast sto\u017eec, koaksialno na visokotonec<br \/>\nBas: 3 x 5,25-pal\u010dni (13,44 cm) \u2013 aluminijast sto\u017eec<\/p>\n<p>Crossover: 200 \/ 2.000 Hz<br \/>\nFrekven\u010dni razpon: 42 do 35.000 Hz<br \/>\nOb\u010dutljivost: 85 dB pri 2,83 v\/1 m<br \/>\nPriporo\u010dena mo\u010d oja\u010devalnika: od 40 do 140 W kos<br \/>\nKoni\u010dna mo\u010d: 140 W kos<br \/>\nStandardna impedanca: 6 \u03a9<br \/>\nPovezava: 5-smerna<\/p>\n<p>Magnetni \u0161\u010dit: Brez<br \/>\nZaklju\u010dek: \u010crni jesen (javor)<\/p>\n<p>Dodatna oprema: Za\u0161\u010ditna maska<\/p>\n<p>Vi\u0161ina: 38,58&quot; \/ 980 mm<br \/>\n\u0160irina: 7,28&quot; \/ 185 mm<br \/>\nGlobina: 10,83&quot;\/275 mm<\/p>\n<p><a href=\"https:\/\/www.elac.com\/category\/floorstanding-speakers\/uni-fi-2-uf52\/\" target=\"_blank\" rel=\"noopener\">Ostale informacije najdete na tej povezavi.<\/a><\/p>","protected":false},"excerpt":{"rendered":"<p>Elac UniFi UF5.2 je primeren za ve\u010dje prostore in navdu\u0161ence, ki i\u0161\u010dejo mo\u010dno dinamiko nizkih tonov. Ta kompaktni 3-smerni talni zvo\u010dnik z bas-refleksno zasnovo si deli izjemne zvo\u010dnike in tehnologijo z drugimi modeli v seriji. Z namenskimi visokotonskimi, srednjetonskimi in nizkotonskimi zvo\u010dniki UF5.2 zagotavlja \u010diste nizke tone brez ogro\u017eanja jasnosti glasu. Tehni\u010dne izbolj\u0161ave vklju\u010dujejo \u0161irokokotni visokotonec za raz\u0161irjen nizko- in visokofrekven\u010dni odziv, izbolj\u0161ano zasnovo srednjetonskega zvo\u010dnika z ve\u010djo glasovno tuljavo in neodimskim magnetom za izbolj\u0161ano togost. Enodelna aluminijasta sto\u017e\u010dasta membrana z velikim magnetom prispeva k izbolj\u0161ani natan\u010dnosti in dinamiki nizkih tonov. Konstrukcija UF5.2 ima debelo zunanjo steno MDF in zaklju\u010dek iz \u010drnega pepela, ki zmanj\u0161uje ne\u017eelene vibracije ohi\u0161ja.<\/p>\n<p>Cena velja za par (2 zvo\u010dnika)<\/p>\n<p><a href=\"https:\/\/www.elac.com\/category\/floorstanding-speakers\/uni-fi-2-uf52\/\" target=\"_blank\" rel=\"noopener\">Ostale informacije najdete na tej povezavi.<\/a><\/p>","protected":false},"featured_media":5185,"template":"","meta":{"site-sidebar-layout":"default","site-content-layout":"default","ast-site-content-layout":"default","site-content-style":"default","site-sidebar-style":"default","ast-global-header-display":"","ast-banner-title-visibility":"","ast-main-header-display":"","ast-hfb-above-header-display":"","ast-hfb-below-header-display":"","ast-hfb-mobile-header-display":"","site-post-title":"","ast-breadcrumbs-content":"","ast-featured-img":"","footer-sml-layout":"","theme-transparent-header-meta":"default","adv-header-id-meta":"","stick-header-meta":"default","header-above-stick-meta":"","header-main-stick-meta":"","header-below-stick-meta":"","astra-migrate-meta-layouts":"set","ast-page-background-enabled":"default","ast-page-background-meta":{"desktop":{"background-color":"","background-image":"","background-repeat":"repeat","background-position":"center center","background-size":"auto","background-attachment":"scroll","background-type":"","background-media":"","overlay-type":"","overlay-color":"","overlay-opacity":"","overlay-gradient":""},"tablet":{"background-color":"","background-image":"","background-repeat":"repeat","background-position":"center center","background-size":"auto","background-attachment":"scroll","background-type":"","background-media":"","overlay-type":"","overlay-color":"","overlay-opacity":"","overlay-gradient":""},"mobile":{"background-color":"","background-image":"","background-repeat":"repeat","background-position":"center center","background-size":"auto","background-attachment":"scroll","background-type":"","background-media":"","overlay-type":"","overlay-color":"","overlay-opacity":"","overlay-gradient":""}},"ast-content-background-meta":{"desktop":{"background-color":"var(--ast-global-color-5)","background-image":"","background-repeat":"repeat","background-position":"center center","background-size":"auto","background-attachment":"scroll","background-type":"","background-media":"","overlay-type":"","overlay-color":"","overlay-opacity":"","overlay-gradient":""},"tablet":{"background-color":"var(--ast-global-color-5)","background-image":"","background-repeat":"repeat","background-position":"center center","background-size":"auto","background-attachment":"scroll","background-type":"","background-media":"","overlay-type":"","overlay-color":"","overlay-opacity":"","overlay-gradient":""},"mobile":{"background-color":"var(--ast-global-color-5)","background-image":"","background-repeat":"repeat","background-position":"center center","background-size":"auto","background-attachment":"scroll","background-type":"","background-media":"","overlay-type":"","overlay-color":"","overlay-opacity":"","overlay-gradient":""}}},"class_list":["post-5184","product","type-product","status-publish","has-post-thumbnail","hentry","product_cat-pasivne-zvucne-kutije","product_cat-elac","desktop-align-center","tablet-align-center","mobile-align-center","ast-product-gallery-layout-horizontal","ast-magnify-disabled","ast-product-tabs-layout-horizontal"],"yoast_head":"<!-- This site is optimized with the Yoast SEO plugin v21.4 - https:\/\/yoast.com\/wordpress\/plugins\/seo\/ -->\n<title>Elac UniFi UF5.2 (par) - hd-multimedia<\/title>\n<meta name=\"description\" content=\"S posve\u0107enim visokotoncem, srednjetonskim i niskotonskim zvu\u010dnicima, Elac UniFi UF5.2 (par) pru\u017ea \u010dist bas bez naru\u0161avanja jasno\u0107e vokala.\" \/>\n<meta name=\"robots\" content=\"index, follow, max-snippet:-1, max-image-preview:large, max-video-preview:-1\" \/>\n<link rel=\"canonical\" href=\"https:\/\/hd-multimedia.com\/sl\/trgovina\/elac-unifi-uf5-2-par\/\" \/>\n<meta property=\"og:locale\" content=\"sl_SI\" \/>\n<meta property=\"og:type\" content=\"article\" \/>\n<meta property=\"og:title\" content=\"Elac UniFi UF5.2 (par) - hd-multimedia\" \/>\n<meta property=\"og:description\" content=\"S posve\u0107enim visokotoncem, srednjetonskim i niskotonskim zvu\u010dnicima, Elac UniFi UF5.2 (par) pru\u017ea \u010dist bas bez naru\u0161avanja jasno\u0107e vokala.\" \/>\n<meta property=\"og:url\" content=\"https:\/\/hd-multimedia.com\/sl\/trgovina\/elac-unifi-uf5-2-par\/\" \/>\n<meta property=\"og:site_name\" content=\"hd-multimedia\" \/>\n<meta property=\"article:modified_time\" content=\"2025-09-03T13:35:05+00:00\" \/>\n<meta property=\"og:image\" content=\"https:\/\/hd-multimedia.com\/hdm_media\/1000015009-1.jpg\" \/>\n\t<meta property=\"og:image:width\" content=\"450\" \/>\n\t<meta property=\"og:image:height\" content=\"450\" \/>\n\t<meta property=\"og:image:type\" content=\"image\/jpeg\" \/>\n<meta name=\"twitter:card\" content=\"summary_large_image\" \/>\n<meta name=\"twitter:label1\" content=\"Est. reading time\" \/>\n\t<meta name=\"twitter:data1\" content=\"1 minuta\" \/>\n<script type=\"application\/ld+json\" class=\"yoast-schema-graph\">{\"@context\":\"https:\/\/schema.org\",\"@graph\":[{\"@type\":\"WebPage\",\"@id\":\"https:\/\/hd-multimedia.com\/trgovina\/elac-unifi-uf5-2-par\/\",\"url\":\"https:\/\/hd-multimedia.com\/trgovina\/elac-unifi-uf5-2-par\/\",\"name\":\"Elac UniFi UF5.2 (par) - hd-multimedia\",\"isPartOf\":{\"@id\":\"https:\/\/hd-multimedia.com\/#website\"},\"datePublished\":\"2020-12-02T11:46:10+00:00\",\"dateModified\":\"2025-09-03T13:35:05+00:00\",\"description\":\"S posve\u0107enim visokotoncem, srednjetonskim i niskotonskim zvu\u010dnicima, Elac UniFi UF5.2 (par) pru\u017ea \u010dist bas bez naru\u0161avanja jasno\u0107e vokala.\",\"breadcrumb\":{\"@id\":\"https:\/\/hd-multimedia.com\/trgovina\/elac-unifi-uf5-2-par\/#breadcrumb\"},\"inLanguage\":\"sl-SI\",\"potentialAction\":[{\"@type\":\"ReadAction\",\"target\":[\"https:\/\/hd-multimedia.com\/trgovina\/elac-unifi-uf5-2-par\/\"]}]},{\"@type\":\"BreadcrumbList\",\"@id\":\"https:\/\/hd-multimedia.com\/trgovina\/elac-unifi-uf5-2-par\/#breadcrumb\",\"itemListElement\":[{\"@type\":\"ListItem\",\"position\":1,\"name\":\"Po\u010detna stranica\",\"item\":\"https:\/\/hd-multimedia.com\/\"},{\"@type\":\"ListItem\",\"position\":2,\"name\":\"Trgovina\",\"item\":\"https:\/\/hd-multimedia.com\/trgovina\/\"},{\"@type\":\"ListItem\",\"position\":3,\"name\":\"Elac UniFi UF5.2 (par)\"}]},{\"@type\":\"WebSite\",\"@id\":\"https:\/\/hd-multimedia.com\/#website\",\"url\":\"https:\/\/hd-multimedia.com\/\",\"name\":\"hd-multimedia\",\"description\":\"\",\"publisher\":{\"@id\":\"https:\/\/hd-multimedia.com\/#organization\"},\"potentialAction\":[{\"@type\":\"SearchAction\",\"target\":{\"@type\":\"EntryPoint\",\"urlTemplate\":\"https:\/\/hd-multimedia.com\/?s={search_term_string}\"},\"query-input\":\"required name=search_term_string\"}],\"inLanguage\":\"sl-SI\"},{\"@type\":\"Organization\",\"@id\":\"https:\/\/hd-multimedia.com\/#organization\",\"name\":\"hd-multimedia\",\"url\":\"https:\/\/hd-multimedia.com\/\",\"logo\":{\"@type\":\"ImageObject\",\"inLanguage\":\"sl-SI\",\"@id\":\"https:\/\/hd-multimedia.com\/#\/schema\/logo\/image\/\",\"url\":\"https:\/\/hd-multimedia.com\/hdm_media\/HD-curves-ok-196-56px-alpha-1.png\",\"contentUrl\":\"https:\/\/hd-multimedia.com\/hdm_media\/HD-curves-ok-196-56px-alpha-1.png\",\"width\":196,\"height\":53,\"caption\":\"hd-multimedia\"},\"image\":{\"@id\":\"https:\/\/hd-multimedia.com\/#\/schema\/logo\/image\/\"}}]}<\/script>\n<!-- \/ Yoast SEO plugin. -->","yoast_head_json":{"title":"Elac UniFi UF5.2 (par) - hd-multimedia","description":"S posve\u0107enim visokotoncem, srednjetonskim i niskotonskim zvu\u010dnicima, Elac UniFi UF5.2 (par) pru\u017ea \u010dist bas bez naru\u0161avanja jasno\u0107e vokala.","robots":{"index":"index","follow":"follow","max-snippet":"max-snippet:-1","max-image-preview":"max-image-preview:large","max-video-preview":"max-video-preview:-1"},"canonical":"https:\/\/hd-multimedia.com\/sl\/trgovina\/elac-unifi-uf5-2-par\/","og_locale":"sl_SI","og_type":"article","og_title":"Elac UniFi UF5.2 (par) - hd-multimedia","og_description":"S posve\u0107enim visokotoncem, srednjetonskim i niskotonskim zvu\u010dnicima, Elac UniFi UF5.2 (par) pru\u017ea \u010dist bas bez naru\u0161avanja jasno\u0107e vokala.","og_url":"https:\/\/hd-multimedia.com\/sl\/trgovina\/elac-unifi-uf5-2-par\/","og_site_name":"hd-multimedia","article_modified_time":"2025-09-03T13:35:05+00:00","og_image":[{"width":450,"height":450,"url":"https:\/\/hd-multimedia.com\/hdm_media\/1000015009-1.jpg","type":"image\/jpeg"}],"twitter_card":"summary_large_image","twitter_misc":{"Est. reading time":"1 minuta"},"schema":{"@context":"https:\/\/schema.org","@graph":[{"@type":"WebPage","@id":"https:\/\/hd-multimedia.com\/trgovina\/elac-unifi-uf5-2-par\/","url":"https:\/\/hd-multimedia.com\/trgovina\/elac-unifi-uf5-2-par\/","name":"Elac UniFi UF5.2 (par) - hd-multimedia","isPartOf":{"@id":"https:\/\/hd-multimedia.com\/#website"},"datePublished":"2020-12-02T11:46:10+00:00","dateModified":"2025-09-03T13:35:05+00:00","description":"S posve\u0107enim visokotoncem, srednjetonskim i niskotonskim zvu\u010dnicima, Elac UniFi UF5.2 (par) pru\u017ea \u010dist bas bez naru\u0161avanja jasno\u0107e vokala.","breadcrumb":{"@id":"https:\/\/hd-multimedia.com\/trgovina\/elac-unifi-uf5-2-par\/#breadcrumb"},"inLanguage":"sl-SI","potentialAction":[{"@type":"ReadAction","target":["https:\/\/hd-multimedia.com\/trgovina\/elac-unifi-uf5-2-par\/"]}]},{"@type":"BreadcrumbList","@id":"https:\/\/hd-multimedia.com\/trgovina\/elac-unifi-uf5-2-par\/#breadcrumb","itemListElement":[{"@type":"ListItem","position":1,"name":"Po\u010detna stranica","item":"https:\/\/hd-multimedia.com\/"},{"@type":"ListItem","position":2,"name":"Trgovina","item":"https:\/\/hd-multimedia.com\/trgovina\/"},{"@type":"ListItem","position":3,"name":"Elac UniFi UF5.2 (par)"}]},{"@type":"WebSite","@id":"https:\/\/hd-multimedia.com\/#website","url":"https:\/\/hd-multimedia.com\/","name":"hd-multimedia","description":"","publisher":{"@id":"https:\/\/hd-multimedia.com\/#organization"},"potentialAction":[{"@type":"SearchAction","target":{"@type":"EntryPoint","urlTemplate":"https:\/\/hd-multimedia.com\/?s={search_term_string}"},"query-input":"required name=search_term_string"}],"inLanguage":"sl-SI"},{"@type":"Organization","@id":"https:\/\/hd-multimedia.com\/#organization","name":"hd-multimedia","url":"https:\/\/hd-multimedia.com\/","logo":{"@type":"ImageObject","inLanguage":"sl-SI","@id":"https:\/\/hd-multimedia.com\/#\/schema\/logo\/image\/","url":"https:\/\/hd-multimedia.com\/hdm_media\/HD-curves-ok-196-56px-alpha-1.png","contentUrl":"https:\/\/hd-multimedia.com\/hdm_media\/HD-curves-ok-196-56px-alpha-1.png","width":196,"height":53,"caption":"hd-multimedia"},"image":{"@id":"https:\/\/hd-multimedia.com\/#\/schema\/logo\/image\/"}}]}},"post_mailing_queue_ids":[],"_links":{"self":[{"href":"https:\/\/hd-multimedia.com\/sl\/wp-json\/wp\/v2\/product\/5184","targetHints":{"allow":["GET"]}}],"collection":[{"href":"https:\/\/hd-multimedia.com\/sl\/wp-json\/wp\/v2\/product"}],"about":[{"href":"https:\/\/hd-multimedia.com\/sl\/wp-json\/wp\/v2\/types\/product"}],"version-history":[{"count":4,"href":"https:\/\/hd-multimedia.com\/sl\/wp-json\/wp\/v2\/product\/5184\/revisions"}],"predecessor-version":[{"id":18123,"href":"https:\/\/hd-multimedia.com\/sl\/wp-json\/wp\/v2\/product\/5184\/revisions\/18123"}],"wp:featuredmedia":[{"embeddable":true,"href":"https:\/\/hd-multimedia.com\/sl\/wp-json\/wp\/v2\/media\/5185"}],"wp:attachment":[{"href":"https:\/\/hd-multimedia.com\/sl\/wp-json\/wp\/v2\/media?parent=5184"}],"curies":[{"name":"wp","href":"https:\/\/api.w.org\/{rel}","templated":true}]}}