{"id":4785,"date":"2020-11-13T12:02:56","date_gmt":"2020-11-13T12:02:56","guid":{"rendered":"https:\/\/hd-multimedia.com\/?post_type=product&#038;p=4785"},"modified":"2025-04-30T10:48:50","modified_gmt":"2025-04-30T10:48:50","slug":"fiio-q3","status":"publish","type":"product","link":"https:\/\/hd-multimedia.com\/sl\/trgovina\/fiio-q3\/","title":{"rendered":"FiiO Q3"},"content":{"rendered":"<table border=\"1\" cellspacing=\"0\">\n<tbody>\n<tr>\n<td colspan=\"5\"><strong>Splo\u0161ne specifikacije<\/strong><\/td>\n<\/tr>\n<tr>\n<td>Ime\/Model<\/td>\n<td>Q3<\/td>\n<td>barva<\/td>\n<td colspan=\"2\">\u010crna<\/td>\n<\/tr>\n<tr>\n<td>Te\u017ea<\/td>\n<td>Pribli\u017eno 110 g (vklju\u010dno z baterijo)<\/td>\n<td>Dimenzije<\/td>\n<td colspan=\"2\">105 mm x 59 mm x 12,5 mm<\/td>\n<\/tr>\n<tr>\n<td>Avdio vhod<\/td>\n<td>Vrata Type-C USB\/3,5 mm<\/td>\n<td>Izhod za slu\u0161alke<\/td>\n<td colspan=\"2\">Standardna vrata 3,5 mm<\/td>\n<\/tr>\n<tr>\n<td>Uravnote\u017eena izhodna vrata<\/td>\n<td>2,5 mm uravnote\u017eeno + 4,4 mm uravnote\u017eeno<\/td>\n<td><\/td>\n<td colspan=\"2\"><\/td>\n<\/tr>\n<tr>\n<td rowspan=\"2\">Channel balance<\/td>\n<td rowspan=\"2\">\u22640,2 dB<\/td>\n<td rowspan=\"2\">Priporo\u010dena impedanca slu\u0161alk<\/td>\n<td colspan=\"2\">16\uff5e100\u03a9 (PO)<\/td>\n<\/tr>\n<tr>\n<td colspan=\"2\">16\uff5e300\u03a9 (BAL)<\/td>\n<\/tr>\n<tr>\n<td>Napajanje<\/td>\n<td>DC 5V 2A priporo\u010deno<\/td>\n<td>Kapaciteta baterije<\/td>\n<td colspan=\"2\">1800 mAh<\/td>\n<\/tr>\n<tr>\n<td rowspan=\"3\">\u010cas polnjenja<\/td>\n<td rowspan=\"3\">\u22642h<\/td>\n<td rowspan=\"3\">\u017divljenjska doba baterije<\/td>\n<td rowspan=\"2\">USB vhod<\/td>\n<td>PON: 10.00<\/td>\n<\/tr>\n<tr>\n<td>BAL: 8,5H<\/td>\n<\/tr>\n<tr>\n<td>AUX vhod<\/td>\n<td>\u017dOGA: 19H<\/td>\n<\/tr>\n<tr>\n<td>Podprt izvorni DSD<\/td>\n<td>DSD64\/128\/256\/512<\/td>\n<td rowspan=\"2\">Test slu\u0161alk<\/td>\n<td colspan=\"2\">PO+M3 u\u0161esni \u010depki (27\u03a9)<\/td>\n<\/tr>\n<tr>\n<td>maks. podprta stopnja vzor\u010denja<\/td>\n<td>768kHz\/32bit<\/td>\n<td colspan=\"2\">BAL+32\u03a9 u\u0161esni \u010depki<\/td>\n<\/tr>\n<tr>\n<td rowspan=\"2\">Uporabljeni \u010dipi<\/td>\n<td rowspan=\"2\">DAC: AKM4462; Modul oja\u010devalnika: THX_AAA28; LPF: OPA1662; XMOS: XUF208<\/td>\n<td>Testna prostornina<\/td>\n<td colspan=\"2\">40mV izhod<\/td>\n<\/tr>\n<tr>\n<td>Dodatki<\/td>\n<td colspan=\"2\">Dvojni naglavni kabel USB Type C, kabel Lightening to Type C, podatkovni kabel USB Type C, torba za shranjevanje, nedrse\u010da podloga, 3,5 mm linijski kabel, trak za zavezovanje, vodnik za hiter za\u010detek, garancijski list<\/td>\n<\/tr>\n<\/tbody>\n<\/table>\n<p><a href=\"https:\/\/www.fiio.com\/q3\" target=\"_blank\" rel=\"noopener\">Ostale informacije najdete na tej povezavi.<\/a><\/p>\n<p>&nbsp;<\/p>","protected":false},"excerpt":{"rendered":"<p>Oja\u010devalnik FiiO Q3 z uporabo u\u010dinkovitega AKM-jevega AK4462 VELVET SOUND DAC in XMOS XUF208 USB \u010dipa podpira dekodiranje do 768kHz\/32bit PCM in DSD512, s \u010dimer dose\u017ee izjemno zmogljivost za brezhiben zvok. S patentirano tehnologijo odpravljanja napak v realnem \u010dasu THX oja\u010devalniki AAA zagotavljajo nizko popa\u010denje, visoko mo\u010d in \u010dist, nepopa\u010den zvok, kar vam omogo\u010da, da brez truda do\u017eivite subtilne podrobnosti in dinami\u010dne spremembe v va\u0161i glasbi. FiiO Q3 je opremljen z ve\u010d priklju\u010dki za slu\u0161alke, vklju\u010dno s 4,4 mm\/2,5 mm uravnote\u017eenimi in 3,5 mm neuravnote\u017eenimi izhodi, kar vam omogo\u010da priklop razli\u010dnih vrst slu\u0161alk. Zdru\u017eljiv je z napravami Android in iOS, uporablja pretvornik Lightning v Type C za iOS ter podpira Windows in Mac. Prenosna baterija Q3 s 1800 mAh zagotavlja 10 ur delovanja baterije.<\/p>\n<p><a href=\"https:\/\/www.fiio.com\/q3\" target=\"_blank\" rel=\"noopener\">Ostale informacije najdete na tej povezavi.<\/a><\/p>\n<p>&nbsp;<\/p>","protected":false},"featured_media":4788,"template":"","meta":{"site-sidebar-layout":"default","site-content-layout":"default","ast-site-content-layout":"default","site-content-style":"default","site-sidebar-style":"default","ast-global-header-display":"","ast-banner-title-visibility":"","ast-main-header-display":"","ast-hfb-above-header-display":"","ast-hfb-below-header-display":"","ast-hfb-mobile-header-display":"","site-post-title":"","ast-breadcrumbs-content":"","ast-featured-img":"","footer-sml-layout":"","theme-transparent-header-meta":"default","adv-header-id-meta":"","stick-header-meta":"default","header-above-stick-meta":"","header-main-stick-meta":"","header-below-stick-meta":"","astra-migrate-meta-layouts":"set","ast-page-background-enabled":"default","ast-page-background-meta":{"desktop":{"background-color":"","background-image":"","background-repeat":"repeat","background-position":"center center","background-size":"auto","background-attachment":"scroll","background-type":"","background-media":"","overlay-type":"","overlay-color":"","overlay-opacity":"","overlay-gradient":""},"tablet":{"background-color":"","background-image":"","background-repeat":"repeat","background-position":"center center","background-size":"auto","background-attachment":"scroll","background-type":"","background-media":"","overlay-type":"","overlay-color":"","overlay-opacity":"","overlay-gradient":""},"mobile":{"background-color":"","background-image":"","background-repeat":"repeat","background-position":"center center","background-size":"auto","background-attachment":"scroll","background-type":"","background-media":"","overlay-type":"","overlay-color":"","overlay-opacity":"","overlay-gradient":""}},"ast-content-background-meta":{"desktop":{"background-color":"var(--ast-global-color-5)","background-image":"","background-repeat":"repeat","background-position":"center center","background-size":"auto","background-attachment":"scroll","background-type":"","background-media":"","overlay-type":"","overlay-color":"","overlay-opacity":"","overlay-gradient":""},"tablet":{"background-color":"var(--ast-global-color-5)","background-image":"","background-repeat":"repeat","background-position":"center center","background-size":"auto","background-attachment":"scroll","background-type":"","background-media":"","overlay-type":"","overlay-color":"","overlay-opacity":"","overlay-gradient":""},"mobile":{"background-color":"var(--ast-global-color-5)","background-image":"","background-repeat":"repeat","background-position":"center center","background-size":"auto","background-attachment":"scroll","background-type":"","background-media":"","overlay-type":"","overlay-color":"","overlay-opacity":"","overlay-gradient":""}}},"class_list":["post-4785","product","type-product","status-publish","has-post-thumbnail","hentry","product_cat-pojacala-smartphone","product_cat-fiio","product_tag-fiio","desktop-align-center","tablet-align-center","mobile-align-center","ast-product-gallery-layout-horizontal","ast-magnify-disabled","ast-product-tabs-layout-horizontal"],"yoast_head":"<!-- This site is optimized with the Yoast SEO plugin v21.4 - https:\/\/yoast.com\/wordpress\/plugins\/seo\/ -->\n<title>FiiO Q3 - hd-multimedia<\/title>\n<meta name=\"description\" content=\"FiiO Q3 poja\u010dalo, koriste\u0107i AKM-ov u\u010dinkovit AK4462 VELVET SOUND DAC i XMOS XUF208 USB \u010dip, podr\u017eava dekodiranje do 768kHz\/32bit PCM i DSD512.\" \/>\n<meta name=\"robots\" content=\"index, follow, max-snippet:-1, max-image-preview:large, max-video-preview:-1\" \/>\n<link rel=\"canonical\" href=\"https:\/\/hd-multimedia.com\/sl\/trgovina\/fiio-q3\/\" \/>\n<meta property=\"og:locale\" content=\"sl_SI\" \/>\n<meta property=\"og:type\" content=\"article\" \/>\n<meta property=\"og:title\" content=\"FiiO Q3 - hd-multimedia\" \/>\n<meta property=\"og:description\" content=\"FiiO Q3 poja\u010dalo, koriste\u0107i AKM-ov u\u010dinkovit AK4462 VELVET SOUND DAC i XMOS XUF208 USB \u010dip, podr\u017eava dekodiranje do 768kHz\/32bit PCM i DSD512.\" \/>\n<meta property=\"og:url\" content=\"https:\/\/hd-multimedia.com\/sl\/trgovina\/fiio-q3\/\" \/>\n<meta property=\"og:site_name\" content=\"hd-multimedia\" \/>\n<meta property=\"article:modified_time\" content=\"2025-04-30T10:48:50+00:00\" \/>\n<meta property=\"og:image\" content=\"https:\/\/hd-multimedia.com\/hdm_media\/3310338-e1607080150819.jpg\" \/>\n\t<meta property=\"og:image:width\" content=\"699\" \/>\n\t<meta property=\"og:image:height\" content=\"699\" \/>\n\t<meta property=\"og:image:type\" content=\"image\/jpeg\" \/>\n<meta name=\"twitter:card\" content=\"summary_large_image\" \/>\n<meta name=\"twitter:label1\" content=\"Est. reading time\" \/>\n\t<meta name=\"twitter:data1\" content=\"1 minuta\" \/>\n<script type=\"application\/ld+json\" class=\"yoast-schema-graph\">{\"@context\":\"https:\/\/schema.org\",\"@graph\":[{\"@type\":\"WebPage\",\"@id\":\"https:\/\/hd-multimedia.com\/trgovina\/fiio-q3\/\",\"url\":\"https:\/\/hd-multimedia.com\/trgovina\/fiio-q3\/\",\"name\":\"FiiO Q3 - hd-multimedia\",\"isPartOf\":{\"@id\":\"https:\/\/hd-multimedia.com\/#website\"},\"datePublished\":\"2020-11-13T12:02:56+00:00\",\"dateModified\":\"2025-04-30T10:48:50+00:00\",\"description\":\"FiiO Q3 poja\u010dalo, koriste\u0107i AKM-ov u\u010dinkovit AK4462 VELVET SOUND DAC i XMOS XUF208 USB \u010dip, podr\u017eava dekodiranje do 768kHz\/32bit PCM i DSD512.\",\"breadcrumb\":{\"@id\":\"https:\/\/hd-multimedia.com\/trgovina\/fiio-q3\/#breadcrumb\"},\"inLanguage\":\"sl-SI\",\"potentialAction\":[{\"@type\":\"ReadAction\",\"target\":[\"https:\/\/hd-multimedia.com\/trgovina\/fiio-q3\/\"]}]},{\"@type\":\"BreadcrumbList\",\"@id\":\"https:\/\/hd-multimedia.com\/trgovina\/fiio-q3\/#breadcrumb\",\"itemListElement\":[{\"@type\":\"ListItem\",\"position\":1,\"name\":\"Po\u010detna stranica\",\"item\":\"https:\/\/hd-multimedia.com\/\"},{\"@type\":\"ListItem\",\"position\":2,\"name\":\"Trgovina\",\"item\":\"https:\/\/hd-multimedia.com\/trgovina\/\"},{\"@type\":\"ListItem\",\"position\":3,\"name\":\"FiiO Q3\"}]},{\"@type\":\"WebSite\",\"@id\":\"https:\/\/hd-multimedia.com\/#website\",\"url\":\"https:\/\/hd-multimedia.com\/\",\"name\":\"hd-multimedia\",\"description\":\"\",\"publisher\":{\"@id\":\"https:\/\/hd-multimedia.com\/#organization\"},\"potentialAction\":[{\"@type\":\"SearchAction\",\"target\":{\"@type\":\"EntryPoint\",\"urlTemplate\":\"https:\/\/hd-multimedia.com\/?s={search_term_string}\"},\"query-input\":\"required name=search_term_string\"}],\"inLanguage\":\"sl-SI\"},{\"@type\":\"Organization\",\"@id\":\"https:\/\/hd-multimedia.com\/#organization\",\"name\":\"hd-multimedia\",\"url\":\"https:\/\/hd-multimedia.com\/\",\"logo\":{\"@type\":\"ImageObject\",\"inLanguage\":\"sl-SI\",\"@id\":\"https:\/\/hd-multimedia.com\/#\/schema\/logo\/image\/\",\"url\":\"https:\/\/hd-multimedia.com\/hdm_media\/HD-curves-ok-196-56px-alpha-1.png\",\"contentUrl\":\"https:\/\/hd-multimedia.com\/hdm_media\/HD-curves-ok-196-56px-alpha-1.png\",\"width\":196,\"height\":53,\"caption\":\"hd-multimedia\"},\"image\":{\"@id\":\"https:\/\/hd-multimedia.com\/#\/schema\/logo\/image\/\"}}]}<\/script>\n<!-- \/ Yoast SEO plugin. -->","yoast_head_json":{"title":"FiiO Q3 - hd-multimedia","description":"FiiO Q3 poja\u010dalo, koriste\u0107i AKM-ov u\u010dinkovit AK4462 VELVET SOUND DAC i XMOS XUF208 USB \u010dip, podr\u017eava dekodiranje do 768kHz\/32bit PCM i DSD512.","robots":{"index":"index","follow":"follow","max-snippet":"max-snippet:-1","max-image-preview":"max-image-preview:large","max-video-preview":"max-video-preview:-1"},"canonical":"https:\/\/hd-multimedia.com\/sl\/trgovina\/fiio-q3\/","og_locale":"sl_SI","og_type":"article","og_title":"FiiO Q3 - hd-multimedia","og_description":"FiiO Q3 poja\u010dalo, koriste\u0107i AKM-ov u\u010dinkovit AK4462 VELVET SOUND DAC i XMOS XUF208 USB \u010dip, podr\u017eava dekodiranje do 768kHz\/32bit PCM i DSD512.","og_url":"https:\/\/hd-multimedia.com\/sl\/trgovina\/fiio-q3\/","og_site_name":"hd-multimedia","article_modified_time":"2025-04-30T10:48:50+00:00","og_image":[{"width":699,"height":699,"url":"https:\/\/hd-multimedia.com\/hdm_media\/3310338-e1607080150819.jpg","type":"image\/jpeg"}],"twitter_card":"summary_large_image","twitter_misc":{"Est. reading time":"1 minuta"},"schema":{"@context":"https:\/\/schema.org","@graph":[{"@type":"WebPage","@id":"https:\/\/hd-multimedia.com\/trgovina\/fiio-q3\/","url":"https:\/\/hd-multimedia.com\/trgovina\/fiio-q3\/","name":"FiiO Q3 - hd-multimedia","isPartOf":{"@id":"https:\/\/hd-multimedia.com\/#website"},"datePublished":"2020-11-13T12:02:56+00:00","dateModified":"2025-04-30T10:48:50+00:00","description":"FiiO Q3 poja\u010dalo, koriste\u0107i AKM-ov u\u010dinkovit AK4462 VELVET SOUND DAC i XMOS XUF208 USB \u010dip, podr\u017eava dekodiranje do 768kHz\/32bit PCM i DSD512.","breadcrumb":{"@id":"https:\/\/hd-multimedia.com\/trgovina\/fiio-q3\/#breadcrumb"},"inLanguage":"sl-SI","potentialAction":[{"@type":"ReadAction","target":["https:\/\/hd-multimedia.com\/trgovina\/fiio-q3\/"]}]},{"@type":"BreadcrumbList","@id":"https:\/\/hd-multimedia.com\/trgovina\/fiio-q3\/#breadcrumb","itemListElement":[{"@type":"ListItem","position":1,"name":"Po\u010detna stranica","item":"https:\/\/hd-multimedia.com\/"},{"@type":"ListItem","position":2,"name":"Trgovina","item":"https:\/\/hd-multimedia.com\/trgovina\/"},{"@type":"ListItem","position":3,"name":"FiiO Q3"}]},{"@type":"WebSite","@id":"https:\/\/hd-multimedia.com\/#website","url":"https:\/\/hd-multimedia.com\/","name":"hd-multimedia","description":"","publisher":{"@id":"https:\/\/hd-multimedia.com\/#organization"},"potentialAction":[{"@type":"SearchAction","target":{"@type":"EntryPoint","urlTemplate":"https:\/\/hd-multimedia.com\/?s={search_term_string}"},"query-input":"required name=search_term_string"}],"inLanguage":"sl-SI"},{"@type":"Organization","@id":"https:\/\/hd-multimedia.com\/#organization","name":"hd-multimedia","url":"https:\/\/hd-multimedia.com\/","logo":{"@type":"ImageObject","inLanguage":"sl-SI","@id":"https:\/\/hd-multimedia.com\/#\/schema\/logo\/image\/","url":"https:\/\/hd-multimedia.com\/hdm_media\/HD-curves-ok-196-56px-alpha-1.png","contentUrl":"https:\/\/hd-multimedia.com\/hdm_media\/HD-curves-ok-196-56px-alpha-1.png","width":196,"height":53,"caption":"hd-multimedia"},"image":{"@id":"https:\/\/hd-multimedia.com\/#\/schema\/logo\/image\/"}}]}},"post_mailing_queue_ids":[],"_links":{"self":[{"href":"https:\/\/hd-multimedia.com\/sl\/wp-json\/wp\/v2\/product\/4785","targetHints":{"allow":["GET"]}}],"collection":[{"href":"https:\/\/hd-multimedia.com\/sl\/wp-json\/wp\/v2\/product"}],"about":[{"href":"https:\/\/hd-multimedia.com\/sl\/wp-json\/wp\/v2\/types\/product"}],"version-history":[{"count":3,"href":"https:\/\/hd-multimedia.com\/sl\/wp-json\/wp\/v2\/product\/4785\/revisions"}],"predecessor-version":[{"id":15626,"href":"https:\/\/hd-multimedia.com\/sl\/wp-json\/wp\/v2\/product\/4785\/revisions\/15626"}],"wp:featuredmedia":[{"embeddable":true,"href":"https:\/\/hd-multimedia.com\/sl\/wp-json\/wp\/v2\/media\/4788"}],"wp:attachment":[{"href":"https:\/\/hd-multimedia.com\/sl\/wp-json\/wp\/v2\/media?parent=4785"}],"curies":[{"name":"wp","href":"https:\/\/api.w.org\/{rel}","templated":true}]}}