{"id":4516,"date":"2020-11-08T14:19:41","date_gmt":"2020-11-08T14:19:41","guid":{"rendered":"https:\/\/hd-multimedia.com\/?post_type=product&#038;p=4516"},"modified":"2026-04-09T08:34:40","modified_gmt":"2026-04-09T08:34:40","slug":"topping-l30","status":"publish","type":"product","link":"https:\/\/hd-multimedia.com\/sl\/trgovina\/topping-l30\/","title":{"rendered":"Topping L30 (2012)"},"content":{"rendered":"<p>Z izhodno stopnjo 26 Vp-p, mo\u010djo 2x 3500 mW in izhodno impedanco manj kot 0,1 ohma se L30 brez te\u017eav prilagodi vsem vrstam slu\u0161alk. L30 bo enako dobro deloval s slu\u0161alkami z visoko impedanco, ki zahtevajo visoko vhodno mo\u010d, kot tudi z u\u0161esnimi slu\u0161alkami z zelo visoko ob\u010dutljivostjo.<\/p>\n<p>Topping L30 \u2013 oja\u010devalnik za slu\u0161alke (6 mm, neuravnote\u017een) in funkcija predoja\u010devalca (RCA vhod \u2013 RCA izhod). Verzija s serijskimi \u0161tevilkami od 2012 naprej.<\/p>\n<p><a href=\"https:\/\/www.tpdz.net\/productinfo\/511207.html\" target=\"_blank\" rel=\"noopener\">Ostale informacije najdete na tej povezavi.<\/a><\/p>\n<p>&nbsp;<\/p>","protected":false},"excerpt":{"rendered":"<p>Topping L30 oja\u010devalnik za slu\u0161alke, ki slu\u017ei tudi kot predoja\u010devalnik, ponuja kompaktnost, cenovno dostopnost in impresivno mo\u010d. Z uporabo modulov NFCA, podobnih Toppingovemu vrhunskemu modelu A90, zagotavlja izjemno natan\u010dnost, bogastvo in dinamiko pri reprodukciji zvoka. Z ultra nizkim \u0161umom in visokim dinami\u010dnim razponom se prilagaja \u0161irokemu naboru slu\u0161alk in brezhibno deluje kot predoja\u010devalnik z nizko izhodno impedanco.<\/p>\n<p><a href=\"https:\/\/www.tpdz.net\/productinfo\/511207.html\" target=\"_blank\" rel=\"noopener\">Ostale informacije najdete na tej povezavi.<\/a><\/p>\n<p>&nbsp;<\/p>","protected":false},"featured_media":4517,"template":"","meta":{"site-sidebar-layout":"default","site-content-layout":"default","ast-site-content-layout":"default","site-content-style":"default","site-sidebar-style":"default","ast-global-header-display":"","ast-banner-title-visibility":"","ast-main-header-display":"","ast-hfb-above-header-display":"","ast-hfb-below-header-display":"","ast-hfb-mobile-header-display":"","site-post-title":"","ast-breadcrumbs-content":"","ast-featured-img":"","footer-sml-layout":"","theme-transparent-header-meta":"default","adv-header-id-meta":"","stick-header-meta":"default","header-above-stick-meta":"","header-main-stick-meta":"","header-below-stick-meta":"","astra-migrate-meta-layouts":"set","ast-page-background-enabled":"default","ast-page-background-meta":{"desktop":{"background-color":"","background-image":"","background-repeat":"repeat","background-position":"center center","background-size":"auto","background-attachment":"scroll","background-type":"","background-media":"","overlay-type":"","overlay-color":"","overlay-opacity":"","overlay-gradient":""},"tablet":{"background-color":"","background-image":"","background-repeat":"repeat","background-position":"center center","background-size":"auto","background-attachment":"scroll","background-type":"","background-media":"","overlay-type":"","overlay-color":"","overlay-opacity":"","overlay-gradient":""},"mobile":{"background-color":"","background-image":"","background-repeat":"repeat","background-position":"center center","background-size":"auto","background-attachment":"scroll","background-type":"","background-media":"","overlay-type":"","overlay-color":"","overlay-opacity":"","overlay-gradient":""}},"ast-content-background-meta":{"desktop":{"background-color":"var(--ast-global-color-5)","background-image":"","background-repeat":"repeat","background-position":"center center","background-size":"auto","background-attachment":"scroll","background-type":"","background-media":"","overlay-type":"","overlay-color":"","overlay-opacity":"","overlay-gradient":""},"tablet":{"background-color":"var(--ast-global-color-5)","background-image":"","background-repeat":"repeat","background-position":"center center","background-size":"auto","background-attachment":"scroll","background-type":"","background-media":"","overlay-type":"","overlay-color":"","overlay-opacity":"","overlay-gradient":""},"mobile":{"background-color":"var(--ast-global-color-5)","background-image":"","background-repeat":"repeat","background-position":"center center","background-size":"auto","background-attachment":"scroll","background-type":"","background-media":"","overlay-type":"","overlay-color":"","overlay-opacity":"","overlay-gradient":""}}},"class_list":["post-4516","product","type-product","status-publish","has-post-thumbnail","hentry","product_cat-pojacala-za-slusalice","product_cat-topping","desktop-align-center","tablet-align-center","mobile-align-center","ast-product-gallery-layout-horizontal","ast-magnify-disabled","ast-product-single-variable","ast-product-tabs-layout-horizontal"],"yoast_head":"<!-- This site is optimized with the Yoast SEO plugin v21.4 - https:\/\/yoast.com\/wordpress\/plugins\/seo\/ -->\n<title>Topping L30 (2012) - hd-multimedia<\/title>\n<meta name=\"description\" content=\"Topping L30 poja\u010dalo za slu\u0161alice, koje tako\u0111er slu\u017ei kao pretpoja\u010dalo, nudi kompaktnost, pristupa\u010dnost i impresivnu snagu.\" \/>\n<meta name=\"robots\" content=\"index, follow, max-snippet:-1, max-image-preview:large, max-video-preview:-1\" \/>\n<link rel=\"canonical\" href=\"https:\/\/hd-multimedia.com\/sl\/trgovina\/topping-l30\/\" \/>\n<meta property=\"og:locale\" content=\"sl_SI\" \/>\n<meta property=\"og:type\" content=\"article\" \/>\n<meta property=\"og:title\" content=\"Topping L30 (2012) - hd-multimedia\" \/>\n<meta property=\"og:description\" content=\"Topping L30 poja\u010dalo za slu\u0161alice, koje tako\u0111er slu\u017ei kao pretpoja\u010dalo, nudi kompaktnost, pristupa\u010dnost i impresivnu snagu.\" \/>\n<meta property=\"og:url\" content=\"https:\/\/hd-multimedia.com\/sl\/trgovina\/topping-l30\/\" \/>\n<meta property=\"og:site_name\" content=\"hd-multimedia\" \/>\n<meta property=\"article:modified_time\" content=\"2026-04-09T08:34:40+00:00\" \/>\n<meta property=\"og:image\" content=\"https:\/\/hd-multimedia.com\/hdm_media\/l30-3224695.jpg\" \/>\n\t<meta property=\"og:image:width\" content=\"480\" \/>\n\t<meta property=\"og:image:height\" content=\"480\" \/>\n\t<meta property=\"og:image:type\" content=\"image\/jpeg\" \/>\n<meta name=\"twitter:card\" content=\"summary_large_image\" \/>\n<meta name=\"twitter:label1\" content=\"Est. reading time\" \/>\n\t<meta name=\"twitter:data1\" content=\"1 minuta\" \/>\n<script type=\"application\/ld+json\" class=\"yoast-schema-graph\">{\"@context\":\"https:\/\/schema.org\",\"@graph\":[{\"@type\":\"WebPage\",\"@id\":\"https:\/\/hd-multimedia.com\/trgovina\/topping-l30\/\",\"url\":\"https:\/\/hd-multimedia.com\/trgovina\/topping-l30\/\",\"name\":\"Topping L30 (2012) - hd-multimedia\",\"isPartOf\":{\"@id\":\"https:\/\/hd-multimedia.com\/#website\"},\"datePublished\":\"2020-11-08T14:19:41+00:00\",\"dateModified\":\"2026-04-09T08:34:40+00:00\",\"description\":\"Topping L30 poja\u010dalo za slu\u0161alice, koje tako\u0111er slu\u017ei kao pretpoja\u010dalo, nudi kompaktnost, pristupa\u010dnost i impresivnu snagu.\",\"breadcrumb\":{\"@id\":\"https:\/\/hd-multimedia.com\/trgovina\/topping-l30\/#breadcrumb\"},\"inLanguage\":\"sl-SI\",\"potentialAction\":[{\"@type\":\"ReadAction\",\"target\":[\"https:\/\/hd-multimedia.com\/trgovina\/topping-l30\/\"]}]},{\"@type\":\"BreadcrumbList\",\"@id\":\"https:\/\/hd-multimedia.com\/trgovina\/topping-l30\/#breadcrumb\",\"itemListElement\":[{\"@type\":\"ListItem\",\"position\":1,\"name\":\"Po\u010detna stranica\",\"item\":\"https:\/\/hd-multimedia.com\/\"},{\"@type\":\"ListItem\",\"position\":2,\"name\":\"Trgovina\",\"item\":\"https:\/\/hd-multimedia.com\/trgovina\/\"},{\"@type\":\"ListItem\",\"position\":3,\"name\":\"Topping L30 (2012)\"}]},{\"@type\":\"WebSite\",\"@id\":\"https:\/\/hd-multimedia.com\/#website\",\"url\":\"https:\/\/hd-multimedia.com\/\",\"name\":\"hd-multimedia\",\"description\":\"\",\"publisher\":{\"@id\":\"https:\/\/hd-multimedia.com\/#organization\"},\"potentialAction\":[{\"@type\":\"SearchAction\",\"target\":{\"@type\":\"EntryPoint\",\"urlTemplate\":\"https:\/\/hd-multimedia.com\/?s={search_term_string}\"},\"query-input\":\"required name=search_term_string\"}],\"inLanguage\":\"sl-SI\"},{\"@type\":\"Organization\",\"@id\":\"https:\/\/hd-multimedia.com\/#organization\",\"name\":\"hd-multimedia\",\"url\":\"https:\/\/hd-multimedia.com\/\",\"logo\":{\"@type\":\"ImageObject\",\"inLanguage\":\"sl-SI\",\"@id\":\"https:\/\/hd-multimedia.com\/#\/schema\/logo\/image\/\",\"url\":\"https:\/\/hd-multimedia.com\/hdm_media\/HD-curves-ok-196-56px-alpha-1.png\",\"contentUrl\":\"https:\/\/hd-multimedia.com\/hdm_media\/HD-curves-ok-196-56px-alpha-1.png\",\"width\":196,\"height\":53,\"caption\":\"hd-multimedia\"},\"image\":{\"@id\":\"https:\/\/hd-multimedia.com\/#\/schema\/logo\/image\/\"}}]}<\/script>\n<!-- \/ Yoast SEO plugin. -->","yoast_head_json":{"title":"Topping L30 (2012) - hd-multimedia","description":"Topping L30 poja\u010dalo za slu\u0161alice, koje tako\u0111er slu\u017ei kao pretpoja\u010dalo, nudi kompaktnost, pristupa\u010dnost i impresivnu snagu.","robots":{"index":"index","follow":"follow","max-snippet":"max-snippet:-1","max-image-preview":"max-image-preview:large","max-video-preview":"max-video-preview:-1"},"canonical":"https:\/\/hd-multimedia.com\/sl\/trgovina\/topping-l30\/","og_locale":"sl_SI","og_type":"article","og_title":"Topping L30 (2012) - hd-multimedia","og_description":"Topping L30 poja\u010dalo za slu\u0161alice, koje tako\u0111er slu\u017ei kao pretpoja\u010dalo, nudi kompaktnost, pristupa\u010dnost i impresivnu snagu.","og_url":"https:\/\/hd-multimedia.com\/sl\/trgovina\/topping-l30\/","og_site_name":"hd-multimedia","article_modified_time":"2026-04-09T08:34:40+00:00","og_image":[{"width":480,"height":480,"url":"https:\/\/hd-multimedia.com\/hdm_media\/l30-3224695.jpg","type":"image\/jpeg"}],"twitter_card":"summary_large_image","twitter_misc":{"Est. reading time":"1 minuta"},"schema":{"@context":"https:\/\/schema.org","@graph":[{"@type":"WebPage","@id":"https:\/\/hd-multimedia.com\/trgovina\/topping-l30\/","url":"https:\/\/hd-multimedia.com\/trgovina\/topping-l30\/","name":"Topping L30 (2012) - hd-multimedia","isPartOf":{"@id":"https:\/\/hd-multimedia.com\/#website"},"datePublished":"2020-11-08T14:19:41+00:00","dateModified":"2026-04-09T08:34:40+00:00","description":"Topping L30 poja\u010dalo za slu\u0161alice, koje tako\u0111er slu\u017ei kao pretpoja\u010dalo, nudi kompaktnost, pristupa\u010dnost i impresivnu snagu.","breadcrumb":{"@id":"https:\/\/hd-multimedia.com\/trgovina\/topping-l30\/#breadcrumb"},"inLanguage":"sl-SI","potentialAction":[{"@type":"ReadAction","target":["https:\/\/hd-multimedia.com\/trgovina\/topping-l30\/"]}]},{"@type":"BreadcrumbList","@id":"https:\/\/hd-multimedia.com\/trgovina\/topping-l30\/#breadcrumb","itemListElement":[{"@type":"ListItem","position":1,"name":"Po\u010detna stranica","item":"https:\/\/hd-multimedia.com\/"},{"@type":"ListItem","position":2,"name":"Trgovina","item":"https:\/\/hd-multimedia.com\/trgovina\/"},{"@type":"ListItem","position":3,"name":"Topping L30 (2012)"}]},{"@type":"WebSite","@id":"https:\/\/hd-multimedia.com\/#website","url":"https:\/\/hd-multimedia.com\/","name":"hd-multimedia","description":"","publisher":{"@id":"https:\/\/hd-multimedia.com\/#organization"},"potentialAction":[{"@type":"SearchAction","target":{"@type":"EntryPoint","urlTemplate":"https:\/\/hd-multimedia.com\/?s={search_term_string}"},"query-input":"required name=search_term_string"}],"inLanguage":"sl-SI"},{"@type":"Organization","@id":"https:\/\/hd-multimedia.com\/#organization","name":"hd-multimedia","url":"https:\/\/hd-multimedia.com\/","logo":{"@type":"ImageObject","inLanguage":"sl-SI","@id":"https:\/\/hd-multimedia.com\/#\/schema\/logo\/image\/","url":"https:\/\/hd-multimedia.com\/hdm_media\/HD-curves-ok-196-56px-alpha-1.png","contentUrl":"https:\/\/hd-multimedia.com\/hdm_media\/HD-curves-ok-196-56px-alpha-1.png","width":196,"height":53,"caption":"hd-multimedia"},"image":{"@id":"https:\/\/hd-multimedia.com\/#\/schema\/logo\/image\/"}}]}},"post_mailing_queue_ids":[],"_links":{"self":[{"href":"https:\/\/hd-multimedia.com\/sl\/wp-json\/wp\/v2\/product\/4516","targetHints":{"allow":["GET"]}}],"collection":[{"href":"https:\/\/hd-multimedia.com\/sl\/wp-json\/wp\/v2\/product"}],"about":[{"href":"https:\/\/hd-multimedia.com\/sl\/wp-json\/wp\/v2\/types\/product"}],"version-history":[{"count":7,"href":"https:\/\/hd-multimedia.com\/sl\/wp-json\/wp\/v2\/product\/4516\/revisions"}],"predecessor-version":[{"id":15182,"href":"https:\/\/hd-multimedia.com\/sl\/wp-json\/wp\/v2\/product\/4516\/revisions\/15182"}],"wp:featuredmedia":[{"embeddable":true,"href":"https:\/\/hd-multimedia.com\/sl\/wp-json\/wp\/v2\/media\/4517"}],"wp:attachment":[{"href":"https:\/\/hd-multimedia.com\/sl\/wp-json\/wp\/v2\/media?parent=4516"}],"curies":[{"name":"wp","href":"https:\/\/api.w.org\/{rel}","templated":true}]}}