{"id":4413,"date":"2020-11-06T20:15:14","date_gmt":"2020-11-06T20:15:14","guid":{"rendered":"https:\/\/hd-multimedia.com\/?post_type=product&#038;p=4413"},"modified":"2026-02-11T14:55:52","modified_gmt":"2026-02-11T14:55:52","slug":"edifier-h850","status":"publish","type":"product","link":"https:\/\/hd-multimedia.com\/sl\/trgovina\/edifier-h850\/","title":{"rendered":"Edifier H850"},"content":{"rendered":"<p>Slu\u0161alke Edifier H850. Visoka kakovost. Zelo udobne, ergonomske zlo\u017eljive slu\u0161alke za stalno profesionalno uporabo. Uglasil Phil Jones, glavni oblikovalec zvo\u010dnikov Edifier, ustanovitelj podjetja Acoustic Energy, Phil Jones Pure Sound.<\/p>\n<p>Specifikacije Edifier H850:<br \/>\nImpedanca 32 ohmov.<br \/>\nPogon: 40 mm z neodimskimi magneti<br \/>\nNajve\u010dja mo\u010d: 50 mW<br \/>\nAkusti\u010dna mo\u010d: 96 dB<br \/>\nTe\u017ea: 170 gramov<br \/>\nFrekven\u010dni razpon: 20Hz \u2013 20kHz<br \/>\nKabel: dol\u017eina 2,0 m, snemljiv.<br \/>\n3,5 mm priklju\u010dek<\/p>","protected":false},"excerpt":{"rendered":"<p>Ustanovitelj Acoustic Energy Phil Jones je osebno uglasil slu\u0161alke H850, da zagotavljajo \u010dist in jasen zvo\u010dni podpis. Te ergonomske slu\u0161alke Edifier H850 predstavljajo vrhunec kakovosti zvoka, saj ponujajo eleganten dizajn in udobje s kakovostno peno in usnjenimi u\u0161esnimi blazinicami. Snemljiv 3,5 mm kabel doda udobje, paket pa vklju\u010duje same slu\u0161alke in prilo\u017eeni kabel. Kot bonus je prilo\u017een tudi 1\/4-pal\u010dni priklju\u010dek za glasbenike, da natan\u010dno spremljajo svoje nastope. Slu\u0161alke H850 zdru\u017eujejo stil, udobje in funkcionalnost za izjemno zvo\u010dno izku\u0161njo.<\/p>","protected":false},"featured_media":14916,"template":"","meta":{"site-sidebar-layout":"default","site-content-layout":"default","ast-site-content-layout":"default","site-content-style":"default","site-sidebar-style":"default","ast-global-header-display":"","ast-banner-title-visibility":"","ast-main-header-display":"","ast-hfb-above-header-display":"","ast-hfb-below-header-display":"","ast-hfb-mobile-header-display":"","site-post-title":"","ast-breadcrumbs-content":"","ast-featured-img":"","footer-sml-layout":"","theme-transparent-header-meta":"default","adv-header-id-meta":"","stick-header-meta":"default","header-above-stick-meta":"","header-main-stick-meta":"","header-below-stick-meta":"","astra-migrate-meta-layouts":"set","ast-page-background-enabled":"default","ast-page-background-meta":{"desktop":{"background-color":"","background-image":"","background-repeat":"repeat","background-position":"center center","background-size":"auto","background-attachment":"scroll","background-type":"","background-media":"","overlay-type":"","overlay-color":"","overlay-opacity":"","overlay-gradient":""},"tablet":{"background-color":"","background-image":"","background-repeat":"repeat","background-position":"center center","background-size":"auto","background-attachment":"scroll","background-type":"","background-media":"","overlay-type":"","overlay-color":"","overlay-opacity":"","overlay-gradient":""},"mobile":{"background-color":"","background-image":"","background-repeat":"repeat","background-position":"center center","background-size":"auto","background-attachment":"scroll","background-type":"","background-media":"","overlay-type":"","overlay-color":"","overlay-opacity":"","overlay-gradient":""}},"ast-content-background-meta":{"desktop":{"background-color":"var(--ast-global-color-5)","background-image":"","background-repeat":"repeat","background-position":"center center","background-size":"auto","background-attachment":"scroll","background-type":"","background-media":"","overlay-type":"","overlay-color":"","overlay-opacity":"","overlay-gradient":""},"tablet":{"background-color":"var(--ast-global-color-5)","background-image":"","background-repeat":"repeat","background-position":"center center","background-size":"auto","background-attachment":"scroll","background-type":"","background-media":"","overlay-type":"","overlay-color":"","overlay-opacity":"","overlay-gradient":""},"mobile":{"background-color":"var(--ast-global-color-5)","background-image":"","background-repeat":"repeat","background-position":"center center","background-size":"auto","background-attachment":"scroll","background-type":"","background-media":"","overlay-type":"","overlay-color":"","overlay-opacity":"","overlay-gradient":""}}},"class_list":["post-4413","product","type-product","status-publish","has-post-thumbnail","hentry","product_cat-naglavne-slusalice","product_cat-edifier","product_tag-pokloni-za-bozic","desktop-align-center","tablet-align-center","mobile-align-center","ast-product-gallery-layout-horizontal","ast-magnify-disabled","ast-product-tabs-layout-horizontal"],"yoast_head":"<!-- This site is optimized with the Yoast SEO plugin v21.4 - https:\/\/yoast.com\/wordpress\/plugins\/seo\/ -->\n<title>Edifier H850 - hd-multimedia<\/title>\n<meta name=\"description\" content=\"Ove ergonomske slu\u0161alice Edifier H850 predstavljaju vrhunac audio kvalitete, nude\u0107i elegantan dizajn i udobnost s kvalitetnim umetkom od spu\u017eve.\" \/>\n<meta name=\"robots\" content=\"index, follow, max-snippet:-1, max-image-preview:large, max-video-preview:-1\" \/>\n<link rel=\"canonical\" href=\"https:\/\/hd-multimedia.com\/sl\/trgovina\/edifier-h850\/\" \/>\n<meta property=\"og:locale\" content=\"sl_SI\" \/>\n<meta property=\"og:type\" content=\"article\" \/>\n<meta property=\"og:title\" content=\"Edifier H850 - hd-multimedia\" \/>\n<meta property=\"og:description\" content=\"Ove ergonomske slu\u0161alice Edifier H850 predstavljaju vrhunac audio kvalitete, nude\u0107i elegantan dizajn i udobnost s kvalitetnim umetkom od spu\u017eve.\" \/>\n<meta property=\"og:url\" content=\"https:\/\/hd-multimedia.com\/sl\/trgovina\/edifier-h850\/\" \/>\n<meta property=\"og:site_name\" content=\"hd-multimedia\" \/>\n<meta property=\"article:modified_time\" content=\"2026-02-11T14:55:52+00:00\" \/>\n<meta property=\"og:image\" content=\"https:\/\/hd-multimedia.com\/hdm_media\/Edifier-H850.jpg\" \/>\n\t<meta property=\"og:image:width\" content=\"1024\" \/>\n\t<meta property=\"og:image:height\" content=\"1024\" \/>\n\t<meta property=\"og:image:type\" content=\"image\/jpeg\" \/>\n<meta name=\"twitter:card\" content=\"summary_large_image\" \/>\n<meta name=\"twitter:label1\" content=\"Est. reading time\" \/>\n\t<meta name=\"twitter:data1\" content=\"1 minuta\" \/>\n<script type=\"application\/ld+json\" class=\"yoast-schema-graph\">{\"@context\":\"https:\/\/schema.org\",\"@graph\":[{\"@type\":\"WebPage\",\"@id\":\"https:\/\/hd-multimedia.com\/trgovina\/edifier-h850\/\",\"url\":\"https:\/\/hd-multimedia.com\/trgovina\/edifier-h850\/\",\"name\":\"Edifier H850 - hd-multimedia\",\"isPartOf\":{\"@id\":\"https:\/\/hd-multimedia.com\/#website\"},\"datePublished\":\"2020-11-06T20:15:14+00:00\",\"dateModified\":\"2026-02-11T14:55:52+00:00\",\"description\":\"Ove ergonomske slu\u0161alice Edifier H850 predstavljaju vrhunac audio kvalitete, nude\u0107i elegantan dizajn i udobnost s kvalitetnim umetkom od spu\u017eve.\",\"breadcrumb\":{\"@id\":\"https:\/\/hd-multimedia.com\/trgovina\/edifier-h850\/#breadcrumb\"},\"inLanguage\":\"sl-SI\",\"potentialAction\":[{\"@type\":\"ReadAction\",\"target\":[\"https:\/\/hd-multimedia.com\/trgovina\/edifier-h850\/\"]}]},{\"@type\":\"BreadcrumbList\",\"@id\":\"https:\/\/hd-multimedia.com\/trgovina\/edifier-h850\/#breadcrumb\",\"itemListElement\":[{\"@type\":\"ListItem\",\"position\":1,\"name\":\"Po\u010detna stranica\",\"item\":\"https:\/\/hd-multimedia.com\/\"},{\"@type\":\"ListItem\",\"position\":2,\"name\":\"Trgovina\",\"item\":\"https:\/\/hd-multimedia.com\/trgovina\/\"},{\"@type\":\"ListItem\",\"position\":3,\"name\":\"Edifier H850\"}]},{\"@type\":\"WebSite\",\"@id\":\"https:\/\/hd-multimedia.com\/#website\",\"url\":\"https:\/\/hd-multimedia.com\/\",\"name\":\"hd-multimedia\",\"description\":\"\",\"publisher\":{\"@id\":\"https:\/\/hd-multimedia.com\/#organization\"},\"potentialAction\":[{\"@type\":\"SearchAction\",\"target\":{\"@type\":\"EntryPoint\",\"urlTemplate\":\"https:\/\/hd-multimedia.com\/?s={search_term_string}\"},\"query-input\":\"required name=search_term_string\"}],\"inLanguage\":\"sl-SI\"},{\"@type\":\"Organization\",\"@id\":\"https:\/\/hd-multimedia.com\/#organization\",\"name\":\"hd-multimedia\",\"url\":\"https:\/\/hd-multimedia.com\/\",\"logo\":{\"@type\":\"ImageObject\",\"inLanguage\":\"sl-SI\",\"@id\":\"https:\/\/hd-multimedia.com\/#\/schema\/logo\/image\/\",\"url\":\"https:\/\/hd-multimedia.com\/hdm_media\/HD-curves-ok-196-56px-alpha-1.png\",\"contentUrl\":\"https:\/\/hd-multimedia.com\/hdm_media\/HD-curves-ok-196-56px-alpha-1.png\",\"width\":196,\"height\":53,\"caption\":\"hd-multimedia\"},\"image\":{\"@id\":\"https:\/\/hd-multimedia.com\/#\/schema\/logo\/image\/\"}}]}<\/script>\n<!-- \/ Yoast SEO plugin. -->","yoast_head_json":{"title":"Edifier H850 - hd-multimedia","description":"Ove ergonomske slu\u0161alice Edifier H850 predstavljaju vrhunac audio kvalitete, nude\u0107i elegantan dizajn i udobnost s kvalitetnim umetkom od spu\u017eve.","robots":{"index":"index","follow":"follow","max-snippet":"max-snippet:-1","max-image-preview":"max-image-preview:large","max-video-preview":"max-video-preview:-1"},"canonical":"https:\/\/hd-multimedia.com\/sl\/trgovina\/edifier-h850\/","og_locale":"sl_SI","og_type":"article","og_title":"Edifier H850 - hd-multimedia","og_description":"Ove ergonomske slu\u0161alice Edifier H850 predstavljaju vrhunac audio kvalitete, nude\u0107i elegantan dizajn i udobnost s kvalitetnim umetkom od spu\u017eve.","og_url":"https:\/\/hd-multimedia.com\/sl\/trgovina\/edifier-h850\/","og_site_name":"hd-multimedia","article_modified_time":"2026-02-11T14:55:52+00:00","og_image":[{"width":1024,"height":1024,"url":"https:\/\/hd-multimedia.com\/hdm_media\/Edifier-H850.jpg","type":"image\/jpeg"}],"twitter_card":"summary_large_image","twitter_misc":{"Est. reading time":"1 minuta"},"schema":{"@context":"https:\/\/schema.org","@graph":[{"@type":"WebPage","@id":"https:\/\/hd-multimedia.com\/trgovina\/edifier-h850\/","url":"https:\/\/hd-multimedia.com\/trgovina\/edifier-h850\/","name":"Edifier H850 - hd-multimedia","isPartOf":{"@id":"https:\/\/hd-multimedia.com\/#website"},"datePublished":"2020-11-06T20:15:14+00:00","dateModified":"2026-02-11T14:55:52+00:00","description":"Ove ergonomske slu\u0161alice Edifier H850 predstavljaju vrhunac audio kvalitete, nude\u0107i elegantan dizajn i udobnost s kvalitetnim umetkom od spu\u017eve.","breadcrumb":{"@id":"https:\/\/hd-multimedia.com\/trgovina\/edifier-h850\/#breadcrumb"},"inLanguage":"sl-SI","potentialAction":[{"@type":"ReadAction","target":["https:\/\/hd-multimedia.com\/trgovina\/edifier-h850\/"]}]},{"@type":"BreadcrumbList","@id":"https:\/\/hd-multimedia.com\/trgovina\/edifier-h850\/#breadcrumb","itemListElement":[{"@type":"ListItem","position":1,"name":"Po\u010detna stranica","item":"https:\/\/hd-multimedia.com\/"},{"@type":"ListItem","position":2,"name":"Trgovina","item":"https:\/\/hd-multimedia.com\/trgovina\/"},{"@type":"ListItem","position":3,"name":"Edifier H850"}]},{"@type":"WebSite","@id":"https:\/\/hd-multimedia.com\/#website","url":"https:\/\/hd-multimedia.com\/","name":"hd-multimedia","description":"","publisher":{"@id":"https:\/\/hd-multimedia.com\/#organization"},"potentialAction":[{"@type":"SearchAction","target":{"@type":"EntryPoint","urlTemplate":"https:\/\/hd-multimedia.com\/?s={search_term_string}"},"query-input":"required name=search_term_string"}],"inLanguage":"sl-SI"},{"@type":"Organization","@id":"https:\/\/hd-multimedia.com\/#organization","name":"hd-multimedia","url":"https:\/\/hd-multimedia.com\/","logo":{"@type":"ImageObject","inLanguage":"sl-SI","@id":"https:\/\/hd-multimedia.com\/#\/schema\/logo\/image\/","url":"https:\/\/hd-multimedia.com\/hdm_media\/HD-curves-ok-196-56px-alpha-1.png","contentUrl":"https:\/\/hd-multimedia.com\/hdm_media\/HD-curves-ok-196-56px-alpha-1.png","width":196,"height":53,"caption":"hd-multimedia"},"image":{"@id":"https:\/\/hd-multimedia.com\/#\/schema\/logo\/image\/"}}]}},"post_mailing_queue_ids":[],"_links":{"self":[{"href":"https:\/\/hd-multimedia.com\/sl\/wp-json\/wp\/v2\/product\/4413","targetHints":{"allow":["GET"]}}],"collection":[{"href":"https:\/\/hd-multimedia.com\/sl\/wp-json\/wp\/v2\/product"}],"about":[{"href":"https:\/\/hd-multimedia.com\/sl\/wp-json\/wp\/v2\/types\/product"}],"version-history":[{"count":5,"href":"https:\/\/hd-multimedia.com\/sl\/wp-json\/wp\/v2\/product\/4413\/revisions"}],"predecessor-version":[{"id":14092,"href":"https:\/\/hd-multimedia.com\/sl\/wp-json\/wp\/v2\/product\/4413\/revisions\/14092"}],"wp:featuredmedia":[{"embeddable":true,"href":"https:\/\/hd-multimedia.com\/sl\/wp-json\/wp\/v2\/media\/14916"}],"wp:attachment":[{"href":"https:\/\/hd-multimedia.com\/sl\/wp-json\/wp\/v2\/media?parent=4413"}],"curies":[{"name":"wp","href":"https:\/\/api.w.org\/{rel}","templated":true}]}}