{"id":4384,"date":"2020-11-06T18:58:43","date_gmt":"2020-11-06T18:58:43","guid":{"rendered":"https:\/\/hd-multimedia.com\/?post_type=product&#038;p=4384"},"modified":"2026-03-26T10:26:00","modified_gmt":"2026-03-26T10:26:00","slug":"edifier-r33bt","status":"publish","type":"product","link":"https:\/\/hd-multimedia.com\/sl\/trgovina\/edifier-r33bt\/","title":{"rendered":"Edifier R33BT"},"content":{"rendered":"<p>100% lesena konstrukcija za zmanj\u0161anje resonanc.<br \/>\nBluetooth 5.0 za stabilno brez\u017ei\u010dno povezavo.<br \/>\nAUX vhod za analogni vhod.<br \/>\n13 mm visokotonec in 90 mm srednji\/nizkotonski zvo\u010dnik.<br \/>\nSkupna mo\u010d 10 W RMS (5+5 W)<br \/>\nKontrolniki na vrhu \u0161katle za enostavno uporabo.<br \/>\nFrekven\u010dni razpon 70Hz do 20kHz.<\/p>\n<p><a href=\"https:\/\/www.edifier.com\/global\/p\/bookshelf-speakers\/r33bt\" target=\"_blank\" rel=\"noopener\">Ostale informacije najdete na tej povezavi.<\/a><\/p>","protected":false},"excerpt":{"rendered":"<p>Z izbolj\u0161anim aktivnim nadzorom crossoverja visokokakovostni 0,5-pal\u010dni visokotonci in 3,5-pal\u010dni gonilniki srednjih nizkih tonov reproducirajo odli\u010dne visoke in nizke tone za katero koli vrsto glasbe, iger in filmov. Skupna izhodna mo\u010d 10 vatov (RMS) je najbolj primerna za vsak prostor v va\u0161em domu za odli\u010dno izku\u0161njo poslu\u0161anja. Bluetooth V5.0 ima visoko lo\u010dljivost, stabilen prenos, nizko porabo energije in \u0161iroko uporabo, kar zagotavlja visokokakovostno zvo\u010dno izku\u0161njo. Visokokakovostno leseno ohi\u0161je zmanj\u0161a akusti\u010dno resonanco in dodatno zmanj\u0161a popa\u010denje. Klasi\u010den dizajn prav tako dopolnjuje vsak dekor doma.<\/p>\n<p><a href=\"https:\/\/www.edifier.com\/global\/p\/bookshelf-speakers\/r33bt\" target=\"_blank\" rel=\"noopener\">Ostale informacije najdete na tej povezavi.<\/a><\/p>","protected":false},"featured_media":4396,"template":"","meta":{"site-sidebar-layout":"default","site-content-layout":"default","ast-site-content-layout":"default","site-content-style":"default","site-sidebar-style":"default","ast-global-header-display":"","ast-banner-title-visibility":"","ast-main-header-display":"","ast-hfb-above-header-display":"","ast-hfb-below-header-display":"","ast-hfb-mobile-header-display":"","site-post-title":"","ast-breadcrumbs-content":"","ast-featured-img":"","footer-sml-layout":"","theme-transparent-header-meta":"default","adv-header-id-meta":"","stick-header-meta":"default","header-above-stick-meta":"","header-main-stick-meta":"","header-below-stick-meta":"","astra-migrate-meta-layouts":"set","ast-page-background-enabled":"default","ast-page-background-meta":{"desktop":{"background-color":"","background-image":"","background-repeat":"repeat","background-position":"center center","background-size":"auto","background-attachment":"scroll","background-type":"","background-media":"","overlay-type":"","overlay-color":"","overlay-opacity":"","overlay-gradient":""},"tablet":{"background-color":"","background-image":"","background-repeat":"repeat","background-position":"center center","background-size":"auto","background-attachment":"scroll","background-type":"","background-media":"","overlay-type":"","overlay-color":"","overlay-opacity":"","overlay-gradient":""},"mobile":{"background-color":"","background-image":"","background-repeat":"repeat","background-position":"center center","background-size":"auto","background-attachment":"scroll","background-type":"","background-media":"","overlay-type":"","overlay-color":"","overlay-opacity":"","overlay-gradient":""}},"ast-content-background-meta":{"desktop":{"background-color":"var(--ast-global-color-5)","background-image":"","background-repeat":"repeat","background-position":"center center","background-size":"auto","background-attachment":"scroll","background-type":"","background-media":"","overlay-type":"","overlay-color":"","overlay-opacity":"","overlay-gradient":""},"tablet":{"background-color":"var(--ast-global-color-5)","background-image":"","background-repeat":"repeat","background-position":"center center","background-size":"auto","background-attachment":"scroll","background-type":"","background-media":"","overlay-type":"","overlay-color":"","overlay-opacity":"","overlay-gradient":""},"mobile":{"background-color":"var(--ast-global-color-5)","background-image":"","background-repeat":"repeat","background-position":"center center","background-size":"auto","background-attachment":"scroll","background-type":"","background-media":"","overlay-type":"","overlay-color":"","overlay-opacity":"","overlay-gradient":""}}},"class_list":["post-4384","product","type-product","status-publish","has-post-thumbnail","hentry","product_cat-aktivne-zvucne-kutije","product_cat-edifier","product_tag-pokloni-za-bozic","desktop-align-center","tablet-align-center","mobile-align-center","ast-product-gallery-layout-horizontal","ast-magnify-disabled","ast-product-tabs-layout-horizontal"],"yoast_head":"<!-- This site is optimized with the Yoast SEO plugin v21.4 - https:\/\/yoast.com\/wordpress\/plugins\/seo\/ -->\n<title>Edifier R33BT - hd-multimedia<\/title>\n<meta name=\"description\" content=\"Ukupna izlazna snaga Edifier R33BT od 10 vata (RMS) najbolje odgovara svakom prostoru u va\u0161oj ku\u0107i za izvrsno iskustvo slu\u0161anja.\" \/>\n<meta name=\"robots\" content=\"index, follow, max-snippet:-1, max-image-preview:large, max-video-preview:-1\" \/>\n<link rel=\"canonical\" href=\"https:\/\/hd-multimedia.com\/sl\/trgovina\/edifier-r33bt\/\" \/>\n<meta property=\"og:locale\" content=\"sl_SI\" \/>\n<meta property=\"og:type\" content=\"article\" \/>\n<meta property=\"og:title\" content=\"Edifier R33BT - hd-multimedia\" \/>\n<meta property=\"og:description\" content=\"Ukupna izlazna snaga Edifier R33BT od 10 vata (RMS) najbolje odgovara svakom prostoru u va\u0161oj ku\u0107i za izvrsno iskustvo slu\u0161anja.\" \/>\n<meta property=\"og:url\" content=\"https:\/\/hd-multimedia.com\/sl\/trgovina\/edifier-r33bt\/\" \/>\n<meta property=\"og:site_name\" content=\"hd-multimedia\" \/>\n<meta property=\"article:modified_time\" content=\"2026-03-26T10:26:00+00:00\" \/>\n<meta property=\"og:image\" content=\"https:\/\/hd-multimedia.com\/hdm_media\/av6a9982-scaled.jpg\" \/>\n\t<meta property=\"og:image:width\" content=\"2560\" \/>\n\t<meta property=\"og:image:height\" content=\"2560\" \/>\n\t<meta property=\"og:image:type\" content=\"image\/jpeg\" \/>\n<meta name=\"twitter:card\" content=\"summary_large_image\" \/>\n<meta name=\"twitter:label1\" content=\"Est. reading time\" \/>\n\t<meta name=\"twitter:data1\" content=\"1 minuta\" \/>\n<script type=\"application\/ld+json\" class=\"yoast-schema-graph\">{\"@context\":\"https:\/\/schema.org\",\"@graph\":[{\"@type\":\"WebPage\",\"@id\":\"https:\/\/hd-multimedia.com\/trgovina\/edifier-r33bt\/\",\"url\":\"https:\/\/hd-multimedia.com\/trgovina\/edifier-r33bt\/\",\"name\":\"Edifier R33BT - hd-multimedia\",\"isPartOf\":{\"@id\":\"https:\/\/hd-multimedia.com\/#website\"},\"datePublished\":\"2020-11-06T18:58:43+00:00\",\"dateModified\":\"2026-03-26T10:26:00+00:00\",\"description\":\"Ukupna izlazna snaga Edifier R33BT od 10 vata (RMS) najbolje odgovara svakom prostoru u va\u0161oj ku\u0107i za izvrsno iskustvo slu\u0161anja.\",\"breadcrumb\":{\"@id\":\"https:\/\/hd-multimedia.com\/trgovina\/edifier-r33bt\/#breadcrumb\"},\"inLanguage\":\"sl-SI\",\"potentialAction\":[{\"@type\":\"ReadAction\",\"target\":[\"https:\/\/hd-multimedia.com\/trgovina\/edifier-r33bt\/\"]}]},{\"@type\":\"BreadcrumbList\",\"@id\":\"https:\/\/hd-multimedia.com\/trgovina\/edifier-r33bt\/#breadcrumb\",\"itemListElement\":[{\"@type\":\"ListItem\",\"position\":1,\"name\":\"Po\u010detna stranica\",\"item\":\"https:\/\/hd-multimedia.com\/\"},{\"@type\":\"ListItem\",\"position\":2,\"name\":\"Trgovina\",\"item\":\"https:\/\/hd-multimedia.com\/trgovina\/\"},{\"@type\":\"ListItem\",\"position\":3,\"name\":\"Edifier R33BT\"}]},{\"@type\":\"WebSite\",\"@id\":\"https:\/\/hd-multimedia.com\/#website\",\"url\":\"https:\/\/hd-multimedia.com\/\",\"name\":\"hd-multimedia\",\"description\":\"\",\"publisher\":{\"@id\":\"https:\/\/hd-multimedia.com\/#organization\"},\"potentialAction\":[{\"@type\":\"SearchAction\",\"target\":{\"@type\":\"EntryPoint\",\"urlTemplate\":\"https:\/\/hd-multimedia.com\/?s={search_term_string}\"},\"query-input\":\"required name=search_term_string\"}],\"inLanguage\":\"sl-SI\"},{\"@type\":\"Organization\",\"@id\":\"https:\/\/hd-multimedia.com\/#organization\",\"name\":\"hd-multimedia\",\"url\":\"https:\/\/hd-multimedia.com\/\",\"logo\":{\"@type\":\"ImageObject\",\"inLanguage\":\"sl-SI\",\"@id\":\"https:\/\/hd-multimedia.com\/#\/schema\/logo\/image\/\",\"url\":\"https:\/\/hd-multimedia.com\/hdm_media\/HD-curves-ok-196-56px-alpha-1.png\",\"contentUrl\":\"https:\/\/hd-multimedia.com\/hdm_media\/HD-curves-ok-196-56px-alpha-1.png\",\"width\":196,\"height\":53,\"caption\":\"hd-multimedia\"},\"image\":{\"@id\":\"https:\/\/hd-multimedia.com\/#\/schema\/logo\/image\/\"}}]}<\/script>\n<!-- \/ Yoast SEO plugin. -->","yoast_head_json":{"title":"Edifier R33BT - hd-multimedia","description":"Ukupna izlazna snaga Edifier R33BT od 10 vata (RMS) najbolje odgovara svakom prostoru u va\u0161oj ku\u0107i za izvrsno iskustvo slu\u0161anja.","robots":{"index":"index","follow":"follow","max-snippet":"max-snippet:-1","max-image-preview":"max-image-preview:large","max-video-preview":"max-video-preview:-1"},"canonical":"https:\/\/hd-multimedia.com\/sl\/trgovina\/edifier-r33bt\/","og_locale":"sl_SI","og_type":"article","og_title":"Edifier R33BT - hd-multimedia","og_description":"Ukupna izlazna snaga Edifier R33BT od 10 vata (RMS) najbolje odgovara svakom prostoru u va\u0161oj ku\u0107i za izvrsno iskustvo slu\u0161anja.","og_url":"https:\/\/hd-multimedia.com\/sl\/trgovina\/edifier-r33bt\/","og_site_name":"hd-multimedia","article_modified_time":"2026-03-26T10:26:00+00:00","og_image":[{"width":2560,"height":2560,"url":"https:\/\/hd-multimedia.com\/hdm_media\/av6a9982-scaled.jpg","type":"image\/jpeg"}],"twitter_card":"summary_large_image","twitter_misc":{"Est. reading time":"1 minuta"},"schema":{"@context":"https:\/\/schema.org","@graph":[{"@type":"WebPage","@id":"https:\/\/hd-multimedia.com\/trgovina\/edifier-r33bt\/","url":"https:\/\/hd-multimedia.com\/trgovina\/edifier-r33bt\/","name":"Edifier R33BT - hd-multimedia","isPartOf":{"@id":"https:\/\/hd-multimedia.com\/#website"},"datePublished":"2020-11-06T18:58:43+00:00","dateModified":"2026-03-26T10:26:00+00:00","description":"Ukupna izlazna snaga Edifier R33BT od 10 vata (RMS) najbolje odgovara svakom prostoru u va\u0161oj ku\u0107i za izvrsno iskustvo slu\u0161anja.","breadcrumb":{"@id":"https:\/\/hd-multimedia.com\/trgovina\/edifier-r33bt\/#breadcrumb"},"inLanguage":"sl-SI","potentialAction":[{"@type":"ReadAction","target":["https:\/\/hd-multimedia.com\/trgovina\/edifier-r33bt\/"]}]},{"@type":"BreadcrumbList","@id":"https:\/\/hd-multimedia.com\/trgovina\/edifier-r33bt\/#breadcrumb","itemListElement":[{"@type":"ListItem","position":1,"name":"Po\u010detna stranica","item":"https:\/\/hd-multimedia.com\/"},{"@type":"ListItem","position":2,"name":"Trgovina","item":"https:\/\/hd-multimedia.com\/trgovina\/"},{"@type":"ListItem","position":3,"name":"Edifier R33BT"}]},{"@type":"WebSite","@id":"https:\/\/hd-multimedia.com\/#website","url":"https:\/\/hd-multimedia.com\/","name":"hd-multimedia","description":"","publisher":{"@id":"https:\/\/hd-multimedia.com\/#organization"},"potentialAction":[{"@type":"SearchAction","target":{"@type":"EntryPoint","urlTemplate":"https:\/\/hd-multimedia.com\/?s={search_term_string}"},"query-input":"required name=search_term_string"}],"inLanguage":"sl-SI"},{"@type":"Organization","@id":"https:\/\/hd-multimedia.com\/#organization","name":"hd-multimedia","url":"https:\/\/hd-multimedia.com\/","logo":{"@type":"ImageObject","inLanguage":"sl-SI","@id":"https:\/\/hd-multimedia.com\/#\/schema\/logo\/image\/","url":"https:\/\/hd-multimedia.com\/hdm_media\/HD-curves-ok-196-56px-alpha-1.png","contentUrl":"https:\/\/hd-multimedia.com\/hdm_media\/HD-curves-ok-196-56px-alpha-1.png","width":196,"height":53,"caption":"hd-multimedia"},"image":{"@id":"https:\/\/hd-multimedia.com\/#\/schema\/logo\/image\/"}}]}},"post_mailing_queue_ids":[],"_links":{"self":[{"href":"https:\/\/hd-multimedia.com\/sl\/wp-json\/wp\/v2\/product\/4384","targetHints":{"allow":["GET"]}}],"collection":[{"href":"https:\/\/hd-multimedia.com\/sl\/wp-json\/wp\/v2\/product"}],"about":[{"href":"https:\/\/hd-multimedia.com\/sl\/wp-json\/wp\/v2\/types\/product"}],"version-history":[{"count":5,"href":"https:\/\/hd-multimedia.com\/sl\/wp-json\/wp\/v2\/product\/4384\/revisions"}],"predecessor-version":[{"id":13451,"href":"https:\/\/hd-multimedia.com\/sl\/wp-json\/wp\/v2\/product\/4384\/revisions\/13451"}],"wp:featuredmedia":[{"embeddable":true,"href":"https:\/\/hd-multimedia.com\/sl\/wp-json\/wp\/v2\/media\/4396"}],"wp:attachment":[{"href":"https:\/\/hd-multimedia.com\/sl\/wp-json\/wp\/v2\/media?parent=4384"}],"curies":[{"name":"wp","href":"https:\/\/api.w.org\/{rel}","templated":true}]}}