{"id":4364,"date":"2020-11-06T17:52:35","date_gmt":"2020-11-06T17:52:35","guid":{"rendered":"https:\/\/hd-multimedia.com\/?post_type=product&#038;p=4364"},"modified":"2025-12-07T15:24:11","modified_gmt":"2025-12-07T15:24:11","slug":"edifier-w800bt","status":"publish","type":"product","link":"https:\/\/hd-multimedia.com\/sl\/trgovina\/edifier-w800bt\/","title":{"rendered":"Edifier W800BT"},"content":{"rendered":"<p>\u2013 Bluetooth: V5.1<\/p>\n<p>\u2013 \u010cas predvajanja: pribli\u017eno 55 ur<\/p>\n<p>\u2013 Vrata za polnjenje: USB-C (Type-C)<\/p>\n<p>\u2013 \u010cas polnjenja: pribli\u017eno 2,5 ure<\/p>\n<p>\u2013 Avdio kodiranje: Qualcomm\u00ae aptX\u2122, SBC<\/p>\n<p>\u2013 Gonilnik: \u03a640 mm NdFeB<\/p>\n<p>\u2013 Frekven\u010dni odziv: 20Hz \u2013 20KHz<\/p>\n<p>\u2013 Raven izhodnega zvo\u010dnega tlaka: 93 \u00b1 3dBSPL(A)<\/p>\n<p>\u2013 Te\u017ea: 195 g<\/p>\n<p><a href=\"https:\/\/www.edifier.com\/global\/p\/over-ear-on-ear-headphones\/w800bt-plus\" target=\"_blank\" rel=\"noopener\">Ostale informacije najdete na tej povezavi.<\/a><\/p>","protected":false},"excerpt":{"rendered":"<p>Slu\u0161alke Edifier W800BT odli\u010dno zdru\u017eujejo udobje in natan\u010dnost. Mehkoba, poudarjena v 15-stopinjskem nagnjenem naglavnem traku, in mehka usnjena konstrukcija zagotavljata neverjeten ob\u010dutek udobja. S Qualcomm CVC8.0 je zagotovljen kristalno \u010dist zvok, ki odpravlja hrup v ozadju. 40 mm magnetne zvo\u010dne enote NdFeB zagotavljajo dinami\u010den zvok z mo\u010dnimi nizkimi toni. Bluetooth V5.1 in Qualcomm QCC3024 zagotavljata dalj\u0161i \u010das predvajanja in stabilen prenos. Vgrajena litij-ionska baterija ponuja impresivnih 55 ur brez\u017ei\u010dnega poslu\u0161anja. Prilagodite svojo izku\u0161njo z EDIFIER CONNECT, ki podpira razli\u010dne zvo\u010dne na\u010dine in dvojno povezavo Bluetooth.<\/p>\n<p><a href=\"https:\/\/www.edifier.com\/global\/p\/over-ear-on-ear-headphones\/w800bt-plus\" target=\"_blank\" rel=\"noopener\">Ostale informacije najdete na tej povezavi.<\/a><\/p>","protected":false},"featured_media":4997,"template":"","meta":{"site-sidebar-layout":"default","site-content-layout":"default","ast-site-content-layout":"default","site-content-style":"default","site-sidebar-style":"default","ast-global-header-display":"","ast-banner-title-visibility":"","ast-main-header-display":"","ast-hfb-above-header-display":"","ast-hfb-below-header-display":"","ast-hfb-mobile-header-display":"","site-post-title":"","ast-breadcrumbs-content":"","ast-featured-img":"","footer-sml-layout":"","theme-transparent-header-meta":"default","adv-header-id-meta":"","stick-header-meta":"default","header-above-stick-meta":"","header-main-stick-meta":"","header-below-stick-meta":"","astra-migrate-meta-layouts":"set","ast-page-background-enabled":"default","ast-page-background-meta":{"desktop":{"background-color":"","background-image":"","background-repeat":"repeat","background-position":"center center","background-size":"auto","background-attachment":"scroll","background-type":"","background-media":"","overlay-type":"","overlay-color":"","overlay-opacity":"","overlay-gradient":""},"tablet":{"background-color":"","background-image":"","background-repeat":"repeat","background-position":"center center","background-size":"auto","background-attachment":"scroll","background-type":"","background-media":"","overlay-type":"","overlay-color":"","overlay-opacity":"","overlay-gradient":""},"mobile":{"background-color":"","background-image":"","background-repeat":"repeat","background-position":"center center","background-size":"auto","background-attachment":"scroll","background-type":"","background-media":"","overlay-type":"","overlay-color":"","overlay-opacity":"","overlay-gradient":""}},"ast-content-background-meta":{"desktop":{"background-color":"var(--ast-global-color-5)","background-image":"","background-repeat":"repeat","background-position":"center center","background-size":"auto","background-attachment":"scroll","background-type":"","background-media":"","overlay-type":"","overlay-color":"","overlay-opacity":"","overlay-gradient":""},"tablet":{"background-color":"var(--ast-global-color-5)","background-image":"","background-repeat":"repeat","background-position":"center center","background-size":"auto","background-attachment":"scroll","background-type":"","background-media":"","overlay-type":"","overlay-color":"","overlay-opacity":"","overlay-gradient":""},"mobile":{"background-color":"var(--ast-global-color-5)","background-image":"","background-repeat":"repeat","background-position":"center center","background-size":"auto","background-attachment":"scroll","background-type":"","background-media":"","overlay-type":"","overlay-color":"","overlay-opacity":"","overlay-gradient":""}}},"class_list":["post-4364","product","type-product","status-publish","has-post-thumbnail","hentry","product_cat-bluetooth-slusalice","product_cat-naglavne-slusalice","product_cat-edifier","desktop-align-center","tablet-align-center","mobile-align-center","ast-product-gallery-layout-horizontal","ast-magnify-disabled","ast-product-tabs-layout-horizontal"],"yoast_head":"<!-- This site is optimized with the Yoast SEO plugin v21.4 - https:\/\/yoast.com\/wordpress\/plugins\/seo\/ -->\n<title>Edifier W800BT - hd-multimedia<\/title>\n<meta name=\"description\" content=\"Edifier W800BT slu\u0161alice savr\u0161eno povezuju udobnost i preciznost. Kristalno \u010disti zvuk zajam\u010deni su s Qualcomm CVC8.0, eliminiraju\u0107i pozadinsku buku.\" \/>\n<meta name=\"robots\" content=\"index, follow, max-snippet:-1, max-image-preview:large, max-video-preview:-1\" \/>\n<link rel=\"canonical\" href=\"https:\/\/hd-multimedia.com\/sl\/trgovina\/edifier-w800bt\/\" \/>\n<meta property=\"og:locale\" content=\"sl_SI\" \/>\n<meta property=\"og:type\" content=\"article\" \/>\n<meta property=\"og:title\" content=\"Edifier W800BT - hd-multimedia\" \/>\n<meta property=\"og:description\" content=\"Edifier W800BT slu\u0161alice savr\u0161eno povezuju udobnost i preciznost. Kristalno \u010disti zvuk zajam\u010deni su s Qualcomm CVC8.0, eliminiraju\u0107i pozadinsku buku.\" \/>\n<meta property=\"og:url\" content=\"https:\/\/hd-multimedia.com\/sl\/trgovina\/edifier-w800bt\/\" \/>\n<meta property=\"og:site_name\" content=\"hd-multimedia\" \/>\n<meta property=\"article:modified_time\" content=\"2025-12-07T15:24:11+00:00\" \/>\n<meta property=\"og:image\" content=\"https:\/\/hd-multimedia.com\/hdm_media\/w800-e9bb911-800x800-1.jpg\" \/>\n\t<meta property=\"og:image:width\" content=\"750\" \/>\n\t<meta property=\"og:image:height\" content=\"750\" \/>\n\t<meta property=\"og:image:type\" content=\"image\/jpeg\" \/>\n<meta name=\"twitter:card\" content=\"summary_large_image\" \/>\n<meta name=\"twitter:label1\" content=\"Est. reading time\" \/>\n\t<meta name=\"twitter:data1\" content=\"1 minuta\" \/>\n<script type=\"application\/ld+json\" class=\"yoast-schema-graph\">{\"@context\":\"https:\/\/schema.org\",\"@graph\":[{\"@type\":\"WebPage\",\"@id\":\"https:\/\/hd-multimedia.com\/trgovina\/edifier-w800bt\/\",\"url\":\"https:\/\/hd-multimedia.com\/trgovina\/edifier-w800bt\/\",\"name\":\"Edifier W800BT - hd-multimedia\",\"isPartOf\":{\"@id\":\"https:\/\/hd-multimedia.com\/#website\"},\"datePublished\":\"2020-11-06T17:52:35+00:00\",\"dateModified\":\"2025-12-07T15:24:11+00:00\",\"description\":\"Edifier W800BT slu\u0161alice savr\u0161eno povezuju udobnost i preciznost. Kristalno \u010disti zvuk zajam\u010deni su s Qualcomm CVC8.0, eliminiraju\u0107i pozadinsku buku.\",\"breadcrumb\":{\"@id\":\"https:\/\/hd-multimedia.com\/trgovina\/edifier-w800bt\/#breadcrumb\"},\"inLanguage\":\"sl-SI\",\"potentialAction\":[{\"@type\":\"ReadAction\",\"target\":[\"https:\/\/hd-multimedia.com\/trgovina\/edifier-w800bt\/\"]}]},{\"@type\":\"BreadcrumbList\",\"@id\":\"https:\/\/hd-multimedia.com\/trgovina\/edifier-w800bt\/#breadcrumb\",\"itemListElement\":[{\"@type\":\"ListItem\",\"position\":1,\"name\":\"Po\u010detna stranica\",\"item\":\"https:\/\/hd-multimedia.com\/\"},{\"@type\":\"ListItem\",\"position\":2,\"name\":\"Trgovina\",\"item\":\"https:\/\/hd-multimedia.com\/trgovina\/\"},{\"@type\":\"ListItem\",\"position\":3,\"name\":\"Edifier W800BT\"}]},{\"@type\":\"WebSite\",\"@id\":\"https:\/\/hd-multimedia.com\/#website\",\"url\":\"https:\/\/hd-multimedia.com\/\",\"name\":\"hd-multimedia\",\"description\":\"\",\"publisher\":{\"@id\":\"https:\/\/hd-multimedia.com\/#organization\"},\"potentialAction\":[{\"@type\":\"SearchAction\",\"target\":{\"@type\":\"EntryPoint\",\"urlTemplate\":\"https:\/\/hd-multimedia.com\/?s={search_term_string}\"},\"query-input\":\"required name=search_term_string\"}],\"inLanguage\":\"sl-SI\"},{\"@type\":\"Organization\",\"@id\":\"https:\/\/hd-multimedia.com\/#organization\",\"name\":\"hd-multimedia\",\"url\":\"https:\/\/hd-multimedia.com\/\",\"logo\":{\"@type\":\"ImageObject\",\"inLanguage\":\"sl-SI\",\"@id\":\"https:\/\/hd-multimedia.com\/#\/schema\/logo\/image\/\",\"url\":\"https:\/\/hd-multimedia.com\/hdm_media\/HD-curves-ok-196-56px-alpha-1.png\",\"contentUrl\":\"https:\/\/hd-multimedia.com\/hdm_media\/HD-curves-ok-196-56px-alpha-1.png\",\"width\":196,\"height\":53,\"caption\":\"hd-multimedia\"},\"image\":{\"@id\":\"https:\/\/hd-multimedia.com\/#\/schema\/logo\/image\/\"}}]}<\/script>\n<!-- \/ Yoast SEO plugin. -->","yoast_head_json":{"title":"Edifier W800BT - hd-multimedia","description":"Edifier W800BT slu\u0161alice savr\u0161eno povezuju udobnost i preciznost. Kristalno \u010disti zvuk zajam\u010deni su s Qualcomm CVC8.0, eliminiraju\u0107i pozadinsku buku.","robots":{"index":"index","follow":"follow","max-snippet":"max-snippet:-1","max-image-preview":"max-image-preview:large","max-video-preview":"max-video-preview:-1"},"canonical":"https:\/\/hd-multimedia.com\/sl\/trgovina\/edifier-w800bt\/","og_locale":"sl_SI","og_type":"article","og_title":"Edifier W800BT - hd-multimedia","og_description":"Edifier W800BT slu\u0161alice savr\u0161eno povezuju udobnost i preciznost. Kristalno \u010disti zvuk zajam\u010deni su s Qualcomm CVC8.0, eliminiraju\u0107i pozadinsku buku.","og_url":"https:\/\/hd-multimedia.com\/sl\/trgovina\/edifier-w800bt\/","og_site_name":"hd-multimedia","article_modified_time":"2025-12-07T15:24:11+00:00","og_image":[{"width":750,"height":750,"url":"https:\/\/hd-multimedia.com\/hdm_media\/w800-e9bb911-800x800-1.jpg","type":"image\/jpeg"}],"twitter_card":"summary_large_image","twitter_misc":{"Est. reading time":"1 minuta"},"schema":{"@context":"https:\/\/schema.org","@graph":[{"@type":"WebPage","@id":"https:\/\/hd-multimedia.com\/trgovina\/edifier-w800bt\/","url":"https:\/\/hd-multimedia.com\/trgovina\/edifier-w800bt\/","name":"Edifier W800BT - hd-multimedia","isPartOf":{"@id":"https:\/\/hd-multimedia.com\/#website"},"datePublished":"2020-11-06T17:52:35+00:00","dateModified":"2025-12-07T15:24:11+00:00","description":"Edifier W800BT slu\u0161alice savr\u0161eno povezuju udobnost i preciznost. Kristalno \u010disti zvuk zajam\u010deni su s Qualcomm CVC8.0, eliminiraju\u0107i pozadinsku buku.","breadcrumb":{"@id":"https:\/\/hd-multimedia.com\/trgovina\/edifier-w800bt\/#breadcrumb"},"inLanguage":"sl-SI","potentialAction":[{"@type":"ReadAction","target":["https:\/\/hd-multimedia.com\/trgovina\/edifier-w800bt\/"]}]},{"@type":"BreadcrumbList","@id":"https:\/\/hd-multimedia.com\/trgovina\/edifier-w800bt\/#breadcrumb","itemListElement":[{"@type":"ListItem","position":1,"name":"Po\u010detna stranica","item":"https:\/\/hd-multimedia.com\/"},{"@type":"ListItem","position":2,"name":"Trgovina","item":"https:\/\/hd-multimedia.com\/trgovina\/"},{"@type":"ListItem","position":3,"name":"Edifier W800BT"}]},{"@type":"WebSite","@id":"https:\/\/hd-multimedia.com\/#website","url":"https:\/\/hd-multimedia.com\/","name":"hd-multimedia","description":"","publisher":{"@id":"https:\/\/hd-multimedia.com\/#organization"},"potentialAction":[{"@type":"SearchAction","target":{"@type":"EntryPoint","urlTemplate":"https:\/\/hd-multimedia.com\/?s={search_term_string}"},"query-input":"required name=search_term_string"}],"inLanguage":"sl-SI"},{"@type":"Organization","@id":"https:\/\/hd-multimedia.com\/#organization","name":"hd-multimedia","url":"https:\/\/hd-multimedia.com\/","logo":{"@type":"ImageObject","inLanguage":"sl-SI","@id":"https:\/\/hd-multimedia.com\/#\/schema\/logo\/image\/","url":"https:\/\/hd-multimedia.com\/hdm_media\/HD-curves-ok-196-56px-alpha-1.png","contentUrl":"https:\/\/hd-multimedia.com\/hdm_media\/HD-curves-ok-196-56px-alpha-1.png","width":196,"height":53,"caption":"hd-multimedia"},"image":{"@id":"https:\/\/hd-multimedia.com\/#\/schema\/logo\/image\/"}}]}},"post_mailing_queue_ids":[],"_links":{"self":[{"href":"https:\/\/hd-multimedia.com\/sl\/wp-json\/wp\/v2\/product\/4364","targetHints":{"allow":["GET"]}}],"collection":[{"href":"https:\/\/hd-multimedia.com\/sl\/wp-json\/wp\/v2\/product"}],"about":[{"href":"https:\/\/hd-multimedia.com\/sl\/wp-json\/wp\/v2\/types\/product"}],"version-history":[{"count":6,"href":"https:\/\/hd-multimedia.com\/sl\/wp-json\/wp\/v2\/product\/4364\/revisions"}],"predecessor-version":[{"id":13789,"href":"https:\/\/hd-multimedia.com\/sl\/wp-json\/wp\/v2\/product\/4364\/revisions\/13789"}],"wp:featuredmedia":[{"embeddable":true,"href":"https:\/\/hd-multimedia.com\/sl\/wp-json\/wp\/v2\/media\/4997"}],"wp:attachment":[{"href":"https:\/\/hd-multimedia.com\/sl\/wp-json\/wp\/v2\/media?parent=4364"}],"curies":[{"name":"wp","href":"https:\/\/api.w.org\/{rel}","templated":true}]}}