{"id":4319,"date":"2020-11-06T14:26:01","date_gmt":"2020-11-06T14:26:01","guid":{"rendered":"https:\/\/hd-multimedia.com\/?post_type=product&#038;p=4319"},"modified":"2025-09-15T17:47:04","modified_gmt":"2025-09-15T17:47:04","slug":"edifier-g7-gaming","status":"publish","type":"product","link":"https:\/\/hd-multimedia.com\/sl\/trgovina\/edifier-g7-gaming\/","title":{"rendered":"Edifier G7 Gaming"},"content":{"rendered":"<p>Igralne slu\u0161alke Edifier G7 \u2013 USB - HiRes Audio (24bit\/96kHz) in 7.1 virtualni zvok. Mo\u017enost nastavitve osebnih nastavitev zvoka. Barvna RGB osvetlitev s 16M RGB osvetlitvijo. Dvojni mikrofoni za zmanj\u0161anje hrupa okolice in odli\u010dno glasovno komunikacijo.<\/p>\n<p>Mo\u010dan bas in visokokakovosten zvok iz slu\u0161alk s 50 mm gonilniki iz titana in neodimovimi magneti. Ergonomska oblika, udobje z mehkimi u\u0161esnimi blazinicami &quot;ice-sense&quot;. Vgrajena zvo\u010dna kartica Plug and Play USB za HiFi digitalno dekodiranje 7.1-kanalnega zvoka iz ra\u010dunalnika. Dvojni visoko ob\u010dutljivi mikrofoni z odpravljanjem \u0161uma za odli\u010den sprejem govora. RGB s 16,8 milijona barvno osvetlitvijo za igralsko izku\u0161njo.<\/p>\n<p>3,0 m kabel ima daljinski upravljalnik s stikalom za izklop zvoka za mikrofon in slu\u0161alke ter regulator glasnosti!<\/p>\n<p><a href=\"https:\/\/www.edifier.com\/global\/p\/gaming-headphones\/g7\" target=\"_blank\" rel=\"noopener\">Ostale informacije najdete na tej povezavi.<\/a><\/p>","protected":false},"excerpt":{"rendered":"<p>Igralne slu\u0161alke Edifier G7 zagotavljajo izjemno kakovost zvoka s 96 kHz\/24-bitno visoko lo\u010dljivostjo, preto\u010dnim dekodiranjem in kakovostjo zvoka visoke lo\u010dljivosti, kar zagotavlja poglobljeno igralno izku\u0161njo. U\u0161esne blazinice s plastmi hladilnega gela zagotavljajo udobje med dolgimi igrami z odvajanjem znoja in toplote. Opremljeni so z vgrajenim \u010dipom za prostorski zvok 7.1 in pove\u010dajo va\u0161e igranje z mo\u010dnimi nizkimi toni in \u010distimi visokimi toni. \u017di\u010dni krmilnik ponuja glasbeni na\u010din, na\u010din igre FPS in na\u010din igre MOBA, ki zagotavlja visokokakovostne zvo\u010dne u\u010dinke za korake in komunikacijo. Edifier G7 Gaming z mre\u017easto zasnovo RGB LED omogo\u010da prilagoditev s 16,8 milijoni barv, ki se popolnoma ujemajo z va\u0161o igralno nastavitvijo.<\/p>\n<p><a href=\"https:\/\/www.edifier.com\/global\/p\/gaming-headphones\/g7\" target=\"_blank\" rel=\"noopener\">Ostale informacije najdete na tej povezavi.<\/a><\/p>","protected":false},"featured_media":4320,"template":"","meta":{"site-sidebar-layout":"default","site-content-layout":"default","ast-site-content-layout":"default","site-content-style":"default","site-sidebar-style":"default","ast-global-header-display":"","ast-banner-title-visibility":"","ast-main-header-display":"","ast-hfb-above-header-display":"","ast-hfb-below-header-display":"","ast-hfb-mobile-header-display":"","site-post-title":"","ast-breadcrumbs-content":"","ast-featured-img":"","footer-sml-layout":"","theme-transparent-header-meta":"default","adv-header-id-meta":"","stick-header-meta":"default","header-above-stick-meta":"","header-main-stick-meta":"","header-below-stick-meta":"","astra-migrate-meta-layouts":"set","ast-page-background-enabled":"default","ast-page-background-meta":{"desktop":{"background-color":"","background-image":"","background-repeat":"repeat","background-position":"center center","background-size":"auto","background-attachment":"scroll","background-type":"","background-media":"","overlay-type":"","overlay-color":"","overlay-opacity":"","overlay-gradient":""},"tablet":{"background-color":"","background-image":"","background-repeat":"repeat","background-position":"center center","background-size":"auto","background-attachment":"scroll","background-type":"","background-media":"","overlay-type":"","overlay-color":"","overlay-opacity":"","overlay-gradient":""},"mobile":{"background-color":"","background-image":"","background-repeat":"repeat","background-position":"center center","background-size":"auto","background-attachment":"scroll","background-type":"","background-media":"","overlay-type":"","overlay-color":"","overlay-opacity":"","overlay-gradient":""}},"ast-content-background-meta":{"desktop":{"background-color":"var(--ast-global-color-5)","background-image":"","background-repeat":"repeat","background-position":"center center","background-size":"auto","background-attachment":"scroll","background-type":"","background-media":"","overlay-type":"","overlay-color":"","overlay-opacity":"","overlay-gradient":""},"tablet":{"background-color":"var(--ast-global-color-5)","background-image":"","background-repeat":"repeat","background-position":"center center","background-size":"auto","background-attachment":"scroll","background-type":"","background-media":"","overlay-type":"","overlay-color":"","overlay-opacity":"","overlay-gradient":""},"mobile":{"background-color":"var(--ast-global-color-5)","background-image":"","background-repeat":"repeat","background-position":"center center","background-size":"auto","background-attachment":"scroll","background-type":"","background-media":"","overlay-type":"","overlay-color":"","overlay-opacity":"","overlay-gradient":""}}},"class_list":["post-4319","product","type-product","status-publish","has-post-thumbnail","hentry","product_cat-gaming_slu","product_cat-edifier","product_tag-gaming","desktop-align-center","tablet-align-center","mobile-align-center","ast-product-gallery-layout-horizontal","ast-magnify-disabled","ast-product-tabs-layout-horizontal"],"yoast_head":"<!-- This site is optimized with the Yoast SEO plugin v21.4 - https:\/\/yoast.com\/wordpress\/plugins\/seo\/ -->\n<title>Edifier G7 Gaming - hd-multimedia<\/title>\n<meta name=\"description\" content=\"Edifier G7 Gaming slu\u0161alice pru\u017eaju izvanrednu audio kvalitetu s 96 kHz\/24-bitnim visokom rezolucijom, dekodiranjem prijenosa i Hi-Res audio kvalitetom.\" \/>\n<meta name=\"robots\" content=\"index, follow, max-snippet:-1, max-image-preview:large, max-video-preview:-1\" \/>\n<link rel=\"canonical\" href=\"https:\/\/hd-multimedia.com\/sl\/trgovina\/edifier-g7-gaming\/\" \/>\n<meta property=\"og:locale\" content=\"sl_SI\" \/>\n<meta property=\"og:type\" content=\"article\" \/>\n<meta property=\"og:title\" content=\"Edifier G7 Gaming - hd-multimedia\" \/>\n<meta property=\"og:description\" content=\"Edifier G7 Gaming slu\u0161alice pru\u017eaju izvanrednu audio kvalitetu s 96 kHz\/24-bitnim visokom rezolucijom, dekodiranjem prijenosa i Hi-Res audio kvalitetom.\" \/>\n<meta property=\"og:url\" content=\"https:\/\/hd-multimedia.com\/sl\/trgovina\/edifier-g7-gaming\/\" \/>\n<meta property=\"og:site_name\" content=\"hd-multimedia\" \/>\n<meta property=\"article:modified_time\" content=\"2025-09-15T17:47:04+00:00\" \/>\n<meta property=\"og:image\" content=\"https:\/\/hd-multimedia.com\/hdm_media\/g7-1-scaled.jpg\" \/>\n\t<meta property=\"og:image:width\" content=\"2560\" \/>\n\t<meta property=\"og:image:height\" content=\"2560\" \/>\n\t<meta property=\"og:image:type\" content=\"image\/jpeg\" \/>\n<meta name=\"twitter:card\" content=\"summary_large_image\" \/>\n<meta name=\"twitter:label1\" content=\"Est. reading time\" \/>\n\t<meta name=\"twitter:data1\" content=\"1 minuta\" \/>\n<script type=\"application\/ld+json\" class=\"yoast-schema-graph\">{\"@context\":\"https:\/\/schema.org\",\"@graph\":[{\"@type\":\"WebPage\",\"@id\":\"https:\/\/hd-multimedia.com\/trgovina\/edifier-g7-gaming\/\",\"url\":\"https:\/\/hd-multimedia.com\/trgovina\/edifier-g7-gaming\/\",\"name\":\"Edifier G7 Gaming - hd-multimedia\",\"isPartOf\":{\"@id\":\"https:\/\/hd-multimedia.com\/#website\"},\"datePublished\":\"2020-11-06T14:26:01+00:00\",\"dateModified\":\"2025-09-15T17:47:04+00:00\",\"description\":\"Edifier G7 Gaming slu\u0161alice pru\u017eaju izvanrednu audio kvalitetu s 96 kHz\/24-bitnim visokom rezolucijom, dekodiranjem prijenosa i Hi-Res audio kvalitetom.\",\"breadcrumb\":{\"@id\":\"https:\/\/hd-multimedia.com\/trgovina\/edifier-g7-gaming\/#breadcrumb\"},\"inLanguage\":\"sl-SI\",\"potentialAction\":[{\"@type\":\"ReadAction\",\"target\":[\"https:\/\/hd-multimedia.com\/trgovina\/edifier-g7-gaming\/\"]}]},{\"@type\":\"BreadcrumbList\",\"@id\":\"https:\/\/hd-multimedia.com\/trgovina\/edifier-g7-gaming\/#breadcrumb\",\"itemListElement\":[{\"@type\":\"ListItem\",\"position\":1,\"name\":\"Po\u010detna stranica\",\"item\":\"https:\/\/hd-multimedia.com\/\"},{\"@type\":\"ListItem\",\"position\":2,\"name\":\"Trgovina\",\"item\":\"https:\/\/hd-multimedia.com\/trgovina\/\"},{\"@type\":\"ListItem\",\"position\":3,\"name\":\"Edifier G7 Gaming\"}]},{\"@type\":\"WebSite\",\"@id\":\"https:\/\/hd-multimedia.com\/#website\",\"url\":\"https:\/\/hd-multimedia.com\/\",\"name\":\"hd-multimedia\",\"description\":\"\",\"publisher\":{\"@id\":\"https:\/\/hd-multimedia.com\/#organization\"},\"potentialAction\":[{\"@type\":\"SearchAction\",\"target\":{\"@type\":\"EntryPoint\",\"urlTemplate\":\"https:\/\/hd-multimedia.com\/?s={search_term_string}\"},\"query-input\":\"required name=search_term_string\"}],\"inLanguage\":\"sl-SI\"},{\"@type\":\"Organization\",\"@id\":\"https:\/\/hd-multimedia.com\/#organization\",\"name\":\"hd-multimedia\",\"url\":\"https:\/\/hd-multimedia.com\/\",\"logo\":{\"@type\":\"ImageObject\",\"inLanguage\":\"sl-SI\",\"@id\":\"https:\/\/hd-multimedia.com\/#\/schema\/logo\/image\/\",\"url\":\"https:\/\/hd-multimedia.com\/hdm_media\/HD-curves-ok-196-56px-alpha-1.png\",\"contentUrl\":\"https:\/\/hd-multimedia.com\/hdm_media\/HD-curves-ok-196-56px-alpha-1.png\",\"width\":196,\"height\":53,\"caption\":\"hd-multimedia\"},\"image\":{\"@id\":\"https:\/\/hd-multimedia.com\/#\/schema\/logo\/image\/\"}}]}<\/script>\n<!-- \/ Yoast SEO plugin. -->","yoast_head_json":{"title":"Edifier G7 Gaming - hd-multimedia","description":"Edifier G7 Gaming slu\u0161alice pru\u017eaju izvanrednu audio kvalitetu s 96 kHz\/24-bitnim visokom rezolucijom, dekodiranjem prijenosa i Hi-Res audio kvalitetom.","robots":{"index":"index","follow":"follow","max-snippet":"max-snippet:-1","max-image-preview":"max-image-preview:large","max-video-preview":"max-video-preview:-1"},"canonical":"https:\/\/hd-multimedia.com\/sl\/trgovina\/edifier-g7-gaming\/","og_locale":"sl_SI","og_type":"article","og_title":"Edifier G7 Gaming - hd-multimedia","og_description":"Edifier G7 Gaming slu\u0161alice pru\u017eaju izvanrednu audio kvalitetu s 96 kHz\/24-bitnim visokom rezolucijom, dekodiranjem prijenosa i Hi-Res audio kvalitetom.","og_url":"https:\/\/hd-multimedia.com\/sl\/trgovina\/edifier-g7-gaming\/","og_site_name":"hd-multimedia","article_modified_time":"2025-09-15T17:47:04+00:00","og_image":[{"width":2560,"height":2560,"url":"https:\/\/hd-multimedia.com\/hdm_media\/g7-1-scaled.jpg","type":"image\/jpeg"}],"twitter_card":"summary_large_image","twitter_misc":{"Est. reading time":"1 minuta"},"schema":{"@context":"https:\/\/schema.org","@graph":[{"@type":"WebPage","@id":"https:\/\/hd-multimedia.com\/trgovina\/edifier-g7-gaming\/","url":"https:\/\/hd-multimedia.com\/trgovina\/edifier-g7-gaming\/","name":"Edifier G7 Gaming - hd-multimedia","isPartOf":{"@id":"https:\/\/hd-multimedia.com\/#website"},"datePublished":"2020-11-06T14:26:01+00:00","dateModified":"2025-09-15T17:47:04+00:00","description":"Edifier G7 Gaming slu\u0161alice pru\u017eaju izvanrednu audio kvalitetu s 96 kHz\/24-bitnim visokom rezolucijom, dekodiranjem prijenosa i Hi-Res audio kvalitetom.","breadcrumb":{"@id":"https:\/\/hd-multimedia.com\/trgovina\/edifier-g7-gaming\/#breadcrumb"},"inLanguage":"sl-SI","potentialAction":[{"@type":"ReadAction","target":["https:\/\/hd-multimedia.com\/trgovina\/edifier-g7-gaming\/"]}]},{"@type":"BreadcrumbList","@id":"https:\/\/hd-multimedia.com\/trgovina\/edifier-g7-gaming\/#breadcrumb","itemListElement":[{"@type":"ListItem","position":1,"name":"Po\u010detna stranica","item":"https:\/\/hd-multimedia.com\/"},{"@type":"ListItem","position":2,"name":"Trgovina","item":"https:\/\/hd-multimedia.com\/trgovina\/"},{"@type":"ListItem","position":3,"name":"Edifier G7 Gaming"}]},{"@type":"WebSite","@id":"https:\/\/hd-multimedia.com\/#website","url":"https:\/\/hd-multimedia.com\/","name":"hd-multimedia","description":"","publisher":{"@id":"https:\/\/hd-multimedia.com\/#organization"},"potentialAction":[{"@type":"SearchAction","target":{"@type":"EntryPoint","urlTemplate":"https:\/\/hd-multimedia.com\/?s={search_term_string}"},"query-input":"required name=search_term_string"}],"inLanguage":"sl-SI"},{"@type":"Organization","@id":"https:\/\/hd-multimedia.com\/#organization","name":"hd-multimedia","url":"https:\/\/hd-multimedia.com\/","logo":{"@type":"ImageObject","inLanguage":"sl-SI","@id":"https:\/\/hd-multimedia.com\/#\/schema\/logo\/image\/","url":"https:\/\/hd-multimedia.com\/hdm_media\/HD-curves-ok-196-56px-alpha-1.png","contentUrl":"https:\/\/hd-multimedia.com\/hdm_media\/HD-curves-ok-196-56px-alpha-1.png","width":196,"height":53,"caption":"hd-multimedia"},"image":{"@id":"https:\/\/hd-multimedia.com\/#\/schema\/logo\/image\/"}}]}},"post_mailing_queue_ids":[],"_links":{"self":[{"href":"https:\/\/hd-multimedia.com\/sl\/wp-json\/wp\/v2\/product\/4319","targetHints":{"allow":["GET"]}}],"collection":[{"href":"https:\/\/hd-multimedia.com\/sl\/wp-json\/wp\/v2\/product"}],"about":[{"href":"https:\/\/hd-multimedia.com\/sl\/wp-json\/wp\/v2\/types\/product"}],"version-history":[{"count":3,"href":"https:\/\/hd-multimedia.com\/sl\/wp-json\/wp\/v2\/product\/4319\/revisions"}],"predecessor-version":[{"id":14645,"href":"https:\/\/hd-multimedia.com\/sl\/wp-json\/wp\/v2\/product\/4319\/revisions\/14645"}],"wp:featuredmedia":[{"embeddable":true,"href":"https:\/\/hd-multimedia.com\/sl\/wp-json\/wp\/v2\/media\/4320"}],"wp:attachment":[{"href":"https:\/\/hd-multimedia.com\/sl\/wp-json\/wp\/v2\/media?parent=4319"}],"curies":[{"name":"wp","href":"https:\/\/api.w.org\/{rel}","templated":true}]}}