{"id":4239,"date":"2020-10-24T10:55:11","date_gmt":"2020-10-24T10:55:11","guid":{"rendered":"https:\/\/hd-multimedia.com\/?post_type=product&#038;p=4239"},"modified":"2024-08-08T11:11:56","modified_gmt":"2024-08-08T11:11:56","slug":"hegel-h95","status":"publish","type":"product","link":"https:\/\/hd-multimedia.com\/sl\/trgovina\/hegel-h95\/","title":{"rendered":"Hegel H95"},"content":{"rendered":"<h4>Hegel H95 integrirani oja\u010devalnik in streamer<\/h4>\n<p><strong>Tehni\u010dna specifikacija:<\/strong><br \/>\nIzhodna mo\u010d: 2 x 60 W \/ 8 \u03a9<br \/>\nNajmanj\u0161a obremenitev: 2 \u03a9<br \/>\nAnalogni vhod: 2 x neuravnote\u017een (RCA)<br \/>\nDigitalni vhod: 1 x koaksialni (RCA), 3 x opti\u010dni, 1 x USB, 1 x omre\u017eni<br \/>\nLinijski izhod: 1 x neuravnote\u017eena spremenljivka (RCA)<br \/>\nIzhod za slu\u0161alke: 6,3 mm priklju\u010dek (spredaj)<br \/>\nFrekven\u010dni odziv: 5 Hz \u2013 100 kHz<br \/>\nRazmerje med signalom in \u0161umom (SNR): &gt;100 dB<br \/>\nPreslu\u0161avanje: &lt; -100 dB<br \/>\nPopa\u010denje: &lt; 0,01% pri 25 W\/8 \u03a9\/1 kHz<br \/>\nIntermodulacija: &lt; 0,01% (19 kHz + 20 kHz)<br \/>\nFaktor du\u0161enja: &gt; 2000 (glavna izhodna stopnja)<br \/>\nDimenzije z nogami: 10 cm x 43 cm x 31 cm (Vx\u0160xG), te\u017ea po\u0161iljanja 10,6 kg<br \/>\nZaklju\u010dek: \u010crna<\/p>","protected":false},"excerpt":{"rendered":"<p>Hegel H95 je prvovrsten integrirani oja\u010devalec, z mo\u010djo 2x60W pri 8 ohmih z integriranim internetnim streamerjem (DLNA, Spotify, Airplay), z digitalnimi vhodi (USB, opti\u010dni, koaksialni) in analognimi vhodi (2 x RCA stereo). Ima tudi variabilni RCA izhod za nizkotonec in izhod za slu\u0161alke.<\/p>","protected":false},"featured_media":4242,"template":"","meta":{"site-sidebar-layout":"default","site-content-layout":"default","ast-site-content-layout":"default","site-content-style":"default","site-sidebar-style":"default","ast-global-header-display":"","ast-banner-title-visibility":"","ast-main-header-display":"","ast-hfb-above-header-display":"","ast-hfb-below-header-display":"","ast-hfb-mobile-header-display":"","site-post-title":"","ast-breadcrumbs-content":"","ast-featured-img":"","footer-sml-layout":"","theme-transparent-header-meta":"default","adv-header-id-meta":"","stick-header-meta":"default","header-above-stick-meta":"","header-main-stick-meta":"","header-below-stick-meta":"","astra-migrate-meta-layouts":"set","ast-page-background-enabled":"default","ast-page-background-meta":{"desktop":{"background-color":"","background-image":"","background-repeat":"repeat","background-position":"center center","background-size":"auto","background-attachment":"scroll","background-type":"","background-media":"","overlay-type":"","overlay-color":"","overlay-opacity":"","overlay-gradient":""},"tablet":{"background-color":"","background-image":"","background-repeat":"repeat","background-position":"center center","background-size":"auto","background-attachment":"scroll","background-type":"","background-media":"","overlay-type":"","overlay-color":"","overlay-opacity":"","overlay-gradient":""},"mobile":{"background-color":"","background-image":"","background-repeat":"repeat","background-position":"center center","background-size":"auto","background-attachment":"scroll","background-type":"","background-media":"","overlay-type":"","overlay-color":"","overlay-opacity":"","overlay-gradient":""}},"ast-content-background-meta":{"desktop":{"background-color":"var(--ast-global-color-5)","background-image":"","background-repeat":"repeat","background-position":"center center","background-size":"auto","background-attachment":"scroll","background-type":"","background-media":"","overlay-type":"","overlay-color":"","overlay-opacity":"","overlay-gradient":""},"tablet":{"background-color":"var(--ast-global-color-5)","background-image":"","background-repeat":"repeat","background-position":"center center","background-size":"auto","background-attachment":"scroll","background-type":"","background-media":"","overlay-type":"","overlay-color":"","overlay-opacity":"","overlay-gradient":""},"mobile":{"background-color":"var(--ast-global-color-5)","background-image":"","background-repeat":"repeat","background-position":"center center","background-size":"auto","background-attachment":"scroll","background-type":"","background-media":"","overlay-type":"","overlay-color":"","overlay-opacity":"","overlay-gradient":""}}},"class_list":["post-4239","product","type-product","status-publish","has-post-thumbnail","hentry","product_cat-hegel","product_cat-integrirana-pojacala","desktop-align-center","tablet-align-center","mobile-align-center","ast-product-gallery-layout-horizontal","ast-magnify-disabled","ast-product-tabs-layout-horizontal"],"yoast_head":"<!-- This site is optimized with the Yoast SEO plugin v21.4 - https:\/\/yoast.com\/wordpress\/plugins\/seo\/ -->\n<title>Hegel H95 - hd-multimedia<\/title>\n<meta name=\"description\" content=\"Hegel H95 je prvoklasno integrirano poja\u010dalo, snage 2x60W na 8 ohma s integriranim Internet streamerom (DLNA, Spotify, Airplay)\" \/>\n<meta name=\"robots\" content=\"index, follow, max-snippet:-1, max-image-preview:large, max-video-preview:-1\" \/>\n<link rel=\"canonical\" href=\"https:\/\/hd-multimedia.com\/sl\/trgovina\/hegel-h95\/\" \/>\n<meta property=\"og:locale\" content=\"sl_SI\" \/>\n<meta property=\"og:type\" content=\"article\" \/>\n<meta property=\"og:title\" content=\"Hegel H95 - hd-multimedia\" \/>\n<meta property=\"og:description\" content=\"Hegel H95 je prvoklasno integrirano poja\u010dalo, snage 2x60W na 8 ohma s integriranim Internet streamerom (DLNA, Spotify, Airplay)\" \/>\n<meta property=\"og:url\" content=\"https:\/\/hd-multimedia.com\/sl\/trgovina\/hegel-h95\/\" \/>\n<meta property=\"og:site_name\" content=\"hd-multimedia\" \/>\n<meta property=\"article:modified_time\" content=\"2024-08-08T11:11:56+00:00\" \/>\n<meta property=\"og:image\" content=\"https:\/\/hd-multimedia.com\/hdm_media\/h95frontangle.jpg\" \/>\n\t<meta property=\"og:image:width\" content=\"1920\" \/>\n\t<meta property=\"og:image:height\" content=\"1920\" \/>\n\t<meta property=\"og:image:type\" content=\"image\/jpeg\" \/>\n<meta name=\"twitter:card\" content=\"summary_large_image\" \/>\n<meta name=\"twitter:label1\" content=\"Est. reading time\" \/>\n\t<meta name=\"twitter:data1\" content=\"1 minuta\" \/>\n<script type=\"application\/ld+json\" class=\"yoast-schema-graph\">{\"@context\":\"https:\/\/schema.org\",\"@graph\":[{\"@type\":\"WebPage\",\"@id\":\"https:\/\/hd-multimedia.com\/trgovina\/hegel-h95\/\",\"url\":\"https:\/\/hd-multimedia.com\/trgovina\/hegel-h95\/\",\"name\":\"Hegel H95 - hd-multimedia\",\"isPartOf\":{\"@id\":\"https:\/\/hd-multimedia.com\/#website\"},\"datePublished\":\"2020-10-24T10:55:11+00:00\",\"dateModified\":\"2024-08-08T11:11:56+00:00\",\"description\":\"Hegel H95 je prvoklasno integrirano poja\u010dalo, snage 2x60W na 8 ohma s integriranim Internet streamerom (DLNA, Spotify, Airplay)\",\"breadcrumb\":{\"@id\":\"https:\/\/hd-multimedia.com\/trgovina\/hegel-h95\/#breadcrumb\"},\"inLanguage\":\"sl-SI\",\"potentialAction\":[{\"@type\":\"ReadAction\",\"target\":[\"https:\/\/hd-multimedia.com\/trgovina\/hegel-h95\/\"]}]},{\"@type\":\"BreadcrumbList\",\"@id\":\"https:\/\/hd-multimedia.com\/trgovina\/hegel-h95\/#breadcrumb\",\"itemListElement\":[{\"@type\":\"ListItem\",\"position\":1,\"name\":\"Po\u010detna stranica\",\"item\":\"https:\/\/hd-multimedia.com\/\"},{\"@type\":\"ListItem\",\"position\":2,\"name\":\"Trgovina\",\"item\":\"https:\/\/hd-multimedia.com\/trgovina\/\"},{\"@type\":\"ListItem\",\"position\":3,\"name\":\"Hegel H95\"}]},{\"@type\":\"WebSite\",\"@id\":\"https:\/\/hd-multimedia.com\/#website\",\"url\":\"https:\/\/hd-multimedia.com\/\",\"name\":\"hd-multimedia\",\"description\":\"\",\"publisher\":{\"@id\":\"https:\/\/hd-multimedia.com\/#organization\"},\"potentialAction\":[{\"@type\":\"SearchAction\",\"target\":{\"@type\":\"EntryPoint\",\"urlTemplate\":\"https:\/\/hd-multimedia.com\/?s={search_term_string}\"},\"query-input\":\"required name=search_term_string\"}],\"inLanguage\":\"sl-SI\"},{\"@type\":\"Organization\",\"@id\":\"https:\/\/hd-multimedia.com\/#organization\",\"name\":\"hd-multimedia\",\"url\":\"https:\/\/hd-multimedia.com\/\",\"logo\":{\"@type\":\"ImageObject\",\"inLanguage\":\"sl-SI\",\"@id\":\"https:\/\/hd-multimedia.com\/#\/schema\/logo\/image\/\",\"url\":\"https:\/\/hd-multimedia.com\/hdm_media\/HD-curves-ok-196-56px-alpha-1.png\",\"contentUrl\":\"https:\/\/hd-multimedia.com\/hdm_media\/HD-curves-ok-196-56px-alpha-1.png\",\"width\":196,\"height\":53,\"caption\":\"hd-multimedia\"},\"image\":{\"@id\":\"https:\/\/hd-multimedia.com\/#\/schema\/logo\/image\/\"}}]}<\/script>\n<!-- \/ Yoast SEO plugin. -->","yoast_head_json":{"title":"Hegel H95 - hd-multimedia","description":"Hegel H95 je prvoklasno integrirano poja\u010dalo, snage 2x60W na 8 ohma s integriranim Internet streamerom (DLNA, Spotify, Airplay)","robots":{"index":"index","follow":"follow","max-snippet":"max-snippet:-1","max-image-preview":"max-image-preview:large","max-video-preview":"max-video-preview:-1"},"canonical":"https:\/\/hd-multimedia.com\/sl\/trgovina\/hegel-h95\/","og_locale":"sl_SI","og_type":"article","og_title":"Hegel H95 - hd-multimedia","og_description":"Hegel H95 je prvoklasno integrirano poja\u010dalo, snage 2x60W na 8 ohma s integriranim Internet streamerom (DLNA, Spotify, Airplay)","og_url":"https:\/\/hd-multimedia.com\/sl\/trgovina\/hegel-h95\/","og_site_name":"hd-multimedia","article_modified_time":"2024-08-08T11:11:56+00:00","og_image":[{"width":1920,"height":1920,"url":"https:\/\/hd-multimedia.com\/hdm_media\/h95frontangle.jpg","type":"image\/jpeg"}],"twitter_card":"summary_large_image","twitter_misc":{"Est. reading time":"1 minuta"},"schema":{"@context":"https:\/\/schema.org","@graph":[{"@type":"WebPage","@id":"https:\/\/hd-multimedia.com\/trgovina\/hegel-h95\/","url":"https:\/\/hd-multimedia.com\/trgovina\/hegel-h95\/","name":"Hegel H95 - hd-multimedia","isPartOf":{"@id":"https:\/\/hd-multimedia.com\/#website"},"datePublished":"2020-10-24T10:55:11+00:00","dateModified":"2024-08-08T11:11:56+00:00","description":"Hegel H95 je prvoklasno integrirano poja\u010dalo, snage 2x60W na 8 ohma s integriranim Internet streamerom (DLNA, Spotify, Airplay)","breadcrumb":{"@id":"https:\/\/hd-multimedia.com\/trgovina\/hegel-h95\/#breadcrumb"},"inLanguage":"sl-SI","potentialAction":[{"@type":"ReadAction","target":["https:\/\/hd-multimedia.com\/trgovina\/hegel-h95\/"]}]},{"@type":"BreadcrumbList","@id":"https:\/\/hd-multimedia.com\/trgovina\/hegel-h95\/#breadcrumb","itemListElement":[{"@type":"ListItem","position":1,"name":"Po\u010detna stranica","item":"https:\/\/hd-multimedia.com\/"},{"@type":"ListItem","position":2,"name":"Trgovina","item":"https:\/\/hd-multimedia.com\/trgovina\/"},{"@type":"ListItem","position":3,"name":"Hegel H95"}]},{"@type":"WebSite","@id":"https:\/\/hd-multimedia.com\/#website","url":"https:\/\/hd-multimedia.com\/","name":"hd-multimedia","description":"","publisher":{"@id":"https:\/\/hd-multimedia.com\/#organization"},"potentialAction":[{"@type":"SearchAction","target":{"@type":"EntryPoint","urlTemplate":"https:\/\/hd-multimedia.com\/?s={search_term_string}"},"query-input":"required name=search_term_string"}],"inLanguage":"sl-SI"},{"@type":"Organization","@id":"https:\/\/hd-multimedia.com\/#organization","name":"hd-multimedia","url":"https:\/\/hd-multimedia.com\/","logo":{"@type":"ImageObject","inLanguage":"sl-SI","@id":"https:\/\/hd-multimedia.com\/#\/schema\/logo\/image\/","url":"https:\/\/hd-multimedia.com\/hdm_media\/HD-curves-ok-196-56px-alpha-1.png","contentUrl":"https:\/\/hd-multimedia.com\/hdm_media\/HD-curves-ok-196-56px-alpha-1.png","width":196,"height":53,"caption":"hd-multimedia"},"image":{"@id":"https:\/\/hd-multimedia.com\/#\/schema\/logo\/image\/"}}]}},"post_mailing_queue_ids":[],"_links":{"self":[{"href":"https:\/\/hd-multimedia.com\/sl\/wp-json\/wp\/v2\/product\/4239","targetHints":{"allow":["GET"]}}],"collection":[{"href":"https:\/\/hd-multimedia.com\/sl\/wp-json\/wp\/v2\/product"}],"about":[{"href":"https:\/\/hd-multimedia.com\/sl\/wp-json\/wp\/v2\/types\/product"}],"version-history":[{"count":3,"href":"https:\/\/hd-multimedia.com\/sl\/wp-json\/wp\/v2\/product\/4239\/revisions"}],"predecessor-version":[{"id":8633,"href":"https:\/\/hd-multimedia.com\/sl\/wp-json\/wp\/v2\/product\/4239\/revisions\/8633"}],"wp:featuredmedia":[{"embeddable":true,"href":"https:\/\/hd-multimedia.com\/sl\/wp-json\/wp\/v2\/media\/4242"}],"wp:attachment":[{"href":"https:\/\/hd-multimedia.com\/sl\/wp-json\/wp\/v2\/media?parent=4239"}],"curies":[{"name":"wp","href":"https:\/\/api.w.org\/{rel}","templated":true}]}}