{"id":4192,"date":"2020-10-23T14:01:51","date_gmt":"2020-10-23T14:01:51","guid":{"rendered":"https:\/\/hd-multimedia.com\/?post_type=product&#038;p=4192"},"modified":"2025-11-24T13:12:39","modified_gmt":"2025-11-24T13:12:39","slug":"elac-miracord-70","status":"publish","type":"product","link":"https:\/\/hd-multimedia.com\/sl\/trgovina\/elac-miracord-70\/","title":{"rendered":"Elac Miracord 70"},"content":{"rendered":"<p>Trdno podno\u017eje iz MDF-ja s \u010drnim zaklju\u010dkom visokega sijaja zagotavlja trdnost videza in dizajna. Plo\u0161\u010da, ki jo poganja jermen (pod plo\u0161\u010do) in tihi sinhronski motor podjetja Premotec. Kro\u017enik je izdelan iz stekla in tehta 2,6 kg. \u010crna kerami\u010dna prevleka na spodnji strani kro\u017enika daje temen prosojen videz, ki izra\u017ea 3-dimenzionalno obliko. Vzmetenje je posejano s kerami\u010dno kroglo v sredini. Roka je aluminijasta in je opremljena z glavo Audio Technica AT95MM.<\/p>\n<p>Vi\u0161ina x \u0161irina x globina: 140 x 465 x 365 mm<br \/>\nTe\u017ea: 11 kg<br \/>\nFrekven\u010dno obmo\u010dje: 20 Hz \u2013 20 kHz<br \/>\nSledilna sila: 2,0 \u00b1 0,5 g, 20 \u00b1 5 mN<br \/>\nDC upor: 400 \u03a9 \u00b1 20 %<br \/>\nImpedanca tuljave: 1 k\u03a9 \u00b1 20 % pri 1 kHz<br \/>\nPriporo\u010dena obremenitev: 47 k\u03a9<br \/>\nIzhodna napetost: 3,5 mV<br \/>\nLo\u010devanje kanalov: &gt; 20 dB<br \/>\nIzbira hitrosti: 33 \u2013 45 rpm<br \/>\nIzhodi: 2 pozla\u010dena RCA konektorja, pozla\u010den ozemljitveni konektor<br \/>\nNapajanje: 24 V AC, 6 VA<br \/>\nZaklju\u010dki: \u010crn sijajni dekor<\/p>","protected":false},"excerpt":{"rendered":"<p>Elac Miracord 70 ima robusten podstavek iz MDF s \u010drnim zaklju\u010dkom visokega sijaja, ki zagotavlja mo\u010dan temelj za njegove komponente. Uporablja jermensko gnan sistem pod plo\u0161\u010do, ki ga poganja izjemno gladek sinhronski motor Premotec, ki je lo\u010den od podstavka, da zagotovi brezhibno sledenje in izjemno gladko delovanje. 2,6 kg te\u017eka steklena plo\u0161\u010da s \u010drno kerami\u010dno prevleko na spodnji strani poudarja njeno tridimenzionalno obliko in prispeva k temnemu, prosojnemu videzu. Aluminijasta roka, opremljena s sistemom zvo\u010dnikov Audio-Technica AT95E, zagotavlja zvok, poln vitalnosti in natan\u010dnosti. Poleg tega sistem to\u010dkovne ro\u010dice s kerami\u010dno kroglico kot osrednjim elementom zagotavlja izjemno gladko delovanje in izjemno odpornost na zunanje vplive. Nastavljiv mehanizem proti drsenju omogo\u010da popoln stereo prenos, ki zaokro\u017euje prefinjeno zasnovo Miracord 70.<\/p>","protected":false},"featured_media":4270,"template":"","meta":{"site-sidebar-layout":"default","site-content-layout":"default","ast-site-content-layout":"default","site-content-style":"default","site-sidebar-style":"default","ast-global-header-display":"","ast-banner-title-visibility":"","ast-main-header-display":"","ast-hfb-above-header-display":"","ast-hfb-below-header-display":"","ast-hfb-mobile-header-display":"","site-post-title":"","ast-breadcrumbs-content":"","ast-featured-img":"","footer-sml-layout":"","theme-transparent-header-meta":"default","adv-header-id-meta":"","stick-header-meta":"default","header-above-stick-meta":"","header-main-stick-meta":"","header-below-stick-meta":"","astra-migrate-meta-layouts":"set","ast-page-background-enabled":"default","ast-page-background-meta":{"desktop":{"background-color":"","background-image":"","background-repeat":"repeat","background-position":"center center","background-size":"auto","background-attachment":"scroll","background-type":"","background-media":"","overlay-type":"","overlay-color":"","overlay-opacity":"","overlay-gradient":""},"tablet":{"background-color":"","background-image":"","background-repeat":"repeat","background-position":"center center","background-size":"auto","background-attachment":"scroll","background-type":"","background-media":"","overlay-type":"","overlay-color":"","overlay-opacity":"","overlay-gradient":""},"mobile":{"background-color":"","background-image":"","background-repeat":"repeat","background-position":"center center","background-size":"auto","background-attachment":"scroll","background-type":"","background-media":"","overlay-type":"","overlay-color":"","overlay-opacity":"","overlay-gradient":""}},"ast-content-background-meta":{"desktop":{"background-color":"var(--ast-global-color-5)","background-image":"","background-repeat":"repeat","background-position":"center center","background-size":"auto","background-attachment":"scroll","background-type":"","background-media":"","overlay-type":"","overlay-color":"","overlay-opacity":"","overlay-gradient":""},"tablet":{"background-color":"var(--ast-global-color-5)","background-image":"","background-repeat":"repeat","background-position":"center center","background-size":"auto","background-attachment":"scroll","background-type":"","background-media":"","overlay-type":"","overlay-color":"","overlay-opacity":"","overlay-gradient":""},"mobile":{"background-color":"var(--ast-global-color-5)","background-image":"","background-repeat":"repeat","background-position":"center center","background-size":"auto","background-attachment":"scroll","background-type":"","background-media":"","overlay-type":"","overlay-color":"","overlay-opacity":"","overlay-gradient":""}}},"class_list":["post-4192","product","type-product","status-publish","has-post-thumbnail","hentry","product_cat-gramofoni","product_cat-elac","desktop-align-center","tablet-align-center","mobile-align-center","ast-product-gallery-layout-horizontal","ast-magnify-disabled","ast-product-tabs-layout-horizontal"],"yoast_head":"<!-- This site is optimized with the Yoast SEO plugin v21.4 - https:\/\/yoast.com\/wordpress\/plugins\/seo\/ -->\n<title>Elac Miracord 70 - hd-multimedia<\/title>\n<meta name=\"description\" content=\"Novi CS 600 dolazi s novom naprednom konstrukcijom ru\u010dice, kardanski ovje\u0161ene u 4 to\u010dke i izra\u0111ene od karbonskih vlakana.\" \/>\n<meta name=\"robots\" content=\"index, follow, max-snippet:-1, max-image-preview:large, max-video-preview:-1\" \/>\n<link rel=\"canonical\" href=\"https:\/\/hd-multimedia.com\/sl\/trgovina\/elac-miracord-70\/\" \/>\n<meta property=\"og:locale\" content=\"sl_SI\" \/>\n<meta property=\"og:type\" content=\"article\" \/>\n<meta property=\"og:title\" content=\"Elac Miracord 70 - hd-multimedia\" \/>\n<meta property=\"og:description\" content=\"Novi CS 600 dolazi s novom naprednom konstrukcijom ru\u010dice, kardanski ovje\u0161ene u 4 to\u010dke i izra\u0111ene od karbonskih vlakana.\" \/>\n<meta property=\"og:url\" content=\"https:\/\/hd-multimedia.com\/sl\/trgovina\/elac-miracord-70\/\" \/>\n<meta property=\"og:site_name\" content=\"hd-multimedia\" \/>\n<meta property=\"article:modified_time\" content=\"2025-11-24T13:12:39+00:00\" \/>\n<meta property=\"og:image\" content=\"https:\/\/hd-multimedia.com\/hdm_media\/miracord-70-e1604304995309.png\" \/>\n\t<meta property=\"og:image:width\" content=\"1083\" \/>\n\t<meta property=\"og:image:height\" content=\"1083\" \/>\n\t<meta property=\"og:image:type\" content=\"image\/png\" \/>\n<meta name=\"twitter:card\" content=\"summary_large_image\" \/>\n<meta name=\"twitter:label1\" content=\"Est. reading time\" \/>\n\t<meta name=\"twitter:data1\" content=\"1 minuta\" \/>\n<script type=\"application\/ld+json\" class=\"yoast-schema-graph\">{\"@context\":\"https:\/\/schema.org\",\"@graph\":[{\"@type\":\"WebPage\",\"@id\":\"https:\/\/hd-multimedia.com\/trgovina\/elac-miracord-70\/\",\"url\":\"https:\/\/hd-multimedia.com\/trgovina\/elac-miracord-70\/\",\"name\":\"Elac Miracord 70 - hd-multimedia\",\"isPartOf\":{\"@id\":\"https:\/\/hd-multimedia.com\/#website\"},\"datePublished\":\"2020-10-23T14:01:51+00:00\",\"dateModified\":\"2025-11-24T13:12:39+00:00\",\"description\":\"Novi CS 600 dolazi s novom naprednom konstrukcijom ru\u010dice, kardanski ovje\u0161ene u 4 to\u010dke i izra\u0111ene od karbonskih vlakana.\",\"breadcrumb\":{\"@id\":\"https:\/\/hd-multimedia.com\/trgovina\/elac-miracord-70\/#breadcrumb\"},\"inLanguage\":\"sl-SI\",\"potentialAction\":[{\"@type\":\"ReadAction\",\"target\":[\"https:\/\/hd-multimedia.com\/trgovina\/elac-miracord-70\/\"]}]},{\"@type\":\"BreadcrumbList\",\"@id\":\"https:\/\/hd-multimedia.com\/trgovina\/elac-miracord-70\/#breadcrumb\",\"itemListElement\":[{\"@type\":\"ListItem\",\"position\":1,\"name\":\"Po\u010detna stranica\",\"item\":\"https:\/\/hd-multimedia.com\/\"},{\"@type\":\"ListItem\",\"position\":2,\"name\":\"Trgovina\",\"item\":\"https:\/\/hd-multimedia.com\/trgovina\/\"},{\"@type\":\"ListItem\",\"position\":3,\"name\":\"Elac Miracord 70\"}]},{\"@type\":\"WebSite\",\"@id\":\"https:\/\/hd-multimedia.com\/#website\",\"url\":\"https:\/\/hd-multimedia.com\/\",\"name\":\"hd-multimedia\",\"description\":\"\",\"publisher\":{\"@id\":\"https:\/\/hd-multimedia.com\/#organization\"},\"potentialAction\":[{\"@type\":\"SearchAction\",\"target\":{\"@type\":\"EntryPoint\",\"urlTemplate\":\"https:\/\/hd-multimedia.com\/?s={search_term_string}\"},\"query-input\":\"required name=search_term_string\"}],\"inLanguage\":\"sl-SI\"},{\"@type\":\"Organization\",\"@id\":\"https:\/\/hd-multimedia.com\/#organization\",\"name\":\"hd-multimedia\",\"url\":\"https:\/\/hd-multimedia.com\/\",\"logo\":{\"@type\":\"ImageObject\",\"inLanguage\":\"sl-SI\",\"@id\":\"https:\/\/hd-multimedia.com\/#\/schema\/logo\/image\/\",\"url\":\"https:\/\/hd-multimedia.com\/hdm_media\/HD-curves-ok-196-56px-alpha-1.png\",\"contentUrl\":\"https:\/\/hd-multimedia.com\/hdm_media\/HD-curves-ok-196-56px-alpha-1.png\",\"width\":196,\"height\":53,\"caption\":\"hd-multimedia\"},\"image\":{\"@id\":\"https:\/\/hd-multimedia.com\/#\/schema\/logo\/image\/\"}}]}<\/script>\n<!-- \/ Yoast SEO plugin. -->","yoast_head_json":{"title":"Elac Miracord 70 - hd-multimedia","description":"Novi CS 600 dolazi s novom naprednom konstrukcijom ru\u010dice, kardanski ovje\u0161ene u 4 to\u010dke i izra\u0111ene od karbonskih vlakana.","robots":{"index":"index","follow":"follow","max-snippet":"max-snippet:-1","max-image-preview":"max-image-preview:large","max-video-preview":"max-video-preview:-1"},"canonical":"https:\/\/hd-multimedia.com\/sl\/trgovina\/elac-miracord-70\/","og_locale":"sl_SI","og_type":"article","og_title":"Elac Miracord 70 - hd-multimedia","og_description":"Novi CS 600 dolazi s novom naprednom konstrukcijom ru\u010dice, kardanski ovje\u0161ene u 4 to\u010dke i izra\u0111ene od karbonskih vlakana.","og_url":"https:\/\/hd-multimedia.com\/sl\/trgovina\/elac-miracord-70\/","og_site_name":"hd-multimedia","article_modified_time":"2025-11-24T13:12:39+00:00","og_image":[{"width":1083,"height":1083,"url":"https:\/\/hd-multimedia.com\/hdm_media\/miracord-70-e1604304995309.png","type":"image\/png"}],"twitter_card":"summary_large_image","twitter_misc":{"Est. reading time":"1 minuta"},"schema":{"@context":"https:\/\/schema.org","@graph":[{"@type":"WebPage","@id":"https:\/\/hd-multimedia.com\/trgovina\/elac-miracord-70\/","url":"https:\/\/hd-multimedia.com\/trgovina\/elac-miracord-70\/","name":"Elac Miracord 70 - hd-multimedia","isPartOf":{"@id":"https:\/\/hd-multimedia.com\/#website"},"datePublished":"2020-10-23T14:01:51+00:00","dateModified":"2025-11-24T13:12:39+00:00","description":"Novi CS 600 dolazi s novom naprednom konstrukcijom ru\u010dice, kardanski ovje\u0161ene u 4 to\u010dke i izra\u0111ene od karbonskih vlakana.","breadcrumb":{"@id":"https:\/\/hd-multimedia.com\/trgovina\/elac-miracord-70\/#breadcrumb"},"inLanguage":"sl-SI","potentialAction":[{"@type":"ReadAction","target":["https:\/\/hd-multimedia.com\/trgovina\/elac-miracord-70\/"]}]},{"@type":"BreadcrumbList","@id":"https:\/\/hd-multimedia.com\/trgovina\/elac-miracord-70\/#breadcrumb","itemListElement":[{"@type":"ListItem","position":1,"name":"Po\u010detna stranica","item":"https:\/\/hd-multimedia.com\/"},{"@type":"ListItem","position":2,"name":"Trgovina","item":"https:\/\/hd-multimedia.com\/trgovina\/"},{"@type":"ListItem","position":3,"name":"Elac Miracord 70"}]},{"@type":"WebSite","@id":"https:\/\/hd-multimedia.com\/#website","url":"https:\/\/hd-multimedia.com\/","name":"hd-multimedia","description":"","publisher":{"@id":"https:\/\/hd-multimedia.com\/#organization"},"potentialAction":[{"@type":"SearchAction","target":{"@type":"EntryPoint","urlTemplate":"https:\/\/hd-multimedia.com\/?s={search_term_string}"},"query-input":"required name=search_term_string"}],"inLanguage":"sl-SI"},{"@type":"Organization","@id":"https:\/\/hd-multimedia.com\/#organization","name":"hd-multimedia","url":"https:\/\/hd-multimedia.com\/","logo":{"@type":"ImageObject","inLanguage":"sl-SI","@id":"https:\/\/hd-multimedia.com\/#\/schema\/logo\/image\/","url":"https:\/\/hd-multimedia.com\/hdm_media\/HD-curves-ok-196-56px-alpha-1.png","contentUrl":"https:\/\/hd-multimedia.com\/hdm_media\/HD-curves-ok-196-56px-alpha-1.png","width":196,"height":53,"caption":"hd-multimedia"},"image":{"@id":"https:\/\/hd-multimedia.com\/#\/schema\/logo\/image\/"}}]}},"post_mailing_queue_ids":[],"_links":{"self":[{"href":"https:\/\/hd-multimedia.com\/sl\/wp-json\/wp\/v2\/product\/4192","targetHints":{"allow":["GET"]}}],"collection":[{"href":"https:\/\/hd-multimedia.com\/sl\/wp-json\/wp\/v2\/product"}],"about":[{"href":"https:\/\/hd-multimedia.com\/sl\/wp-json\/wp\/v2\/types\/product"}],"version-history":[{"count":8,"href":"https:\/\/hd-multimedia.com\/sl\/wp-json\/wp\/v2\/product\/4192\/revisions"}],"predecessor-version":[{"id":15638,"href":"https:\/\/hd-multimedia.com\/sl\/wp-json\/wp\/v2\/product\/4192\/revisions\/15638"}],"wp:featuredmedia":[{"embeddable":true,"href":"https:\/\/hd-multimedia.com\/sl\/wp-json\/wp\/v2\/media\/4270"}],"wp:attachment":[{"href":"https:\/\/hd-multimedia.com\/sl\/wp-json\/wp\/v2\/media?parent=4192"}],"curies":[{"name":"wp","href":"https:\/\/api.w.org\/{rel}","templated":true}]}}