{"id":3893,"date":"2020-08-31T14:22:31","date_gmt":"2020-08-31T14:22:31","guid":{"rendered":"https:\/\/hd-multimedia.com\/?post_type=product&#038;p=3893"},"modified":"2025-04-17T08:53:40","modified_gmt":"2025-04-17T08:53:40","slug":"fiio-em5","status":"publish","type":"product","link":"https:\/\/hd-multimedia.com\/sl\/trgovina\/fiio-em5\/","title":{"rendered":"FiiO EM5"},"content":{"rendered":"<p>FiiO EM5- dinami\u010dne slu\u0161alke (prevle\u010dene z berilijem)<\/p>","protected":false},"excerpt":{"rendered":"<p>Slu\u0161alke FiiO EM5 imajo veliko 14,2 mm membrano, prevle\u010deno z berilijem, ki zagotavlja dobro raz\u0161irjene, dobro teksturirane in bogate nizke tone, medtem ko lahkotnost in mo\u010d berilija omogo\u010data podrobne visoke tone. Za izbolj\u0161anje nizkih tonov uporablja FiiO EM5 akusti\u010dno cev, ki jo navdihuje pi\u0161\u010dal, z napredno tehnologijo 3D-tiskanja za u\u010dinkovito oja\u010danje ni\u017ejih frekvenc ter zagotavlja \u010dvrst in globok bas. Sistem zamenljivih priklju\u010dkov z mehanizmom twist-lock uporabnikom omogo\u010da preklapljanje med 2,5 mm, 3,5 mm in 4,4 mm priklju\u010dki, zaradi \u010desar so te slu\u0161alke vsestranske za razli\u010dne scenarije. Kabel iz \u010distega srebra visoke \u010distosti, znan po svoji visoki prevodnosti, zagotavlja podroben in \u017eiv zvok. FiiO EM5, ki uporablja tehnologijo 3D tiskanja DLP 4. generacije, se pona\u0161a z brezhibnim in edinstvenim dizajnom, ki zdru\u017euje klasi\u010dno estetiko slu\u0161alk s sodobnimi inovacijami.<\/p>\n<p><a href=\"https:\/\/www.fiio.com\/em5\" target=\"_blank\" rel=\"noopener noreferrer\">Povezava za dodatne informacije o specifikacijah!<\/a><\/p>","protected":false},"featured_media":3902,"template":"","meta":{"site-sidebar-layout":"default","site-content-layout":"default","ast-site-content-layout":"default","site-content-style":"default","site-sidebar-style":"default","ast-global-header-display":"","ast-banner-title-visibility":"","ast-main-header-display":"","ast-hfb-above-header-display":"","ast-hfb-below-header-display":"","ast-hfb-mobile-header-display":"","site-post-title":"","ast-breadcrumbs-content":"","ast-featured-img":"","footer-sml-layout":"","theme-transparent-header-meta":"default","adv-header-id-meta":"","stick-header-meta":"default","header-above-stick-meta":"","header-main-stick-meta":"","header-below-stick-meta":"","astra-migrate-meta-layouts":"set","ast-page-background-enabled":"default","ast-page-background-meta":{"desktop":{"background-color":"","background-image":"","background-repeat":"repeat","background-position":"center center","background-size":"auto","background-attachment":"scroll","background-type":"","background-media":"","overlay-type":"","overlay-color":"","overlay-opacity":"","overlay-gradient":""},"tablet":{"background-color":"","background-image":"","background-repeat":"repeat","background-position":"center center","background-size":"auto","background-attachment":"scroll","background-type":"","background-media":"","overlay-type":"","overlay-color":"","overlay-opacity":"","overlay-gradient":""},"mobile":{"background-color":"","background-image":"","background-repeat":"repeat","background-position":"center center","background-size":"auto","background-attachment":"scroll","background-type":"","background-media":"","overlay-type":"","overlay-color":"","overlay-opacity":"","overlay-gradient":""}},"ast-content-background-meta":{"desktop":{"background-color":"var(--ast-global-color-5)","background-image":"","background-repeat":"repeat","background-position":"center center","background-size":"auto","background-attachment":"scroll","background-type":"","background-media":"","overlay-type":"","overlay-color":"","overlay-opacity":"","overlay-gradient":""},"tablet":{"background-color":"var(--ast-global-color-5)","background-image":"","background-repeat":"repeat","background-position":"center center","background-size":"auto","background-attachment":"scroll","background-type":"","background-media":"","overlay-type":"","overlay-color":"","overlay-opacity":"","overlay-gradient":""},"mobile":{"background-color":"var(--ast-global-color-5)","background-image":"","background-repeat":"repeat","background-position":"center center","background-size":"auto","background-attachment":"scroll","background-type":"","background-media":"","overlay-type":"","overlay-color":"","overlay-opacity":"","overlay-gradient":""}}},"class_list":["post-3893","product","type-product","status-publish","has-post-thumbnail","hentry","product_cat-usne-slusalice-iem","product_cat-fiio","desktop-align-center","tablet-align-center","mobile-align-center","ast-product-gallery-layout-horizontal","ast-magnify-disabled","ast-product-tabs-layout-horizontal"],"yoast_head":"<!-- This site is optimized with the Yoast SEO plugin v21.4 - https:\/\/yoast.com\/wordpress\/plugins\/seo\/ -->\n<title>FiiO EM5 - hd-multimedia<\/title>\n<meta name=\"description\" content=\"FiiO EM5 su dizajnirane druga\u010dije od obi\u010dnih slu\u0161alica s ravnom glavom. \u0160koljke su izra\u0111ene tehnologijom 3D ispisa visoke preciznosti.\" \/>\n<meta name=\"robots\" content=\"index, follow, max-snippet:-1, max-image-preview:large, max-video-preview:-1\" \/>\n<link rel=\"canonical\" href=\"https:\/\/hd-multimedia.com\/sl\/trgovina\/fiio-em5\/\" \/>\n<meta property=\"og:locale\" content=\"sl_SI\" \/>\n<meta property=\"og:type\" content=\"article\" \/>\n<meta property=\"og:title\" content=\"FiiO EM5 - hd-multimedia\" \/>\n<meta property=\"og:description\" content=\"FiiO EM5 su dizajnirane druga\u010dije od obi\u010dnih slu\u0161alica s ravnom glavom. \u0160koljke su izra\u0111ene tehnologijom 3D ispisa visoke preciznosti.\" \/>\n<meta property=\"og:url\" content=\"https:\/\/hd-multimedia.com\/sl\/trgovina\/fiio-em5\/\" \/>\n<meta property=\"og:site_name\" content=\"hd-multimedia\" \/>\n<meta property=\"article:modified_time\" content=\"2025-04-17T08:53:40+00:00\" \/>\n<meta property=\"og:image\" content=\"https:\/\/hd-multimedia.com\/hdm_media\/fiio-em5.jpg\" \/>\n\t<meta property=\"og:image:width\" content=\"600\" \/>\n\t<meta property=\"og:image:height\" content=\"600\" \/>\n\t<meta property=\"og:image:type\" content=\"image\/jpeg\" \/>\n<meta name=\"twitter:card\" content=\"summary_large_image\" \/>\n<meta name=\"twitter:label1\" content=\"Est. reading time\" \/>\n\t<meta name=\"twitter:data1\" content=\"1 minuta\" \/>\n<script type=\"application\/ld+json\" class=\"yoast-schema-graph\">{\"@context\":\"https:\/\/schema.org\",\"@graph\":[{\"@type\":\"WebPage\",\"@id\":\"https:\/\/hd-multimedia.com\/trgovina\/fiio-em5\/\",\"url\":\"https:\/\/hd-multimedia.com\/trgovina\/fiio-em5\/\",\"name\":\"FiiO EM5 - hd-multimedia\",\"isPartOf\":{\"@id\":\"https:\/\/hd-multimedia.com\/#website\"},\"datePublished\":\"2020-08-31T14:22:31+00:00\",\"dateModified\":\"2025-04-17T08:53:40+00:00\",\"description\":\"FiiO EM5 su dizajnirane druga\u010dije od obi\u010dnih slu\u0161alica s ravnom glavom. \u0160koljke su izra\u0111ene tehnologijom 3D ispisa visoke preciznosti.\",\"breadcrumb\":{\"@id\":\"https:\/\/hd-multimedia.com\/trgovina\/fiio-em5\/#breadcrumb\"},\"inLanguage\":\"sl-SI\",\"potentialAction\":[{\"@type\":\"ReadAction\",\"target\":[\"https:\/\/hd-multimedia.com\/trgovina\/fiio-em5\/\"]}]},{\"@type\":\"BreadcrumbList\",\"@id\":\"https:\/\/hd-multimedia.com\/trgovina\/fiio-em5\/#breadcrumb\",\"itemListElement\":[{\"@type\":\"ListItem\",\"position\":1,\"name\":\"Po\u010detna stranica\",\"item\":\"https:\/\/hd-multimedia.com\/\"},{\"@type\":\"ListItem\",\"position\":2,\"name\":\"Trgovina\",\"item\":\"https:\/\/hd-multimedia.com\/trgovina\/\"},{\"@type\":\"ListItem\",\"position\":3,\"name\":\"FiiO EM5\"}]},{\"@type\":\"WebSite\",\"@id\":\"https:\/\/hd-multimedia.com\/#website\",\"url\":\"https:\/\/hd-multimedia.com\/\",\"name\":\"hd-multimedia\",\"description\":\"\",\"publisher\":{\"@id\":\"https:\/\/hd-multimedia.com\/#organization\"},\"potentialAction\":[{\"@type\":\"SearchAction\",\"target\":{\"@type\":\"EntryPoint\",\"urlTemplate\":\"https:\/\/hd-multimedia.com\/?s={search_term_string}\"},\"query-input\":\"required name=search_term_string\"}],\"inLanguage\":\"sl-SI\"},{\"@type\":\"Organization\",\"@id\":\"https:\/\/hd-multimedia.com\/#organization\",\"name\":\"hd-multimedia\",\"url\":\"https:\/\/hd-multimedia.com\/\",\"logo\":{\"@type\":\"ImageObject\",\"inLanguage\":\"sl-SI\",\"@id\":\"https:\/\/hd-multimedia.com\/#\/schema\/logo\/image\/\",\"url\":\"https:\/\/hd-multimedia.com\/hdm_media\/HD-curves-ok-196-56px-alpha-1.png\",\"contentUrl\":\"https:\/\/hd-multimedia.com\/hdm_media\/HD-curves-ok-196-56px-alpha-1.png\",\"width\":196,\"height\":53,\"caption\":\"hd-multimedia\"},\"image\":{\"@id\":\"https:\/\/hd-multimedia.com\/#\/schema\/logo\/image\/\"}}]}<\/script>\n<!-- \/ Yoast SEO plugin. -->","yoast_head_json":{"title":"FiiO EM5 - hd-multimedia","description":"FiiO EM5 su dizajnirane druga\u010dije od obi\u010dnih slu\u0161alica s ravnom glavom. \u0160koljke su izra\u0111ene tehnologijom 3D ispisa visoke preciznosti.","robots":{"index":"index","follow":"follow","max-snippet":"max-snippet:-1","max-image-preview":"max-image-preview:large","max-video-preview":"max-video-preview:-1"},"canonical":"https:\/\/hd-multimedia.com\/sl\/trgovina\/fiio-em5\/","og_locale":"sl_SI","og_type":"article","og_title":"FiiO EM5 - hd-multimedia","og_description":"FiiO EM5 su dizajnirane druga\u010dije od obi\u010dnih slu\u0161alica s ravnom glavom. \u0160koljke su izra\u0111ene tehnologijom 3D ispisa visoke preciznosti.","og_url":"https:\/\/hd-multimedia.com\/sl\/trgovina\/fiio-em5\/","og_site_name":"hd-multimedia","article_modified_time":"2025-04-17T08:53:40+00:00","og_image":[{"width":600,"height":600,"url":"https:\/\/hd-multimedia.com\/hdm_media\/fiio-em5.jpg","type":"image\/jpeg"}],"twitter_card":"summary_large_image","twitter_misc":{"Est. reading time":"1 minuta"},"schema":{"@context":"https:\/\/schema.org","@graph":[{"@type":"WebPage","@id":"https:\/\/hd-multimedia.com\/trgovina\/fiio-em5\/","url":"https:\/\/hd-multimedia.com\/trgovina\/fiio-em5\/","name":"FiiO EM5 - hd-multimedia","isPartOf":{"@id":"https:\/\/hd-multimedia.com\/#website"},"datePublished":"2020-08-31T14:22:31+00:00","dateModified":"2025-04-17T08:53:40+00:00","description":"FiiO EM5 su dizajnirane druga\u010dije od obi\u010dnih slu\u0161alica s ravnom glavom. \u0160koljke su izra\u0111ene tehnologijom 3D ispisa visoke preciznosti.","breadcrumb":{"@id":"https:\/\/hd-multimedia.com\/trgovina\/fiio-em5\/#breadcrumb"},"inLanguage":"sl-SI","potentialAction":[{"@type":"ReadAction","target":["https:\/\/hd-multimedia.com\/trgovina\/fiio-em5\/"]}]},{"@type":"BreadcrumbList","@id":"https:\/\/hd-multimedia.com\/trgovina\/fiio-em5\/#breadcrumb","itemListElement":[{"@type":"ListItem","position":1,"name":"Po\u010detna stranica","item":"https:\/\/hd-multimedia.com\/"},{"@type":"ListItem","position":2,"name":"Trgovina","item":"https:\/\/hd-multimedia.com\/trgovina\/"},{"@type":"ListItem","position":3,"name":"FiiO EM5"}]},{"@type":"WebSite","@id":"https:\/\/hd-multimedia.com\/#website","url":"https:\/\/hd-multimedia.com\/","name":"hd-multimedia","description":"","publisher":{"@id":"https:\/\/hd-multimedia.com\/#organization"},"potentialAction":[{"@type":"SearchAction","target":{"@type":"EntryPoint","urlTemplate":"https:\/\/hd-multimedia.com\/?s={search_term_string}"},"query-input":"required name=search_term_string"}],"inLanguage":"sl-SI"},{"@type":"Organization","@id":"https:\/\/hd-multimedia.com\/#organization","name":"hd-multimedia","url":"https:\/\/hd-multimedia.com\/","logo":{"@type":"ImageObject","inLanguage":"sl-SI","@id":"https:\/\/hd-multimedia.com\/#\/schema\/logo\/image\/","url":"https:\/\/hd-multimedia.com\/hdm_media\/HD-curves-ok-196-56px-alpha-1.png","contentUrl":"https:\/\/hd-multimedia.com\/hdm_media\/HD-curves-ok-196-56px-alpha-1.png","width":196,"height":53,"caption":"hd-multimedia"},"image":{"@id":"https:\/\/hd-multimedia.com\/#\/schema\/logo\/image\/"}}]}},"post_mailing_queue_ids":[],"_links":{"self":[{"href":"https:\/\/hd-multimedia.com\/sl\/wp-json\/wp\/v2\/product\/3893","targetHints":{"allow":["GET"]}}],"collection":[{"href":"https:\/\/hd-multimedia.com\/sl\/wp-json\/wp\/v2\/product"}],"about":[{"href":"https:\/\/hd-multimedia.com\/sl\/wp-json\/wp\/v2\/types\/product"}],"version-history":[{"count":4,"href":"https:\/\/hd-multimedia.com\/sl\/wp-json\/wp\/v2\/product\/3893\/revisions"}],"predecessor-version":[{"id":15601,"href":"https:\/\/hd-multimedia.com\/sl\/wp-json\/wp\/v2\/product\/3893\/revisions\/15601"}],"wp:featuredmedia":[{"embeddable":true,"href":"https:\/\/hd-multimedia.com\/sl\/wp-json\/wp\/v2\/media\/3902"}],"wp:attachment":[{"href":"https:\/\/hd-multimedia.com\/sl\/wp-json\/wp\/v2\/media?parent=3893"}],"curies":[{"name":"wp","href":"https:\/\/api.w.org\/{rel}","templated":true}]}}