{"id":3887,"date":"2020-08-31T13:23:26","date_gmt":"2020-08-31T13:23:26","guid":{"rendered":"https:\/\/hd-multimedia.com\/?post_type=product&#038;p=3887"},"modified":"2025-12-08T09:39:35","modified_gmt":"2025-12-08T09:39:35","slug":"edifier-tws-200","status":"publish","type":"product","link":"https:\/\/hd-multimedia.com\/sl\/trgovina\/edifier-tws-200\/","title":{"rendered":"Edifier TWS200"},"content":{"rendered":"<p>Edifier TWS200 \u2013 brez\u017ei\u010dne stereo slu\u0161alke<\/p>\n<ul>\n<li>Ergonomija: Semi-in-ear \u2013 izjemno udobne pol-in-ear slu\u0161alke brez gumijastega u\u0161esnega nastavka<\/li>\n<li>Podpora za Bluetooth 5.0, elektroniko Qualcomm in AptX<\/li>\n<li>Zmanj\u0161anje \u0161uma Qualcomm cVc za telefonske klice<\/li>\n<li>CVC z dvema mikrofonoma<\/li>\n<li>upravljanje na dotik<\/li>\n<li>razred odpornosti proti prahu in vodi IPX4<\/li>\n<li>skupni \u010das delovanja slu\u0161alk brez zunanjega polnjenja: 6 ur<\/li>\n<li>\u0160katla za shranjevanje z vgrajeno baterijo za 3 dodatna polnjenja (podalj\u0161a \u010das delovanja za 18 ur)<\/li>\n<\/ul>\n<p><span style=\"font-size: 16px\">Specifikacija:<\/span><\/p>\n<ul>\n<li>Pogon: premer 13 mm \u2013 dinami\u010dni polimerni kompozit s teko\u010dimi kristali (LCP)<\/li>\n<li>Frekven\u010dni razpon: 20 Hz \u2013 20.000 Hz<\/li>\n<li>Ob\u010dutljivost: 96 dB<\/li>\n<li>Impedanca: 28 \u03a9<\/li>\n<li>Povezava: Bluetooth 5.0<\/li>\n<li>Brez\u017ei\u010dni doseg: 10 m<\/li>\n<li>Polnjenje: 1,5 ure za polno polnjenje.<\/li>\n<li>Te\u017ea: 4,5 g slu\u0161alke; Polnilna torbica: 31 g<\/li>\n<li>Garancija: 12 mesecev baterija\/24 mesecev slu\u0161alko<\/li>\n<li>Vsebina: TWS200, etui za shranjevanje in polnjenje z baterijo, napajalni kabel Micro USB, uporabni\u0161ki priro\u010dnik<\/li>\n<li>Barva: sijajno \u010drna<\/li>\n<\/ul>","protected":false},"excerpt":{"rendered":"<p>Edifier TWS200 \u2013 popolnoma brez\u017ei\u010dne stereo in-ear slu\u0161alke. Vgrajena visokokakovostna elektronika Qualcomm ponuja zanesljivo brez\u017ei\u010dno delovanje Bluetooth 5.0, kodiranje AptX in tehnologijo cVc za zmanj\u0161anje \u0161uma med klici. TWS200 ponuja tudi visoko udobje pri no\u0161enju, saj slu\u0161alke le le\u017eijo na u\u0161esu in nimajo fizi\u010dnega stika z u\u0161esnim kanalom. Z nizko fizi\u010dno izolacijo se je mogo\u010de pogovarjati v kraju, ne da bi sneli slu\u0161alke. Avtonomija slu\u0161alk je 6 ur, skupaj s polnilno torbico pa skupaj 24 ur. Visoka odpornost na vlago in vodo s certifikatom IPX 4.<\/p>\n<p><a href=\"https:\/\/www.edifier.com\/global\/p\/true-wireless-earbuds\/tws200\" target=\"_blank\" rel=\"noopener\">Ostale informacije najdete na tej povezavi.<\/a><\/p>","protected":false},"featured_media":3915,"template":"","meta":{"site-sidebar-layout":"default","site-content-layout":"default","ast-site-content-layout":"default","site-content-style":"default","site-sidebar-style":"default","ast-global-header-display":"","ast-banner-title-visibility":"","ast-main-header-display":"","ast-hfb-above-header-display":"","ast-hfb-below-header-display":"","ast-hfb-mobile-header-display":"","site-post-title":"","ast-breadcrumbs-content":"","ast-featured-img":"","footer-sml-layout":"","theme-transparent-header-meta":"default","adv-header-id-meta":"","stick-header-meta":"default","header-above-stick-meta":"","header-main-stick-meta":"","header-below-stick-meta":"","astra-migrate-meta-layouts":"set","ast-page-background-enabled":"default","ast-page-background-meta":{"desktop":{"background-color":"","background-image":"","background-repeat":"repeat","background-position":"center center","background-size":"auto","background-attachment":"scroll","background-type":"","background-media":"","overlay-type":"","overlay-color":"","overlay-opacity":"","overlay-gradient":""},"tablet":{"background-color":"","background-image":"","background-repeat":"repeat","background-position":"center center","background-size":"auto","background-attachment":"scroll","background-type":"","background-media":"","overlay-type":"","overlay-color":"","overlay-opacity":"","overlay-gradient":""},"mobile":{"background-color":"","background-image":"","background-repeat":"repeat","background-position":"center center","background-size":"auto","background-attachment":"scroll","background-type":"","background-media":"","overlay-type":"","overlay-color":"","overlay-opacity":"","overlay-gradient":""}},"ast-content-background-meta":{"desktop":{"background-color":"var(--ast-global-color-5)","background-image":"","background-repeat":"repeat","background-position":"center center","background-size":"auto","background-attachment":"scroll","background-type":"","background-media":"","overlay-type":"","overlay-color":"","overlay-opacity":"","overlay-gradient":""},"tablet":{"background-color":"var(--ast-global-color-5)","background-image":"","background-repeat":"repeat","background-position":"center center","background-size":"auto","background-attachment":"scroll","background-type":"","background-media":"","overlay-type":"","overlay-color":"","overlay-opacity":"","overlay-gradient":""},"mobile":{"background-color":"var(--ast-global-color-5)","background-image":"","background-repeat":"repeat","background-position":"center center","background-size":"auto","background-attachment":"scroll","background-type":"","background-media":"","overlay-type":"","overlay-color":"","overlay-opacity":"","overlay-gradient":""}}},"class_list":["post-3887","product","type-product","status-publish","has-post-thumbnail","hentry","product_cat-usne-slusalice-iem","product_cat-bluetooth-slusalice","product_cat-edifier","product_tag-bluetooth-iem","desktop-align-center","tablet-align-center","mobile-align-center","ast-product-gallery-layout-horizontal","ast-magnify-disabled","ast-product-tabs-layout-horizontal"],"yoast_head":"<!-- This site is optimized with the Yoast SEO plugin v21.4 - https:\/\/yoast.com\/wordpress\/plugins\/seo\/ -->\n<title>Edifier TWS200 - hd-multimedia<\/title>\n<meta name=\"description\" content=\"Edifier TWS 200 - be\u017ei\u010dne stereo slu\u0161alice: Bluetooth 5.0 spajanje, Qualcomm elektronika i podr\u0161ka za AptX, otporno na pra\u0161inu i vodu klasa IPX4.\" \/>\n<meta name=\"robots\" content=\"index, follow, max-snippet:-1, max-image-preview:large, max-video-preview:-1\" \/>\n<link rel=\"canonical\" href=\"https:\/\/hd-multimedia.com\/sl\/trgovina\/edifier-tws-200\/\" \/>\n<meta property=\"og:locale\" content=\"sl_SI\" \/>\n<meta property=\"og:type\" content=\"article\" \/>\n<meta property=\"og:title\" content=\"Edifier TWS200 - hd-multimedia\" \/>\n<meta property=\"og:description\" content=\"Edifier TWS 200 - be\u017ei\u010dne stereo slu\u0161alice: Bluetooth 5.0 spajanje, Qualcomm elektronika i podr\u0161ka za AptX, otporno na pra\u0161inu i vodu klasa IPX4.\" \/>\n<meta property=\"og:url\" content=\"https:\/\/hd-multimedia.com\/sl\/trgovina\/edifier-tws-200\/\" \/>\n<meta property=\"og:site_name\" content=\"hd-multimedia\" \/>\n<meta property=\"article:modified_time\" content=\"2025-12-08T09:39:35+00:00\" \/>\n<meta property=\"og:image\" content=\"https:\/\/hd-multimedia.com\/hdm_media\/edifier-tws-200-black.jpg\" \/>\n\t<meta property=\"og:image:width\" content=\"800\" \/>\n\t<meta property=\"og:image:height\" content=\"800\" \/>\n\t<meta property=\"og:image:type\" content=\"image\/jpeg\" \/>\n<meta name=\"twitter:card\" content=\"summary_large_image\" \/>\n<meta name=\"twitter:label1\" content=\"Est. reading time\" \/>\n\t<meta name=\"twitter:data1\" content=\"1 minuta\" \/>\n<script type=\"application\/ld+json\" class=\"yoast-schema-graph\">{\"@context\":\"https:\/\/schema.org\",\"@graph\":[{\"@type\":\"WebPage\",\"@id\":\"https:\/\/hd-multimedia.com\/trgovina\/edifier-tws-200\/\",\"url\":\"https:\/\/hd-multimedia.com\/trgovina\/edifier-tws-200\/\",\"name\":\"Edifier TWS200 - hd-multimedia\",\"isPartOf\":{\"@id\":\"https:\/\/hd-multimedia.com\/#website\"},\"datePublished\":\"2020-08-31T13:23:26+00:00\",\"dateModified\":\"2025-12-08T09:39:35+00:00\",\"description\":\"Edifier TWS 200 - be\u017ei\u010dne stereo slu\u0161alice: Bluetooth 5.0 spajanje, Qualcomm elektronika i podr\u0161ka za AptX, otporno na pra\u0161inu i vodu klasa IPX4.\",\"breadcrumb\":{\"@id\":\"https:\/\/hd-multimedia.com\/trgovina\/edifier-tws-200\/#breadcrumb\"},\"inLanguage\":\"sl-SI\",\"potentialAction\":[{\"@type\":\"ReadAction\",\"target\":[\"https:\/\/hd-multimedia.com\/trgovina\/edifier-tws-200\/\"]}]},{\"@type\":\"BreadcrumbList\",\"@id\":\"https:\/\/hd-multimedia.com\/trgovina\/edifier-tws-200\/#breadcrumb\",\"itemListElement\":[{\"@type\":\"ListItem\",\"position\":1,\"name\":\"Po\u010detna stranica\",\"item\":\"https:\/\/hd-multimedia.com\/\"},{\"@type\":\"ListItem\",\"position\":2,\"name\":\"Trgovina\",\"item\":\"https:\/\/hd-multimedia.com\/trgovina\/\"},{\"@type\":\"ListItem\",\"position\":3,\"name\":\"Edifier TWS200\"}]},{\"@type\":\"WebSite\",\"@id\":\"https:\/\/hd-multimedia.com\/#website\",\"url\":\"https:\/\/hd-multimedia.com\/\",\"name\":\"hd-multimedia\",\"description\":\"\",\"publisher\":{\"@id\":\"https:\/\/hd-multimedia.com\/#organization\"},\"potentialAction\":[{\"@type\":\"SearchAction\",\"target\":{\"@type\":\"EntryPoint\",\"urlTemplate\":\"https:\/\/hd-multimedia.com\/?s={search_term_string}\"},\"query-input\":\"required name=search_term_string\"}],\"inLanguage\":\"sl-SI\"},{\"@type\":\"Organization\",\"@id\":\"https:\/\/hd-multimedia.com\/#organization\",\"name\":\"hd-multimedia\",\"url\":\"https:\/\/hd-multimedia.com\/\",\"logo\":{\"@type\":\"ImageObject\",\"inLanguage\":\"sl-SI\",\"@id\":\"https:\/\/hd-multimedia.com\/#\/schema\/logo\/image\/\",\"url\":\"https:\/\/hd-multimedia.com\/hdm_media\/HD-curves-ok-196-56px-alpha-1.png\",\"contentUrl\":\"https:\/\/hd-multimedia.com\/hdm_media\/HD-curves-ok-196-56px-alpha-1.png\",\"width\":196,\"height\":53,\"caption\":\"hd-multimedia\"},\"image\":{\"@id\":\"https:\/\/hd-multimedia.com\/#\/schema\/logo\/image\/\"}}]}<\/script>\n<!-- \/ Yoast SEO plugin. -->","yoast_head_json":{"title":"Edifier TWS200 - hd-multimedia","description":"Edifier TWS 200 - be\u017ei\u010dne stereo slu\u0161alice: Bluetooth 5.0 spajanje, Qualcomm elektronika i podr\u0161ka za AptX, otporno na pra\u0161inu i vodu klasa IPX4.","robots":{"index":"index","follow":"follow","max-snippet":"max-snippet:-1","max-image-preview":"max-image-preview:large","max-video-preview":"max-video-preview:-1"},"canonical":"https:\/\/hd-multimedia.com\/sl\/trgovina\/edifier-tws-200\/","og_locale":"sl_SI","og_type":"article","og_title":"Edifier TWS200 - hd-multimedia","og_description":"Edifier TWS 200 - be\u017ei\u010dne stereo slu\u0161alice: Bluetooth 5.0 spajanje, Qualcomm elektronika i podr\u0161ka za AptX, otporno na pra\u0161inu i vodu klasa IPX4.","og_url":"https:\/\/hd-multimedia.com\/sl\/trgovina\/edifier-tws-200\/","og_site_name":"hd-multimedia","article_modified_time":"2025-12-08T09:39:35+00:00","og_image":[{"width":800,"height":800,"url":"https:\/\/hd-multimedia.com\/hdm_media\/edifier-tws-200-black.jpg","type":"image\/jpeg"}],"twitter_card":"summary_large_image","twitter_misc":{"Est. reading time":"1 minuta"},"schema":{"@context":"https:\/\/schema.org","@graph":[{"@type":"WebPage","@id":"https:\/\/hd-multimedia.com\/trgovina\/edifier-tws-200\/","url":"https:\/\/hd-multimedia.com\/trgovina\/edifier-tws-200\/","name":"Edifier TWS200 - hd-multimedia","isPartOf":{"@id":"https:\/\/hd-multimedia.com\/#website"},"datePublished":"2020-08-31T13:23:26+00:00","dateModified":"2025-12-08T09:39:35+00:00","description":"Edifier TWS 200 - be\u017ei\u010dne stereo slu\u0161alice: Bluetooth 5.0 spajanje, Qualcomm elektronika i podr\u0161ka za AptX, otporno na pra\u0161inu i vodu klasa IPX4.","breadcrumb":{"@id":"https:\/\/hd-multimedia.com\/trgovina\/edifier-tws-200\/#breadcrumb"},"inLanguage":"sl-SI","potentialAction":[{"@type":"ReadAction","target":["https:\/\/hd-multimedia.com\/trgovina\/edifier-tws-200\/"]}]},{"@type":"BreadcrumbList","@id":"https:\/\/hd-multimedia.com\/trgovina\/edifier-tws-200\/#breadcrumb","itemListElement":[{"@type":"ListItem","position":1,"name":"Po\u010detna stranica","item":"https:\/\/hd-multimedia.com\/"},{"@type":"ListItem","position":2,"name":"Trgovina","item":"https:\/\/hd-multimedia.com\/trgovina\/"},{"@type":"ListItem","position":3,"name":"Edifier TWS200"}]},{"@type":"WebSite","@id":"https:\/\/hd-multimedia.com\/#website","url":"https:\/\/hd-multimedia.com\/","name":"hd-multimedia","description":"","publisher":{"@id":"https:\/\/hd-multimedia.com\/#organization"},"potentialAction":[{"@type":"SearchAction","target":{"@type":"EntryPoint","urlTemplate":"https:\/\/hd-multimedia.com\/?s={search_term_string}"},"query-input":"required name=search_term_string"}],"inLanguage":"sl-SI"},{"@type":"Organization","@id":"https:\/\/hd-multimedia.com\/#organization","name":"hd-multimedia","url":"https:\/\/hd-multimedia.com\/","logo":{"@type":"ImageObject","inLanguage":"sl-SI","@id":"https:\/\/hd-multimedia.com\/#\/schema\/logo\/image\/","url":"https:\/\/hd-multimedia.com\/hdm_media\/HD-curves-ok-196-56px-alpha-1.png","contentUrl":"https:\/\/hd-multimedia.com\/hdm_media\/HD-curves-ok-196-56px-alpha-1.png","width":196,"height":53,"caption":"hd-multimedia"},"image":{"@id":"https:\/\/hd-multimedia.com\/#\/schema\/logo\/image\/"}}]}},"post_mailing_queue_ids":[],"_links":{"self":[{"href":"https:\/\/hd-multimedia.com\/sl\/wp-json\/wp\/v2\/product\/3887","targetHints":{"allow":["GET"]}}],"collection":[{"href":"https:\/\/hd-multimedia.com\/sl\/wp-json\/wp\/v2\/product"}],"about":[{"href":"https:\/\/hd-multimedia.com\/sl\/wp-json\/wp\/v2\/types\/product"}],"version-history":[{"count":11,"href":"https:\/\/hd-multimedia.com\/sl\/wp-json\/wp\/v2\/product\/3887\/revisions"}],"predecessor-version":[{"id":15606,"href":"https:\/\/hd-multimedia.com\/sl\/wp-json\/wp\/v2\/product\/3887\/revisions\/15606"}],"wp:featuredmedia":[{"embeddable":true,"href":"https:\/\/hd-multimedia.com\/sl\/wp-json\/wp\/v2\/media\/3915"}],"wp:attachment":[{"href":"https:\/\/hd-multimedia.com\/sl\/wp-json\/wp\/v2\/media?parent=3887"}],"curies":[{"name":"wp","href":"https:\/\/api.w.org\/{rel}","templated":true}]}}