{"id":3559,"date":"2020-06-18T09:56:01","date_gmt":"2020-06-18T09:56:01","guid":{"rendered":"https:\/\/hd-multimedia.com\/?post_type=product&#038;p=3559"},"modified":"2025-12-06T15:36:16","modified_gmt":"2025-12-06T15:36:16","slug":"edifier-tws3","status":"publish","type":"product","link":"https:\/\/hd-multimedia.com\/sl\/trgovina\/edifier-tws3\/","title":{"rendered":"Edifier TWS3"},"content":{"rendered":"<p>Edifier TWS3 \u2013 popolnoma brez\u017ei\u010dne in-ear (IEM) slu\u0161alke<\/p>\n<ul>\n<li>Bluetooth 4.2, elektronika Qualcomm<\/li>\n<li>cVc zmanj\u0161anje hrupa med pogovori<\/li>\n<li>upravljanje na dotik<\/li>\n<li>razred vodoodpornosti IPX4.<\/li>\n<li>\u0160katla za shranjevanje z vgrajeno baterijo<\/li>\n<li>mono in stereo konfiguracije.<\/li>\n<\/ul>\n<p>Specifikacija:<\/p>\n<ul>\n<li>Ob\u010dutljivost: 98 dB<\/li>\n<li>Akusti\u010dni pogon: 8 mm, dinami\u010den<\/li>\n<li>Povezava: Bluetooth 4.2<\/li>\n<li>Frekven\u010dni razpon: 20 \u2013 20000Hz<\/li>\n<li>Priklju\u010dek: microUSB<\/li>\n<li>Te\u017ea: 63 g \u2013 slu\u0161alke ter etui za shranjevanje in polnjenje<\/li>\n<li>Avtonomija z ohi\u0161jem: 12 ur<\/li>\n<li>Garancija: 12 mesecev baterija\/24 mesecev slu\u0161alko<\/li>\n<li>Vsebina: slu\u0161alke TWS3, etui za shranjevanje in polnjenje z baterijo, napajalni kabel Micro USB, 3 x silikonske konice, 3 x obro\u010dki za pritrditev, navodila za uporabo<\/li>\n<li>Barva: Bela<\/li>\n<\/ul>\n<p>Funkcije na dotik:<\/p>\n<ul>\n<li>en dotik: predvajanje\/pavza; Sprejmi klic\/Kon\u010daj klic<\/li>\n<li>dvojni dotik: (levo) prej\u0161nja skladba<\/li>\n<li>dvojni dotik: (desno) naslednja skladba<\/li>\n<\/ul>","protected":false},"excerpt":{"rendered":"<p>U\u017eivajte v svobodi brez\u017ei\u010dnega zvoka s slu\u0161alkami TWS3. Zagotovite stabilno povezavo z Bluetooth v4.2 in izkusite visokokakovosten zvok, od globokih nizkih tonov do kristalno \u010distih visokih tonov. Kompakten in prenosen, vsak lo\u010den vlo\u017eek zagotavlja udobje in priro\u010dnost. Gumbi za predvajanje, ki so enostavni za uporabo, in vgrajeni mikrofon izbolj\u0161ajo nadzor klicev in glasbe. Z oceno vodoodpornosti IPX4 je TWS3 odporen na de\u017e in znoj, idealen za brezskrbno vadbo. Osve\u017eite svojo zvo\u010dno izku\u0161njo s temi elegantnimi in brez\u017ei\u010dnimi slu\u0161alkami.<\/p>\n<p>&nbsp;<\/p>","protected":false},"featured_media":3565,"template":"","meta":{"site-sidebar-layout":"default","site-content-layout":"default","ast-site-content-layout":"default","site-content-style":"default","site-sidebar-style":"default","ast-global-header-display":"","ast-banner-title-visibility":"","ast-main-header-display":"","ast-hfb-above-header-display":"","ast-hfb-below-header-display":"","ast-hfb-mobile-header-display":"","site-post-title":"","ast-breadcrumbs-content":"","ast-featured-img":"","footer-sml-layout":"","theme-transparent-header-meta":"default","adv-header-id-meta":"","stick-header-meta":"default","header-above-stick-meta":"","header-main-stick-meta":"","header-below-stick-meta":"","astra-migrate-meta-layouts":"set","ast-page-background-enabled":"default","ast-page-background-meta":{"desktop":{"background-color":"","background-image":"","background-repeat":"repeat","background-position":"center center","background-size":"auto","background-attachment":"scroll","background-type":"","background-media":"","overlay-type":"","overlay-color":"","overlay-opacity":"","overlay-gradient":""},"tablet":{"background-color":"","background-image":"","background-repeat":"repeat","background-position":"center center","background-size":"auto","background-attachment":"scroll","background-type":"","background-media":"","overlay-type":"","overlay-color":"","overlay-opacity":"","overlay-gradient":""},"mobile":{"background-color":"","background-image":"","background-repeat":"repeat","background-position":"center center","background-size":"auto","background-attachment":"scroll","background-type":"","background-media":"","overlay-type":"","overlay-color":"","overlay-opacity":"","overlay-gradient":""}},"ast-content-background-meta":{"desktop":{"background-color":"var(--ast-global-color-5)","background-image":"","background-repeat":"repeat","background-position":"center center","background-size":"auto","background-attachment":"scroll","background-type":"","background-media":"","overlay-type":"","overlay-color":"","overlay-opacity":"","overlay-gradient":""},"tablet":{"background-color":"var(--ast-global-color-5)","background-image":"","background-repeat":"repeat","background-position":"center center","background-size":"auto","background-attachment":"scroll","background-type":"","background-media":"","overlay-type":"","overlay-color":"","overlay-opacity":"","overlay-gradient":""},"mobile":{"background-color":"var(--ast-global-color-5)","background-image":"","background-repeat":"repeat","background-position":"center center","background-size":"auto","background-attachment":"scroll","background-type":"","background-media":"","overlay-type":"","overlay-color":"","overlay-opacity":"","overlay-gradient":""}}},"class_list":["post-3559","product","type-product","status-publish","has-post-thumbnail","hentry","product_cat-usne-slusalice-iem","product_cat-bluetooth-slusalice","product_cat-edifier","product_tag-bluetooth-iem","product_tag-ljetni-popusti","desktop-align-center","tablet-align-center","mobile-align-center","ast-product-gallery-layout-horizontal","ast-product-gallery-with-no-image","ast-magnify-disabled","ast-product-tabs-layout-horizontal"],"yoast_head":"<!-- This site is optimized with the Yoast SEO plugin v21.4 - https:\/\/yoast.com\/wordpress\/plugins\/seo\/ -->\n<title>Edifier TWS3 - hd-multimedia<\/title>\n<meta name=\"description\" content=\"Edifier TWS3 be\u017ei\u010dne sportske u\u0161ne slu\u0161alice, otporne na vlagu i znoj (IPX4 klasa). cVc smanjenje \u0161uma prilikom razgovora.\" \/>\n<meta name=\"robots\" content=\"index, follow, max-snippet:-1, max-image-preview:large, max-video-preview:-1\" \/>\n<link rel=\"canonical\" href=\"https:\/\/hd-multimedia.com\/sl\/trgovina\/edifier-tws3\/\" \/>\n<meta property=\"og:locale\" content=\"sl_SI\" \/>\n<meta property=\"og:type\" content=\"article\" \/>\n<meta property=\"og:title\" content=\"Edifier TWS3 - hd-multimedia\" \/>\n<meta property=\"og:description\" content=\"Edifier TWS3 be\u017ei\u010dne sportske u\u0161ne slu\u0161alice, otporne na vlagu i znoj (IPX4 klasa). cVc smanjenje \u0161uma prilikom razgovora.\" \/>\n<meta property=\"og:url\" content=\"https:\/\/hd-multimedia.com\/sl\/trgovina\/edifier-tws3\/\" \/>\n<meta property=\"og:site_name\" content=\"hd-multimedia\" \/>\n<meta property=\"article:modified_time\" content=\"2025-12-06T15:36:16+00:00\" \/>\n<meta property=\"og:image\" content=\"https:\/\/hd-multimedia.com\/hdm_media\/edifier-tws3.jpg\" \/>\n\t<meta property=\"og:image:width\" content=\"1500\" \/>\n\t<meta property=\"og:image:height\" content=\"1500\" \/>\n\t<meta property=\"og:image:type\" content=\"image\/jpeg\" \/>\n<meta name=\"twitter:card\" content=\"summary_large_image\" \/>\n<meta name=\"twitter:label1\" content=\"Est. reading time\" \/>\n\t<meta name=\"twitter:data1\" content=\"1 minuta\" \/>\n<script type=\"application\/ld+json\" class=\"yoast-schema-graph\">{\"@context\":\"https:\/\/schema.org\",\"@graph\":[{\"@type\":\"WebPage\",\"@id\":\"https:\/\/hd-multimedia.com\/trgovina\/edifier-tws3\/\",\"url\":\"https:\/\/hd-multimedia.com\/trgovina\/edifier-tws3\/\",\"name\":\"Edifier TWS3 - hd-multimedia\",\"isPartOf\":{\"@id\":\"https:\/\/hd-multimedia.com\/#website\"},\"datePublished\":\"2020-06-18T09:56:01+00:00\",\"dateModified\":\"2025-12-06T15:36:16+00:00\",\"description\":\"Edifier TWS3 be\u017ei\u010dne sportske u\u0161ne slu\u0161alice, otporne na vlagu i znoj (IPX4 klasa). cVc smanjenje \u0161uma prilikom razgovora.\",\"breadcrumb\":{\"@id\":\"https:\/\/hd-multimedia.com\/trgovina\/edifier-tws3\/#breadcrumb\"},\"inLanguage\":\"sl-SI\",\"potentialAction\":[{\"@type\":\"ReadAction\",\"target\":[\"https:\/\/hd-multimedia.com\/trgovina\/edifier-tws3\/\"]}]},{\"@type\":\"BreadcrumbList\",\"@id\":\"https:\/\/hd-multimedia.com\/trgovina\/edifier-tws3\/#breadcrumb\",\"itemListElement\":[{\"@type\":\"ListItem\",\"position\":1,\"name\":\"Po\u010detna stranica\",\"item\":\"https:\/\/hd-multimedia.com\/\"},{\"@type\":\"ListItem\",\"position\":2,\"name\":\"Trgovina\",\"item\":\"https:\/\/hd-multimedia.com\/trgovina\/\"},{\"@type\":\"ListItem\",\"position\":3,\"name\":\"Edifier TWS3\"}]},{\"@type\":\"WebSite\",\"@id\":\"https:\/\/hd-multimedia.com\/#website\",\"url\":\"https:\/\/hd-multimedia.com\/\",\"name\":\"hd-multimedia\",\"description\":\"\",\"publisher\":{\"@id\":\"https:\/\/hd-multimedia.com\/#organization\"},\"potentialAction\":[{\"@type\":\"SearchAction\",\"target\":{\"@type\":\"EntryPoint\",\"urlTemplate\":\"https:\/\/hd-multimedia.com\/?s={search_term_string}\"},\"query-input\":\"required name=search_term_string\"}],\"inLanguage\":\"sl-SI\"},{\"@type\":\"Organization\",\"@id\":\"https:\/\/hd-multimedia.com\/#organization\",\"name\":\"hd-multimedia\",\"url\":\"https:\/\/hd-multimedia.com\/\",\"logo\":{\"@type\":\"ImageObject\",\"inLanguage\":\"sl-SI\",\"@id\":\"https:\/\/hd-multimedia.com\/#\/schema\/logo\/image\/\",\"url\":\"https:\/\/hd-multimedia.com\/hdm_media\/HD-curves-ok-196-56px-alpha-1.png\",\"contentUrl\":\"https:\/\/hd-multimedia.com\/hdm_media\/HD-curves-ok-196-56px-alpha-1.png\",\"width\":196,\"height\":53,\"caption\":\"hd-multimedia\"},\"image\":{\"@id\":\"https:\/\/hd-multimedia.com\/#\/schema\/logo\/image\/\"}}]}<\/script>\n<!-- \/ Yoast SEO plugin. -->","yoast_head_json":{"title":"Edifier TWS3 - hd-multimedia","description":"Edifier TWS3 be\u017ei\u010dne sportske u\u0161ne slu\u0161alice, otporne na vlagu i znoj (IPX4 klasa). cVc smanjenje \u0161uma prilikom razgovora.","robots":{"index":"index","follow":"follow","max-snippet":"max-snippet:-1","max-image-preview":"max-image-preview:large","max-video-preview":"max-video-preview:-1"},"canonical":"https:\/\/hd-multimedia.com\/sl\/trgovina\/edifier-tws3\/","og_locale":"sl_SI","og_type":"article","og_title":"Edifier TWS3 - hd-multimedia","og_description":"Edifier TWS3 be\u017ei\u010dne sportske u\u0161ne slu\u0161alice, otporne na vlagu i znoj (IPX4 klasa). cVc smanjenje \u0161uma prilikom razgovora.","og_url":"https:\/\/hd-multimedia.com\/sl\/trgovina\/edifier-tws3\/","og_site_name":"hd-multimedia","article_modified_time":"2025-12-06T15:36:16+00:00","og_image":[{"width":1500,"height":1500,"url":"https:\/\/hd-multimedia.com\/hdm_media\/edifier-tws3.jpg","type":"image\/jpeg"}],"twitter_card":"summary_large_image","twitter_misc":{"Est. reading time":"1 minuta"},"schema":{"@context":"https:\/\/schema.org","@graph":[{"@type":"WebPage","@id":"https:\/\/hd-multimedia.com\/trgovina\/edifier-tws3\/","url":"https:\/\/hd-multimedia.com\/trgovina\/edifier-tws3\/","name":"Edifier TWS3 - hd-multimedia","isPartOf":{"@id":"https:\/\/hd-multimedia.com\/#website"},"datePublished":"2020-06-18T09:56:01+00:00","dateModified":"2025-12-06T15:36:16+00:00","description":"Edifier TWS3 be\u017ei\u010dne sportske u\u0161ne slu\u0161alice, otporne na vlagu i znoj (IPX4 klasa). cVc smanjenje \u0161uma prilikom razgovora.","breadcrumb":{"@id":"https:\/\/hd-multimedia.com\/trgovina\/edifier-tws3\/#breadcrumb"},"inLanguage":"sl-SI","potentialAction":[{"@type":"ReadAction","target":["https:\/\/hd-multimedia.com\/trgovina\/edifier-tws3\/"]}]},{"@type":"BreadcrumbList","@id":"https:\/\/hd-multimedia.com\/trgovina\/edifier-tws3\/#breadcrumb","itemListElement":[{"@type":"ListItem","position":1,"name":"Po\u010detna stranica","item":"https:\/\/hd-multimedia.com\/"},{"@type":"ListItem","position":2,"name":"Trgovina","item":"https:\/\/hd-multimedia.com\/trgovina\/"},{"@type":"ListItem","position":3,"name":"Edifier TWS3"}]},{"@type":"WebSite","@id":"https:\/\/hd-multimedia.com\/#website","url":"https:\/\/hd-multimedia.com\/","name":"hd-multimedia","description":"","publisher":{"@id":"https:\/\/hd-multimedia.com\/#organization"},"potentialAction":[{"@type":"SearchAction","target":{"@type":"EntryPoint","urlTemplate":"https:\/\/hd-multimedia.com\/?s={search_term_string}"},"query-input":"required name=search_term_string"}],"inLanguage":"sl-SI"},{"@type":"Organization","@id":"https:\/\/hd-multimedia.com\/#organization","name":"hd-multimedia","url":"https:\/\/hd-multimedia.com\/","logo":{"@type":"ImageObject","inLanguage":"sl-SI","@id":"https:\/\/hd-multimedia.com\/#\/schema\/logo\/image\/","url":"https:\/\/hd-multimedia.com\/hdm_media\/HD-curves-ok-196-56px-alpha-1.png","contentUrl":"https:\/\/hd-multimedia.com\/hdm_media\/HD-curves-ok-196-56px-alpha-1.png","width":196,"height":53,"caption":"hd-multimedia"},"image":{"@id":"https:\/\/hd-multimedia.com\/#\/schema\/logo\/image\/"}}]}},"post_mailing_queue_ids":[],"_links":{"self":[{"href":"https:\/\/hd-multimedia.com\/sl\/wp-json\/wp\/v2\/product\/3559","targetHints":{"allow":["GET"]}}],"collection":[{"href":"https:\/\/hd-multimedia.com\/sl\/wp-json\/wp\/v2\/product"}],"about":[{"href":"https:\/\/hd-multimedia.com\/sl\/wp-json\/wp\/v2\/types\/product"}],"version-history":[{"count":5,"href":"https:\/\/hd-multimedia.com\/sl\/wp-json\/wp\/v2\/product\/3559\/revisions"}],"predecessor-version":[{"id":13772,"href":"https:\/\/hd-multimedia.com\/sl\/wp-json\/wp\/v2\/product\/3559\/revisions\/13772"}],"wp:featuredmedia":[{"embeddable":true,"href":"https:\/\/hd-multimedia.com\/sl\/wp-json\/wp\/v2\/media\/3565"}],"wp:attachment":[{"href":"https:\/\/hd-multimedia.com\/sl\/wp-json\/wp\/v2\/media?parent=3559"}],"curies":[{"name":"wp","href":"https:\/\/api.w.org\/{rel}","templated":true}]}}