{"id":3556,"date":"2020-06-18T09:50:52","date_gmt":"2020-06-18T09:50:52","guid":{"rendered":"https:\/\/hd-multimedia.com\/?post_type=product&#038;p=3556"},"modified":"2025-09-10T19:52:52","modified_gmt":"2025-09-10T19:52:52","slug":"edifier-w855bt","status":"publish","type":"product","link":"https:\/\/hd-multimedia.com\/sl\/trgovina\/edifier-w855bt\/","title":{"rendered":"Edifier W855BT"},"content":{"rendered":"<p>Edifier W855BT \u2013 Bluetooth 4.1 brez\u017ei\u010dne slu\u0161alke z aptX dekoderjem in 20 ur neprekinjenega delovanja. S kontrolniki za predvajanje na u\u0161esu enostavno prilagodite in spremenite zvok, da bo ustrezal va\u0161im potrebam. Nikoli ve\u010d ne posegajte po napravi, da bi prilagodili glasnost ali zamenjali pesmi. \u010ce morate na hitro za\u010dasno ustaviti zvok in se z nekom pogovoriti, pritisnite gumb na slu\u0161alki in za\u010dnite pogovor. Ko je pogovor kon\u010dan, pritisnite gumb za predvajanje in nadaljujte s poslu\u0161anjem.<\/p>\n<ul>\n<li>Razli\u010dica Bluetooth: Bluetooth V4.1<\/li>\n<li>U\u010dinkovit domet: pribli\u017eno 10 m<\/li>\n<li>Bluetooth profil: HFP, HSP, A2DP, AVRCP<\/li>\n<li>Frekven\u010dni odziv: 20Hz-20KHz<\/li>\n<li>Pogonska enota: 40 mm<\/li>\n<li>Impedanca: 32\u03a9<\/li>\n<li>Vhodna ob\u010dutljivost: 98dB<\/li>\n<\/ul>","protected":false},"excerpt":{"rendered":"<p>U\u017eivajte v vrhunskem nadzoru zvoka s slu\u0161alkami, ki imajo nau\u0161esne kontrole predvajanja za preprosto prilagajanje. Nikoli ve\u010d vam ni treba pose\u010di po napravi, da prilagodite glasnost ali izbiro glasbe. Preprosto zaustavite zvok za pogovor s hitrim pritiskom na u\u0161esni gumb, nato preprosto nadaljujte s predvajanjem. Avdio dekodiranje APT-X zagotavlja vrhunsko kakovost zvoka. Slu\u0161alke postavljajo udobje na prvo mesto in zagotavljajo ob\u010dutek blazine na va\u0161i glavi, kar zagotavlja, da je va\u0161a izku\u0161nja poslu\u0161anja izjemna in razko\u0161na. Izbolj\u0161ajte svoje zvo\u010dno potovanje z intuitivnim nadzorom in udobjem brez primere. (izdelek z napako, po\u0161kodba usnja na slu\u0161alkah)<\/p>\n<p>&nbsp;<\/p>","protected":false},"featured_media":4995,"template":"","meta":{"site-sidebar-layout":"default","site-content-layout":"default","ast-site-content-layout":"default","site-content-style":"default","site-sidebar-style":"default","ast-global-header-display":"","ast-banner-title-visibility":"","ast-main-header-display":"","ast-hfb-above-header-display":"","ast-hfb-below-header-display":"","ast-hfb-mobile-header-display":"","site-post-title":"","ast-breadcrumbs-content":"","ast-featured-img":"","footer-sml-layout":"","theme-transparent-header-meta":"default","adv-header-id-meta":"","stick-header-meta":"default","header-above-stick-meta":"","header-main-stick-meta":"","header-below-stick-meta":"","astra-migrate-meta-layouts":"set","ast-page-background-enabled":"default","ast-page-background-meta":{"desktop":{"background-color":"","background-image":"","background-repeat":"repeat","background-position":"center center","background-size":"auto","background-attachment":"scroll","background-type":"","background-media":"","overlay-type":"","overlay-color":"","overlay-opacity":"","overlay-gradient":""},"tablet":{"background-color":"","background-image":"","background-repeat":"repeat","background-position":"center center","background-size":"auto","background-attachment":"scroll","background-type":"","background-media":"","overlay-type":"","overlay-color":"","overlay-opacity":"","overlay-gradient":""},"mobile":{"background-color":"","background-image":"","background-repeat":"repeat","background-position":"center center","background-size":"auto","background-attachment":"scroll","background-type":"","background-media":"","overlay-type":"","overlay-color":"","overlay-opacity":"","overlay-gradient":""}},"ast-content-background-meta":{"desktop":{"background-color":"var(--ast-global-color-5)","background-image":"","background-repeat":"repeat","background-position":"center center","background-size":"auto","background-attachment":"scroll","background-type":"","background-media":"","overlay-type":"","overlay-color":"","overlay-opacity":"","overlay-gradient":""},"tablet":{"background-color":"var(--ast-global-color-5)","background-image":"","background-repeat":"repeat","background-position":"center center","background-size":"auto","background-attachment":"scroll","background-type":"","background-media":"","overlay-type":"","overlay-color":"","overlay-opacity":"","overlay-gradient":""},"mobile":{"background-color":"var(--ast-global-color-5)","background-image":"","background-repeat":"repeat","background-position":"center center","background-size":"auto","background-attachment":"scroll","background-type":"","background-media":"","overlay-type":"","overlay-color":"","overlay-opacity":"","overlay-gradient":""}}},"class_list":["post-3556","product","type-product","status-publish","has-post-thumbnail","hentry","product_cat-bluetooth-slusalice","product_cat-naglavne-slusalice","product_cat-edifier","desktop-align-center","tablet-align-center","mobile-align-center","ast-product-gallery-layout-horizontal","ast-magnify-disabled","ast-product-single-variable","ast-product-tabs-layout-horizontal"],"yoast_head":"<!-- This site is optimized with the Yoast SEO plugin v21.4 - https:\/\/yoast.com\/wordpress\/plugins\/seo\/ -->\n<title>Edifier W855BT - hd-multimedia<\/title>\n<meta name=\"description\" content=\"Edifier W855BT - Bluetooth 4.1 be\u017ei\u010dne naglavne slu\u0161alice s aptX dekoderom i 20 sati neprekidnog rada, visoke udobnosti izra\u0111ene od kvalitetnih materijala.\u00a0\" \/>\n<meta name=\"robots\" content=\"index, follow, max-snippet:-1, max-image-preview:large, max-video-preview:-1\" \/>\n<link rel=\"canonical\" href=\"https:\/\/hd-multimedia.com\/sl\/trgovina\/edifier-w855bt\/\" \/>\n<meta property=\"og:locale\" content=\"sl_SI\" \/>\n<meta property=\"og:type\" content=\"article\" \/>\n<meta property=\"og:title\" content=\"Edifier W855BT - hd-multimedia\" \/>\n<meta property=\"og:description\" content=\"Edifier W855BT - Bluetooth 4.1 be\u017ei\u010dne naglavne slu\u0161alice s aptX dekoderom i 20 sati neprekidnog rada, visoke udobnosti izra\u0111ene od kvalitetnih materijala.\u00a0\" \/>\n<meta property=\"og:url\" content=\"https:\/\/hd-multimedia.com\/sl\/trgovina\/edifier-w855bt\/\" \/>\n<meta property=\"og:site_name\" content=\"hd-multimedia\" \/>\n<meta property=\"article:modified_time\" content=\"2025-09-10T19:52:52+00:00\" \/>\n<meta property=\"og:image\" content=\"https:\/\/hd-multimedia.com\/hdm_media\/edifier-w855bt-3-600x600-1.jpg\" \/>\n\t<meta property=\"og:image:width\" content=\"750\" \/>\n\t<meta property=\"og:image:height\" content=\"750\" \/>\n\t<meta property=\"og:image:type\" content=\"image\/jpeg\" \/>\n<meta name=\"twitter:card\" content=\"summary_large_image\" \/>\n<meta name=\"twitter:label1\" content=\"Est. reading time\" \/>\n\t<meta name=\"twitter:data1\" content=\"1 minuta\" \/>\n<script type=\"application\/ld+json\" class=\"yoast-schema-graph\">{\"@context\":\"https:\/\/schema.org\",\"@graph\":[{\"@type\":\"WebPage\",\"@id\":\"https:\/\/hd-multimedia.com\/trgovina\/edifier-w855bt\/\",\"url\":\"https:\/\/hd-multimedia.com\/trgovina\/edifier-w855bt\/\",\"name\":\"Edifier W855BT - hd-multimedia\",\"isPartOf\":{\"@id\":\"https:\/\/hd-multimedia.com\/#website\"},\"datePublished\":\"2020-06-18T09:50:52+00:00\",\"dateModified\":\"2025-09-10T19:52:52+00:00\",\"description\":\"Edifier W855BT - Bluetooth 4.1 be\u017ei\u010dne naglavne slu\u0161alice s aptX dekoderom i 20 sati neprekidnog rada, visoke udobnosti izra\u0111ene od kvalitetnih materijala.\u00a0\",\"breadcrumb\":{\"@id\":\"https:\/\/hd-multimedia.com\/trgovina\/edifier-w855bt\/#breadcrumb\"},\"inLanguage\":\"sl-SI\",\"potentialAction\":[{\"@type\":\"ReadAction\",\"target\":[\"https:\/\/hd-multimedia.com\/trgovina\/edifier-w855bt\/\"]}]},{\"@type\":\"BreadcrumbList\",\"@id\":\"https:\/\/hd-multimedia.com\/trgovina\/edifier-w855bt\/#breadcrumb\",\"itemListElement\":[{\"@type\":\"ListItem\",\"position\":1,\"name\":\"Po\u010detna stranica\",\"item\":\"https:\/\/hd-multimedia.com\/\"},{\"@type\":\"ListItem\",\"position\":2,\"name\":\"Trgovina\",\"item\":\"https:\/\/hd-multimedia.com\/trgovina\/\"},{\"@type\":\"ListItem\",\"position\":3,\"name\":\"Edifier W855BT\"}]},{\"@type\":\"WebSite\",\"@id\":\"https:\/\/hd-multimedia.com\/#website\",\"url\":\"https:\/\/hd-multimedia.com\/\",\"name\":\"hd-multimedia\",\"description\":\"\",\"publisher\":{\"@id\":\"https:\/\/hd-multimedia.com\/#organization\"},\"potentialAction\":[{\"@type\":\"SearchAction\",\"target\":{\"@type\":\"EntryPoint\",\"urlTemplate\":\"https:\/\/hd-multimedia.com\/?s={search_term_string}\"},\"query-input\":\"required name=search_term_string\"}],\"inLanguage\":\"sl-SI\"},{\"@type\":\"Organization\",\"@id\":\"https:\/\/hd-multimedia.com\/#organization\",\"name\":\"hd-multimedia\",\"url\":\"https:\/\/hd-multimedia.com\/\",\"logo\":{\"@type\":\"ImageObject\",\"inLanguage\":\"sl-SI\",\"@id\":\"https:\/\/hd-multimedia.com\/#\/schema\/logo\/image\/\",\"url\":\"https:\/\/hd-multimedia.com\/hdm_media\/HD-curves-ok-196-56px-alpha-1.png\",\"contentUrl\":\"https:\/\/hd-multimedia.com\/hdm_media\/HD-curves-ok-196-56px-alpha-1.png\",\"width\":196,\"height\":53,\"caption\":\"hd-multimedia\"},\"image\":{\"@id\":\"https:\/\/hd-multimedia.com\/#\/schema\/logo\/image\/\"}}]}<\/script>\n<!-- \/ Yoast SEO plugin. -->","yoast_head_json":{"title":"Edifier W855BT - hd-multimedia","description":"Edifier W855BT - Bluetooth 4.1 be\u017ei\u010dne naglavne slu\u0161alice s aptX dekoderom i 20 sati neprekidnog rada, visoke udobnosti izra\u0111ene od kvalitetnih materijala.\u00a0","robots":{"index":"index","follow":"follow","max-snippet":"max-snippet:-1","max-image-preview":"max-image-preview:large","max-video-preview":"max-video-preview:-1"},"canonical":"https:\/\/hd-multimedia.com\/sl\/trgovina\/edifier-w855bt\/","og_locale":"sl_SI","og_type":"article","og_title":"Edifier W855BT - hd-multimedia","og_description":"Edifier W855BT - Bluetooth 4.1 be\u017ei\u010dne naglavne slu\u0161alice s aptX dekoderom i 20 sati neprekidnog rada, visoke udobnosti izra\u0111ene od kvalitetnih materijala.\u00a0","og_url":"https:\/\/hd-multimedia.com\/sl\/trgovina\/edifier-w855bt\/","og_site_name":"hd-multimedia","article_modified_time":"2025-09-10T19:52:52+00:00","og_image":[{"width":750,"height":750,"url":"https:\/\/hd-multimedia.com\/hdm_media\/edifier-w855bt-3-600x600-1.jpg","type":"image\/jpeg"}],"twitter_card":"summary_large_image","twitter_misc":{"Est. reading time":"1 minuta"},"schema":{"@context":"https:\/\/schema.org","@graph":[{"@type":"WebPage","@id":"https:\/\/hd-multimedia.com\/trgovina\/edifier-w855bt\/","url":"https:\/\/hd-multimedia.com\/trgovina\/edifier-w855bt\/","name":"Edifier W855BT - hd-multimedia","isPartOf":{"@id":"https:\/\/hd-multimedia.com\/#website"},"datePublished":"2020-06-18T09:50:52+00:00","dateModified":"2025-09-10T19:52:52+00:00","description":"Edifier W855BT - Bluetooth 4.1 be\u017ei\u010dne naglavne slu\u0161alice s aptX dekoderom i 20 sati neprekidnog rada, visoke udobnosti izra\u0111ene od kvalitetnih materijala.\u00a0","breadcrumb":{"@id":"https:\/\/hd-multimedia.com\/trgovina\/edifier-w855bt\/#breadcrumb"},"inLanguage":"sl-SI","potentialAction":[{"@type":"ReadAction","target":["https:\/\/hd-multimedia.com\/trgovina\/edifier-w855bt\/"]}]},{"@type":"BreadcrumbList","@id":"https:\/\/hd-multimedia.com\/trgovina\/edifier-w855bt\/#breadcrumb","itemListElement":[{"@type":"ListItem","position":1,"name":"Po\u010detna stranica","item":"https:\/\/hd-multimedia.com\/"},{"@type":"ListItem","position":2,"name":"Trgovina","item":"https:\/\/hd-multimedia.com\/trgovina\/"},{"@type":"ListItem","position":3,"name":"Edifier W855BT"}]},{"@type":"WebSite","@id":"https:\/\/hd-multimedia.com\/#website","url":"https:\/\/hd-multimedia.com\/","name":"hd-multimedia","description":"","publisher":{"@id":"https:\/\/hd-multimedia.com\/#organization"},"potentialAction":[{"@type":"SearchAction","target":{"@type":"EntryPoint","urlTemplate":"https:\/\/hd-multimedia.com\/?s={search_term_string}"},"query-input":"required name=search_term_string"}],"inLanguage":"sl-SI"},{"@type":"Organization","@id":"https:\/\/hd-multimedia.com\/#organization","name":"hd-multimedia","url":"https:\/\/hd-multimedia.com\/","logo":{"@type":"ImageObject","inLanguage":"sl-SI","@id":"https:\/\/hd-multimedia.com\/#\/schema\/logo\/image\/","url":"https:\/\/hd-multimedia.com\/hdm_media\/HD-curves-ok-196-56px-alpha-1.png","contentUrl":"https:\/\/hd-multimedia.com\/hdm_media\/HD-curves-ok-196-56px-alpha-1.png","width":196,"height":53,"caption":"hd-multimedia"},"image":{"@id":"https:\/\/hd-multimedia.com\/#\/schema\/logo\/image\/"}}]}},"post_mailing_queue_ids":[],"_links":{"self":[{"href":"https:\/\/hd-multimedia.com\/sl\/wp-json\/wp\/v2\/product\/3556","targetHints":{"allow":["GET"]}}],"collection":[{"href":"https:\/\/hd-multimedia.com\/sl\/wp-json\/wp\/v2\/product"}],"about":[{"href":"https:\/\/hd-multimedia.com\/sl\/wp-json\/wp\/v2\/types\/product"}],"version-history":[{"count":7,"href":"https:\/\/hd-multimedia.com\/sl\/wp-json\/wp\/v2\/product\/3556\/revisions"}],"predecessor-version":[{"id":13906,"href":"https:\/\/hd-multimedia.com\/sl\/wp-json\/wp\/v2\/product\/3556\/revisions\/13906"}],"wp:featuredmedia":[{"embeddable":true,"href":"https:\/\/hd-multimedia.com\/sl\/wp-json\/wp\/v2\/media\/4995"}],"wp:attachment":[{"href":"https:\/\/hd-multimedia.com\/sl\/wp-json\/wp\/v2\/media?parent=3556"}],"curies":[{"name":"wp","href":"https:\/\/api.w.org\/{rel}","templated":true}]}}