{"id":3553,"date":"2020-06-18T09:43:50","date_gmt":"2020-06-18T09:43:50","guid":{"rendered":"https:\/\/hd-multimedia.com\/?post_type=product&#038;p=3553"},"modified":"2025-04-22T16:42:16","modified_gmt":"2025-04-22T16:42:16","slug":"edifier-w296bt","status":"publish","type":"product","link":"https:\/\/hd-multimedia.com\/sl\/trgovina\/edifier-w296bt\/","title":{"rendered":"Edifier W296BT"},"content":{"rendered":"<p>Edifier W296BT \u2013 \u0161portne slu\u0161alke Bluetooth 4.1 (IEM), odporne na vlago in znoj (razred IPX5) in s sponko proti izpadanju.<\/p>\n<p>\u2013 GONILSKA ENOTA: 5,8 mm<\/p>\n<p>\u2013 RAZLI\u010cICA BLUETOOTH: Bluetooth V4.1<\/p>\n<p>\u2013 PODPRTI PROFILI: HFP, HSP, A2DP, AVRCP<\/p>\n<p>\u2013 TE\u017dA: 0,0172 kg<\/p>\n<p>\u2013 NIVO ZVO\u010cNEGA PRITISKA: 100dB<\/p>\n<p>\u2013 IMPEDANCA: 16 Ohm<\/p>\n<p>\u2013 FREKVEN\u010cNI ODZIV: 20 \u2013 20.000 Hz<\/p>\n<p><a href=\"https:\/\/edifier-online.com\/us\/en\/headphones-earphones\/w296bt-wireless-in-ear-waterproof-bluetooth-earphones\" target=\"_blank\" rel=\"noopener\">Ostale informacije najdete na tej povezavi.<\/a><\/p>","protected":false},"excerpt":{"rendered":"<p>Potopite se v mo\u010dne nizke tone s slu\u0161alkami Edifier W296BT, zasnovanimi za sodobne glasbene zvrsti in intenzivno vadbo. Varno prileganje in u\u0161esni kavlji zagotavljajo, da ostanejo na mestu med aktivnostmi, medtem ko ohi\u0161je IPX5 \u0161\u010diti pred znojem in vodo. U\u017eivajte v brez\u017ei\u010dnem prenosu s tehnologijo Bluetooth 4.1 CSR, ki zagotavlja doseg do 10 metrov in omogo\u010da povezavo z dvema napravama hkrati. Prevzemite nadzor nad svojim zvokom s priro\u010dnim nadzorom predvajanja in glasnosti. Naj bodo va\u0161i kabli urejeni s sponko za slu\u0161alke, ki vam omogo\u010da prilagajanje dol\u017eine. Izbolj\u0161ajte svojo vadbeno izku\u0161njo z Edifier W296BT za dinami\u010den zvok in udobje.<\/p>\n<p><a href=\"https:\/\/edifier-online.com\/us\/en\/headphones-earphones\/w296bt-wireless-in-ear-waterproof-bluetooth-earphones\" target=\"_blank\" rel=\"noopener\">Ostale informacije najdete na tej povezavi.<\/a><\/p>","protected":false},"featured_media":16045,"template":"","meta":{"site-sidebar-layout":"default","site-content-layout":"default","ast-site-content-layout":"default","site-content-style":"default","site-sidebar-style":"default","ast-global-header-display":"","ast-banner-title-visibility":"","ast-main-header-display":"","ast-hfb-above-header-display":"","ast-hfb-below-header-display":"","ast-hfb-mobile-header-display":"","site-post-title":"","ast-breadcrumbs-content":"","ast-featured-img":"","footer-sml-layout":"","theme-transparent-header-meta":"default","adv-header-id-meta":"","stick-header-meta":"default","header-above-stick-meta":"","header-main-stick-meta":"","header-below-stick-meta":"","astra-migrate-meta-layouts":"set","ast-page-background-enabled":"default","ast-page-background-meta":{"desktop":{"background-color":"","background-image":"","background-repeat":"repeat","background-position":"center center","background-size":"auto","background-attachment":"scroll","background-type":"","background-media":"","overlay-type":"","overlay-color":"","overlay-opacity":"","overlay-gradient":""},"tablet":{"background-color":"","background-image":"","background-repeat":"repeat","background-position":"center center","background-size":"auto","background-attachment":"scroll","background-type":"","background-media":"","overlay-type":"","overlay-color":"","overlay-opacity":"","overlay-gradient":""},"mobile":{"background-color":"","background-image":"","background-repeat":"repeat","background-position":"center center","background-size":"auto","background-attachment":"scroll","background-type":"","background-media":"","overlay-type":"","overlay-color":"","overlay-opacity":"","overlay-gradient":""}},"ast-content-background-meta":{"desktop":{"background-color":"var(--ast-global-color-5)","background-image":"","background-repeat":"repeat","background-position":"center center","background-size":"auto","background-attachment":"scroll","background-type":"","background-media":"","overlay-type":"","overlay-color":"","overlay-opacity":"","overlay-gradient":""},"tablet":{"background-color":"var(--ast-global-color-5)","background-image":"","background-repeat":"repeat","background-position":"center center","background-size":"auto","background-attachment":"scroll","background-type":"","background-media":"","overlay-type":"","overlay-color":"","overlay-opacity":"","overlay-gradient":""},"mobile":{"background-color":"var(--ast-global-color-5)","background-image":"","background-repeat":"repeat","background-position":"center center","background-size":"auto","background-attachment":"scroll","background-type":"","background-media":"","overlay-type":"","overlay-color":"","overlay-opacity":"","overlay-gradient":""}}},"class_list":["post-3553","product","type-product","status-publish","has-post-thumbnail","hentry","product_cat-usne-slusalice-iem","product_cat-bluetooth-slusalice","product_cat-edifier","product_tag-bluetooth-iem","product_tag-pokloni-za-bozic","desktop-align-center","tablet-align-center","mobile-align-center","ast-product-gallery-layout-horizontal","ast-magnify-disabled","ast-product-tabs-layout-horizontal"],"yoast_head":"<!-- This site is optimized with the Yoast SEO plugin v21.4 - https:\/\/yoast.com\/wordpress\/plugins\/seo\/ -->\n<title>Edifier W296BT - hd-multimedia<\/title>\n<meta name=\"description\" content=\"Edifier W296BT - Bluetooth 4.1 (IEM) sportske slu\u0161alice, otporne na vlagu i znoj (IPX5 klasa) i sa u\u010dvr\u0161\u0107iva\u010dem protiv ispadanja.\" \/>\n<meta name=\"robots\" content=\"index, follow, max-snippet:-1, max-image-preview:large, max-video-preview:-1\" \/>\n<link rel=\"canonical\" href=\"https:\/\/hd-multimedia.com\/sl\/trgovina\/edifier-w296bt\/\" \/>\n<meta property=\"og:locale\" content=\"sl_SI\" \/>\n<meta property=\"og:type\" content=\"article\" \/>\n<meta property=\"og:title\" content=\"Edifier W296BT - hd-multimedia\" \/>\n<meta property=\"og:description\" content=\"Edifier W296BT - Bluetooth 4.1 (IEM) sportske slu\u0161alice, otporne na vlagu i znoj (IPX5 klasa) i sa u\u010dvr\u0161\u0107iva\u010dem protiv ispadanja.\" \/>\n<meta property=\"og:url\" content=\"https:\/\/hd-multimedia.com\/sl\/trgovina\/edifier-w296bt\/\" \/>\n<meta property=\"og:site_name\" content=\"hd-multimedia\" \/>\n<meta property=\"article:modified_time\" content=\"2025-04-22T16:42:16+00:00\" \/>\n<meta property=\"og:image\" content=\"https:\/\/hd-multimedia.com\/hdm_media\/edifier-w296bt-600x600-1.jpg\" \/>\n\t<meta property=\"og:image:width\" content=\"600\" \/>\n\t<meta property=\"og:image:height\" content=\"600\" \/>\n\t<meta property=\"og:image:type\" content=\"image\/jpeg\" \/>\n<meta name=\"twitter:card\" content=\"summary_large_image\" \/>\n<meta name=\"twitter:label1\" content=\"Est. reading time\" \/>\n\t<meta name=\"twitter:data1\" content=\"1 minuta\" \/>\n<script type=\"application\/ld+json\" class=\"yoast-schema-graph\">{\"@context\":\"https:\/\/schema.org\",\"@graph\":[{\"@type\":\"WebPage\",\"@id\":\"https:\/\/hd-multimedia.com\/trgovina\/edifier-w296bt\/\",\"url\":\"https:\/\/hd-multimedia.com\/trgovina\/edifier-w296bt\/\",\"name\":\"Edifier W296BT - hd-multimedia\",\"isPartOf\":{\"@id\":\"https:\/\/hd-multimedia.com\/#website\"},\"datePublished\":\"2020-06-18T09:43:50+00:00\",\"dateModified\":\"2025-04-22T16:42:16+00:00\",\"description\":\"Edifier W296BT - Bluetooth 4.1 (IEM) sportske slu\u0161alice, otporne na vlagu i znoj (IPX5 klasa) i sa u\u010dvr\u0161\u0107iva\u010dem protiv ispadanja.\",\"breadcrumb\":{\"@id\":\"https:\/\/hd-multimedia.com\/trgovina\/edifier-w296bt\/#breadcrumb\"},\"inLanguage\":\"sl-SI\",\"potentialAction\":[{\"@type\":\"ReadAction\",\"target\":[\"https:\/\/hd-multimedia.com\/trgovina\/edifier-w296bt\/\"]}]},{\"@type\":\"BreadcrumbList\",\"@id\":\"https:\/\/hd-multimedia.com\/trgovina\/edifier-w296bt\/#breadcrumb\",\"itemListElement\":[{\"@type\":\"ListItem\",\"position\":1,\"name\":\"Po\u010detna stranica\",\"item\":\"https:\/\/hd-multimedia.com\/\"},{\"@type\":\"ListItem\",\"position\":2,\"name\":\"Trgovina\",\"item\":\"https:\/\/hd-multimedia.com\/trgovina\/\"},{\"@type\":\"ListItem\",\"position\":3,\"name\":\"Edifier W296BT\"}]},{\"@type\":\"WebSite\",\"@id\":\"https:\/\/hd-multimedia.com\/#website\",\"url\":\"https:\/\/hd-multimedia.com\/\",\"name\":\"hd-multimedia\",\"description\":\"\",\"publisher\":{\"@id\":\"https:\/\/hd-multimedia.com\/#organization\"},\"potentialAction\":[{\"@type\":\"SearchAction\",\"target\":{\"@type\":\"EntryPoint\",\"urlTemplate\":\"https:\/\/hd-multimedia.com\/?s={search_term_string}\"},\"query-input\":\"required name=search_term_string\"}],\"inLanguage\":\"sl-SI\"},{\"@type\":\"Organization\",\"@id\":\"https:\/\/hd-multimedia.com\/#organization\",\"name\":\"hd-multimedia\",\"url\":\"https:\/\/hd-multimedia.com\/\",\"logo\":{\"@type\":\"ImageObject\",\"inLanguage\":\"sl-SI\",\"@id\":\"https:\/\/hd-multimedia.com\/#\/schema\/logo\/image\/\",\"url\":\"https:\/\/hd-multimedia.com\/hdm_media\/HD-curves-ok-196-56px-alpha-1.png\",\"contentUrl\":\"https:\/\/hd-multimedia.com\/hdm_media\/HD-curves-ok-196-56px-alpha-1.png\",\"width\":196,\"height\":53,\"caption\":\"hd-multimedia\"},\"image\":{\"@id\":\"https:\/\/hd-multimedia.com\/#\/schema\/logo\/image\/\"}}]}<\/script>\n<!-- \/ Yoast SEO plugin. -->","yoast_head_json":{"title":"Edifier W296BT - hd-multimedia","description":"Edifier W296BT - Bluetooth 4.1 (IEM) sportske slu\u0161alice, otporne na vlagu i znoj (IPX5 klasa) i sa u\u010dvr\u0161\u0107iva\u010dem protiv ispadanja.","robots":{"index":"index","follow":"follow","max-snippet":"max-snippet:-1","max-image-preview":"max-image-preview:large","max-video-preview":"max-video-preview:-1"},"canonical":"https:\/\/hd-multimedia.com\/sl\/trgovina\/edifier-w296bt\/","og_locale":"sl_SI","og_type":"article","og_title":"Edifier W296BT - hd-multimedia","og_description":"Edifier W296BT - Bluetooth 4.1 (IEM) sportske slu\u0161alice, otporne na vlagu i znoj (IPX5 klasa) i sa u\u010dvr\u0161\u0107iva\u010dem protiv ispadanja.","og_url":"https:\/\/hd-multimedia.com\/sl\/trgovina\/edifier-w296bt\/","og_site_name":"hd-multimedia","article_modified_time":"2025-04-22T16:42:16+00:00","og_image":[{"width":600,"height":600,"url":"https:\/\/hd-multimedia.com\/hdm_media\/edifier-w296bt-600x600-1.jpg","type":"image\/jpeg"}],"twitter_card":"summary_large_image","twitter_misc":{"Est. reading time":"1 minuta"},"schema":{"@context":"https:\/\/schema.org","@graph":[{"@type":"WebPage","@id":"https:\/\/hd-multimedia.com\/trgovina\/edifier-w296bt\/","url":"https:\/\/hd-multimedia.com\/trgovina\/edifier-w296bt\/","name":"Edifier W296BT - hd-multimedia","isPartOf":{"@id":"https:\/\/hd-multimedia.com\/#website"},"datePublished":"2020-06-18T09:43:50+00:00","dateModified":"2025-04-22T16:42:16+00:00","description":"Edifier W296BT - Bluetooth 4.1 (IEM) sportske slu\u0161alice, otporne na vlagu i znoj (IPX5 klasa) i sa u\u010dvr\u0161\u0107iva\u010dem protiv ispadanja.","breadcrumb":{"@id":"https:\/\/hd-multimedia.com\/trgovina\/edifier-w296bt\/#breadcrumb"},"inLanguage":"sl-SI","potentialAction":[{"@type":"ReadAction","target":["https:\/\/hd-multimedia.com\/trgovina\/edifier-w296bt\/"]}]},{"@type":"BreadcrumbList","@id":"https:\/\/hd-multimedia.com\/trgovina\/edifier-w296bt\/#breadcrumb","itemListElement":[{"@type":"ListItem","position":1,"name":"Po\u010detna stranica","item":"https:\/\/hd-multimedia.com\/"},{"@type":"ListItem","position":2,"name":"Trgovina","item":"https:\/\/hd-multimedia.com\/trgovina\/"},{"@type":"ListItem","position":3,"name":"Edifier W296BT"}]},{"@type":"WebSite","@id":"https:\/\/hd-multimedia.com\/#website","url":"https:\/\/hd-multimedia.com\/","name":"hd-multimedia","description":"","publisher":{"@id":"https:\/\/hd-multimedia.com\/#organization"},"potentialAction":[{"@type":"SearchAction","target":{"@type":"EntryPoint","urlTemplate":"https:\/\/hd-multimedia.com\/?s={search_term_string}"},"query-input":"required name=search_term_string"}],"inLanguage":"sl-SI"},{"@type":"Organization","@id":"https:\/\/hd-multimedia.com\/#organization","name":"hd-multimedia","url":"https:\/\/hd-multimedia.com\/","logo":{"@type":"ImageObject","inLanguage":"sl-SI","@id":"https:\/\/hd-multimedia.com\/#\/schema\/logo\/image\/","url":"https:\/\/hd-multimedia.com\/hdm_media\/HD-curves-ok-196-56px-alpha-1.png","contentUrl":"https:\/\/hd-multimedia.com\/hdm_media\/HD-curves-ok-196-56px-alpha-1.png","width":196,"height":53,"caption":"hd-multimedia"},"image":{"@id":"https:\/\/hd-multimedia.com\/#\/schema\/logo\/image\/"}}]}},"post_mailing_queue_ids":[],"_links":{"self":[{"href":"https:\/\/hd-multimedia.com\/sl\/wp-json\/wp\/v2\/product\/3553","targetHints":{"allow":["GET"]}}],"collection":[{"href":"https:\/\/hd-multimedia.com\/sl\/wp-json\/wp\/v2\/product"}],"about":[{"href":"https:\/\/hd-multimedia.com\/sl\/wp-json\/wp\/v2\/types\/product"}],"version-history":[{"count":7,"href":"https:\/\/hd-multimedia.com\/sl\/wp-json\/wp\/v2\/product\/3553\/revisions"}],"predecessor-version":[{"id":13784,"href":"https:\/\/hd-multimedia.com\/sl\/wp-json\/wp\/v2\/product\/3553\/revisions\/13784"}],"wp:featuredmedia":[{"embeddable":true,"href":"https:\/\/hd-multimedia.com\/sl\/wp-json\/wp\/v2\/media\/16045"}],"wp:attachment":[{"href":"https:\/\/hd-multimedia.com\/sl\/wp-json\/wp\/v2\/media?parent=3553"}],"curies":[{"name":"wp","href":"https:\/\/api.w.org\/{rel}","templated":true}]}}