{"id":3552,"date":"2020-06-18T09:37:10","date_gmt":"2020-06-18T09:37:10","guid":{"rendered":"https:\/\/hd-multimedia.com\/?post_type=product&#038;p=3552"},"modified":"2024-12-04T11:55:50","modified_gmt":"2024-12-04T11:55:50","slug":"edifier-w295bt-plus","status":"publish","type":"product","link":"https:\/\/hd-multimedia.com\/sl\/trgovina\/edifier-w295bt-plus\/","title":{"rendered":"Edifier W295BT"},"content":{"rendered":"<p>\u2013 Pogonska enota: gonilniki 6 mm NdFeB<\/p>\n<p>\u2013 Razli\u010dica Bluetooth: Bluetooth V4.1<\/p>\n<p>\u2013 Podprti profili: HFP, HSP, A2DP, AVRCP<\/p>\n<p>\u2013 Frekven\u010dni odziv: 20 \u2013 20.000 Hz<\/p>\n<p>\u2013 \u010cas predvajanja: pribli\u017eno 12 ur<\/p>\n<p>\u2013 Raven zvo\u010dnega tlaka: 100 dB<\/p>\n<p>\u2013 Impedanca: 24 Ohm<\/p>\n<p>\u2013 Kapaciteta baterije: 85 mAh x 2<\/p>\n<p>\u2013 Te\u017ea: 15,6 g<\/p>","protected":false},"excerpt":{"rendered":"<p>Potopite se v izbolj\u0161ano zvo\u010dno izku\u0161njo z nadgrajenimi 10 mm pogonskimi enotami slu\u0161alk W295BT Plus. Te slu\u0161alke zagotavljajo \u0161ir\u0161o zvo\u010dno kuliso, odli\u010dno lo\u010dljivost in uravnote\u017eeno vokalno obdelavo, zaradi \u010desar so idealne za ljubitelje basov in \u017eanrov, kot sta EDM in hip-hop. Osredoto\u010denost na nizke frekvence zagotavlja \u010distej\u0161e nizke tone kot kdaj koli prej. Mo\u017enost hkratne povezave z dvema razli\u010dnima napravama Bluetooth vam omogo\u010da preprosto preklapljanje med telefonom in ra\u010dunalnikom brez nenehnega prekinjanja povezave. Nastavljiva zasnova na u\u0161esih zagotavlja udobno prileganje, dvojna baterija pa zagotavlja dosledno \u017eivljenjsko dobo baterije do 12 ur. Tristopenjski vgrajeni nadzor vam omogo\u010da enostavno prilagajanje glasnosti, predvajanje glasbe in sprejemanje klicev, kar zagotavlja vsestransko in priro\u010dno izku\u0161njo poslu\u0161anja.<\/p>\n<p>&nbsp;<\/p>","protected":false},"featured_media":3603,"template":"","meta":{"site-sidebar-layout":"default","site-content-layout":"default","ast-site-content-layout":"default","site-content-style":"default","site-sidebar-style":"default","ast-global-header-display":"","ast-banner-title-visibility":"","ast-main-header-display":"","ast-hfb-above-header-display":"","ast-hfb-below-header-display":"","ast-hfb-mobile-header-display":"","site-post-title":"","ast-breadcrumbs-content":"","ast-featured-img":"","footer-sml-layout":"","theme-transparent-header-meta":"default","adv-header-id-meta":"","stick-header-meta":"default","header-above-stick-meta":"","header-main-stick-meta":"","header-below-stick-meta":"","astra-migrate-meta-layouts":"set","ast-page-background-enabled":"default","ast-page-background-meta":{"desktop":{"background-color":"","background-image":"","background-repeat":"repeat","background-position":"center center","background-size":"auto","background-attachment":"scroll","background-type":"","background-media":"","overlay-type":"","overlay-color":"","overlay-opacity":"","overlay-gradient":""},"tablet":{"background-color":"","background-image":"","background-repeat":"repeat","background-position":"center center","background-size":"auto","background-attachment":"scroll","background-type":"","background-media":"","overlay-type":"","overlay-color":"","overlay-opacity":"","overlay-gradient":""},"mobile":{"background-color":"","background-image":"","background-repeat":"repeat","background-position":"center center","background-size":"auto","background-attachment":"scroll","background-type":"","background-media":"","overlay-type":"","overlay-color":"","overlay-opacity":"","overlay-gradient":""}},"ast-content-background-meta":{"desktop":{"background-color":"var(--ast-global-color-5)","background-image":"","background-repeat":"repeat","background-position":"center center","background-size":"auto","background-attachment":"scroll","background-type":"","background-media":"","overlay-type":"","overlay-color":"","overlay-opacity":"","overlay-gradient":""},"tablet":{"background-color":"var(--ast-global-color-5)","background-image":"","background-repeat":"repeat","background-position":"center center","background-size":"auto","background-attachment":"scroll","background-type":"","background-media":"","overlay-type":"","overlay-color":"","overlay-opacity":"","overlay-gradient":""},"mobile":{"background-color":"var(--ast-global-color-5)","background-image":"","background-repeat":"repeat","background-position":"center center","background-size":"auto","background-attachment":"scroll","background-type":"","background-media":"","overlay-type":"","overlay-color":"","overlay-opacity":"","overlay-gradient":""}}},"class_list":["post-3552","product","type-product","status-publish","has-post-thumbnail","hentry","product_cat-usne-slusalice-iem","product_cat-bluetooth-slusalice","product_cat-edifier","product_tag-bluetooth-iem","product_tag-pokloni-za-bozic","desktop-align-center","tablet-align-center","mobile-align-center","ast-product-gallery-layout-horizontal","ast-magnify-disabled","ast-product-tabs-layout-horizontal"],"yoast_head":"<!-- This site is optimized with the Yoast SEO plugin v21.4 - https:\/\/yoast.com\/wordpress\/plugins\/seo\/ -->\n<title>Edifier W295BT - hd-multimedia<\/title>\n<meta name=\"description\" content=\"Edifier W295BT-PLUS - Bluetooth 4.1 sa CSR i aptX dekodiranjem. Be\u017ei\u010dne (IEM) sportske u\u0161ne slu\u0161alice, otporne na vlagu sa u\u010dvr\u0161\u0107iva\u010dem protiv ispadanja.\" \/>\n<meta name=\"robots\" content=\"index, follow, max-snippet:-1, max-image-preview:large, max-video-preview:-1\" \/>\n<link rel=\"canonical\" href=\"https:\/\/hd-multimedia.com\/sl\/trgovina\/edifier-w295bt-plus\/\" \/>\n<meta property=\"og:locale\" content=\"sl_SI\" \/>\n<meta property=\"og:type\" content=\"article\" \/>\n<meta property=\"og:title\" content=\"Edifier W295BT - hd-multimedia\" \/>\n<meta property=\"og:description\" content=\"Edifier W295BT-PLUS - Bluetooth 4.1 sa CSR i aptX dekodiranjem. Be\u017ei\u010dne (IEM) sportske u\u0161ne slu\u0161alice, otporne na vlagu sa u\u010dvr\u0161\u0107iva\u010dem protiv ispadanja.\" \/>\n<meta property=\"og:url\" content=\"https:\/\/hd-multimedia.com\/sl\/trgovina\/edifier-w295bt-plus\/\" \/>\n<meta property=\"og:site_name\" content=\"hd-multimedia\" \/>\n<meta property=\"article:modified_time\" content=\"2024-12-04T11:55:50+00:00\" \/>\n<meta property=\"og:image\" content=\"https:\/\/hd-multimedia.com\/hdm_media\/edifier-w295bt.jpg\" \/>\n\t<meta property=\"og:image:width\" content=\"500\" \/>\n\t<meta property=\"og:image:height\" content=\"500\" \/>\n\t<meta property=\"og:image:type\" content=\"image\/jpeg\" \/>\n<meta name=\"twitter:card\" content=\"summary_large_image\" \/>\n<meta name=\"twitter:label1\" content=\"Est. reading time\" \/>\n\t<meta name=\"twitter:data1\" content=\"1 minuta\" \/>\n<script type=\"application\/ld+json\" class=\"yoast-schema-graph\">{\"@context\":\"https:\/\/schema.org\",\"@graph\":[{\"@type\":\"WebPage\",\"@id\":\"https:\/\/hd-multimedia.com\/trgovina\/edifier-w295bt-plus\/\",\"url\":\"https:\/\/hd-multimedia.com\/trgovina\/edifier-w295bt-plus\/\",\"name\":\"Edifier W295BT - hd-multimedia\",\"isPartOf\":{\"@id\":\"https:\/\/hd-multimedia.com\/#website\"},\"datePublished\":\"2020-06-18T09:37:10+00:00\",\"dateModified\":\"2024-12-04T11:55:50+00:00\",\"description\":\"Edifier W295BT-PLUS - Bluetooth 4.1 sa CSR i aptX dekodiranjem. Be\u017ei\u010dne (IEM) sportske u\u0161ne slu\u0161alice, otporne na vlagu sa u\u010dvr\u0161\u0107iva\u010dem protiv ispadanja.\",\"breadcrumb\":{\"@id\":\"https:\/\/hd-multimedia.com\/trgovina\/edifier-w295bt-plus\/#breadcrumb\"},\"inLanguage\":\"sl-SI\",\"potentialAction\":[{\"@type\":\"ReadAction\",\"target\":[\"https:\/\/hd-multimedia.com\/trgovina\/edifier-w295bt-plus\/\"]}]},{\"@type\":\"BreadcrumbList\",\"@id\":\"https:\/\/hd-multimedia.com\/trgovina\/edifier-w295bt-plus\/#breadcrumb\",\"itemListElement\":[{\"@type\":\"ListItem\",\"position\":1,\"name\":\"Po\u010detna stranica\",\"item\":\"https:\/\/hd-multimedia.com\/\"},{\"@type\":\"ListItem\",\"position\":2,\"name\":\"Trgovina\",\"item\":\"https:\/\/hd-multimedia.com\/trgovina\/\"},{\"@type\":\"ListItem\",\"position\":3,\"name\":\"Edifier W295BT\"}]},{\"@type\":\"WebSite\",\"@id\":\"https:\/\/hd-multimedia.com\/#website\",\"url\":\"https:\/\/hd-multimedia.com\/\",\"name\":\"hd-multimedia\",\"description\":\"\",\"publisher\":{\"@id\":\"https:\/\/hd-multimedia.com\/#organization\"},\"potentialAction\":[{\"@type\":\"SearchAction\",\"target\":{\"@type\":\"EntryPoint\",\"urlTemplate\":\"https:\/\/hd-multimedia.com\/?s={search_term_string}\"},\"query-input\":\"required name=search_term_string\"}],\"inLanguage\":\"sl-SI\"},{\"@type\":\"Organization\",\"@id\":\"https:\/\/hd-multimedia.com\/#organization\",\"name\":\"hd-multimedia\",\"url\":\"https:\/\/hd-multimedia.com\/\",\"logo\":{\"@type\":\"ImageObject\",\"inLanguage\":\"sl-SI\",\"@id\":\"https:\/\/hd-multimedia.com\/#\/schema\/logo\/image\/\",\"url\":\"https:\/\/hd-multimedia.com\/hdm_media\/HD-curves-ok-196-56px-alpha-1.png\",\"contentUrl\":\"https:\/\/hd-multimedia.com\/hdm_media\/HD-curves-ok-196-56px-alpha-1.png\",\"width\":196,\"height\":53,\"caption\":\"hd-multimedia\"},\"image\":{\"@id\":\"https:\/\/hd-multimedia.com\/#\/schema\/logo\/image\/\"}}]}<\/script>\n<!-- \/ Yoast SEO plugin. -->","yoast_head_json":{"title":"Edifier W295BT - hd-multimedia","description":"Edifier W295BT-PLUS - Bluetooth 4.1 sa CSR i aptX dekodiranjem. Be\u017ei\u010dne (IEM) sportske u\u0161ne slu\u0161alice, otporne na vlagu sa u\u010dvr\u0161\u0107iva\u010dem protiv ispadanja.","robots":{"index":"index","follow":"follow","max-snippet":"max-snippet:-1","max-image-preview":"max-image-preview:large","max-video-preview":"max-video-preview:-1"},"canonical":"https:\/\/hd-multimedia.com\/sl\/trgovina\/edifier-w295bt-plus\/","og_locale":"sl_SI","og_type":"article","og_title":"Edifier W295BT - hd-multimedia","og_description":"Edifier W295BT-PLUS - Bluetooth 4.1 sa CSR i aptX dekodiranjem. Be\u017ei\u010dne (IEM) sportske u\u0161ne slu\u0161alice, otporne na vlagu sa u\u010dvr\u0161\u0107iva\u010dem protiv ispadanja.","og_url":"https:\/\/hd-multimedia.com\/sl\/trgovina\/edifier-w295bt-plus\/","og_site_name":"hd-multimedia","article_modified_time":"2024-12-04T11:55:50+00:00","og_image":[{"width":500,"height":500,"url":"https:\/\/hd-multimedia.com\/hdm_media\/edifier-w295bt.jpg","type":"image\/jpeg"}],"twitter_card":"summary_large_image","twitter_misc":{"Est. reading time":"1 minuta"},"schema":{"@context":"https:\/\/schema.org","@graph":[{"@type":"WebPage","@id":"https:\/\/hd-multimedia.com\/trgovina\/edifier-w295bt-plus\/","url":"https:\/\/hd-multimedia.com\/trgovina\/edifier-w295bt-plus\/","name":"Edifier W295BT - hd-multimedia","isPartOf":{"@id":"https:\/\/hd-multimedia.com\/#website"},"datePublished":"2020-06-18T09:37:10+00:00","dateModified":"2024-12-04T11:55:50+00:00","description":"Edifier W295BT-PLUS - Bluetooth 4.1 sa CSR i aptX dekodiranjem. Be\u017ei\u010dne (IEM) sportske u\u0161ne slu\u0161alice, otporne na vlagu sa u\u010dvr\u0161\u0107iva\u010dem protiv ispadanja.","breadcrumb":{"@id":"https:\/\/hd-multimedia.com\/trgovina\/edifier-w295bt-plus\/#breadcrumb"},"inLanguage":"sl-SI","potentialAction":[{"@type":"ReadAction","target":["https:\/\/hd-multimedia.com\/trgovina\/edifier-w295bt-plus\/"]}]},{"@type":"BreadcrumbList","@id":"https:\/\/hd-multimedia.com\/trgovina\/edifier-w295bt-plus\/#breadcrumb","itemListElement":[{"@type":"ListItem","position":1,"name":"Po\u010detna stranica","item":"https:\/\/hd-multimedia.com\/"},{"@type":"ListItem","position":2,"name":"Trgovina","item":"https:\/\/hd-multimedia.com\/trgovina\/"},{"@type":"ListItem","position":3,"name":"Edifier W295BT"}]},{"@type":"WebSite","@id":"https:\/\/hd-multimedia.com\/#website","url":"https:\/\/hd-multimedia.com\/","name":"hd-multimedia","description":"","publisher":{"@id":"https:\/\/hd-multimedia.com\/#organization"},"potentialAction":[{"@type":"SearchAction","target":{"@type":"EntryPoint","urlTemplate":"https:\/\/hd-multimedia.com\/?s={search_term_string}"},"query-input":"required name=search_term_string"}],"inLanguage":"sl-SI"},{"@type":"Organization","@id":"https:\/\/hd-multimedia.com\/#organization","name":"hd-multimedia","url":"https:\/\/hd-multimedia.com\/","logo":{"@type":"ImageObject","inLanguage":"sl-SI","@id":"https:\/\/hd-multimedia.com\/#\/schema\/logo\/image\/","url":"https:\/\/hd-multimedia.com\/hdm_media\/HD-curves-ok-196-56px-alpha-1.png","contentUrl":"https:\/\/hd-multimedia.com\/hdm_media\/HD-curves-ok-196-56px-alpha-1.png","width":196,"height":53,"caption":"hd-multimedia"},"image":{"@id":"https:\/\/hd-multimedia.com\/#\/schema\/logo\/image\/"}}]}},"post_mailing_queue_ids":[],"_links":{"self":[{"href":"https:\/\/hd-multimedia.com\/sl\/wp-json\/wp\/v2\/product\/3552","targetHints":{"allow":["GET"]}}],"collection":[{"href":"https:\/\/hd-multimedia.com\/sl\/wp-json\/wp\/v2\/product"}],"about":[{"href":"https:\/\/hd-multimedia.com\/sl\/wp-json\/wp\/v2\/types\/product"}],"version-history":[{"count":3,"href":"https:\/\/hd-multimedia.com\/sl\/wp-json\/wp\/v2\/product\/3552\/revisions"}],"predecessor-version":[{"id":13776,"href":"https:\/\/hd-multimedia.com\/sl\/wp-json\/wp\/v2\/product\/3552\/revisions\/13776"}],"wp:featuredmedia":[{"embeddable":true,"href":"https:\/\/hd-multimedia.com\/sl\/wp-json\/wp\/v2\/media\/3603"}],"wp:attachment":[{"href":"https:\/\/hd-multimedia.com\/sl\/wp-json\/wp\/v2\/media?parent=3552"}],"curies":[{"name":"wp","href":"https:\/\/api.w.org\/{rel}","templated":true}]}}