{"id":3546,"date":"2020-06-18T09:28:52","date_gmt":"2020-06-18T09:28:52","guid":{"rendered":"https:\/\/hd-multimedia.com\/?post_type=product&#038;p=3546"},"modified":"2026-02-04T10:19:30","modified_gmt":"2026-02-04T10:19:30","slug":"edifier-g2000","status":"publish","type":"product","link":"https:\/\/hd-multimedia.com\/sl\/trgovina\/edifier-g2000\/","title":{"rendered":"Edifier G2000"},"content":{"rendered":"<p><span style=\"font-size: 16px\">EDIFIER G2000 \u2013 aktivni zvo\u010dniki z RGB osvetlitvijo z 12 u\u010dinki, zasnovani za va\u0161 igri\u010darski ra\u010dunalnik! S svojo 16W mo\u010di bo poskrbel za popolno izku\u0161njo pri igranju va\u0161ih najljub\u0161ih iger, gledanju filmov ali poslu\u0161anju glasbe. Preprosto dostopni kontrolniki na strani vam omogo\u010dajo nadzor svetlobnih u\u010dinkov, glasnosti, izena\u010devalnika in izbire vira, vklju\u010dno z USB, 3,5 mm AUX in Bluetooth. Zvo\u010dniki imajo lo\u010deno napajanje in se lahko uporabljajo neodvisno od osebnega ra\u010dunalnika, npr. prek Bluetootha, s televizorjem, mobilnim telefonom ali tablico. Imajo tudi lo\u010den izhod za subwoofer!<\/span><\/p>\n<p><a href=\"https:\/\/www.edifier.com\/global\/p\/gaming-speakers\/g2000\" target=\"_blank\" rel=\"noopener\">Ostale informacije najdete na tej povezavi.<\/a><\/p>","protected":false},"excerpt":{"rendered":"<p>Edifier G2000 ima shranjene nastavitve EQ za igranje iger, filme in glasbene izku\u0161nje za enostavno prilagajanje med zabavo po va\u0161i izbiri. Hi-fi realisti\u010den zvok zagotavlja mo\u010dne nizke tone, jasne visoke tone in dovolj glasnosti, da napolni manj\u0161i prostor. Edifier G2000 je zdru\u017eljiv z razli\u010dnimi vmesniki, kot so Bluetooth, USB in 3,5 mm AUX, tako da se lahko pove\u017eete z ra\u010dunalnikom, namizjem in pametnim telefonom.<\/p>\n<p><a href=\"https:\/\/www.edifier.com\/global\/p\/gaming-speakers\/g2000\" target=\"_blank\" rel=\"noopener\">Ostale informacije najdete na tej povezavi.<\/a><\/p>","protected":false},"featured_media":3567,"template":"","meta":{"site-sidebar-layout":"default","site-content-layout":"default","ast-site-content-layout":"default","site-content-style":"default","site-sidebar-style":"default","ast-global-header-display":"","ast-banner-title-visibility":"","ast-main-header-display":"","ast-hfb-above-header-display":"","ast-hfb-below-header-display":"","ast-hfb-mobile-header-display":"","site-post-title":"","ast-breadcrumbs-content":"","ast-featured-img":"","footer-sml-layout":"","theme-transparent-header-meta":"default","adv-header-id-meta":"","stick-header-meta":"default","header-above-stick-meta":"","header-main-stick-meta":"","header-below-stick-meta":"","astra-migrate-meta-layouts":"set","ast-page-background-enabled":"default","ast-page-background-meta":{"desktop":{"background-color":"","background-image":"","background-repeat":"repeat","background-position":"center center","background-size":"auto","background-attachment":"scroll","background-type":"","background-media":"","overlay-type":"","overlay-color":"","overlay-opacity":"","overlay-gradient":""},"tablet":{"background-color":"","background-image":"","background-repeat":"repeat","background-position":"center center","background-size":"auto","background-attachment":"scroll","background-type":"","background-media":"","overlay-type":"","overlay-color":"","overlay-opacity":"","overlay-gradient":""},"mobile":{"background-color":"","background-image":"","background-repeat":"repeat","background-position":"center center","background-size":"auto","background-attachment":"scroll","background-type":"","background-media":"","overlay-type":"","overlay-color":"","overlay-opacity":"","overlay-gradient":""}},"ast-content-background-meta":{"desktop":{"background-color":"var(--ast-global-color-5)","background-image":"","background-repeat":"repeat","background-position":"center center","background-size":"auto","background-attachment":"scroll","background-type":"","background-media":"","overlay-type":"","overlay-color":"","overlay-opacity":"","overlay-gradient":""},"tablet":{"background-color":"var(--ast-global-color-5)","background-image":"","background-repeat":"repeat","background-position":"center center","background-size":"auto","background-attachment":"scroll","background-type":"","background-media":"","overlay-type":"","overlay-color":"","overlay-opacity":"","overlay-gradient":""},"mobile":{"background-color":"var(--ast-global-color-5)","background-image":"","background-repeat":"repeat","background-position":"center center","background-size":"auto","background-attachment":"scroll","background-type":"","background-media":"","overlay-type":"","overlay-color":"","overlay-opacity":"","overlay-gradient":""}}},"class_list":["post-3546","product","type-product","status-publish","has-post-thumbnail","hentry","product_cat-aktivne-zvucne-kutije","product_cat-edifier","product_tag-gaming","desktop-align-center","tablet-align-center","mobile-align-center","ast-product-gallery-layout-horizontal","ast-magnify-disabled","ast-product-tabs-layout-horizontal"],"yoast_head":"<!-- This site is optimized with the Yoast SEO plugin v21.4 - https:\/\/yoast.com\/wordpress\/plugins\/seo\/ -->\n<title>Edifier G2000 - hd-multimedia<\/title>\n<meta name=\"description\" content=\"EDIFIER G2000 - aktivni zvu\u010dnici s RGB-svjetlom sa 12 efekata, dizajnirani za va\u0161 gaming PC! Uz svojih 16W snage pru\u017eit \u0107e potpuni do\u017eivljaj u igranju!\" \/>\n<meta name=\"robots\" content=\"index, follow, max-snippet:-1, max-image-preview:large, max-video-preview:-1\" \/>\n<link rel=\"canonical\" href=\"https:\/\/hd-multimedia.com\/sl\/trgovina\/edifier-g2000\/\" \/>\n<meta property=\"og:locale\" content=\"sl_SI\" \/>\n<meta property=\"og:type\" content=\"article\" \/>\n<meta property=\"og:title\" content=\"Edifier G2000 - hd-multimedia\" \/>\n<meta property=\"og:description\" content=\"EDIFIER G2000 - aktivni zvu\u010dnici s RGB-svjetlom sa 12 efekata, dizajnirani za va\u0161 gaming PC! Uz svojih 16W snage pru\u017eit \u0107e potpuni do\u017eivljaj u igranju!\" \/>\n<meta property=\"og:url\" content=\"https:\/\/hd-multimedia.com\/sl\/trgovina\/edifier-g2000\/\" \/>\n<meta property=\"og:site_name\" content=\"hd-multimedia\" \/>\n<meta property=\"article:modified_time\" content=\"2026-02-04T10:19:30+00:00\" \/>\n<meta property=\"og:image\" content=\"https:\/\/hd-multimedia.com\/hdm_media\/edifier-g20001.jpg\" \/>\n\t<meta property=\"og:image:width\" content=\"1001\" \/>\n\t<meta property=\"og:image:height\" content=\"1001\" \/>\n\t<meta property=\"og:image:type\" content=\"image\/jpeg\" \/>\n<meta name=\"twitter:card\" content=\"summary_large_image\" \/>\n<meta name=\"twitter:label1\" content=\"Est. reading time\" \/>\n\t<meta name=\"twitter:data1\" content=\"1 minuta\" \/>\n<script type=\"application\/ld+json\" class=\"yoast-schema-graph\">{\"@context\":\"https:\/\/schema.org\",\"@graph\":[{\"@type\":\"WebPage\",\"@id\":\"https:\/\/hd-multimedia.com\/trgovina\/edifier-g2000\/\",\"url\":\"https:\/\/hd-multimedia.com\/trgovina\/edifier-g2000\/\",\"name\":\"Edifier G2000 - hd-multimedia\",\"isPartOf\":{\"@id\":\"https:\/\/hd-multimedia.com\/#website\"},\"datePublished\":\"2020-06-18T09:28:52+00:00\",\"dateModified\":\"2026-02-04T10:19:30+00:00\",\"description\":\"EDIFIER G2000 - aktivni zvu\u010dnici s RGB-svjetlom sa 12 efekata, dizajnirani za va\u0161 gaming PC! Uz svojih 16W snage pru\u017eit \u0107e potpuni do\u017eivljaj u igranju!\",\"breadcrumb\":{\"@id\":\"https:\/\/hd-multimedia.com\/trgovina\/edifier-g2000\/#breadcrumb\"},\"inLanguage\":\"sl-SI\",\"potentialAction\":[{\"@type\":\"ReadAction\",\"target\":[\"https:\/\/hd-multimedia.com\/trgovina\/edifier-g2000\/\"]}]},{\"@type\":\"BreadcrumbList\",\"@id\":\"https:\/\/hd-multimedia.com\/trgovina\/edifier-g2000\/#breadcrumb\",\"itemListElement\":[{\"@type\":\"ListItem\",\"position\":1,\"name\":\"Po\u010detna stranica\",\"item\":\"https:\/\/hd-multimedia.com\/\"},{\"@type\":\"ListItem\",\"position\":2,\"name\":\"Trgovina\",\"item\":\"https:\/\/hd-multimedia.com\/trgovina\/\"},{\"@type\":\"ListItem\",\"position\":3,\"name\":\"Edifier G2000\"}]},{\"@type\":\"WebSite\",\"@id\":\"https:\/\/hd-multimedia.com\/#website\",\"url\":\"https:\/\/hd-multimedia.com\/\",\"name\":\"hd-multimedia\",\"description\":\"\",\"publisher\":{\"@id\":\"https:\/\/hd-multimedia.com\/#organization\"},\"potentialAction\":[{\"@type\":\"SearchAction\",\"target\":{\"@type\":\"EntryPoint\",\"urlTemplate\":\"https:\/\/hd-multimedia.com\/?s={search_term_string}\"},\"query-input\":\"required name=search_term_string\"}],\"inLanguage\":\"sl-SI\"},{\"@type\":\"Organization\",\"@id\":\"https:\/\/hd-multimedia.com\/#organization\",\"name\":\"hd-multimedia\",\"url\":\"https:\/\/hd-multimedia.com\/\",\"logo\":{\"@type\":\"ImageObject\",\"inLanguage\":\"sl-SI\",\"@id\":\"https:\/\/hd-multimedia.com\/#\/schema\/logo\/image\/\",\"url\":\"https:\/\/hd-multimedia.com\/hdm_media\/HD-curves-ok-196-56px-alpha-1.png\",\"contentUrl\":\"https:\/\/hd-multimedia.com\/hdm_media\/HD-curves-ok-196-56px-alpha-1.png\",\"width\":196,\"height\":53,\"caption\":\"hd-multimedia\"},\"image\":{\"@id\":\"https:\/\/hd-multimedia.com\/#\/schema\/logo\/image\/\"}}]}<\/script>\n<!-- \/ Yoast SEO plugin. -->","yoast_head_json":{"title":"Edifier G2000 - hd-multimedia","description":"EDIFIER G2000 - aktivni zvu\u010dnici s RGB-svjetlom sa 12 efekata, dizajnirani za va\u0161 gaming PC! Uz svojih 16W snage pru\u017eit \u0107e potpuni do\u017eivljaj u igranju!","robots":{"index":"index","follow":"follow","max-snippet":"max-snippet:-1","max-image-preview":"max-image-preview:large","max-video-preview":"max-video-preview:-1"},"canonical":"https:\/\/hd-multimedia.com\/sl\/trgovina\/edifier-g2000\/","og_locale":"sl_SI","og_type":"article","og_title":"Edifier G2000 - hd-multimedia","og_description":"EDIFIER G2000 - aktivni zvu\u010dnici s RGB-svjetlom sa 12 efekata, dizajnirani za va\u0161 gaming PC! Uz svojih 16W snage pru\u017eit \u0107e potpuni do\u017eivljaj u igranju!","og_url":"https:\/\/hd-multimedia.com\/sl\/trgovina\/edifier-g2000\/","og_site_name":"hd-multimedia","article_modified_time":"2026-02-04T10:19:30+00:00","og_image":[{"width":1001,"height":1001,"url":"https:\/\/hd-multimedia.com\/hdm_media\/edifier-g20001.jpg","type":"image\/jpeg"}],"twitter_card":"summary_large_image","twitter_misc":{"Est. reading time":"1 minuta"},"schema":{"@context":"https:\/\/schema.org","@graph":[{"@type":"WebPage","@id":"https:\/\/hd-multimedia.com\/trgovina\/edifier-g2000\/","url":"https:\/\/hd-multimedia.com\/trgovina\/edifier-g2000\/","name":"Edifier G2000 - hd-multimedia","isPartOf":{"@id":"https:\/\/hd-multimedia.com\/#website"},"datePublished":"2020-06-18T09:28:52+00:00","dateModified":"2026-02-04T10:19:30+00:00","description":"EDIFIER G2000 - aktivni zvu\u010dnici s RGB-svjetlom sa 12 efekata, dizajnirani za va\u0161 gaming PC! Uz svojih 16W snage pru\u017eit \u0107e potpuni do\u017eivljaj u igranju!","breadcrumb":{"@id":"https:\/\/hd-multimedia.com\/trgovina\/edifier-g2000\/#breadcrumb"},"inLanguage":"sl-SI","potentialAction":[{"@type":"ReadAction","target":["https:\/\/hd-multimedia.com\/trgovina\/edifier-g2000\/"]}]},{"@type":"BreadcrumbList","@id":"https:\/\/hd-multimedia.com\/trgovina\/edifier-g2000\/#breadcrumb","itemListElement":[{"@type":"ListItem","position":1,"name":"Po\u010detna stranica","item":"https:\/\/hd-multimedia.com\/"},{"@type":"ListItem","position":2,"name":"Trgovina","item":"https:\/\/hd-multimedia.com\/trgovina\/"},{"@type":"ListItem","position":3,"name":"Edifier G2000"}]},{"@type":"WebSite","@id":"https:\/\/hd-multimedia.com\/#website","url":"https:\/\/hd-multimedia.com\/","name":"hd-multimedia","description":"","publisher":{"@id":"https:\/\/hd-multimedia.com\/#organization"},"potentialAction":[{"@type":"SearchAction","target":{"@type":"EntryPoint","urlTemplate":"https:\/\/hd-multimedia.com\/?s={search_term_string}"},"query-input":"required name=search_term_string"}],"inLanguage":"sl-SI"},{"@type":"Organization","@id":"https:\/\/hd-multimedia.com\/#organization","name":"hd-multimedia","url":"https:\/\/hd-multimedia.com\/","logo":{"@type":"ImageObject","inLanguage":"sl-SI","@id":"https:\/\/hd-multimedia.com\/#\/schema\/logo\/image\/","url":"https:\/\/hd-multimedia.com\/hdm_media\/HD-curves-ok-196-56px-alpha-1.png","contentUrl":"https:\/\/hd-multimedia.com\/hdm_media\/HD-curves-ok-196-56px-alpha-1.png","width":196,"height":53,"caption":"hd-multimedia"},"image":{"@id":"https:\/\/hd-multimedia.com\/#\/schema\/logo\/image\/"}}]}},"post_mailing_queue_ids":[],"_links":{"self":[{"href":"https:\/\/hd-multimedia.com\/sl\/wp-json\/wp\/v2\/product\/3546","targetHints":{"allow":["GET"]}}],"collection":[{"href":"https:\/\/hd-multimedia.com\/sl\/wp-json\/wp\/v2\/product"}],"about":[{"href":"https:\/\/hd-multimedia.com\/sl\/wp-json\/wp\/v2\/types\/product"}],"version-history":[{"count":6,"href":"https:\/\/hd-multimedia.com\/sl\/wp-json\/wp\/v2\/product\/3546\/revisions"}],"predecessor-version":[{"id":17358,"href":"https:\/\/hd-multimedia.com\/sl\/wp-json\/wp\/v2\/product\/3546\/revisions\/17358"}],"wp:featuredmedia":[{"embeddable":true,"href":"https:\/\/hd-multimedia.com\/sl\/wp-json\/wp\/v2\/media\/3567"}],"wp:attachment":[{"href":"https:\/\/hd-multimedia.com\/sl\/wp-json\/wp\/v2\/media?parent=3546"}],"curies":[{"name":"wp","href":"https:\/\/api.w.org\/{rel}","templated":true}]}}