{"id":3079,"date":"2020-03-28T14:05:32","date_gmt":"2020-03-28T14:05:32","guid":{"rendered":"https:\/\/hd-multimedia.com\/?post_type=product&#038;p=3079"},"modified":"2024-07-10T10:18:29","modified_gmt":"2024-07-10T10:18:29","slug":"magnepan-07","status":"publish","type":"product","link":"https:\/\/hd-multimedia.com\/sl\/trgovina\/magnepan-07\/","title":{"rendered":"Magnepan .7 (par)"},"content":{"rendered":"<p>Magnetostati\u010dni in elektrostati\u010dni zvo\u010dniki imajo eleganten dizajn in edinstveno ravno konstrukcijo. Zvo\u010dni valovi nastajajo s premikanjem ultralahke membrane. Majhna masa diafragme omogo\u010da ultra hitro sledenje signalu, ki prihaja iz oja\u010devalnika, s skoraj zanemarljivim popa\u010denjem. Iz zvo\u010dnikov se sli\u0161i zvesta reprodukcija zvo\u010dnega signala.<\/p>\n<p>Magnepan .7 je srednje velik zvo\u010dnik v seriji magnetostatov Magnepan. Magnepan je eden najstarej\u0161ih in najbolj znanih proizvajalcev tovrstnih zvo\u010dnikov.<\/p>\n<table class=\"spec\">\n<tbody>\n<tr class=\"th\">\n<td colspan=\"2\"><strong>Magnepan .7<\/strong><\/td>\n<\/tr>\n<tr>\n<td><strong>Opis<\/strong><\/td>\n<td>2-stezni \/ Quasi-Ribbon \u2013 panelni zvo\u010dnik<\/td>\n<\/tr>\n<tr>\n<td><strong>Frekv. obseg.<\/strong><\/td>\n<td>45 \u2013 20 kHz<\/td>\n<\/tr>\n<tr>\n<td><strong>Sila<\/strong><\/td>\n<td>Preberite: <a href=\"https:\/\/www.magnepan.com\/faq#power\">Pogosto zastavljena vpra\u0161anja<\/a><\/td>\n<\/tr>\n<tr>\n<td><strong>Ob\u010dutljivost<\/strong><\/td>\n<td>86 dB \/ 500 Hz \/ 2,83 v<\/td>\n<\/tr>\n<tr>\n<td><strong>Impedanca<\/strong><\/td>\n<td>4 Ohmi<\/td>\n<\/tr>\n<tr>\n<td><strong>Dimenzije<\/strong><\/td>\n<td>\u0160irina 38,7 cm x Vi\u0161ina 138 cm x Globina 3,18 cm<\/td>\n<\/tr>\n<tr>\n<td colspan=\"2\">Dodatni zaklju\u010dki\/materiali: aluminij \u010drn - srebrn okvir<\/td>\n<\/tr>\n<\/tbody>\n<\/table>\n<p><a href=\"https:\/\/magnepan.com\/products\/magnepan-7\" target=\"_blank\" rel=\"noopener\">Ostale informacije najdete na tej povezavi.<\/a><\/p>","protected":false},"excerpt":{"rendered":"<p>Magnepanov model .7 izstopa kot priljubljen v Magnepanu in je postal zvo\u010dnik po izbiri za tiste, ki i\u0161\u010dejo vrhunski zvok. Hitro osvoji navdu\u0161ence s svojo sposobnostjo ustvarjanja neprimerljive zvo\u010dne slike, ki se kosa z najbolj\u0161imi zvo\u010dniki na trgu. \u017de po nekaj minutah poslu\u0161anja postane o\u010ditno, da ima Magnepan .7 mo\u010d preoblikovanja in povzdigne glasbeno izku\u0161njo v neznane vi\u0161ine. Herb Reichert v reviji Stereophile izra\u017ea vpliv modela .7. Poudarja, da se ob temeljno pravilnem pristopu pri delu oblikovalcev pove\u010da verjetnost, da bodo nastali izdelki \u0161ir\u0161i javnosti razkrili temeljne glasbene resnice. Skratka, Magnepan .7 ni le zvo\u010dnik; je kanal do trajne glasbene odli\u010dnosti.<\/p>\n<p>Razpolo\u017eljiva barva: aluminij (srebrna)-\u010drna.<\/p>\n<p><a href=\"https:\/\/magnepan.com\/products\/magnepan-7\" target=\"_blank\" rel=\"noopener\">Ostale informacije najdete na tej povezavi.<\/a><\/p>","protected":false},"featured_media":3083,"template":"","meta":{"site-sidebar-layout":"default","site-content-layout":"default","ast-site-content-layout":"default","site-content-style":"default","site-sidebar-style":"default","ast-global-header-display":"","ast-banner-title-visibility":"","ast-main-header-display":"","ast-hfb-above-header-display":"","ast-hfb-below-header-display":"","ast-hfb-mobile-header-display":"","site-post-title":"","ast-breadcrumbs-content":"","ast-featured-img":"","footer-sml-layout":"","theme-transparent-header-meta":"default","adv-header-id-meta":"","stick-header-meta":"default","header-above-stick-meta":"","header-main-stick-meta":"","header-below-stick-meta":"","astra-migrate-meta-layouts":"set","ast-page-background-enabled":"default","ast-page-background-meta":{"desktop":{"background-color":"","background-image":"","background-repeat":"repeat","background-position":"center center","background-size":"auto","background-attachment":"scroll","background-type":"","background-media":"","overlay-type":"","overlay-color":"","overlay-opacity":"","overlay-gradient":""},"tablet":{"background-color":"","background-image":"","background-repeat":"repeat","background-position":"center center","background-size":"auto","background-attachment":"scroll","background-type":"","background-media":"","overlay-type":"","overlay-color":"","overlay-opacity":"","overlay-gradient":""},"mobile":{"background-color":"","background-image":"","background-repeat":"repeat","background-position":"center center","background-size":"auto","background-attachment":"scroll","background-type":"","background-media":"","overlay-type":"","overlay-color":"","overlay-opacity":"","overlay-gradient":""}},"ast-content-background-meta":{"desktop":{"background-color":"var(--ast-global-color-5)","background-image":"","background-repeat":"repeat","background-position":"center center","background-size":"auto","background-attachment":"scroll","background-type":"","background-media":"","overlay-type":"","overlay-color":"","overlay-opacity":"","overlay-gradient":""},"tablet":{"background-color":"var(--ast-global-color-5)","background-image":"","background-repeat":"repeat","background-position":"center center","background-size":"auto","background-attachment":"scroll","background-type":"","background-media":"","overlay-type":"","overlay-color":"","overlay-opacity":"","overlay-gradient":""},"mobile":{"background-color":"var(--ast-global-color-5)","background-image":"","background-repeat":"repeat","background-position":"center center","background-size":"auto","background-attachment":"scroll","background-type":"","background-media":"","overlay-type":"","overlay-color":"","overlay-opacity":"","overlay-gradient":""}}},"class_list":["post-3079","product","type-product","status-publish","has-post-thumbnail","hentry","product_cat-magnepan","product_cat-pasivne-zvucne-kutije","desktop-align-center","tablet-align-center","mobile-align-center","ast-product-gallery-layout-horizontal","ast-magnify-disabled","ast-product-tabs-layout-horizontal"],"yoast_head":"<!-- This site is optimized with the Yoast SEO plugin v21.4 - https:\/\/yoast.com\/wordpress\/plugins\/seo\/ -->\n<title>Magnepan .7 (par) - hd-multimedia<\/title>\n<meta name=\"description\" content=\"Model .7 tvrtke Magnepan isti\u010de se kao omiljeni unutar Magnepana, postaju\u0107i zvu\u010dnik po izboru za one koji tra\u017ee vrhunski zvuk.\" \/>\n<meta name=\"robots\" content=\"index, follow, max-snippet:-1, max-image-preview:large, max-video-preview:-1\" \/>\n<link rel=\"canonical\" href=\"https:\/\/hd-multimedia.com\/sl\/trgovina\/magnepan-07\/\" \/>\n<meta property=\"og:locale\" content=\"sl_SI\" \/>\n<meta property=\"og:type\" content=\"article\" \/>\n<meta property=\"og:title\" content=\"Magnepan .7 (par) - hd-multimedia\" \/>\n<meta property=\"og:description\" content=\"Model .7 tvrtke Magnepan isti\u010de se kao omiljeni unutar Magnepana, postaju\u0107i zvu\u010dnik po izboru za one koji tra\u017ee vrhunski zvuk.\" \/>\n<meta property=\"og:url\" content=\"https:\/\/hd-multimedia.com\/sl\/trgovina\/magnepan-07\/\" \/>\n<meta property=\"og:site_name\" content=\"hd-multimedia\" \/>\n<meta property=\"article:modified_time\" content=\"2024-07-10T10:18:29+00:00\" \/>\n<meta property=\"og:image\" content=\"https:\/\/hd-multimedia.com\/hdm_media\/alum07.jpg\" \/>\n\t<meta property=\"og:image:width\" content=\"700\" \/>\n\t<meta property=\"og:image:height\" content=\"700\" \/>\n\t<meta property=\"og:image:type\" content=\"image\/jpeg\" \/>\n<meta name=\"twitter:card\" content=\"summary_large_image\" \/>\n<meta name=\"twitter:label1\" content=\"Est. reading time\" \/>\n\t<meta name=\"twitter:data1\" content=\"1 minuta\" \/>\n<script type=\"application\/ld+json\" class=\"yoast-schema-graph\">{\"@context\":\"https:\/\/schema.org\",\"@graph\":[{\"@type\":\"WebPage\",\"@id\":\"https:\/\/hd-multimedia.com\/trgovina\/magnepan-07\/\",\"url\":\"https:\/\/hd-multimedia.com\/trgovina\/magnepan-07\/\",\"name\":\"Magnepan .7 (par) - hd-multimedia\",\"isPartOf\":{\"@id\":\"https:\/\/hd-multimedia.com\/#website\"},\"datePublished\":\"2020-03-28T14:05:32+00:00\",\"dateModified\":\"2024-07-10T10:18:29+00:00\",\"description\":\"Model .7 tvrtke Magnepan isti\u010de se kao omiljeni unutar Magnepana, postaju\u0107i zvu\u010dnik po izboru za one koji tra\u017ee vrhunski zvuk.\",\"breadcrumb\":{\"@id\":\"https:\/\/hd-multimedia.com\/trgovina\/magnepan-07\/#breadcrumb\"},\"inLanguage\":\"sl-SI\",\"potentialAction\":[{\"@type\":\"ReadAction\",\"target\":[\"https:\/\/hd-multimedia.com\/trgovina\/magnepan-07\/\"]}]},{\"@type\":\"BreadcrumbList\",\"@id\":\"https:\/\/hd-multimedia.com\/trgovina\/magnepan-07\/#breadcrumb\",\"itemListElement\":[{\"@type\":\"ListItem\",\"position\":1,\"name\":\"Po\u010detna stranica\",\"item\":\"https:\/\/hd-multimedia.com\/\"},{\"@type\":\"ListItem\",\"position\":2,\"name\":\"Trgovina\",\"item\":\"https:\/\/hd-multimedia.com\/trgovina\/\"},{\"@type\":\"ListItem\",\"position\":3,\"name\":\"Magnepan .7 (par)\"}]},{\"@type\":\"WebSite\",\"@id\":\"https:\/\/hd-multimedia.com\/#website\",\"url\":\"https:\/\/hd-multimedia.com\/\",\"name\":\"hd-multimedia\",\"description\":\"\",\"publisher\":{\"@id\":\"https:\/\/hd-multimedia.com\/#organization\"},\"potentialAction\":[{\"@type\":\"SearchAction\",\"target\":{\"@type\":\"EntryPoint\",\"urlTemplate\":\"https:\/\/hd-multimedia.com\/?s={search_term_string}\"},\"query-input\":\"required name=search_term_string\"}],\"inLanguage\":\"sl-SI\"},{\"@type\":\"Organization\",\"@id\":\"https:\/\/hd-multimedia.com\/#organization\",\"name\":\"hd-multimedia\",\"url\":\"https:\/\/hd-multimedia.com\/\",\"logo\":{\"@type\":\"ImageObject\",\"inLanguage\":\"sl-SI\",\"@id\":\"https:\/\/hd-multimedia.com\/#\/schema\/logo\/image\/\",\"url\":\"https:\/\/hd-multimedia.com\/hdm_media\/HD-curves-ok-196-56px-alpha-1.png\",\"contentUrl\":\"https:\/\/hd-multimedia.com\/hdm_media\/HD-curves-ok-196-56px-alpha-1.png\",\"width\":196,\"height\":53,\"caption\":\"hd-multimedia\"},\"image\":{\"@id\":\"https:\/\/hd-multimedia.com\/#\/schema\/logo\/image\/\"}}]}<\/script>\n<!-- \/ Yoast SEO plugin. -->","yoast_head_json":{"title":"Magnepan .7 (par) - hd-multimedia","description":"Model .7 tvrtke Magnepan isti\u010de se kao omiljeni unutar Magnepana, postaju\u0107i zvu\u010dnik po izboru za one koji tra\u017ee vrhunski zvuk.","robots":{"index":"index","follow":"follow","max-snippet":"max-snippet:-1","max-image-preview":"max-image-preview:large","max-video-preview":"max-video-preview:-1"},"canonical":"https:\/\/hd-multimedia.com\/sl\/trgovina\/magnepan-07\/","og_locale":"sl_SI","og_type":"article","og_title":"Magnepan .7 (par) - hd-multimedia","og_description":"Model .7 tvrtke Magnepan isti\u010de se kao omiljeni unutar Magnepana, postaju\u0107i zvu\u010dnik po izboru za one koji tra\u017ee vrhunski zvuk.","og_url":"https:\/\/hd-multimedia.com\/sl\/trgovina\/magnepan-07\/","og_site_name":"hd-multimedia","article_modified_time":"2024-07-10T10:18:29+00:00","og_image":[{"width":700,"height":700,"url":"https:\/\/hd-multimedia.com\/hdm_media\/alum07.jpg","type":"image\/jpeg"}],"twitter_card":"summary_large_image","twitter_misc":{"Est. reading time":"1 minuta"},"schema":{"@context":"https:\/\/schema.org","@graph":[{"@type":"WebPage","@id":"https:\/\/hd-multimedia.com\/trgovina\/magnepan-07\/","url":"https:\/\/hd-multimedia.com\/trgovina\/magnepan-07\/","name":"Magnepan .7 (par) - hd-multimedia","isPartOf":{"@id":"https:\/\/hd-multimedia.com\/#website"},"datePublished":"2020-03-28T14:05:32+00:00","dateModified":"2024-07-10T10:18:29+00:00","description":"Model .7 tvrtke Magnepan isti\u010de se kao omiljeni unutar Magnepana, postaju\u0107i zvu\u010dnik po izboru za one koji tra\u017ee vrhunski zvuk.","breadcrumb":{"@id":"https:\/\/hd-multimedia.com\/trgovina\/magnepan-07\/#breadcrumb"},"inLanguage":"sl-SI","potentialAction":[{"@type":"ReadAction","target":["https:\/\/hd-multimedia.com\/trgovina\/magnepan-07\/"]}]},{"@type":"BreadcrumbList","@id":"https:\/\/hd-multimedia.com\/trgovina\/magnepan-07\/#breadcrumb","itemListElement":[{"@type":"ListItem","position":1,"name":"Po\u010detna stranica","item":"https:\/\/hd-multimedia.com\/"},{"@type":"ListItem","position":2,"name":"Trgovina","item":"https:\/\/hd-multimedia.com\/trgovina\/"},{"@type":"ListItem","position":3,"name":"Magnepan .7 (par)"}]},{"@type":"WebSite","@id":"https:\/\/hd-multimedia.com\/#website","url":"https:\/\/hd-multimedia.com\/","name":"hd-multimedia","description":"","publisher":{"@id":"https:\/\/hd-multimedia.com\/#organization"},"potentialAction":[{"@type":"SearchAction","target":{"@type":"EntryPoint","urlTemplate":"https:\/\/hd-multimedia.com\/?s={search_term_string}"},"query-input":"required name=search_term_string"}],"inLanguage":"sl-SI"},{"@type":"Organization","@id":"https:\/\/hd-multimedia.com\/#organization","name":"hd-multimedia","url":"https:\/\/hd-multimedia.com\/","logo":{"@type":"ImageObject","inLanguage":"sl-SI","@id":"https:\/\/hd-multimedia.com\/#\/schema\/logo\/image\/","url":"https:\/\/hd-multimedia.com\/hdm_media\/HD-curves-ok-196-56px-alpha-1.png","contentUrl":"https:\/\/hd-multimedia.com\/hdm_media\/HD-curves-ok-196-56px-alpha-1.png","width":196,"height":53,"caption":"hd-multimedia"},"image":{"@id":"https:\/\/hd-multimedia.com\/#\/schema\/logo\/image\/"}}]}},"post_mailing_queue_ids":[],"_links":{"self":[{"href":"https:\/\/hd-multimedia.com\/sl\/wp-json\/wp\/v2\/product\/3079","targetHints":{"allow":["GET"]}}],"collection":[{"href":"https:\/\/hd-multimedia.com\/sl\/wp-json\/wp\/v2\/product"}],"about":[{"href":"https:\/\/hd-multimedia.com\/sl\/wp-json\/wp\/v2\/types\/product"}],"version-history":[{"count":7,"href":"https:\/\/hd-multimedia.com\/sl\/wp-json\/wp\/v2\/product\/3079\/revisions"}],"predecessor-version":[{"id":15418,"href":"https:\/\/hd-multimedia.com\/sl\/wp-json\/wp\/v2\/product\/3079\/revisions\/15418"}],"wp:featuredmedia":[{"embeddable":true,"href":"https:\/\/hd-multimedia.com\/sl\/wp-json\/wp\/v2\/media\/3083"}],"wp:attachment":[{"href":"https:\/\/hd-multimedia.com\/sl\/wp-json\/wp\/v2\/media?parent=3079"}],"curies":[{"name":"wp","href":"https:\/\/api.w.org\/{rel}","templated":true}]}}