{"id":3045,"date":"2020-03-26T14:16:11","date_gmt":"2020-03-26T14:16:11","guid":{"rendered":"https:\/\/hd-multimedia.com\/?post_type=product&#038;p=3045"},"modified":"2026-01-16T08:39:11","modified_gmt":"2026-01-16T08:39:11","slug":"proac-response-dt8","status":"publish","type":"product","link":"https:\/\/hd-multimedia.com\/sl\/trgovina\/proac-response-dt8\/","title":{"rendered":"ProAc Response DT8 (par)"},"content":{"rendered":"<p>ProAc Response DT8 \u2013 (par) pasivnih zvo\u010dnikov.<\/p>\n<p>Najnovej\u0161i prostostoje\u010di zvo\u010dnik ProAc s pogonom MidBass iz polipropilena (ala Proac D1-SC, vendar v samostoje\u010di razli\u010dici 2.5)!<\/p>\n<p>Nazivna impedanca: 4 ohma<br \/>\nPriporo\u010dena mo\u010d: 20 do 180 vatov<br \/>\nFrekven\u010dni razpon: 28Hz \u2013 30kHz<br \/>\nOb\u010dutljivost: 90 dB linearno za 1 vat na 1 meter<br \/>\nNizki\/srednji toni: 2 x 165 mm zvo\u010dnika za nizke\/srednje tone. Bass driver papirna (pulpna) membrana, druga s polipropilensko membrano in pokrov\u010dkom. Oba delujeta v tandemu.<br \/>\nVisokotonec: 1\u2033 (25 mm) ProAc zra\u010dno hlajena svilena kupola<\/p>\n<p>Crossover: najbolj\u0161e komponente z optimalno sklopko. Ve\u010d\u017eilni bakreni kabel OFC z mo\u017enostjo povezave Bi Wire ali Bi Amp.<br \/>\nMere: 978 mm (V) na konicah, 193 mm (\u0160), 229 mm (G) s pokrovom.<br \/>\nTe\u017ea: 26kg \u2013 kos.<br \/>\nRazpolo\u017eljiv zaklju\u010dek: svileno bela.<br \/>\nOstale obdelave po naro\u010dilu (do 2 tedna).<\/p>\n<p><a href=\"https:\/\/www.proac-loudspeakers.com\/products\/response-d20-d-r\/\" target=\"_blank\" rel=\"noopener\">Ostale informacije najdete na tej povezavi.<\/a><\/p>","protected":false},"excerpt":{"rendered":"<p>ProAc Response DT8 spreminja pravila oblikovanja zvo\u010dnikov z uporabo razli\u010dnih materialov gonilnikov, prilagojenih specifi\u010dnim frekvencam v dvosmerni konfiguraciji. Z dvema 6,5-pal\u010dnima gonilnikoma iz razli\u010dnih materialov sto\u017eca \u2013 sljude iz celuloze za globoke nizke tone in polipropilena za gladke srednje tone \u2013 DT8 dosega mo\u010dne nizke tone in naraven zvok srednjih tonov. Stewart Tyler je zasnoval kri\u017eanec, ki odli\u010dno integrira ProAc-ov preizku\u0161en 1-pal\u010dni visokotonec z mehko kupolo, name\u0161\u010den med dva bas zvo\u010dnika.<\/p>\n<p><a href=\"https:\/\/www.proac-loudspeakers.com\/products\/response-d20-d-r\/\" target=\"_blank\" rel=\"noopener\">Ostale informacije najdete na tej povezavi.<\/a><\/p>","protected":false},"featured_media":5003,"template":"","meta":{"site-sidebar-layout":"default","site-content-layout":"default","ast-site-content-layout":"default","site-content-style":"default","site-sidebar-style":"default","ast-global-header-display":"","ast-banner-title-visibility":"","ast-main-header-display":"","ast-hfb-above-header-display":"","ast-hfb-below-header-display":"","ast-hfb-mobile-header-display":"","site-post-title":"","ast-breadcrumbs-content":"","ast-featured-img":"","footer-sml-layout":"","theme-transparent-header-meta":"default","adv-header-id-meta":"","stick-header-meta":"default","header-above-stick-meta":"","header-main-stick-meta":"","header-below-stick-meta":"","astra-migrate-meta-layouts":"set","ast-page-background-enabled":"default","ast-page-background-meta":{"desktop":{"background-color":"","background-image":"","background-repeat":"repeat","background-position":"center center","background-size":"auto","background-attachment":"scroll","background-type":"","background-media":"","overlay-type":"","overlay-color":"","overlay-opacity":"","overlay-gradient":""},"tablet":{"background-color":"","background-image":"","background-repeat":"repeat","background-position":"center center","background-size":"auto","background-attachment":"scroll","background-type":"","background-media":"","overlay-type":"","overlay-color":"","overlay-opacity":"","overlay-gradient":""},"mobile":{"background-color":"","background-image":"","background-repeat":"repeat","background-position":"center center","background-size":"auto","background-attachment":"scroll","background-type":"","background-media":"","overlay-type":"","overlay-color":"","overlay-opacity":"","overlay-gradient":""}},"ast-content-background-meta":{"desktop":{"background-color":"var(--ast-global-color-5)","background-image":"","background-repeat":"repeat","background-position":"center center","background-size":"auto","background-attachment":"scroll","background-type":"","background-media":"","overlay-type":"","overlay-color":"","overlay-opacity":"","overlay-gradient":""},"tablet":{"background-color":"var(--ast-global-color-5)","background-image":"","background-repeat":"repeat","background-position":"center center","background-size":"auto","background-attachment":"scroll","background-type":"","background-media":"","overlay-type":"","overlay-color":"","overlay-opacity":"","overlay-gradient":""},"mobile":{"background-color":"var(--ast-global-color-5)","background-image":"","background-repeat":"repeat","background-position":"center center","background-size":"auto","background-attachment":"scroll","background-type":"","background-media":"","overlay-type":"","overlay-color":"","overlay-opacity":"","overlay-gradient":""}}},"class_list":["post-3045","product","type-product","status-publish","has-post-thumbnail","hentry","product_cat-proac","product_cat-pasivne-zvucne-kutije","desktop-align-center","tablet-align-center","mobile-align-center","ast-product-gallery-layout-horizontal","ast-magnify-disabled","ast-product-single-variable","ast-product-tabs-layout-horizontal"],"yoast_head":"<!-- This site is optimized with the Yoast SEO plugin v21.4 - https:\/\/yoast.com\/wordpress\/plugins\/seo\/ -->\n<title>ProAc Response DT8 (par) - hd-multimedia<\/title>\n<meta name=\"robots\" content=\"index, follow, max-snippet:-1, max-image-preview:large, max-video-preview:-1\" \/>\n<link rel=\"canonical\" href=\"https:\/\/hd-multimedia.com\/sl\/trgovina\/proac-response-dt8\/\" \/>\n<meta property=\"og:locale\" content=\"sl_SI\" \/>\n<meta property=\"og:type\" content=\"article\" \/>\n<meta property=\"og:title\" content=\"ProAc Response DT8 (par) - hd-multimedia\" \/>\n<meta property=\"og:description\" content=\"ProAc Response DT8 mijenja pravila dizajna zvu\u010dnika koriste\u0107i razli\u010dite materijale za drajver prilago\u0111ene odre\u0111enim frekvencijama u dvosmjernoj konfiguraciji. S dva 6,5-in\u010dna drajvera s razli\u010ditim materijalima konusa - pulp mica za dubok bas i polipropilen za glatki srednji ton - DT8 posti\u017ee sna\u017ean bas i prirodan zvuk srednjeg podru\u010dja. Stewart Tyler dizajnirao je crossover koji savr\u0161eno integrira provjereni 1-in\u010dni meki kupolasti visokotonac tvrtke ProAc, postavljen izme\u0111u dva bas drajvera.  Ostale informacije mo\u017eete prona\u0107i na ovom linku\" \/>\n<meta property=\"og:url\" content=\"https:\/\/hd-multimedia.com\/sl\/trgovina\/proac-response-dt8\/\" \/>\n<meta property=\"og:site_name\" content=\"hd-multimedia\" \/>\n<meta property=\"article:modified_time\" content=\"2026-01-16T08:39:11+00:00\" \/>\n<meta property=\"og:image\" content=\"https:\/\/hd-multimedia.com\/hdm_media\/ProAc-Response-DT8-Cherry.png\" \/>\n\t<meta property=\"og:image:width\" content=\"650\" \/>\n\t<meta property=\"og:image:height\" content=\"650\" \/>\n\t<meta property=\"og:image:type\" content=\"image\/png\" \/>\n<meta name=\"twitter:card\" content=\"summary_large_image\" \/>\n<meta name=\"twitter:label1\" content=\"Est. reading time\" \/>\n\t<meta name=\"twitter:data1\" content=\"1 minuta\" \/>\n<script type=\"application\/ld+json\" class=\"yoast-schema-graph\">{\"@context\":\"https:\/\/schema.org\",\"@graph\":[{\"@type\":\"WebPage\",\"@id\":\"https:\/\/hd-multimedia.com\/trgovina\/proac-response-dt8\/\",\"url\":\"https:\/\/hd-multimedia.com\/trgovina\/proac-response-dt8\/\",\"name\":\"ProAc Response DT8 (par) - hd-multimedia\",\"isPartOf\":{\"@id\":\"https:\/\/hd-multimedia.com\/#website\"},\"datePublished\":\"2020-03-26T14:16:11+00:00\",\"dateModified\":\"2026-01-16T08:39:11+00:00\",\"breadcrumb\":{\"@id\":\"https:\/\/hd-multimedia.com\/trgovina\/proac-response-dt8\/#breadcrumb\"},\"inLanguage\":\"sl-SI\",\"potentialAction\":[{\"@type\":\"ReadAction\",\"target\":[\"https:\/\/hd-multimedia.com\/trgovina\/proac-response-dt8\/\"]}]},{\"@type\":\"BreadcrumbList\",\"@id\":\"https:\/\/hd-multimedia.com\/trgovina\/proac-response-dt8\/#breadcrumb\",\"itemListElement\":[{\"@type\":\"ListItem\",\"position\":1,\"name\":\"Po\u010detna stranica\",\"item\":\"https:\/\/hd-multimedia.com\/\"},{\"@type\":\"ListItem\",\"position\":2,\"name\":\"Trgovina\",\"item\":\"https:\/\/hd-multimedia.com\/trgovina\/\"},{\"@type\":\"ListItem\",\"position\":3,\"name\":\"ProAc Response DT8 (par)\"}]},{\"@type\":\"WebSite\",\"@id\":\"https:\/\/hd-multimedia.com\/#website\",\"url\":\"https:\/\/hd-multimedia.com\/\",\"name\":\"hd-multimedia\",\"description\":\"\",\"publisher\":{\"@id\":\"https:\/\/hd-multimedia.com\/#organization\"},\"potentialAction\":[{\"@type\":\"SearchAction\",\"target\":{\"@type\":\"EntryPoint\",\"urlTemplate\":\"https:\/\/hd-multimedia.com\/?s={search_term_string}\"},\"query-input\":\"required name=search_term_string\"}],\"inLanguage\":\"sl-SI\"},{\"@type\":\"Organization\",\"@id\":\"https:\/\/hd-multimedia.com\/#organization\",\"name\":\"hd-multimedia\",\"url\":\"https:\/\/hd-multimedia.com\/\",\"logo\":{\"@type\":\"ImageObject\",\"inLanguage\":\"sl-SI\",\"@id\":\"https:\/\/hd-multimedia.com\/#\/schema\/logo\/image\/\",\"url\":\"https:\/\/hd-multimedia.com\/hdm_media\/HD-curves-ok-196-56px-alpha-1.png\",\"contentUrl\":\"https:\/\/hd-multimedia.com\/hdm_media\/HD-curves-ok-196-56px-alpha-1.png\",\"width\":196,\"height\":53,\"caption\":\"hd-multimedia\"},\"image\":{\"@id\":\"https:\/\/hd-multimedia.com\/#\/schema\/logo\/image\/\"}}]}<\/script>\n<!-- \/ Yoast SEO plugin. -->","yoast_head_json":{"title":"ProAc Response DT8 (par) - hd-multimedia","robots":{"index":"index","follow":"follow","max-snippet":"max-snippet:-1","max-image-preview":"max-image-preview:large","max-video-preview":"max-video-preview:-1"},"canonical":"https:\/\/hd-multimedia.com\/sl\/trgovina\/proac-response-dt8\/","og_locale":"sl_SI","og_type":"article","og_title":"ProAc Response DT8 (par) - hd-multimedia","og_description":"ProAc Response DT8 mijenja pravila dizajna zvu\u010dnika koriste\u0107i razli\u010dite materijale za drajver prilago\u0111ene odre\u0111enim frekvencijama u dvosmjernoj konfiguraciji. S dva 6,5-in\u010dna drajvera s razli\u010ditim materijalima konusa - pulp mica za dubok bas i polipropilen za glatki srednji ton - DT8 posti\u017ee sna\u017ean bas i prirodan zvuk srednjeg podru\u010dja. Stewart Tyler dizajnirao je crossover koji savr\u0161eno integrira provjereni 1-in\u010dni meki kupolasti visokotonac tvrtke ProAc, postavljen izme\u0111u dva bas drajvera.  Ostale informacije mo\u017eete prona\u0107i na ovom linku","og_url":"https:\/\/hd-multimedia.com\/sl\/trgovina\/proac-response-dt8\/","og_site_name":"hd-multimedia","article_modified_time":"2026-01-16T08:39:11+00:00","og_image":[{"width":650,"height":650,"url":"https:\/\/hd-multimedia.com\/hdm_media\/ProAc-Response-DT8-Cherry.png","type":"image\/png"}],"twitter_card":"summary_large_image","twitter_misc":{"Est. reading time":"1 minuta"},"schema":{"@context":"https:\/\/schema.org","@graph":[{"@type":"WebPage","@id":"https:\/\/hd-multimedia.com\/trgovina\/proac-response-dt8\/","url":"https:\/\/hd-multimedia.com\/trgovina\/proac-response-dt8\/","name":"ProAc Response DT8 (par) - hd-multimedia","isPartOf":{"@id":"https:\/\/hd-multimedia.com\/#website"},"datePublished":"2020-03-26T14:16:11+00:00","dateModified":"2026-01-16T08:39:11+00:00","breadcrumb":{"@id":"https:\/\/hd-multimedia.com\/trgovina\/proac-response-dt8\/#breadcrumb"},"inLanguage":"sl-SI","potentialAction":[{"@type":"ReadAction","target":["https:\/\/hd-multimedia.com\/trgovina\/proac-response-dt8\/"]}]},{"@type":"BreadcrumbList","@id":"https:\/\/hd-multimedia.com\/trgovina\/proac-response-dt8\/#breadcrumb","itemListElement":[{"@type":"ListItem","position":1,"name":"Po\u010detna stranica","item":"https:\/\/hd-multimedia.com\/"},{"@type":"ListItem","position":2,"name":"Trgovina","item":"https:\/\/hd-multimedia.com\/trgovina\/"},{"@type":"ListItem","position":3,"name":"ProAc Response DT8 (par)"}]},{"@type":"WebSite","@id":"https:\/\/hd-multimedia.com\/#website","url":"https:\/\/hd-multimedia.com\/","name":"hd-multimedia","description":"","publisher":{"@id":"https:\/\/hd-multimedia.com\/#organization"},"potentialAction":[{"@type":"SearchAction","target":{"@type":"EntryPoint","urlTemplate":"https:\/\/hd-multimedia.com\/?s={search_term_string}"},"query-input":"required name=search_term_string"}],"inLanguage":"sl-SI"},{"@type":"Organization","@id":"https:\/\/hd-multimedia.com\/#organization","name":"hd-multimedia","url":"https:\/\/hd-multimedia.com\/","logo":{"@type":"ImageObject","inLanguage":"sl-SI","@id":"https:\/\/hd-multimedia.com\/#\/schema\/logo\/image\/","url":"https:\/\/hd-multimedia.com\/hdm_media\/HD-curves-ok-196-56px-alpha-1.png","contentUrl":"https:\/\/hd-multimedia.com\/hdm_media\/HD-curves-ok-196-56px-alpha-1.png","width":196,"height":53,"caption":"hd-multimedia"},"image":{"@id":"https:\/\/hd-multimedia.com\/#\/schema\/logo\/image\/"}}]}},"post_mailing_queue_ids":[],"_links":{"self":[{"href":"https:\/\/hd-multimedia.com\/sl\/wp-json\/wp\/v2\/product\/3045","targetHints":{"allow":["GET"]}}],"collection":[{"href":"https:\/\/hd-multimedia.com\/sl\/wp-json\/wp\/v2\/product"}],"about":[{"href":"https:\/\/hd-multimedia.com\/sl\/wp-json\/wp\/v2\/types\/product"}],"version-history":[{"count":7,"href":"https:\/\/hd-multimedia.com\/sl\/wp-json\/wp\/v2\/product\/3045\/revisions"}],"predecessor-version":[{"id":13756,"href":"https:\/\/hd-multimedia.com\/sl\/wp-json\/wp\/v2\/product\/3045\/revisions\/13756"}],"wp:featuredmedia":[{"embeddable":true,"href":"https:\/\/hd-multimedia.com\/sl\/wp-json\/wp\/v2\/media\/5003"}],"wp:attachment":[{"href":"https:\/\/hd-multimedia.com\/sl\/wp-json\/wp\/v2\/media?parent=3045"}],"curies":[{"name":"wp","href":"https:\/\/api.w.org\/{rel}","templated":true}]}}