{"id":3020,"date":"2020-03-26T13:24:00","date_gmt":"2020-03-26T13:24:00","guid":{"rendered":"https:\/\/hd-multimedia.com\/?post_type=product&#038;p=3020"},"modified":"2025-10-15T09:31:48","modified_gmt":"2025-10-15T09:31:48","slug":"proac-tablette-10-signature","status":"publish","type":"product","link":"https:\/\/hd-multimedia.com\/sl\/trgovina\/proac-tablette-10-signature\/","title":{"rendered":"ProAc Tablette 10 Signature (par)"},"content":{"rendered":"<p>ProAc Tablette 10 Signature \u2013 (par) pasivnih zvo\u010dnikov.<\/p>\n<p>Slavni kompresijski dizajn majhnih \u0161katel za police v tonu in zmogljivosti ProAc (ala BBC\/Rodgers LS3\/5)!<\/p>\n<p>Nazivna impedanca: 10 ohmov<br \/>\nPriporo\u010dena mo\u010d: 5 do 50 vatov<br \/>\nFrekven\u010dno obmo\u010dje: 55Hz \u2013 30kHz<br \/>\nOb\u010dutljivost: 86 dB linearno za 1 vat na 1 meter<br \/>\nNizki\/srednji toni: ProAc 5\u2033 s papirnatim sto\u017ecem Paganni Mika, akusti\u010dni premaz, magnetni sistem excel s trdnim bakrenim faznim vti\u010dem.<br \/>\nVisokotonec: 1\u2033 (25 mm) ProAc zra\u010dno hlajena svilena kupola<\/p>\n<p>Crossover: najbolj\u0161e komponente z optimalno sklopko. Ve\u010d\u017eilni bakreni kabel OFC z mo\u017enostjo povezave Bi Wire ali Bi Amp.<br \/>\nMere: 305 mm (V), 191 mm (\u0160), 159 mm (G) s pokrovom.<br \/>\nTe\u017ea: 11 kg \u2013 par<br \/>\nRazpolo\u017eljivi zaklju\u010dki: oreh in beli hrast.<br \/>\nOstale obdelave po naro\u010dilu (do 2 tedna).<\/p>\n<p><a href=\"https:\/\/www.proac-loudspeakers.com\/products\/tablette-10-signature\/\" target=\"_blank\" rel=\"noopener\">Ostale informacije najdete na tej povezavi.<\/a><\/p>","protected":false},"excerpt":{"rendered":"<p>Tablette 10 Signature, evolucija modela Tablette 10, popelje znano zasnovo zvo\u010dnikov ProAc na novo raven zmogljivosti. Ohranja lastnosti Tablette 10 in uvaja ve\u010dje, izrazitej\u0161e srednjetonce, izbolj\u0161uje zvo\u010dno kuliso in zagotavlja ob\u010dutek velikosti, ki ga kompaktni zvo\u010dniki pogosto nimajo. Skrbno zasnovan bas gonilnik z magnetnim sistemom excel in faznim pokrovom iz masivnega bakra po meri postavlja temelj za izjemno zmogljivost. Stewart Tyler je po ve\u010dmese\u010dnih meritvah ustvaril ro\u010dno izdelan kri\u017eanec za optimizacijo zmo\u017enosti bas zvo\u010dnika. Razli\u010dica Signature ohranja zvo\u010dne zna\u010dilnosti Tablette 10 in se odlikuje v dolo\u010denih glasbenih \u017eanrih in vokalni reprodukciji. Je tudi prilagodljiv pri postavitvi, lahko ga postavite ob steno ali na kvalitetna stojala.<\/p>\n<p>Ta izdelek lahko za vas naro\u010dimo pri proizvajalcu, po\u0161ljite povpra\u0161evanje na hdm@hdinfo.hr<\/p>\n<p><a href=\"https:\/\/www.proac-loudspeakers.com\/products\/tablette-10-signature\/\" target=\"_blank\" rel=\"noopener\">Ostale informacije najdete na tej povezavi.<\/a><\/p>","protected":false},"featured_media":3032,"template":"","meta":{"site-sidebar-layout":"default","site-content-layout":"default","ast-site-content-layout":"default","site-content-style":"default","site-sidebar-style":"default","ast-global-header-display":"","ast-banner-title-visibility":"","ast-main-header-display":"","ast-hfb-above-header-display":"","ast-hfb-below-header-display":"","ast-hfb-mobile-header-display":"","site-post-title":"","ast-breadcrumbs-content":"","ast-featured-img":"","footer-sml-layout":"","theme-transparent-header-meta":"default","adv-header-id-meta":"","stick-header-meta":"default","header-above-stick-meta":"","header-main-stick-meta":"","header-below-stick-meta":"","astra-migrate-meta-layouts":"set","ast-page-background-enabled":"default","ast-page-background-meta":{"desktop":{"background-color":"","background-image":"","background-repeat":"repeat","background-position":"center center","background-size":"auto","background-attachment":"scroll","background-type":"","background-media":"","overlay-type":"","overlay-color":"","overlay-opacity":"","overlay-gradient":""},"tablet":{"background-color":"","background-image":"","background-repeat":"repeat","background-position":"center center","background-size":"auto","background-attachment":"scroll","background-type":"","background-media":"","overlay-type":"","overlay-color":"","overlay-opacity":"","overlay-gradient":""},"mobile":{"background-color":"","background-image":"","background-repeat":"repeat","background-position":"center center","background-size":"auto","background-attachment":"scroll","background-type":"","background-media":"","overlay-type":"","overlay-color":"","overlay-opacity":"","overlay-gradient":""}},"ast-content-background-meta":{"desktop":{"background-color":"var(--ast-global-color-5)","background-image":"","background-repeat":"repeat","background-position":"center center","background-size":"auto","background-attachment":"scroll","background-type":"","background-media":"","overlay-type":"","overlay-color":"","overlay-opacity":"","overlay-gradient":""},"tablet":{"background-color":"var(--ast-global-color-5)","background-image":"","background-repeat":"repeat","background-position":"center center","background-size":"auto","background-attachment":"scroll","background-type":"","background-media":"","overlay-type":"","overlay-color":"","overlay-opacity":"","overlay-gradient":""},"mobile":{"background-color":"var(--ast-global-color-5)","background-image":"","background-repeat":"repeat","background-position":"center center","background-size":"auto","background-attachment":"scroll","background-type":"","background-media":"","overlay-type":"","overlay-color":"","overlay-opacity":"","overlay-gradient":""}}},"class_list":["post-3020","product","type-product","status-publish","has-post-thumbnail","hentry","product_cat-proac","product_cat-pasivne-zvucne-kutije","desktop-align-center","tablet-align-center","mobile-align-center","ast-product-gallery-layout-horizontal","ast-magnify-disabled","ast-product-single-variable","ast-product-tabs-layout-horizontal"],"yoast_head":"<!-- This site is optimized with the Yoast SEO plugin v21.4 - https:\/\/yoast.com\/wordpress\/plugins\/seo\/ -->\n<title>ProAc Tablette 10 Signature (par) - hd-multimedia<\/title>\n<meta name=\"description\" content=\"ProAc Tablette 10 Signature - (par) pasivne zvu\u010dne kutije.Poznati kompresijski dizajn malih kutija za policu u ProAc tonu i izvedbi (ala BBC\/Rodgers LS3\/5)!\" \/>\n<meta name=\"robots\" content=\"index, follow, max-snippet:-1, max-image-preview:large, max-video-preview:-1\" \/>\n<link rel=\"canonical\" href=\"https:\/\/hd-multimedia.com\/sl\/trgovina\/proac-tablette-10-signature\/\" \/>\n<meta property=\"og:locale\" content=\"sl_SI\" \/>\n<meta property=\"og:type\" content=\"article\" \/>\n<meta property=\"og:title\" content=\"ProAc Tablette 10 Signature (par) - hd-multimedia\" \/>\n<meta property=\"og:description\" content=\"ProAc Tablette 10 Signature - (par) pasivne zvu\u010dne kutije.Poznati kompresijski dizajn malih kutija za policu u ProAc tonu i izvedbi (ala BBC\/Rodgers LS3\/5)!\" \/>\n<meta property=\"og:url\" content=\"https:\/\/hd-multimedia.com\/sl\/trgovina\/proac-tablette-10-signature\/\" \/>\n<meta property=\"og:site_name\" content=\"hd-multimedia\" \/>\n<meta property=\"article:modified_time\" content=\"2025-10-15T09:31:48+00:00\" \/>\n<meta property=\"og:image\" content=\"https:\/\/hd-multimedia.com\/hdm_media\/sig10-43307-1_1-e1620987895525.jpg\" \/>\n\t<meta property=\"og:image:width\" content=\"560\" \/>\n\t<meta property=\"og:image:height\" content=\"560\" \/>\n\t<meta property=\"og:image:type\" content=\"image\/jpeg\" \/>\n<meta name=\"twitter:card\" content=\"summary_large_image\" \/>\n<meta name=\"twitter:label1\" content=\"Est. reading time\" \/>\n\t<meta name=\"twitter:data1\" content=\"1 minuta\" \/>\n<script type=\"application\/ld+json\" class=\"yoast-schema-graph\">{\"@context\":\"https:\/\/schema.org\",\"@graph\":[{\"@type\":\"WebPage\",\"@id\":\"https:\/\/hd-multimedia.com\/trgovina\/proac-tablette-10-signature\/\",\"url\":\"https:\/\/hd-multimedia.com\/trgovina\/proac-tablette-10-signature\/\",\"name\":\"ProAc Tablette 10 Signature (par) - hd-multimedia\",\"isPartOf\":{\"@id\":\"https:\/\/hd-multimedia.com\/#website\"},\"datePublished\":\"2020-03-26T13:24:00+00:00\",\"dateModified\":\"2025-10-15T09:31:48+00:00\",\"description\":\"ProAc Tablette 10 Signature - (par) pasivne zvu\u010dne kutije.Poznati kompresijski dizajn malih kutija za policu u ProAc tonu i izvedbi (ala BBC\/Rodgers LS3\/5)!\",\"breadcrumb\":{\"@id\":\"https:\/\/hd-multimedia.com\/trgovina\/proac-tablette-10-signature\/#breadcrumb\"},\"inLanguage\":\"sl-SI\",\"potentialAction\":[{\"@type\":\"ReadAction\",\"target\":[\"https:\/\/hd-multimedia.com\/trgovina\/proac-tablette-10-signature\/\"]}]},{\"@type\":\"BreadcrumbList\",\"@id\":\"https:\/\/hd-multimedia.com\/trgovina\/proac-tablette-10-signature\/#breadcrumb\",\"itemListElement\":[{\"@type\":\"ListItem\",\"position\":1,\"name\":\"Po\u010detna stranica\",\"item\":\"https:\/\/hd-multimedia.com\/\"},{\"@type\":\"ListItem\",\"position\":2,\"name\":\"Trgovina\",\"item\":\"https:\/\/hd-multimedia.com\/trgovina\/\"},{\"@type\":\"ListItem\",\"position\":3,\"name\":\"ProAc Tablette 10 Signature (par)\"}]},{\"@type\":\"WebSite\",\"@id\":\"https:\/\/hd-multimedia.com\/#website\",\"url\":\"https:\/\/hd-multimedia.com\/\",\"name\":\"hd-multimedia\",\"description\":\"\",\"publisher\":{\"@id\":\"https:\/\/hd-multimedia.com\/#organization\"},\"potentialAction\":[{\"@type\":\"SearchAction\",\"target\":{\"@type\":\"EntryPoint\",\"urlTemplate\":\"https:\/\/hd-multimedia.com\/?s={search_term_string}\"},\"query-input\":\"required name=search_term_string\"}],\"inLanguage\":\"sl-SI\"},{\"@type\":\"Organization\",\"@id\":\"https:\/\/hd-multimedia.com\/#organization\",\"name\":\"hd-multimedia\",\"url\":\"https:\/\/hd-multimedia.com\/\",\"logo\":{\"@type\":\"ImageObject\",\"inLanguage\":\"sl-SI\",\"@id\":\"https:\/\/hd-multimedia.com\/#\/schema\/logo\/image\/\",\"url\":\"https:\/\/hd-multimedia.com\/hdm_media\/HD-curves-ok-196-56px-alpha-1.png\",\"contentUrl\":\"https:\/\/hd-multimedia.com\/hdm_media\/HD-curves-ok-196-56px-alpha-1.png\",\"width\":196,\"height\":53,\"caption\":\"hd-multimedia\"},\"image\":{\"@id\":\"https:\/\/hd-multimedia.com\/#\/schema\/logo\/image\/\"}}]}<\/script>\n<!-- \/ Yoast SEO plugin. -->","yoast_head_json":{"title":"ProAc Tablette 10 Signature (par) - hd-multimedia","description":"ProAc Tablette 10 Signature - (par) pasivne zvu\u010dne kutije.Poznati kompresijski dizajn malih kutija za policu u ProAc tonu i izvedbi (ala BBC\/Rodgers LS3\/5)!","robots":{"index":"index","follow":"follow","max-snippet":"max-snippet:-1","max-image-preview":"max-image-preview:large","max-video-preview":"max-video-preview:-1"},"canonical":"https:\/\/hd-multimedia.com\/sl\/trgovina\/proac-tablette-10-signature\/","og_locale":"sl_SI","og_type":"article","og_title":"ProAc Tablette 10 Signature (par) - hd-multimedia","og_description":"ProAc Tablette 10 Signature - (par) pasivne zvu\u010dne kutije.Poznati kompresijski dizajn malih kutija za policu u ProAc tonu i izvedbi (ala BBC\/Rodgers LS3\/5)!","og_url":"https:\/\/hd-multimedia.com\/sl\/trgovina\/proac-tablette-10-signature\/","og_site_name":"hd-multimedia","article_modified_time":"2025-10-15T09:31:48+00:00","og_image":[{"width":560,"height":560,"url":"https:\/\/hd-multimedia.com\/hdm_media\/sig10-43307-1_1-e1620987895525.jpg","type":"image\/jpeg"}],"twitter_card":"summary_large_image","twitter_misc":{"Est. reading time":"1 minuta"},"schema":{"@context":"https:\/\/schema.org","@graph":[{"@type":"WebPage","@id":"https:\/\/hd-multimedia.com\/trgovina\/proac-tablette-10-signature\/","url":"https:\/\/hd-multimedia.com\/trgovina\/proac-tablette-10-signature\/","name":"ProAc Tablette 10 Signature (par) - hd-multimedia","isPartOf":{"@id":"https:\/\/hd-multimedia.com\/#website"},"datePublished":"2020-03-26T13:24:00+00:00","dateModified":"2025-10-15T09:31:48+00:00","description":"ProAc Tablette 10 Signature - (par) pasivne zvu\u010dne kutije.Poznati kompresijski dizajn malih kutija za policu u ProAc tonu i izvedbi (ala BBC\/Rodgers LS3\/5)!","breadcrumb":{"@id":"https:\/\/hd-multimedia.com\/trgovina\/proac-tablette-10-signature\/#breadcrumb"},"inLanguage":"sl-SI","potentialAction":[{"@type":"ReadAction","target":["https:\/\/hd-multimedia.com\/trgovina\/proac-tablette-10-signature\/"]}]},{"@type":"BreadcrumbList","@id":"https:\/\/hd-multimedia.com\/trgovina\/proac-tablette-10-signature\/#breadcrumb","itemListElement":[{"@type":"ListItem","position":1,"name":"Po\u010detna stranica","item":"https:\/\/hd-multimedia.com\/"},{"@type":"ListItem","position":2,"name":"Trgovina","item":"https:\/\/hd-multimedia.com\/trgovina\/"},{"@type":"ListItem","position":3,"name":"ProAc Tablette 10 Signature (par)"}]},{"@type":"WebSite","@id":"https:\/\/hd-multimedia.com\/#website","url":"https:\/\/hd-multimedia.com\/","name":"hd-multimedia","description":"","publisher":{"@id":"https:\/\/hd-multimedia.com\/#organization"},"potentialAction":[{"@type":"SearchAction","target":{"@type":"EntryPoint","urlTemplate":"https:\/\/hd-multimedia.com\/?s={search_term_string}"},"query-input":"required name=search_term_string"}],"inLanguage":"sl-SI"},{"@type":"Organization","@id":"https:\/\/hd-multimedia.com\/#organization","name":"hd-multimedia","url":"https:\/\/hd-multimedia.com\/","logo":{"@type":"ImageObject","inLanguage":"sl-SI","@id":"https:\/\/hd-multimedia.com\/#\/schema\/logo\/image\/","url":"https:\/\/hd-multimedia.com\/hdm_media\/HD-curves-ok-196-56px-alpha-1.png","contentUrl":"https:\/\/hd-multimedia.com\/hdm_media\/HD-curves-ok-196-56px-alpha-1.png","width":196,"height":53,"caption":"hd-multimedia"},"image":{"@id":"https:\/\/hd-multimedia.com\/#\/schema\/logo\/image\/"}}]}},"post_mailing_queue_ids":[],"_links":{"self":[{"href":"https:\/\/hd-multimedia.com\/sl\/wp-json\/wp\/v2\/product\/3020","targetHints":{"allow":["GET"]}}],"collection":[{"href":"https:\/\/hd-multimedia.com\/sl\/wp-json\/wp\/v2\/product"}],"about":[{"href":"https:\/\/hd-multimedia.com\/sl\/wp-json\/wp\/v2\/types\/product"}],"version-history":[{"count":6,"href":"https:\/\/hd-multimedia.com\/sl\/wp-json\/wp\/v2\/product\/3020\/revisions"}],"predecessor-version":[{"id":15968,"href":"https:\/\/hd-multimedia.com\/sl\/wp-json\/wp\/v2\/product\/3020\/revisions\/15968"}],"wp:featuredmedia":[{"embeddable":true,"href":"https:\/\/hd-multimedia.com\/sl\/wp-json\/wp\/v2\/media\/3032"}],"wp:attachment":[{"href":"https:\/\/hd-multimedia.com\/sl\/wp-json\/wp\/v2\/media?parent=3020"}],"curies":[{"name":"wp","href":"https:\/\/api.w.org\/{rel}","templated":true}]}}