{"id":2892,"date":"2020-03-09T12:20:57","date_gmt":"2020-03-09T12:20:57","guid":{"rendered":"https:\/\/hd-multimedia.com\/?post_type=product&#038;p=2892"},"modified":"2026-01-16T11:05:52","modified_gmt":"2026-01-16T11:05:52","slug":"elac-debut-reference-fr5-2-par","status":"publish","type":"product","link":"https:\/\/hd-multimedia.com\/sl\/trgovina\/elac-debut-reference-fr5-2-par\/","title":{"rendered":"Elac Debut Reference DFR52 (par)"},"content":{"rendered":"<p>\u2013 Vrsta ohi\u0161ja: 3-Way Bass Reflex<\/p>\n<p>\u2013 Frekven\u010dni odziv: 42Hz \u2013 35000Hz<\/p>\n<p>\u2013 Nazivni upor: 6 Ohmov<\/p>\n<p>\u2013 Ob\u010dutljivost: 87dB @ 2,83v\/1m<\/p>\n<p>\u2013 Crossover frekvenca: 90Hz\/2200Hz<\/p>\n<p>\u2013 Najve\u010dja mo\u010d: 140 vatov<\/p>\n<p>\u2013 Visokotonec: 2,54 cm platnena kupola<\/p>\n<p>\u2013 Srednjetonski zvo\u010dnik: 13,34 cm aramidnih vlaken<\/p>\n<p>\u2013 Nizkotonci: 2 x 13,34 cm aramidna vlakna<\/p>\n<p>\u2013 Omarica: MDF z oznako CARB2<\/p>\n<p>\u2013 Vrata: 3 x dvojno ukrivljena<\/p>\n<p>\u2013 Kabelski konektorji: 5-smerni kovinski<\/p>\n<p>\u2013 Zaklju\u010dki ohi\u0161ja: bela plo\u0161\u010da, hrastova omara ali \u010drna plo\u0161\u010da, orehova omara<\/p>\n<p>\u2013 Vklju\u010dena dodatna oprema: Tkanina z magnetno mre\u017eo<\/p>\n<p>\u2013 Te\u017ea: 16,70 kg vsak<\/p>\n<p>\u2013 Mere (\u0160xVxG): 18,49 cm x 101,59 cm x 24,23 cm<\/p>\n<p><a href=\"https:\/\/www.elac.com\/category\/floorstanding-speakers\/debut-reference-dfr52\/\" target=\"_blank\" rel=\"noopener\">Ostale informacije najdete na tej povezavi.<\/a><\/p>","protected":false},"excerpt":{"rendered":"<p>Nova referen\u010dna linija ELAC temelji na \u017ee znani seriji Debut in ponuja kombinacijo tehni\u010dnih in estetskih inovacij. Elac Debut Reference DFR52 se brezhibno prilega vsakemu slogu, hkrati pa zagotavlja izjemno kakovost zvoka. Klju\u010dne tehni\u010dne zna\u010dilnosti vklju\u010dujejo nov valovod in odprto zasnovo re\u0161etke za izbolj\u0161an visokofrekven\u010dni odziv. Podpora za polno glasnost zmanj\u0161a tresljaje ohi\u0161ja, na voljo pa je tudi lit nizkotonec za izbolj\u0161ano togost sprednje plo\u0161\u010de in zmanj\u0161ano resonanco ohi\u0161ja. Dvojno raz\u0161irjena zra\u010dna odprtina zagotavlja ni\u017eji hrup in vi\u0161ji izhod nizkih tonov, kar pove\u010da splo\u0161no dinamiko nizkih tonov. Debut Reference je dokaz zavezanosti ELAC vrhunski kakovosti zvoka in prefinjenemu dizajnu.<\/p>\n<p>Cena velja za par (2 zvo\u010dnika)<\/p>\n<p><a href=\"https:\/\/www.elac.com\/category\/floorstanding-speakers\/debut-reference-dfr52\/\" target=\"_blank\" rel=\"noopener\">Ostale informacije najdete na tej povezavi.<\/a><\/p>\n<p>&nbsp;<\/p>","protected":false},"featured_media":2879,"template":"","meta":{"site-sidebar-layout":"default","site-content-layout":"default","ast-site-content-layout":"default","site-content-style":"default","site-sidebar-style":"default","ast-global-header-display":"","ast-banner-title-visibility":"","ast-main-header-display":"","ast-hfb-above-header-display":"","ast-hfb-below-header-display":"","ast-hfb-mobile-header-display":"","site-post-title":"","ast-breadcrumbs-content":"","ast-featured-img":"","footer-sml-layout":"","theme-transparent-header-meta":"default","adv-header-id-meta":"","stick-header-meta":"default","header-above-stick-meta":"","header-main-stick-meta":"","header-below-stick-meta":"","astra-migrate-meta-layouts":"set","ast-page-background-enabled":"default","ast-page-background-meta":{"desktop":{"background-color":"","background-image":"","background-repeat":"repeat","background-position":"center center","background-size":"auto","background-attachment":"scroll","background-type":"","background-media":"","overlay-type":"","overlay-color":"","overlay-opacity":"","overlay-gradient":""},"tablet":{"background-color":"","background-image":"","background-repeat":"repeat","background-position":"center center","background-size":"auto","background-attachment":"scroll","background-type":"","background-media":"","overlay-type":"","overlay-color":"","overlay-opacity":"","overlay-gradient":""},"mobile":{"background-color":"","background-image":"","background-repeat":"repeat","background-position":"center center","background-size":"auto","background-attachment":"scroll","background-type":"","background-media":"","overlay-type":"","overlay-color":"","overlay-opacity":"","overlay-gradient":""}},"ast-content-background-meta":{"desktop":{"background-color":"var(--ast-global-color-5)","background-image":"","background-repeat":"repeat","background-position":"center center","background-size":"auto","background-attachment":"scroll","background-type":"","background-media":"","overlay-type":"","overlay-color":"","overlay-opacity":"","overlay-gradient":""},"tablet":{"background-color":"var(--ast-global-color-5)","background-image":"","background-repeat":"repeat","background-position":"center center","background-size":"auto","background-attachment":"scroll","background-type":"","background-media":"","overlay-type":"","overlay-color":"","overlay-opacity":"","overlay-gradient":""},"mobile":{"background-color":"var(--ast-global-color-5)","background-image":"","background-repeat":"repeat","background-position":"center center","background-size":"auto","background-attachment":"scroll","background-type":"","background-media":"","overlay-type":"","overlay-color":"","overlay-opacity":"","overlay-gradient":""}}},"class_list":["post-2892","product","type-product","status-publish","has-post-thumbnail","hentry","product_cat-pasivne-zvucne-kutije","product_cat-elac","desktop-align-center","tablet-align-center","mobile-align-center","ast-product-gallery-layout-horizontal","ast-magnify-disabled","ast-product-single-variable","ast-product-tabs-layout-horizontal"],"yoast_head":"<!-- This site is optimized with the Yoast SEO plugin v21.4 - https:\/\/yoast.com\/wordpress\/plugins\/seo\/ -->\n<title>Elac Debut Reference DFR52 (par) - hd-multimedia<\/title>\n<meta name=\"description\" content=\"Elac Debut Reference DFR5.2 (par)Elac Debut Reference DFR52 je dvosmjerni zvu\u010dnik za police dizajniran za reprodukciju zvuka visoke vjernosti.\" \/>\n<meta name=\"robots\" content=\"index, follow, max-snippet:-1, max-image-preview:large, max-video-preview:-1\" \/>\n<link rel=\"canonical\" href=\"https:\/\/hd-multimedia.com\/sl\/trgovina\/elac-debut-reference-fr5-2-par\/\" \/>\n<meta property=\"og:locale\" content=\"sl_SI\" \/>\n<meta property=\"og:type\" content=\"article\" \/>\n<meta property=\"og:title\" content=\"Elac Debut Reference DFR52 (par) - hd-multimedia\" \/>\n<meta property=\"og:description\" content=\"Elac Debut Reference DFR5.2 (par)Elac Debut Reference DFR52 je dvosmjerni zvu\u010dnik za police dizajniran za reprodukciju zvuka visoke vjernosti.\" \/>\n<meta property=\"og:url\" content=\"https:\/\/hd-multimedia.com\/sl\/trgovina\/elac-debut-reference-fr5-2-par\/\" \/>\n<meta property=\"og:site_name\" content=\"hd-multimedia\" \/>\n<meta property=\"article:modified_time\" content=\"2026-01-16T11:05:52+00:00\" \/>\n<meta property=\"og:image\" content=\"https:\/\/hd-multimedia.com\/hdm_media\/dfr52-bk-gallery-4.png\" \/>\n\t<meta property=\"og:image:width\" content=\"750\" \/>\n\t<meta property=\"og:image:height\" content=\"750\" \/>\n\t<meta property=\"og:image:type\" content=\"image\/png\" \/>\n<meta name=\"twitter:card\" content=\"summary_large_image\" \/>\n<meta name=\"twitter:label1\" content=\"Est. reading time\" \/>\n\t<meta name=\"twitter:data1\" content=\"1 minuta\" \/>\n<script type=\"application\/ld+json\" class=\"yoast-schema-graph\">{\"@context\":\"https:\/\/schema.org\",\"@graph\":[{\"@type\":\"WebPage\",\"@id\":\"https:\/\/hd-multimedia.com\/trgovina\/elac-debut-reference-fr5-2-par\/\",\"url\":\"https:\/\/hd-multimedia.com\/trgovina\/elac-debut-reference-fr5-2-par\/\",\"name\":\"Elac Debut Reference DFR52 (par) - hd-multimedia\",\"isPartOf\":{\"@id\":\"https:\/\/hd-multimedia.com\/#website\"},\"datePublished\":\"2020-03-09T12:20:57+00:00\",\"dateModified\":\"2026-01-16T11:05:52+00:00\",\"description\":\"Elac Debut Reference DFR5.2 (par)Elac Debut Reference DFR52 je dvosmjerni zvu\u010dnik za police dizajniran za reprodukciju zvuka visoke vjernosti.\",\"breadcrumb\":{\"@id\":\"https:\/\/hd-multimedia.com\/trgovina\/elac-debut-reference-fr5-2-par\/#breadcrumb\"},\"inLanguage\":\"sl-SI\",\"potentialAction\":[{\"@type\":\"ReadAction\",\"target\":[\"https:\/\/hd-multimedia.com\/trgovina\/elac-debut-reference-fr5-2-par\/\"]}]},{\"@type\":\"BreadcrumbList\",\"@id\":\"https:\/\/hd-multimedia.com\/trgovina\/elac-debut-reference-fr5-2-par\/#breadcrumb\",\"itemListElement\":[{\"@type\":\"ListItem\",\"position\":1,\"name\":\"Po\u010detna stranica\",\"item\":\"https:\/\/hd-multimedia.com\/\"},{\"@type\":\"ListItem\",\"position\":2,\"name\":\"Trgovina\",\"item\":\"https:\/\/hd-multimedia.com\/trgovina\/\"},{\"@type\":\"ListItem\",\"position\":3,\"name\":\"Elac Debut Reference DFR52 (par)\"}]},{\"@type\":\"WebSite\",\"@id\":\"https:\/\/hd-multimedia.com\/#website\",\"url\":\"https:\/\/hd-multimedia.com\/\",\"name\":\"hd-multimedia\",\"description\":\"\",\"publisher\":{\"@id\":\"https:\/\/hd-multimedia.com\/#organization\"},\"potentialAction\":[{\"@type\":\"SearchAction\",\"target\":{\"@type\":\"EntryPoint\",\"urlTemplate\":\"https:\/\/hd-multimedia.com\/?s={search_term_string}\"},\"query-input\":\"required name=search_term_string\"}],\"inLanguage\":\"sl-SI\"},{\"@type\":\"Organization\",\"@id\":\"https:\/\/hd-multimedia.com\/#organization\",\"name\":\"hd-multimedia\",\"url\":\"https:\/\/hd-multimedia.com\/\",\"logo\":{\"@type\":\"ImageObject\",\"inLanguage\":\"sl-SI\",\"@id\":\"https:\/\/hd-multimedia.com\/#\/schema\/logo\/image\/\",\"url\":\"https:\/\/hd-multimedia.com\/hdm_media\/HD-curves-ok-196-56px-alpha-1.png\",\"contentUrl\":\"https:\/\/hd-multimedia.com\/hdm_media\/HD-curves-ok-196-56px-alpha-1.png\",\"width\":196,\"height\":53,\"caption\":\"hd-multimedia\"},\"image\":{\"@id\":\"https:\/\/hd-multimedia.com\/#\/schema\/logo\/image\/\"}}]}<\/script>\n<!-- \/ Yoast SEO plugin. -->","yoast_head_json":{"title":"Elac Debut Reference DFR52 (par) - hd-multimedia","description":"Elac Debut Reference DFR5.2 (par)Elac Debut Reference DFR52 je dvosmjerni zvu\u010dnik za police dizajniran za reprodukciju zvuka visoke vjernosti.","robots":{"index":"index","follow":"follow","max-snippet":"max-snippet:-1","max-image-preview":"max-image-preview:large","max-video-preview":"max-video-preview:-1"},"canonical":"https:\/\/hd-multimedia.com\/sl\/trgovina\/elac-debut-reference-fr5-2-par\/","og_locale":"sl_SI","og_type":"article","og_title":"Elac Debut Reference DFR52 (par) - hd-multimedia","og_description":"Elac Debut Reference DFR5.2 (par)Elac Debut Reference DFR52 je dvosmjerni zvu\u010dnik za police dizajniran za reprodukciju zvuka visoke vjernosti.","og_url":"https:\/\/hd-multimedia.com\/sl\/trgovina\/elac-debut-reference-fr5-2-par\/","og_site_name":"hd-multimedia","article_modified_time":"2026-01-16T11:05:52+00:00","og_image":[{"width":750,"height":750,"url":"https:\/\/hd-multimedia.com\/hdm_media\/dfr52-bk-gallery-4.png","type":"image\/png"}],"twitter_card":"summary_large_image","twitter_misc":{"Est. reading time":"1 minuta"},"schema":{"@context":"https:\/\/schema.org","@graph":[{"@type":"WebPage","@id":"https:\/\/hd-multimedia.com\/trgovina\/elac-debut-reference-fr5-2-par\/","url":"https:\/\/hd-multimedia.com\/trgovina\/elac-debut-reference-fr5-2-par\/","name":"Elac Debut Reference DFR52 (par) - hd-multimedia","isPartOf":{"@id":"https:\/\/hd-multimedia.com\/#website"},"datePublished":"2020-03-09T12:20:57+00:00","dateModified":"2026-01-16T11:05:52+00:00","description":"Elac Debut Reference DFR5.2 (par)Elac Debut Reference DFR52 je dvosmjerni zvu\u010dnik za police dizajniran za reprodukciju zvuka visoke vjernosti.","breadcrumb":{"@id":"https:\/\/hd-multimedia.com\/trgovina\/elac-debut-reference-fr5-2-par\/#breadcrumb"},"inLanguage":"sl-SI","potentialAction":[{"@type":"ReadAction","target":["https:\/\/hd-multimedia.com\/trgovina\/elac-debut-reference-fr5-2-par\/"]}]},{"@type":"BreadcrumbList","@id":"https:\/\/hd-multimedia.com\/trgovina\/elac-debut-reference-fr5-2-par\/#breadcrumb","itemListElement":[{"@type":"ListItem","position":1,"name":"Po\u010detna stranica","item":"https:\/\/hd-multimedia.com\/"},{"@type":"ListItem","position":2,"name":"Trgovina","item":"https:\/\/hd-multimedia.com\/trgovina\/"},{"@type":"ListItem","position":3,"name":"Elac Debut Reference DFR52 (par)"}]},{"@type":"WebSite","@id":"https:\/\/hd-multimedia.com\/#website","url":"https:\/\/hd-multimedia.com\/","name":"hd-multimedia","description":"","publisher":{"@id":"https:\/\/hd-multimedia.com\/#organization"},"potentialAction":[{"@type":"SearchAction","target":{"@type":"EntryPoint","urlTemplate":"https:\/\/hd-multimedia.com\/?s={search_term_string}"},"query-input":"required name=search_term_string"}],"inLanguage":"sl-SI"},{"@type":"Organization","@id":"https:\/\/hd-multimedia.com\/#organization","name":"hd-multimedia","url":"https:\/\/hd-multimedia.com\/","logo":{"@type":"ImageObject","inLanguage":"sl-SI","@id":"https:\/\/hd-multimedia.com\/#\/schema\/logo\/image\/","url":"https:\/\/hd-multimedia.com\/hdm_media\/HD-curves-ok-196-56px-alpha-1.png","contentUrl":"https:\/\/hd-multimedia.com\/hdm_media\/HD-curves-ok-196-56px-alpha-1.png","width":196,"height":53,"caption":"hd-multimedia"},"image":{"@id":"https:\/\/hd-multimedia.com\/#\/schema\/logo\/image\/"}}]}},"post_mailing_queue_ids":[],"_links":{"self":[{"href":"https:\/\/hd-multimedia.com\/sl\/wp-json\/wp\/v2\/product\/2892","targetHints":{"allow":["GET"]}}],"collection":[{"href":"https:\/\/hd-multimedia.com\/sl\/wp-json\/wp\/v2\/product"}],"about":[{"href":"https:\/\/hd-multimedia.com\/sl\/wp-json\/wp\/v2\/types\/product"}],"version-history":[{"count":11,"href":"https:\/\/hd-multimedia.com\/sl\/wp-json\/wp\/v2\/product\/2892\/revisions"}],"predecessor-version":[{"id":18345,"href":"https:\/\/hd-multimedia.com\/sl\/wp-json\/wp\/v2\/product\/2892\/revisions\/18345"}],"wp:featuredmedia":[{"embeddable":true,"href":"https:\/\/hd-multimedia.com\/sl\/wp-json\/wp\/v2\/media\/2879"}],"wp:attachment":[{"href":"https:\/\/hd-multimedia.com\/sl\/wp-json\/wp\/v2\/media?parent=2892"}],"curies":[{"name":"wp","href":"https:\/\/api.w.org\/{rel}","templated":true}]}}