{"id":2634,"date":"2020-01-21T09:54:18","date_gmt":"2020-01-21T09:54:18","guid":{"rendered":"https:\/\/hd-multimedia.com\/trgovina\/fiio-utws1\/"},"modified":"2024-07-11T09:30:26","modified_gmt":"2024-07-11T09:30:26","slug":"fiio-utws1-true-wireless-bluetooth-receiver-with-mmcx-connectors-for-iem","status":"publish","type":"product","link":"https:\/\/hd-multimedia.com\/sl\/trgovina\/fiio-utws1-true-wireless-bluetooth-receiver-with-mmcx-connectors-for-iem\/","title":{"rendered":"FiiO UTWS1"},"content":{"rendered":"<p>FiiO UTWS1 \u2013 pravi brez\u017ei\u010dni Bluetooth sprejemnik s priklju\u010dki MMCX ali \u201c2-PIN 0,72 mm\u201d za povezavo z va\u0161imi slu\u0161alkami IEM. Podprti AAC (Apple IOS), aptX, SBC. Bluetooth 5.0. \u017divljenjska doba baterije 8h, v pripravljenosti 180h. Izhodna mo\u010d 5mW (32ohm). Te\u017ea 6,5 gramov.<\/p>\n<p><a href=\"https:\/\/www.fiio.com\/utws1\" target=\"_blank\" rel=\"noopener\">Ostale informacije najdete na tej povezavi.<\/a><\/p>","protected":false},"excerpt":{"rendered":"<p>Spremenite katero koli slu\u0161alko v vrhunsko brez\u017ei\u010dno slu\u0161alko z modulom FiiO UTWS1, ki zagotavlja resni\u010dno visokokakovostno zvo\u010dno izku\u0161njo brez te\u017eav s kabli. UTWS1, ki je na voljo z 0,78 mm 2-polnimi priklju\u010dki ali z raz\u0161irjenimi priklju\u010dki MMCX (zanesljivej\u0161i in enostavnej\u0161i za povezavo z ve\u010d slu\u0161alkami v primerjavi s standardnim MMCX), prina\u0161a povsem novo brez\u017ei\u010dno dimenzijo \u0161irokemu naboru slu\u0161alk. Poganja ga Qualcomm QCC3020 Bluetooth \u010dip s podporo za Bluetooth razli\u010dice 5.0 in zagotavlja izjemno visoko zmogljivost, hiter in stabilen prenos podatkov ter nizko porabo energije za zanesljivo brez\u017ei\u010dno povezavo. Napredni DSP in visoko ob\u010dutljivi mikrofoni v obeh modulih zagotavljajo kristalno \u010diste telefonske klice tudi v hrupnem okolju. Naprave iOS podpirajo avdio format AAC, medtem ko naprave Android podpirajo format aptX s \u0161e vi\u0161jo kakovostjo in lo\u010dljivostjo. Podpora UTWS1 za te formate zagotavlja pravi Hi-Fi zvok ne glede na to, kje ste.<\/p>\n<p><a href=\"https:\/\/www.fiio.com\/utws1\" target=\"_blank\" rel=\"noopener\">Ostale informacije najdete na tej povezavi.<\/a><\/p>","protected":false},"featured_media":2637,"template":"","meta":{"site-sidebar-layout":"default","site-content-layout":"default","ast-site-content-layout":"default","site-content-style":"default","site-sidebar-style":"default","ast-global-header-display":"","ast-banner-title-visibility":"","ast-main-header-display":"","ast-hfb-above-header-display":"","ast-hfb-below-header-display":"","ast-hfb-mobile-header-display":"","site-post-title":"","ast-breadcrumbs-content":"","ast-featured-img":"","footer-sml-layout":"","theme-transparent-header-meta":"default","adv-header-id-meta":"","stick-header-meta":"default","header-above-stick-meta":"","header-main-stick-meta":"","header-below-stick-meta":"","astra-migrate-meta-layouts":"set","ast-page-background-enabled":"default","ast-page-background-meta":{"desktop":{"background-color":"","background-image":"","background-repeat":"repeat","background-position":"center center","background-size":"auto","background-attachment":"scroll","background-type":"","background-media":"","overlay-type":"","overlay-color":"","overlay-opacity":"","overlay-gradient":""},"tablet":{"background-color":"","background-image":"","background-repeat":"repeat","background-position":"center center","background-size":"auto","background-attachment":"scroll","background-type":"","background-media":"","overlay-type":"","overlay-color":"","overlay-opacity":"","overlay-gradient":""},"mobile":{"background-color":"","background-image":"","background-repeat":"repeat","background-position":"center center","background-size":"auto","background-attachment":"scroll","background-type":"","background-media":"","overlay-type":"","overlay-color":"","overlay-opacity":"","overlay-gradient":""}},"ast-content-background-meta":{"desktop":{"background-color":"var(--ast-global-color-5)","background-image":"","background-repeat":"repeat","background-position":"center center","background-size":"auto","background-attachment":"scroll","background-type":"","background-media":"","overlay-type":"","overlay-color":"","overlay-opacity":"","overlay-gradient":""},"tablet":{"background-color":"var(--ast-global-color-5)","background-image":"","background-repeat":"repeat","background-position":"center center","background-size":"auto","background-attachment":"scroll","background-type":"","background-media":"","overlay-type":"","overlay-color":"","overlay-opacity":"","overlay-gradient":""},"mobile":{"background-color":"var(--ast-global-color-5)","background-image":"","background-repeat":"repeat","background-position":"center center","background-size":"auto","background-attachment":"scroll","background-type":"","background-media":"","overlay-type":"","overlay-color":"","overlay-opacity":"","overlay-gradient":""}}},"class_list":["post-2634","product","type-product","status-publish","has-post-thumbnail","hentry","product_cat-bluetooth-slusalice","product_cat-fiio","product_tag-bluetooth-iem","desktop-align-center","tablet-align-center","mobile-align-center","ast-product-gallery-layout-horizontal","ast-magnify-disabled","ast-product-single-variable","ast-product-tabs-layout-horizontal"],"yoast_head":"<!-- This site is optimized with the Yoast SEO plugin v21.4 - https:\/\/yoast.com\/wordpress\/plugins\/seo\/ -->\n<title>FiiO UTWS1 - hd-multimedia<\/title>\n<meta name=\"description\" content=\"Pretvorite bilo koje slu\u0161alice u vrhunsku be\u017ei\u010dnu slu\u0161alicu s FiiO UTWS1 modulom, pru\u017eaju\u0107i istinsko audio iskustvo visoke kvalitete bez dosadnih kabela.\" \/>\n<meta name=\"robots\" content=\"index, follow, max-snippet:-1, max-image-preview:large, max-video-preview:-1\" \/>\n<link rel=\"canonical\" href=\"https:\/\/hd-multimedia.com\/sl\/trgovina\/fiio-utws1-true-wireless-bluetooth-receiver-with-mmcx-connectors-for-iem\/\" \/>\n<meta property=\"og:locale\" content=\"sl_SI\" \/>\n<meta property=\"og:type\" content=\"article\" \/>\n<meta property=\"og:title\" content=\"FiiO UTWS1 - hd-multimedia\" \/>\n<meta property=\"og:description\" content=\"Pretvorite bilo koje slu\u0161alice u vrhunsku be\u017ei\u010dnu slu\u0161alicu s FiiO UTWS1 modulom, pru\u017eaju\u0107i istinsko audio iskustvo visoke kvalitete bez dosadnih kabela.\" \/>\n<meta property=\"og:url\" content=\"https:\/\/hd-multimedia.com\/sl\/trgovina\/fiio-utws1-true-wireless-bluetooth-receiver-with-mmcx-connectors-for-iem\/\" \/>\n<meta property=\"og:site_name\" content=\"hd-multimedia\" \/>\n<meta property=\"article:modified_time\" content=\"2024-07-11T09:30:26+00:00\" \/>\n<meta property=\"og:image\" content=\"https:\/\/hd-multimedia.com\/hdm_media\/fiio-utws1.jpg\" \/>\n\t<meta property=\"og:image:width\" content=\"1000\" \/>\n\t<meta property=\"og:image:height\" content=\"1000\" \/>\n\t<meta property=\"og:image:type\" content=\"image\/jpeg\" \/>\n<meta name=\"twitter:card\" content=\"summary_large_image\" \/>\n<meta name=\"twitter:label1\" content=\"Est. reading time\" \/>\n\t<meta name=\"twitter:data1\" content=\"1 minuta\" \/>\n<script type=\"application\/ld+json\" class=\"yoast-schema-graph\">{\"@context\":\"https:\/\/schema.org\",\"@graph\":[{\"@type\":\"WebPage\",\"@id\":\"https:\/\/hd-multimedia.com\/trgovina\/fiio-utws1-true-wireless-bluetooth-receiver-with-mmcx-connectors-for-iem\/\",\"url\":\"https:\/\/hd-multimedia.com\/trgovina\/fiio-utws1-true-wireless-bluetooth-receiver-with-mmcx-connectors-for-iem\/\",\"name\":\"FiiO UTWS1 - hd-multimedia\",\"isPartOf\":{\"@id\":\"https:\/\/hd-multimedia.com\/#website\"},\"datePublished\":\"2020-01-21T09:54:18+00:00\",\"dateModified\":\"2024-07-11T09:30:26+00:00\",\"description\":\"Pretvorite bilo koje slu\u0161alice u vrhunsku be\u017ei\u010dnu slu\u0161alicu s FiiO UTWS1 modulom, pru\u017eaju\u0107i istinsko audio iskustvo visoke kvalitete bez dosadnih kabela.\",\"breadcrumb\":{\"@id\":\"https:\/\/hd-multimedia.com\/trgovina\/fiio-utws1-true-wireless-bluetooth-receiver-with-mmcx-connectors-for-iem\/#breadcrumb\"},\"inLanguage\":\"sl-SI\",\"potentialAction\":[{\"@type\":\"ReadAction\",\"target\":[\"https:\/\/hd-multimedia.com\/trgovina\/fiio-utws1-true-wireless-bluetooth-receiver-with-mmcx-connectors-for-iem\/\"]}]},{\"@type\":\"BreadcrumbList\",\"@id\":\"https:\/\/hd-multimedia.com\/trgovina\/fiio-utws1-true-wireless-bluetooth-receiver-with-mmcx-connectors-for-iem\/#breadcrumb\",\"itemListElement\":[{\"@type\":\"ListItem\",\"position\":1,\"name\":\"Po\u010detna stranica\",\"item\":\"https:\/\/hd-multimedia.com\/\"},{\"@type\":\"ListItem\",\"position\":2,\"name\":\"Trgovina\",\"item\":\"https:\/\/hd-multimedia.com\/trgovina\/\"},{\"@type\":\"ListItem\",\"position\":3,\"name\":\"FiiO UTWS1\"}]},{\"@type\":\"WebSite\",\"@id\":\"https:\/\/hd-multimedia.com\/#website\",\"url\":\"https:\/\/hd-multimedia.com\/\",\"name\":\"hd-multimedia\",\"description\":\"\",\"publisher\":{\"@id\":\"https:\/\/hd-multimedia.com\/#organization\"},\"potentialAction\":[{\"@type\":\"SearchAction\",\"target\":{\"@type\":\"EntryPoint\",\"urlTemplate\":\"https:\/\/hd-multimedia.com\/?s={search_term_string}\"},\"query-input\":\"required name=search_term_string\"}],\"inLanguage\":\"sl-SI\"},{\"@type\":\"Organization\",\"@id\":\"https:\/\/hd-multimedia.com\/#organization\",\"name\":\"hd-multimedia\",\"url\":\"https:\/\/hd-multimedia.com\/\",\"logo\":{\"@type\":\"ImageObject\",\"inLanguage\":\"sl-SI\",\"@id\":\"https:\/\/hd-multimedia.com\/#\/schema\/logo\/image\/\",\"url\":\"https:\/\/hd-multimedia.com\/hdm_media\/HD-curves-ok-196-56px-alpha-1.png\",\"contentUrl\":\"https:\/\/hd-multimedia.com\/hdm_media\/HD-curves-ok-196-56px-alpha-1.png\",\"width\":196,\"height\":53,\"caption\":\"hd-multimedia\"},\"image\":{\"@id\":\"https:\/\/hd-multimedia.com\/#\/schema\/logo\/image\/\"}}]}<\/script>\n<!-- \/ Yoast SEO plugin. -->","yoast_head_json":{"title":"FiiO UTWS1 - hd-multimedia","description":"Pretvorite bilo koje slu\u0161alice u vrhunsku be\u017ei\u010dnu slu\u0161alicu s FiiO UTWS1 modulom, pru\u017eaju\u0107i istinsko audio iskustvo visoke kvalitete bez dosadnih kabela.","robots":{"index":"index","follow":"follow","max-snippet":"max-snippet:-1","max-image-preview":"max-image-preview:large","max-video-preview":"max-video-preview:-1"},"canonical":"https:\/\/hd-multimedia.com\/sl\/trgovina\/fiio-utws1-true-wireless-bluetooth-receiver-with-mmcx-connectors-for-iem\/","og_locale":"sl_SI","og_type":"article","og_title":"FiiO UTWS1 - hd-multimedia","og_description":"Pretvorite bilo koje slu\u0161alice u vrhunsku be\u017ei\u010dnu slu\u0161alicu s FiiO UTWS1 modulom, pru\u017eaju\u0107i istinsko audio iskustvo visoke kvalitete bez dosadnih kabela.","og_url":"https:\/\/hd-multimedia.com\/sl\/trgovina\/fiio-utws1-true-wireless-bluetooth-receiver-with-mmcx-connectors-for-iem\/","og_site_name":"hd-multimedia","article_modified_time":"2024-07-11T09:30:26+00:00","og_image":[{"width":1000,"height":1000,"url":"https:\/\/hd-multimedia.com\/hdm_media\/fiio-utws1.jpg","type":"image\/jpeg"}],"twitter_card":"summary_large_image","twitter_misc":{"Est. reading time":"1 minuta"},"schema":{"@context":"https:\/\/schema.org","@graph":[{"@type":"WebPage","@id":"https:\/\/hd-multimedia.com\/trgovina\/fiio-utws1-true-wireless-bluetooth-receiver-with-mmcx-connectors-for-iem\/","url":"https:\/\/hd-multimedia.com\/trgovina\/fiio-utws1-true-wireless-bluetooth-receiver-with-mmcx-connectors-for-iem\/","name":"FiiO UTWS1 - hd-multimedia","isPartOf":{"@id":"https:\/\/hd-multimedia.com\/#website"},"datePublished":"2020-01-21T09:54:18+00:00","dateModified":"2024-07-11T09:30:26+00:00","description":"Pretvorite bilo koje slu\u0161alice u vrhunsku be\u017ei\u010dnu slu\u0161alicu s FiiO UTWS1 modulom, pru\u017eaju\u0107i istinsko audio iskustvo visoke kvalitete bez dosadnih kabela.","breadcrumb":{"@id":"https:\/\/hd-multimedia.com\/trgovina\/fiio-utws1-true-wireless-bluetooth-receiver-with-mmcx-connectors-for-iem\/#breadcrumb"},"inLanguage":"sl-SI","potentialAction":[{"@type":"ReadAction","target":["https:\/\/hd-multimedia.com\/trgovina\/fiio-utws1-true-wireless-bluetooth-receiver-with-mmcx-connectors-for-iem\/"]}]},{"@type":"BreadcrumbList","@id":"https:\/\/hd-multimedia.com\/trgovina\/fiio-utws1-true-wireless-bluetooth-receiver-with-mmcx-connectors-for-iem\/#breadcrumb","itemListElement":[{"@type":"ListItem","position":1,"name":"Po\u010detna stranica","item":"https:\/\/hd-multimedia.com\/"},{"@type":"ListItem","position":2,"name":"Trgovina","item":"https:\/\/hd-multimedia.com\/trgovina\/"},{"@type":"ListItem","position":3,"name":"FiiO UTWS1"}]},{"@type":"WebSite","@id":"https:\/\/hd-multimedia.com\/#website","url":"https:\/\/hd-multimedia.com\/","name":"hd-multimedia","description":"","publisher":{"@id":"https:\/\/hd-multimedia.com\/#organization"},"potentialAction":[{"@type":"SearchAction","target":{"@type":"EntryPoint","urlTemplate":"https:\/\/hd-multimedia.com\/?s={search_term_string}"},"query-input":"required name=search_term_string"}],"inLanguage":"sl-SI"},{"@type":"Organization","@id":"https:\/\/hd-multimedia.com\/#organization","name":"hd-multimedia","url":"https:\/\/hd-multimedia.com\/","logo":{"@type":"ImageObject","inLanguage":"sl-SI","@id":"https:\/\/hd-multimedia.com\/#\/schema\/logo\/image\/","url":"https:\/\/hd-multimedia.com\/hdm_media\/HD-curves-ok-196-56px-alpha-1.png","contentUrl":"https:\/\/hd-multimedia.com\/hdm_media\/HD-curves-ok-196-56px-alpha-1.png","width":196,"height":53,"caption":"hd-multimedia"},"image":{"@id":"https:\/\/hd-multimedia.com\/#\/schema\/logo\/image\/"}}]}},"post_mailing_queue_ids":[],"_links":{"self":[{"href":"https:\/\/hd-multimedia.com\/sl\/wp-json\/wp\/v2\/product\/2634","targetHints":{"allow":["GET"]}}],"collection":[{"href":"https:\/\/hd-multimedia.com\/sl\/wp-json\/wp\/v2\/product"}],"about":[{"href":"https:\/\/hd-multimedia.com\/sl\/wp-json\/wp\/v2\/types\/product"}],"version-history":[{"count":3,"href":"https:\/\/hd-multimedia.com\/sl\/wp-json\/wp\/v2\/product\/2634\/revisions"}],"predecessor-version":[{"id":13771,"href":"https:\/\/hd-multimedia.com\/sl\/wp-json\/wp\/v2\/product\/2634\/revisions\/13771"}],"wp:featuredmedia":[{"embeddable":true,"href":"https:\/\/hd-multimedia.com\/sl\/wp-json\/wp\/v2\/media\/2637"}],"wp:attachment":[{"href":"https:\/\/hd-multimedia.com\/sl\/wp-json\/wp\/v2\/media?parent=2634"}],"curies":[{"name":"wp","href":"https:\/\/api.w.org\/{rel}","templated":true}]}}