{"id":2622,"date":"2020-01-21T09:54:14","date_gmt":"2020-01-21T09:54:14","guid":{"rendered":"https:\/\/hd-multimedia.com\/trgovina\/fiio-lc-2-5bs\/"},"modified":"2024-06-07T07:37:23","modified_gmt":"2024-06-07T07:37:23","slug":"fiio-lc-2-5bs","status":"publish","type":"product","link":"https:\/\/hd-multimedia.com\/sl\/trgovina\/fiio-lc-2-5bs\/","title":{"rendered":"FiiO LC-2.5BS"},"content":{"rendered":"<p>FiiO LC-2.5BS \u2013 MMCX kabel za slu\u0161alke z bakreno prevleko visoke \u010distosti<\/p>\n<p><a href=\"https:\/\/www.fiio.com\/newsinfo\/161830.html\" target=\"_blank\" rel=\"noopener\">Ostale informacije najdete na tej povezavi.<\/a><\/p>","protected":false},"excerpt":{"rendered":"<p>FiiO LC-2.5BS, 2,5 mm razli\u010dica priznanega LC-3.5BS, uporabnikom ponuja izbolj\u0161ano u\u017eivanje v glasbi na poti. Z 8 prameni 24 srebrnih \u017eic, prevle\u010denih z bakrom, vsaka debeline 0,05 mm, je kabel trpe\u017een in prilagodljiv. Njegov konektor MMCX in 3,5 mm vti\u010d sta pozla\u010dena, kar zagotavlja ni\u017eji upor in impedanco. Dol\u017eina kabla 45 cm je zasnovana tako, da se varno prilega u\u0161esu, zato zmanj\u0161a navlako dolgih \u017eic, zaradi \u010desar je popolna za uporabo na prostem.<\/p>\n<p><a href=\"https:\/\/www.fiio.com\/newsinfo\/161830.html\" target=\"_blank\" rel=\"noopener\">Ostale informacije najdete na tej povezavi.<\/a><\/p>","protected":false},"featured_media":2677,"template":"","meta":{"site-sidebar-layout":"default","site-content-layout":"default","ast-site-content-layout":"default","site-content-style":"default","site-sidebar-style":"default","ast-global-header-display":"","ast-banner-title-visibility":"","ast-main-header-display":"","ast-hfb-above-header-display":"","ast-hfb-below-header-display":"","ast-hfb-mobile-header-display":"","site-post-title":"","ast-breadcrumbs-content":"","ast-featured-img":"","footer-sml-layout":"","theme-transparent-header-meta":"default","adv-header-id-meta":"","stick-header-meta":"default","header-above-stick-meta":"","header-main-stick-meta":"","header-below-stick-meta":"","astra-migrate-meta-layouts":"set","ast-page-background-enabled":"default","ast-page-background-meta":{"desktop":{"background-color":"","background-image":"","background-repeat":"repeat","background-position":"center center","background-size":"auto","background-attachment":"scroll","background-type":"","background-media":"","overlay-type":"","overlay-color":"","overlay-opacity":"","overlay-gradient":""},"tablet":{"background-color":"","background-image":"","background-repeat":"repeat","background-position":"center center","background-size":"auto","background-attachment":"scroll","background-type":"","background-media":"","overlay-type":"","overlay-color":"","overlay-opacity":"","overlay-gradient":""},"mobile":{"background-color":"","background-image":"","background-repeat":"repeat","background-position":"center center","background-size":"auto","background-attachment":"scroll","background-type":"","background-media":"","overlay-type":"","overlay-color":"","overlay-opacity":"","overlay-gradient":""}},"ast-content-background-meta":{"desktop":{"background-color":"var(--ast-global-color-5)","background-image":"","background-repeat":"repeat","background-position":"center center","background-size":"auto","background-attachment":"scroll","background-type":"","background-media":"","overlay-type":"","overlay-color":"","overlay-opacity":"","overlay-gradient":""},"tablet":{"background-color":"var(--ast-global-color-5)","background-image":"","background-repeat":"repeat","background-position":"center center","background-size":"auto","background-attachment":"scroll","background-type":"","background-media":"","overlay-type":"","overlay-color":"","overlay-opacity":"","overlay-gradient":""},"mobile":{"background-color":"var(--ast-global-color-5)","background-image":"","background-repeat":"repeat","background-position":"center center","background-size":"auto","background-attachment":"scroll","background-type":"","background-media":"","overlay-type":"","overlay-color":"","overlay-opacity":"","overlay-gradient":""}}},"class_list":["post-2622","product","type-product","status-publish","has-post-thumbnail","hentry","product_cat-kablovi-mobilni-audio","product_cat-fiio","desktop-align-center","tablet-align-center","mobile-align-center","ast-product-gallery-layout-horizontal","ast-product-gallery-with-no-image","ast-magnify-disabled","ast-product-tabs-layout-horizontal"],"yoast_head":"<!-- This site is optimized with the Yoast SEO plugin v21.4 - https:\/\/yoast.com\/wordpress\/plugins\/seo\/ -->\n<title>FiiO LC-2.5BS - hd-multimedia<\/title>\n<meta name=\"description\" content=\"FiiO LC-2.5BS, 2.5mm verzija hvaljenog LC-3.5BS-a, korisnicima nudi pobolj\u0161ano u\u017eivanje u glazbi u pokretu. Sa 8 niti od 24 bakrom presvu\u010dene srebrne \u017eice.\" \/>\n<meta name=\"robots\" content=\"index, follow, max-snippet:-1, max-image-preview:large, max-video-preview:-1\" \/>\n<link rel=\"canonical\" href=\"https:\/\/hd-multimedia.com\/sl\/trgovina\/fiio-lc-2-5bs\/\" \/>\n<meta property=\"og:locale\" content=\"sl_SI\" \/>\n<meta property=\"og:type\" content=\"article\" \/>\n<meta property=\"og:title\" content=\"FiiO LC-2.5BS - hd-multimedia\" \/>\n<meta property=\"og:description\" content=\"FiiO LC-2.5BS, 2.5mm verzija hvaljenog LC-3.5BS-a, korisnicima nudi pobolj\u0161ano u\u017eivanje u glazbi u pokretu. Sa 8 niti od 24 bakrom presvu\u010dene srebrne \u017eice.\" \/>\n<meta property=\"og:url\" content=\"https:\/\/hd-multimedia.com\/sl\/trgovina\/fiio-lc-2-5bs\/\" \/>\n<meta property=\"og:site_name\" content=\"hd-multimedia\" \/>\n<meta property=\"article:modified_time\" content=\"2024-06-07T07:37:23+00:00\" \/>\n<meta property=\"og:image\" content=\"https:\/\/hd-multimedia.com\/hdm_media\/fiio-lc-2-5bs.jpg\" \/>\n\t<meta property=\"og:image:width\" content=\"700\" \/>\n\t<meta property=\"og:image:height\" content=\"700\" \/>\n\t<meta property=\"og:image:type\" content=\"image\/jpeg\" \/>\n<meta name=\"twitter:card\" content=\"summary_large_image\" \/>\n<meta name=\"twitter:label1\" content=\"Est. reading time\" \/>\n\t<meta name=\"twitter:data1\" content=\"1 minuta\" \/>\n<script type=\"application\/ld+json\" class=\"yoast-schema-graph\">{\"@context\":\"https:\/\/schema.org\",\"@graph\":[{\"@type\":\"WebPage\",\"@id\":\"https:\/\/hd-multimedia.com\/trgovina\/fiio-lc-2-5bs\/\",\"url\":\"https:\/\/hd-multimedia.com\/trgovina\/fiio-lc-2-5bs\/\",\"name\":\"FiiO LC-2.5BS - hd-multimedia\",\"isPartOf\":{\"@id\":\"https:\/\/hd-multimedia.com\/#website\"},\"datePublished\":\"2020-01-21T09:54:14+00:00\",\"dateModified\":\"2024-06-07T07:37:23+00:00\",\"description\":\"FiiO LC-2.5BS, 2.5mm verzija hvaljenog LC-3.5BS-a, korisnicima nudi pobolj\u0161ano u\u017eivanje u glazbi u pokretu. Sa 8 niti od 24 bakrom presvu\u010dene srebrne \u017eice.\",\"breadcrumb\":{\"@id\":\"https:\/\/hd-multimedia.com\/trgovina\/fiio-lc-2-5bs\/#breadcrumb\"},\"inLanguage\":\"sl-SI\",\"potentialAction\":[{\"@type\":\"ReadAction\",\"target\":[\"https:\/\/hd-multimedia.com\/trgovina\/fiio-lc-2-5bs\/\"]}]},{\"@type\":\"BreadcrumbList\",\"@id\":\"https:\/\/hd-multimedia.com\/trgovina\/fiio-lc-2-5bs\/#breadcrumb\",\"itemListElement\":[{\"@type\":\"ListItem\",\"position\":1,\"name\":\"Po\u010detna stranica\",\"item\":\"https:\/\/hd-multimedia.com\/\"},{\"@type\":\"ListItem\",\"position\":2,\"name\":\"Trgovina\",\"item\":\"https:\/\/hd-multimedia.com\/trgovina\/\"},{\"@type\":\"ListItem\",\"position\":3,\"name\":\"FiiO LC-2.5BS\"}]},{\"@type\":\"WebSite\",\"@id\":\"https:\/\/hd-multimedia.com\/#website\",\"url\":\"https:\/\/hd-multimedia.com\/\",\"name\":\"hd-multimedia\",\"description\":\"\",\"publisher\":{\"@id\":\"https:\/\/hd-multimedia.com\/#organization\"},\"potentialAction\":[{\"@type\":\"SearchAction\",\"target\":{\"@type\":\"EntryPoint\",\"urlTemplate\":\"https:\/\/hd-multimedia.com\/?s={search_term_string}\"},\"query-input\":\"required name=search_term_string\"}],\"inLanguage\":\"sl-SI\"},{\"@type\":\"Organization\",\"@id\":\"https:\/\/hd-multimedia.com\/#organization\",\"name\":\"hd-multimedia\",\"url\":\"https:\/\/hd-multimedia.com\/\",\"logo\":{\"@type\":\"ImageObject\",\"inLanguage\":\"sl-SI\",\"@id\":\"https:\/\/hd-multimedia.com\/#\/schema\/logo\/image\/\",\"url\":\"https:\/\/hd-multimedia.com\/hdm_media\/HD-curves-ok-196-56px-alpha-1.png\",\"contentUrl\":\"https:\/\/hd-multimedia.com\/hdm_media\/HD-curves-ok-196-56px-alpha-1.png\",\"width\":196,\"height\":53,\"caption\":\"hd-multimedia\"},\"image\":{\"@id\":\"https:\/\/hd-multimedia.com\/#\/schema\/logo\/image\/\"}}]}<\/script>\n<!-- \/ Yoast SEO plugin. -->","yoast_head_json":{"title":"FiiO LC-2.5BS - hd-multimedia","description":"FiiO LC-2.5BS, 2.5mm verzija hvaljenog LC-3.5BS-a, korisnicima nudi pobolj\u0161ano u\u017eivanje u glazbi u pokretu. Sa 8 niti od 24 bakrom presvu\u010dene srebrne \u017eice.","robots":{"index":"index","follow":"follow","max-snippet":"max-snippet:-1","max-image-preview":"max-image-preview:large","max-video-preview":"max-video-preview:-1"},"canonical":"https:\/\/hd-multimedia.com\/sl\/trgovina\/fiio-lc-2-5bs\/","og_locale":"sl_SI","og_type":"article","og_title":"FiiO LC-2.5BS - hd-multimedia","og_description":"FiiO LC-2.5BS, 2.5mm verzija hvaljenog LC-3.5BS-a, korisnicima nudi pobolj\u0161ano u\u017eivanje u glazbi u pokretu. Sa 8 niti od 24 bakrom presvu\u010dene srebrne \u017eice.","og_url":"https:\/\/hd-multimedia.com\/sl\/trgovina\/fiio-lc-2-5bs\/","og_site_name":"hd-multimedia","article_modified_time":"2024-06-07T07:37:23+00:00","og_image":[{"width":700,"height":700,"url":"https:\/\/hd-multimedia.com\/hdm_media\/fiio-lc-2-5bs.jpg","type":"image\/jpeg"}],"twitter_card":"summary_large_image","twitter_misc":{"Est. reading time":"1 minuta"},"schema":{"@context":"https:\/\/schema.org","@graph":[{"@type":"WebPage","@id":"https:\/\/hd-multimedia.com\/trgovina\/fiio-lc-2-5bs\/","url":"https:\/\/hd-multimedia.com\/trgovina\/fiio-lc-2-5bs\/","name":"FiiO LC-2.5BS - hd-multimedia","isPartOf":{"@id":"https:\/\/hd-multimedia.com\/#website"},"datePublished":"2020-01-21T09:54:14+00:00","dateModified":"2024-06-07T07:37:23+00:00","description":"FiiO LC-2.5BS, 2.5mm verzija hvaljenog LC-3.5BS-a, korisnicima nudi pobolj\u0161ano u\u017eivanje u glazbi u pokretu. Sa 8 niti od 24 bakrom presvu\u010dene srebrne \u017eice.","breadcrumb":{"@id":"https:\/\/hd-multimedia.com\/trgovina\/fiio-lc-2-5bs\/#breadcrumb"},"inLanguage":"sl-SI","potentialAction":[{"@type":"ReadAction","target":["https:\/\/hd-multimedia.com\/trgovina\/fiio-lc-2-5bs\/"]}]},{"@type":"BreadcrumbList","@id":"https:\/\/hd-multimedia.com\/trgovina\/fiio-lc-2-5bs\/#breadcrumb","itemListElement":[{"@type":"ListItem","position":1,"name":"Po\u010detna stranica","item":"https:\/\/hd-multimedia.com\/"},{"@type":"ListItem","position":2,"name":"Trgovina","item":"https:\/\/hd-multimedia.com\/trgovina\/"},{"@type":"ListItem","position":3,"name":"FiiO LC-2.5BS"}]},{"@type":"WebSite","@id":"https:\/\/hd-multimedia.com\/#website","url":"https:\/\/hd-multimedia.com\/","name":"hd-multimedia","description":"","publisher":{"@id":"https:\/\/hd-multimedia.com\/#organization"},"potentialAction":[{"@type":"SearchAction","target":{"@type":"EntryPoint","urlTemplate":"https:\/\/hd-multimedia.com\/?s={search_term_string}"},"query-input":"required name=search_term_string"}],"inLanguage":"sl-SI"},{"@type":"Organization","@id":"https:\/\/hd-multimedia.com\/#organization","name":"hd-multimedia","url":"https:\/\/hd-multimedia.com\/","logo":{"@type":"ImageObject","inLanguage":"sl-SI","@id":"https:\/\/hd-multimedia.com\/#\/schema\/logo\/image\/","url":"https:\/\/hd-multimedia.com\/hdm_media\/HD-curves-ok-196-56px-alpha-1.png","contentUrl":"https:\/\/hd-multimedia.com\/hdm_media\/HD-curves-ok-196-56px-alpha-1.png","width":196,"height":53,"caption":"hd-multimedia"},"image":{"@id":"https:\/\/hd-multimedia.com\/#\/schema\/logo\/image\/"}}]}},"post_mailing_queue_ids":[],"_links":{"self":[{"href":"https:\/\/hd-multimedia.com\/sl\/wp-json\/wp\/v2\/product\/2622","targetHints":{"allow":["GET"]}}],"collection":[{"href":"https:\/\/hd-multimedia.com\/sl\/wp-json\/wp\/v2\/product"}],"about":[{"href":"https:\/\/hd-multimedia.com\/sl\/wp-json\/wp\/v2\/types\/product"}],"version-history":[{"count":3,"href":"https:\/\/hd-multimedia.com\/sl\/wp-json\/wp\/v2\/product\/2622\/revisions"}],"predecessor-version":[{"id":15679,"href":"https:\/\/hd-multimedia.com\/sl\/wp-json\/wp\/v2\/product\/2622\/revisions\/15679"}],"wp:featuredmedia":[{"embeddable":true,"href":"https:\/\/hd-multimedia.com\/sl\/wp-json\/wp\/v2\/media\/2677"}],"wp:attachment":[{"href":"https:\/\/hd-multimedia.com\/sl\/wp-json\/wp\/v2\/media?parent=2622"}],"curies":[{"name":"wp","href":"https:\/\/api.w.org\/{rel}","templated":true}]}}