{"id":262,"date":"2019-08-21T09:48:05","date_gmt":"2019-08-21T09:48:05","guid":{"rendered":"https:\/\/hd-multimedia.com\/?product=1more-e1009-piston-fit"},"modified":"2025-05-08T13:49:44","modified_gmt":"2025-05-08T13:49:44","slug":"1more-e1009-piston-fit","status":"publish","type":"product","link":"https:\/\/hd-multimedia.com\/sl\/trgovina\/1more-e1009-piston-fit\/","title":{"rendered":"1More E1009 Piston Fit"},"content":{"rendered":"<p>1More E1009 Piston Fit \u2013 In-ear slu\u0161alke (IEM), s priznanim pogonom Piston, s krmiljenjem pametnega telefona, kakovostna kovinska konstrukcija.<\/p>","protected":false},"excerpt":{"rendered":"<p>Dvoslojni kompozitni gonilnik s titanom zagotavlja odli\u010dne visoke in srednje tone ter mo\u010dne nizke tone. Nagnjeni u\u0161esni nastavki se naravno prilegajo va\u0161im u\u0161esnim kanalom. 3 kompleti prilo\u017eenih velikosti u\u0161esnih nastavkov zagotavljajo primerno prileganje vsem. So bolj udobne in manj verjetno bodo izpadle, kar vam omogo\u010da, da u\u017eivate v glasbi. Ujemajo\u010de se barve na ohi\u0161ju iz aluminijeve zlitine zdru\u017eujejo brez\u010dasno estetiko z va\u0161o trenutno napravo.<br \/>\nVgrajeni mikrofon omogo\u010da sprejemanje klicev. Slu\u0161alke imajo pozla\u010den 3,5mm konektor, te\u017eo 13g in frekven\u010dni razpon 20-20.000 Hz.<\/p>","protected":false},"featured_media":1182,"template":"","meta":{"site-sidebar-layout":"default","site-content-layout":"default","ast-site-content-layout":"","site-content-style":"default","site-sidebar-style":"default","ast-global-header-display":"","ast-banner-title-visibility":"","ast-main-header-display":"","ast-hfb-above-header-display":"","ast-hfb-below-header-display":"","ast-hfb-mobile-header-display":"","site-post-title":"","ast-breadcrumbs-content":"","ast-featured-img":"","footer-sml-layout":"","theme-transparent-header-meta":"default","adv-header-id-meta":"","stick-header-meta":"default","header-above-stick-meta":"","header-main-stick-meta":"","header-below-stick-meta":"","astra-migrate-meta-layouts":"default","ast-page-background-enabled":"default","ast-page-background-meta":{"desktop":{"background-color":"","background-image":"","background-repeat":"repeat","background-position":"center center","background-size":"auto","background-attachment":"scroll","background-type":"","background-media":"","overlay-type":"","overlay-color":"","overlay-opacity":"","overlay-gradient":""},"tablet":{"background-color":"","background-image":"","background-repeat":"repeat","background-position":"center center","background-size":"auto","background-attachment":"scroll","background-type":"","background-media":"","overlay-type":"","overlay-color":"","overlay-opacity":"","overlay-gradient":""},"mobile":{"background-color":"","background-image":"","background-repeat":"repeat","background-position":"center center","background-size":"auto","background-attachment":"scroll","background-type":"","background-media":"","overlay-type":"","overlay-color":"","overlay-opacity":"","overlay-gradient":""}},"ast-content-background-meta":{"desktop":{"background-color":"var(--ast-global-color-5)","background-image":"","background-repeat":"repeat","background-position":"center center","background-size":"auto","background-attachment":"scroll","background-type":"","background-media":"","overlay-type":"","overlay-color":"","overlay-opacity":"","overlay-gradient":""},"tablet":{"background-color":"var(--ast-global-color-5)","background-image":"","background-repeat":"repeat","background-position":"center center","background-size":"auto","background-attachment":"scroll","background-type":"","background-media":"","overlay-type":"","overlay-color":"","overlay-opacity":"","overlay-gradient":""},"mobile":{"background-color":"var(--ast-global-color-5)","background-image":"","background-repeat":"repeat","background-position":"center center","background-size":"auto","background-attachment":"scroll","background-type":"","background-media":"","overlay-type":"","overlay-color":"","overlay-opacity":"","overlay-gradient":""}}},"class_list":["post-262","product","type-product","status-publish","has-post-thumbnail","hentry","product_cat-usne-slusalice-iem","product_cat-1more","desktop-align-center","tablet-align-center","mobile-align-center","ast-product-gallery-layout-horizontal","ast-magnify-disabled","ast-product-single-variable","ast-product-tabs-layout-horizontal"],"yoast_head":"<!-- This site is optimized with the Yoast SEO plugin v21.4 - https:\/\/yoast.com\/wordpress\/plugins\/seo\/ -->\n<title>1More E1009 Piston Fit - hd-multimedia<\/title>\n<meta name=\"description\" content=\"1More E1009 Piston Fit u\u0161ne slu\u0161alice (IEM), uz renomirani Piston pogon, sa smartphone kontrolama, kvalitetne metalne izrade.\" \/>\n<meta name=\"robots\" content=\"index, follow, max-snippet:-1, max-image-preview:large, max-video-preview:-1\" \/>\n<link rel=\"canonical\" href=\"https:\/\/hd-multimedia.com\/sl\/trgovina\/1more-e1009-piston-fit\/\" \/>\n<meta property=\"og:locale\" content=\"sl_SI\" \/>\n<meta property=\"og:type\" content=\"article\" \/>\n<meta property=\"og:title\" content=\"1More E1009 Piston Fit - hd-multimedia\" \/>\n<meta property=\"og:description\" content=\"1More E1009 Piston Fit u\u0161ne slu\u0161alice (IEM), uz renomirani Piston pogon, sa smartphone kontrolama, kvalitetne metalne izrade.\" \/>\n<meta property=\"og:url\" content=\"https:\/\/hd-multimedia.com\/sl\/trgovina\/1more-e1009-piston-fit\/\" \/>\n<meta property=\"og:site_name\" content=\"hd-multimedia\" \/>\n<meta property=\"article:modified_time\" content=\"2025-05-08T13:49:44+00:00\" \/>\n<meta property=\"og:image\" content=\"https:\/\/hd-multimedia.com\/hdm_media\/copy_1more_e1009_silver-e1567416391807.jpg\" \/>\n\t<meta property=\"og:image:width\" content=\"507\" \/>\n\t<meta property=\"og:image:height\" content=\"507\" \/>\n\t<meta property=\"og:image:type\" content=\"image\/jpeg\" \/>\n<meta name=\"twitter:card\" content=\"summary_large_image\" \/>\n<meta name=\"twitter:label1\" content=\"Est. reading time\" \/>\n\t<meta name=\"twitter:data1\" content=\"1 minuta\" \/>\n<script type=\"application\/ld+json\" class=\"yoast-schema-graph\">{\"@context\":\"https:\/\/schema.org\",\"@graph\":[{\"@type\":\"WebPage\",\"@id\":\"https:\/\/hd-multimedia.com\/trgovina\/1more-e1009-piston-fit\/\",\"url\":\"https:\/\/hd-multimedia.com\/trgovina\/1more-e1009-piston-fit\/\",\"name\":\"1More E1009 Piston Fit - hd-multimedia\",\"isPartOf\":{\"@id\":\"https:\/\/hd-multimedia.com\/#website\"},\"datePublished\":\"2019-08-21T09:48:05+00:00\",\"dateModified\":\"2025-05-08T13:49:44+00:00\",\"description\":\"1More E1009 Piston Fit u\u0161ne slu\u0161alice (IEM), uz renomirani Piston pogon, sa smartphone kontrolama, kvalitetne metalne izrade.\",\"breadcrumb\":{\"@id\":\"https:\/\/hd-multimedia.com\/trgovina\/1more-e1009-piston-fit\/#breadcrumb\"},\"inLanguage\":\"sl-SI\",\"potentialAction\":[{\"@type\":\"ReadAction\",\"target\":[\"https:\/\/hd-multimedia.com\/trgovina\/1more-e1009-piston-fit\/\"]}]},{\"@type\":\"BreadcrumbList\",\"@id\":\"https:\/\/hd-multimedia.com\/trgovina\/1more-e1009-piston-fit\/#breadcrumb\",\"itemListElement\":[{\"@type\":\"ListItem\",\"position\":1,\"name\":\"Po\u010detna stranica\",\"item\":\"https:\/\/hd-multimedia.com\/\"},{\"@type\":\"ListItem\",\"position\":2,\"name\":\"Trgovina\",\"item\":\"https:\/\/hd-multimedia.com\/trgovina\/\"},{\"@type\":\"ListItem\",\"position\":3,\"name\":\"1More E1009 Piston Fit\"}]},{\"@type\":\"WebSite\",\"@id\":\"https:\/\/hd-multimedia.com\/#website\",\"url\":\"https:\/\/hd-multimedia.com\/\",\"name\":\"hd-multimedia\",\"description\":\"\",\"publisher\":{\"@id\":\"https:\/\/hd-multimedia.com\/#organization\"},\"potentialAction\":[{\"@type\":\"SearchAction\",\"target\":{\"@type\":\"EntryPoint\",\"urlTemplate\":\"https:\/\/hd-multimedia.com\/?s={search_term_string}\"},\"query-input\":\"required name=search_term_string\"}],\"inLanguage\":\"sl-SI\"},{\"@type\":\"Organization\",\"@id\":\"https:\/\/hd-multimedia.com\/#organization\",\"name\":\"hd-multimedia\",\"url\":\"https:\/\/hd-multimedia.com\/\",\"logo\":{\"@type\":\"ImageObject\",\"inLanguage\":\"sl-SI\",\"@id\":\"https:\/\/hd-multimedia.com\/#\/schema\/logo\/image\/\",\"url\":\"https:\/\/hd-multimedia.com\/hdm_media\/HD-curves-ok-196-56px-alpha-1.png\",\"contentUrl\":\"https:\/\/hd-multimedia.com\/hdm_media\/HD-curves-ok-196-56px-alpha-1.png\",\"width\":196,\"height\":53,\"caption\":\"hd-multimedia\"},\"image\":{\"@id\":\"https:\/\/hd-multimedia.com\/#\/schema\/logo\/image\/\"}}]}<\/script>\n<!-- \/ Yoast SEO plugin. -->","yoast_head_json":{"title":"1More E1009 Piston Fit - hd-multimedia","description":"1More E1009 Piston Fit u\u0161ne slu\u0161alice (IEM), uz renomirani Piston pogon, sa smartphone kontrolama, kvalitetne metalne izrade.","robots":{"index":"index","follow":"follow","max-snippet":"max-snippet:-1","max-image-preview":"max-image-preview:large","max-video-preview":"max-video-preview:-1"},"canonical":"https:\/\/hd-multimedia.com\/sl\/trgovina\/1more-e1009-piston-fit\/","og_locale":"sl_SI","og_type":"article","og_title":"1More E1009 Piston Fit - hd-multimedia","og_description":"1More E1009 Piston Fit u\u0161ne slu\u0161alice (IEM), uz renomirani Piston pogon, sa smartphone kontrolama, kvalitetne metalne izrade.","og_url":"https:\/\/hd-multimedia.com\/sl\/trgovina\/1more-e1009-piston-fit\/","og_site_name":"hd-multimedia","article_modified_time":"2025-05-08T13:49:44+00:00","og_image":[{"width":507,"height":507,"url":"https:\/\/hd-multimedia.com\/hdm_media\/copy_1more_e1009_silver-e1567416391807.jpg","type":"image\/jpeg"}],"twitter_card":"summary_large_image","twitter_misc":{"Est. reading time":"1 minuta"},"schema":{"@context":"https:\/\/schema.org","@graph":[{"@type":"WebPage","@id":"https:\/\/hd-multimedia.com\/trgovina\/1more-e1009-piston-fit\/","url":"https:\/\/hd-multimedia.com\/trgovina\/1more-e1009-piston-fit\/","name":"1More E1009 Piston Fit - hd-multimedia","isPartOf":{"@id":"https:\/\/hd-multimedia.com\/#website"},"datePublished":"2019-08-21T09:48:05+00:00","dateModified":"2025-05-08T13:49:44+00:00","description":"1More E1009 Piston Fit u\u0161ne slu\u0161alice (IEM), uz renomirani Piston pogon, sa smartphone kontrolama, kvalitetne metalne izrade.","breadcrumb":{"@id":"https:\/\/hd-multimedia.com\/trgovina\/1more-e1009-piston-fit\/#breadcrumb"},"inLanguage":"sl-SI","potentialAction":[{"@type":"ReadAction","target":["https:\/\/hd-multimedia.com\/trgovina\/1more-e1009-piston-fit\/"]}]},{"@type":"BreadcrumbList","@id":"https:\/\/hd-multimedia.com\/trgovina\/1more-e1009-piston-fit\/#breadcrumb","itemListElement":[{"@type":"ListItem","position":1,"name":"Po\u010detna stranica","item":"https:\/\/hd-multimedia.com\/"},{"@type":"ListItem","position":2,"name":"Trgovina","item":"https:\/\/hd-multimedia.com\/trgovina\/"},{"@type":"ListItem","position":3,"name":"1More E1009 Piston Fit"}]},{"@type":"WebSite","@id":"https:\/\/hd-multimedia.com\/#website","url":"https:\/\/hd-multimedia.com\/","name":"hd-multimedia","description":"","publisher":{"@id":"https:\/\/hd-multimedia.com\/#organization"},"potentialAction":[{"@type":"SearchAction","target":{"@type":"EntryPoint","urlTemplate":"https:\/\/hd-multimedia.com\/?s={search_term_string}"},"query-input":"required name=search_term_string"}],"inLanguage":"sl-SI"},{"@type":"Organization","@id":"https:\/\/hd-multimedia.com\/#organization","name":"hd-multimedia","url":"https:\/\/hd-multimedia.com\/","logo":{"@type":"ImageObject","inLanguage":"sl-SI","@id":"https:\/\/hd-multimedia.com\/#\/schema\/logo\/image\/","url":"https:\/\/hd-multimedia.com\/hdm_media\/HD-curves-ok-196-56px-alpha-1.png","contentUrl":"https:\/\/hd-multimedia.com\/hdm_media\/HD-curves-ok-196-56px-alpha-1.png","width":196,"height":53,"caption":"hd-multimedia"},"image":{"@id":"https:\/\/hd-multimedia.com\/#\/schema\/logo\/image\/"}}]}},"post_mailing_queue_ids":[],"_links":{"self":[{"href":"https:\/\/hd-multimedia.com\/sl\/wp-json\/wp\/v2\/product\/262","targetHints":{"allow":["GET"]}}],"collection":[{"href":"https:\/\/hd-multimedia.com\/sl\/wp-json\/wp\/v2\/product"}],"about":[{"href":"https:\/\/hd-multimedia.com\/sl\/wp-json\/wp\/v2\/types\/product"}],"version-history":[{"count":5,"href":"https:\/\/hd-multimedia.com\/sl\/wp-json\/wp\/v2\/product\/262\/revisions"}],"predecessor-version":[{"id":13083,"href":"https:\/\/hd-multimedia.com\/sl\/wp-json\/wp\/v2\/product\/262\/revisions\/13083"}],"wp:featuredmedia":[{"embeddable":true,"href":"https:\/\/hd-multimedia.com\/sl\/wp-json\/wp\/v2\/media\/1182"}],"wp:attachment":[{"href":"https:\/\/hd-multimedia.com\/sl\/wp-json\/wp\/v2\/media?parent=262"}],"curies":[{"name":"wp","href":"https:\/\/api.w.org\/{rel}","templated":true}]}}