{"id":2618,"date":"2020-01-21T09:54:12","date_gmt":"2020-01-21T09:54:12","guid":{"rendered":"https:\/\/hd-multimedia.com\/trgovina\/fiio-fh1s-iem\/"},"modified":"2025-02-19T08:37:30","modified_gmt":"2025-02-19T08:37:30","slug":"fiio-fh1s-dual-hybrid-usne-slusalice","status":"publish","type":"product","link":"https:\/\/hd-multimedia.com\/sl\/trgovina\/fiio-fh1s-dual-hybrid-usne-slusalice\/","title":{"rendered":"FiiO FH1s"},"content":{"rendered":"<p>Zahvaljujo\u010d visoki ob\u010dutljivosti jih je mogo\u010de povezati s pametnimi telefoni, tablicami in drugimi vsakodnevnimi napravami, z impedanco 26 ohmov in ob\u010dutljivostjo 106 dB. Vklju\u010dujejo kabel po meri s 120 prameni monokristalnega Litza visoke \u010distosti, izoliran in pleten, z 2-polnimi in 0,78 mm pozla\u010denimi konektorji za bolj\u0161o zdru\u017eljivost in vzdr\u017eljivost, ki zagotavlja vrhunski prenos zvoka. Dodatki vklju\u010dujejo 3 pare silikonskih vlo\u017ekov za izbolj\u0161anje nizkih tonov, 3 za srednjetonce, 1 par penastih u\u0161esnih blazinic, kabel Litz in torbico FiiO HB1.<\/p>","protected":false},"excerpt":{"rendered":"<p>Slu\u0161alke FiiO FH1S imajo ve\u010dji in izbolj\u0161an dinami\u010dni gonilnik v kombinaciji z gonilnikom Knowles BA, ki zagotavlja globoke in razkrivajo\u010de nizke tone, jasne srednje in visoke tone ter gibljive vokale. Gonilnik 33518BA izbolj\u0161a raz\u0161iritev visokih tonov in zmanj\u0161a resonanco, kar ustvarja realisti\u010den ob\u010dutek glasbe, medtem ko dinami\u010dni gonilnik 13,6 mm zagotavlja mo\u010dan in hiter bas. Ergonomsko oblikovane slu\u0161alke se prilagajajo obliki \u010dlove\u0161kega u\u0161esa in zagotavljajo izjemno udobje tudi pri dolgotrajni uporabi. Z edinstveno uporabo ve\u010dplastnega celuloida, tako na sprednji plo\u0161\u010di kot znotraj slu\u0161alk, ima vsak par FH1S edinstven videz.<\/p>\n<p>Zadnji kos iz okna. (odprto)<\/p>","protected":false},"featured_media":5965,"template":"","meta":{"site-sidebar-layout":"default","site-content-layout":"default","ast-site-content-layout":"default","site-content-style":"default","site-sidebar-style":"default","ast-global-header-display":"","ast-banner-title-visibility":"","ast-main-header-display":"","ast-hfb-above-header-display":"","ast-hfb-below-header-display":"","ast-hfb-mobile-header-display":"","site-post-title":"","ast-breadcrumbs-content":"","ast-featured-img":"","footer-sml-layout":"","theme-transparent-header-meta":"default","adv-header-id-meta":"","stick-header-meta":"default","header-above-stick-meta":"","header-main-stick-meta":"","header-below-stick-meta":"","astra-migrate-meta-layouts":"set","ast-page-background-enabled":"default","ast-page-background-meta":{"desktop":{"background-color":"","background-image":"","background-repeat":"repeat","background-position":"center center","background-size":"auto","background-attachment":"scroll","background-type":"","background-media":"","overlay-type":"","overlay-color":"","overlay-opacity":"","overlay-gradient":""},"tablet":{"background-color":"","background-image":"","background-repeat":"repeat","background-position":"center center","background-size":"auto","background-attachment":"scroll","background-type":"","background-media":"","overlay-type":"","overlay-color":"","overlay-opacity":"","overlay-gradient":""},"mobile":{"background-color":"","background-image":"","background-repeat":"repeat","background-position":"center center","background-size":"auto","background-attachment":"scroll","background-type":"","background-media":"","overlay-type":"","overlay-color":"","overlay-opacity":"","overlay-gradient":""}},"ast-content-background-meta":{"desktop":{"background-color":"var(--ast-global-color-5)","background-image":"","background-repeat":"repeat","background-position":"center center","background-size":"auto","background-attachment":"scroll","background-type":"","background-media":"","overlay-type":"","overlay-color":"","overlay-opacity":"","overlay-gradient":""},"tablet":{"background-color":"var(--ast-global-color-5)","background-image":"","background-repeat":"repeat","background-position":"center center","background-size":"auto","background-attachment":"scroll","background-type":"","background-media":"","overlay-type":"","overlay-color":"","overlay-opacity":"","overlay-gradient":""},"mobile":{"background-color":"var(--ast-global-color-5)","background-image":"","background-repeat":"repeat","background-position":"center center","background-size":"auto","background-attachment":"scroll","background-type":"","background-media":"","overlay-type":"","overlay-color":"","overlay-opacity":"","overlay-gradient":""}}},"class_list":["post-2618","product","type-product","status-publish","has-post-thumbnail","hentry","product_cat-usne-slusalice-iem","product_cat-fiio","desktop-align-center","tablet-align-center","mobile-align-center","ast-product-gallery-layout-horizontal","ast-magnify-disabled","ast-product-tabs-layout-horizontal"],"yoast_head":"<!-- This site is optimized with the Yoast SEO plugin v21.4 - https:\/\/yoast.com\/wordpress\/plugins\/seo\/ -->\n<title>FiiO FH1s - hd-multimedia<\/title>\n<meta name=\"description\" content=\"FiiO FH1S Dual Hybrid - U\u0161ne slu\u0161alice, 1BA (Knowles) + 1Dynamic hybird earphone, black\" \/>\n<meta name=\"robots\" content=\"index, follow, max-snippet:-1, max-image-preview:large, max-video-preview:-1\" \/>\n<link rel=\"canonical\" href=\"https:\/\/hd-multimedia.com\/sl\/trgovina\/fiio-fh1s-dual-hybrid-usne-slusalice\/\" \/>\n<meta property=\"og:locale\" content=\"sl_SI\" \/>\n<meta property=\"og:type\" content=\"article\" \/>\n<meta property=\"og:title\" content=\"FiiO FH1s - hd-multimedia\" \/>\n<meta property=\"og:description\" content=\"FiiO FH1S Dual Hybrid - U\u0161ne slu\u0161alice, 1BA (Knowles) + 1Dynamic hybird earphone, black\" \/>\n<meta property=\"og:url\" content=\"https:\/\/hd-multimedia.com\/sl\/trgovina\/fiio-fh1s-dual-hybrid-usne-slusalice\/\" \/>\n<meta property=\"og:site_name\" content=\"hd-multimedia\" \/>\n<meta property=\"article:modified_time\" content=\"2025-02-19T08:37:30+00:00\" \/>\n<meta property=\"og:image\" content=\"https:\/\/hd-multimedia.com\/hdm_media\/FH1S_2463575-e1618829481584.jpg\" \/>\n\t<meta property=\"og:image:width\" content=\"699\" \/>\n\t<meta property=\"og:image:height\" content=\"699\" \/>\n\t<meta property=\"og:image:type\" content=\"image\/jpeg\" \/>\n<meta name=\"twitter:card\" content=\"summary_large_image\" \/>\n<meta name=\"twitter:label1\" content=\"Est. reading time\" \/>\n\t<meta name=\"twitter:data1\" content=\"1 minuta\" \/>\n<script type=\"application\/ld+json\" class=\"yoast-schema-graph\">{\"@context\":\"https:\/\/schema.org\",\"@graph\":[{\"@type\":\"WebPage\",\"@id\":\"https:\/\/hd-multimedia.com\/trgovina\/fiio-fh1s-dual-hybrid-usne-slusalice\/\",\"url\":\"https:\/\/hd-multimedia.com\/trgovina\/fiio-fh1s-dual-hybrid-usne-slusalice\/\",\"name\":\"FiiO FH1s - hd-multimedia\",\"isPartOf\":{\"@id\":\"https:\/\/hd-multimedia.com\/#website\"},\"datePublished\":\"2020-01-21T09:54:12+00:00\",\"dateModified\":\"2025-02-19T08:37:30+00:00\",\"description\":\"FiiO FH1S Dual Hybrid - U\u0161ne slu\u0161alice, 1BA (Knowles) + 1Dynamic hybird earphone, black\",\"breadcrumb\":{\"@id\":\"https:\/\/hd-multimedia.com\/trgovina\/fiio-fh1s-dual-hybrid-usne-slusalice\/#breadcrumb\"},\"inLanguage\":\"sl-SI\",\"potentialAction\":[{\"@type\":\"ReadAction\",\"target\":[\"https:\/\/hd-multimedia.com\/trgovina\/fiio-fh1s-dual-hybrid-usne-slusalice\/\"]}]},{\"@type\":\"BreadcrumbList\",\"@id\":\"https:\/\/hd-multimedia.com\/trgovina\/fiio-fh1s-dual-hybrid-usne-slusalice\/#breadcrumb\",\"itemListElement\":[{\"@type\":\"ListItem\",\"position\":1,\"name\":\"Po\u010detna stranica\",\"item\":\"https:\/\/hd-multimedia.com\/\"},{\"@type\":\"ListItem\",\"position\":2,\"name\":\"Trgovina\",\"item\":\"https:\/\/hd-multimedia.com\/trgovina\/\"},{\"@type\":\"ListItem\",\"position\":3,\"name\":\"FiiO FH1s\"}]},{\"@type\":\"WebSite\",\"@id\":\"https:\/\/hd-multimedia.com\/#website\",\"url\":\"https:\/\/hd-multimedia.com\/\",\"name\":\"hd-multimedia\",\"description\":\"\",\"publisher\":{\"@id\":\"https:\/\/hd-multimedia.com\/#organization\"},\"potentialAction\":[{\"@type\":\"SearchAction\",\"target\":{\"@type\":\"EntryPoint\",\"urlTemplate\":\"https:\/\/hd-multimedia.com\/?s={search_term_string}\"},\"query-input\":\"required name=search_term_string\"}],\"inLanguage\":\"sl-SI\"},{\"@type\":\"Organization\",\"@id\":\"https:\/\/hd-multimedia.com\/#organization\",\"name\":\"hd-multimedia\",\"url\":\"https:\/\/hd-multimedia.com\/\",\"logo\":{\"@type\":\"ImageObject\",\"inLanguage\":\"sl-SI\",\"@id\":\"https:\/\/hd-multimedia.com\/#\/schema\/logo\/image\/\",\"url\":\"https:\/\/hd-multimedia.com\/hdm_media\/HD-curves-ok-196-56px-alpha-1.png\",\"contentUrl\":\"https:\/\/hd-multimedia.com\/hdm_media\/HD-curves-ok-196-56px-alpha-1.png\",\"width\":196,\"height\":53,\"caption\":\"hd-multimedia\"},\"image\":{\"@id\":\"https:\/\/hd-multimedia.com\/#\/schema\/logo\/image\/\"}}]}<\/script>\n<!-- \/ Yoast SEO plugin. -->","yoast_head_json":{"title":"FiiO FH1s - hd-multimedia","description":"FiiO FH1S Dual Hybrid - U\u0161ne slu\u0161alice, 1BA (Knowles) + 1Dynamic hybird earphone, black","robots":{"index":"index","follow":"follow","max-snippet":"max-snippet:-1","max-image-preview":"max-image-preview:large","max-video-preview":"max-video-preview:-1"},"canonical":"https:\/\/hd-multimedia.com\/sl\/trgovina\/fiio-fh1s-dual-hybrid-usne-slusalice\/","og_locale":"sl_SI","og_type":"article","og_title":"FiiO FH1s - hd-multimedia","og_description":"FiiO FH1S Dual Hybrid - U\u0161ne slu\u0161alice, 1BA (Knowles) + 1Dynamic hybird earphone, black","og_url":"https:\/\/hd-multimedia.com\/sl\/trgovina\/fiio-fh1s-dual-hybrid-usne-slusalice\/","og_site_name":"hd-multimedia","article_modified_time":"2025-02-19T08:37:30+00:00","og_image":[{"width":699,"height":699,"url":"https:\/\/hd-multimedia.com\/hdm_media\/FH1S_2463575-e1618829481584.jpg","type":"image\/jpeg"}],"twitter_card":"summary_large_image","twitter_misc":{"Est. reading time":"1 minuta"},"schema":{"@context":"https:\/\/schema.org","@graph":[{"@type":"WebPage","@id":"https:\/\/hd-multimedia.com\/trgovina\/fiio-fh1s-dual-hybrid-usne-slusalice\/","url":"https:\/\/hd-multimedia.com\/trgovina\/fiio-fh1s-dual-hybrid-usne-slusalice\/","name":"FiiO FH1s - hd-multimedia","isPartOf":{"@id":"https:\/\/hd-multimedia.com\/#website"},"datePublished":"2020-01-21T09:54:12+00:00","dateModified":"2025-02-19T08:37:30+00:00","description":"FiiO FH1S Dual Hybrid - U\u0161ne slu\u0161alice, 1BA (Knowles) + 1Dynamic hybird earphone, black","breadcrumb":{"@id":"https:\/\/hd-multimedia.com\/trgovina\/fiio-fh1s-dual-hybrid-usne-slusalice\/#breadcrumb"},"inLanguage":"sl-SI","potentialAction":[{"@type":"ReadAction","target":["https:\/\/hd-multimedia.com\/trgovina\/fiio-fh1s-dual-hybrid-usne-slusalice\/"]}]},{"@type":"BreadcrumbList","@id":"https:\/\/hd-multimedia.com\/trgovina\/fiio-fh1s-dual-hybrid-usne-slusalice\/#breadcrumb","itemListElement":[{"@type":"ListItem","position":1,"name":"Po\u010detna stranica","item":"https:\/\/hd-multimedia.com\/"},{"@type":"ListItem","position":2,"name":"Trgovina","item":"https:\/\/hd-multimedia.com\/trgovina\/"},{"@type":"ListItem","position":3,"name":"FiiO FH1s"}]},{"@type":"WebSite","@id":"https:\/\/hd-multimedia.com\/#website","url":"https:\/\/hd-multimedia.com\/","name":"hd-multimedia","description":"","publisher":{"@id":"https:\/\/hd-multimedia.com\/#organization"},"potentialAction":[{"@type":"SearchAction","target":{"@type":"EntryPoint","urlTemplate":"https:\/\/hd-multimedia.com\/?s={search_term_string}"},"query-input":"required name=search_term_string"}],"inLanguage":"sl-SI"},{"@type":"Organization","@id":"https:\/\/hd-multimedia.com\/#organization","name":"hd-multimedia","url":"https:\/\/hd-multimedia.com\/","logo":{"@type":"ImageObject","inLanguage":"sl-SI","@id":"https:\/\/hd-multimedia.com\/#\/schema\/logo\/image\/","url":"https:\/\/hd-multimedia.com\/hdm_media\/HD-curves-ok-196-56px-alpha-1.png","contentUrl":"https:\/\/hd-multimedia.com\/hdm_media\/HD-curves-ok-196-56px-alpha-1.png","width":196,"height":53,"caption":"hd-multimedia"},"image":{"@id":"https:\/\/hd-multimedia.com\/#\/schema\/logo\/image\/"}}]}},"post_mailing_queue_ids":[],"_links":{"self":[{"href":"https:\/\/hd-multimedia.com\/sl\/wp-json\/wp\/v2\/product\/2618","targetHints":{"allow":["GET"]}}],"collection":[{"href":"https:\/\/hd-multimedia.com\/sl\/wp-json\/wp\/v2\/product"}],"about":[{"href":"https:\/\/hd-multimedia.com\/sl\/wp-json\/wp\/v2\/types\/product"}],"version-history":[{"count":4,"href":"https:\/\/hd-multimedia.com\/sl\/wp-json\/wp\/v2\/product\/2618\/revisions"}],"predecessor-version":[{"id":17906,"href":"https:\/\/hd-multimedia.com\/sl\/wp-json\/wp\/v2\/product\/2618\/revisions\/17906"}],"wp:featuredmedia":[{"embeddable":true,"href":"https:\/\/hd-multimedia.com\/sl\/wp-json\/wp\/v2\/media\/5965"}],"wp:attachment":[{"href":"https:\/\/hd-multimedia.com\/sl\/wp-json\/wp\/v2\/media?parent=2618"}],"curies":[{"name":"wp","href":"https:\/\/api.w.org\/{rel}","templated":true}]}}