{"id":240,"date":"2019-08-21T09:48:00","date_gmt":"2019-08-21T09:48:00","guid":{"rendered":"https:\/\/hd-multimedia.com\/?product=edifier-airpulse-a100"},"modified":"2025-12-08T09:38:22","modified_gmt":"2025-12-08T09:38:22","slug":"airpulse-a100","status":"publish","type":"product","link":"https:\/\/hd-multimedia.com\/sl\/trgovina\/airpulse-a100\/","title":{"rendered":"Airpulse A100"},"content":{"rendered":"<p>Airpulse A100 \u2013 visokokakovostni aktivni HiFi zvo\u010dniki z visoko lo\u010dljivostjo \u2013 dizajn Phil Jones (oblikovalec AE1). Skupna mo\u010d vgrajenega oja\u010devalnika 100W. 110 mm nizkotonec\/srednjetonec, trakasti visokotonec. Analogni vhodi. Enostranski AUX (RCA). Digitalni vhodi: SPDIF<\/p>\n<p>Lastnosti Airpulse A100:<\/p>\n<ul>\n<li>Elektronske kretnice in dinami\u010dni nadzor na osnovi DSP<\/li>\n<li>Aktivni HiFi zvo\u010dniki Hires Audio<\/li>\n<li>Lastni\u0161ki visokotonec z aluminijastim trakom in hupo<\/li>\n<li>5\u2033 lito ogrodje s podobe\u0161eno zvo\u010dno tuljavo z membrano iz trdega anodiziranega aluminija<\/li>\n<li>Visoko u\u010dinkovit digitalni oja\u010devalnik mo\u010di razreda D<\/li>\n<li>XMOS procesor in avdio priklju\u010dek USB<\/li>\n<li>Vsestranski z ve\u010d vhodi in brez\u017ei\u010dno povezavo Bluetooth<\/li>\n<li>Prilo\u017een izhodni vmesnik za globokotonec<\/li>\n<li>Na voljo v klavirskem laku v beli, rde\u010di ali \u010drni barvi<\/li>\n<li>Mere in te\u017ea: 160 x 283 x 255 mm, (\u0160xVxG), 11 kg<\/li>\n<\/ul>","protected":false},"excerpt":{"rendered":"<p>Vstopite v svet Phila Jonesa in izkusite njegovo zapu\u0161\u010dino z aktivnimi zvo\u010dniki Airpulse A100. Phil je po vsem svetu znan po svojem briljantnem dizajnu in in\u017eenirstvu zvo\u010dnikov. Je ustanovitelj podjetja Acoustic Energy in oblikovalec zvo\u010dnika AE1. Njegove \u017eivljenjske izku\u0161nje so vidne v zvoku in kakovosti izdelave Airpulse A100.<\/p>\n<p>Airpulse A100 so aktivni zvo\u010dniki s 5-pal\u010dnim nizkotoncem. Popolna kombinacija tehnologije obdelave digitalnega zvoka visoke lo\u010dljivosti in estetike ustvarja avdio sistem visoke lo\u010dljivosti z vrhunsko kakovostjo zvoka in vizualno privla\u010dnostjo.<\/p>\n<p><a href=\"https:\/\/edifier-online.com\/us\/en\/speakers\/a100\" target=\"_blank\" rel=\"noopener\">Povezava za dodatne informacije o specifikacijah!<\/a><\/p>","protected":false},"featured_media":1053,"template":"","meta":{"site-sidebar-layout":"default","site-content-layout":"default","ast-site-content-layout":"default","site-content-style":"default","site-sidebar-style":"default","ast-global-header-display":"","ast-banner-title-visibility":"","ast-main-header-display":"","ast-hfb-above-header-display":"","ast-hfb-below-header-display":"","ast-hfb-mobile-header-display":"","site-post-title":"","ast-breadcrumbs-content":"","ast-featured-img":"","footer-sml-layout":"","theme-transparent-header-meta":"default","adv-header-id-meta":"","stick-header-meta":"default","header-above-stick-meta":"","header-main-stick-meta":"","header-below-stick-meta":"","astra-migrate-meta-layouts":"set","ast-page-background-enabled":"default","ast-page-background-meta":{"desktop":{"background-color":"","background-image":"","background-repeat":"repeat","background-position":"center center","background-size":"auto","background-attachment":"scroll","background-type":"","background-media":"","overlay-type":"","overlay-color":"","overlay-opacity":"","overlay-gradient":""},"tablet":{"background-color":"","background-image":"","background-repeat":"repeat","background-position":"center center","background-size":"auto","background-attachment":"scroll","background-type":"","background-media":"","overlay-type":"","overlay-color":"","overlay-opacity":"","overlay-gradient":""},"mobile":{"background-color":"","background-image":"","background-repeat":"repeat","background-position":"center center","background-size":"auto","background-attachment":"scroll","background-type":"","background-media":"","overlay-type":"","overlay-color":"","overlay-opacity":"","overlay-gradient":""}},"ast-content-background-meta":{"desktop":{"background-color":"var(--ast-global-color-5)","background-image":"","background-repeat":"repeat","background-position":"center center","background-size":"auto","background-attachment":"scroll","background-type":"","background-media":"","overlay-type":"","overlay-color":"","overlay-opacity":"","overlay-gradient":""},"tablet":{"background-color":"var(--ast-global-color-5)","background-image":"","background-repeat":"repeat","background-position":"center center","background-size":"auto","background-attachment":"scroll","background-type":"","background-media":"","overlay-type":"","overlay-color":"","overlay-opacity":"","overlay-gradient":""},"mobile":{"background-color":"var(--ast-global-color-5)","background-image":"","background-repeat":"repeat","background-position":"center center","background-size":"auto","background-attachment":"scroll","background-type":"","background-media":"","overlay-type":"","overlay-color":"","overlay-opacity":"","overlay-gradient":""}}},"class_list":["post-240","product","type-product","status-publish","has-post-thumbnail","hentry","product_cat-aktivne-zvucne-kutije","product_cat-airpulse","desktop-align-center","tablet-align-center","mobile-align-center","ast-product-gallery-layout-horizontal","ast-magnify-disabled","ast-product-single-variable","ast-product-tabs-layout-horizontal"],"yoast_head":"<!-- This site is optimized with the Yoast SEO plugin v21.4 - https:\/\/yoast.com\/wordpress\/plugins\/seo\/ -->\n<title>Airpulse A100 - hd-multimedia<\/title>\n<meta name=\"description\" content=\"Airpulse A100 su aktivni zvu\u010dnici za 5 inchnim wooferom. Savr\u0161ena kombinacija Hi-Res tehnologije digitalne audio obrade i estetike.\" \/>\n<meta name=\"robots\" content=\"index, follow, max-snippet:-1, max-image-preview:large, max-video-preview:-1\" \/>\n<link rel=\"canonical\" href=\"https:\/\/hd-multimedia.com\/sl\/trgovina\/airpulse-a100\/\" \/>\n<meta property=\"og:locale\" content=\"sl_SI\" \/>\n<meta property=\"og:type\" content=\"article\" \/>\n<meta property=\"og:title\" content=\"Airpulse A100 - hd-multimedia\" \/>\n<meta property=\"og:description\" content=\"Airpulse A100 su aktivni zvu\u010dnici za 5 inchnim wooferom. Savr\u0161ena kombinacija Hi-Res tehnologije digitalne audio obrade i estetike.\" \/>\n<meta property=\"og:url\" content=\"https:\/\/hd-multimedia.com\/sl\/trgovina\/airpulse-a100\/\" \/>\n<meta property=\"og:site_name\" content=\"hd-multimedia\" \/>\n<meta property=\"article:modified_time\" content=\"2025-12-08T09:38:22+00:00\" \/>\n<meta property=\"og:image\" content=\"https:\/\/hd-multimedia.com\/hdm_media\/81Ignt7CUBL._SL1500_-e1567166793283.jpg\" \/>\n\t<meta property=\"og:image:width\" content=\"1076\" \/>\n\t<meta property=\"og:image:height\" content=\"1076\" \/>\n\t<meta property=\"og:image:type\" content=\"image\/jpeg\" \/>\n<meta name=\"twitter:card\" content=\"summary_large_image\" \/>\n<meta name=\"twitter:label1\" content=\"Est. reading time\" \/>\n\t<meta name=\"twitter:data1\" content=\"1 minuta\" \/>\n<script type=\"application\/ld+json\" class=\"yoast-schema-graph\">{\"@context\":\"https:\/\/schema.org\",\"@graph\":[{\"@type\":\"WebPage\",\"@id\":\"https:\/\/hd-multimedia.com\/trgovina\/airpulse-a100\/\",\"url\":\"https:\/\/hd-multimedia.com\/trgovina\/airpulse-a100\/\",\"name\":\"Airpulse A100 - hd-multimedia\",\"isPartOf\":{\"@id\":\"https:\/\/hd-multimedia.com\/#website\"},\"datePublished\":\"2019-08-21T09:48:00+00:00\",\"dateModified\":\"2025-12-08T09:38:22+00:00\",\"description\":\"Airpulse A100 su aktivni zvu\u010dnici za 5 inchnim wooferom. Savr\u0161ena kombinacija Hi-Res tehnologije digitalne audio obrade i estetike.\",\"breadcrumb\":{\"@id\":\"https:\/\/hd-multimedia.com\/trgovina\/airpulse-a100\/#breadcrumb\"},\"inLanguage\":\"sl-SI\",\"potentialAction\":[{\"@type\":\"ReadAction\",\"target\":[\"https:\/\/hd-multimedia.com\/trgovina\/airpulse-a100\/\"]}]},{\"@type\":\"BreadcrumbList\",\"@id\":\"https:\/\/hd-multimedia.com\/trgovina\/airpulse-a100\/#breadcrumb\",\"itemListElement\":[{\"@type\":\"ListItem\",\"position\":1,\"name\":\"Po\u010detna stranica\",\"item\":\"https:\/\/hd-multimedia.com\/\"},{\"@type\":\"ListItem\",\"position\":2,\"name\":\"Trgovina\",\"item\":\"https:\/\/hd-multimedia.com\/trgovina\/\"},{\"@type\":\"ListItem\",\"position\":3,\"name\":\"Airpulse A100\"}]},{\"@type\":\"WebSite\",\"@id\":\"https:\/\/hd-multimedia.com\/#website\",\"url\":\"https:\/\/hd-multimedia.com\/\",\"name\":\"hd-multimedia\",\"description\":\"\",\"publisher\":{\"@id\":\"https:\/\/hd-multimedia.com\/#organization\"},\"potentialAction\":[{\"@type\":\"SearchAction\",\"target\":{\"@type\":\"EntryPoint\",\"urlTemplate\":\"https:\/\/hd-multimedia.com\/?s={search_term_string}\"},\"query-input\":\"required name=search_term_string\"}],\"inLanguage\":\"sl-SI\"},{\"@type\":\"Organization\",\"@id\":\"https:\/\/hd-multimedia.com\/#organization\",\"name\":\"hd-multimedia\",\"url\":\"https:\/\/hd-multimedia.com\/\",\"logo\":{\"@type\":\"ImageObject\",\"inLanguage\":\"sl-SI\",\"@id\":\"https:\/\/hd-multimedia.com\/#\/schema\/logo\/image\/\",\"url\":\"https:\/\/hd-multimedia.com\/hdm_media\/HD-curves-ok-196-56px-alpha-1.png\",\"contentUrl\":\"https:\/\/hd-multimedia.com\/hdm_media\/HD-curves-ok-196-56px-alpha-1.png\",\"width\":196,\"height\":53,\"caption\":\"hd-multimedia\"},\"image\":{\"@id\":\"https:\/\/hd-multimedia.com\/#\/schema\/logo\/image\/\"}}]}<\/script>\n<!-- \/ Yoast SEO plugin. -->","yoast_head_json":{"title":"Airpulse A100 - hd-multimedia","description":"Airpulse A100 su aktivni zvu\u010dnici za 5 inchnim wooferom. Savr\u0161ena kombinacija Hi-Res tehnologije digitalne audio obrade i estetike.","robots":{"index":"index","follow":"follow","max-snippet":"max-snippet:-1","max-image-preview":"max-image-preview:large","max-video-preview":"max-video-preview:-1"},"canonical":"https:\/\/hd-multimedia.com\/sl\/trgovina\/airpulse-a100\/","og_locale":"sl_SI","og_type":"article","og_title":"Airpulse A100 - hd-multimedia","og_description":"Airpulse A100 su aktivni zvu\u010dnici za 5 inchnim wooferom. Savr\u0161ena kombinacija Hi-Res tehnologije digitalne audio obrade i estetike.","og_url":"https:\/\/hd-multimedia.com\/sl\/trgovina\/airpulse-a100\/","og_site_name":"hd-multimedia","article_modified_time":"2025-12-08T09:38:22+00:00","og_image":[{"width":1076,"height":1076,"url":"https:\/\/hd-multimedia.com\/hdm_media\/81Ignt7CUBL._SL1500_-e1567166793283.jpg","type":"image\/jpeg"}],"twitter_card":"summary_large_image","twitter_misc":{"Est. reading time":"1 minuta"},"schema":{"@context":"https:\/\/schema.org","@graph":[{"@type":"WebPage","@id":"https:\/\/hd-multimedia.com\/trgovina\/airpulse-a100\/","url":"https:\/\/hd-multimedia.com\/trgovina\/airpulse-a100\/","name":"Airpulse A100 - hd-multimedia","isPartOf":{"@id":"https:\/\/hd-multimedia.com\/#website"},"datePublished":"2019-08-21T09:48:00+00:00","dateModified":"2025-12-08T09:38:22+00:00","description":"Airpulse A100 su aktivni zvu\u010dnici za 5 inchnim wooferom. Savr\u0161ena kombinacija Hi-Res tehnologije digitalne audio obrade i estetike.","breadcrumb":{"@id":"https:\/\/hd-multimedia.com\/trgovina\/airpulse-a100\/#breadcrumb"},"inLanguage":"sl-SI","potentialAction":[{"@type":"ReadAction","target":["https:\/\/hd-multimedia.com\/trgovina\/airpulse-a100\/"]}]},{"@type":"BreadcrumbList","@id":"https:\/\/hd-multimedia.com\/trgovina\/airpulse-a100\/#breadcrumb","itemListElement":[{"@type":"ListItem","position":1,"name":"Po\u010detna stranica","item":"https:\/\/hd-multimedia.com\/"},{"@type":"ListItem","position":2,"name":"Trgovina","item":"https:\/\/hd-multimedia.com\/trgovina\/"},{"@type":"ListItem","position":3,"name":"Airpulse A100"}]},{"@type":"WebSite","@id":"https:\/\/hd-multimedia.com\/#website","url":"https:\/\/hd-multimedia.com\/","name":"hd-multimedia","description":"","publisher":{"@id":"https:\/\/hd-multimedia.com\/#organization"},"potentialAction":[{"@type":"SearchAction","target":{"@type":"EntryPoint","urlTemplate":"https:\/\/hd-multimedia.com\/?s={search_term_string}"},"query-input":"required name=search_term_string"}],"inLanguage":"sl-SI"},{"@type":"Organization","@id":"https:\/\/hd-multimedia.com\/#organization","name":"hd-multimedia","url":"https:\/\/hd-multimedia.com\/","logo":{"@type":"ImageObject","inLanguage":"sl-SI","@id":"https:\/\/hd-multimedia.com\/#\/schema\/logo\/image\/","url":"https:\/\/hd-multimedia.com\/hdm_media\/HD-curves-ok-196-56px-alpha-1.png","contentUrl":"https:\/\/hd-multimedia.com\/hdm_media\/HD-curves-ok-196-56px-alpha-1.png","width":196,"height":53,"caption":"hd-multimedia"},"image":{"@id":"https:\/\/hd-multimedia.com\/#\/schema\/logo\/image\/"}}]}},"post_mailing_queue_ids":[],"_links":{"self":[{"href":"https:\/\/hd-multimedia.com\/sl\/wp-json\/wp\/v2\/product\/240","targetHints":{"allow":["GET"]}}],"collection":[{"href":"https:\/\/hd-multimedia.com\/sl\/wp-json\/wp\/v2\/product"}],"about":[{"href":"https:\/\/hd-multimedia.com\/sl\/wp-json\/wp\/v2\/types\/product"}],"version-history":[{"count":7,"href":"https:\/\/hd-multimedia.com\/sl\/wp-json\/wp\/v2\/product\/240\/revisions"}],"predecessor-version":[{"id":17709,"href":"https:\/\/hd-multimedia.com\/sl\/wp-json\/wp\/v2\/product\/240\/revisions\/17709"}],"wp:featuredmedia":[{"embeddable":true,"href":"https:\/\/hd-multimedia.com\/sl\/wp-json\/wp\/v2\/media\/1053"}],"wp:attachment":[{"href":"https:\/\/hd-multimedia.com\/sl\/wp-json\/wp\/v2\/media?parent=240"}],"curies":[{"name":"wp","href":"https:\/\/api.w.org\/{rel}","templated":true}]}}