{"id":2387,"date":"2019-11-25T11:12:13","date_gmt":"2019-11-25T11:12:13","guid":{"rendered":"https:\/\/hd-multimedia.com\/trgovina\/edifier-p17\/"},"modified":"2026-04-09T15:21:14","modified_gmt":"2026-04-09T15:21:14","slug":"edifier-p17-male-pasivne-zvucne-kutije","status":"publish","type":"product","link":"https:\/\/hd-multimedia.com\/sl\/trgovina\/edifier-p17-male-pasivne-zvucne-kutije\/","title":{"rendered":"Edifier P17"},"content":{"rendered":"<p>Pasivni zvo\u010dniki za knji\u017ene police<\/p>\n<p>Zasnovan za uporabo kot sprednji glavni ali prostorski zvo\u010dnik (potreben je sprejemnik ali oja\u010devalnik)<\/p>\n<p>\u00be-pal\u010dni (19 mm) visokotonec s svileno kupolo zagotavlja natan\u010den visokofrekven\u010dni odziv<\/p>\n<p>4-pal\u010dna (116 mm) membrana Nomex zagotavlja optimalen prehodni odziv<\/p>\n<p>Pogonske enote \u2013 4\u2033 \/ 116 mm (nizkotonec) + \u03c619 mm svilena folija (visokotonec)<\/p>\n<p>Frekven\u010dni odziv \u2013 50Hz \u2013 20kHz<\/p>\n<p>Dimenzije \u2013 (\u0160 x V x G) 128 mm x 238 mm x 168 mm<\/p>\n<p>Neto te\u017ea \u2013 6 kg<\/p>\n<p><a href=\"https:\/\/www.edifier.com\/global\/p\/bookshelf-speakers\/p17\" target=\"_blank\" rel=\"noopener\">Ostale informacije najdete na tej povezavi.<\/a><\/p>","protected":false},"excerpt":{"rendered":"<p>Zvo\u010dniki Edifier P17 zlahka dose\u017eejo bogate in gladke nizkofrekven\u010dne zvoke. Vgrajeni visokotonski in nizkotonski gonilniki so dobro zasnovani za razli\u010dne vrste glasbenih virov. Ne glede na to, ali so na va\u0161i mizi ali knji\u017eni polici, se pasivni zvo\u010dniki zlahka prilegajo kot okrasni dodatek va\u0161i sobi. Poleg tega stenski nosilec v vsakem zvo\u010dniku nudi ob\u010dutek doma\u010dega kina. Za uporabo teh zvo\u010dnikov je potreben oja\u010devalnik, kot je Topping MX5.<\/p>\n<p><a href=\"https:\/\/hd-multimedia.com\/sl\/trgovina\/komplet-hifi-sustav-mx5p17\/\" target=\"_blank\" rel=\"noopener\">Te \u0161katle se najbolje podajo k Topping MX5<\/a><\/p>\n<p>&nbsp;<\/p>","protected":false},"featured_media":2392,"template":"","meta":{"site-sidebar-layout":"default","site-content-layout":"default","ast-site-content-layout":"default","site-content-style":"default","site-sidebar-style":"default","ast-global-header-display":"","ast-banner-title-visibility":"","ast-main-header-display":"","ast-hfb-above-header-display":"","ast-hfb-below-header-display":"","ast-hfb-mobile-header-display":"","site-post-title":"","ast-breadcrumbs-content":"","ast-featured-img":"","footer-sml-layout":"","theme-transparent-header-meta":"default","adv-header-id-meta":"","stick-header-meta":"default","header-above-stick-meta":"","header-main-stick-meta":"","header-below-stick-meta":"","astra-migrate-meta-layouts":"set","ast-page-background-enabled":"default","ast-page-background-meta":{"desktop":{"background-color":"","background-image":"","background-repeat":"repeat","background-position":"center center","background-size":"auto","background-attachment":"scroll","background-type":"","background-media":"","overlay-type":"","overlay-color":"","overlay-opacity":"","overlay-gradient":""},"tablet":{"background-color":"","background-image":"","background-repeat":"repeat","background-position":"center center","background-size":"auto","background-attachment":"scroll","background-type":"","background-media":"","overlay-type":"","overlay-color":"","overlay-opacity":"","overlay-gradient":""},"mobile":{"background-color":"","background-image":"","background-repeat":"repeat","background-position":"center center","background-size":"auto","background-attachment":"scroll","background-type":"","background-media":"","overlay-type":"","overlay-color":"","overlay-opacity":"","overlay-gradient":""}},"ast-content-background-meta":{"desktop":{"background-color":"var(--ast-global-color-5)","background-image":"","background-repeat":"repeat","background-position":"center center","background-size":"auto","background-attachment":"scroll","background-type":"","background-media":"","overlay-type":"","overlay-color":"","overlay-opacity":"","overlay-gradient":""},"tablet":{"background-color":"var(--ast-global-color-5)","background-image":"","background-repeat":"repeat","background-position":"center center","background-size":"auto","background-attachment":"scroll","background-type":"","background-media":"","overlay-type":"","overlay-color":"","overlay-opacity":"","overlay-gradient":""},"mobile":{"background-color":"var(--ast-global-color-5)","background-image":"","background-repeat":"repeat","background-position":"center center","background-size":"auto","background-attachment":"scroll","background-type":"","background-media":"","overlay-type":"","overlay-color":"","overlay-opacity":"","overlay-gradient":""}}},"class_list":["post-2387","product","type-product","status-publish","has-post-thumbnail","hentry","product_cat-pasivne-zvucne-kutije","product_cat-edifier","desktop-align-center","tablet-align-center","mobile-align-center","ast-product-gallery-layout-horizontal","ast-magnify-disabled","ast-product-tabs-layout-horizontal"],"yoast_head":"<!-- This site is optimized with the Yoast SEO plugin v21.4 - https:\/\/yoast.com\/wordpress\/plugins\/seo\/ -->\n<title>Edifier P17 - hd-multimedia<\/title>\n<meta name=\"description\" content=\"Male pasivne zvu\u010dne kutije, studijske kvalitete, lagane za pogon. Sastavie kompletan hifi sustav koriste\u0107i Topping MX3 koji uklju\u010duje poja\u010dalo!\" \/>\n<meta name=\"robots\" content=\"index, follow, max-snippet:-1, max-image-preview:large, max-video-preview:-1\" \/>\n<link rel=\"canonical\" href=\"https:\/\/hd-multimedia.com\/sl\/trgovina\/edifier-p17-male-pasivne-zvucne-kutije\/\" \/>\n<meta property=\"og:locale\" content=\"sl_SI\" \/>\n<meta property=\"og:type\" content=\"article\" \/>\n<meta property=\"og:title\" content=\"Edifier P17 - hd-multimedia\" \/>\n<meta property=\"og:description\" content=\"Male pasivne zvu\u010dne kutije, studijske kvalitete, lagane za pogon. Sastavie kompletan hifi sustav koriste\u0107i Topping MX3 koji uklju\u010duje poja\u010dalo!\" \/>\n<meta property=\"og:url\" content=\"https:\/\/hd-multimedia.com\/sl\/trgovina\/edifier-p17-male-pasivne-zvucne-kutije\/\" \/>\n<meta property=\"og:site_name\" content=\"hd-multimedia\" \/>\n<meta property=\"article:modified_time\" content=\"2026-04-09T15:21:14+00:00\" \/>\n<meta property=\"og:image\" content=\"https:\/\/hd-multimedia.com\/hdm_media\/p17-double_b1vlsgh4m-e1574948347651.png\" \/>\n\t<meta property=\"og:image:width\" content=\"900\" \/>\n\t<meta property=\"og:image:height\" content=\"900\" \/>\n\t<meta property=\"og:image:type\" content=\"image\/png\" \/>\n<meta name=\"twitter:card\" content=\"summary_large_image\" \/>\n<meta name=\"twitter:label1\" content=\"Est. reading time\" \/>\n\t<meta name=\"twitter:data1\" content=\"1 minuta\" \/>\n<script type=\"application\/ld+json\" class=\"yoast-schema-graph\">{\"@context\":\"https:\/\/schema.org\",\"@graph\":[{\"@type\":\"WebPage\",\"@id\":\"https:\/\/hd-multimedia.com\/trgovina\/edifier-p17-male-pasivne-zvucne-kutije\/\",\"url\":\"https:\/\/hd-multimedia.com\/trgovina\/edifier-p17-male-pasivne-zvucne-kutije\/\",\"name\":\"Edifier P17 - hd-multimedia\",\"isPartOf\":{\"@id\":\"https:\/\/hd-multimedia.com\/#website\"},\"datePublished\":\"2019-11-25T11:12:13+00:00\",\"dateModified\":\"2026-04-09T15:21:14+00:00\",\"description\":\"Male pasivne zvu\u010dne kutije, studijske kvalitete, lagane za pogon. Sastavie kompletan hifi sustav koriste\u0107i Topping MX3 koji uklju\u010duje poja\u010dalo!\",\"breadcrumb\":{\"@id\":\"https:\/\/hd-multimedia.com\/trgovina\/edifier-p17-male-pasivne-zvucne-kutije\/#breadcrumb\"},\"inLanguage\":\"sl-SI\",\"potentialAction\":[{\"@type\":\"ReadAction\",\"target\":[\"https:\/\/hd-multimedia.com\/trgovina\/edifier-p17-male-pasivne-zvucne-kutije\/\"]}]},{\"@type\":\"BreadcrumbList\",\"@id\":\"https:\/\/hd-multimedia.com\/trgovina\/edifier-p17-male-pasivne-zvucne-kutije\/#breadcrumb\",\"itemListElement\":[{\"@type\":\"ListItem\",\"position\":1,\"name\":\"Po\u010detna stranica\",\"item\":\"https:\/\/hd-multimedia.com\/\"},{\"@type\":\"ListItem\",\"position\":2,\"name\":\"Trgovina\",\"item\":\"https:\/\/hd-multimedia.com\/trgovina\/\"},{\"@type\":\"ListItem\",\"position\":3,\"name\":\"Edifier P17\"}]},{\"@type\":\"WebSite\",\"@id\":\"https:\/\/hd-multimedia.com\/#website\",\"url\":\"https:\/\/hd-multimedia.com\/\",\"name\":\"hd-multimedia\",\"description\":\"\",\"publisher\":{\"@id\":\"https:\/\/hd-multimedia.com\/#organization\"},\"potentialAction\":[{\"@type\":\"SearchAction\",\"target\":{\"@type\":\"EntryPoint\",\"urlTemplate\":\"https:\/\/hd-multimedia.com\/?s={search_term_string}\"},\"query-input\":\"required name=search_term_string\"}],\"inLanguage\":\"sl-SI\"},{\"@type\":\"Organization\",\"@id\":\"https:\/\/hd-multimedia.com\/#organization\",\"name\":\"hd-multimedia\",\"url\":\"https:\/\/hd-multimedia.com\/\",\"logo\":{\"@type\":\"ImageObject\",\"inLanguage\":\"sl-SI\",\"@id\":\"https:\/\/hd-multimedia.com\/#\/schema\/logo\/image\/\",\"url\":\"https:\/\/hd-multimedia.com\/hdm_media\/HD-curves-ok-196-56px-alpha-1.png\",\"contentUrl\":\"https:\/\/hd-multimedia.com\/hdm_media\/HD-curves-ok-196-56px-alpha-1.png\",\"width\":196,\"height\":53,\"caption\":\"hd-multimedia\"},\"image\":{\"@id\":\"https:\/\/hd-multimedia.com\/#\/schema\/logo\/image\/\"}}]}<\/script>\n<!-- \/ Yoast SEO plugin. -->","yoast_head_json":{"title":"Edifier P17 - hd-multimedia","description":"Male pasivne zvu\u010dne kutije, studijske kvalitete, lagane za pogon. Sastavie kompletan hifi sustav koriste\u0107i Topping MX3 koji uklju\u010duje poja\u010dalo!","robots":{"index":"index","follow":"follow","max-snippet":"max-snippet:-1","max-image-preview":"max-image-preview:large","max-video-preview":"max-video-preview:-1"},"canonical":"https:\/\/hd-multimedia.com\/sl\/trgovina\/edifier-p17-male-pasivne-zvucne-kutije\/","og_locale":"sl_SI","og_type":"article","og_title":"Edifier P17 - hd-multimedia","og_description":"Male pasivne zvu\u010dne kutije, studijske kvalitete, lagane za pogon. Sastavie kompletan hifi sustav koriste\u0107i Topping MX3 koji uklju\u010duje poja\u010dalo!","og_url":"https:\/\/hd-multimedia.com\/sl\/trgovina\/edifier-p17-male-pasivne-zvucne-kutije\/","og_site_name":"hd-multimedia","article_modified_time":"2026-04-09T15:21:14+00:00","og_image":[{"width":900,"height":900,"url":"https:\/\/hd-multimedia.com\/hdm_media\/p17-double_b1vlsgh4m-e1574948347651.png","type":"image\/png"}],"twitter_card":"summary_large_image","twitter_misc":{"Est. reading time":"1 minuta"},"schema":{"@context":"https:\/\/schema.org","@graph":[{"@type":"WebPage","@id":"https:\/\/hd-multimedia.com\/trgovina\/edifier-p17-male-pasivne-zvucne-kutije\/","url":"https:\/\/hd-multimedia.com\/trgovina\/edifier-p17-male-pasivne-zvucne-kutije\/","name":"Edifier P17 - hd-multimedia","isPartOf":{"@id":"https:\/\/hd-multimedia.com\/#website"},"datePublished":"2019-11-25T11:12:13+00:00","dateModified":"2026-04-09T15:21:14+00:00","description":"Male pasivne zvu\u010dne kutije, studijske kvalitete, lagane za pogon. Sastavie kompletan hifi sustav koriste\u0107i Topping MX3 koji uklju\u010duje poja\u010dalo!","breadcrumb":{"@id":"https:\/\/hd-multimedia.com\/trgovina\/edifier-p17-male-pasivne-zvucne-kutije\/#breadcrumb"},"inLanguage":"sl-SI","potentialAction":[{"@type":"ReadAction","target":["https:\/\/hd-multimedia.com\/trgovina\/edifier-p17-male-pasivne-zvucne-kutije\/"]}]},{"@type":"BreadcrumbList","@id":"https:\/\/hd-multimedia.com\/trgovina\/edifier-p17-male-pasivne-zvucne-kutije\/#breadcrumb","itemListElement":[{"@type":"ListItem","position":1,"name":"Po\u010detna stranica","item":"https:\/\/hd-multimedia.com\/"},{"@type":"ListItem","position":2,"name":"Trgovina","item":"https:\/\/hd-multimedia.com\/trgovina\/"},{"@type":"ListItem","position":3,"name":"Edifier P17"}]},{"@type":"WebSite","@id":"https:\/\/hd-multimedia.com\/#website","url":"https:\/\/hd-multimedia.com\/","name":"hd-multimedia","description":"","publisher":{"@id":"https:\/\/hd-multimedia.com\/#organization"},"potentialAction":[{"@type":"SearchAction","target":{"@type":"EntryPoint","urlTemplate":"https:\/\/hd-multimedia.com\/?s={search_term_string}"},"query-input":"required name=search_term_string"}],"inLanguage":"sl-SI"},{"@type":"Organization","@id":"https:\/\/hd-multimedia.com\/#organization","name":"hd-multimedia","url":"https:\/\/hd-multimedia.com\/","logo":{"@type":"ImageObject","inLanguage":"sl-SI","@id":"https:\/\/hd-multimedia.com\/#\/schema\/logo\/image\/","url":"https:\/\/hd-multimedia.com\/hdm_media\/HD-curves-ok-196-56px-alpha-1.png","contentUrl":"https:\/\/hd-multimedia.com\/hdm_media\/HD-curves-ok-196-56px-alpha-1.png","width":196,"height":53,"caption":"hd-multimedia"},"image":{"@id":"https:\/\/hd-multimedia.com\/#\/schema\/logo\/image\/"}}]}},"post_mailing_queue_ids":[],"_links":{"self":[{"href":"https:\/\/hd-multimedia.com\/sl\/wp-json\/wp\/v2\/product\/2387","targetHints":{"allow":["GET"]}}],"collection":[{"href":"https:\/\/hd-multimedia.com\/sl\/wp-json\/wp\/v2\/product"}],"about":[{"href":"https:\/\/hd-multimedia.com\/sl\/wp-json\/wp\/v2\/types\/product"}],"version-history":[{"count":8,"href":"https:\/\/hd-multimedia.com\/sl\/wp-json\/wp\/v2\/product\/2387\/revisions"}],"predecessor-version":[{"id":17276,"href":"https:\/\/hd-multimedia.com\/sl\/wp-json\/wp\/v2\/product\/2387\/revisions\/17276"}],"wp:featuredmedia":[{"embeddable":true,"href":"https:\/\/hd-multimedia.com\/sl\/wp-json\/wp\/v2\/media\/2392"}],"wp:attachment":[{"href":"https:\/\/hd-multimedia.com\/sl\/wp-json\/wp\/v2\/media?parent=2387"}],"curies":[{"name":"wp","href":"https:\/\/api.w.org\/{rel}","templated":true}]}}